{"id":23190,"date":"2025-02-01T15:34:53","date_gmt":"2025-02-01T12:34:53","guid":{"rendered":"https:\/\/www.facecorner.lv\/?post_type=product&#038;p=23190"},"modified":"2026-02-25T13:14:44","modified_gmt":"2026-02-25T10:14:44","slug":"dzili-attirosas-putas-poru-sasaurinasanai-medicube-zero-foam-cleanser-120g","status":"publish","type":"product","link":"https:\/\/www.facecorner.lv\/lv\/shop\/dzili-attirosas-putas-poru-sasaurinasanai-medicube-zero-foam-cleanser-120g\/","title":{"rendered":"Dzi\u013ci att\u012bro\u0161as putas poru sa\u0161aurin\u0101\u0161anai Medicube Zero Foam Cleanser 120g"},"content":{"rendered":"<p>Medicube Zero Foam Cleanser r\u016bp\u012bgi no\u0146em kosm\u0113tikas atliekas, keratiniz\u0113t\u0101s \u0161\u016bnas un putek\u013cus no \u0101das virsmas, nesausina un nesasprindzina \u0101du, kompleksi uzlabo t\u0101s st\u0101vokli.<\/p>\n<p>Put\u0101m piem\u012bt sebumu regul\u0113jo\u0161a un \u017e\u0101v\u0113jo\u0161a iedarb\u012bba, t\u0101s nov\u0113r\u0161 taukainu sp\u012bdumu, t\u0101m piem\u012bt pretiekaisuma un nomierino\u0161a iedarb\u012bba, pal\u012bdz nov\u0113rst izsitumus un iekaisuma procesus.<\/p>\n<p>Putas satur augu virsmakt\u012bv\u0101s vielas no cidoniju, melisu un apels\u012bnu ekstraktiem, kam piem\u012bt maiga iedarb\u012bba, dzi\u013ci att\u012brot poras. PollushieldTM komplekss absorb\u0113 sebumu un citus net\u012brumus, pies\u0101tina \u0101du ar mikroelementiem.<\/p>\n<p>L\u012bdzeklis veido bag\u0101t\u012bgas putas, kuru burbul\u012b\u0161i sp\u0113j iek\u013c\u016bt dzi\u013ci por\u0101s, no\u0146emt visus net\u012brumus, efekt\u012bvi att\u012bra poras un iz\u0161\u0137\u012bdina tauku kor\u0137us.<\/p>\n<p><strong>Lieto\u0161\u0101na:<\/strong> Izspiediet nedaudz putu uz mitr\u0101m rok\u0101m, saputojiet un viegli iemas\u0113jiet uz mitras sejas. Noskalojiet ar siltu \u016bdeni.<\/p>\n<p><strong>S\u0101stavs:<\/strong> Water, Glycerin, Myristic Acid, Sorbitol, Palmitic Acid, Potassium Hydroxide, Stearic Acid, Lauric Acid, Cetearyl Olivate, Potassium Cocoyl Glycinate, Parfum(Fragrance), Sodium Cocoyl Isethionate, Sorbitan Olivate, Potassium Cocoate, Coconut Acid, Butylene Glycol, Sodium Isethionate, Sodium Polyacrylate, Portulaca Oleracea Extract, Gaultheria Procumbens (Wintergreen) Leaf Extract, Disodium EDTA, Camellia Japonica Flower Extract, Propanediol, Diisopropyl Adipate, Lecithin, 1,2-Hexanediol, Saponaria Officinalis Leaf Extract, Acrylic Acid\/Acrylamidomethyl Propane Sulfonic Acid Copolymer, Dimethylmethoxy Chromanol, Glyceryl Caprylate, Citric Acid, Potassium Sorbate, Sodium Benzoate, Xanthan Gum, Chaenomeles Sinensis Fruit Extract, Citrus Aurantium Dulcis (Orange) Flower Extract, Melissa Officinalis Extract<\/p>\n","protected":false},"excerpt":{"rendered":"<p>Medicube Zero Foam Cleanser r\u016bp\u012bgi no\u0146em kosm\u0113tikas atliekas, keratiniz\u0113t\u0101s \u0161\u016bnas un putek\u013cus no \u0101das virsmas, nesausina un nesasprindzina \u0101du, kompleksi uzlabo t\u0101s st\u0101vokli.<\/p>\n","protected":false},"featured_media":23191,"comment_status":"open","ping_status":"closed","template":"","meta":{"site-sidebar-layout":"default","site-content-layout":"","ast-site-content-layout":"default","site-content-style":"default","site-sidebar-style":"default","ast-global-header-display":"","ast-banner-title-visibility":"","ast-main-header-display":"","ast-hfb-above-header-display":"","ast-hfb-below-header-display":"","ast-hfb-mobile-header-display":"","site-post-title":"","ast-breadcrumbs-content":"","ast-featured-img":"","footer-sml-layout":"","theme-transparent-header-meta":"default","adv-header-id-meta":"","stick-header-meta":"","header-above-stick-meta":"","header-main-stick-meta":"","header-below-stick-meta":"","astra-migrate-meta-layouts":"set","ast-page-background-enabled":"default","ast-page-background-meta":{"desktop":{"background-color":"var(--ast-global-color-4)","background-image":"","background-repeat":"repeat","background-position":"center center","background-size":"auto","background-attachment":"scroll","background-type":"","background-media":"","overlay-type":"","overlay-color":"","overlay-opacity":"","overlay-gradient":""},"tablet":{"background-color":"","background-image":"","background-repeat":"repeat","background-position":"center center","background-size":"auto","background-attachment":"scroll","background-type":"","background-media":"","overlay-type":"","overlay-color":"","overlay-opacity":"","overlay-gradient":""},"mobile":{"background-color":"","background-image":"","background-repeat":"repeat","background-position":"center center","background-size":"auto","background-attachment":"scroll","background-type":"","background-media":"","overlay-type":"","overlay-color":"","overlay-opacity":"","overlay-gradient":""}},"ast-content-background-meta":{"desktop":{"background-color":"var(--ast-global-color-5)","background-image":"","background-repeat":"repeat","background-position":"center center","background-size":"auto","background-attachment":"scroll","background-type":"","background-media":"","overlay-type":"","overlay-color":"","overlay-opacity":"","overlay-gradient":""},"tablet":{"background-color":"var(--ast-global-color-5)","background-image":"","background-repeat":"repeat","background-position":"center center","background-size":"auto","background-attachment":"scroll","background-type":"","background-media":"","overlay-type":"","overlay-color":"","overlay-opacity":"","overlay-gradient":""},"mobile":{"background-color":"var(--ast-global-color-5)","background-image":"","background-repeat":"repeat","background-position":"center center","background-size":"auto","background-attachment":"scroll","background-type":"","background-media":"","overlay-type":"","overlay-color":"","overlay-opacity":"","overlay-gradient":""}}},"product_brand":[],"product_cat":[310,312,313,314],"product_tag":[],"berocket_brand":[579],"class_list":{"0":"post-23190","1":"product","2":"type-product","3":"status-publish","4":"has-post-thumbnail","6":"product_cat-attirisana","7":"product_cat-kombinetai-adai-attirisana","8":"product_cat-problematiskai-adai-attirisana","9":"product_cat-taukainai-adai-attirisana","10":"berocket_brand-medicube","11":"desktop-align-left","12":"tablet-align-left","13":"mobile-align-left","15":"first","16":"outofstock","17":"taxable","18":"shipping-taxable","19":"purchasable","20":"product-type-simple","21":"add-to-wishlist-before_image"},"yoast_head":"<!-- This site is optimized with the Yoast SEO plugin v27.3 - https:\/\/yoast.com\/product\/yoast-seo-wordpress\/ -->\n<title>Dzi\u013ci att\u012bro\u0161as putas poru sa\u0161aurin\u0101\u0161anai Medicube Zero Foam Cleanser 120g - FACECORNER<\/title>\n<meta name=\"description\" content=\"Medicube Zero Foam Cleanser r\u016bp\u012bgi no\u0146em kosm\u0113tikas atliekas, keratiniz\u0113t\u0101s \u0161\u016bnas un putek\u013cus no \u0101das virsmas, nesausina un nesasprindzina \u0101du\" \/>\n<meta name=\"robots\" content=\"index, follow, max-snippet:-1, max-image-preview:large, max-video-preview:-1\" \/>\n<link rel=\"canonical\" href=\"https:\/\/www.facecorner.lv\/lv\/shop\/dzili-attirosas-putas-poru-sasaurinasanai-medicube-zero-foam-cleanser-120g\/\" \/>\n<meta property=\"og:locale\" content=\"lv_LV\" \/>\n<meta property=\"og:type\" content=\"article\" \/>\n<meta property=\"og:title\" content=\"Dzi\u013ci att\u012bro\u0161as putas poru sa\u0161aurin\u0101\u0161anai Medicube Zero Foam Cleanser 120g - FACECORNER\" \/>\n<meta property=\"og:description\" content=\"Medicube Zero Foam Cleanser r\u016bp\u012bgi no\u0146em kosm\u0113tikas atliekas, keratiniz\u0113t\u0101s \u0161\u016bnas un putek\u013cus no \u0101das virsmas, nesausina un nesasprindzina \u0101du\" \/>\n<meta property=\"og:url\" content=\"https:\/\/www.facecorner.lv\/lv\/shop\/dzili-attirosas-putas-poru-sasaurinasanai-medicube-zero-foam-cleanser-120g\/\" \/>\n<meta property=\"og:site_name\" content=\"FACECORNER\" \/>\n<meta property=\"article:publisher\" content=\"https:\/\/www.facebook.com\/profile.php?id=100063824551839\" \/>\n<meta property=\"article:modified_time\" content=\"2026-02-25T10:14:44+00:00\" \/>\n<meta property=\"og:image\" content=\"https:\/\/www.facecorner.lv\/wp-content\/uploads\/2025\/02\/8809517411376-1.jpg.webp\" \/>\n\t<meta property=\"og:image:width\" content=\"1500\" \/>\n\t<meta property=\"og:image:height\" content=\"1500\" \/>\n\t<meta property=\"og:image:type\" content=\"image\/webp\" \/>\n<meta name=\"twitter:card\" content=\"summary_large_image\" \/>\n<meta name=\"twitter:label1\" content=\"Price\" \/>\n\t<meta name=\"twitter:data1\" content=\"&euro;18.90\" \/>\n\t<meta name=\"twitter:label2\" content=\"Availability\" \/>\n\t<meta name=\"twitter:data2\" content=\"Out of stock\" \/>\n<script type=\"application\/ld+json\" class=\"yoast-schema-graph\">{\"@context\":\"https:\\\/\\\/schema.org\",\"@graph\":[{\"@type\":\"WebPage\",\"@id\":\"https:\\\/\\\/www.facecorner.lv\\\/shop\\\/dzili-attirosas-putas-poru-sasaurinasanai-medicube-zero-foam-cleanser-120g\\\/\",\"url\":\"https:\\\/\\\/www.facecorner.lv\\\/shop\\\/dzili-attirosas-putas-poru-sasaurinasanai-medicube-zero-foam-cleanser-120g\\\/\",\"name\":\"Dzi\u013ci att\u012bro\u0161as putas poru sa\u0161aurin\u0101\u0161anai Medicube Zero Foam Cleanser 120g - FACECORNER\",\"isPartOf\":{\"@id\":\"https:\\\/\\\/www.facecorner.lv\\\/#website\"},\"primaryImageOfPage\":{\"@id\":\"https:\\\/\\\/www.facecorner.lv\\\/shop\\\/dzili-attirosas-putas-poru-sasaurinasanai-medicube-zero-foam-cleanser-120g\\\/#primaryimage\"},\"image\":{\"@id\":\"https:\\\/\\\/www.facecorner.lv\\\/shop\\\/dzili-attirosas-putas-poru-sasaurinasanai-medicube-zero-foam-cleanser-120g\\\/#primaryimage\"},\"thumbnailUrl\":\"https:\\\/\\\/www.facecorner.lv\\\/wp-content\\\/uploads\\\/2025\\\/02\\\/8809517411376-1.jpg.webp\",\"datePublished\":\"2025-02-01T12:34:53+00:00\",\"dateModified\":\"2026-02-25T10:14:44+00:00\",\"description\":\"Medicube Zero Foam Cleanser r\u016bp\u012bgi no\u0146em kosm\u0113tikas atliekas, keratiniz\u0113t\u0101s \u0161\u016bnas un putek\u013cus no \u0101das virsmas, nesausina un nesasprindzina \u0101du\",\"breadcrumb\":{\"@id\":\"https:\\\/\\\/www.facecorner.lv\\\/shop\\\/dzili-attirosas-putas-poru-sasaurinasanai-medicube-zero-foam-cleanser-120g\\\/#breadcrumb\"},\"inLanguage\":\"lv-LV\",\"potentialAction\":[{\"@type\":\"ReadAction\",\"target\":[\"https:\\\/\\\/www.facecorner.lv\\\/shop\\\/dzili-attirosas-putas-poru-sasaurinasanai-medicube-zero-foam-cleanser-120g\\\/\"]}]},{\"@type\":\"ImageObject\",\"inLanguage\":\"lv-LV\",\"@id\":\"https:\\\/\\\/www.facecorner.lv\\\/shop\\\/dzili-attirosas-putas-poru-sasaurinasanai-medicube-zero-foam-cleanser-120g\\\/#primaryimage\",\"url\":\"https:\\\/\\\/www.facecorner.lv\\\/wp-content\\\/uploads\\\/2025\\\/02\\\/8809517411376-1.jpg.webp\",\"contentUrl\":\"https:\\\/\\\/www.facecorner.lv\\\/wp-content\\\/uploads\\\/2025\\\/02\\\/8809517411376-1.jpg.webp\",\"width\":1500,\"height\":1500,\"caption\":\"Medicube Zero Foam Cleanser\"},{\"@type\":\"BreadcrumbList\",\"@id\":\"https:\\\/\\\/www.facecorner.lv\\\/shop\\\/dzili-attirosas-putas-poru-sasaurinasanai-medicube-zero-foam-cleanser-120g\\\/#breadcrumb\",\"itemListElement\":[{\"@type\":\"ListItem\",\"position\":1,\"name\":\"Home\",\"item\":\"https:\\\/\\\/www.facecorner.lv\\\/\"},{\"@type\":\"ListItem\",\"position\":2,\"name\":\"Veikals\",\"item\":\"https:\\\/\\\/www.facecorner.lv\\\/shop\\\/\"},{\"@type\":\"ListItem\",\"position\":3,\"name\":\"Dzi\u013ci att\u012bro\u0161as putas poru sa\u0161aurin\u0101\u0161anai Medicube Zero Foam Cleanser 120g\"}]},{\"@type\":\"WebSite\",\"@id\":\"https:\\\/\\\/www.facecorner.lv\\\/#website\",\"url\":\"https:\\\/\\\/www.facecorner.lv\\\/\",\"name\":\"Facecorner\",\"description\":\"\",\"publisher\":{\"@id\":\"https:\\\/\\\/www.facecorner.lv\\\/#organization\"},\"potentialAction\":[{\"@type\":\"SearchAction\",\"target\":{\"@type\":\"EntryPoint\",\"urlTemplate\":\"https:\\\/\\\/www.facecorner.lv\\\/?s={search_term_string}\"},\"query-input\":{\"@type\":\"PropertyValueSpecification\",\"valueRequired\":true,\"valueName\":\"search_term_string\"}}],\"inLanguage\":\"lv-LV\"},{\"@type\":\"Organization\",\"@id\":\"https:\\\/\\\/www.facecorner.lv\\\/#organization\",\"name\":\"Facecorner\",\"url\":\"https:\\\/\\\/www.facecorner.lv\\\/\",\"logo\":{\"@type\":\"ImageObject\",\"inLanguage\":\"lv-LV\",\"@id\":\"https:\\\/\\\/www.facecorner.lv\\\/#\\\/schema\\\/logo\\\/image\\\/\",\"url\":\"https:\\\/\\\/www.facecorner.lv\\\/wp-content\\\/uploads\\\/2024\\\/04\\\/fc-logo.jpg\",\"contentUrl\":\"https:\\\/\\\/www.facecorner.lv\\\/wp-content\\\/uploads\\\/2024\\\/04\\\/fc-logo.jpg\",\"width\":174,\"height\":28,\"caption\":\"Facecorner\"},\"image\":{\"@id\":\"https:\\\/\\\/www.facecorner.lv\\\/#\\\/schema\\\/logo\\\/image\\\/\"},\"sameAs\":[\"https:\\\/\\\/www.facebook.com\\\/profile.php?id=100063824551839\",\"https:\\\/\\\/www.instagram.com\\\/facecorner_shop\\\/\"]}]}<\/script>\n<meta property=\"product:price:amount\" content=\"18.90\" \/>\n<meta property=\"product:price:currency\" content=\"EUR\" \/>\n<meta property=\"og:availability\" content=\"out of stock\" \/>\n<meta property=\"product:availability\" content=\"out of stock\" \/>\n<meta property=\"product:condition\" content=\"new\" \/>\n<!-- \/ Yoast SEO plugin. -->","yoast_head_json":{"title":"Dzi\u013ci att\u012bro\u0161as putas poru sa\u0161aurin\u0101\u0161anai Medicube Zero Foam Cleanser 120g - FACECORNER","description":"Medicube Zero Foam Cleanser r\u016bp\u012bgi no\u0146em kosm\u0113tikas atliekas, keratiniz\u0113t\u0101s \u0161\u016bnas un putek\u013cus no \u0101das virsmas, nesausina un nesasprindzina \u0101du","robots":{"index":"index","follow":"follow","max-snippet":"max-snippet:-1","max-image-preview":"max-image-preview:large","max-video-preview":"max-video-preview:-1"},"canonical":"https:\/\/www.facecorner.lv\/lv\/shop\/dzili-attirosas-putas-poru-sasaurinasanai-medicube-zero-foam-cleanser-120g\/","og_locale":"lv_LV","og_type":"article","og_title":"Dzi\u013ci att\u012bro\u0161as putas poru sa\u0161aurin\u0101\u0161anai Medicube Zero Foam Cleanser 120g - FACECORNER","og_description":"Medicube Zero Foam Cleanser r\u016bp\u012bgi no\u0146em kosm\u0113tikas atliekas, keratiniz\u0113t\u0101s \u0161\u016bnas un putek\u013cus no \u0101das virsmas, nesausina un nesasprindzina \u0101du","og_url":"https:\/\/www.facecorner.lv\/lv\/shop\/dzili-attirosas-putas-poru-sasaurinasanai-medicube-zero-foam-cleanser-120g\/","og_site_name":"FACECORNER","article_publisher":"https:\/\/www.facebook.com\/profile.php?id=100063824551839","article_modified_time":"2026-02-25T10:14:44+00:00","og_image":[{"width":1500,"height":1500,"url":"https:\/\/www.facecorner.lv\/wp-content\/uploads\/2025\/02\/8809517411376-1.jpg.webp","type":"image\/webp"}],"twitter_card":"summary_large_image","twitter_misc":{"Price":"&euro;18.90","Availability":"Out of stock"},"schema":{"@context":"https:\/\/schema.org","@graph":[{"@type":"WebPage","@id":"https:\/\/www.facecorner.lv\/shop\/dzili-attirosas-putas-poru-sasaurinasanai-medicube-zero-foam-cleanser-120g\/","url":"https:\/\/www.facecorner.lv\/shop\/dzili-attirosas-putas-poru-sasaurinasanai-medicube-zero-foam-cleanser-120g\/","name":"Dzi\u013ci att\u012bro\u0161as putas poru sa\u0161aurin\u0101\u0161anai Medicube Zero Foam Cleanser 120g - FACECORNER","isPartOf":{"@id":"https:\/\/www.facecorner.lv\/#website"},"primaryImageOfPage":{"@id":"https:\/\/www.facecorner.lv\/shop\/dzili-attirosas-putas-poru-sasaurinasanai-medicube-zero-foam-cleanser-120g\/#primaryimage"},"image":{"@id":"https:\/\/www.facecorner.lv\/shop\/dzili-attirosas-putas-poru-sasaurinasanai-medicube-zero-foam-cleanser-120g\/#primaryimage"},"thumbnailUrl":"https:\/\/www.facecorner.lv\/wp-content\/uploads\/2025\/02\/8809517411376-1.jpg.webp","datePublished":"2025-02-01T12:34:53+00:00","dateModified":"2026-02-25T10:14:44+00:00","description":"Medicube Zero Foam Cleanser r\u016bp\u012bgi no\u0146em kosm\u0113tikas atliekas, keratiniz\u0113t\u0101s \u0161\u016bnas un putek\u013cus no \u0101das virsmas, nesausina un nesasprindzina \u0101du","breadcrumb":{"@id":"https:\/\/www.facecorner.lv\/shop\/dzili-attirosas-putas-poru-sasaurinasanai-medicube-zero-foam-cleanser-120g\/#breadcrumb"},"inLanguage":"lv-LV","potentialAction":[{"@type":"ReadAction","target":["https:\/\/www.facecorner.lv\/shop\/dzili-attirosas-putas-poru-sasaurinasanai-medicube-zero-foam-cleanser-120g\/"]}]},{"@type":"ImageObject","inLanguage":"lv-LV","@id":"https:\/\/www.facecorner.lv\/shop\/dzili-attirosas-putas-poru-sasaurinasanai-medicube-zero-foam-cleanser-120g\/#primaryimage","url":"https:\/\/www.facecorner.lv\/wp-content\/uploads\/2025\/02\/8809517411376-1.jpg.webp","contentUrl":"https:\/\/www.facecorner.lv\/wp-content\/uploads\/2025\/02\/8809517411376-1.jpg.webp","width":1500,"height":1500,"caption":"Medicube Zero Foam Cleanser"},{"@type":"BreadcrumbList","@id":"https:\/\/www.facecorner.lv\/shop\/dzili-attirosas-putas-poru-sasaurinasanai-medicube-zero-foam-cleanser-120g\/#breadcrumb","itemListElement":[{"@type":"ListItem","position":1,"name":"Home","item":"https:\/\/www.facecorner.lv\/"},{"@type":"ListItem","position":2,"name":"Veikals","item":"https:\/\/www.facecorner.lv\/shop\/"},{"@type":"ListItem","position":3,"name":"Dzi\u013ci att\u012bro\u0161as putas poru sa\u0161aurin\u0101\u0161anai Medicube Zero Foam Cleanser 120g"}]},{"@type":"WebSite","@id":"https:\/\/www.facecorner.lv\/#website","url":"https:\/\/www.facecorner.lv\/","name":"Facecorner","description":"","publisher":{"@id":"https:\/\/www.facecorner.lv\/#organization"},"potentialAction":[{"@type":"SearchAction","target":{"@type":"EntryPoint","urlTemplate":"https:\/\/www.facecorner.lv\/?s={search_term_string}"},"query-input":{"@type":"PropertyValueSpecification","valueRequired":true,"valueName":"search_term_string"}}],"inLanguage":"lv-LV"},{"@type":"Organization","@id":"https:\/\/www.facecorner.lv\/#organization","name":"Facecorner","url":"https:\/\/www.facecorner.lv\/","logo":{"@type":"ImageObject","inLanguage":"lv-LV","@id":"https:\/\/www.facecorner.lv\/#\/schema\/logo\/image\/","url":"https:\/\/www.facecorner.lv\/wp-content\/uploads\/2024\/04\/fc-logo.jpg","contentUrl":"https:\/\/www.facecorner.lv\/wp-content\/uploads\/2024\/04\/fc-logo.jpg","width":174,"height":28,"caption":"Facecorner"},"image":{"@id":"https:\/\/www.facecorner.lv\/#\/schema\/logo\/image\/"},"sameAs":["https:\/\/www.facebook.com\/profile.php?id=100063824551839","https:\/\/www.instagram.com\/facecorner_shop\/"]}]},"product_price_amount":"18.90","product_price_currency":"EUR","og_availability":"out of stock","product_availability":"out of stock","product_condition":"new"},"_links":{"self":[{"href":"https:\/\/www.facecorner.lv\/lv\/wp-json\/wp\/v2\/product\/23190","targetHints":{"allow":["GET"]}}],"collection":[{"href":"https:\/\/www.facecorner.lv\/lv\/wp-json\/wp\/v2\/product"}],"about":[{"href":"https:\/\/www.facecorner.lv\/lv\/wp-json\/wp\/v2\/types\/product"}],"replies":[{"embeddable":true,"href":"https:\/\/www.facecorner.lv\/lv\/wp-json\/wp\/v2\/comments?post=23190"}],"wp:featuredmedia":[{"embeddable":true,"href":"https:\/\/www.facecorner.lv\/lv\/wp-json\/wp\/v2\/media\/23191"}],"wp:attachment":[{"href":"https:\/\/www.facecorner.lv\/lv\/wp-json\/wp\/v2\/media?parent=23190"}],"wp:term":[{"taxonomy":"product_brand","embeddable":true,"href":"https:\/\/www.facecorner.lv\/lv\/wp-json\/wp\/v2\/product_brand?post=23190"},{"taxonomy":"product_cat","embeddable":true,"href":"https:\/\/www.facecorner.lv\/lv\/wp-json\/wp\/v2\/product_cat?post=23190"},{"taxonomy":"product_tag","embeddable":true,"href":"https:\/\/www.facecorner.lv\/lv\/wp-json\/wp\/v2\/product_tag?post=23190"},{"taxonomy":"berocket_brand","embeddable":true,"href":"https:\/\/www.facecorner.lv\/lv\/wp-json\/wp\/v2\/berocket_brand?post=23190"}],"curies":[{"name":"wp","href":"https:\/\/api.w.org\/{rel}","templated":true}]}}