{"id":23174,"date":"2025-01-30T16:23:28","date_gmt":"2025-01-30T13:23:28","guid":{"rendered":"https:\/\/www.facecorner.lv\/?post_type=product&#038;p=23174"},"modified":"2026-04-21T16:56:29","modified_gmt":"2026-04-21T13:56:29","slug":"medicube-deep-vita-c-daily-quick-mask-30-gab","status":"publish","type":"product","link":"https:\/\/www.facecorner.lv\/lv\/shop\/medicube-deep-vita-c-daily-quick-mask-30-gab\/","title":{"rendered":"Medicube Deep Vita C Daily Quick Mask 30 gab"},"content":{"rendered":"<p>Medicube Deep Vita C Daily Quick Mask auduma masku komplekts ar balino\u0161u efektu. Maskas ir pies\u016bcin\u0101tas ar esenci, kas satur niac\u012bnam\u012bdu un smilts\u0113rk\u0161\u0137u \u016bdeni, kas kop\u012bgi izgaismo \u0101du un izl\u012bdzina t\u0101s tonusu.<\/p>\n<p>C vitam\u012bnam askorb\u012bnsk\u0101bes veid\u0101 ir antioksidanta un pretnoveco\u0161an\u0101s iedarb\u012bba uz \u0101das \u0161\u016bn\u0101m, kas pozit\u012bvi ietekm\u0113 ar\u012b nelielus vecuma plankumus. Retinols papildus izl\u012bdzina \u0101das strukt\u016bru un stimul\u0113 \u0101das atjauno\u0161anos un re\u0123ener\u0101ciju.<\/p>\n<p>Komplekt\u0101 ir minipincete, kas atvieglo masku iz\u0146em\u0161anu no iepakojuma.<\/p>\n<p><strong>Akt\u012bv\u0101s sast\u0101vda\u013cas:<\/strong><\/p>\n<ul>\n<li>Niacinam\u012bds &#8211; antioksidants, izl\u012bdzina \u0101das tonusu,<\/li>\n<li>smilts\u0113rk\u0161\u0137u \u016bdens &#8211; izgaismo, mitrina un darbojas antioksidanti,<\/li>\n<li>C vitam\u012bns &#8211; sp\u0113c\u012bgs antioksidants, izgaismo pigmenta plankumus, padara \u0101du elast\u012bg\u0101ku,<\/li>\n<li>retinols &#8211; re\u0123ener\u0113 un atjauno \u0101du, iedarbojas pret noveco\u0161anos.<\/li>\n<\/ul>\n<p><strong>Lieto\u0161ana:<\/strong> iz\u0146emiet vienu masku no iepakojuma ar pinceti. Uzkl\u0101jiet uz att\u012br\u012btas un toniz\u0113tas sejas \u0101das, atst\u0101jiet uz 10-15 min. P\u0113c tam no\u0146emiet masku un iemas\u0113jiet atliku\u0161o esenci uz \u0101das, izvairoties no zonas ap ac\u012bm un l\u016bp\u0101m.<\/p>\n<p><strong>S\u0101stavs:<\/strong> Aqua, Dipropylene Glycol, Glycerin, Niacinamide, 1,2-Hexanediol, Hydroxyethyl Urea, Hydroxyacetophenone, Hippophae Rhamnoides Water, Polyglyceryl-10 Laurate, Polyglyceryl-4 Laurate, Xanthan Gum, Butylene Glycol, Coptis Japonica Root Extract, Panthenol, Arginine, Ethylhexylglycerin, Carbomer, Disodium EDTA, Allantoin, Glyceryl Acrylate\/Acrylic Acid Copolymer, Parfum, Menthyl Lactate, PVM\/MA Copolymer, Paeonia Suffruticosa Root Extract, Dipotassium Glycyrrhizate, Acetyl Glucosamine, Tocopherol, Ascorbic Acid, Polysorbate 20, Retinol, BHT, BHA<\/p>\n<p>&nbsp;<\/p>\n","protected":false},"excerpt":{"rendered":"<p>Medicube Deep Vita C Daily Quick Mask auduma masku komplekts ar balino\u0161u efektu. Maskas ir pies\u016bcin\u0101tas ar esenci, kas satur niac\u012bnam\u012bdu un smilts\u0113rk\u0161\u0137u \u016bdeni, kas kop\u012bgi izgaismo \u0101du un izl\u012bdzina t\u0101s tonusu.<\/p>\n","protected":false},"featured_media":23175,"comment_status":"open","ping_status":"closed","template":"","meta":{"site-sidebar-layout":"default","site-content-layout":"","ast-site-content-layout":"default","site-content-style":"default","site-sidebar-style":"default","ast-global-header-display":"","ast-banner-title-visibility":"","ast-main-header-display":"","ast-hfb-above-header-display":"","ast-hfb-below-header-display":"","ast-hfb-mobile-header-display":"","site-post-title":"","ast-breadcrumbs-content":"","ast-featured-img":"","footer-sml-layout":"","theme-transparent-header-meta":"default","adv-header-id-meta":"","stick-header-meta":"","header-above-stick-meta":"","header-main-stick-meta":"","header-below-stick-meta":"","astra-migrate-meta-layouts":"set","ast-page-background-enabled":"default","ast-page-background-meta":{"desktop":{"background-color":"var(--ast-global-color-4)","background-image":"","background-repeat":"repeat","background-position":"center center","background-size":"auto","background-attachment":"scroll","background-type":"","background-media":"","overlay-type":"","overlay-color":"","overlay-opacity":"","overlay-gradient":""},"tablet":{"background-color":"","background-image":"","background-repeat":"repeat","background-position":"center center","background-size":"auto","background-attachment":"scroll","background-type":"","background-media":"","overlay-type":"","overlay-color":"","overlay-opacity":"","overlay-gradient":""},"mobile":{"background-color":"","background-image":"","background-repeat":"repeat","background-position":"center center","background-size":"auto","background-attachment":"scroll","background-type":"","background-media":"","overlay-type":"","overlay-color":"","overlay-opacity":"","overlay-gradient":""}},"ast-content-background-meta":{"desktop":{"background-color":"var(--ast-global-color-5)","background-image":"","background-repeat":"repeat","background-position":"center center","background-size":"auto","background-attachment":"scroll","background-type":"","background-media":"","overlay-type":"","overlay-color":"","overlay-opacity":"","overlay-gradient":""},"tablet":{"background-color":"var(--ast-global-color-5)","background-image":"","background-repeat":"repeat","background-position":"center center","background-size":"auto","background-attachment":"scroll","background-type":"","background-media":"","overlay-type":"","overlay-color":"","overlay-opacity":"","overlay-gradient":""},"mobile":{"background-color":"var(--ast-global-color-5)","background-image":"","background-repeat":"repeat","background-position":"center center","background-size":"auto","background-attachment":"scroll","background-type":"","background-media":"","overlay-type":"","overlay-color":"","overlay-opacity":"","overlay-gradient":""}}},"product_brand":[],"product_cat":[324,315],"product_tag":[],"berocket_brand":[579],"class_list":{"0":"post-23174","1":"product","2":"type-product","3":"status-publish","4":"has-post-thumbnail","6":"product_cat-auduma","7":"product_cat-maskas","8":"berocket_brand-medicube","9":"desktop-align-left","10":"tablet-align-left","11":"mobile-align-left","13":"first","14":"instock","15":"featured","16":"taxable","17":"shipping-taxable","18":"purchasable","19":"product-type-simple","20":"add-to-wishlist-before_image"},"yoast_head":"<!-- This site is optimized with the Yoast SEO plugin v27.4 - https:\/\/yoast.com\/product\/yoast-seo-wordpress\/ -->\n<title>Medicube Deep Vita C Daily Quick Mask 30 gab - FACECORNER<\/title>\n<meta name=\"description\" content=\"Medicube Deep Vita C Daily Quick Mask auduma masku komplekts ar balino\u0161u efektu. Maskas ir pies\u016bcin\u0101tas ar esenci, kas satur niac\u012bnam\u012bdu.\" \/>\n<meta name=\"robots\" content=\"index, follow, max-snippet:-1, max-image-preview:large, max-video-preview:-1\" \/>\n<link rel=\"canonical\" href=\"https:\/\/www.facecorner.lv\/lv\/shop\/medicube-deep-vita-c-daily-quick-mask-30-gab\/\" \/>\n<meta property=\"og:locale\" content=\"lv_LV\" \/>\n<meta property=\"og:type\" content=\"article\" \/>\n<meta property=\"og:title\" content=\"Medicube Deep Vita C Daily Quick Mask 30 gab - FACECORNER\" \/>\n<meta property=\"og:description\" content=\"Medicube Deep Vita C Daily Quick Mask auduma masku komplekts ar balino\u0161u efektu. Maskas ir pies\u016bcin\u0101tas ar esenci, kas satur niac\u012bnam\u012bdu.\" \/>\n<meta property=\"og:url\" content=\"https:\/\/www.facecorner.lv\/lv\/shop\/medicube-deep-vita-c-daily-quick-mask-30-gab\/\" \/>\n<meta property=\"og:site_name\" content=\"FACECORNER\" \/>\n<meta property=\"article:publisher\" content=\"https:\/\/www.facebook.com\/profile.php?id=100063824551839\" \/>\n<meta property=\"article:modified_time\" content=\"2026-04-21T13:56:29+00:00\" \/>\n<meta property=\"og:image\" content=\"https:\/\/www.facecorner.lv\/wp-content\/uploads\/2025\/01\/Medicube-Deep-Vita-C-Daily-Quick-Mask-Nudie-Glow-Australia_1024x1024.webp\" \/>\n\t<meta property=\"og:image:width\" content=\"1024\" \/>\n\t<meta property=\"og:image:height\" content=\"1024\" \/>\n\t<meta property=\"og:image:type\" content=\"image\/webp\" \/>\n<meta name=\"twitter:card\" content=\"summary_large_image\" \/>\n<meta name=\"twitter:label1\" content=\"Price\" \/>\n\t<meta name=\"twitter:data1\" content=\"&euro;32.90\" \/>\n\t<meta name=\"twitter:label2\" content=\"Availability\" \/>\n\t<meta name=\"twitter:data2\" content=\"In stock\" \/>\n<script type=\"application\/ld+json\" class=\"yoast-schema-graph\">{\"@context\":\"https:\\\/\\\/schema.org\",\"@graph\":[{\"@type\":\"WebPage\",\"@id\":\"https:\\\/\\\/www.facecorner.lv\\\/shop\\\/medicube-deep-vita-c-daily-quick-mask-30-gab\\\/\",\"url\":\"https:\\\/\\\/www.facecorner.lv\\\/shop\\\/medicube-deep-vita-c-daily-quick-mask-30-gab\\\/\",\"name\":\"Medicube Deep Vita C Daily Quick Mask 30 gab - FACECORNER\",\"isPartOf\":{\"@id\":\"https:\\\/\\\/www.facecorner.lv\\\/#website\"},\"primaryImageOfPage\":{\"@id\":\"https:\\\/\\\/www.facecorner.lv\\\/shop\\\/medicube-deep-vita-c-daily-quick-mask-30-gab\\\/#primaryimage\"},\"image\":{\"@id\":\"https:\\\/\\\/www.facecorner.lv\\\/shop\\\/medicube-deep-vita-c-daily-quick-mask-30-gab\\\/#primaryimage\"},\"thumbnailUrl\":\"https:\\\/\\\/www.facecorner.lv\\\/wp-content\\\/uploads\\\/2025\\\/01\\\/Medicube-Deep-Vita-C-Daily-Quick-Mask-Nudie-Glow-Australia_1024x1024.webp\",\"datePublished\":\"2025-01-30T13:23:28+00:00\",\"dateModified\":\"2026-04-21T13:56:29+00:00\",\"description\":\"Medicube Deep Vita C Daily Quick Mask auduma masku komplekts ar balino\u0161u efektu. Maskas ir pies\u016bcin\u0101tas ar esenci, kas satur niac\u012bnam\u012bdu.\",\"breadcrumb\":{\"@id\":\"https:\\\/\\\/www.facecorner.lv\\\/shop\\\/medicube-deep-vita-c-daily-quick-mask-30-gab\\\/#breadcrumb\"},\"inLanguage\":\"lv-LV\",\"potentialAction\":[{\"@type\":\"ReadAction\",\"target\":[\"https:\\\/\\\/www.facecorner.lv\\\/shop\\\/medicube-deep-vita-c-daily-quick-mask-30-gab\\\/\"]}]},{\"@type\":\"ImageObject\",\"inLanguage\":\"lv-LV\",\"@id\":\"https:\\\/\\\/www.facecorner.lv\\\/shop\\\/medicube-deep-vita-c-daily-quick-mask-30-gab\\\/#primaryimage\",\"url\":\"https:\\\/\\\/www.facecorner.lv\\\/wp-content\\\/uploads\\\/2025\\\/01\\\/Medicube-Deep-Vita-C-Daily-Quick-Mask-Nudie-Glow-Australia_1024x1024.webp\",\"contentUrl\":\"https:\\\/\\\/www.facecorner.lv\\\/wp-content\\\/uploads\\\/2025\\\/01\\\/Medicube-Deep-Vita-C-Daily-Quick-Mask-Nudie-Glow-Australia_1024x1024.webp\",\"width\":1024,\"height\":1024,\"caption\":\"Medicube Deep Vita C Daily Quick Mask\"},{\"@type\":\"BreadcrumbList\",\"@id\":\"https:\\\/\\\/www.facecorner.lv\\\/shop\\\/medicube-deep-vita-c-daily-quick-mask-30-gab\\\/#breadcrumb\",\"itemListElement\":[{\"@type\":\"ListItem\",\"position\":1,\"name\":\"Home\",\"item\":\"https:\\\/\\\/www.facecorner.lv\\\/\"},{\"@type\":\"ListItem\",\"position\":2,\"name\":\"Veikals\",\"item\":\"https:\\\/\\\/www.facecorner.lv\\\/shop\\\/\"},{\"@type\":\"ListItem\",\"position\":3,\"name\":\"Medicube Deep Vita C Daily Quick Mask 30 gab\"}]},{\"@type\":\"WebSite\",\"@id\":\"https:\\\/\\\/www.facecorner.lv\\\/#website\",\"url\":\"https:\\\/\\\/www.facecorner.lv\\\/\",\"name\":\"Facecorner\",\"description\":\"\",\"publisher\":{\"@id\":\"https:\\\/\\\/www.facecorner.lv\\\/#organization\"},\"potentialAction\":[{\"@type\":\"SearchAction\",\"target\":{\"@type\":\"EntryPoint\",\"urlTemplate\":\"https:\\\/\\\/www.facecorner.lv\\\/?s={search_term_string}\"},\"query-input\":{\"@type\":\"PropertyValueSpecification\",\"valueRequired\":true,\"valueName\":\"search_term_string\"}}],\"inLanguage\":\"lv-LV\"},{\"@type\":\"Organization\",\"@id\":\"https:\\\/\\\/www.facecorner.lv\\\/#organization\",\"name\":\"Facecorner\",\"url\":\"https:\\\/\\\/www.facecorner.lv\\\/\",\"logo\":{\"@type\":\"ImageObject\",\"inLanguage\":\"lv-LV\",\"@id\":\"https:\\\/\\\/www.facecorner.lv\\\/#\\\/schema\\\/logo\\\/image\\\/\",\"url\":\"https:\\\/\\\/www.facecorner.lv\\\/wp-content\\\/uploads\\\/2024\\\/04\\\/fc-logo.jpg\",\"contentUrl\":\"https:\\\/\\\/www.facecorner.lv\\\/wp-content\\\/uploads\\\/2024\\\/04\\\/fc-logo.jpg\",\"width\":174,\"height\":28,\"caption\":\"Facecorner\"},\"image\":{\"@id\":\"https:\\\/\\\/www.facecorner.lv\\\/#\\\/schema\\\/logo\\\/image\\\/\"},\"sameAs\":[\"https:\\\/\\\/www.facebook.com\\\/profile.php?id=100063824551839\",\"https:\\\/\\\/www.instagram.com\\\/facecorner_shop\\\/\"]}]}<\/script>\n<meta property=\"product:price:amount\" content=\"32.90\" \/>\n<meta property=\"product:price:currency\" content=\"EUR\" \/>\n<meta property=\"og:availability\" content=\"instock\" \/>\n<meta property=\"product:availability\" content=\"instock\" \/>\n<meta property=\"product:condition\" content=\"new\" \/>\n<!-- \/ Yoast SEO plugin. -->","yoast_head_json":{"title":"Medicube Deep Vita C Daily Quick Mask 30 gab - FACECORNER","description":"Medicube Deep Vita C Daily Quick Mask auduma masku komplekts ar balino\u0161u efektu. Maskas ir pies\u016bcin\u0101tas ar esenci, kas satur niac\u012bnam\u012bdu.","robots":{"index":"index","follow":"follow","max-snippet":"max-snippet:-1","max-image-preview":"max-image-preview:large","max-video-preview":"max-video-preview:-1"},"canonical":"https:\/\/www.facecorner.lv\/lv\/shop\/medicube-deep-vita-c-daily-quick-mask-30-gab\/","og_locale":"lv_LV","og_type":"article","og_title":"Medicube Deep Vita C Daily Quick Mask 30 gab - FACECORNER","og_description":"Medicube Deep Vita C Daily Quick Mask auduma masku komplekts ar balino\u0161u efektu. Maskas ir pies\u016bcin\u0101tas ar esenci, kas satur niac\u012bnam\u012bdu.","og_url":"https:\/\/www.facecorner.lv\/lv\/shop\/medicube-deep-vita-c-daily-quick-mask-30-gab\/","og_site_name":"FACECORNER","article_publisher":"https:\/\/www.facebook.com\/profile.php?id=100063824551839","article_modified_time":"2026-04-21T13:56:29+00:00","og_image":[{"width":1024,"height":1024,"url":"https:\/\/www.facecorner.lv\/wp-content\/uploads\/2025\/01\/Medicube-Deep-Vita-C-Daily-Quick-Mask-Nudie-Glow-Australia_1024x1024.webp","type":"image\/webp"}],"twitter_card":"summary_large_image","twitter_misc":{"Price":"&euro;32.90","Availability":"In stock"},"schema":{"@context":"https:\/\/schema.org","@graph":[{"@type":"WebPage","@id":"https:\/\/www.facecorner.lv\/shop\/medicube-deep-vita-c-daily-quick-mask-30-gab\/","url":"https:\/\/www.facecorner.lv\/shop\/medicube-deep-vita-c-daily-quick-mask-30-gab\/","name":"Medicube Deep Vita C Daily Quick Mask 30 gab - FACECORNER","isPartOf":{"@id":"https:\/\/www.facecorner.lv\/#website"},"primaryImageOfPage":{"@id":"https:\/\/www.facecorner.lv\/shop\/medicube-deep-vita-c-daily-quick-mask-30-gab\/#primaryimage"},"image":{"@id":"https:\/\/www.facecorner.lv\/shop\/medicube-deep-vita-c-daily-quick-mask-30-gab\/#primaryimage"},"thumbnailUrl":"https:\/\/www.facecorner.lv\/wp-content\/uploads\/2025\/01\/Medicube-Deep-Vita-C-Daily-Quick-Mask-Nudie-Glow-Australia_1024x1024.webp","datePublished":"2025-01-30T13:23:28+00:00","dateModified":"2026-04-21T13:56:29+00:00","description":"Medicube Deep Vita C Daily Quick Mask auduma masku komplekts ar balino\u0161u efektu. Maskas ir pies\u016bcin\u0101tas ar esenci, kas satur niac\u012bnam\u012bdu.","breadcrumb":{"@id":"https:\/\/www.facecorner.lv\/shop\/medicube-deep-vita-c-daily-quick-mask-30-gab\/#breadcrumb"},"inLanguage":"lv-LV","potentialAction":[{"@type":"ReadAction","target":["https:\/\/www.facecorner.lv\/shop\/medicube-deep-vita-c-daily-quick-mask-30-gab\/"]}]},{"@type":"ImageObject","inLanguage":"lv-LV","@id":"https:\/\/www.facecorner.lv\/shop\/medicube-deep-vita-c-daily-quick-mask-30-gab\/#primaryimage","url":"https:\/\/www.facecorner.lv\/wp-content\/uploads\/2025\/01\/Medicube-Deep-Vita-C-Daily-Quick-Mask-Nudie-Glow-Australia_1024x1024.webp","contentUrl":"https:\/\/www.facecorner.lv\/wp-content\/uploads\/2025\/01\/Medicube-Deep-Vita-C-Daily-Quick-Mask-Nudie-Glow-Australia_1024x1024.webp","width":1024,"height":1024,"caption":"Medicube Deep Vita C Daily Quick Mask"},{"@type":"BreadcrumbList","@id":"https:\/\/www.facecorner.lv\/shop\/medicube-deep-vita-c-daily-quick-mask-30-gab\/#breadcrumb","itemListElement":[{"@type":"ListItem","position":1,"name":"Home","item":"https:\/\/www.facecorner.lv\/"},{"@type":"ListItem","position":2,"name":"Veikals","item":"https:\/\/www.facecorner.lv\/shop\/"},{"@type":"ListItem","position":3,"name":"Medicube Deep Vita C Daily Quick Mask 30 gab"}]},{"@type":"WebSite","@id":"https:\/\/www.facecorner.lv\/#website","url":"https:\/\/www.facecorner.lv\/","name":"Facecorner","description":"","publisher":{"@id":"https:\/\/www.facecorner.lv\/#organization"},"potentialAction":[{"@type":"SearchAction","target":{"@type":"EntryPoint","urlTemplate":"https:\/\/www.facecorner.lv\/?s={search_term_string}"},"query-input":{"@type":"PropertyValueSpecification","valueRequired":true,"valueName":"search_term_string"}}],"inLanguage":"lv-LV"},{"@type":"Organization","@id":"https:\/\/www.facecorner.lv\/#organization","name":"Facecorner","url":"https:\/\/www.facecorner.lv\/","logo":{"@type":"ImageObject","inLanguage":"lv-LV","@id":"https:\/\/www.facecorner.lv\/#\/schema\/logo\/image\/","url":"https:\/\/www.facecorner.lv\/wp-content\/uploads\/2024\/04\/fc-logo.jpg","contentUrl":"https:\/\/www.facecorner.lv\/wp-content\/uploads\/2024\/04\/fc-logo.jpg","width":174,"height":28,"caption":"Facecorner"},"image":{"@id":"https:\/\/www.facecorner.lv\/#\/schema\/logo\/image\/"},"sameAs":["https:\/\/www.facebook.com\/profile.php?id=100063824551839","https:\/\/www.instagram.com\/facecorner_shop\/"]}]},"product_price_amount":"32.90","product_price_currency":"EUR","og_availability":"instock","product_availability":"instock","product_condition":"new"},"_links":{"self":[{"href":"https:\/\/www.facecorner.lv\/lv\/wp-json\/wp\/v2\/product\/23174","targetHints":{"allow":["GET"]}}],"collection":[{"href":"https:\/\/www.facecorner.lv\/lv\/wp-json\/wp\/v2\/product"}],"about":[{"href":"https:\/\/www.facecorner.lv\/lv\/wp-json\/wp\/v2\/types\/product"}],"replies":[{"embeddable":true,"href":"https:\/\/www.facecorner.lv\/lv\/wp-json\/wp\/v2\/comments?post=23174"}],"wp:featuredmedia":[{"embeddable":true,"href":"https:\/\/www.facecorner.lv\/lv\/wp-json\/wp\/v2\/media\/23175"}],"wp:attachment":[{"href":"https:\/\/www.facecorner.lv\/lv\/wp-json\/wp\/v2\/media?parent=23174"}],"wp:term":[{"taxonomy":"product_brand","embeddable":true,"href":"https:\/\/www.facecorner.lv\/lv\/wp-json\/wp\/v2\/product_brand?post=23174"},{"taxonomy":"product_cat","embeddable":true,"href":"https:\/\/www.facecorner.lv\/lv\/wp-json\/wp\/v2\/product_cat?post=23174"},{"taxonomy":"product_tag","embeddable":true,"href":"https:\/\/www.facecorner.lv\/lv\/wp-json\/wp\/v2\/product_tag?post=23174"},{"taxonomy":"berocket_brand","embeddable":true,"href":"https:\/\/www.facecorner.lv\/lv\/wp-json\/wp\/v2\/berocket_brand?post=23174"}],"curies":[{"name":"wp","href":"https:\/\/api.w.org\/{rel}","templated":true}]}}