{"id":23159,"date":"2025-01-29T22:04:17","date_gmt":"2025-01-29T19:04:17","guid":{"rendered":"https:\/\/www.facecorner.lv\/?post_type=product&#038;p=23159"},"modified":"2026-04-01T14:53:20","modified_gmt":"2026-04-01T11:53:20","slug":"celimax-dual-barrier-kremveida-toniks-celimax-dual-barrier-kremveida-toniks-150ml","status":"publish","type":"product","link":"https:\/\/www.facecorner.lv\/lv\/shop\/celimax-dual-barrier-kremveida-toniks-celimax-dual-barrier-kremveida-toniks-150ml\/","title":{"rendered":"Celimax Dual Barrier kr\u0113mveida toniks 150ml"},"content":{"rendered":"<p>Celimax Dual Barrier kr\u0113mveida toniks atdz\u012bvina sausu un pl\u0101nu \u0101du, gl\u0101bjot to aukstaj\u0101 sezon\u0101: tas m\u012bkstina un mitrina, baro, uzlabo aizsargfunkcijas, nov\u0113r\u0161 sausumu un lob\u012b\u0161anos.<\/p>\n<p>Produkts ar maigu kr\u0113mveida tekst\u016bru lieliski uzs\u016bcas, neatst\u0101jot lip\u012bgumu. Sast\u0101vs nesatur m\u0101ksl\u012bg\u0101s smar\u017evielas. Nostiprina epidermas lip\u012bdu sl\u0101ni un palielina \u0101das aizsargfunkcijas.<\/p>\n<p>L\u012bdzeklis stiprina hidrolip\u012bdu barjeru un mazina jut\u012bbu pret \u0101r\u0113jiem kairin\u0101t\u0101jiem, nomierina niezi un kairin\u0101jumu, dzied\u0113 mikroboj\u0101jumus, pateicoties 5 keram\u012bdu &#8211; lip\u012bdu kompleksam, kas iestr\u0101d\u0101ti hidrolip\u012bdu apvalk\u0101 un to stiprina.<\/p>\n<p>Formulas sast\u0101v\u0101 ir \u012bpa\u0161s pept\u012bds Aquatide (Heptasodium Hexacarboxymethyl Dipeptide-12), kas stimul\u0113 autof\u0101\u0123ijas procesu, t. i., atmiru\u0161o \u0161\u016bnu da\u013cu p\u0101rstr\u0101di un p\u0101rstruktur\u0113\u0161anu, kas izraisa priek\u0161laic\u012bgu noveco\u0161anos. Autof\u0101gija p\u0101rv\u0113r\u0161 atmiru\u0161\u0101s \u0161\u016bnu da\u013cas kolag\u0113n\u0101, elast\u012bn\u0101 un hialuronsk\u0101b\u0113.<\/p>\n<p><strong>Papildu akt\u012bv\u0101s sast\u0101vda\u013cas:<\/strong><\/p>\n<ul>\n<li>N\u0101trija hialuron\u0101ts ir zemas molekulmasas hialuronsk\u0101bes forma, kas mitrina, saglab\u0101 elast\u012bbu, nov\u0113r\u0161 sausumu un dehidrat\u0101ciju.<\/li>\n<li>Alanto\u012bns m\u012bkstina, pa\u0101trina dz\u012b\u0161anu, darbojas antioksidanti, samazina jut\u012bgumu.<\/li>\n<li>Pantenols (vitam\u012bns B5) mazina aps\u0101rtumu un niezi, stiprina hidrolip\u012bdu barjeru, nov\u0113r\u0161 mitruma iztvaiko\u0161anu, veicina atjauno\u0161anos.<\/li>\n<li>Fitosfingoz\u012bnam ir antioksidanta un pretiekaisuma iedarb\u012bba, pa\u0101trina dz\u012b\u0161anu.<\/li>\n<\/ul>\n<p><strong>Lieto\u0161ana:<\/strong> uzkl\u0101jiet toniku p\u0113c att\u012br\u012b\u0161anas uz sausas \u0101das, ar pirkstu galiem uzkl\u0101jiet uz sejas, pagaidiet, l\u012bdz tas ies\u016bcas, un turpiniet kop\u0161anu. Lai pan\u0101ktu sp\u0113c\u012bg\u0101ku iedarb\u012bbu, iem\u0113rciet vates disci\u0146us ar toniku un uzkl\u0101jiet uz 10 min\u016bt\u0113m uz t\u0101m \u0101das viet\u0101m, kur\u0101m nepiecie\u0161ama mitrin\u0101\u0161ana.<\/p>\n<p><strong>S\u0101stavs:<\/strong> Water, Dipropylene Glycol, Glycerin, Glycereth-26, 1,2-Hexanediol, Pentaerythrityl Tetraisostearate, Panthenol, Phenyl Trimethicone, Caprylic\/Capric Triglyceride, Macadamia Integrifolia Seed Oil, Allantoin, Pantolactone, Ceramide EOP, Ceramide NS, Ceramide NP, Ceramide AS, Ceramide AP, Sodium Hyaluronate, Heptasodium Hexacarboxymethyl Dipeptide-12, Phytosteryl\/Octyldodecyl Lauroyl Glutamate, Phytosphingosine, Cetearyl Alcohol, Stearic Acid, Sorbitan Isostearate, Hydrogenated Lecithine, Acrylates\/C10-30 Alkyl Acrylate Crosspolymer, Hydroxyethyl Acrylate\/Sodium Acryloyl Dimethyl Taurate Copolymer, Styrene\/VP Copolymer, Caprylyl\/Capryl Glucoside, Ethylhexylglycerin, Cholesterol, Tocopherol, Tromethamine, Disodium EDTA<\/p>\n<p>&nbsp;<\/p>\n","protected":false},"excerpt":{"rendered":"<p>Celimax Dual Barrier kr\u0113mveida toniks mitrina, baro un atjauno \u0101du, stiprina dabisko aizsargsl\u0101ni un samazina \u0101das jut\u012bbu pret \u0101r\u0113jiem kairin\u0101t\u0101jiem, vienlaikus nomierinot un m\u012bkstinot \u0101du. Tas nov\u0113r\u0161 \u0101das lob\u012b\u0161anos un sausumu, mazina kairin\u0101jumu un niezi, k\u0101 ar\u012b veicina dz\u012b\u0161anu. Satur keram\u012bdus, hialuronsk\u0101bi, alanto\u012bnu, pantenolu un unik\u0101lo Aquatide pept\u012bdu.<\/p>\n","protected":false},"featured_media":23160,"comment_status":"open","ping_status":"closed","template":"","meta":{"site-sidebar-layout":"default","site-content-layout":"","ast-site-content-layout":"default","site-content-style":"default","site-sidebar-style":"default","ast-global-header-display":"","ast-banner-title-visibility":"","ast-main-header-display":"","ast-hfb-above-header-display":"","ast-hfb-below-header-display":"","ast-hfb-mobile-header-display":"","site-post-title":"","ast-breadcrumbs-content":"","ast-featured-img":"","footer-sml-layout":"","theme-transparent-header-meta":"default","adv-header-id-meta":"","stick-header-meta":"","header-above-stick-meta":"","header-main-stick-meta":"","header-below-stick-meta":"","astra-migrate-meta-layouts":"set","ast-page-background-enabled":"default","ast-page-background-meta":{"desktop":{"background-color":"var(--ast-global-color-4)","background-image":"","background-repeat":"repeat","background-position":"center center","background-size":"auto","background-attachment":"scroll","background-type":"","background-media":"","overlay-type":"","overlay-color":"","overlay-opacity":"","overlay-gradient":""},"tablet":{"background-color":"","background-image":"","background-repeat":"repeat","background-position":"center center","background-size":"auto","background-attachment":"scroll","background-type":"","background-media":"","overlay-type":"","overlay-color":"","overlay-opacity":"","overlay-gradient":""},"mobile":{"background-color":"","background-image":"","background-repeat":"repeat","background-position":"center center","background-size":"auto","background-attachment":"scroll","background-type":"","background-media":"","overlay-type":"","overlay-color":"","overlay-opacity":"","overlay-gradient":""}},"ast-content-background-meta":{"desktop":{"background-color":"var(--ast-global-color-5)","background-image":"","background-repeat":"repeat","background-position":"center center","background-size":"auto","background-attachment":"scroll","background-type":"","background-media":"","overlay-type":"","overlay-color":"","overlay-opacity":"","overlay-gradient":""},"tablet":{"background-color":"var(--ast-global-color-5)","background-image":"","background-repeat":"repeat","background-position":"center center","background-size":"auto","background-attachment":"scroll","background-type":"","background-media":"","overlay-type":"","overlay-color":"","overlay-opacity":"","overlay-gradient":""},"mobile":{"background-color":"var(--ast-global-color-5)","background-image":"","background-repeat":"repeat","background-position":"center center","background-size":"auto","background-attachment":"scroll","background-type":"","background-media":"","overlay-type":"","overlay-color":"","overlay-opacity":"","overlay-gradient":""}}},"product_brand":[],"product_cat":[435],"product_tag":[],"berocket_brand":[604],"class_list":{"0":"post-23159","1":"product","2":"type-product","3":"status-publish","4":"has-post-thumbnail","6":"product_cat-jaunumi","7":"berocket_brand-celimax","8":"desktop-align-left","9":"tablet-align-left","10":"mobile-align-left","12":"first","13":"instock","14":"taxable","15":"shipping-taxable","16":"purchasable","17":"product-type-simple","18":"add-to-wishlist-before_image"},"yoast_head":"<!-- This site is optimized with the Yoast SEO plugin v27.4 - https:\/\/yoast.com\/product\/yoast-seo-wordpress\/ -->\n<title>Celimax Dual Barrier kr\u0113mveida toniks 150ml - FACECORNER<\/title>\n<meta name=\"description\" content=\"Celimax Dual Barrier kr\u0113mveida toniks mitrina, baro un atjauno \u0101du, stiprina dabisko aizsargsl\u0101ni un samazina \u0101das jut\u012bbu pret \u0101r\u0113jiem kairin\u0101t\u0101jiem, vienlaikus nomierinot un m\u012bkstinot \u0101du.\" \/>\n<meta name=\"robots\" content=\"index, follow, max-snippet:-1, max-image-preview:large, max-video-preview:-1\" \/>\n<link rel=\"canonical\" href=\"https:\/\/www.facecorner.lv\/lv\/shop\/celimax-dual-barrier-kremveida-toniks-celimax-dual-barrier-kremveida-toniks-150ml\/\" \/>\n<meta property=\"og:locale\" content=\"lv_LV\" \/>\n<meta property=\"og:type\" content=\"article\" \/>\n<meta property=\"og:title\" content=\"Celimax Dual Barrier kr\u0113mveida toniks 150ml - FACECORNER\" \/>\n<meta property=\"og:description\" content=\"Celimax Dual Barrier kr\u0113mveida toniks mitrina, baro un atjauno \u0101du, stiprina dabisko aizsargsl\u0101ni un samazina \u0101das jut\u012bbu pret \u0101r\u0113jiem kairin\u0101t\u0101jiem, vienlaikus nomierinot un m\u012bkstinot \u0101du.\" \/>\n<meta property=\"og:url\" content=\"https:\/\/www.facecorner.lv\/lv\/shop\/celimax-dual-barrier-kremveida-toniks-celimax-dual-barrier-kremveida-toniks-150ml\/\" \/>\n<meta property=\"og:site_name\" content=\"FACECORNER\" \/>\n<meta property=\"article:publisher\" content=\"https:\/\/www.facebook.com\/profile.php?id=100063824551839\" \/>\n<meta property=\"article:modified_time\" content=\"2026-04-01T11:53:20+00:00\" \/>\n<meta property=\"og:image\" content=\"https:\/\/www.facecorner.lv\/wp-content\/uploads\/2025\/01\/Celimax-Dual-Barrier-Creamy-Toner___1_.jpg\" \/>\n\t<meta property=\"og:image:width\" content=\"1000\" \/>\n\t<meta property=\"og:image:height\" content=\"1000\" \/>\n\t<meta property=\"og:image:type\" content=\"image\/jpeg\" \/>\n<meta name=\"twitter:card\" content=\"summary_large_image\" \/>\n<meta name=\"twitter:label1\" content=\"Price\" \/>\n\t<meta name=\"twitter:data1\" content=\"&euro;26.50\" \/>\n\t<meta name=\"twitter:label2\" content=\"Availability\" \/>\n\t<meta name=\"twitter:data2\" content=\"In stock\" \/>\n<script type=\"application\/ld+json\" class=\"yoast-schema-graph\">{\"@context\":\"https:\\\/\\\/schema.org\",\"@graph\":[{\"@type\":\"WebPage\",\"@id\":\"https:\\\/\\\/www.facecorner.lv\\\/shop\\\/celimax-dual-barrier-kremveida-toniks-celimax-dual-barrier-kremveida-toniks-150ml\\\/\",\"url\":\"https:\\\/\\\/www.facecorner.lv\\\/shop\\\/celimax-dual-barrier-kremveida-toniks-celimax-dual-barrier-kremveida-toniks-150ml\\\/\",\"name\":\"Celimax Dual Barrier kr\u0113mveida toniks 150ml - FACECORNER\",\"isPartOf\":{\"@id\":\"https:\\\/\\\/www.facecorner.lv\\\/#website\"},\"primaryImageOfPage\":{\"@id\":\"https:\\\/\\\/www.facecorner.lv\\\/shop\\\/celimax-dual-barrier-kremveida-toniks-celimax-dual-barrier-kremveida-toniks-150ml\\\/#primaryimage\"},\"image\":{\"@id\":\"https:\\\/\\\/www.facecorner.lv\\\/shop\\\/celimax-dual-barrier-kremveida-toniks-celimax-dual-barrier-kremveida-toniks-150ml\\\/#primaryimage\"},\"thumbnailUrl\":\"https:\\\/\\\/www.facecorner.lv\\\/wp-content\\\/uploads\\\/2025\\\/01\\\/Celimax-Dual-Barrier-Creamy-Toner___1_.jpg\",\"datePublished\":\"2025-01-29T19:04:17+00:00\",\"dateModified\":\"2026-04-01T11:53:20+00:00\",\"description\":\"Celimax Dual Barrier kr\u0113mveida toniks mitrina, baro un atjauno \u0101du, stiprina dabisko aizsargsl\u0101ni un samazina \u0101das jut\u012bbu pret \u0101r\u0113jiem kairin\u0101t\u0101jiem, vienlaikus nomierinot un m\u012bkstinot \u0101du.\",\"breadcrumb\":{\"@id\":\"https:\\\/\\\/www.facecorner.lv\\\/shop\\\/celimax-dual-barrier-kremveida-toniks-celimax-dual-barrier-kremveida-toniks-150ml\\\/#breadcrumb\"},\"inLanguage\":\"lv-LV\",\"potentialAction\":[{\"@type\":\"ReadAction\",\"target\":[\"https:\\\/\\\/www.facecorner.lv\\\/shop\\\/celimax-dual-barrier-kremveida-toniks-celimax-dual-barrier-kremveida-toniks-150ml\\\/\"]}]},{\"@type\":\"ImageObject\",\"inLanguage\":\"lv-LV\",\"@id\":\"https:\\\/\\\/www.facecorner.lv\\\/shop\\\/celimax-dual-barrier-kremveida-toniks-celimax-dual-barrier-kremveida-toniks-150ml\\\/#primaryimage\",\"url\":\"https:\\\/\\\/www.facecorner.lv\\\/wp-content\\\/uploads\\\/2025\\\/01\\\/Celimax-Dual-Barrier-Creamy-Toner___1_.jpg\",\"contentUrl\":\"https:\\\/\\\/www.facecorner.lv\\\/wp-content\\\/uploads\\\/2025\\\/01\\\/Celimax-Dual-Barrier-Creamy-Toner___1_.jpg\",\"width\":1000,\"height\":1000,\"caption\":\"Celimax Dual Barrier Creamy Toner\"},{\"@type\":\"BreadcrumbList\",\"@id\":\"https:\\\/\\\/www.facecorner.lv\\\/shop\\\/celimax-dual-barrier-kremveida-toniks-celimax-dual-barrier-kremveida-toniks-150ml\\\/#breadcrumb\",\"itemListElement\":[{\"@type\":\"ListItem\",\"position\":1,\"name\":\"Home\",\"item\":\"https:\\\/\\\/www.facecorner.lv\\\/\"},{\"@type\":\"ListItem\",\"position\":2,\"name\":\"Veikals\",\"item\":\"https:\\\/\\\/www.facecorner.lv\\\/shop\\\/\"},{\"@type\":\"ListItem\",\"position\":3,\"name\":\"Celimax Dual Barrier kr\u0113mveida toniks 150ml\"}]},{\"@type\":\"WebSite\",\"@id\":\"https:\\\/\\\/www.facecorner.lv\\\/#website\",\"url\":\"https:\\\/\\\/www.facecorner.lv\\\/\",\"name\":\"Facecorner\",\"description\":\"\",\"publisher\":{\"@id\":\"https:\\\/\\\/www.facecorner.lv\\\/#organization\"},\"potentialAction\":[{\"@type\":\"SearchAction\",\"target\":{\"@type\":\"EntryPoint\",\"urlTemplate\":\"https:\\\/\\\/www.facecorner.lv\\\/?s={search_term_string}\"},\"query-input\":{\"@type\":\"PropertyValueSpecification\",\"valueRequired\":true,\"valueName\":\"search_term_string\"}}],\"inLanguage\":\"lv-LV\"},{\"@type\":\"Organization\",\"@id\":\"https:\\\/\\\/www.facecorner.lv\\\/#organization\",\"name\":\"Facecorner\",\"url\":\"https:\\\/\\\/www.facecorner.lv\\\/\",\"logo\":{\"@type\":\"ImageObject\",\"inLanguage\":\"lv-LV\",\"@id\":\"https:\\\/\\\/www.facecorner.lv\\\/#\\\/schema\\\/logo\\\/image\\\/\",\"url\":\"https:\\\/\\\/www.facecorner.lv\\\/wp-content\\\/uploads\\\/2024\\\/04\\\/fc-logo.jpg\",\"contentUrl\":\"https:\\\/\\\/www.facecorner.lv\\\/wp-content\\\/uploads\\\/2024\\\/04\\\/fc-logo.jpg\",\"width\":174,\"height\":28,\"caption\":\"Facecorner\"},\"image\":{\"@id\":\"https:\\\/\\\/www.facecorner.lv\\\/#\\\/schema\\\/logo\\\/image\\\/\"},\"sameAs\":[\"https:\\\/\\\/www.facebook.com\\\/profile.php?id=100063824551839\",\"https:\\\/\\\/www.instagram.com\\\/facecorner_shop\\\/\"]}]}<\/script>\n<meta property=\"product:price:amount\" content=\"26.50\" \/>\n<meta property=\"product:price:currency\" content=\"EUR\" \/>\n<meta property=\"og:availability\" content=\"instock\" \/>\n<meta property=\"product:availability\" content=\"instock\" \/>\n<meta property=\"product:condition\" content=\"new\" \/>\n<!-- \/ Yoast SEO plugin. -->","yoast_head_json":{"title":"Celimax Dual Barrier kr\u0113mveida toniks 150ml - FACECORNER","description":"Celimax Dual Barrier kr\u0113mveida toniks mitrina, baro un atjauno \u0101du, stiprina dabisko aizsargsl\u0101ni un samazina \u0101das jut\u012bbu pret \u0101r\u0113jiem kairin\u0101t\u0101jiem, vienlaikus nomierinot un m\u012bkstinot \u0101du.","robots":{"index":"index","follow":"follow","max-snippet":"max-snippet:-1","max-image-preview":"max-image-preview:large","max-video-preview":"max-video-preview:-1"},"canonical":"https:\/\/www.facecorner.lv\/lv\/shop\/celimax-dual-barrier-kremveida-toniks-celimax-dual-barrier-kremveida-toniks-150ml\/","og_locale":"lv_LV","og_type":"article","og_title":"Celimax Dual Barrier kr\u0113mveida toniks 150ml - FACECORNER","og_description":"Celimax Dual Barrier kr\u0113mveida toniks mitrina, baro un atjauno \u0101du, stiprina dabisko aizsargsl\u0101ni un samazina \u0101das jut\u012bbu pret \u0101r\u0113jiem kairin\u0101t\u0101jiem, vienlaikus nomierinot un m\u012bkstinot \u0101du.","og_url":"https:\/\/www.facecorner.lv\/lv\/shop\/celimax-dual-barrier-kremveida-toniks-celimax-dual-barrier-kremveida-toniks-150ml\/","og_site_name":"FACECORNER","article_publisher":"https:\/\/www.facebook.com\/profile.php?id=100063824551839","article_modified_time":"2026-04-01T11:53:20+00:00","og_image":[{"width":1000,"height":1000,"url":"https:\/\/www.facecorner.lv\/wp-content\/uploads\/2025\/01\/Celimax-Dual-Barrier-Creamy-Toner___1_.jpg","type":"image\/jpeg"}],"twitter_card":"summary_large_image","twitter_misc":{"Price":"&euro;26.50","Availability":"In stock"},"schema":{"@context":"https:\/\/schema.org","@graph":[{"@type":"WebPage","@id":"https:\/\/www.facecorner.lv\/shop\/celimax-dual-barrier-kremveida-toniks-celimax-dual-barrier-kremveida-toniks-150ml\/","url":"https:\/\/www.facecorner.lv\/shop\/celimax-dual-barrier-kremveida-toniks-celimax-dual-barrier-kremveida-toniks-150ml\/","name":"Celimax Dual Barrier kr\u0113mveida toniks 150ml - FACECORNER","isPartOf":{"@id":"https:\/\/www.facecorner.lv\/#website"},"primaryImageOfPage":{"@id":"https:\/\/www.facecorner.lv\/shop\/celimax-dual-barrier-kremveida-toniks-celimax-dual-barrier-kremveida-toniks-150ml\/#primaryimage"},"image":{"@id":"https:\/\/www.facecorner.lv\/shop\/celimax-dual-barrier-kremveida-toniks-celimax-dual-barrier-kremveida-toniks-150ml\/#primaryimage"},"thumbnailUrl":"https:\/\/www.facecorner.lv\/wp-content\/uploads\/2025\/01\/Celimax-Dual-Barrier-Creamy-Toner___1_.jpg","datePublished":"2025-01-29T19:04:17+00:00","dateModified":"2026-04-01T11:53:20+00:00","description":"Celimax Dual Barrier kr\u0113mveida toniks mitrina, baro un atjauno \u0101du, stiprina dabisko aizsargsl\u0101ni un samazina \u0101das jut\u012bbu pret \u0101r\u0113jiem kairin\u0101t\u0101jiem, vienlaikus nomierinot un m\u012bkstinot \u0101du.","breadcrumb":{"@id":"https:\/\/www.facecorner.lv\/shop\/celimax-dual-barrier-kremveida-toniks-celimax-dual-barrier-kremveida-toniks-150ml\/#breadcrumb"},"inLanguage":"lv-LV","potentialAction":[{"@type":"ReadAction","target":["https:\/\/www.facecorner.lv\/shop\/celimax-dual-barrier-kremveida-toniks-celimax-dual-barrier-kremveida-toniks-150ml\/"]}]},{"@type":"ImageObject","inLanguage":"lv-LV","@id":"https:\/\/www.facecorner.lv\/shop\/celimax-dual-barrier-kremveida-toniks-celimax-dual-barrier-kremveida-toniks-150ml\/#primaryimage","url":"https:\/\/www.facecorner.lv\/wp-content\/uploads\/2025\/01\/Celimax-Dual-Barrier-Creamy-Toner___1_.jpg","contentUrl":"https:\/\/www.facecorner.lv\/wp-content\/uploads\/2025\/01\/Celimax-Dual-Barrier-Creamy-Toner___1_.jpg","width":1000,"height":1000,"caption":"Celimax Dual Barrier Creamy Toner"},{"@type":"BreadcrumbList","@id":"https:\/\/www.facecorner.lv\/shop\/celimax-dual-barrier-kremveida-toniks-celimax-dual-barrier-kremveida-toniks-150ml\/#breadcrumb","itemListElement":[{"@type":"ListItem","position":1,"name":"Home","item":"https:\/\/www.facecorner.lv\/"},{"@type":"ListItem","position":2,"name":"Veikals","item":"https:\/\/www.facecorner.lv\/shop\/"},{"@type":"ListItem","position":3,"name":"Celimax Dual Barrier kr\u0113mveida toniks 150ml"}]},{"@type":"WebSite","@id":"https:\/\/www.facecorner.lv\/#website","url":"https:\/\/www.facecorner.lv\/","name":"Facecorner","description":"","publisher":{"@id":"https:\/\/www.facecorner.lv\/#organization"},"potentialAction":[{"@type":"SearchAction","target":{"@type":"EntryPoint","urlTemplate":"https:\/\/www.facecorner.lv\/?s={search_term_string}"},"query-input":{"@type":"PropertyValueSpecification","valueRequired":true,"valueName":"search_term_string"}}],"inLanguage":"lv-LV"},{"@type":"Organization","@id":"https:\/\/www.facecorner.lv\/#organization","name":"Facecorner","url":"https:\/\/www.facecorner.lv\/","logo":{"@type":"ImageObject","inLanguage":"lv-LV","@id":"https:\/\/www.facecorner.lv\/#\/schema\/logo\/image\/","url":"https:\/\/www.facecorner.lv\/wp-content\/uploads\/2024\/04\/fc-logo.jpg","contentUrl":"https:\/\/www.facecorner.lv\/wp-content\/uploads\/2024\/04\/fc-logo.jpg","width":174,"height":28,"caption":"Facecorner"},"image":{"@id":"https:\/\/www.facecorner.lv\/#\/schema\/logo\/image\/"},"sameAs":["https:\/\/www.facebook.com\/profile.php?id=100063824551839","https:\/\/www.instagram.com\/facecorner_shop\/"]}]},"product_price_amount":"26.50","product_price_currency":"EUR","og_availability":"instock","product_availability":"instock","product_condition":"new"},"_links":{"self":[{"href":"https:\/\/www.facecorner.lv\/lv\/wp-json\/wp\/v2\/product\/23159","targetHints":{"allow":["GET"]}}],"collection":[{"href":"https:\/\/www.facecorner.lv\/lv\/wp-json\/wp\/v2\/product"}],"about":[{"href":"https:\/\/www.facecorner.lv\/lv\/wp-json\/wp\/v2\/types\/product"}],"replies":[{"embeddable":true,"href":"https:\/\/www.facecorner.lv\/lv\/wp-json\/wp\/v2\/comments?post=23159"}],"wp:featuredmedia":[{"embeddable":true,"href":"https:\/\/www.facecorner.lv\/lv\/wp-json\/wp\/v2\/media\/23160"}],"wp:attachment":[{"href":"https:\/\/www.facecorner.lv\/lv\/wp-json\/wp\/v2\/media?parent=23159"}],"wp:term":[{"taxonomy":"product_brand","embeddable":true,"href":"https:\/\/www.facecorner.lv\/lv\/wp-json\/wp\/v2\/product_brand?post=23159"},{"taxonomy":"product_cat","embeddable":true,"href":"https:\/\/www.facecorner.lv\/lv\/wp-json\/wp\/v2\/product_cat?post=23159"},{"taxonomy":"product_tag","embeddable":true,"href":"https:\/\/www.facecorner.lv\/lv\/wp-json\/wp\/v2\/product_tag?post=23159"},{"taxonomy":"berocket_brand","embeddable":true,"href":"https:\/\/www.facecorner.lv\/lv\/wp-json\/wp\/v2\/berocket_brand?post=23159"}],"curies":[{"name":"wp","href":"https:\/\/api.w.org\/{rel}","templated":true}]}}