{"id":23114,"date":"2025-01-26T23:32:56","date_gmt":"2025-01-26T20:32:56","guid":{"rendered":"https:\/\/www.facecorner.lv\/?post_type=product&#038;p=23114"},"modified":"2026-02-18T16:26:06","modified_gmt":"2026-02-18T13:26:06","slug":"medicube-pdrn-pink-hyaluronic-moisturizing-cream-50ml","status":"publish","type":"product","link":"https:\/\/www.facecorner.lv\/lv\/shop\/medicube-pdrn-pink-hyaluronic-moisturizing-cream-50ml\/","title":{"rendered":"Medicube PDRN Pink Hyaluronic Moisturizing Cream 50ml"},"content":{"rendered":"<p>Medicube PDRN Pink Hyaluronic Moisturizing Cream mitrino\u0161ais l\u012bdzeklis ir sp\u0113c\u012bgs mitrino\u0161s l\u012bdzeklis, kas paredz\u0113ts c\u012b\u0146ai ar plankumiem, \u0101das to\u0146a izgaismo\u0161anai un \u0101das barjeras stiprin\u0101\u0161anai.<br \/>\n\u0160is kr\u0113ms, kas pies\u0101tin\u0101ts ar la\u0161u PDRN, niacinam\u012bdu un 10 hialuronsk\u0101bes sl\u0101\u0146iem, dzi\u013ci mitrina, atdz\u012bvina un atjauno \u0101du, lai nov\u0113rstu plankumus n\u0101kotn\u0113.<br \/>\nPeptidi un adenoz\u012bns veicina kolag\u0113na veido\u0161anos, lai pie\u0161\u0137irtu \u0101dai jaunekl\u012bgu izskatu, savuk\u0101rt pantenols un asiatisk\u0101s centellas ekstrakts nomierina un mazina kairin\u0101jumu.<br \/>\nIr kl\u012bniski pier\u0101d\u012bts, ka \u0161\u012b visaptvero\u0161\u0101 proced\u016bra samazina plankumus un kr\u0101sas izmai\u0146as par 14,25 % un uzlabo \u0101das tonusu par 0,4 %.<br \/>\nTikai divu ned\u0113\u013cu laik\u0101 t\u0101 p\u0101rveido bl\u0101vu, uz plankumiem tend\u0113tu \u0101du par starojo\u0161u, vienm\u0113r\u012bgu sejas kr\u0101su.<\/p>\n<p><strong>Lieto\u0161\u0101na<\/strong>: P\u0113d\u0113j\u0101 \u0101das kop\u0161anas posm\u0101 uzkl\u0101jiet uz \u0101das m\u0113renu daudzumu.\u00a0Lai lab\u0101k uzs\u016bktos, maigi uzsl\u0101\u0146ojiet.<\/p>\n<p><strong>S\u0101stavs:<\/strong> <span style=\"font-size: 16px;\">Water, Disodium EDTA, Betaine, Niacinamide, Adenosine, Citric Acid, Panthenol, Glycereth-26, Glycerin, Glyceryl Acrylate\/Acrylic Acid Copolymer, Butylene Glycol, Hydroxyethyl Acrylate\/Sodium Acryloyldimethyl Taurate Copolymer, Sorbitan Isostearate, Cetearyl Olivate, Sorbitan Olivate, Caprylic\/Capric Triglyceride, Limnanthes Alba (Meadowfoam) Seed Oil, Hydrogenated Polydecene, Isononyl Isononanoate, Hydrogenated Lecithin, Cetearyl Alcohol, Stearic acid, Ceramide EOP, Ceramide NS, Ceramide NP, Ceramide AS, Ceramide AP, Phytosphingosine, Cholesterol, Cyclopentasiloxane, Sodium DNA, Ethylhexyl Olivate, Sodium Acrylates Copolymer, Polyglyceryl-4 Oleate, 1,2-Hexanediol, Copper Tripeptide-1, Acetyl Hexapeptide-8, Palmitoyl Pentapeptide-4, Palmitoyl Tripeptide-1, Palmitoyl Tetrapeptide-7, Sodium Hyaluronate, Hydroxypropyltrimonium Hyaluronate, Sodium Acetylated Hyaluronate, Hydrolyzed Hyaluronic Acid, Hyaluronic Acid, Sodium Hyaluronate Crosspolymer, Hydrolyzed Sodium Hyaluronate, Potassium Hyaluronate, Fucus Vesiculosus Extract, Prunella Vulgaris Extract, Momordica Charantia Fruit Extract, Hibiscus Esculentus Fruit Extract, Morinda Citrifolia Fruit Extract, Centella Asiatica Leaf Extract, Ethylhexylglycerin, Fragrance, Cyanocobalamin, Sodium Polyacryloyldimethyl Taurate<\/span><\/p>\n<p>&nbsp;<\/p>\n","protected":false},"excerpt":{"rendered":"<p>Medicube PDRN Pink Hyaluronic Moisturizing Cream mitrino\u0161ais l\u012bdzeklis ir sp\u0113c\u012bgs mitrino\u0161s l\u012bdzeklis, kas paredz\u0113ts c\u012b\u0146ai ar plankumiem, \u0101das to\u0146a izgaismo\u0161anai un \u0101das barjeras stiprin\u0101\u0161anai.<\/p>\n","protected":false},"featured_media":23115,"comment_status":"open","ping_status":"closed","template":"","meta":{"site-sidebar-layout":"default","site-content-layout":"","ast-site-content-layout":"default","site-content-style":"default","site-sidebar-style":"default","ast-global-header-display":"","ast-banner-title-visibility":"","ast-main-header-display":"","ast-hfb-above-header-display":"","ast-hfb-below-header-display":"","ast-hfb-mobile-header-display":"","site-post-title":"","ast-breadcrumbs-content":"","ast-featured-img":"","footer-sml-layout":"","theme-transparent-header-meta":"default","adv-header-id-meta":"","stick-header-meta":"","header-above-stick-meta":"","header-main-stick-meta":"","header-below-stick-meta":"","astra-migrate-meta-layouts":"set","ast-page-background-enabled":"default","ast-page-background-meta":{"desktop":{"background-color":"var(--ast-global-color-4)","background-image":"","background-repeat":"repeat","background-position":"center center","background-size":"auto","background-attachment":"scroll","background-type":"","background-media":"","overlay-type":"","overlay-color":"","overlay-opacity":"","overlay-gradient":""},"tablet":{"background-color":"","background-image":"","background-repeat":"repeat","background-position":"center center","background-size":"auto","background-attachment":"scroll","background-type":"","background-media":"","overlay-type":"","overlay-color":"","overlay-opacity":"","overlay-gradient":""},"mobile":{"background-color":"","background-image":"","background-repeat":"repeat","background-position":"center center","background-size":"auto","background-attachment":"scroll","background-type":"","background-media":"","overlay-type":"","overlay-color":"","overlay-opacity":"","overlay-gradient":""}},"ast-content-background-meta":{"desktop":{"background-color":"var(--ast-global-color-5)","background-image":"","background-repeat":"repeat","background-position":"center center","background-size":"auto","background-attachment":"scroll","background-type":"","background-media":"","overlay-type":"","overlay-color":"","overlay-opacity":"","overlay-gradient":""},"tablet":{"background-color":"var(--ast-global-color-5)","background-image":"","background-repeat":"repeat","background-position":"center center","background-size":"auto","background-attachment":"scroll","background-type":"","background-media":"","overlay-type":"","overlay-color":"","overlay-opacity":"","overlay-gradient":""},"mobile":{"background-color":"var(--ast-global-color-5)","background-image":"","background-repeat":"repeat","background-position":"center center","background-size":"auto","background-attachment":"scroll","background-type":"","background-media":"","overlay-type":"","overlay-color":"","overlay-opacity":"","overlay-gradient":""}}},"product_brand":[],"product_cat":[511,365,366,367,652,368,369,362],"product_tag":[],"berocket_brand":[579],"class_list":{"0":"post-23114","1":"product","2":"type-product","3":"status-publish","4":"has-post-thumbnail","6":"product_cat-atlaides","7":"product_cat-barojoss","8":"product_cat-mitrinoss","9":"product_cat-nomierinoss","10":"product_cat-pdrn","11":"product_cat-pret-grumbam","12":"product_cat-problematiskai-adai-sejas-krems","13":"product_cat-sejas-krems","14":"berocket_brand-medicube","15":"desktop-align-left","16":"tablet-align-left","17":"mobile-align-left","19":"first","20":"outofstock","21":"sale","22":"taxable","23":"shipping-taxable","24":"purchasable","25":"product-type-simple","26":"add-to-wishlist-before_image"},"yoast_head":"<!-- This site is optimized with the Yoast SEO plugin v27.4 - https:\/\/yoast.com\/product\/yoast-seo-wordpress\/ -->\n<title>Medicube PDRN Pink Hyaluronic Moisturizing Cream 50ml - FACECORNER<\/title>\n<meta name=\"description\" content=\"Medicube PDRN Pink Hyaluronic Moisturizing Cream mitrino\u0161ais l\u012bdzeklis ir sp\u0113c\u012bgs mitrino\u0161s l\u012bdzeklis, kas paredz\u0113ts c\u012b\u0146ai ar plankumiem\" \/>\n<meta name=\"robots\" content=\"index, follow, max-snippet:-1, max-image-preview:large, max-video-preview:-1\" \/>\n<link rel=\"canonical\" href=\"https:\/\/www.facecorner.lv\/lv\/shop\/medicube-pdrn-pink-hyaluronic-moisturizing-cream-50ml\/\" \/>\n<meta property=\"og:locale\" content=\"lv_LV\" \/>\n<meta property=\"og:type\" content=\"article\" \/>\n<meta property=\"og:title\" content=\"Medicube PDRN Pink Hyaluronic Moisturizing Cream 50ml - FACECORNER\" \/>\n<meta property=\"og:description\" content=\"Medicube PDRN Pink Hyaluronic Moisturizing Cream mitrino\u0161ais l\u012bdzeklis ir sp\u0113c\u012bgs mitrino\u0161s l\u012bdzeklis, kas paredz\u0113ts c\u012b\u0146ai ar plankumiem\" \/>\n<meta property=\"og:url\" content=\"https:\/\/www.facecorner.lv\/lv\/shop\/medicube-pdrn-pink-hyaluronic-moisturizing-cream-50ml\/\" \/>\n<meta property=\"og:site_name\" content=\"FACECORNER\" \/>\n<meta property=\"article:publisher\" content=\"https:\/\/www.facebook.com\/profile.php?id=100063824551839\" \/>\n<meta property=\"article:modified_time\" content=\"2026-02-18T13:26:06+00:00\" \/>\n<meta property=\"og:image\" content=\"https:\/\/www.facecorner.lv\/wp-content\/uploads\/2025\/01\/buy-medicube-pdrn-pink-hyaluronic-moisturizing-cream-50ml-at-lila-beauty-korean-and-japanese-beauty-skin-care-649145.webp\" \/>\n\t<meta property=\"og:image:width\" content=\"800\" \/>\n\t<meta property=\"og:image:height\" content=\"800\" \/>\n\t<meta property=\"og:image:type\" content=\"image\/webp\" \/>\n<meta name=\"twitter:card\" content=\"summary_large_image\" \/>\n<meta name=\"twitter:label1\" content=\"Price\" \/>\n\t<meta name=\"twitter:data1\" content=\"&euro;29.50\" \/>\n\t<meta name=\"twitter:label2\" content=\"Availability\" \/>\n\t<meta name=\"twitter:data2\" content=\"Out of stock\" \/>\n<script type=\"application\/ld+json\" class=\"yoast-schema-graph\">{\"@context\":\"https:\\\/\\\/schema.org\",\"@graph\":[{\"@type\":\"WebPage\",\"@id\":\"https:\\\/\\\/www.facecorner.lv\\\/shop\\\/medicube-pdrn-pink-hyaluronic-moisturizing-cream-50ml\\\/\",\"url\":\"https:\\\/\\\/www.facecorner.lv\\\/shop\\\/medicube-pdrn-pink-hyaluronic-moisturizing-cream-50ml\\\/\",\"name\":\"Medicube PDRN Pink Hyaluronic Moisturizing Cream 50ml - FACECORNER\",\"isPartOf\":{\"@id\":\"https:\\\/\\\/www.facecorner.lv\\\/#website\"},\"primaryImageOfPage\":{\"@id\":\"https:\\\/\\\/www.facecorner.lv\\\/shop\\\/medicube-pdrn-pink-hyaluronic-moisturizing-cream-50ml\\\/#primaryimage\"},\"image\":{\"@id\":\"https:\\\/\\\/www.facecorner.lv\\\/shop\\\/medicube-pdrn-pink-hyaluronic-moisturizing-cream-50ml\\\/#primaryimage\"},\"thumbnailUrl\":\"https:\\\/\\\/www.facecorner.lv\\\/wp-content\\\/uploads\\\/2025\\\/01\\\/buy-medicube-pdrn-pink-hyaluronic-moisturizing-cream-50ml-at-lila-beauty-korean-and-japanese-beauty-skin-care-649145.webp\",\"datePublished\":\"2025-01-26T20:32:56+00:00\",\"dateModified\":\"2026-02-18T13:26:06+00:00\",\"description\":\"Medicube PDRN Pink Hyaluronic Moisturizing Cream mitrino\u0161ais l\u012bdzeklis ir sp\u0113c\u012bgs mitrino\u0161s l\u012bdzeklis, kas paredz\u0113ts c\u012b\u0146ai ar plankumiem\",\"breadcrumb\":{\"@id\":\"https:\\\/\\\/www.facecorner.lv\\\/shop\\\/medicube-pdrn-pink-hyaluronic-moisturizing-cream-50ml\\\/#breadcrumb\"},\"inLanguage\":\"lv-LV\",\"potentialAction\":[{\"@type\":\"ReadAction\",\"target\":[\"https:\\\/\\\/www.facecorner.lv\\\/shop\\\/medicube-pdrn-pink-hyaluronic-moisturizing-cream-50ml\\\/\"]}]},{\"@type\":\"ImageObject\",\"inLanguage\":\"lv-LV\",\"@id\":\"https:\\\/\\\/www.facecorner.lv\\\/shop\\\/medicube-pdrn-pink-hyaluronic-moisturizing-cream-50ml\\\/#primaryimage\",\"url\":\"https:\\\/\\\/www.facecorner.lv\\\/wp-content\\\/uploads\\\/2025\\\/01\\\/buy-medicube-pdrn-pink-hyaluronic-moisturizing-cream-50ml-at-lila-beauty-korean-and-japanese-beauty-skin-care-649145.webp\",\"contentUrl\":\"https:\\\/\\\/www.facecorner.lv\\\/wp-content\\\/uploads\\\/2025\\\/01\\\/buy-medicube-pdrn-pink-hyaluronic-moisturizing-cream-50ml-at-lila-beauty-korean-and-japanese-beauty-skin-care-649145.webp\",\"width\":800,\"height\":800,\"caption\":\"Medicube PDRN Pink Hyaluronic Moisturizing Cream 50ml\"},{\"@type\":\"BreadcrumbList\",\"@id\":\"https:\\\/\\\/www.facecorner.lv\\\/shop\\\/medicube-pdrn-pink-hyaluronic-moisturizing-cream-50ml\\\/#breadcrumb\",\"itemListElement\":[{\"@type\":\"ListItem\",\"position\":1,\"name\":\"Home\",\"item\":\"https:\\\/\\\/www.facecorner.lv\\\/\"},{\"@type\":\"ListItem\",\"position\":2,\"name\":\"Veikals\",\"item\":\"https:\\\/\\\/www.facecorner.lv\\\/shop\\\/\"},{\"@type\":\"ListItem\",\"position\":3,\"name\":\"Medicube PDRN Pink Hyaluronic Moisturizing Cream 50ml\"}]},{\"@type\":\"WebSite\",\"@id\":\"https:\\\/\\\/www.facecorner.lv\\\/#website\",\"url\":\"https:\\\/\\\/www.facecorner.lv\\\/\",\"name\":\"Facecorner\",\"description\":\"\",\"publisher\":{\"@id\":\"https:\\\/\\\/www.facecorner.lv\\\/#organization\"},\"potentialAction\":[{\"@type\":\"SearchAction\",\"target\":{\"@type\":\"EntryPoint\",\"urlTemplate\":\"https:\\\/\\\/www.facecorner.lv\\\/?s={search_term_string}\"},\"query-input\":{\"@type\":\"PropertyValueSpecification\",\"valueRequired\":true,\"valueName\":\"search_term_string\"}}],\"inLanguage\":\"lv-LV\"},{\"@type\":\"Organization\",\"@id\":\"https:\\\/\\\/www.facecorner.lv\\\/#organization\",\"name\":\"Facecorner\",\"url\":\"https:\\\/\\\/www.facecorner.lv\\\/\",\"logo\":{\"@type\":\"ImageObject\",\"inLanguage\":\"lv-LV\",\"@id\":\"https:\\\/\\\/www.facecorner.lv\\\/#\\\/schema\\\/logo\\\/image\\\/\",\"url\":\"https:\\\/\\\/www.facecorner.lv\\\/wp-content\\\/uploads\\\/2024\\\/04\\\/fc-logo.jpg\",\"contentUrl\":\"https:\\\/\\\/www.facecorner.lv\\\/wp-content\\\/uploads\\\/2024\\\/04\\\/fc-logo.jpg\",\"width\":174,\"height\":28,\"caption\":\"Facecorner\"},\"image\":{\"@id\":\"https:\\\/\\\/www.facecorner.lv\\\/#\\\/schema\\\/logo\\\/image\\\/\"},\"sameAs\":[\"https:\\\/\\\/www.facebook.com\\\/profile.php?id=100063824551839\",\"https:\\\/\\\/www.instagram.com\\\/facecorner_shop\\\/\"]}]}<\/script>\n<meta property=\"product:price:amount\" content=\"29.50\" \/>\n<meta property=\"product:price:currency\" content=\"EUR\" \/>\n<meta property=\"og:availability\" content=\"out of stock\" \/>\n<meta property=\"product:availability\" content=\"out of stock\" \/>\n<meta property=\"product:condition\" content=\"new\" \/>\n<!-- \/ Yoast SEO plugin. -->","yoast_head_json":{"title":"Medicube PDRN Pink Hyaluronic Moisturizing Cream 50ml - FACECORNER","description":"Medicube PDRN Pink Hyaluronic Moisturizing Cream mitrino\u0161ais l\u012bdzeklis ir sp\u0113c\u012bgs mitrino\u0161s l\u012bdzeklis, kas paredz\u0113ts c\u012b\u0146ai ar plankumiem","robots":{"index":"index","follow":"follow","max-snippet":"max-snippet:-1","max-image-preview":"max-image-preview:large","max-video-preview":"max-video-preview:-1"},"canonical":"https:\/\/www.facecorner.lv\/lv\/shop\/medicube-pdrn-pink-hyaluronic-moisturizing-cream-50ml\/","og_locale":"lv_LV","og_type":"article","og_title":"Medicube PDRN Pink Hyaluronic Moisturizing Cream 50ml - FACECORNER","og_description":"Medicube PDRN Pink Hyaluronic Moisturizing Cream mitrino\u0161ais l\u012bdzeklis ir sp\u0113c\u012bgs mitrino\u0161s l\u012bdzeklis, kas paredz\u0113ts c\u012b\u0146ai ar plankumiem","og_url":"https:\/\/www.facecorner.lv\/lv\/shop\/medicube-pdrn-pink-hyaluronic-moisturizing-cream-50ml\/","og_site_name":"FACECORNER","article_publisher":"https:\/\/www.facebook.com\/profile.php?id=100063824551839","article_modified_time":"2026-02-18T13:26:06+00:00","og_image":[{"width":800,"height":800,"url":"https:\/\/www.facecorner.lv\/wp-content\/uploads\/2025\/01\/buy-medicube-pdrn-pink-hyaluronic-moisturizing-cream-50ml-at-lila-beauty-korean-and-japanese-beauty-skin-care-649145.webp","type":"image\/webp"}],"twitter_card":"summary_large_image","twitter_misc":{"Price":"&euro;29.50","Availability":"Out of stock"},"schema":{"@context":"https:\/\/schema.org","@graph":[{"@type":"WebPage","@id":"https:\/\/www.facecorner.lv\/shop\/medicube-pdrn-pink-hyaluronic-moisturizing-cream-50ml\/","url":"https:\/\/www.facecorner.lv\/shop\/medicube-pdrn-pink-hyaluronic-moisturizing-cream-50ml\/","name":"Medicube PDRN Pink Hyaluronic Moisturizing Cream 50ml - FACECORNER","isPartOf":{"@id":"https:\/\/www.facecorner.lv\/#website"},"primaryImageOfPage":{"@id":"https:\/\/www.facecorner.lv\/shop\/medicube-pdrn-pink-hyaluronic-moisturizing-cream-50ml\/#primaryimage"},"image":{"@id":"https:\/\/www.facecorner.lv\/shop\/medicube-pdrn-pink-hyaluronic-moisturizing-cream-50ml\/#primaryimage"},"thumbnailUrl":"https:\/\/www.facecorner.lv\/wp-content\/uploads\/2025\/01\/buy-medicube-pdrn-pink-hyaluronic-moisturizing-cream-50ml-at-lila-beauty-korean-and-japanese-beauty-skin-care-649145.webp","datePublished":"2025-01-26T20:32:56+00:00","dateModified":"2026-02-18T13:26:06+00:00","description":"Medicube PDRN Pink Hyaluronic Moisturizing Cream mitrino\u0161ais l\u012bdzeklis ir sp\u0113c\u012bgs mitrino\u0161s l\u012bdzeklis, kas paredz\u0113ts c\u012b\u0146ai ar plankumiem","breadcrumb":{"@id":"https:\/\/www.facecorner.lv\/shop\/medicube-pdrn-pink-hyaluronic-moisturizing-cream-50ml\/#breadcrumb"},"inLanguage":"lv-LV","potentialAction":[{"@type":"ReadAction","target":["https:\/\/www.facecorner.lv\/shop\/medicube-pdrn-pink-hyaluronic-moisturizing-cream-50ml\/"]}]},{"@type":"ImageObject","inLanguage":"lv-LV","@id":"https:\/\/www.facecorner.lv\/shop\/medicube-pdrn-pink-hyaluronic-moisturizing-cream-50ml\/#primaryimage","url":"https:\/\/www.facecorner.lv\/wp-content\/uploads\/2025\/01\/buy-medicube-pdrn-pink-hyaluronic-moisturizing-cream-50ml-at-lila-beauty-korean-and-japanese-beauty-skin-care-649145.webp","contentUrl":"https:\/\/www.facecorner.lv\/wp-content\/uploads\/2025\/01\/buy-medicube-pdrn-pink-hyaluronic-moisturizing-cream-50ml-at-lila-beauty-korean-and-japanese-beauty-skin-care-649145.webp","width":800,"height":800,"caption":"Medicube PDRN Pink Hyaluronic Moisturizing Cream 50ml"},{"@type":"BreadcrumbList","@id":"https:\/\/www.facecorner.lv\/shop\/medicube-pdrn-pink-hyaluronic-moisturizing-cream-50ml\/#breadcrumb","itemListElement":[{"@type":"ListItem","position":1,"name":"Home","item":"https:\/\/www.facecorner.lv\/"},{"@type":"ListItem","position":2,"name":"Veikals","item":"https:\/\/www.facecorner.lv\/shop\/"},{"@type":"ListItem","position":3,"name":"Medicube PDRN Pink Hyaluronic Moisturizing Cream 50ml"}]},{"@type":"WebSite","@id":"https:\/\/www.facecorner.lv\/#website","url":"https:\/\/www.facecorner.lv\/","name":"Facecorner","description":"","publisher":{"@id":"https:\/\/www.facecorner.lv\/#organization"},"potentialAction":[{"@type":"SearchAction","target":{"@type":"EntryPoint","urlTemplate":"https:\/\/www.facecorner.lv\/?s={search_term_string}"},"query-input":{"@type":"PropertyValueSpecification","valueRequired":true,"valueName":"search_term_string"}}],"inLanguage":"lv-LV"},{"@type":"Organization","@id":"https:\/\/www.facecorner.lv\/#organization","name":"Facecorner","url":"https:\/\/www.facecorner.lv\/","logo":{"@type":"ImageObject","inLanguage":"lv-LV","@id":"https:\/\/www.facecorner.lv\/#\/schema\/logo\/image\/","url":"https:\/\/www.facecorner.lv\/wp-content\/uploads\/2024\/04\/fc-logo.jpg","contentUrl":"https:\/\/www.facecorner.lv\/wp-content\/uploads\/2024\/04\/fc-logo.jpg","width":174,"height":28,"caption":"Facecorner"},"image":{"@id":"https:\/\/www.facecorner.lv\/#\/schema\/logo\/image\/"},"sameAs":["https:\/\/www.facebook.com\/profile.php?id=100063824551839","https:\/\/www.instagram.com\/facecorner_shop\/"]}]},"product_price_amount":"29.50","product_price_currency":"EUR","og_availability":"out of stock","product_availability":"out of stock","product_condition":"new"},"_links":{"self":[{"href":"https:\/\/www.facecorner.lv\/lv\/wp-json\/wp\/v2\/product\/23114","targetHints":{"allow":["GET"]}}],"collection":[{"href":"https:\/\/www.facecorner.lv\/lv\/wp-json\/wp\/v2\/product"}],"about":[{"href":"https:\/\/www.facecorner.lv\/lv\/wp-json\/wp\/v2\/types\/product"}],"replies":[{"embeddable":true,"href":"https:\/\/www.facecorner.lv\/lv\/wp-json\/wp\/v2\/comments?post=23114"}],"wp:featuredmedia":[{"embeddable":true,"href":"https:\/\/www.facecorner.lv\/lv\/wp-json\/wp\/v2\/media\/23115"}],"wp:attachment":[{"href":"https:\/\/www.facecorner.lv\/lv\/wp-json\/wp\/v2\/media?parent=23114"}],"wp:term":[{"taxonomy":"product_brand","embeddable":true,"href":"https:\/\/www.facecorner.lv\/lv\/wp-json\/wp\/v2\/product_brand?post=23114"},{"taxonomy":"product_cat","embeddable":true,"href":"https:\/\/www.facecorner.lv\/lv\/wp-json\/wp\/v2\/product_cat?post=23114"},{"taxonomy":"product_tag","embeddable":true,"href":"https:\/\/www.facecorner.lv\/lv\/wp-json\/wp\/v2\/product_tag?post=23114"},{"taxonomy":"berocket_brand","embeddable":true,"href":"https:\/\/www.facecorner.lv\/lv\/wp-json\/wp\/v2\/berocket_brand?post=23114"}],"curies":[{"name":"wp","href":"https:\/\/api.w.org\/{rel}","templated":true}]}}