{"id":23106,"date":"2025-01-26T23:11:58","date_gmt":"2025-01-26T20:11:58","guid":{"rendered":"https:\/\/www.facecorner.lv\/?post_type=product&#038;p=23106"},"modified":"2025-02-04T16:43:03","modified_gmt":"2025-02-04T13:43:03","slug":"medicube-super-cica-dzili-attiross-balzams-100ml","status":"publish","type":"product","link":"https:\/\/www.facecorner.lv\/lv\/shop\/medicube-super-cica-dzili-attiross-balzams-100ml\/","title":{"rendered":"Medicube Super Cica dzi\u013ci att\u012bro\u0161s balzams 100ml"},"content":{"rendered":"<p>Medicube Super Cica dzi\u013ci att\u012bro\u0161s balzams att\u012bra \u0101du no visa veida net\u012brumiem un lieliski tiek gal\u0101 pat ar notur\u012bgu kosm\u0113tiku, vienlaikus mitrinot, barojot un m\u012bkstinot epidermu, k\u0101 ar\u012b sniedzot nomierino\u0161u efektu, neatst\u0101jot sausuma vai saspringuma saj\u016btu p\u0113c mazg\u0101\u0161anas.<\/p>\n<p>Unik\u0101l\u0101 produkta formula satur Centella asiatica kompleksu, kas ir iemesls \u0161erbeta maigajai za\u013cganajai kr\u0101sai. \u0160is sast\u0101vs pal\u012bdz pies\u0101tin\u0101t \u0101du ar nepiecie\u0161amaj\u0101m bar\u012bbas viel\u0101m un vit\u0101li svar\u012bgo mitrumu.<\/p>\n<p>Att\u012bro\u0161ais balzams pal\u012bdz\u0113s mitrin\u0101t, barot un att\u012br\u012bt \u0101du, no\u0146emot pat visnotur\u012bg\u0101ko kosm\u0113tiku, sebumu, net\u012brumus, nov\u0113r\u0161 pinnes un melnos punktus, regul\u0113 tauku dziedzeru darb\u012bbu, sa\u0161aurina poras.<\/p>\n<p>Balzama tekst\u016bra atg\u0101dina kr\u0113mveida \u0161erbetu, kas saskar\u0113 ar \u0101du p\u0101rv\u0113r\u0161as sviest\u0101, bet, pievienojot \u016bdeni, k\u013c\u016bst par kr\u0113mam l\u012bdz\u012bgu esenci.<\/p>\n<p><strong>Produkts ir dermatolo\u0123iski p\u0101rbaud\u012bts un atz\u012bts par dro\u0161u jut\u012bgai sejas \u0101dai.<\/strong><\/p>\n<p><strong>Lieto\u0161ana: <\/strong>Uzkl\u0101jiet pietiekami daudz l\u012bdzek\u013ca uz sausas \u0101das ar grimu. Maigi iemas\u0113jiet \u0101du, l\u012bdz l\u012bdzeklis iz\u0161\u0137\u012bdina grimu. Noskalojiet ar lielu daudzumu silta \u016bdens.<\/p>\n<p><strong>S\u0101stavs:<\/strong> Ethylhexyl Palmitate, PEG-20 Glyceryl Triisostearate, Isododecane, Hydrogenated Poly(C6-14 Olefin), Synthetic Wax, PEG-10 Isostearate, Silica Dimethyl Silylate, Fragrance, Olea Europaea (Olive) Fruit Oil, Centella Asiatica Leaf extract, Glyceryl Stearate, Water(Aqua), Simmondsia Chinensis (Jojoba) Seed Oil, Polyglyceryl-3, Polyricinoleate, Gardenia Florida Fruit Extract, Carthamus Tinctorius (Safflower) Flower Extract, Butylene Glycol, Coptis Japonica Extract, Glycerin, 1,2-Hexanediol, Dipropylene Glycol, Polyglyceryl-10 Oleate, Centella Asiatica Root Extract, Centella Asiatica Extract, Pentylene Glycol, Madecassoside, Capryloyl Salicylic Acid, 4-Terpineol, Prunus Amygdalus Dulcis (Sweet Almond) Oil, Propanediol, Asiatic Acid, Madecassic Acid, Asiaticoside, Chamomilla Recutita (Matricaria) Flower Oil, Indigofera Tinctoria Extract, Cynanchum Atratum Extract, Hemerocallis Fulva Flower Extract, Myosotis Sylvatica Flower\/Leaf\/Stem Extract, Hydroxycinnamic Acid, Rutin<\/p>\n<p>&nbsp;<\/p>\n","protected":false},"excerpt":{"rendered":"<p>Medicube Super Cica dzi\u013ci att\u012bro\u0161s balzams att\u012bra \u0101du no visa veida net\u012brumiem un lieliski tiek gal\u0101 pat ar notur\u012bgu kosm\u0113tiku, vienlaikus mitrinot, barojot un m\u012bkstinot epidermu, k\u0101 ar\u012b sniedzot nomierino\u0161u efektu, neatst\u0101jot sausuma vai saspringuma saj\u016btu p\u0113c mazg\u0101\u0161anas.<\/p>\n","protected":false},"featured_media":23107,"comment_status":"open","ping_status":"closed","template":"","meta":{"site-sidebar-layout":"default","site-content-layout":"","ast-site-content-layout":"default","site-content-style":"default","site-sidebar-style":"default","ast-global-header-display":"","ast-banner-title-visibility":"","ast-main-header-display":"","ast-hfb-above-header-display":"","ast-hfb-below-header-display":"","ast-hfb-mobile-header-display":"","site-post-title":"","ast-breadcrumbs-content":"","ast-featured-img":"","footer-sml-layout":"","theme-transparent-header-meta":"default","adv-header-id-meta":"","stick-header-meta":"","header-above-stick-meta":"","header-main-stick-meta":"","header-below-stick-meta":"","astra-migrate-meta-layouts":"set","ast-page-background-enabled":"default","ast-page-background-meta":{"desktop":{"background-color":"var(--ast-global-color-4)","background-image":"","background-repeat":"repeat","background-position":"center center","background-size":"auto","background-attachment":"scroll","background-type":"","background-media":"","overlay-type":"","overlay-color":"","overlay-opacity":"","overlay-gradient":""},"tablet":{"background-color":"","background-image":"","background-repeat":"repeat","background-position":"center center","background-size":"auto","background-attachment":"scroll","background-type":"","background-media":"","overlay-type":"","overlay-color":"","overlay-opacity":"","overlay-gradient":""},"mobile":{"background-color":"","background-image":"","background-repeat":"repeat","background-position":"center center","background-size":"auto","background-attachment":"scroll","background-type":"","background-media":"","overlay-type":"","overlay-color":"","overlay-opacity":"","overlay-gradient":""}},"ast-content-background-meta":{"desktop":{"background-color":"var(--ast-global-color-5)","background-image":"","background-repeat":"repeat","background-position":"center center","background-size":"auto","background-attachment":"scroll","background-type":"","background-media":"","overlay-type":"","overlay-color":"","overlay-opacity":"","overlay-gradient":""},"tablet":{"background-color":"var(--ast-global-color-5)","background-image":"","background-repeat":"repeat","background-position":"center center","background-size":"auto","background-attachment":"scroll","background-type":"","background-media":"","overlay-type":"","overlay-color":"","overlay-opacity":"","overlay-gradient":""},"mobile":{"background-color":"var(--ast-global-color-5)","background-image":"","background-repeat":"repeat","background-position":"center center","background-size":"auto","background-attachment":"scroll","background-type":"","background-media":"","overlay-type":"","overlay-color":"","overlay-opacity":"","overlay-gradient":""}}},"product_brand":[],"product_cat":[511,321],"product_tag":[],"berocket_brand":[],"class_list":{"0":"post-23106","1":"product","2":"type-product","3":"status-publish","4":"has-post-thumbnail","6":"product_cat-atlaides","7":"product_cat-hidrofila-ella","8":"desktop-align-left","9":"tablet-align-left","10":"mobile-align-left","12":"first","13":"outofstock","14":"sale","15":"taxable","16":"shipping-taxable","17":"purchasable","18":"product-type-simple","19":"add-to-wishlist-before_image"},"yoast_head":"<!-- This site is optimized with the Yoast SEO plugin v27.4 - https:\/\/yoast.com\/product\/yoast-seo-wordpress\/ -->\n<title>Medicube Super Cica dzi\u013ci att\u012bro\u0161s balzams 100ml - FACECORNER<\/title>\n<meta name=\"description\" content=\"Medicube Super Cica dzi\u013ci att\u012bro\u0161s balzams att\u012bra \u0101du no visa veida net\u012brumiem un lieliski tiek gal\u0101 pat ar notur\u012bgu kosm\u0113tiku.\" \/>\n<meta name=\"robots\" content=\"index, follow, max-snippet:-1, max-image-preview:large, max-video-preview:-1\" \/>\n<link rel=\"canonical\" href=\"https:\/\/www.facecorner.lv\/lv\/shop\/medicube-super-cica-dzili-attiross-balzams-100ml\/\" \/>\n<meta property=\"og:locale\" content=\"lv_LV\" \/>\n<meta property=\"og:type\" content=\"article\" \/>\n<meta property=\"og:title\" content=\"Medicube Super Cica dzi\u013ci att\u012bro\u0161s balzams 100ml - FACECORNER\" \/>\n<meta property=\"og:description\" content=\"Medicube Super Cica dzi\u013ci att\u012bro\u0161s balzams att\u012bra \u0101du no visa veida net\u012brumiem un lieliski tiek gal\u0101 pat ar notur\u012bgu kosm\u0113tiku.\" \/>\n<meta property=\"og:url\" content=\"https:\/\/www.facecorner.lv\/lv\/shop\/medicube-super-cica-dzili-attiross-balzams-100ml\/\" \/>\n<meta property=\"og:site_name\" content=\"FACECORNER\" \/>\n<meta property=\"article:publisher\" content=\"https:\/\/www.facebook.com\/profile.php?id=100063824551839\" \/>\n<meta property=\"article:modified_time\" content=\"2025-02-04T13:43:03+00:00\" \/>\n<meta property=\"og:image\" content=\"https:\/\/www.facecorner.lv\/wp-content\/uploads\/2025\/01\/2024_SG_016ca48a-a584-4b91-b876-9bfac537729d.webp\" \/>\n\t<meta property=\"og:image:width\" content=\"1080\" \/>\n\t<meta property=\"og:image:height\" content=\"1080\" \/>\n\t<meta property=\"og:image:type\" content=\"image\/webp\" \/>\n<meta name=\"twitter:card\" content=\"summary_large_image\" \/>\n<meta name=\"twitter:label1\" content=\"Price\" \/>\n\t<meta name=\"twitter:data1\" content=\"&euro;27.50\" \/>\n\t<meta name=\"twitter:label2\" content=\"Availability\" \/>\n\t<meta name=\"twitter:data2\" content=\"Out of stock\" \/>\n<script type=\"application\/ld+json\" class=\"yoast-schema-graph\">{\"@context\":\"https:\\\/\\\/schema.org\",\"@graph\":[{\"@type\":\"WebPage\",\"@id\":\"https:\\\/\\\/www.facecorner.lv\\\/shop\\\/medicube-super-cica-dzili-attiross-balzams-100ml\\\/\",\"url\":\"https:\\\/\\\/www.facecorner.lv\\\/shop\\\/medicube-super-cica-dzili-attiross-balzams-100ml\\\/\",\"name\":\"Medicube Super Cica dzi\u013ci att\u012bro\u0161s balzams 100ml - FACECORNER\",\"isPartOf\":{\"@id\":\"https:\\\/\\\/www.facecorner.lv\\\/#website\"},\"primaryImageOfPage\":{\"@id\":\"https:\\\/\\\/www.facecorner.lv\\\/shop\\\/medicube-super-cica-dzili-attiross-balzams-100ml\\\/#primaryimage\"},\"image\":{\"@id\":\"https:\\\/\\\/www.facecorner.lv\\\/shop\\\/medicube-super-cica-dzili-attiross-balzams-100ml\\\/#primaryimage\"},\"thumbnailUrl\":\"https:\\\/\\\/www.facecorner.lv\\\/wp-content\\\/uploads\\\/2025\\\/01\\\/2024_SG_016ca48a-a584-4b91-b876-9bfac537729d.webp\",\"datePublished\":\"2025-01-26T20:11:58+00:00\",\"dateModified\":\"2025-02-04T13:43:03+00:00\",\"description\":\"Medicube Super Cica dzi\u013ci att\u012bro\u0161s balzams att\u012bra \u0101du no visa veida net\u012brumiem un lieliski tiek gal\u0101 pat ar notur\u012bgu kosm\u0113tiku.\",\"breadcrumb\":{\"@id\":\"https:\\\/\\\/www.facecorner.lv\\\/shop\\\/medicube-super-cica-dzili-attiross-balzams-100ml\\\/#breadcrumb\"},\"inLanguage\":\"lv-LV\",\"potentialAction\":[{\"@type\":\"ReadAction\",\"target\":[\"https:\\\/\\\/www.facecorner.lv\\\/shop\\\/medicube-super-cica-dzili-attiross-balzams-100ml\\\/\"]}]},{\"@type\":\"ImageObject\",\"inLanguage\":\"lv-LV\",\"@id\":\"https:\\\/\\\/www.facecorner.lv\\\/shop\\\/medicube-super-cica-dzili-attiross-balzams-100ml\\\/#primaryimage\",\"url\":\"https:\\\/\\\/www.facecorner.lv\\\/wp-content\\\/uploads\\\/2025\\\/01\\\/2024_SG_016ca48a-a584-4b91-b876-9bfac537729d.webp\",\"contentUrl\":\"https:\\\/\\\/www.facecorner.lv\\\/wp-content\\\/uploads\\\/2025\\\/01\\\/2024_SG_016ca48a-a584-4b91-b876-9bfac537729d.webp\",\"width\":1080,\"height\":1080,\"caption\":\"Medicube Super Cica dzi\u013ci att\u012bro\u0161s balzams 100ml\"},{\"@type\":\"BreadcrumbList\",\"@id\":\"https:\\\/\\\/www.facecorner.lv\\\/shop\\\/medicube-super-cica-dzili-attiross-balzams-100ml\\\/#breadcrumb\",\"itemListElement\":[{\"@type\":\"ListItem\",\"position\":1,\"name\":\"Home\",\"item\":\"https:\\\/\\\/www.facecorner.lv\\\/\"},{\"@type\":\"ListItem\",\"position\":2,\"name\":\"Veikals\",\"item\":\"https:\\\/\\\/www.facecorner.lv\\\/shop\\\/\"},{\"@type\":\"ListItem\",\"position\":3,\"name\":\"Medicube Super Cica dzi\u013ci att\u012bro\u0161s balzams 100ml\"}]},{\"@type\":\"WebSite\",\"@id\":\"https:\\\/\\\/www.facecorner.lv\\\/#website\",\"url\":\"https:\\\/\\\/www.facecorner.lv\\\/\",\"name\":\"Facecorner\",\"description\":\"\",\"publisher\":{\"@id\":\"https:\\\/\\\/www.facecorner.lv\\\/#organization\"},\"potentialAction\":[{\"@type\":\"SearchAction\",\"target\":{\"@type\":\"EntryPoint\",\"urlTemplate\":\"https:\\\/\\\/www.facecorner.lv\\\/?s={search_term_string}\"},\"query-input\":{\"@type\":\"PropertyValueSpecification\",\"valueRequired\":true,\"valueName\":\"search_term_string\"}}],\"inLanguage\":\"lv-LV\"},{\"@type\":\"Organization\",\"@id\":\"https:\\\/\\\/www.facecorner.lv\\\/#organization\",\"name\":\"Facecorner\",\"url\":\"https:\\\/\\\/www.facecorner.lv\\\/\",\"logo\":{\"@type\":\"ImageObject\",\"inLanguage\":\"lv-LV\",\"@id\":\"https:\\\/\\\/www.facecorner.lv\\\/#\\\/schema\\\/logo\\\/image\\\/\",\"url\":\"https:\\\/\\\/www.facecorner.lv\\\/wp-content\\\/uploads\\\/2024\\\/04\\\/fc-logo.jpg\",\"contentUrl\":\"https:\\\/\\\/www.facecorner.lv\\\/wp-content\\\/uploads\\\/2024\\\/04\\\/fc-logo.jpg\",\"width\":174,\"height\":28,\"caption\":\"Facecorner\"},\"image\":{\"@id\":\"https:\\\/\\\/www.facecorner.lv\\\/#\\\/schema\\\/logo\\\/image\\\/\"},\"sameAs\":[\"https:\\\/\\\/www.facebook.com\\\/profile.php?id=100063824551839\",\"https:\\\/\\\/www.instagram.com\\\/facecorner_shop\\\/\"]}]}<\/script>\n<meta property=\"product:price:amount\" content=\"27.50\" \/>\n<meta property=\"product:price:currency\" content=\"EUR\" \/>\n<meta property=\"og:availability\" content=\"out of stock\" \/>\n<meta property=\"product:availability\" content=\"out of stock\" \/>\n<meta property=\"product:condition\" content=\"new\" \/>\n<!-- \/ Yoast SEO plugin. -->","yoast_head_json":{"title":"Medicube Super Cica dzi\u013ci att\u012bro\u0161s balzams 100ml - FACECORNER","description":"Medicube Super Cica dzi\u013ci att\u012bro\u0161s balzams att\u012bra \u0101du no visa veida net\u012brumiem un lieliski tiek gal\u0101 pat ar notur\u012bgu kosm\u0113tiku.","robots":{"index":"index","follow":"follow","max-snippet":"max-snippet:-1","max-image-preview":"max-image-preview:large","max-video-preview":"max-video-preview:-1"},"canonical":"https:\/\/www.facecorner.lv\/lv\/shop\/medicube-super-cica-dzili-attiross-balzams-100ml\/","og_locale":"lv_LV","og_type":"article","og_title":"Medicube Super Cica dzi\u013ci att\u012bro\u0161s balzams 100ml - FACECORNER","og_description":"Medicube Super Cica dzi\u013ci att\u012bro\u0161s balzams att\u012bra \u0101du no visa veida net\u012brumiem un lieliski tiek gal\u0101 pat ar notur\u012bgu kosm\u0113tiku.","og_url":"https:\/\/www.facecorner.lv\/lv\/shop\/medicube-super-cica-dzili-attiross-balzams-100ml\/","og_site_name":"FACECORNER","article_publisher":"https:\/\/www.facebook.com\/profile.php?id=100063824551839","article_modified_time":"2025-02-04T13:43:03+00:00","og_image":[{"width":1080,"height":1080,"url":"https:\/\/www.facecorner.lv\/wp-content\/uploads\/2025\/01\/2024_SG_016ca48a-a584-4b91-b876-9bfac537729d.webp","type":"image\/webp"}],"twitter_card":"summary_large_image","twitter_misc":{"Price":"&euro;27.50","Availability":"Out of stock"},"schema":{"@context":"https:\/\/schema.org","@graph":[{"@type":"WebPage","@id":"https:\/\/www.facecorner.lv\/shop\/medicube-super-cica-dzili-attiross-balzams-100ml\/","url":"https:\/\/www.facecorner.lv\/shop\/medicube-super-cica-dzili-attiross-balzams-100ml\/","name":"Medicube Super Cica dzi\u013ci att\u012bro\u0161s balzams 100ml - FACECORNER","isPartOf":{"@id":"https:\/\/www.facecorner.lv\/#website"},"primaryImageOfPage":{"@id":"https:\/\/www.facecorner.lv\/shop\/medicube-super-cica-dzili-attiross-balzams-100ml\/#primaryimage"},"image":{"@id":"https:\/\/www.facecorner.lv\/shop\/medicube-super-cica-dzili-attiross-balzams-100ml\/#primaryimage"},"thumbnailUrl":"https:\/\/www.facecorner.lv\/wp-content\/uploads\/2025\/01\/2024_SG_016ca48a-a584-4b91-b876-9bfac537729d.webp","datePublished":"2025-01-26T20:11:58+00:00","dateModified":"2025-02-04T13:43:03+00:00","description":"Medicube Super Cica dzi\u013ci att\u012bro\u0161s balzams att\u012bra \u0101du no visa veida net\u012brumiem un lieliski tiek gal\u0101 pat ar notur\u012bgu kosm\u0113tiku.","breadcrumb":{"@id":"https:\/\/www.facecorner.lv\/shop\/medicube-super-cica-dzili-attiross-balzams-100ml\/#breadcrumb"},"inLanguage":"lv-LV","potentialAction":[{"@type":"ReadAction","target":["https:\/\/www.facecorner.lv\/shop\/medicube-super-cica-dzili-attiross-balzams-100ml\/"]}]},{"@type":"ImageObject","inLanguage":"lv-LV","@id":"https:\/\/www.facecorner.lv\/shop\/medicube-super-cica-dzili-attiross-balzams-100ml\/#primaryimage","url":"https:\/\/www.facecorner.lv\/wp-content\/uploads\/2025\/01\/2024_SG_016ca48a-a584-4b91-b876-9bfac537729d.webp","contentUrl":"https:\/\/www.facecorner.lv\/wp-content\/uploads\/2025\/01\/2024_SG_016ca48a-a584-4b91-b876-9bfac537729d.webp","width":1080,"height":1080,"caption":"Medicube Super Cica dzi\u013ci att\u012bro\u0161s balzams 100ml"},{"@type":"BreadcrumbList","@id":"https:\/\/www.facecorner.lv\/shop\/medicube-super-cica-dzili-attiross-balzams-100ml\/#breadcrumb","itemListElement":[{"@type":"ListItem","position":1,"name":"Home","item":"https:\/\/www.facecorner.lv\/"},{"@type":"ListItem","position":2,"name":"Veikals","item":"https:\/\/www.facecorner.lv\/shop\/"},{"@type":"ListItem","position":3,"name":"Medicube Super Cica dzi\u013ci att\u012bro\u0161s balzams 100ml"}]},{"@type":"WebSite","@id":"https:\/\/www.facecorner.lv\/#website","url":"https:\/\/www.facecorner.lv\/","name":"Facecorner","description":"","publisher":{"@id":"https:\/\/www.facecorner.lv\/#organization"},"potentialAction":[{"@type":"SearchAction","target":{"@type":"EntryPoint","urlTemplate":"https:\/\/www.facecorner.lv\/?s={search_term_string}"},"query-input":{"@type":"PropertyValueSpecification","valueRequired":true,"valueName":"search_term_string"}}],"inLanguage":"lv-LV"},{"@type":"Organization","@id":"https:\/\/www.facecorner.lv\/#organization","name":"Facecorner","url":"https:\/\/www.facecorner.lv\/","logo":{"@type":"ImageObject","inLanguage":"lv-LV","@id":"https:\/\/www.facecorner.lv\/#\/schema\/logo\/image\/","url":"https:\/\/www.facecorner.lv\/wp-content\/uploads\/2024\/04\/fc-logo.jpg","contentUrl":"https:\/\/www.facecorner.lv\/wp-content\/uploads\/2024\/04\/fc-logo.jpg","width":174,"height":28,"caption":"Facecorner"},"image":{"@id":"https:\/\/www.facecorner.lv\/#\/schema\/logo\/image\/"},"sameAs":["https:\/\/www.facebook.com\/profile.php?id=100063824551839","https:\/\/www.instagram.com\/facecorner_shop\/"]}]},"product_price_amount":"27.50","product_price_currency":"EUR","og_availability":"out of stock","product_availability":"out of stock","product_condition":"new"},"_links":{"self":[{"href":"https:\/\/www.facecorner.lv\/lv\/wp-json\/wp\/v2\/product\/23106","targetHints":{"allow":["GET"]}}],"collection":[{"href":"https:\/\/www.facecorner.lv\/lv\/wp-json\/wp\/v2\/product"}],"about":[{"href":"https:\/\/www.facecorner.lv\/lv\/wp-json\/wp\/v2\/types\/product"}],"replies":[{"embeddable":true,"href":"https:\/\/www.facecorner.lv\/lv\/wp-json\/wp\/v2\/comments?post=23106"}],"wp:featuredmedia":[{"embeddable":true,"href":"https:\/\/www.facecorner.lv\/lv\/wp-json\/wp\/v2\/media\/23107"}],"wp:attachment":[{"href":"https:\/\/www.facecorner.lv\/lv\/wp-json\/wp\/v2\/media?parent=23106"}],"wp:term":[{"taxonomy":"product_brand","embeddable":true,"href":"https:\/\/www.facecorner.lv\/lv\/wp-json\/wp\/v2\/product_brand?post=23106"},{"taxonomy":"product_cat","embeddable":true,"href":"https:\/\/www.facecorner.lv\/lv\/wp-json\/wp\/v2\/product_cat?post=23106"},{"taxonomy":"product_tag","embeddable":true,"href":"https:\/\/www.facecorner.lv\/lv\/wp-json\/wp\/v2\/product_tag?post=23106"},{"taxonomy":"berocket_brand","embeddable":true,"href":"https:\/\/www.facecorner.lv\/lv\/wp-json\/wp\/v2\/berocket_brand?post=23106"}],"curies":[{"name":"wp","href":"https:\/\/api.w.org\/{rel}","templated":true}]}}