{"id":23081,"date":"2025-01-24T13:22:07","date_gmt":"2025-01-24T10:22:07","guid":{"rendered":"https:\/\/www.facecorner.lv\/?post_type=product&#038;p=23081"},"modified":"2025-04-30T00:19:26","modified_gmt":"2025-04-29T21:19:26","slug":"nomierinoss-krems-ar-houttuynia-anua-heartleaf-70-cream-soothing-50ml","status":"publish","type":"product","link":"https:\/\/www.facecorner.lv\/lv\/shop\/nomierinoss-krems-ar-houttuynia-anua-heartleaf-70-cream-soothing-50ml\/","title":{"rendered":"Nomierino\u0161s kr\u0113ms ar Houttuynia Anua Heartleaf 70% Cream Soothing 50ml"},"content":{"rendered":"<p>Nomierino\u0161s kr\u0113ms ar Houttuynia Anua Heartleaf 70% Cream Soothing\u00a0 atjauno jut\u012bgu \u0101du, atjauno mitrumu, nov\u0113r\u0161 sausumu un sasprindzin\u0101jumu. Samazina jut\u012bbu pret \u0101r\u0113jiem kairin\u0101t\u0101jiem, nesatur m\u0101ksl\u012bg\u0101s kr\u0101svielas un smar\u017evielas.<\/p>\n<p>\u0100tri uzs\u016bcas bez lip\u012bguma un e\u013c\u013cas pl\u0113ves, atsvaidzina, mazina kairin\u0101jumu un aps\u0101rtumu, stiprina dabisko aizsargbarjeru. Nodro\u0161ina ilgsto\u0161u mitrin\u0101\u0161anu, viegla \u017eelejveida tekst\u016bra.<\/p>\n<p>Satur 70 % Houttuynia cordifolia ekstrakta, sast\u0101vda\u013cai piem\u012bt pretiekaisuma un nomierino\u0161as \u012bpa\u0161\u012bbas, dzied\u0113 traumas un br\u016bces, padara \u0101du notur\u012bgu pret \u0101r\u0113jiem kairin\u0101t\u0101jiem.<\/p>\n<p><strong>Papildu akt\u012bv\u0101s sast\u0101vda\u013cas:<\/strong><\/p>\n<ul>\n<li>Centella asiatica komplekss satur centellas ekstraktu un 4 t\u0101s atvasin\u0101jumus: asiatikos\u012bdu, madekasos\u012bdu, madekassk\u0101bi un asiatsk\u0101bi. Tas nov\u0113r\u0161 aps\u0101rtumu un kairin\u0101jumu, nomierina, veicina dz\u012b\u0161anu un stiprina aizsargbarjeru, k\u0101 ar\u012b nostiprina asinsvadu sieni\u0146as, nov\u0113r\u0161ot asinsvadu zvaigzn\u012btes ra\u0161anos.<\/li>\n<li>Pantenols (vitam\u012bns B5) dzied\u0113 br\u016bces un traumas, mazina aps\u0101rtumu un niezi, stiprina hidrolip\u012bdu barjeru, nov\u0113r\u0161 mitruma iztvaiko\u0161anu un veicina re\u0123ener\u0101ciju.<\/li>\n<li>Beta\u012bns ir aminosk\u0101bes atvasin\u0101jums, tas saglab\u0101 mitrumu epiderm\u0101 un aizsarg\u0101 \u0161\u016bnu membr\u0101nas, nov\u0113r\u0161 dehidrat\u0101ciju, uztur \u0101du gludu un m\u012bkstu.<\/li>\n<li>Niacinam\u012bdam (vitam\u012bnam B3) piem\u012bt daudzfunkcion\u0101la iedarb\u012bba: tas regul\u0113 sebuma veido\u0161anos, nov\u0113r\u0161ot taukainu sp\u012bdumu, izgaismo un nov\u0113r\u0161 pigment\u0101ciju, stimul\u0113 kolag\u0113na veido\u0161anos, palielinot tvirtumu un elast\u012bbu.<\/li>\n<li>Portulakas ekstrakts pa\u0101trina re\u0123ener\u0101ciju un veicina dz\u012b\u0161anu, sa\u0161aurina poras un samazina sebuma veido\u0161anos.<\/li>\n<li>Fruktooligosahar\u012bdi pal\u012bdz uztur\u0113t vesel\u012bgu mikrobiotu, mazinot \u0101r\u0113jo kairin\u0101t\u0101ju ietekmi uz epidermu, saglab\u0101jot \u0101du gludu.<\/li>\n<\/ul>\n<p><strong>Lieto\u0161ana:<\/strong> p\u0113c mazg\u0101\u0161anas, toniz\u0113\u0161anas un seruma lieto\u0161anas uzkl\u0101jiet kr\u0113mu uz sejas, izkl\u0101jiet to pa \u0101du.<\/p>\n<p><strong>S\u0101stavs:<\/strong> Houttuynia Cordata Extract (70%), Butylene Glycol, Glycerin, Isoamyl Laurate, Water, Pentylene Glycol, 1,2-Hexanediol, Centerlla Asiatica (Gotu Kola) Extract, Portulaca Oleracea Extract, Betaine, Madecassic Acid, Asiatic Acid, Asiaticoside, Chlorella Vulgaris Extract, Panthenol, Ethylhexylglycerin, Hydrogenated Polydecene, Glucose, Niacinamide, Vinyl Dimethicone, Caprylyl Methicone, Hydroxyethyl Acrylate\/Sodium Acryloyldimethyl Taurate Copolymer, Acrylates\/C10-30 Alkyl Acrylate Crosspolymer, Dimethiconol, Polymethylsilsesquioxane, Glyceryl Acrylate\/Acrylic Acid Copolymer, Tromethamine, Ammonium Acryloyldimethyltaurate\/VP Copolymer, Fructooligosaccharides, Fructose, Dipotassium Glycyrrhizate, Sodium Phytate, Dipropylene Glycol, Tocopherol, Xanthan Gum<\/p>\n<p>&nbsp;<\/p>\n","protected":false},"excerpt":{"rendered":"<p>Nomierino\u0161s kr\u0113ms ar Houttuynia Anua Heartleaf 70% Cream Soothing\u00a0 atjauno jut\u012bgu \u0101du, atjauno mitrumu, nov\u0113r\u0161 sausumu un sasprindzin\u0101jumu. \u0100tri uzs\u016bcas bez lip\u012bguma, atsvaidzina, mazina kairin\u0101jumu un aps\u0101rtumu, stiprina dabisko aizsargbarjeru. Nodro\u0161ina ilgsto\u0161u mitrin\u0101\u0161anu, tai ir viegla \u017eelejveida tekst\u016bra. Sast\u0101v\u0101 ir 70 % houtt\u016bnijas ekstrakta, centellas komplekss, pantenols, beta\u012bns, niacinam\u012bds un portulakas ekstrakts.<\/p>\n<p>&nbsp;<\/p>\n","protected":false},"featured_media":23082,"comment_status":"open","ping_status":"closed","template":"","meta":{"site-sidebar-layout":"default","site-content-layout":"","ast-site-content-layout":"default","site-content-style":"default","site-sidebar-style":"default","ast-global-header-display":"","ast-banner-title-visibility":"","ast-main-header-display":"","ast-hfb-above-header-display":"","ast-hfb-below-header-display":"","ast-hfb-mobile-header-display":"","site-post-title":"","ast-breadcrumbs-content":"","ast-featured-img":"","footer-sml-layout":"","theme-transparent-header-meta":"default","adv-header-id-meta":"","stick-header-meta":"","header-above-stick-meta":"","header-main-stick-meta":"","header-below-stick-meta":"","astra-migrate-meta-layouts":"set","ast-page-background-enabled":"default","ast-page-background-meta":{"desktop":{"background-color":"var(--ast-global-color-4)","background-image":"","background-repeat":"repeat","background-position":"center center","background-size":"auto","background-attachment":"scroll","background-type":"","background-media":"","overlay-type":"","overlay-color":"","overlay-opacity":"","overlay-gradient":""},"tablet":{"background-color":"","background-image":"","background-repeat":"repeat","background-position":"center center","background-size":"auto","background-attachment":"scroll","background-type":"","background-media":"","overlay-type":"","overlay-color":"","overlay-opacity":"","overlay-gradient":""},"mobile":{"background-color":"","background-image":"","background-repeat":"repeat","background-position":"center center","background-size":"auto","background-attachment":"scroll","background-type":"","background-media":"","overlay-type":"","overlay-color":"","overlay-opacity":"","overlay-gradient":""}},"ast-content-background-meta":{"desktop":{"background-color":"var(--ast-global-color-5)","background-image":"","background-repeat":"repeat","background-position":"center center","background-size":"auto","background-attachment":"scroll","background-type":"","background-media":"","overlay-type":"","overlay-color":"","overlay-opacity":"","overlay-gradient":""},"tablet":{"background-color":"var(--ast-global-color-5)","background-image":"","background-repeat":"repeat","background-position":"center center","background-size":"auto","background-attachment":"scroll","background-type":"","background-media":"","overlay-type":"","overlay-color":"","overlay-opacity":"","overlay-gradient":""},"mobile":{"background-color":"var(--ast-global-color-5)","background-image":"","background-repeat":"repeat","background-position":"center center","background-size":"auto","background-attachment":"scroll","background-type":"","background-media":"","overlay-type":"","overlay-color":"","overlay-opacity":"","overlay-gradient":""}}},"product_brand":[],"product_cat":[511,366,367,369,362],"product_tag":[],"berocket_brand":[575],"class_list":{"0":"post-23081","1":"product","2":"type-product","3":"status-publish","4":"has-post-thumbnail","6":"product_cat-atlaides","7":"product_cat-mitrinoss","8":"product_cat-nomierinoss","9":"product_cat-problematiskai-adai-sejas-krems","10":"product_cat-sejas-krems","11":"berocket_brand-anua","12":"desktop-align-left","13":"tablet-align-left","14":"mobile-align-left","16":"first","17":"outofstock","18":"sale","19":"taxable","20":"shipping-taxable","21":"purchasable","22":"product-type-simple","23":"add-to-wishlist-before_image"},"yoast_head":"<!-- This site is optimized with the Yoast SEO plugin v27.3 - https:\/\/yoast.com\/product\/yoast-seo-wordpress\/ -->\n<title>Nomierino\u0161s kr\u0113ms ar Houttuynia Anua Heartleaf 70% Cream Soothing 50ml - FACECORNER<\/title>\n<meta name=\"description\" content=\"Nomierino\u0161s kr\u0113ms ar Houttuynia Anua Heartleaf 70% Cream Soothing\u00a0 atjauno jut\u012bgu \u0101du, atjauno mitrumu, nov\u0113r\u0161 sausumu un sasprindzin\u0101jumu.\" \/>\n<meta name=\"robots\" content=\"index, follow, max-snippet:-1, max-image-preview:large, max-video-preview:-1\" \/>\n<link rel=\"canonical\" href=\"https:\/\/www.facecorner.lv\/lv\/shop\/nomierinoss-krems-ar-houttuynia-anua-heartleaf-70-cream-soothing-50ml\/\" \/>\n<meta property=\"og:locale\" content=\"lv_LV\" \/>\n<meta property=\"og:type\" content=\"article\" \/>\n<meta property=\"og:title\" content=\"Nomierino\u0161s kr\u0113ms ar Houttuynia Anua Heartleaf 70% Cream Soothing 50ml - FACECORNER\" \/>\n<meta property=\"og:description\" content=\"Nomierino\u0161s kr\u0113ms ar Houttuynia Anua Heartleaf 70% Cream Soothing\u00a0 atjauno jut\u012bgu \u0101du, atjauno mitrumu, nov\u0113r\u0161 sausumu un sasprindzin\u0101jumu.\" \/>\n<meta property=\"og:url\" content=\"https:\/\/www.facecorner.lv\/lv\/shop\/nomierinoss-krems-ar-houttuynia-anua-heartleaf-70-cream-soothing-50ml\/\" \/>\n<meta property=\"og:site_name\" content=\"FACECORNER\" \/>\n<meta property=\"article:publisher\" content=\"https:\/\/www.facebook.com\/profile.php?id=100063824551839\" \/>\n<meta property=\"article:modified_time\" content=\"2025-04-29T21:19:26+00:00\" \/>\n<meta property=\"og:image\" content=\"https:\/\/www.facecorner.lv\/wp-content\/uploads\/2025\/01\/syex71rp.jpg\" \/>\n\t<meta property=\"og:image:width\" content=\"1320\" \/>\n\t<meta property=\"og:image:height\" content=\"1320\" \/>\n\t<meta property=\"og:image:type\" content=\"image\/jpeg\" \/>\n<meta name=\"twitter:card\" content=\"summary_large_image\" \/>\n<meta name=\"twitter:label1\" content=\"Price\" \/>\n\t<meta name=\"twitter:data1\" content=\"&euro;27.90\" \/>\n\t<meta name=\"twitter:label2\" content=\"Availability\" \/>\n\t<meta name=\"twitter:data2\" content=\"Out of stock\" \/>\n<script type=\"application\/ld+json\" class=\"yoast-schema-graph\">{\"@context\":\"https:\\\/\\\/schema.org\",\"@graph\":[{\"@type\":\"WebPage\",\"@id\":\"https:\\\/\\\/www.facecorner.lv\\\/shop\\\/nomierinoss-krems-ar-houttuynia-anua-heartleaf-70-cream-soothing-50ml\\\/\",\"url\":\"https:\\\/\\\/www.facecorner.lv\\\/shop\\\/nomierinoss-krems-ar-houttuynia-anua-heartleaf-70-cream-soothing-50ml\\\/\",\"name\":\"Nomierino\u0161s kr\u0113ms ar Houttuynia Anua Heartleaf 70% Cream Soothing 50ml - FACECORNER\",\"isPartOf\":{\"@id\":\"https:\\\/\\\/www.facecorner.lv\\\/#website\"},\"primaryImageOfPage\":{\"@id\":\"https:\\\/\\\/www.facecorner.lv\\\/shop\\\/nomierinoss-krems-ar-houttuynia-anua-heartleaf-70-cream-soothing-50ml\\\/#primaryimage\"},\"image\":{\"@id\":\"https:\\\/\\\/www.facecorner.lv\\\/shop\\\/nomierinoss-krems-ar-houttuynia-anua-heartleaf-70-cream-soothing-50ml\\\/#primaryimage\"},\"thumbnailUrl\":\"https:\\\/\\\/www.facecorner.lv\\\/wp-content\\\/uploads\\\/2025\\\/01\\\/syex71rp.jpg\",\"datePublished\":\"2025-01-24T10:22:07+00:00\",\"dateModified\":\"2025-04-29T21:19:26+00:00\",\"description\":\"Nomierino\u0161s kr\u0113ms ar Houttuynia Anua Heartleaf 70% Cream Soothing\u00a0 atjauno jut\u012bgu \u0101du, atjauno mitrumu, nov\u0113r\u0161 sausumu un sasprindzin\u0101jumu.\",\"breadcrumb\":{\"@id\":\"https:\\\/\\\/www.facecorner.lv\\\/shop\\\/nomierinoss-krems-ar-houttuynia-anua-heartleaf-70-cream-soothing-50ml\\\/#breadcrumb\"},\"inLanguage\":\"lv-LV\",\"potentialAction\":[{\"@type\":\"ReadAction\",\"target\":[\"https:\\\/\\\/www.facecorner.lv\\\/shop\\\/nomierinoss-krems-ar-houttuynia-anua-heartleaf-70-cream-soothing-50ml\\\/\"]}]},{\"@type\":\"ImageObject\",\"inLanguage\":\"lv-LV\",\"@id\":\"https:\\\/\\\/www.facecorner.lv\\\/shop\\\/nomierinoss-krems-ar-houttuynia-anua-heartleaf-70-cream-soothing-50ml\\\/#primaryimage\",\"url\":\"https:\\\/\\\/www.facecorner.lv\\\/wp-content\\\/uploads\\\/2025\\\/01\\\/syex71rp.jpg\",\"contentUrl\":\"https:\\\/\\\/www.facecorner.lv\\\/wp-content\\\/uploads\\\/2025\\\/01\\\/syex71rp.jpg\",\"width\":1320,\"height\":1320,\"caption\":\"Nomierino\u0161s kr\u0113ms ar Houttuynia Anua Heartleaf 70% Cream Soothing 50ml\"},{\"@type\":\"BreadcrumbList\",\"@id\":\"https:\\\/\\\/www.facecorner.lv\\\/shop\\\/nomierinoss-krems-ar-houttuynia-anua-heartleaf-70-cream-soothing-50ml\\\/#breadcrumb\",\"itemListElement\":[{\"@type\":\"ListItem\",\"position\":1,\"name\":\"Home\",\"item\":\"https:\\\/\\\/www.facecorner.lv\\\/\"},{\"@type\":\"ListItem\",\"position\":2,\"name\":\"Veikals\",\"item\":\"https:\\\/\\\/www.facecorner.lv\\\/shop\\\/\"},{\"@type\":\"ListItem\",\"position\":3,\"name\":\"Nomierino\u0161s kr\u0113ms ar Houttuynia Anua Heartleaf 70% Cream Soothing 50ml\"}]},{\"@type\":\"WebSite\",\"@id\":\"https:\\\/\\\/www.facecorner.lv\\\/#website\",\"url\":\"https:\\\/\\\/www.facecorner.lv\\\/\",\"name\":\"Facecorner\",\"description\":\"\",\"publisher\":{\"@id\":\"https:\\\/\\\/www.facecorner.lv\\\/#organization\"},\"potentialAction\":[{\"@type\":\"SearchAction\",\"target\":{\"@type\":\"EntryPoint\",\"urlTemplate\":\"https:\\\/\\\/www.facecorner.lv\\\/?s={search_term_string}\"},\"query-input\":{\"@type\":\"PropertyValueSpecification\",\"valueRequired\":true,\"valueName\":\"search_term_string\"}}],\"inLanguage\":\"lv-LV\"},{\"@type\":\"Organization\",\"@id\":\"https:\\\/\\\/www.facecorner.lv\\\/#organization\",\"name\":\"Facecorner\",\"url\":\"https:\\\/\\\/www.facecorner.lv\\\/\",\"logo\":{\"@type\":\"ImageObject\",\"inLanguage\":\"lv-LV\",\"@id\":\"https:\\\/\\\/www.facecorner.lv\\\/#\\\/schema\\\/logo\\\/image\\\/\",\"url\":\"https:\\\/\\\/www.facecorner.lv\\\/wp-content\\\/uploads\\\/2024\\\/04\\\/fc-logo.jpg\",\"contentUrl\":\"https:\\\/\\\/www.facecorner.lv\\\/wp-content\\\/uploads\\\/2024\\\/04\\\/fc-logo.jpg\",\"width\":174,\"height\":28,\"caption\":\"Facecorner\"},\"image\":{\"@id\":\"https:\\\/\\\/www.facecorner.lv\\\/#\\\/schema\\\/logo\\\/image\\\/\"},\"sameAs\":[\"https:\\\/\\\/www.facebook.com\\\/profile.php?id=100063824551839\",\"https:\\\/\\\/www.instagram.com\\\/facecorner_shop\\\/\"]}]}<\/script>\n<meta property=\"product:price:amount\" content=\"27.90\" \/>\n<meta property=\"product:price:currency\" content=\"EUR\" \/>\n<meta property=\"og:availability\" content=\"out of stock\" \/>\n<meta property=\"product:availability\" content=\"out of stock\" \/>\n<meta property=\"product:condition\" content=\"new\" \/>\n<!-- \/ Yoast SEO plugin. -->","yoast_head_json":{"title":"Nomierino\u0161s kr\u0113ms ar Houttuynia Anua Heartleaf 70% Cream Soothing 50ml - FACECORNER","description":"Nomierino\u0161s kr\u0113ms ar Houttuynia Anua Heartleaf 70% Cream Soothing\u00a0 atjauno jut\u012bgu \u0101du, atjauno mitrumu, nov\u0113r\u0161 sausumu un sasprindzin\u0101jumu.","robots":{"index":"index","follow":"follow","max-snippet":"max-snippet:-1","max-image-preview":"max-image-preview:large","max-video-preview":"max-video-preview:-1"},"canonical":"https:\/\/www.facecorner.lv\/lv\/shop\/nomierinoss-krems-ar-houttuynia-anua-heartleaf-70-cream-soothing-50ml\/","og_locale":"lv_LV","og_type":"article","og_title":"Nomierino\u0161s kr\u0113ms ar Houttuynia Anua Heartleaf 70% Cream Soothing 50ml - FACECORNER","og_description":"Nomierino\u0161s kr\u0113ms ar Houttuynia Anua Heartleaf 70% Cream Soothing\u00a0 atjauno jut\u012bgu \u0101du, atjauno mitrumu, nov\u0113r\u0161 sausumu un sasprindzin\u0101jumu.","og_url":"https:\/\/www.facecorner.lv\/lv\/shop\/nomierinoss-krems-ar-houttuynia-anua-heartleaf-70-cream-soothing-50ml\/","og_site_name":"FACECORNER","article_publisher":"https:\/\/www.facebook.com\/profile.php?id=100063824551839","article_modified_time":"2025-04-29T21:19:26+00:00","og_image":[{"width":1320,"height":1320,"url":"https:\/\/www.facecorner.lv\/wp-content\/uploads\/2025\/01\/syex71rp.jpg","type":"image\/jpeg"}],"twitter_card":"summary_large_image","twitter_misc":{"Price":"&euro;27.90","Availability":"Out of stock"},"schema":{"@context":"https:\/\/schema.org","@graph":[{"@type":"WebPage","@id":"https:\/\/www.facecorner.lv\/shop\/nomierinoss-krems-ar-houttuynia-anua-heartleaf-70-cream-soothing-50ml\/","url":"https:\/\/www.facecorner.lv\/shop\/nomierinoss-krems-ar-houttuynia-anua-heartleaf-70-cream-soothing-50ml\/","name":"Nomierino\u0161s kr\u0113ms ar Houttuynia Anua Heartleaf 70% Cream Soothing 50ml - FACECORNER","isPartOf":{"@id":"https:\/\/www.facecorner.lv\/#website"},"primaryImageOfPage":{"@id":"https:\/\/www.facecorner.lv\/shop\/nomierinoss-krems-ar-houttuynia-anua-heartleaf-70-cream-soothing-50ml\/#primaryimage"},"image":{"@id":"https:\/\/www.facecorner.lv\/shop\/nomierinoss-krems-ar-houttuynia-anua-heartleaf-70-cream-soothing-50ml\/#primaryimage"},"thumbnailUrl":"https:\/\/www.facecorner.lv\/wp-content\/uploads\/2025\/01\/syex71rp.jpg","datePublished":"2025-01-24T10:22:07+00:00","dateModified":"2025-04-29T21:19:26+00:00","description":"Nomierino\u0161s kr\u0113ms ar Houttuynia Anua Heartleaf 70% Cream Soothing\u00a0 atjauno jut\u012bgu \u0101du, atjauno mitrumu, nov\u0113r\u0161 sausumu un sasprindzin\u0101jumu.","breadcrumb":{"@id":"https:\/\/www.facecorner.lv\/shop\/nomierinoss-krems-ar-houttuynia-anua-heartleaf-70-cream-soothing-50ml\/#breadcrumb"},"inLanguage":"lv-LV","potentialAction":[{"@type":"ReadAction","target":["https:\/\/www.facecorner.lv\/shop\/nomierinoss-krems-ar-houttuynia-anua-heartleaf-70-cream-soothing-50ml\/"]}]},{"@type":"ImageObject","inLanguage":"lv-LV","@id":"https:\/\/www.facecorner.lv\/shop\/nomierinoss-krems-ar-houttuynia-anua-heartleaf-70-cream-soothing-50ml\/#primaryimage","url":"https:\/\/www.facecorner.lv\/wp-content\/uploads\/2025\/01\/syex71rp.jpg","contentUrl":"https:\/\/www.facecorner.lv\/wp-content\/uploads\/2025\/01\/syex71rp.jpg","width":1320,"height":1320,"caption":"Nomierino\u0161s kr\u0113ms ar Houttuynia Anua Heartleaf 70% Cream Soothing 50ml"},{"@type":"BreadcrumbList","@id":"https:\/\/www.facecorner.lv\/shop\/nomierinoss-krems-ar-houttuynia-anua-heartleaf-70-cream-soothing-50ml\/#breadcrumb","itemListElement":[{"@type":"ListItem","position":1,"name":"Home","item":"https:\/\/www.facecorner.lv\/"},{"@type":"ListItem","position":2,"name":"Veikals","item":"https:\/\/www.facecorner.lv\/shop\/"},{"@type":"ListItem","position":3,"name":"Nomierino\u0161s kr\u0113ms ar Houttuynia Anua Heartleaf 70% Cream Soothing 50ml"}]},{"@type":"WebSite","@id":"https:\/\/www.facecorner.lv\/#website","url":"https:\/\/www.facecorner.lv\/","name":"Facecorner","description":"","publisher":{"@id":"https:\/\/www.facecorner.lv\/#organization"},"potentialAction":[{"@type":"SearchAction","target":{"@type":"EntryPoint","urlTemplate":"https:\/\/www.facecorner.lv\/?s={search_term_string}"},"query-input":{"@type":"PropertyValueSpecification","valueRequired":true,"valueName":"search_term_string"}}],"inLanguage":"lv-LV"},{"@type":"Organization","@id":"https:\/\/www.facecorner.lv\/#organization","name":"Facecorner","url":"https:\/\/www.facecorner.lv\/","logo":{"@type":"ImageObject","inLanguage":"lv-LV","@id":"https:\/\/www.facecorner.lv\/#\/schema\/logo\/image\/","url":"https:\/\/www.facecorner.lv\/wp-content\/uploads\/2024\/04\/fc-logo.jpg","contentUrl":"https:\/\/www.facecorner.lv\/wp-content\/uploads\/2024\/04\/fc-logo.jpg","width":174,"height":28,"caption":"Facecorner"},"image":{"@id":"https:\/\/www.facecorner.lv\/#\/schema\/logo\/image\/"},"sameAs":["https:\/\/www.facebook.com\/profile.php?id=100063824551839","https:\/\/www.instagram.com\/facecorner_shop\/"]}]},"product_price_amount":"27.90","product_price_currency":"EUR","og_availability":"out of stock","product_availability":"out of stock","product_condition":"new"},"_links":{"self":[{"href":"https:\/\/www.facecorner.lv\/lv\/wp-json\/wp\/v2\/product\/23081","targetHints":{"allow":["GET"]}}],"collection":[{"href":"https:\/\/www.facecorner.lv\/lv\/wp-json\/wp\/v2\/product"}],"about":[{"href":"https:\/\/www.facecorner.lv\/lv\/wp-json\/wp\/v2\/types\/product"}],"replies":[{"embeddable":true,"href":"https:\/\/www.facecorner.lv\/lv\/wp-json\/wp\/v2\/comments?post=23081"}],"wp:featuredmedia":[{"embeddable":true,"href":"https:\/\/www.facecorner.lv\/lv\/wp-json\/wp\/v2\/media\/23082"}],"wp:attachment":[{"href":"https:\/\/www.facecorner.lv\/lv\/wp-json\/wp\/v2\/media?parent=23081"}],"wp:term":[{"taxonomy":"product_brand","embeddable":true,"href":"https:\/\/www.facecorner.lv\/lv\/wp-json\/wp\/v2\/product_brand?post=23081"},{"taxonomy":"product_cat","embeddable":true,"href":"https:\/\/www.facecorner.lv\/lv\/wp-json\/wp\/v2\/product_cat?post=23081"},{"taxonomy":"product_tag","embeddable":true,"href":"https:\/\/www.facecorner.lv\/lv\/wp-json\/wp\/v2\/product_tag?post=23081"},{"taxonomy":"berocket_brand","embeddable":true,"href":"https:\/\/www.facecorner.lv\/lv\/wp-json\/wp\/v2\/berocket_brand?post=23081"}],"curies":[{"name":"wp","href":"https:\/\/api.w.org\/{rel}","templated":true}]}}