{"id":23012,"date":"2025-01-17T16:19:30","date_gmt":"2025-01-17T13:19:30","guid":{"rendered":"https:\/\/www.facecorner.lv\/?post_type=product&#038;p=23012"},"modified":"2026-02-19T15:49:34","modified_gmt":"2026-02-19T12:49:34","slug":"celimax-the-vitaa-retinol-shot-savelkoss-serums-liftinga-serums-ar-retinolu-30ml","status":"publish","type":"product","link":"https:\/\/www.facecorner.lv\/lv\/shop\/celimax-the-vitaa-retinol-shot-savelkoss-serums-liftinga-serums-ar-retinolu-30ml\/","title":{"rendered":"Celimax The VitaA Retinol Shot savelko\u0161s serums liftinga serums ar retinolu 30ml"},"content":{"rendered":"<p>Celimax The VitaA Retinol Shot savelko\u0161s serums liftinga serums ar retinolu\u00a0 uzlabo \u0101das kvalit\u0101ti, c\u012bn\u0101s pret \u0101das nov\u012b\u0161anu, atjauno \u0101das tonusu, izl\u012bdzina to, iedarbojas liftinga efekt\u0101, regul\u0113 tauku dziedzeru darb\u012bbu, darbojas pretiekaisuma iedarb\u012bb\u0101, pal\u012bdz c\u012b\u0146\u0101 pret pigment\u0101ciju.<\/p>\n<p>Sast\u0101v\u0101 ir retin\u0101ls 0,1%, tas samazina grumbu dzi\u013cumu un smagumu, savelk \u0101du. Spikulas (mikroskopiskas adati\u0146as, j\u016bras vai sald\u016bdens s\u016bk\u013cu elementi) atjauno \u0101du, re\u0123ener\u0113 to, stimul\u0113 kolag\u0113na sint\u0113zi, paaugstina \u0101das imunit\u0101ti, c\u012bn\u0101s ar \u0101das vecuma izmai\u0146\u0101m. Pept\u012bdu komplekss atgrie\u017e \u0101dai tonusu un elast\u012bbu, stiprina to, izgaismo pigment\u0101ciju, re\u0123ener\u0113.<\/p>\n<p><strong>K\u0101du probl\u0113mu tas atrisina?<\/strong><br \/>\nSerums efekt\u012bvi iedarbojas uz vecuma izrais\u012bt\u0101m izmai\u0146\u0101m, uzlabo \u0101das kvalit\u0101ti un izl\u012bdzina \u0101du. Tam piem\u012bt ar\u012b pretiekaisuma un balino\u0161a iedarb\u012bba.<\/p>\n<p><strong>Kas iek\u013cauts sast\u0101v\u0101?<\/strong><\/p>\n<ul>\n<li>T\u012bklene Atjauno \u0101du, aktiviz\u0113 re\u0123ener\u0101cijas procesus. Atjauno, izl\u012bdzina grumbas. Piem\u012bt pretiekaisuma iedarb\u012bba.<\/li>\n<li>Spicules Pa\u0101trina \u0101das atjauno\u0161an\u0101s procesu. Stimul\u0113 re\u0123ener\u0101ciju. Stimul\u0113 kolag\u0113na sint\u0113zi. Izl\u012bdzina tonusu.<\/li>\n<li>Pept\u012bdu komplekss Uzs\u0101k re\u0123ener\u0101cijas procesu. Izgaismo \u0101du. Palielina t\u0101s elast\u012bbu, atgrie\u017e tonusu. Stimul\u0113 \u0101das atjauno\u0161an\u0101s procesus.<\/li>\n<li>Burk\u0101nu ekstrakts Atjauno \u0101du. Piem\u012bt augstas antioksidantu \u012bpa\u0161\u012bbas. Palielina audu tvirtumu un elast\u012bbu, izl\u012bdzina grumbas, baro \u0101du.<\/li>\n<li>Saulespu\u0137u s\u0113klu e\u013c\u013ca M\u012bkstina un baro \u0101du. Izl\u012bdzina reljefu. Piepilda ar noder\u012bg\u0101m viel\u0101m un vitam\u012bniem. Piem\u012bt mitrino\u0161as un re\u0123ener\u0113jo\u0161as \u012bpa\u0161\u012bbas.<\/li>\n<li>Adones\u012bns\u00a0 c\u012bn\u0101s pret grumbi\u0146\u0101m. Darbojas ar \u0101das elast\u012bbu un atjauno \u0101das turgoru. Kav\u0113 ar \u0101das noveco\u0161anos saist\u012btos procesus.<\/li>\n<li>Pantenols Dzi\u013ci mitrina un baro \u0101du. Tam piem\u012bt dziedino\u0161as \u012bpa\u0161\u012bbas.<\/li>\n<li>Alanto\u012bns Mitrina un m\u012bkstina \u0101du, nomierina aps\u0101rtumus un kairin\u0101jumus.<\/li>\n<\/ul>\n<p><strong>Lieto\u0161\u0101na<\/strong>: Uzkl\u0101jiet nepiecie\u0161amo produkta daudzumu uz iepriek\u0161 att\u012br\u012btas \u0101das, izkl\u0101jiet ar pirkstiem un pagaidiet, l\u012bdz piln\u012bb\u0101 ies\u016bcas. Turpin\u0101t kop\u0161anu ar kr\u0113mu. Dienas laik\u0101 lietot saules aizsargkr\u0113mu SPF50 PA++++.<br \/>\n<strong>Uzman\u012bbu! Ja iepriek\u0161 neesat lietoju\u0161i produktus ar retinolu, ievietojiet produktu pak\u0101peniski: piem\u0113ram, lietojiet produktu 2 reizes ned\u0113\u013c\u0101 2 ned\u0113\u013cas. P\u0113c tam, ja \u0101dai nerodas kairin\u0101juma paz\u012bmes, lietojiet kr\u0113mu 3 reizes ned\u0113\u013c\u0101 2 ned\u0113\u013cas. Nelietojiet produktus ar retinolu gr\u016btniec\u012bbas un z\u012bd\u012b\u0161anas laik\u0101 vai se\u0161us m\u0113ne\u0161us pirms gr\u016btniec\u012bbas.<\/strong><\/p>\n<p>S\u0101stavs: The Vita-A Retinol Shot Tightening Serum \u043e\u0442 Celimax \u0441\u043e\u0434\u0435\u0440\u0436\u0438\u0442 Water, Methylpropanediol, Glycerin, 1,2-Hexanediol, Caprylic\/Capric Triglyceride, Panthenol, Polypropylsilsesquioxane, C14-22 Alcohols, Glyceryl Stearates, Ammonium Acryloyldimethyltaurate\/VP Copolymer, Hydrolyzed Sponge, Helianthus Annuus (Sunflower) Seed Oil, Acrylates\/C10-30 Alkyl Acrylate Crosspolymer, Tocopherol, Retinol(0.1%), Allantoin, Arginine, Undecane, Xanthan Gum, Ethylhexylglycerin, C12-20 Alkyl Glucoside, Lauryl Glucoside, Polyglyceryl-6 Laurate, Adenosine, Tridecane, Disodium EDTA, Daucus Carota Sativa (Carrot) Root Extract, Myristyl Glucoside, Glyceryl Acrylate\/Acrylic Acid Copolymer, PVM\/MA Copolymer, Butylene Glycol, Beta-Carotene, Glucose, Tripeptide-1, Palmitoyl Tripeptide-1, Nonapeptide-1, Hexapeptide-9, Dipeptide-2, Copper Tripeptide-1, Acetyl Tetrapeptide-5, Acetyl Hexapeptide-8, Palmitoyl Pentapeptide-4.<span id=\"ctrlcopy\"><\/span><\/p>\n<p>&nbsp;<\/p>\n","protected":false},"excerpt":{"rendered":"<p>Celimax The VitaA Retinol Shot savelko\u0161s serums liftinga serums ar retinolu\u00a0 uzlabo \u0101das kvalit\u0101ti, c\u012bn\u0101s pret \u0101das nov\u012b\u0161anu, atjauno \u0101das tonusu, izl\u012bdzina to, iedarbojas liftinga efekt\u0101, regul\u0113 tauku dziedzeru darb\u012bbu, darbojas pretiekaisuma iedarb\u012bb\u0101, pal\u012bdz c\u012b\u0146\u0101 pret pigment\u0101ciju.<\/p>\n","protected":false},"featured_media":23013,"comment_status":"open","ping_status":"closed","template":"","meta":{"site-sidebar-layout":"default","site-content-layout":"","ast-site-content-layout":"default","site-content-style":"default","site-sidebar-style":"default","ast-global-header-display":"","ast-banner-title-visibility":"","ast-main-header-display":"","ast-hfb-above-header-display":"","ast-hfb-below-header-display":"","ast-hfb-mobile-header-display":"","site-post-title":"","ast-breadcrumbs-content":"","ast-featured-img":"","footer-sml-layout":"","theme-transparent-header-meta":"default","adv-header-id-meta":"","stick-header-meta":"","header-above-stick-meta":"","header-main-stick-meta":"","header-below-stick-meta":"","astra-migrate-meta-layouts":"set","ast-page-background-enabled":"default","ast-page-background-meta":{"desktop":{"background-color":"var(--ast-global-color-4)","background-image":"","background-repeat":"repeat","background-position":"center center","background-size":"auto","background-attachment":"scroll","background-type":"","background-media":"","overlay-type":"","overlay-color":"","overlay-opacity":"","overlay-gradient":""},"tablet":{"background-color":"","background-image":"","background-repeat":"repeat","background-position":"center center","background-size":"auto","background-attachment":"scroll","background-type":"","background-media":"","overlay-type":"","overlay-color":"","overlay-opacity":"","overlay-gradient":""},"mobile":{"background-color":"","background-image":"","background-repeat":"repeat","background-position":"center center","background-size":"auto","background-attachment":"scroll","background-type":"","background-media":"","overlay-type":"","overlay-color":"","overlay-opacity":"","overlay-gradient":""}},"ast-content-background-meta":{"desktop":{"background-color":"var(--ast-global-color-5)","background-image":"","background-repeat":"repeat","background-position":"center center","background-size":"auto","background-attachment":"scroll","background-type":"","background-media":"","overlay-type":"","overlay-color":"","overlay-opacity":"","overlay-gradient":""},"tablet":{"background-color":"var(--ast-global-color-5)","background-image":"","background-repeat":"repeat","background-position":"center center","background-size":"auto","background-attachment":"scroll","background-type":"","background-media":"","overlay-type":"","overlay-color":"","overlay-opacity":"","overlay-gradient":""},"mobile":{"background-color":"var(--ast-global-color-5)","background-image":"","background-repeat":"repeat","background-position":"center center","background-size":"auto","background-attachment":"scroll","background-type":"","background-media":"","overlay-type":"","overlay-color":"","overlay-opacity":"","overlay-gradient":""}}},"product_brand":[],"product_cat":[370,371,363],"product_tag":[],"berocket_brand":[604],"class_list":{"0":"post-23012","1":"product","2":"type-product","3":"status-publish","4":"has-post-thumbnail","6":"product_cat-adas-mirdzumam","7":"product_cat-anti-age","8":"product_cat-serumi","9":"berocket_brand-celimax","10":"desktop-align-left","11":"tablet-align-left","12":"mobile-align-left","14":"first","15":"instock","16":"featured","17":"taxable","18":"shipping-taxable","19":"purchasable","20":"product-type-simple","21":"add-to-wishlist-before_image"},"yoast_head":"<!-- This site is optimized with the Yoast SEO plugin v27.4 - https:\/\/yoast.com\/product\/yoast-seo-wordpress\/ -->\n<title>Celimax The VitaA Retinol Shot savelko\u0161s serums liftinga serums ar retinolu 30ml - FACECORNER<\/title>\n<meta name=\"description\" content=\"Celimax The VitaA Retinol Shot savelko\u0161s serums liftinga serums ar retinolu\u00a0 uzlabo \u0101das kvalit\u0101ti, c\u012bn\u0101s pret \u0101das nov\u012b\u0161anu, atjauno \u0101das tonusu, izl\u012bdzina\" \/>\n<meta name=\"robots\" content=\"index, follow, max-snippet:-1, max-image-preview:large, max-video-preview:-1\" \/>\n<link rel=\"canonical\" href=\"https:\/\/www.facecorner.lv\/lv\/shop\/celimax-the-vitaa-retinol-shot-savelkoss-serums-liftinga-serums-ar-retinolu-30ml\/\" \/>\n<meta property=\"og:locale\" content=\"lv_LV\" \/>\n<meta property=\"og:type\" content=\"article\" \/>\n<meta property=\"og:title\" content=\"Celimax The VitaA Retinol Shot savelko\u0161s serums liftinga serums ar retinolu 30ml - FACECORNER\" \/>\n<meta property=\"og:description\" content=\"Celimax The VitaA Retinol Shot savelko\u0161s serums liftinga serums ar retinolu\u00a0 uzlabo \u0101das kvalit\u0101ti, c\u012bn\u0101s pret \u0101das nov\u012b\u0161anu, atjauno \u0101das tonusu, izl\u012bdzina\" \/>\n<meta property=\"og:url\" content=\"https:\/\/www.facecorner.lv\/lv\/shop\/celimax-the-vitaa-retinol-shot-savelkoss-serums-liftinga-serums-ar-retinolu-30ml\/\" \/>\n<meta property=\"og:site_name\" content=\"FACECORNER\" \/>\n<meta property=\"article:publisher\" content=\"https:\/\/www.facebook.com\/profile.php?id=100063824551839\" \/>\n<meta property=\"article:modified_time\" content=\"2026-02-19T12:49:34+00:00\" \/>\n<meta property=\"og:image\" content=\"https:\/\/www.facecorner.lv\/wp-content\/uploads\/2025\/01\/Celimax_The_VitaA_Retinol_Shot_Tightening_Serum-3cf3b3c6b54a649354cb8e2a60e53a2e.jpg\" \/>\n\t<meta property=\"og:image:width\" content=\"1000\" \/>\n\t<meta property=\"og:image:height\" content=\"1000\" \/>\n\t<meta property=\"og:image:type\" content=\"image\/jpeg\" \/>\n<meta name=\"twitter:card\" content=\"summary_large_image\" \/>\n<meta name=\"twitter:label1\" content=\"Price\" \/>\n\t<meta name=\"twitter:data1\" content=\"&euro;39.90\" \/>\n\t<meta name=\"twitter:label2\" content=\"Availability\" \/>\n\t<meta name=\"twitter:data2\" content=\"In stock\" \/>\n<script type=\"application\/ld+json\" class=\"yoast-schema-graph\">{\"@context\":\"https:\\\/\\\/schema.org\",\"@graph\":[{\"@type\":\"WebPage\",\"@id\":\"https:\\\/\\\/www.facecorner.lv\\\/shop\\\/celimax-the-vitaa-retinol-shot-savelkoss-serums-liftinga-serums-ar-retinolu-30ml\\\/\",\"url\":\"https:\\\/\\\/www.facecorner.lv\\\/shop\\\/celimax-the-vitaa-retinol-shot-savelkoss-serums-liftinga-serums-ar-retinolu-30ml\\\/\",\"name\":\"Celimax The VitaA Retinol Shot savelko\u0161s serums liftinga serums ar retinolu 30ml - FACECORNER\",\"isPartOf\":{\"@id\":\"https:\\\/\\\/www.facecorner.lv\\\/#website\"},\"primaryImageOfPage\":{\"@id\":\"https:\\\/\\\/www.facecorner.lv\\\/shop\\\/celimax-the-vitaa-retinol-shot-savelkoss-serums-liftinga-serums-ar-retinolu-30ml\\\/#primaryimage\"},\"image\":{\"@id\":\"https:\\\/\\\/www.facecorner.lv\\\/shop\\\/celimax-the-vitaa-retinol-shot-savelkoss-serums-liftinga-serums-ar-retinolu-30ml\\\/#primaryimage\"},\"thumbnailUrl\":\"https:\\\/\\\/www.facecorner.lv\\\/wp-content\\\/uploads\\\/2025\\\/01\\\/Celimax_The_VitaA_Retinol_Shot_Tightening_Serum-3cf3b3c6b54a649354cb8e2a60e53a2e.jpg\",\"datePublished\":\"2025-01-17T13:19:30+00:00\",\"dateModified\":\"2026-02-19T12:49:34+00:00\",\"description\":\"Celimax The VitaA Retinol Shot savelko\u0161s serums liftinga serums ar retinolu\u00a0 uzlabo \u0101das kvalit\u0101ti, c\u012bn\u0101s pret \u0101das nov\u012b\u0161anu, atjauno \u0101das tonusu, izl\u012bdzina\",\"breadcrumb\":{\"@id\":\"https:\\\/\\\/www.facecorner.lv\\\/shop\\\/celimax-the-vitaa-retinol-shot-savelkoss-serums-liftinga-serums-ar-retinolu-30ml\\\/#breadcrumb\"},\"inLanguage\":\"lv-LV\",\"potentialAction\":[{\"@type\":\"ReadAction\",\"target\":[\"https:\\\/\\\/www.facecorner.lv\\\/shop\\\/celimax-the-vitaa-retinol-shot-savelkoss-serums-liftinga-serums-ar-retinolu-30ml\\\/\"]}]},{\"@type\":\"ImageObject\",\"inLanguage\":\"lv-LV\",\"@id\":\"https:\\\/\\\/www.facecorner.lv\\\/shop\\\/celimax-the-vitaa-retinol-shot-savelkoss-serums-liftinga-serums-ar-retinolu-30ml\\\/#primaryimage\",\"url\":\"https:\\\/\\\/www.facecorner.lv\\\/wp-content\\\/uploads\\\/2025\\\/01\\\/Celimax_The_VitaA_Retinol_Shot_Tightening_Serum-3cf3b3c6b54a649354cb8e2a60e53a2e.jpg\",\"contentUrl\":\"https:\\\/\\\/www.facecorner.lv\\\/wp-content\\\/uploads\\\/2025\\\/01\\\/Celimax_The_VitaA_Retinol_Shot_Tightening_Serum-3cf3b3c6b54a649354cb8e2a60e53a2e.jpg\",\"width\":1000,\"height\":1000,\"caption\":\"Celimax The VitaA Retinol Shot savelko\u0161s serums liftinga serums ar retinolu 30ml\"},{\"@type\":\"BreadcrumbList\",\"@id\":\"https:\\\/\\\/www.facecorner.lv\\\/shop\\\/celimax-the-vitaa-retinol-shot-savelkoss-serums-liftinga-serums-ar-retinolu-30ml\\\/#breadcrumb\",\"itemListElement\":[{\"@type\":\"ListItem\",\"position\":1,\"name\":\"Home\",\"item\":\"https:\\\/\\\/www.facecorner.lv\\\/\"},{\"@type\":\"ListItem\",\"position\":2,\"name\":\"Veikals\",\"item\":\"https:\\\/\\\/www.facecorner.lv\\\/shop\\\/\"},{\"@type\":\"ListItem\",\"position\":3,\"name\":\"Celimax The VitaA Retinol Shot savelko\u0161s serums liftinga serums ar retinolu 30ml\"}]},{\"@type\":\"WebSite\",\"@id\":\"https:\\\/\\\/www.facecorner.lv\\\/#website\",\"url\":\"https:\\\/\\\/www.facecorner.lv\\\/\",\"name\":\"Facecorner\",\"description\":\"\",\"publisher\":{\"@id\":\"https:\\\/\\\/www.facecorner.lv\\\/#organization\"},\"potentialAction\":[{\"@type\":\"SearchAction\",\"target\":{\"@type\":\"EntryPoint\",\"urlTemplate\":\"https:\\\/\\\/www.facecorner.lv\\\/?s={search_term_string}\"},\"query-input\":{\"@type\":\"PropertyValueSpecification\",\"valueRequired\":true,\"valueName\":\"search_term_string\"}}],\"inLanguage\":\"lv-LV\"},{\"@type\":\"Organization\",\"@id\":\"https:\\\/\\\/www.facecorner.lv\\\/#organization\",\"name\":\"Facecorner\",\"url\":\"https:\\\/\\\/www.facecorner.lv\\\/\",\"logo\":{\"@type\":\"ImageObject\",\"inLanguage\":\"lv-LV\",\"@id\":\"https:\\\/\\\/www.facecorner.lv\\\/#\\\/schema\\\/logo\\\/image\\\/\",\"url\":\"https:\\\/\\\/www.facecorner.lv\\\/wp-content\\\/uploads\\\/2024\\\/04\\\/fc-logo.jpg\",\"contentUrl\":\"https:\\\/\\\/www.facecorner.lv\\\/wp-content\\\/uploads\\\/2024\\\/04\\\/fc-logo.jpg\",\"width\":174,\"height\":28,\"caption\":\"Facecorner\"},\"image\":{\"@id\":\"https:\\\/\\\/www.facecorner.lv\\\/#\\\/schema\\\/logo\\\/image\\\/\"},\"sameAs\":[\"https:\\\/\\\/www.facebook.com\\\/profile.php?id=100063824551839\",\"https:\\\/\\\/www.instagram.com\\\/facecorner_shop\\\/\"]}]}<\/script>\n<meta property=\"product:price:amount\" content=\"39.90\" \/>\n<meta property=\"product:price:currency\" content=\"EUR\" \/>\n<meta property=\"og:availability\" content=\"instock\" \/>\n<meta property=\"product:availability\" content=\"instock\" \/>\n<meta property=\"product:condition\" content=\"new\" \/>\n<!-- \/ Yoast SEO plugin. -->","yoast_head_json":{"title":"Celimax The VitaA Retinol Shot savelko\u0161s serums liftinga serums ar retinolu 30ml - FACECORNER","description":"Celimax The VitaA Retinol Shot savelko\u0161s serums liftinga serums ar retinolu\u00a0 uzlabo \u0101das kvalit\u0101ti, c\u012bn\u0101s pret \u0101das nov\u012b\u0161anu, atjauno \u0101das tonusu, izl\u012bdzina","robots":{"index":"index","follow":"follow","max-snippet":"max-snippet:-1","max-image-preview":"max-image-preview:large","max-video-preview":"max-video-preview:-1"},"canonical":"https:\/\/www.facecorner.lv\/lv\/shop\/celimax-the-vitaa-retinol-shot-savelkoss-serums-liftinga-serums-ar-retinolu-30ml\/","og_locale":"lv_LV","og_type":"article","og_title":"Celimax The VitaA Retinol Shot savelko\u0161s serums liftinga serums ar retinolu 30ml - FACECORNER","og_description":"Celimax The VitaA Retinol Shot savelko\u0161s serums liftinga serums ar retinolu\u00a0 uzlabo \u0101das kvalit\u0101ti, c\u012bn\u0101s pret \u0101das nov\u012b\u0161anu, atjauno \u0101das tonusu, izl\u012bdzina","og_url":"https:\/\/www.facecorner.lv\/lv\/shop\/celimax-the-vitaa-retinol-shot-savelkoss-serums-liftinga-serums-ar-retinolu-30ml\/","og_site_name":"FACECORNER","article_publisher":"https:\/\/www.facebook.com\/profile.php?id=100063824551839","article_modified_time":"2026-02-19T12:49:34+00:00","og_image":[{"width":1000,"height":1000,"url":"https:\/\/www.facecorner.lv\/wp-content\/uploads\/2025\/01\/Celimax_The_VitaA_Retinol_Shot_Tightening_Serum-3cf3b3c6b54a649354cb8e2a60e53a2e.jpg","type":"image\/jpeg"}],"twitter_card":"summary_large_image","twitter_misc":{"Price":"&euro;39.90","Availability":"In stock"},"schema":{"@context":"https:\/\/schema.org","@graph":[{"@type":"WebPage","@id":"https:\/\/www.facecorner.lv\/shop\/celimax-the-vitaa-retinol-shot-savelkoss-serums-liftinga-serums-ar-retinolu-30ml\/","url":"https:\/\/www.facecorner.lv\/shop\/celimax-the-vitaa-retinol-shot-savelkoss-serums-liftinga-serums-ar-retinolu-30ml\/","name":"Celimax The VitaA Retinol Shot savelko\u0161s serums liftinga serums ar retinolu 30ml - FACECORNER","isPartOf":{"@id":"https:\/\/www.facecorner.lv\/#website"},"primaryImageOfPage":{"@id":"https:\/\/www.facecorner.lv\/shop\/celimax-the-vitaa-retinol-shot-savelkoss-serums-liftinga-serums-ar-retinolu-30ml\/#primaryimage"},"image":{"@id":"https:\/\/www.facecorner.lv\/shop\/celimax-the-vitaa-retinol-shot-savelkoss-serums-liftinga-serums-ar-retinolu-30ml\/#primaryimage"},"thumbnailUrl":"https:\/\/www.facecorner.lv\/wp-content\/uploads\/2025\/01\/Celimax_The_VitaA_Retinol_Shot_Tightening_Serum-3cf3b3c6b54a649354cb8e2a60e53a2e.jpg","datePublished":"2025-01-17T13:19:30+00:00","dateModified":"2026-02-19T12:49:34+00:00","description":"Celimax The VitaA Retinol Shot savelko\u0161s serums liftinga serums ar retinolu\u00a0 uzlabo \u0101das kvalit\u0101ti, c\u012bn\u0101s pret \u0101das nov\u012b\u0161anu, atjauno \u0101das tonusu, izl\u012bdzina","breadcrumb":{"@id":"https:\/\/www.facecorner.lv\/shop\/celimax-the-vitaa-retinol-shot-savelkoss-serums-liftinga-serums-ar-retinolu-30ml\/#breadcrumb"},"inLanguage":"lv-LV","potentialAction":[{"@type":"ReadAction","target":["https:\/\/www.facecorner.lv\/shop\/celimax-the-vitaa-retinol-shot-savelkoss-serums-liftinga-serums-ar-retinolu-30ml\/"]}]},{"@type":"ImageObject","inLanguage":"lv-LV","@id":"https:\/\/www.facecorner.lv\/shop\/celimax-the-vitaa-retinol-shot-savelkoss-serums-liftinga-serums-ar-retinolu-30ml\/#primaryimage","url":"https:\/\/www.facecorner.lv\/wp-content\/uploads\/2025\/01\/Celimax_The_VitaA_Retinol_Shot_Tightening_Serum-3cf3b3c6b54a649354cb8e2a60e53a2e.jpg","contentUrl":"https:\/\/www.facecorner.lv\/wp-content\/uploads\/2025\/01\/Celimax_The_VitaA_Retinol_Shot_Tightening_Serum-3cf3b3c6b54a649354cb8e2a60e53a2e.jpg","width":1000,"height":1000,"caption":"Celimax The VitaA Retinol Shot savelko\u0161s serums liftinga serums ar retinolu 30ml"},{"@type":"BreadcrumbList","@id":"https:\/\/www.facecorner.lv\/shop\/celimax-the-vitaa-retinol-shot-savelkoss-serums-liftinga-serums-ar-retinolu-30ml\/#breadcrumb","itemListElement":[{"@type":"ListItem","position":1,"name":"Home","item":"https:\/\/www.facecorner.lv\/"},{"@type":"ListItem","position":2,"name":"Veikals","item":"https:\/\/www.facecorner.lv\/shop\/"},{"@type":"ListItem","position":3,"name":"Celimax The VitaA Retinol Shot savelko\u0161s serums liftinga serums ar retinolu 30ml"}]},{"@type":"WebSite","@id":"https:\/\/www.facecorner.lv\/#website","url":"https:\/\/www.facecorner.lv\/","name":"Facecorner","description":"","publisher":{"@id":"https:\/\/www.facecorner.lv\/#organization"},"potentialAction":[{"@type":"SearchAction","target":{"@type":"EntryPoint","urlTemplate":"https:\/\/www.facecorner.lv\/?s={search_term_string}"},"query-input":{"@type":"PropertyValueSpecification","valueRequired":true,"valueName":"search_term_string"}}],"inLanguage":"lv-LV"},{"@type":"Organization","@id":"https:\/\/www.facecorner.lv\/#organization","name":"Facecorner","url":"https:\/\/www.facecorner.lv\/","logo":{"@type":"ImageObject","inLanguage":"lv-LV","@id":"https:\/\/www.facecorner.lv\/#\/schema\/logo\/image\/","url":"https:\/\/www.facecorner.lv\/wp-content\/uploads\/2024\/04\/fc-logo.jpg","contentUrl":"https:\/\/www.facecorner.lv\/wp-content\/uploads\/2024\/04\/fc-logo.jpg","width":174,"height":28,"caption":"Facecorner"},"image":{"@id":"https:\/\/www.facecorner.lv\/#\/schema\/logo\/image\/"},"sameAs":["https:\/\/www.facebook.com\/profile.php?id=100063824551839","https:\/\/www.instagram.com\/facecorner_shop\/"]}]},"product_price_amount":"39.90","product_price_currency":"EUR","og_availability":"instock","product_availability":"instock","product_condition":"new"},"_links":{"self":[{"href":"https:\/\/www.facecorner.lv\/lv\/wp-json\/wp\/v2\/product\/23012","targetHints":{"allow":["GET"]}}],"collection":[{"href":"https:\/\/www.facecorner.lv\/lv\/wp-json\/wp\/v2\/product"}],"about":[{"href":"https:\/\/www.facecorner.lv\/lv\/wp-json\/wp\/v2\/types\/product"}],"replies":[{"embeddable":true,"href":"https:\/\/www.facecorner.lv\/lv\/wp-json\/wp\/v2\/comments?post=23012"}],"wp:featuredmedia":[{"embeddable":true,"href":"https:\/\/www.facecorner.lv\/lv\/wp-json\/wp\/v2\/media\/23013"}],"wp:attachment":[{"href":"https:\/\/www.facecorner.lv\/lv\/wp-json\/wp\/v2\/media?parent=23012"}],"wp:term":[{"taxonomy":"product_brand","embeddable":true,"href":"https:\/\/www.facecorner.lv\/lv\/wp-json\/wp\/v2\/product_brand?post=23012"},{"taxonomy":"product_cat","embeddable":true,"href":"https:\/\/www.facecorner.lv\/lv\/wp-json\/wp\/v2\/product_cat?post=23012"},{"taxonomy":"product_tag","embeddable":true,"href":"https:\/\/www.facecorner.lv\/lv\/wp-json\/wp\/v2\/product_tag?post=23012"},{"taxonomy":"berocket_brand","embeddable":true,"href":"https:\/\/www.facecorner.lv\/lv\/wp-json\/wp\/v2\/berocket_brand?post=23012"}],"curies":[{"name":"wp","href":"https:\/\/api.w.org\/{rel}","templated":true}]}}