{"id":23009,"date":"2025-01-17T16:08:56","date_gmt":"2025-01-17T13:08:56","guid":{"rendered":"https:\/\/www.facecorner.lv\/?post_type=product&#038;p=23009"},"modified":"2026-04-09T18:12:03","modified_gmt":"2026-04-09T15:12:03","slug":"celimax-dual-barrier-boosting-serum-ar-keramidu-kompleksu-30ml","status":"publish","type":"product","link":"https:\/\/www.facecorner.lv\/lv\/shop\/celimax-dual-barrier-boosting-serum-ar-keramidu-kompleksu-30ml\/","title":{"rendered":"Celimax Dual Barrier Boosting Serum ar keram\u012bdu kompleksu 30ml"},"content":{"rendered":"<p>Celimax Dual Barrier Boosting Serum ar keram\u012bdu kompleksu mitrina sausu un novecoju\u0161u \u0101du, m\u012bkstina raupjus \u0101das plankumus, nov\u0113r\u0161 nepat\u012bkamo sasprindzin\u0101juma un kairin\u0101juma saj\u016btu.<\/p>\n<p>Tas atjauno boj\u0101to aizsargbarjeru, saglab\u0101 mitrumu \u0101d\u0101, izl\u012bdzina reljefu un palielina barjeras funkciju. Lieliski piem\u0113rots boj\u0101tas un iekaisu\u0161as \u0101das kop\u0161anai, k\u0101 ar\u012b ziem\u0101.<\/p>\n<p>\u0112rta pudel\u012bte ar dozatoru nov\u0113r\u0161 gaisa iek\u013c\u016b\u0161anu un padara l\u012bdzek\u013ca lieto\u0161anu maksim\u0101li higi\u0113nisku. Produkts ar maigu piena tekst\u016bru lieliski uzs\u016bcas, atst\u0101j mitru fini\u0161u, nesatur m\u0101ksl\u012bg\u0101s smar\u017evielas.<\/p>\n<p>Satur 5 keram\u012bdu kompleksu: keram\u012bdi ir iestr\u0101d\u0101ti \u0101das raga sl\u0101n\u012b un stiprina to, nov\u0113r\u0161ot mitruma iztvaiko\u0161anu un kait\u012bgo vielu iek\u013c\u016b\u0161anu epiderm\u0101.<\/p>\n<p><strong>Papildu akt\u012bv\u0101s sast\u0101vda\u013cas:<\/strong><\/p>\n<ul>\n<li>Akvat\u012bds (Heptasodium Hexacoxymethyl Dipeptide-12) ir unik\u0101ls pept\u012bds, kas izraisa autof\u0101ziju, t.i., atmiru\u0161o \u0161\u016bnu da\u013ci\u0146u, kas pa\u0101trina \u0101das noveco\u0161anos, p\u0101rstr\u0101di un p\u0101rstruktur\u0113\u0161anu. T\u0101d\u0113j\u0101di Aquatide p\u0101rveido \u0161\u016bnu da\u013ci\u0146as par kolag\u0113nu, elast\u012bnu un hialuronsk\u0101bi, t\u0101d\u0113j\u0101di saglab\u0101jot \u0101das tvirtumu un jaun\u012bbu.<\/li>\n<li>Pantenols (vitam\u012bns B5) mazina aps\u0101rtumu un niezi, stiprina hidrolip\u012bdu barjeru, nov\u0113r\u0161 mitruma iztvaiko\u0161anu un veicina re\u0123ener\u0101ciju.<\/li>\n<li>Fitosfingoz\u012bns ir lip\u012bds, kas veido \u0101das dabisko hidrolip\u012bdu apvalku. Tam piem\u012bt antimikrobi\u0101la un pretiekaisuma iedarb\u012bba, tas pa\u0101trina dz\u012b\u0161anu un pal\u012bdz \u0161\u016bnu signaliz\u0113\u0161an\u0101.<\/li>\n<li>Holester\u012bns ir lip\u012bds, kas veido da\u013cu no epidermas barjeras sl\u0101\u0146a, kas ir fiziolo\u0123iska un dro\u0161a sast\u0101vda\u013ca. Tas palielina barjeras funkcijas, uztur \u0101das mitrin\u0101\u0161anu un nov\u0113r\u0161 sausumu.<\/li>\n<\/ul>\n<p><strong>Lieto\u0161ana:<\/strong> p\u0113c mazg\u0101\u0161anas un toniz\u0113\u0161anas uzkl\u0101jiet serumu uz sejas, izkl\u0101jiet to pa \u0101du.<\/p>\n<p><strong>S\u0101stavs:<\/strong> Water, Butylene Glycol, Glycerin, Glycereth-26, Caprylic\/Capric Triglyceride, 1,2-Hexanediol, Dipentaerythrityl Hexa C5-9 Acid Esters, Panthenol, Glyceryl Stearate, Sorbitan Sesquioleate, Cetearyl Alcohol, Heptasodium Hexacoxymethyl Dipeptide-12, Ceramide NP, 2,3-Butanediol, Hydrogenated Lecithin, Biosaccharide Gum-1, Ceramide NS, Ceramide AS, Ceramide AP, Cholesterol, Phytosphingosine, Dipropylene Glycol, Ceramide OP, C14-22 Alcohols, Carbomer, C12-20 Alkyl Glucoside, Tromethamine, Ethylhexylglycerin<\/p>\n","protected":false},"excerpt":{"rendered":"<p>Celimax Dual Barrier Boosting Serum ar keram\u012bdu kompleksu mitrina sausu un novecoju\u0161u \u0101du, m\u012bkstina raupjus \u0101das plankumus, nov\u0113r\u0161 nepat\u012bkamo sasprindzin\u0101juma un kairin\u0101juma saj\u016btu. L\u012bdzeklis atjauno boj\u0101to aizsargbarjeru, saglab\u0101 mitrumu \u0101d\u0101, izl\u012bdzina reljefu un palielina barjeras funkciju. Satur keram\u012bdu kompleksu, patent\u0113tu Aquatide pept\u012bdu, pantenolu, fitosfingoz\u012bnu un holester\u012bnu.<\/p>\n","protected":false},"featured_media":23010,"comment_status":"open","ping_status":"closed","template":"","meta":{"site-sidebar-layout":"default","site-content-layout":"","ast-site-content-layout":"default","site-content-style":"default","site-sidebar-style":"default","ast-global-header-display":"","ast-banner-title-visibility":"","ast-main-header-display":"","ast-hfb-above-header-display":"","ast-hfb-below-header-display":"","ast-hfb-mobile-header-display":"","site-post-title":"","ast-breadcrumbs-content":"","ast-featured-img":"","footer-sml-layout":"","theme-transparent-header-meta":"default","adv-header-id-meta":"","stick-header-meta":"","header-above-stick-meta":"","header-main-stick-meta":"","header-below-stick-meta":"","astra-migrate-meta-layouts":"set","ast-page-background-enabled":"default","ast-page-background-meta":{"desktop":{"background-color":"var(--ast-global-color-4)","background-image":"","background-repeat":"repeat","background-position":"center center","background-size":"auto","background-attachment":"scroll","background-type":"","background-media":"","overlay-type":"","overlay-color":"","overlay-opacity":"","overlay-gradient":""},"tablet":{"background-color":"","background-image":"","background-repeat":"repeat","background-position":"center center","background-size":"auto","background-attachment":"scroll","background-type":"","background-media":"","overlay-type":"","overlay-color":"","overlay-opacity":"","overlay-gradient":""},"mobile":{"background-color":"","background-image":"","background-repeat":"repeat","background-position":"center center","background-size":"auto","background-attachment":"scroll","background-type":"","background-media":"","overlay-type":"","overlay-color":"","overlay-opacity":"","overlay-gradient":""}},"ast-content-background-meta":{"desktop":{"background-color":"var(--ast-global-color-5)","background-image":"","background-repeat":"repeat","background-position":"center center","background-size":"auto","background-attachment":"scroll","background-type":"","background-media":"","overlay-type":"","overlay-color":"","overlay-opacity":"","overlay-gradient":""},"tablet":{"background-color":"var(--ast-global-color-5)","background-image":"","background-repeat":"repeat","background-position":"center center","background-size":"auto","background-attachment":"scroll","background-type":"","background-media":"","overlay-type":"","overlay-color":"","overlay-opacity":"","overlay-gradient":""},"mobile":{"background-color":"var(--ast-global-color-5)","background-image":"","background-repeat":"repeat","background-position":"center center","background-size":"auto","background-attachment":"scroll","background-type":"","background-media":"","overlay-type":"","overlay-color":"","overlay-opacity":"","overlay-gradient":""}}},"product_brand":[],"product_cat":[511,372,363],"product_tag":[],"berocket_brand":[604],"class_list":{"0":"post-23009","1":"product","2":"type-product","3":"status-publish","4":"has-post-thumbnail","6":"product_cat-atlaides","7":"product_cat-jutigai-adai-serumi","8":"product_cat-serumi","9":"berocket_brand-celimax","10":"desktop-align-left","11":"tablet-align-left","12":"mobile-align-left","14":"first","15":"instock","16":"sale","17":"taxable","18":"shipping-taxable","19":"purchasable","20":"product-type-simple","21":"add-to-wishlist-before_image"},"yoast_head":"<!-- This site is optimized with the Yoast SEO plugin v27.4 - https:\/\/yoast.com\/product\/yoast-seo-wordpress\/ -->\n<title>Celimax Dual Barrier Boosting Serum ar keram\u012bdu kompleksu 30ml - FACECORNER<\/title>\n<meta name=\"description\" content=\"Celimax Dual Barrier Boosting Serum ar keram\u012bdu kompleksu mitrina sausu un novecoju\u0161u \u0101du, m\u012bkstina raupjus \u0101das plankumus, nov\u0113r\u0161 nepat\u012bkamo\" \/>\n<meta name=\"robots\" content=\"index, follow, max-snippet:-1, max-image-preview:large, max-video-preview:-1\" \/>\n<link rel=\"canonical\" href=\"https:\/\/www.facecorner.lv\/lv\/shop\/celimax-dual-barrier-boosting-serum-ar-keramidu-kompleksu-30ml\/\" \/>\n<meta property=\"og:locale\" content=\"lv_LV\" \/>\n<meta property=\"og:type\" content=\"article\" \/>\n<meta property=\"og:title\" content=\"Celimax Dual Barrier Boosting Serum ar keram\u012bdu kompleksu 30ml - FACECORNER\" \/>\n<meta property=\"og:description\" content=\"Celimax Dual Barrier Boosting Serum ar keram\u012bdu kompleksu mitrina sausu un novecoju\u0161u \u0101du, m\u012bkstina raupjus \u0101das plankumus, nov\u0113r\u0161 nepat\u012bkamo\" \/>\n<meta property=\"og:url\" content=\"https:\/\/www.facecorner.lv\/lv\/shop\/celimax-dual-barrier-boosting-serum-ar-keramidu-kompleksu-30ml\/\" \/>\n<meta property=\"og:site_name\" content=\"FACECORNER\" \/>\n<meta property=\"article:publisher\" content=\"https:\/\/www.facebook.com\/profile.php?id=100063824551839\" \/>\n<meta property=\"article:modified_time\" content=\"2026-04-09T15:12:03+00:00\" \/>\n<meta property=\"og:image\" content=\"https:\/\/www.facecorner.lv\/wp-content\/uploads\/2025\/01\/Celimax-Dual-Barrier-Boosting-Serum.jpg\" \/>\n\t<meta property=\"og:image:width\" content=\"1000\" \/>\n\t<meta property=\"og:image:height\" content=\"1000\" \/>\n\t<meta property=\"og:image:type\" content=\"image\/jpeg\" \/>\n<meta name=\"twitter:card\" content=\"summary_large_image\" \/>\n<meta name=\"twitter:label1\" content=\"Price\" \/>\n\t<meta name=\"twitter:data1\" content=\"&euro;21.00\" \/>\n\t<meta name=\"twitter:label2\" content=\"Availability\" \/>\n\t<meta name=\"twitter:data2\" content=\"In stock\" \/>\n<script type=\"application\/ld+json\" class=\"yoast-schema-graph\">{\"@context\":\"https:\\\/\\\/schema.org\",\"@graph\":[{\"@type\":\"WebPage\",\"@id\":\"https:\\\/\\\/www.facecorner.lv\\\/shop\\\/celimax-dual-barrier-boosting-serum-ar-keramidu-kompleksu-30ml\\\/\",\"url\":\"https:\\\/\\\/www.facecorner.lv\\\/shop\\\/celimax-dual-barrier-boosting-serum-ar-keramidu-kompleksu-30ml\\\/\",\"name\":\"Celimax Dual Barrier Boosting Serum ar keram\u012bdu kompleksu 30ml - FACECORNER\",\"isPartOf\":{\"@id\":\"https:\\\/\\\/www.facecorner.lv\\\/#website\"},\"primaryImageOfPage\":{\"@id\":\"https:\\\/\\\/www.facecorner.lv\\\/shop\\\/celimax-dual-barrier-boosting-serum-ar-keramidu-kompleksu-30ml\\\/#primaryimage\"},\"image\":{\"@id\":\"https:\\\/\\\/www.facecorner.lv\\\/shop\\\/celimax-dual-barrier-boosting-serum-ar-keramidu-kompleksu-30ml\\\/#primaryimage\"},\"thumbnailUrl\":\"https:\\\/\\\/www.facecorner.lv\\\/wp-content\\\/uploads\\\/2025\\\/01\\\/Celimax-Dual-Barrier-Boosting-Serum.jpg\",\"datePublished\":\"2025-01-17T13:08:56+00:00\",\"dateModified\":\"2026-04-09T15:12:03+00:00\",\"description\":\"Celimax Dual Barrier Boosting Serum ar keram\u012bdu kompleksu mitrina sausu un novecoju\u0161u \u0101du, m\u012bkstina raupjus \u0101das plankumus, nov\u0113r\u0161 nepat\u012bkamo\",\"breadcrumb\":{\"@id\":\"https:\\\/\\\/www.facecorner.lv\\\/shop\\\/celimax-dual-barrier-boosting-serum-ar-keramidu-kompleksu-30ml\\\/#breadcrumb\"},\"inLanguage\":\"lv-LV\",\"potentialAction\":[{\"@type\":\"ReadAction\",\"target\":[\"https:\\\/\\\/www.facecorner.lv\\\/shop\\\/celimax-dual-barrier-boosting-serum-ar-keramidu-kompleksu-30ml\\\/\"]}]},{\"@type\":\"ImageObject\",\"inLanguage\":\"lv-LV\",\"@id\":\"https:\\\/\\\/www.facecorner.lv\\\/shop\\\/celimax-dual-barrier-boosting-serum-ar-keramidu-kompleksu-30ml\\\/#primaryimage\",\"url\":\"https:\\\/\\\/www.facecorner.lv\\\/wp-content\\\/uploads\\\/2025\\\/01\\\/Celimax-Dual-Barrier-Boosting-Serum.jpg\",\"contentUrl\":\"https:\\\/\\\/www.facecorner.lv\\\/wp-content\\\/uploads\\\/2025\\\/01\\\/Celimax-Dual-Barrier-Boosting-Serum.jpg\",\"width\":1000,\"height\":1000,\"caption\":\"Celimax Dual Barrier Boosting Serum ar keram\u012bdu kompleksu\"},{\"@type\":\"BreadcrumbList\",\"@id\":\"https:\\\/\\\/www.facecorner.lv\\\/shop\\\/celimax-dual-barrier-boosting-serum-ar-keramidu-kompleksu-30ml\\\/#breadcrumb\",\"itemListElement\":[{\"@type\":\"ListItem\",\"position\":1,\"name\":\"Home\",\"item\":\"https:\\\/\\\/www.facecorner.lv\\\/\"},{\"@type\":\"ListItem\",\"position\":2,\"name\":\"Veikals\",\"item\":\"https:\\\/\\\/www.facecorner.lv\\\/shop\\\/\"},{\"@type\":\"ListItem\",\"position\":3,\"name\":\"Celimax Dual Barrier Boosting Serum ar keram\u012bdu kompleksu 30ml\"}]},{\"@type\":\"WebSite\",\"@id\":\"https:\\\/\\\/www.facecorner.lv\\\/#website\",\"url\":\"https:\\\/\\\/www.facecorner.lv\\\/\",\"name\":\"Facecorner\",\"description\":\"\",\"publisher\":{\"@id\":\"https:\\\/\\\/www.facecorner.lv\\\/#organization\"},\"potentialAction\":[{\"@type\":\"SearchAction\",\"target\":{\"@type\":\"EntryPoint\",\"urlTemplate\":\"https:\\\/\\\/www.facecorner.lv\\\/?s={search_term_string}\"},\"query-input\":{\"@type\":\"PropertyValueSpecification\",\"valueRequired\":true,\"valueName\":\"search_term_string\"}}],\"inLanguage\":\"lv-LV\"},{\"@type\":\"Organization\",\"@id\":\"https:\\\/\\\/www.facecorner.lv\\\/#organization\",\"name\":\"Facecorner\",\"url\":\"https:\\\/\\\/www.facecorner.lv\\\/\",\"logo\":{\"@type\":\"ImageObject\",\"inLanguage\":\"lv-LV\",\"@id\":\"https:\\\/\\\/www.facecorner.lv\\\/#\\\/schema\\\/logo\\\/image\\\/\",\"url\":\"https:\\\/\\\/www.facecorner.lv\\\/wp-content\\\/uploads\\\/2024\\\/04\\\/fc-logo.jpg\",\"contentUrl\":\"https:\\\/\\\/www.facecorner.lv\\\/wp-content\\\/uploads\\\/2024\\\/04\\\/fc-logo.jpg\",\"width\":174,\"height\":28,\"caption\":\"Facecorner\"},\"image\":{\"@id\":\"https:\\\/\\\/www.facecorner.lv\\\/#\\\/schema\\\/logo\\\/image\\\/\"},\"sameAs\":[\"https:\\\/\\\/www.facebook.com\\\/profile.php?id=100063824551839\",\"https:\\\/\\\/www.instagram.com\\\/facecorner_shop\\\/\"]}]}<\/script>\n<meta property=\"product:price:amount\" content=\"21.00\" \/>\n<meta property=\"product:price:currency\" content=\"EUR\" \/>\n<meta property=\"og:availability\" content=\"instock\" \/>\n<meta property=\"product:availability\" content=\"instock\" \/>\n<meta property=\"product:condition\" content=\"new\" \/>\n<!-- \/ Yoast SEO plugin. -->","yoast_head_json":{"title":"Celimax Dual Barrier Boosting Serum ar keram\u012bdu kompleksu 30ml - FACECORNER","description":"Celimax Dual Barrier Boosting Serum ar keram\u012bdu kompleksu mitrina sausu un novecoju\u0161u \u0101du, m\u012bkstina raupjus \u0101das plankumus, nov\u0113r\u0161 nepat\u012bkamo","robots":{"index":"index","follow":"follow","max-snippet":"max-snippet:-1","max-image-preview":"max-image-preview:large","max-video-preview":"max-video-preview:-1"},"canonical":"https:\/\/www.facecorner.lv\/lv\/shop\/celimax-dual-barrier-boosting-serum-ar-keramidu-kompleksu-30ml\/","og_locale":"lv_LV","og_type":"article","og_title":"Celimax Dual Barrier Boosting Serum ar keram\u012bdu kompleksu 30ml - FACECORNER","og_description":"Celimax Dual Barrier Boosting Serum ar keram\u012bdu kompleksu mitrina sausu un novecoju\u0161u \u0101du, m\u012bkstina raupjus \u0101das plankumus, nov\u0113r\u0161 nepat\u012bkamo","og_url":"https:\/\/www.facecorner.lv\/lv\/shop\/celimax-dual-barrier-boosting-serum-ar-keramidu-kompleksu-30ml\/","og_site_name":"FACECORNER","article_publisher":"https:\/\/www.facebook.com\/profile.php?id=100063824551839","article_modified_time":"2026-04-09T15:12:03+00:00","og_image":[{"width":1000,"height":1000,"url":"https:\/\/www.facecorner.lv\/wp-content\/uploads\/2025\/01\/Celimax-Dual-Barrier-Boosting-Serum.jpg","type":"image\/jpeg"}],"twitter_card":"summary_large_image","twitter_misc":{"Price":"&euro;21.00","Availability":"In stock"},"schema":{"@context":"https:\/\/schema.org","@graph":[{"@type":"WebPage","@id":"https:\/\/www.facecorner.lv\/shop\/celimax-dual-barrier-boosting-serum-ar-keramidu-kompleksu-30ml\/","url":"https:\/\/www.facecorner.lv\/shop\/celimax-dual-barrier-boosting-serum-ar-keramidu-kompleksu-30ml\/","name":"Celimax Dual Barrier Boosting Serum ar keram\u012bdu kompleksu 30ml - FACECORNER","isPartOf":{"@id":"https:\/\/www.facecorner.lv\/#website"},"primaryImageOfPage":{"@id":"https:\/\/www.facecorner.lv\/shop\/celimax-dual-barrier-boosting-serum-ar-keramidu-kompleksu-30ml\/#primaryimage"},"image":{"@id":"https:\/\/www.facecorner.lv\/shop\/celimax-dual-barrier-boosting-serum-ar-keramidu-kompleksu-30ml\/#primaryimage"},"thumbnailUrl":"https:\/\/www.facecorner.lv\/wp-content\/uploads\/2025\/01\/Celimax-Dual-Barrier-Boosting-Serum.jpg","datePublished":"2025-01-17T13:08:56+00:00","dateModified":"2026-04-09T15:12:03+00:00","description":"Celimax Dual Barrier Boosting Serum ar keram\u012bdu kompleksu mitrina sausu un novecoju\u0161u \u0101du, m\u012bkstina raupjus \u0101das plankumus, nov\u0113r\u0161 nepat\u012bkamo","breadcrumb":{"@id":"https:\/\/www.facecorner.lv\/shop\/celimax-dual-barrier-boosting-serum-ar-keramidu-kompleksu-30ml\/#breadcrumb"},"inLanguage":"lv-LV","potentialAction":[{"@type":"ReadAction","target":["https:\/\/www.facecorner.lv\/shop\/celimax-dual-barrier-boosting-serum-ar-keramidu-kompleksu-30ml\/"]}]},{"@type":"ImageObject","inLanguage":"lv-LV","@id":"https:\/\/www.facecorner.lv\/shop\/celimax-dual-barrier-boosting-serum-ar-keramidu-kompleksu-30ml\/#primaryimage","url":"https:\/\/www.facecorner.lv\/wp-content\/uploads\/2025\/01\/Celimax-Dual-Barrier-Boosting-Serum.jpg","contentUrl":"https:\/\/www.facecorner.lv\/wp-content\/uploads\/2025\/01\/Celimax-Dual-Barrier-Boosting-Serum.jpg","width":1000,"height":1000,"caption":"Celimax Dual Barrier Boosting Serum ar keram\u012bdu kompleksu"},{"@type":"BreadcrumbList","@id":"https:\/\/www.facecorner.lv\/shop\/celimax-dual-barrier-boosting-serum-ar-keramidu-kompleksu-30ml\/#breadcrumb","itemListElement":[{"@type":"ListItem","position":1,"name":"Home","item":"https:\/\/www.facecorner.lv\/"},{"@type":"ListItem","position":2,"name":"Veikals","item":"https:\/\/www.facecorner.lv\/shop\/"},{"@type":"ListItem","position":3,"name":"Celimax Dual Barrier Boosting Serum ar keram\u012bdu kompleksu 30ml"}]},{"@type":"WebSite","@id":"https:\/\/www.facecorner.lv\/#website","url":"https:\/\/www.facecorner.lv\/","name":"Facecorner","description":"","publisher":{"@id":"https:\/\/www.facecorner.lv\/#organization"},"potentialAction":[{"@type":"SearchAction","target":{"@type":"EntryPoint","urlTemplate":"https:\/\/www.facecorner.lv\/?s={search_term_string}"},"query-input":{"@type":"PropertyValueSpecification","valueRequired":true,"valueName":"search_term_string"}}],"inLanguage":"lv-LV"},{"@type":"Organization","@id":"https:\/\/www.facecorner.lv\/#organization","name":"Facecorner","url":"https:\/\/www.facecorner.lv\/","logo":{"@type":"ImageObject","inLanguage":"lv-LV","@id":"https:\/\/www.facecorner.lv\/#\/schema\/logo\/image\/","url":"https:\/\/www.facecorner.lv\/wp-content\/uploads\/2024\/04\/fc-logo.jpg","contentUrl":"https:\/\/www.facecorner.lv\/wp-content\/uploads\/2024\/04\/fc-logo.jpg","width":174,"height":28,"caption":"Facecorner"},"image":{"@id":"https:\/\/www.facecorner.lv\/#\/schema\/logo\/image\/"},"sameAs":["https:\/\/www.facebook.com\/profile.php?id=100063824551839","https:\/\/www.instagram.com\/facecorner_shop\/"]}]},"product_price_amount":"21.00","product_price_currency":"EUR","og_availability":"instock","product_availability":"instock","product_condition":"new"},"_links":{"self":[{"href":"https:\/\/www.facecorner.lv\/lv\/wp-json\/wp\/v2\/product\/23009","targetHints":{"allow":["GET"]}}],"collection":[{"href":"https:\/\/www.facecorner.lv\/lv\/wp-json\/wp\/v2\/product"}],"about":[{"href":"https:\/\/www.facecorner.lv\/lv\/wp-json\/wp\/v2\/types\/product"}],"replies":[{"embeddable":true,"href":"https:\/\/www.facecorner.lv\/lv\/wp-json\/wp\/v2\/comments?post=23009"}],"wp:featuredmedia":[{"embeddable":true,"href":"https:\/\/www.facecorner.lv\/lv\/wp-json\/wp\/v2\/media\/23010"}],"wp:attachment":[{"href":"https:\/\/www.facecorner.lv\/lv\/wp-json\/wp\/v2\/media?parent=23009"}],"wp:term":[{"taxonomy":"product_brand","embeddable":true,"href":"https:\/\/www.facecorner.lv\/lv\/wp-json\/wp\/v2\/product_brand?post=23009"},{"taxonomy":"product_cat","embeddable":true,"href":"https:\/\/www.facecorner.lv\/lv\/wp-json\/wp\/v2\/product_cat?post=23009"},{"taxonomy":"product_tag","embeddable":true,"href":"https:\/\/www.facecorner.lv\/lv\/wp-json\/wp\/v2\/product_tag?post=23009"},{"taxonomy":"berocket_brand","embeddable":true,"href":"https:\/\/www.facecorner.lv\/lv\/wp-json\/wp\/v2\/berocket_brand?post=23009"}],"curies":[{"name":"wp","href":"https:\/\/api.w.org\/{rel}","templated":true}]}}