{"id":23006,"date":"2025-01-17T15:53:16","date_gmt":"2025-01-17T12:53:16","guid":{"rendered":"https:\/\/www.facecorner.lv\/?post_type=product&#038;p=23006"},"modified":"2026-04-01T14:56:11","modified_gmt":"2026-04-01T11:56:11","slug":"celimax-oil-control-kapsulu-esence-taukainai-adai-30ml","status":"publish","type":"product","link":"https:\/\/www.facecorner.lv\/lv\/shop\/celimax-oil-control-kapsulu-esence-taukainai-adai-30ml\/","title":{"rendered":"Celimax Oil Control kapsulu esence taukainai \u0101dai 30ml"},"content":{"rendered":"<p>Celimax Oil Control kapsulu esence taukainai \u0101dai nov\u0113r\u0161 sp\u012bdumu, normaliz\u0113 sebuma veido\u0161anos, samazina papla\u0161in\u0101t\u0101s poras un nov\u0113r\u0161 p\u0101rm\u0113r\u012bgu sebuma veido\u0161anos, neradot sausumu vai kairin\u0101jumu.<\/p>\n<p>Viegla \u017eelejas tekst\u016bra satur kapsulas, kas izk\u016bst uzkl\u0101\u0161anas laik\u0101. Piem\u0113rots \u0101dai ar noslieci uz pinn\u0113m. Ar t\u0113jas koka arom\u0101tu.<\/p>\n<p>Satur Anti-Sebum P\u2122, sebumu regul\u0113jo\u0161u augu kompleksu, kas sast\u0101v no priedes, br\u016bklenes, oslinnika un puer\u0101rijas ekstraktiem. Anti-Sebum P\u2122 nom\u0101c p\u0101rm\u0113r\u012bgu sebuma veido\u0161anos, regul\u0113 sebuma veido\u0161anos un uzlabo taukainas \u0101das st\u0101vokli.<\/p>\n<p><strong>Papildu akt\u012bv\u0101s sast\u0101vda\u013cas:<\/strong><\/p>\n<ul>\n<li>4-terpinenols tiek ieg\u016bts no t\u0113jas koka. Tam piem\u012bt antimikrobi\u0101la iedarb\u012bba un tas nom\u0101c iekaisumu,<\/li>\n<li>Niacinam\u012bds (vitam\u012bns B3) normaliz\u0113 sebuma veido\u0161anos, samazina sp\u012bdumu T zon\u0101, balina pigment\u0101ciju un nov\u0113r\u0161 t\u0101s ra\u0161anos, palielina \u0101das aizsargsp\u0113jas un stimul\u0113 kolag\u0113na sint\u0113zi.<\/li>\n<li>2 hialuronsk\u0101bes veidi iedarbojas dzi\u013ci un uz \u0101das virsmu, mitrinot un saglab\u0101jot mitrumu, nov\u0113r\u0161ot sausumu un saspringumu, k\u0101 ar\u012b izl\u012bdzinot reljefu un uzlabojot elast\u012bbu.<\/li>\n<li>Centella asiatica ekstrakts nov\u0113r\u0161 aps\u0101rtumu un kairin\u0101jumu, nomierina, veicina dz\u012b\u0161anu un stiprina aizsargbarjeru, k\u0101 ar\u012b nostiprina asinsvadu sieni\u0146as, nov\u0113r\u0161ot asinsvadu zvaigzn\u012b\u0161u veido\u0161anos.<\/li>\n<li>Adenoz\u012bns &#8211; pretnoveco\u0161an\u0101s akt\u012bv\u0101 viela, stimul\u0113 kolag\u0113na olbaltumvielu veido\u0161anos, kas atbild par \u0101das bl\u012bvumu un elast\u012bbu, nov\u0113r\u0161 grumbi\u0146as.<\/li>\n<li>V\u012b\u0123es ekstrakts satur \u012bpa\u0161u fermentu fic\u012bnu &#8211; vielu, kas att\u012bra, maigi noloba raga sl\u0101ni, izl\u012bdzina tonusu un stimul\u0113 atjauno\u0161anos, neizraisa kairin\u0101jumu.<\/li>\n<li>Fruktooligosahar\u012bdi pal\u012bdz uztur\u0113t vesel\u012bgu mikrobiotu, kas samazina \u0101r\u0113jo kairin\u0101t\u0101ju ietekmi uz epidermu, saglab\u0101jot \u0101du gludu.<\/li>\n<li>Holester\u012bns ir lip\u012bds, kas veido da\u013cu no epidermas barjeras sl\u0101\u0146a, fiziolo\u0123iska un dro\u0161a sast\u0101vda\u013ca. Tas palielina barjeras funkcijas, uztur \u0101das mitrin\u0101\u0161anu, nov\u0113r\u0161 sausumu.<\/li>\n<\/ul>\n<p><strong>Lieto\u0161ana:<\/strong> p\u0113c mazg\u0101\u0161anas un toniz\u0113\u0161anas uzkl\u0101jiet esenci uz sejas, maigi izkl\u0101jiet to pa \u0101du.<\/p>\n<p><strong>S\u0101stavs:<\/strong> Water, Isopentyldiol, Propanediol, 1,2-Hexanediol, Niacinamide, Glycerin, Evening Primrose Flower Extract, Angelica Root Extract, Giant Pine Leaf Extract, Kudzu Root Extract, Centella Asiatica Extract, Fig Extract, Kelp Extract, Nasturtium Leaf Extract, Hydrogenated Lecithin, Sodium Hyaluronate, Hydroxyethyl Acrylate\/Sodium Acryloyldimethyl Taurate Copolymer, Acrylates\/C10-30 Alkyl Acrylate Crosspolymer, Tromethamine, Behenyl Alcohol, Stearyl Alcohol, Cetearyl Alcohol, 4-Terpineol, Dipropylene Glycol, Cetyl Alcohol, Adenosine, Fructooligosaccharides, Beta-Glucan, Palmitic Acid, Ceramide NP, Stearic Acid, Rice Bran Wax, Hydrolyzed Hyaluronic Acid, Carbomer, Cholesterol, Ethylhexylglycerin, Iron Red Oxide<\/p>\n","protected":false},"excerpt":{"rendered":"<p>Celimax Oil Control kapsulu esence taukainai \u0101dai nov\u0113r\u0161 taukainu sp\u012bdumu, normaliz\u0113 sebuma veido\u0161anos, sa\u0161aurina papla\u0161in\u0101t\u0101s poras un nov\u0113r\u0161 p\u0101rm\u0113r\u012bgu sebuma veido\u0161anos, neradot sausumu vai kairin\u0101jumu. Viegl\u0101 \u017eelejas tekst\u016bra satur kapsulas, kas izk\u016bst uzkl\u0101\u0161anas br\u012bd\u012b. Piem\u0113rots \u0101dai ar noslieci uz pinn\u0113m. Sast\u0101vs: Anti-Sebum P\u2122 sebumu regul\u0113jo\u0161ais komplekss, no t\u0113jas koka ieg\u016bts 4-terpineneols, niacinam\u012bds, hialuronsk\u0101be, centellas un v\u012b\u0123es ekstrakti, adenoz\u012bns, fruktooligosahar\u012bdi un holester\u012bns. Tam ir t\u0113jas koka arom\u0101ts.<\/p>\n","protected":false},"featured_media":23007,"comment_status":"open","ping_status":"closed","template":"","meta":{"site-sidebar-layout":"default","site-content-layout":"","ast-site-content-layout":"default","site-content-style":"default","site-sidebar-style":"default","ast-global-header-display":"","ast-banner-title-visibility":"","ast-main-header-display":"","ast-hfb-above-header-display":"","ast-hfb-below-header-display":"","ast-hfb-mobile-header-display":"","site-post-title":"","ast-breadcrumbs-content":"","ast-featured-img":"","footer-sml-layout":"","theme-transparent-header-meta":"default","adv-header-id-meta":"","stick-header-meta":"","header-above-stick-meta":"","header-main-stick-meta":"","header-below-stick-meta":"","astra-migrate-meta-layouts":"set","ast-page-background-enabled":"default","ast-page-background-meta":{"desktop":{"background-color":"var(--ast-global-color-4)","background-image":"","background-repeat":"repeat","background-position":"center center","background-size":"auto","background-attachment":"scroll","background-type":"","background-media":"","overlay-type":"","overlay-color":"","overlay-opacity":"","overlay-gradient":""},"tablet":{"background-color":"","background-image":"","background-repeat":"repeat","background-position":"center center","background-size":"auto","background-attachment":"scroll","background-type":"","background-media":"","overlay-type":"","overlay-color":"","overlay-opacity":"","overlay-gradient":""},"mobile":{"background-color":"","background-image":"","background-repeat":"repeat","background-position":"center center","background-size":"auto","background-attachment":"scroll","background-type":"","background-media":"","overlay-type":"","overlay-color":"","overlay-opacity":"","overlay-gradient":""}},"ast-content-background-meta":{"desktop":{"background-color":"var(--ast-global-color-5)","background-image":"","background-repeat":"repeat","background-position":"center center","background-size":"auto","background-attachment":"scroll","background-type":"","background-media":"","overlay-type":"","overlay-color":"","overlay-opacity":"","overlay-gradient":""},"tablet":{"background-color":"var(--ast-global-color-5)","background-image":"","background-repeat":"repeat","background-position":"center center","background-size":"auto","background-attachment":"scroll","background-type":"","background-media":"","overlay-type":"","overlay-color":"","overlay-opacity":"","overlay-gradient":""},"mobile":{"background-color":"var(--ast-global-color-5)","background-image":"","background-repeat":"repeat","background-position":"center center","background-size":"auto","background-attachment":"scroll","background-type":"","background-media":"","overlay-type":"","overlay-color":"","overlay-opacity":"","overlay-gradient":""}}},"product_brand":[],"product_cat":[370,511,373,374,363],"product_tag":[],"berocket_brand":[604],"class_list":{"0":"post-23006","1":"product","2":"type-product","3":"status-publish","4":"has-post-thumbnail","6":"product_cat-adas-mirdzumam","7":"product_cat-atlaides","8":"product_cat-poras-sasaurinoss","9":"product_cat-pret-pinnem","10":"product_cat-serumi","11":"berocket_brand-celimax","12":"desktop-align-left","13":"tablet-align-left","14":"mobile-align-left","16":"first","17":"instock","18":"sale","19":"taxable","20":"shipping-taxable","21":"purchasable","22":"product-type-simple","23":"add-to-wishlist-before_image"},"yoast_head":"<!-- This site is optimized with the Yoast SEO plugin v27.4 - https:\/\/yoast.com\/product\/yoast-seo-wordpress\/ -->\n<title>Celimax Oil Control kapsulu esence taukainai \u0101dai 30ml - FACECORNER<\/title>\n<meta name=\"description\" content=\"Celimax Oil Control kapsulu esence nov\u0113r\u0161 sp\u012bdumu, normaliz\u0113 sebuma veido\u0161anos, samazina papla\u0161in\u0101t\u0101s poras un nov\u0113r\u0161 p\u0101rm\u0113r\u012bgu sebuma veido\u0161anos\" \/>\n<meta name=\"robots\" content=\"index, follow, max-snippet:-1, max-image-preview:large, max-video-preview:-1\" \/>\n<link rel=\"canonical\" href=\"https:\/\/www.facecorner.lv\/lv\/shop\/celimax-oil-control-kapsulu-esence-taukainai-adai-30ml\/\" \/>\n<meta property=\"og:locale\" content=\"lv_LV\" \/>\n<meta property=\"og:type\" content=\"article\" \/>\n<meta property=\"og:title\" content=\"Celimax Oil Control kapsulu esence taukainai \u0101dai 30ml - FACECORNER\" \/>\n<meta property=\"og:description\" content=\"Celimax Oil Control kapsulu esence nov\u0113r\u0161 sp\u012bdumu, normaliz\u0113 sebuma veido\u0161anos, samazina papla\u0161in\u0101t\u0101s poras un nov\u0113r\u0161 p\u0101rm\u0113r\u012bgu sebuma veido\u0161anos\" \/>\n<meta property=\"og:url\" content=\"https:\/\/www.facecorner.lv\/lv\/shop\/celimax-oil-control-kapsulu-esence-taukainai-adai-30ml\/\" \/>\n<meta property=\"og:site_name\" content=\"FACECORNER\" \/>\n<meta property=\"article:publisher\" content=\"https:\/\/www.facebook.com\/profile.php?id=100063824551839\" \/>\n<meta property=\"article:modified_time\" content=\"2026-04-01T11:56:11+00:00\" \/>\n<meta property=\"og:image\" content=\"https:\/\/www.facecorner.lv\/wp-content\/uploads\/2025\/01\/rus_pl_Celimax-Oil-Control-Capsule-Essence-KAPSUL-NAIA-ESSENCIIA-DLIA-UMEN-SHENIIA-ZHIRNOSTI-KOZHI-30ml-17178_1.webp\" \/>\n\t<meta property=\"og:image:width\" content=\"1500\" \/>\n\t<meta property=\"og:image:height\" content=\"1500\" \/>\n\t<meta property=\"og:image:type\" content=\"image\/webp\" \/>\n<meta name=\"twitter:card\" content=\"summary_large_image\" \/>\n<meta name=\"twitter:label1\" content=\"Price\" \/>\n\t<meta name=\"twitter:data1\" content=\"&euro;21.90\" \/>\n\t<meta name=\"twitter:label2\" content=\"Availability\" \/>\n\t<meta name=\"twitter:data2\" content=\"In stock\" \/>\n<script type=\"application\/ld+json\" class=\"yoast-schema-graph\">{\"@context\":\"https:\\\/\\\/schema.org\",\"@graph\":[{\"@type\":\"WebPage\",\"@id\":\"https:\\\/\\\/www.facecorner.lv\\\/shop\\\/celimax-oil-control-kapsulu-esence-taukainai-adai-30ml\\\/\",\"url\":\"https:\\\/\\\/www.facecorner.lv\\\/shop\\\/celimax-oil-control-kapsulu-esence-taukainai-adai-30ml\\\/\",\"name\":\"Celimax Oil Control kapsulu esence taukainai \u0101dai 30ml - FACECORNER\",\"isPartOf\":{\"@id\":\"https:\\\/\\\/www.facecorner.lv\\\/#website\"},\"primaryImageOfPage\":{\"@id\":\"https:\\\/\\\/www.facecorner.lv\\\/shop\\\/celimax-oil-control-kapsulu-esence-taukainai-adai-30ml\\\/#primaryimage\"},\"image\":{\"@id\":\"https:\\\/\\\/www.facecorner.lv\\\/shop\\\/celimax-oil-control-kapsulu-esence-taukainai-adai-30ml\\\/#primaryimage\"},\"thumbnailUrl\":\"https:\\\/\\\/www.facecorner.lv\\\/wp-content\\\/uploads\\\/2025\\\/01\\\/rus_pl_Celimax-Oil-Control-Capsule-Essence-KAPSUL-NAIA-ESSENCIIA-DLIA-UMEN-SHENIIA-ZHIRNOSTI-KOZHI-30ml-17178_1.webp\",\"datePublished\":\"2025-01-17T12:53:16+00:00\",\"dateModified\":\"2026-04-01T11:56:11+00:00\",\"description\":\"Celimax Oil Control kapsulu esence nov\u0113r\u0161 sp\u012bdumu, normaliz\u0113 sebuma veido\u0161anos, samazina papla\u0161in\u0101t\u0101s poras un nov\u0113r\u0161 p\u0101rm\u0113r\u012bgu sebuma veido\u0161anos\",\"breadcrumb\":{\"@id\":\"https:\\\/\\\/www.facecorner.lv\\\/shop\\\/celimax-oil-control-kapsulu-esence-taukainai-adai-30ml\\\/#breadcrumb\"},\"inLanguage\":\"lv-LV\",\"potentialAction\":[{\"@type\":\"ReadAction\",\"target\":[\"https:\\\/\\\/www.facecorner.lv\\\/shop\\\/celimax-oil-control-kapsulu-esence-taukainai-adai-30ml\\\/\"]}]},{\"@type\":\"ImageObject\",\"inLanguage\":\"lv-LV\",\"@id\":\"https:\\\/\\\/www.facecorner.lv\\\/shop\\\/celimax-oil-control-kapsulu-esence-taukainai-adai-30ml\\\/#primaryimage\",\"url\":\"https:\\\/\\\/www.facecorner.lv\\\/wp-content\\\/uploads\\\/2025\\\/01\\\/rus_pl_Celimax-Oil-Control-Capsule-Essence-KAPSUL-NAIA-ESSENCIIA-DLIA-UMEN-SHENIIA-ZHIRNOSTI-KOZHI-30ml-17178_1.webp\",\"contentUrl\":\"https:\\\/\\\/www.facecorner.lv\\\/wp-content\\\/uploads\\\/2025\\\/01\\\/rus_pl_Celimax-Oil-Control-Capsule-Essence-KAPSUL-NAIA-ESSENCIIA-DLIA-UMEN-SHENIIA-ZHIRNOSTI-KOZHI-30ml-17178_1.webp\",\"width\":1500,\"height\":1500,\"caption\":\"Celimax Oil Control kapsulu esence taukainai \u0101dai 30ml\"},{\"@type\":\"BreadcrumbList\",\"@id\":\"https:\\\/\\\/www.facecorner.lv\\\/shop\\\/celimax-oil-control-kapsulu-esence-taukainai-adai-30ml\\\/#breadcrumb\",\"itemListElement\":[{\"@type\":\"ListItem\",\"position\":1,\"name\":\"Home\",\"item\":\"https:\\\/\\\/www.facecorner.lv\\\/\"},{\"@type\":\"ListItem\",\"position\":2,\"name\":\"Veikals\",\"item\":\"https:\\\/\\\/www.facecorner.lv\\\/shop\\\/\"},{\"@type\":\"ListItem\",\"position\":3,\"name\":\"Celimax Oil Control kapsulu esence taukainai \u0101dai 30ml\"}]},{\"@type\":\"WebSite\",\"@id\":\"https:\\\/\\\/www.facecorner.lv\\\/#website\",\"url\":\"https:\\\/\\\/www.facecorner.lv\\\/\",\"name\":\"Facecorner\",\"description\":\"\",\"publisher\":{\"@id\":\"https:\\\/\\\/www.facecorner.lv\\\/#organization\"},\"potentialAction\":[{\"@type\":\"SearchAction\",\"target\":{\"@type\":\"EntryPoint\",\"urlTemplate\":\"https:\\\/\\\/www.facecorner.lv\\\/?s={search_term_string}\"},\"query-input\":{\"@type\":\"PropertyValueSpecification\",\"valueRequired\":true,\"valueName\":\"search_term_string\"}}],\"inLanguage\":\"lv-LV\"},{\"@type\":\"Organization\",\"@id\":\"https:\\\/\\\/www.facecorner.lv\\\/#organization\",\"name\":\"Facecorner\",\"url\":\"https:\\\/\\\/www.facecorner.lv\\\/\",\"logo\":{\"@type\":\"ImageObject\",\"inLanguage\":\"lv-LV\",\"@id\":\"https:\\\/\\\/www.facecorner.lv\\\/#\\\/schema\\\/logo\\\/image\\\/\",\"url\":\"https:\\\/\\\/www.facecorner.lv\\\/wp-content\\\/uploads\\\/2024\\\/04\\\/fc-logo.jpg\",\"contentUrl\":\"https:\\\/\\\/www.facecorner.lv\\\/wp-content\\\/uploads\\\/2024\\\/04\\\/fc-logo.jpg\",\"width\":174,\"height\":28,\"caption\":\"Facecorner\"},\"image\":{\"@id\":\"https:\\\/\\\/www.facecorner.lv\\\/#\\\/schema\\\/logo\\\/image\\\/\"},\"sameAs\":[\"https:\\\/\\\/www.facebook.com\\\/profile.php?id=100063824551839\",\"https:\\\/\\\/www.instagram.com\\\/facecorner_shop\\\/\"]}]}<\/script>\n<meta property=\"product:price:amount\" content=\"21.90\" \/>\n<meta property=\"product:price:currency\" content=\"EUR\" \/>\n<meta property=\"og:availability\" content=\"instock\" \/>\n<meta property=\"product:availability\" content=\"instock\" \/>\n<meta property=\"product:condition\" content=\"new\" \/>\n<!-- \/ Yoast SEO plugin. -->","yoast_head_json":{"title":"Celimax Oil Control kapsulu esence taukainai \u0101dai 30ml - FACECORNER","description":"Celimax Oil Control kapsulu esence nov\u0113r\u0161 sp\u012bdumu, normaliz\u0113 sebuma veido\u0161anos, samazina papla\u0161in\u0101t\u0101s poras un nov\u0113r\u0161 p\u0101rm\u0113r\u012bgu sebuma veido\u0161anos","robots":{"index":"index","follow":"follow","max-snippet":"max-snippet:-1","max-image-preview":"max-image-preview:large","max-video-preview":"max-video-preview:-1"},"canonical":"https:\/\/www.facecorner.lv\/lv\/shop\/celimax-oil-control-kapsulu-esence-taukainai-adai-30ml\/","og_locale":"lv_LV","og_type":"article","og_title":"Celimax Oil Control kapsulu esence taukainai \u0101dai 30ml - FACECORNER","og_description":"Celimax Oil Control kapsulu esence nov\u0113r\u0161 sp\u012bdumu, normaliz\u0113 sebuma veido\u0161anos, samazina papla\u0161in\u0101t\u0101s poras un nov\u0113r\u0161 p\u0101rm\u0113r\u012bgu sebuma veido\u0161anos","og_url":"https:\/\/www.facecorner.lv\/lv\/shop\/celimax-oil-control-kapsulu-esence-taukainai-adai-30ml\/","og_site_name":"FACECORNER","article_publisher":"https:\/\/www.facebook.com\/profile.php?id=100063824551839","article_modified_time":"2026-04-01T11:56:11+00:00","og_image":[{"width":1500,"height":1500,"url":"https:\/\/www.facecorner.lv\/wp-content\/uploads\/2025\/01\/rus_pl_Celimax-Oil-Control-Capsule-Essence-KAPSUL-NAIA-ESSENCIIA-DLIA-UMEN-SHENIIA-ZHIRNOSTI-KOZHI-30ml-17178_1.webp","type":"image\/webp"}],"twitter_card":"summary_large_image","twitter_misc":{"Price":"&euro;21.90","Availability":"In stock"},"schema":{"@context":"https:\/\/schema.org","@graph":[{"@type":"WebPage","@id":"https:\/\/www.facecorner.lv\/shop\/celimax-oil-control-kapsulu-esence-taukainai-adai-30ml\/","url":"https:\/\/www.facecorner.lv\/shop\/celimax-oil-control-kapsulu-esence-taukainai-adai-30ml\/","name":"Celimax Oil Control kapsulu esence taukainai \u0101dai 30ml - FACECORNER","isPartOf":{"@id":"https:\/\/www.facecorner.lv\/#website"},"primaryImageOfPage":{"@id":"https:\/\/www.facecorner.lv\/shop\/celimax-oil-control-kapsulu-esence-taukainai-adai-30ml\/#primaryimage"},"image":{"@id":"https:\/\/www.facecorner.lv\/shop\/celimax-oil-control-kapsulu-esence-taukainai-adai-30ml\/#primaryimage"},"thumbnailUrl":"https:\/\/www.facecorner.lv\/wp-content\/uploads\/2025\/01\/rus_pl_Celimax-Oil-Control-Capsule-Essence-KAPSUL-NAIA-ESSENCIIA-DLIA-UMEN-SHENIIA-ZHIRNOSTI-KOZHI-30ml-17178_1.webp","datePublished":"2025-01-17T12:53:16+00:00","dateModified":"2026-04-01T11:56:11+00:00","description":"Celimax Oil Control kapsulu esence nov\u0113r\u0161 sp\u012bdumu, normaliz\u0113 sebuma veido\u0161anos, samazina papla\u0161in\u0101t\u0101s poras un nov\u0113r\u0161 p\u0101rm\u0113r\u012bgu sebuma veido\u0161anos","breadcrumb":{"@id":"https:\/\/www.facecorner.lv\/shop\/celimax-oil-control-kapsulu-esence-taukainai-adai-30ml\/#breadcrumb"},"inLanguage":"lv-LV","potentialAction":[{"@type":"ReadAction","target":["https:\/\/www.facecorner.lv\/shop\/celimax-oil-control-kapsulu-esence-taukainai-adai-30ml\/"]}]},{"@type":"ImageObject","inLanguage":"lv-LV","@id":"https:\/\/www.facecorner.lv\/shop\/celimax-oil-control-kapsulu-esence-taukainai-adai-30ml\/#primaryimage","url":"https:\/\/www.facecorner.lv\/wp-content\/uploads\/2025\/01\/rus_pl_Celimax-Oil-Control-Capsule-Essence-KAPSUL-NAIA-ESSENCIIA-DLIA-UMEN-SHENIIA-ZHIRNOSTI-KOZHI-30ml-17178_1.webp","contentUrl":"https:\/\/www.facecorner.lv\/wp-content\/uploads\/2025\/01\/rus_pl_Celimax-Oil-Control-Capsule-Essence-KAPSUL-NAIA-ESSENCIIA-DLIA-UMEN-SHENIIA-ZHIRNOSTI-KOZHI-30ml-17178_1.webp","width":1500,"height":1500,"caption":"Celimax Oil Control kapsulu esence taukainai \u0101dai 30ml"},{"@type":"BreadcrumbList","@id":"https:\/\/www.facecorner.lv\/shop\/celimax-oil-control-kapsulu-esence-taukainai-adai-30ml\/#breadcrumb","itemListElement":[{"@type":"ListItem","position":1,"name":"Home","item":"https:\/\/www.facecorner.lv\/"},{"@type":"ListItem","position":2,"name":"Veikals","item":"https:\/\/www.facecorner.lv\/shop\/"},{"@type":"ListItem","position":3,"name":"Celimax Oil Control kapsulu esence taukainai \u0101dai 30ml"}]},{"@type":"WebSite","@id":"https:\/\/www.facecorner.lv\/#website","url":"https:\/\/www.facecorner.lv\/","name":"Facecorner","description":"","publisher":{"@id":"https:\/\/www.facecorner.lv\/#organization"},"potentialAction":[{"@type":"SearchAction","target":{"@type":"EntryPoint","urlTemplate":"https:\/\/www.facecorner.lv\/?s={search_term_string}"},"query-input":{"@type":"PropertyValueSpecification","valueRequired":true,"valueName":"search_term_string"}}],"inLanguage":"lv-LV"},{"@type":"Organization","@id":"https:\/\/www.facecorner.lv\/#organization","name":"Facecorner","url":"https:\/\/www.facecorner.lv\/","logo":{"@type":"ImageObject","inLanguage":"lv-LV","@id":"https:\/\/www.facecorner.lv\/#\/schema\/logo\/image\/","url":"https:\/\/www.facecorner.lv\/wp-content\/uploads\/2024\/04\/fc-logo.jpg","contentUrl":"https:\/\/www.facecorner.lv\/wp-content\/uploads\/2024\/04\/fc-logo.jpg","width":174,"height":28,"caption":"Facecorner"},"image":{"@id":"https:\/\/www.facecorner.lv\/#\/schema\/logo\/image\/"},"sameAs":["https:\/\/www.facebook.com\/profile.php?id=100063824551839","https:\/\/www.instagram.com\/facecorner_shop\/"]}]},"product_price_amount":"21.90","product_price_currency":"EUR","og_availability":"instock","product_availability":"instock","product_condition":"new"},"_links":{"self":[{"href":"https:\/\/www.facecorner.lv\/lv\/wp-json\/wp\/v2\/product\/23006","targetHints":{"allow":["GET"]}}],"collection":[{"href":"https:\/\/www.facecorner.lv\/lv\/wp-json\/wp\/v2\/product"}],"about":[{"href":"https:\/\/www.facecorner.lv\/lv\/wp-json\/wp\/v2\/types\/product"}],"replies":[{"embeddable":true,"href":"https:\/\/www.facecorner.lv\/lv\/wp-json\/wp\/v2\/comments?post=23006"}],"wp:featuredmedia":[{"embeddable":true,"href":"https:\/\/www.facecorner.lv\/lv\/wp-json\/wp\/v2\/media\/23007"}],"wp:attachment":[{"href":"https:\/\/www.facecorner.lv\/lv\/wp-json\/wp\/v2\/media?parent=23006"}],"wp:term":[{"taxonomy":"product_brand","embeddable":true,"href":"https:\/\/www.facecorner.lv\/lv\/wp-json\/wp\/v2\/product_brand?post=23006"},{"taxonomy":"product_cat","embeddable":true,"href":"https:\/\/www.facecorner.lv\/lv\/wp-json\/wp\/v2\/product_cat?post=23006"},{"taxonomy":"product_tag","embeddable":true,"href":"https:\/\/www.facecorner.lv\/lv\/wp-json\/wp\/v2\/product_tag?post=23006"},{"taxonomy":"berocket_brand","embeddable":true,"href":"https:\/\/www.facecorner.lv\/lv\/wp-json\/wp\/v2\/berocket_brand?post=23006"}],"curies":[{"name":"wp","href":"https:\/\/api.w.org\/{rel}","templated":true}]}}