{"id":22997,"date":"2025-01-17T14:41:04","date_gmt":"2025-01-17T11:41:04","guid":{"rendered":"https:\/\/www.facecorner.lv\/?post_type=product&#038;p=22997"},"modified":"2025-04-24T11:53:29","modified_gmt":"2025-04-24T08:53:29","slug":"celimax-noni-refresh-clay-mask-120ml","status":"publish","type":"product","link":"https:\/\/www.facecorner.lv\/lv\/shop\/celimax-noni-refresh-clay-mask-120ml\/","title":{"rendered":"Celimax Noni Refresh Clay Mask 120ml"},"content":{"rendered":"<p>Celimax Noni Refresh Clay Mask\u00a0 Att\u012bro\u0161\u0101 m\u0101la maska ir lieliski atsvaidzino\u0161a un lieto\u0161anas laik\u0101 neiz\u017e\u016bst. T\u0101 iek\u013c\u016bst dzi\u013ci por\u0101s, uzs\u016bc lieko sebumu un \u0161\u0137\u012bdina taukainus, pal\u012bdzot sa\u0161aurin\u0101t papla\u0161in\u0101t\u0101s poras. Sasmalcin\u0101tiem noni aug\u013ciem piem\u012bt maiga pul\u0113jo\u0161a iedarb\u012bba, tie izl\u012bdzina mikroreljefu un p\u012blingo keratiniz\u0113t\u0101s epidermas \u0161\u016bnas.<\/p>\n<p>Produkta galven\u0101 akt\u012bv\u0101 viela ir noni ekstrakts &#8211; tropu super\u0113diens, kas ir bag\u0101ts ar vitam\u012bniem, miner\u0101lviel\u0101m un polifenoliem. Noni ekstrakts baro, nomierina un m\u012bkstina \u0101du, tam piem\u012bt antioksidanta iedarb\u012bba, pal\u0113ninot ar vecumu saist\u012btas izmai\u0146as, un tas blo\u0137\u0113 iekaisuma procesus.<\/p>\n<p>Nodro\u0161ina izteiktu antioksidantu iedarb\u012bbu, nomierina iekaisu\u0161o \u0101du un pa\u0101trina iekaisumu dz\u012b\u0161anu. Normaliz\u0113 tauku dziedzeru darb\u012bbu un m\u012bkstina raupju \u0101du. Tam ir viegls augu arom\u0101ts.<\/p>\n<p><strong>Galven\u0101s akt\u012bv\u0101s sast\u0101vda\u013cas:<\/strong><\/p>\n<ul>\n<li>Kaol\u012bns (23,0%) efekt\u012bvi att\u012bra, sausina un mazina iekaisumu, stimul\u0113 \u0161\u016bnu re\u0123ener\u0101ciju, absorb\u0113 toks\u012bnus un citas kait\u012bg\u0101s vielas no \u0101das virsmas. M\u012bkstina, uzlabo sejas kr\u0101su, pies\u0101tina ar der\u012bg\u0101m miner\u0101lviel\u0101m.<\/li>\n<li>Benton\u012bts (7,5 %) nedaudz sausina, aktiviz\u0113 \u0161\u016bnu re\u0123ener\u0101ciju, absorb\u0113 toks\u012bnus, m\u012bkstina un pies\u0101tina ar der\u012bg\u0101m miner\u0101lviel\u0101m.<\/li>\n<li>B\u0113rzu sula piepilda ar vesel\u012bgai \u0101dai nepiecie\u0161amaj\u0101m miner\u0101lviel\u0101m, mikroelementiem un aminosk\u0101b\u0113m. Palielina aizsargsp\u0113jas un sabiez\u0113, samazinot audu jut\u012bgumu.<\/li>\n<li>Ziepziedu ekstrakts satur l\u012bdz 35% triterp\u0113nu sapon\u012bnu, pekt\u012bnus, g\u013cotvielas, polisahar\u012bdus. Tam piem\u012bt att\u012bro\u0161a, pretiekaisuma, prets\u0113n\u012b\u0161u iedarb\u012bba.<\/li>\n<li>\u0100frikas \u0137igelia ekstrakts nodro\u0161ina turgora stiprin\u0101\u0161anu un \u0101das savilk\u0161anu, atdz\u012bvina \u0101du un palielina t\u0101s elast\u012bbu. Tas uzlabo asinsriti un tam piem\u012bt antioksidanta iedarb\u012bba.<\/li>\n<\/ul>\n<p><strong style=\"font-size: 16px;\">Lieto\u0161ana:<\/strong><span style=\"font-size: 16px;\"> uzkl\u0101jiet nepiecie\u0161amo maskas daudzumu uz \u0101das, izvairoties no acu un l\u016bpu zonas.<\/span><\/p>\n<p>&nbsp;<\/p>\n<ul>\n<li><strong>Kombin\u0113tai un taukainai \u0101dai maska j\u0101lieto l\u012bdz 10 min\u016bt\u0113m un j\u0101veic 2 reizes ned\u0113\u013c\u0101.<\/strong><\/li>\n<li><strong>\u0100dai ar noslieci uz sausumu masku lab\u0101k tur\u0113t ne ilg\u0101k k\u0101 5-10 min\u016btes, 1 reizi ned\u0113\u013c\u0101.<\/strong><\/li>\n<\/ul>\n<p><strong>S\u0101stavs:<\/strong> Noni Extract (30.5%), Kaolin (23.0%), Purified Water, Glycerin, Bentonite(7.5%), Propanediol, Modified Alcohol, 1,2-hexanediol, Dipropylene Glycol, Yellow Iron Oxide, Noni Fruit Extract(8,000 Ppm), Black Iron Oxide, Citric Acid, Xanthan Gum, Butylene Glycol, Birch Sap, Ethylhexylglycerin, Flavoring, Allantoin, Saponaria Officinalis Root Extract, Kigelia Africana Fruit Extract<\/p>\n","protected":false},"excerpt":{"rendered":"<p>Celimax Noni Refresh Clay Mask ir att\u012bro\u0161a m\u0101la maska ar Noni ekstraktu, kas atsvaidzina un neiz\u017e\u016bst lieto\u0161anas laik\u0101. T\u0101 iek\u013c\u016bst dzi\u013ci por\u0101s, uzs\u016bc lieko sebumu un \u0161\u0137\u012bdina taukainus, pal\u012bdzot sa\u0161aurin\u0101t papla\u0161in\u0101t\u0101s poras. Sasmalcin\u0101tiem noni aug\u013ciem piem\u012bt viegla pul\u0113jo\u0161a iedarb\u012bba, tie izl\u012bdzina mikroreljefu un p\u012blingo keratiniz\u0113t\u0101s epidermas \u0161\u016bnas. Satur kaol\u012bnu, benton\u012btu, b\u0113rzu sulu un ziepju ekstraktu.<\/p>\n","protected":false},"featured_media":22998,"comment_status":"open","ping_status":"closed","template":"","meta":{"site-sidebar-layout":"default","site-content-layout":"","ast-site-content-layout":"default","site-content-style":"default","site-sidebar-style":"default","ast-global-header-display":"","ast-banner-title-visibility":"","ast-main-header-display":"","ast-hfb-above-header-display":"","ast-hfb-below-header-display":"","ast-hfb-mobile-header-display":"","site-post-title":"","ast-breadcrumbs-content":"","ast-featured-img":"","footer-sml-layout":"","theme-transparent-header-meta":"default","adv-header-id-meta":"","stick-header-meta":"","header-above-stick-meta":"","header-main-stick-meta":"","header-below-stick-meta":"","astra-migrate-meta-layouts":"set","ast-page-background-enabled":"default","ast-page-background-meta":{"desktop":{"background-color":"var(--ast-global-color-4)","background-image":"","background-repeat":"repeat","background-position":"center center","background-size":"auto","background-attachment":"scroll","background-type":"","background-media":"","overlay-type":"","overlay-color":"","overlay-opacity":"","overlay-gradient":""},"tablet":{"background-color":"","background-image":"","background-repeat":"repeat","background-position":"center center","background-size":"auto","background-attachment":"scroll","background-type":"","background-media":"","overlay-type":"","overlay-color":"","overlay-opacity":"","overlay-gradient":""},"mobile":{"background-color":"","background-image":"","background-repeat":"repeat","background-position":"center center","background-size":"auto","background-attachment":"scroll","background-type":"","background-media":"","overlay-type":"","overlay-color":"","overlay-opacity":"","overlay-gradient":""}},"ast-content-background-meta":{"desktop":{"background-color":"var(--ast-global-color-5)","background-image":"","background-repeat":"repeat","background-position":"center center","background-size":"auto","background-attachment":"scroll","background-type":"","background-media":"","overlay-type":"","overlay-color":"","overlay-opacity":"","overlay-gradient":""},"tablet":{"background-color":"var(--ast-global-color-5)","background-image":"","background-repeat":"repeat","background-position":"center center","background-size":"auto","background-attachment":"scroll","background-type":"","background-media":"","overlay-type":"","overlay-color":"","overlay-opacity":"","overlay-gradient":""},"mobile":{"background-color":"var(--ast-global-color-5)","background-image":"","background-repeat":"repeat","background-position":"center center","background-size":"auto","background-attachment":"scroll","background-type":"","background-media":"","overlay-type":"","overlay-color":"","overlay-opacity":"","overlay-gradient":""}}},"product_brand":[],"product_cat":[315,316],"product_tag":[],"berocket_brand":[604],"class_list":{"0":"post-22997","1":"product","2":"type-product","3":"status-publish","4":"has-post-thumbnail","6":"product_cat-maskas","7":"product_cat-attirosas","8":"berocket_brand-celimax","9":"desktop-align-left","10":"tablet-align-left","11":"mobile-align-left","13":"first","14":"outofstock","15":"taxable","16":"shipping-taxable","17":"purchasable","18":"product-type-simple","19":"add-to-wishlist-before_image"},"yoast_head":"<!-- This site is optimized with the Yoast SEO plugin v27.1.1 - https:\/\/yoast.com\/product\/yoast-seo-wordpress\/ -->\n<title>Celimax Noni Refresh Clay Mask 120ml - FACECORNER<\/title>\n<meta name=\"description\" content=\"Celimax Noni Refresh Clay Mask\u00a0 Att\u012bro\u0161\u0101 m\u0101la maska ir lieliski atsvaidzino\u0161a un lieto\u0161anas laik\u0101 neiz\u017e\u016bst. T\u0101 iek\u013c\u016bst dzi\u013ci por\u0101s, uzs\u016bc lieko sebumu\" \/>\n<meta name=\"robots\" content=\"index, follow, max-snippet:-1, max-image-preview:large, max-video-preview:-1\" \/>\n<link rel=\"canonical\" href=\"https:\/\/www.facecorner.lv\/lv\/shop\/celimax-noni-refresh-clay-mask-120ml\/\" \/>\n<meta property=\"og:locale\" content=\"lv_LV\" \/>\n<meta property=\"og:type\" content=\"article\" \/>\n<meta property=\"og:title\" content=\"Celimax Noni Refresh Clay Mask 120ml - FACECORNER\" \/>\n<meta property=\"og:description\" content=\"Celimax Noni Refresh Clay Mask\u00a0 Att\u012bro\u0161\u0101 m\u0101la maska ir lieliski atsvaidzino\u0161a un lieto\u0161anas laik\u0101 neiz\u017e\u016bst. T\u0101 iek\u013c\u016bst dzi\u013ci por\u0101s, uzs\u016bc lieko sebumu\" \/>\n<meta property=\"og:url\" content=\"https:\/\/www.facecorner.lv\/lv\/shop\/celimax-noni-refresh-clay-mask-120ml\/\" \/>\n<meta property=\"og:site_name\" content=\"FACECORNER\" \/>\n<meta property=\"article:publisher\" content=\"https:\/\/www.facebook.com\/profile.php?id=100063824551839\" \/>\n<meta property=\"article:modified_time\" content=\"2025-04-24T08:53:29+00:00\" \/>\n<meta property=\"og:image\" content=\"https:\/\/www.facecorner.lv\/wp-content\/uploads\/2025\/01\/image.webp\" \/>\n\t<meta property=\"og:image:width\" content=\"1000\" \/>\n\t<meta property=\"og:image:height\" content=\"1000\" \/>\n\t<meta property=\"og:image:type\" content=\"image\/webp\" \/>\n<meta name=\"twitter:card\" content=\"summary_large_image\" \/>\n<meta name=\"twitter:label1\" content=\"Price\" \/>\n\t<meta name=\"twitter:data1\" content=\"&euro;19.00\" \/>\n\t<meta name=\"twitter:label2\" content=\"Availability\" \/>\n\t<meta name=\"twitter:data2\" content=\"Out of stock\" \/>\n<script type=\"application\/ld+json\" class=\"yoast-schema-graph\">{\"@context\":\"https:\/\/schema.org\",\"@graph\":[{\"@type\":\"WebPage\",\"@id\":\"https:\/\/www.facecorner.lv\/shop\/celimax-noni-refresh-clay-mask-120ml\/\",\"url\":\"https:\/\/www.facecorner.lv\/shop\/celimax-noni-refresh-clay-mask-120ml\/\",\"name\":\"Celimax Noni Refresh Clay Mask 120ml - FACECORNER\",\"isPartOf\":{\"@id\":\"https:\/\/www.facecorner.lv\/#website\"},\"primaryImageOfPage\":{\"@id\":\"https:\/\/www.facecorner.lv\/shop\/celimax-noni-refresh-clay-mask-120ml\/#primaryimage\"},\"image\":{\"@id\":\"https:\/\/www.facecorner.lv\/shop\/celimax-noni-refresh-clay-mask-120ml\/#primaryimage\"},\"thumbnailUrl\":\"https:\/\/www.facecorner.lv\/wp-content\/uploads\/2025\/01\/image.webp\",\"datePublished\":\"2025-01-17T11:41:04+00:00\",\"dateModified\":\"2025-04-24T08:53:29+00:00\",\"description\":\"Celimax Noni Refresh Clay Mask\u00a0 Att\u012bro\u0161\u0101 m\u0101la maska ir lieliski atsvaidzino\u0161a un lieto\u0161anas laik\u0101 neiz\u017e\u016bst. T\u0101 iek\u013c\u016bst dzi\u013ci por\u0101s, uzs\u016bc lieko sebumu\",\"breadcrumb\":{\"@id\":\"https:\/\/www.facecorner.lv\/shop\/celimax-noni-refresh-clay-mask-120ml\/#breadcrumb\"},\"inLanguage\":\"lv-LV\",\"potentialAction\":[{\"@type\":\"ReadAction\",\"target\":[\"https:\/\/www.facecorner.lv\/shop\/celimax-noni-refresh-clay-mask-120ml\/\"]}]},{\"@type\":\"ImageObject\",\"inLanguage\":\"lv-LV\",\"@id\":\"https:\/\/www.facecorner.lv\/shop\/celimax-noni-refresh-clay-mask-120ml\/#primaryimage\",\"url\":\"https:\/\/www.facecorner.lv\/wp-content\/uploads\/2025\/01\/image.webp\",\"contentUrl\":\"https:\/\/www.facecorner.lv\/wp-content\/uploads\/2025\/01\/image.webp\",\"width\":1000,\"height\":1000,\"caption\":\"Celimax Noni Refresh Clay Mask\"},{\"@type\":\"BreadcrumbList\",\"@id\":\"https:\/\/www.facecorner.lv\/shop\/celimax-noni-refresh-clay-mask-120ml\/#breadcrumb\",\"itemListElement\":[{\"@type\":\"ListItem\",\"position\":1,\"name\":\"Home\",\"item\":\"https:\/\/www.facecorner.lv\/\"},{\"@type\":\"ListItem\",\"position\":2,\"name\":\"Veikals\",\"item\":\"https:\/\/www.facecorner.lv\/shop\/\"},{\"@type\":\"ListItem\",\"position\":3,\"name\":\"Celimax Noni Refresh Clay Mask 120ml\"}]},{\"@type\":\"WebSite\",\"@id\":\"https:\/\/www.facecorner.lv\/#website\",\"url\":\"https:\/\/www.facecorner.lv\/\",\"name\":\"Facecorner\",\"description\":\"\",\"publisher\":{\"@id\":\"https:\/\/www.facecorner.lv\/#organization\"},\"potentialAction\":[{\"@type\":\"SearchAction\",\"target\":{\"@type\":\"EntryPoint\",\"urlTemplate\":\"https:\/\/www.facecorner.lv\/?s={search_term_string}\"},\"query-input\":{\"@type\":\"PropertyValueSpecification\",\"valueRequired\":true,\"valueName\":\"search_term_string\"}}],\"inLanguage\":\"lv-LV\"},{\"@type\":\"Organization\",\"@id\":\"https:\/\/www.facecorner.lv\/#organization\",\"name\":\"Facecorner\",\"url\":\"https:\/\/www.facecorner.lv\/\",\"logo\":{\"@type\":\"ImageObject\",\"inLanguage\":\"lv-LV\",\"@id\":\"https:\/\/www.facecorner.lv\/#\/schema\/logo\/image\/\",\"url\":\"https:\/\/www.facecorner.lv\/wp-content\/uploads\/2024\/04\/fc-logo.jpg\",\"contentUrl\":\"https:\/\/www.facecorner.lv\/wp-content\/uploads\/2024\/04\/fc-logo.jpg\",\"width\":174,\"height\":28,\"caption\":\"Facecorner\"},\"image\":{\"@id\":\"https:\/\/www.facecorner.lv\/#\/schema\/logo\/image\/\"},\"sameAs\":[\"https:\/\/www.facebook.com\/profile.php?id=100063824551839\",\"https:\/\/www.instagram.com\/facecorner_shop\/\"]}]}<\/script>\n<meta property=\"product:price:amount\" content=\"19.00\" \/>\n<meta property=\"product:price:currency\" content=\"EUR\" \/>\n<meta property=\"og:availability\" content=\"out of stock\" \/>\n<meta property=\"product:availability\" content=\"out of stock\" \/>\n<meta property=\"product:condition\" content=\"new\" \/>\n<!-- \/ Yoast SEO plugin. -->","yoast_head_json":{"title":"Celimax Noni Refresh Clay Mask 120ml - FACECORNER","description":"Celimax Noni Refresh Clay Mask\u00a0 Att\u012bro\u0161\u0101 m\u0101la maska ir lieliski atsvaidzino\u0161a un lieto\u0161anas laik\u0101 neiz\u017e\u016bst. T\u0101 iek\u013c\u016bst dzi\u013ci por\u0101s, uzs\u016bc lieko sebumu","robots":{"index":"index","follow":"follow","max-snippet":"max-snippet:-1","max-image-preview":"max-image-preview:large","max-video-preview":"max-video-preview:-1"},"canonical":"https:\/\/www.facecorner.lv\/lv\/shop\/celimax-noni-refresh-clay-mask-120ml\/","og_locale":"lv_LV","og_type":"article","og_title":"Celimax Noni Refresh Clay Mask 120ml - FACECORNER","og_description":"Celimax Noni Refresh Clay Mask\u00a0 Att\u012bro\u0161\u0101 m\u0101la maska ir lieliski atsvaidzino\u0161a un lieto\u0161anas laik\u0101 neiz\u017e\u016bst. T\u0101 iek\u013c\u016bst dzi\u013ci por\u0101s, uzs\u016bc lieko sebumu","og_url":"https:\/\/www.facecorner.lv\/lv\/shop\/celimax-noni-refresh-clay-mask-120ml\/","og_site_name":"FACECORNER","article_publisher":"https:\/\/www.facebook.com\/profile.php?id=100063824551839","article_modified_time":"2025-04-24T08:53:29+00:00","og_image":[{"width":1000,"height":1000,"url":"https:\/\/www.facecorner.lv\/wp-content\/uploads\/2025\/01\/image.webp","type":"image\/webp"}],"twitter_card":"summary_large_image","twitter_misc":{"Price":"&euro;19.00","Availability":"Out of stock"},"schema":{"@context":"https:\/\/schema.org","@graph":[{"@type":"WebPage","@id":"https:\/\/www.facecorner.lv\/shop\/celimax-noni-refresh-clay-mask-120ml\/","url":"https:\/\/www.facecorner.lv\/shop\/celimax-noni-refresh-clay-mask-120ml\/","name":"Celimax Noni Refresh Clay Mask 120ml - FACECORNER","isPartOf":{"@id":"https:\/\/www.facecorner.lv\/#website"},"primaryImageOfPage":{"@id":"https:\/\/www.facecorner.lv\/shop\/celimax-noni-refresh-clay-mask-120ml\/#primaryimage"},"image":{"@id":"https:\/\/www.facecorner.lv\/shop\/celimax-noni-refresh-clay-mask-120ml\/#primaryimage"},"thumbnailUrl":"https:\/\/www.facecorner.lv\/wp-content\/uploads\/2025\/01\/image.webp","datePublished":"2025-01-17T11:41:04+00:00","dateModified":"2025-04-24T08:53:29+00:00","description":"Celimax Noni Refresh Clay Mask\u00a0 Att\u012bro\u0161\u0101 m\u0101la maska ir lieliski atsvaidzino\u0161a un lieto\u0161anas laik\u0101 neiz\u017e\u016bst. T\u0101 iek\u013c\u016bst dzi\u013ci por\u0101s, uzs\u016bc lieko sebumu","breadcrumb":{"@id":"https:\/\/www.facecorner.lv\/shop\/celimax-noni-refresh-clay-mask-120ml\/#breadcrumb"},"inLanguage":"lv-LV","potentialAction":[{"@type":"ReadAction","target":["https:\/\/www.facecorner.lv\/shop\/celimax-noni-refresh-clay-mask-120ml\/"]}]},{"@type":"ImageObject","inLanguage":"lv-LV","@id":"https:\/\/www.facecorner.lv\/shop\/celimax-noni-refresh-clay-mask-120ml\/#primaryimage","url":"https:\/\/www.facecorner.lv\/wp-content\/uploads\/2025\/01\/image.webp","contentUrl":"https:\/\/www.facecorner.lv\/wp-content\/uploads\/2025\/01\/image.webp","width":1000,"height":1000,"caption":"Celimax Noni Refresh Clay Mask"},{"@type":"BreadcrumbList","@id":"https:\/\/www.facecorner.lv\/shop\/celimax-noni-refresh-clay-mask-120ml\/#breadcrumb","itemListElement":[{"@type":"ListItem","position":1,"name":"Home","item":"https:\/\/www.facecorner.lv\/"},{"@type":"ListItem","position":2,"name":"Veikals","item":"https:\/\/www.facecorner.lv\/shop\/"},{"@type":"ListItem","position":3,"name":"Celimax Noni Refresh Clay Mask 120ml"}]},{"@type":"WebSite","@id":"https:\/\/www.facecorner.lv\/#website","url":"https:\/\/www.facecorner.lv\/","name":"Facecorner","description":"","publisher":{"@id":"https:\/\/www.facecorner.lv\/#organization"},"potentialAction":[{"@type":"SearchAction","target":{"@type":"EntryPoint","urlTemplate":"https:\/\/www.facecorner.lv\/?s={search_term_string}"},"query-input":{"@type":"PropertyValueSpecification","valueRequired":true,"valueName":"search_term_string"}}],"inLanguage":"lv-LV"},{"@type":"Organization","@id":"https:\/\/www.facecorner.lv\/#organization","name":"Facecorner","url":"https:\/\/www.facecorner.lv\/","logo":{"@type":"ImageObject","inLanguage":"lv-LV","@id":"https:\/\/www.facecorner.lv\/#\/schema\/logo\/image\/","url":"https:\/\/www.facecorner.lv\/wp-content\/uploads\/2024\/04\/fc-logo.jpg","contentUrl":"https:\/\/www.facecorner.lv\/wp-content\/uploads\/2024\/04\/fc-logo.jpg","width":174,"height":28,"caption":"Facecorner"},"image":{"@id":"https:\/\/www.facecorner.lv\/#\/schema\/logo\/image\/"},"sameAs":["https:\/\/www.facebook.com\/profile.php?id=100063824551839","https:\/\/www.instagram.com\/facecorner_shop\/"]}]},"product_price_amount":"19.00","product_price_currency":"EUR","og_availability":"out of stock","product_availability":"out of stock","product_condition":"new"},"_links":{"self":[{"href":"https:\/\/www.facecorner.lv\/lv\/wp-json\/wp\/v2\/product\/22997","targetHints":{"allow":["GET"]}}],"collection":[{"href":"https:\/\/www.facecorner.lv\/lv\/wp-json\/wp\/v2\/product"}],"about":[{"href":"https:\/\/www.facecorner.lv\/lv\/wp-json\/wp\/v2\/types\/product"}],"replies":[{"embeddable":true,"href":"https:\/\/www.facecorner.lv\/lv\/wp-json\/wp\/v2\/comments?post=22997"}],"wp:featuredmedia":[{"embeddable":true,"href":"https:\/\/www.facecorner.lv\/lv\/wp-json\/wp\/v2\/media\/22998"}],"wp:attachment":[{"href":"https:\/\/www.facecorner.lv\/lv\/wp-json\/wp\/v2\/media?parent=22997"}],"wp:term":[{"taxonomy":"product_brand","embeddable":true,"href":"https:\/\/www.facecorner.lv\/lv\/wp-json\/wp\/v2\/product_brand?post=22997"},{"taxonomy":"product_cat","embeddable":true,"href":"https:\/\/www.facecorner.lv\/lv\/wp-json\/wp\/v2\/product_cat?post=22997"},{"taxonomy":"product_tag","embeddable":true,"href":"https:\/\/www.facecorner.lv\/lv\/wp-json\/wp\/v2\/product_tag?post=22997"},{"taxonomy":"berocket_brand","embeddable":true,"href":"https:\/\/www.facecorner.lv\/lv\/wp-json\/wp\/v2\/berocket_brand?post=22997"}],"curies":[{"name":"wp","href":"https:\/\/api.w.org\/{rel}","templated":true}]}}