{"id":22994,"date":"2025-01-17T14:32:59","date_gmt":"2025-01-17T11:32:59","guid":{"rendered":"https:\/\/www.facecorner.lv\/?post_type=product&#038;p=22994"},"modified":"2026-01-11T19:46:00","modified_gmt":"2026-01-11T16:46:00","slug":"celimax-jiwoogae-baking-soda-deep-pore-foam-cleansing-150ml","status":"publish","type":"product","link":"https:\/\/www.facecorner.lv\/lv\/shop\/celimax-jiwoogae-baking-soda-deep-pore-foam-cleansing-150ml\/","title":{"rendered":"Celimax Jiwoogae Baking Soda Deep Pore Foam Cleansing 150ml"},"content":{"rendered":"<p>Celimax Jiwoogae Baking Soda Deep Pore Foam Cleansing intens\u012bvi att\u012bra poras, nomazg\u0101 lieko sebumu, kosm\u0113tikas atlikumus, putek\u013cus un keratiniz\u0113t\u0101s da\u013ci\u0146as no \u0101das virsmas, atsvaidzina un sniedz t\u012br\u012bbas saj\u016btu.<\/p>\n<p>L\u012bdzeklis veido bl\u012bvas elast\u012bgas putas, kas iz\u0161\u0137\u012bdina por\u0101s eso\u0161os net\u012brumus, nov\u0113r\u0161 to aizsprostojumu un komedonu veido\u0161anos, balina tauku pavedienus. Mat\u0113jo\u0161s, lieliski piem\u0113rots kombin\u0113t\u0101s un taukain\u0101s \u0101das dzi\u013cai att\u012br\u012b\u0161anai.<\/p>\n<p>Satur dzeramo sodu jeb n\u0101trija bikarbon\u0101tu, att\u012bro\u0161u sast\u0101vda\u013cu, kas no\u0146em lieko sebumu un pal\u012bdz c\u012bn\u012bties ar melnajiem punkti\u0146iem un melnajiem punkti\u0146iem. Tai piem\u012bt antimikrobi\u0101la un antiseptiska iedarb\u012bba, normaliz\u0113 sk\u0101bju un s\u0101rmu l\u012bdzsvaru. Maigi lob\u0101s, neradot kairin\u0101jumu.<\/p>\n<p><strong>Papildu akt\u012bv\u0101s sast\u0101vda\u013cas:<\/strong><\/p>\n<ul>\n<li>Salicilsk\u0101be BHA ir taukos \u0161\u0137\u012bsto\u0161a sk\u0101be. Att\u012bra poras, balina melnos punkti\u0146us un tauku pavedienus, nov\u0113r\u0161 poru aizs\u0113r\u0113\u0161anu un iekaisumus, samazina \u0101das taukain\u012bbu un nov\u0113r\u0161 sp\u012bdumu T zon\u0101.<\/li>\n<li>Marokas vulk\u0101niskie m\u0101li ir bag\u0101ti ar magniju un k\u0101liju. Tam piem\u012bt detoksik\u0113jo\u0161a iedarb\u012bba, tas pal\u012bdz absorb\u0113t net\u012brumus, pies\u0101tina \u0101du ar noder\u012bg\u0101m miner\u0101lviel\u0101m.<\/li>\n<li>V\u012b\u0123es ekstrakts satur unik\u0101lu fermentu fic\u012bnu, kas sp\u0113j maigi un bez kairin\u0101juma no\u0146emt keratiniz\u0113t\u0101s \u0161\u016bnas, izl\u012bdzin\u0101t \u0101das reljefu un tekst\u016bru, pie\u0161\u0137irt gludumu un izl\u012bdzin\u0101t \u0101das toni.<\/li>\n<li>Ceram\u012bdi tiek iestr\u0101d\u0101ti dab\u012bgaj\u0101 lip\u012bdu sl\u0101n\u012b, stiprinot to, palielinot barjeras funkciju un nov\u0113r\u0161ot sausumu.<\/li>\n<li>Centella asiatica ekstrakts nomierina, mazina kairin\u0101jumu un aps\u0101rtumu, stiprina asinsvadu sieni\u0146as, c\u012bn\u0101s ar piet\u016bkumu un mazina kuperozes paz\u012bmes, k\u0101 ar\u012b uzlabo elast\u012bbu.<\/li>\n<li>Spirul\u012bnas ekstrakts uzlabo tvirtumu un elast\u012bbu, nov\u0113r\u0161 piet\u016bkumu. Satur A un E vitam\u012bnus, tauksk\u0101bes, miner\u0101lvielas un l\u012bdz 70 % olbaltumvielu.<\/li>\n<li>Austeres ekstrakts satur bag\u0101t\u012bgu vitam\u012bnu un miner\u0101lvielu kompleksu, stiprina \u0101das imunit\u0101ti, nov\u0113r\u0161 kolag\u0113na izn\u012bcin\u0101\u0161anu.<\/li>\n<\/ul>\n<p><strong>Lieto\u0161ana<\/strong>: uzputo l\u012bdzekli plaukst\u0101s, uzkl\u0101j uz sejas, izklied\u0113 ar mas\u0113jo\u0161\u0101m kust\u012bb\u0101m. Noskalojiet ar \u016bdeni, turpiniet kop\u0161anu.<\/p>\n<p><strong>S\u0101stavs:<\/strong> <span style=\"font-size: 16px;\">Aqua, Myristic Acid, Glycerin, Potassium Hydroxide, Propylene Glycol, Lauric Acid, Palmitic Acid, Stearic Acid, PEG-75, Glyceryl Stearate, PEG-100 Stearate, Salicylic Acid, Fragrance, Poloxamer 184, Phenoxyethanol, Centella Asiatica Extract, Ficus Carica (Fig) Fruit Extract, Butylene Glycol, Disodium EDTA, Hydrogenated Lecithin, 1,2-Hexanediol, Amaranthus Caudatus Seed Extract, Ulmus Davidiana Root Extract, Undaria Pinnatifida Extract, Ceramide Np, Canadian Colloidal Clay, Moroccan Lava Clay, Spirulina Platensis Extract, Oyster Shell Extract, Sea Silt Extract, Sodium Bicarbonate<\/span><\/p>\n<div class=\"card__accordion-item js-accordion-item\">\n<div class=\"card__accordion-item__icon\"><\/div>\n<\/div>\n","protected":false},"excerpt":{"rendered":"<p>Celimax Jiwoogae Baking Soda Deep Pore Foam Cleansing intens\u012bvi att\u012bra poras, nomazg\u0101 lieko sebumu, kosm\u0113tikas atlikumus, putek\u013cus un keratiniz\u0113t\u0101s da\u013ci\u0146as no \u0101das virsmas, atsvaidzina un sniedz t\u012br\u012bbas saj\u016btu. Iz\u0161\u0137\u012bdina por\u0101s eso\u0161os net\u012brumus, nov\u0113r\u0161 to aizsprosto\u0161anos un komedonu veido\u0161anos, balina tauku pavedienus. Mat\u0113jo\u0161s, lieliski piem\u0113rots kombin\u0113t\u0101s un taukain\u0101s \u0101das dzi\u013cai att\u012br\u012b\u0161anai. Sast\u0101vs: dzeram\u0101 soda, BHA-sk\u0101bes, Marokas vulk\u0101niskie m\u0101li, keram\u012bdi, v\u012b\u0123es, centellas, spirul\u012bnas un austeres ekstrakti.<\/p>\n","protected":false},"featured_media":22995,"comment_status":"open","ping_status":"closed","template":"","meta":{"site-sidebar-layout":"default","site-content-layout":"","ast-site-content-layout":"default","site-content-style":"default","site-sidebar-style":"default","ast-global-header-display":"","ast-banner-title-visibility":"","ast-main-header-display":"","ast-hfb-above-header-display":"","ast-hfb-below-header-display":"","ast-hfb-mobile-header-display":"","site-post-title":"","ast-breadcrumbs-content":"","ast-featured-img":"","footer-sml-layout":"","theme-transparent-header-meta":"default","adv-header-id-meta":"","stick-header-meta":"","header-above-stick-meta":"","header-main-stick-meta":"","header-below-stick-meta":"","astra-migrate-meta-layouts":"set","ast-page-background-enabled":"default","ast-page-background-meta":{"desktop":{"background-color":"var(--ast-global-color-4)","background-image":"","background-repeat":"repeat","background-position":"center center","background-size":"auto","background-attachment":"scroll","background-type":"","background-media":"","overlay-type":"","overlay-color":"","overlay-opacity":"","overlay-gradient":""},"tablet":{"background-color":"","background-image":"","background-repeat":"repeat","background-position":"center center","background-size":"auto","background-attachment":"scroll","background-type":"","background-media":"","overlay-type":"","overlay-color":"","overlay-opacity":"","overlay-gradient":""},"mobile":{"background-color":"","background-image":"","background-repeat":"repeat","background-position":"center center","background-size":"auto","background-attachment":"scroll","background-type":"","background-media":"","overlay-type":"","overlay-color":"","overlay-opacity":"","overlay-gradient":""}},"ast-content-background-meta":{"desktop":{"background-color":"var(--ast-global-color-5)","background-image":"","background-repeat":"repeat","background-position":"center center","background-size":"auto","background-attachment":"scroll","background-type":"","background-media":"","overlay-type":"","overlay-color":"","overlay-opacity":"","overlay-gradient":""},"tablet":{"background-color":"var(--ast-global-color-5)","background-image":"","background-repeat":"repeat","background-position":"center center","background-size":"auto","background-attachment":"scroll","background-type":"","background-media":"","overlay-type":"","overlay-color":"","overlay-opacity":"","overlay-gradient":""},"mobile":{"background-color":"var(--ast-global-color-5)","background-image":"","background-repeat":"repeat","background-position":"center center","background-size":"auto","background-attachment":"scroll","background-type":"","background-media":"","overlay-type":"","overlay-color":"","overlay-opacity":"","overlay-gradient":""}}},"product_brand":[],"product_cat":[310,312,313],"product_tag":[],"berocket_brand":[604],"class_list":{"0":"post-22994","1":"product","2":"type-product","3":"status-publish","4":"has-post-thumbnail","6":"product_cat-attirisana","7":"product_cat-kombinetai-adai-attirisana","8":"product_cat-problematiskai-adai-attirisana","9":"berocket_brand-celimax","10":"desktop-align-left","11":"tablet-align-left","12":"mobile-align-left","14":"first","15":"outofstock","16":"taxable","17":"shipping-taxable","18":"purchasable","19":"product-type-simple","20":"add-to-wishlist-before_image"},"yoast_head":"<!-- This site is optimized with the Yoast SEO plugin v27.4 - https:\/\/yoast.com\/product\/yoast-seo-wordpress\/ -->\n<title>Celimax Jiwoogae Baking Soda Deep Pore Foam Cleansing 150ml - FACECORNER<\/title>\n<meta name=\"description\" content=\"Celimax Jiwoogae Baking Soda Deep Pore Foam Cleansing intens\u012bvi att\u012bra poras, nomazg\u0101 lieko sebumu, kosm\u0113tikas atlikumus, putek\u013cus\" \/>\n<meta name=\"robots\" content=\"index, follow, max-snippet:-1, max-image-preview:large, max-video-preview:-1\" \/>\n<link rel=\"canonical\" href=\"https:\/\/www.facecorner.lv\/lv\/shop\/celimax-jiwoogae-baking-soda-deep-pore-foam-cleansing-150ml\/\" \/>\n<meta property=\"og:locale\" content=\"lv_LV\" \/>\n<meta property=\"og:type\" content=\"article\" \/>\n<meta property=\"og:title\" content=\"Celimax Jiwoogae Baking Soda Deep Pore Foam Cleansing 150ml - FACECORNER\" \/>\n<meta property=\"og:description\" content=\"Celimax Jiwoogae Baking Soda Deep Pore Foam Cleansing intens\u012bvi att\u012bra poras, nomazg\u0101 lieko sebumu, kosm\u0113tikas atlikumus, putek\u013cus\" \/>\n<meta property=\"og:url\" content=\"https:\/\/www.facecorner.lv\/lv\/shop\/celimax-jiwoogae-baking-soda-deep-pore-foam-cleansing-150ml\/\" \/>\n<meta property=\"og:site_name\" content=\"FACECORNER\" \/>\n<meta property=\"article:publisher\" content=\"https:\/\/www.facebook.com\/profile.php?id=100063824551839\" \/>\n<meta property=\"article:modified_time\" content=\"2026-01-11T16:46:00+00:00\" \/>\n<meta property=\"og:image\" content=\"https:\/\/www.facecorner.lv\/wp-content\/uploads\/2025\/01\/penka-celimax-jiwoogae-baking-soda-deep-pore-foam-cleansing-800x800-1.jpg\" \/>\n\t<meta property=\"og:image:width\" content=\"800\" \/>\n\t<meta property=\"og:image:height\" content=\"800\" \/>\n\t<meta property=\"og:image:type\" content=\"image\/jpeg\" \/>\n<meta name=\"twitter:card\" content=\"summary_large_image\" \/>\n<meta name=\"twitter:label1\" content=\"Price\" \/>\n\t<meta name=\"twitter:data1\" content=\"&euro;11.10\" \/>\n\t<meta name=\"twitter:label2\" content=\"Availability\" \/>\n\t<meta name=\"twitter:data2\" content=\"Out of stock\" \/>\n<script type=\"application\/ld+json\" class=\"yoast-schema-graph\">{\"@context\":\"https:\\\/\\\/schema.org\",\"@graph\":[{\"@type\":\"WebPage\",\"@id\":\"https:\\\/\\\/www.facecorner.lv\\\/shop\\\/celimax-jiwoogae-baking-soda-deep-pore-foam-cleansing-150ml\\\/\",\"url\":\"https:\\\/\\\/www.facecorner.lv\\\/shop\\\/celimax-jiwoogae-baking-soda-deep-pore-foam-cleansing-150ml\\\/\",\"name\":\"Celimax Jiwoogae Baking Soda Deep Pore Foam Cleansing 150ml - FACECORNER\",\"isPartOf\":{\"@id\":\"https:\\\/\\\/www.facecorner.lv\\\/#website\"},\"primaryImageOfPage\":{\"@id\":\"https:\\\/\\\/www.facecorner.lv\\\/shop\\\/celimax-jiwoogae-baking-soda-deep-pore-foam-cleansing-150ml\\\/#primaryimage\"},\"image\":{\"@id\":\"https:\\\/\\\/www.facecorner.lv\\\/shop\\\/celimax-jiwoogae-baking-soda-deep-pore-foam-cleansing-150ml\\\/#primaryimage\"},\"thumbnailUrl\":\"https:\\\/\\\/www.facecorner.lv\\\/wp-content\\\/uploads\\\/2025\\\/01\\\/penka-celimax-jiwoogae-baking-soda-deep-pore-foam-cleansing-800x800-1.jpg\",\"datePublished\":\"2025-01-17T11:32:59+00:00\",\"dateModified\":\"2026-01-11T16:46:00+00:00\",\"description\":\"Celimax Jiwoogae Baking Soda Deep Pore Foam Cleansing intens\u012bvi att\u012bra poras, nomazg\u0101 lieko sebumu, kosm\u0113tikas atlikumus, putek\u013cus\",\"breadcrumb\":{\"@id\":\"https:\\\/\\\/www.facecorner.lv\\\/shop\\\/celimax-jiwoogae-baking-soda-deep-pore-foam-cleansing-150ml\\\/#breadcrumb\"},\"inLanguage\":\"lv-LV\",\"potentialAction\":[{\"@type\":\"ReadAction\",\"target\":[\"https:\\\/\\\/www.facecorner.lv\\\/shop\\\/celimax-jiwoogae-baking-soda-deep-pore-foam-cleansing-150ml\\\/\"]}]},{\"@type\":\"ImageObject\",\"inLanguage\":\"lv-LV\",\"@id\":\"https:\\\/\\\/www.facecorner.lv\\\/shop\\\/celimax-jiwoogae-baking-soda-deep-pore-foam-cleansing-150ml\\\/#primaryimage\",\"url\":\"https:\\\/\\\/www.facecorner.lv\\\/wp-content\\\/uploads\\\/2025\\\/01\\\/penka-celimax-jiwoogae-baking-soda-deep-pore-foam-cleansing-800x800-1.jpg\",\"contentUrl\":\"https:\\\/\\\/www.facecorner.lv\\\/wp-content\\\/uploads\\\/2025\\\/01\\\/penka-celimax-jiwoogae-baking-soda-deep-pore-foam-cleansing-800x800-1.jpg\",\"width\":800,\"height\":800,\"caption\":\"Celimax Jiwoogae Baking Soda Deep Pore Foam Cleansing\"},{\"@type\":\"BreadcrumbList\",\"@id\":\"https:\\\/\\\/www.facecorner.lv\\\/shop\\\/celimax-jiwoogae-baking-soda-deep-pore-foam-cleansing-150ml\\\/#breadcrumb\",\"itemListElement\":[{\"@type\":\"ListItem\",\"position\":1,\"name\":\"Home\",\"item\":\"https:\\\/\\\/www.facecorner.lv\\\/\"},{\"@type\":\"ListItem\",\"position\":2,\"name\":\"Veikals\",\"item\":\"https:\\\/\\\/www.facecorner.lv\\\/shop\\\/\"},{\"@type\":\"ListItem\",\"position\":3,\"name\":\"Celimax Jiwoogae Baking Soda Deep Pore Foam Cleansing 150ml\"}]},{\"@type\":\"WebSite\",\"@id\":\"https:\\\/\\\/www.facecorner.lv\\\/#website\",\"url\":\"https:\\\/\\\/www.facecorner.lv\\\/\",\"name\":\"Facecorner\",\"description\":\"\",\"publisher\":{\"@id\":\"https:\\\/\\\/www.facecorner.lv\\\/#organization\"},\"potentialAction\":[{\"@type\":\"SearchAction\",\"target\":{\"@type\":\"EntryPoint\",\"urlTemplate\":\"https:\\\/\\\/www.facecorner.lv\\\/?s={search_term_string}\"},\"query-input\":{\"@type\":\"PropertyValueSpecification\",\"valueRequired\":true,\"valueName\":\"search_term_string\"}}],\"inLanguage\":\"lv-LV\"},{\"@type\":\"Organization\",\"@id\":\"https:\\\/\\\/www.facecorner.lv\\\/#organization\",\"name\":\"Facecorner\",\"url\":\"https:\\\/\\\/www.facecorner.lv\\\/\",\"logo\":{\"@type\":\"ImageObject\",\"inLanguage\":\"lv-LV\",\"@id\":\"https:\\\/\\\/www.facecorner.lv\\\/#\\\/schema\\\/logo\\\/image\\\/\",\"url\":\"https:\\\/\\\/www.facecorner.lv\\\/wp-content\\\/uploads\\\/2024\\\/04\\\/fc-logo.jpg\",\"contentUrl\":\"https:\\\/\\\/www.facecorner.lv\\\/wp-content\\\/uploads\\\/2024\\\/04\\\/fc-logo.jpg\",\"width\":174,\"height\":28,\"caption\":\"Facecorner\"},\"image\":{\"@id\":\"https:\\\/\\\/www.facecorner.lv\\\/#\\\/schema\\\/logo\\\/image\\\/\"},\"sameAs\":[\"https:\\\/\\\/www.facebook.com\\\/profile.php?id=100063824551839\",\"https:\\\/\\\/www.instagram.com\\\/facecorner_shop\\\/\"]}]}<\/script>\n<meta property=\"product:price:amount\" content=\"11.10\" \/>\n<meta property=\"product:price:currency\" content=\"EUR\" \/>\n<meta property=\"og:availability\" content=\"out of stock\" \/>\n<meta property=\"product:availability\" content=\"out of stock\" \/>\n<meta property=\"product:condition\" content=\"new\" \/>\n<!-- \/ Yoast SEO plugin. -->","yoast_head_json":{"title":"Celimax Jiwoogae Baking Soda Deep Pore Foam Cleansing 150ml - FACECORNER","description":"Celimax Jiwoogae Baking Soda Deep Pore Foam Cleansing intens\u012bvi att\u012bra poras, nomazg\u0101 lieko sebumu, kosm\u0113tikas atlikumus, putek\u013cus","robots":{"index":"index","follow":"follow","max-snippet":"max-snippet:-1","max-image-preview":"max-image-preview:large","max-video-preview":"max-video-preview:-1"},"canonical":"https:\/\/www.facecorner.lv\/lv\/shop\/celimax-jiwoogae-baking-soda-deep-pore-foam-cleansing-150ml\/","og_locale":"lv_LV","og_type":"article","og_title":"Celimax Jiwoogae Baking Soda Deep Pore Foam Cleansing 150ml - FACECORNER","og_description":"Celimax Jiwoogae Baking Soda Deep Pore Foam Cleansing intens\u012bvi att\u012bra poras, nomazg\u0101 lieko sebumu, kosm\u0113tikas atlikumus, putek\u013cus","og_url":"https:\/\/www.facecorner.lv\/lv\/shop\/celimax-jiwoogae-baking-soda-deep-pore-foam-cleansing-150ml\/","og_site_name":"FACECORNER","article_publisher":"https:\/\/www.facebook.com\/profile.php?id=100063824551839","article_modified_time":"2026-01-11T16:46:00+00:00","og_image":[{"width":800,"height":800,"url":"https:\/\/www.facecorner.lv\/wp-content\/uploads\/2025\/01\/penka-celimax-jiwoogae-baking-soda-deep-pore-foam-cleansing-800x800-1.jpg","type":"image\/jpeg"}],"twitter_card":"summary_large_image","twitter_misc":{"Price":"&euro;11.10","Availability":"Out of stock"},"schema":{"@context":"https:\/\/schema.org","@graph":[{"@type":"WebPage","@id":"https:\/\/www.facecorner.lv\/shop\/celimax-jiwoogae-baking-soda-deep-pore-foam-cleansing-150ml\/","url":"https:\/\/www.facecorner.lv\/shop\/celimax-jiwoogae-baking-soda-deep-pore-foam-cleansing-150ml\/","name":"Celimax Jiwoogae Baking Soda Deep Pore Foam Cleansing 150ml - FACECORNER","isPartOf":{"@id":"https:\/\/www.facecorner.lv\/#website"},"primaryImageOfPage":{"@id":"https:\/\/www.facecorner.lv\/shop\/celimax-jiwoogae-baking-soda-deep-pore-foam-cleansing-150ml\/#primaryimage"},"image":{"@id":"https:\/\/www.facecorner.lv\/shop\/celimax-jiwoogae-baking-soda-deep-pore-foam-cleansing-150ml\/#primaryimage"},"thumbnailUrl":"https:\/\/www.facecorner.lv\/wp-content\/uploads\/2025\/01\/penka-celimax-jiwoogae-baking-soda-deep-pore-foam-cleansing-800x800-1.jpg","datePublished":"2025-01-17T11:32:59+00:00","dateModified":"2026-01-11T16:46:00+00:00","description":"Celimax Jiwoogae Baking Soda Deep Pore Foam Cleansing intens\u012bvi att\u012bra poras, nomazg\u0101 lieko sebumu, kosm\u0113tikas atlikumus, putek\u013cus","breadcrumb":{"@id":"https:\/\/www.facecorner.lv\/shop\/celimax-jiwoogae-baking-soda-deep-pore-foam-cleansing-150ml\/#breadcrumb"},"inLanguage":"lv-LV","potentialAction":[{"@type":"ReadAction","target":["https:\/\/www.facecorner.lv\/shop\/celimax-jiwoogae-baking-soda-deep-pore-foam-cleansing-150ml\/"]}]},{"@type":"ImageObject","inLanguage":"lv-LV","@id":"https:\/\/www.facecorner.lv\/shop\/celimax-jiwoogae-baking-soda-deep-pore-foam-cleansing-150ml\/#primaryimage","url":"https:\/\/www.facecorner.lv\/wp-content\/uploads\/2025\/01\/penka-celimax-jiwoogae-baking-soda-deep-pore-foam-cleansing-800x800-1.jpg","contentUrl":"https:\/\/www.facecorner.lv\/wp-content\/uploads\/2025\/01\/penka-celimax-jiwoogae-baking-soda-deep-pore-foam-cleansing-800x800-1.jpg","width":800,"height":800,"caption":"Celimax Jiwoogae Baking Soda Deep Pore Foam Cleansing"},{"@type":"BreadcrumbList","@id":"https:\/\/www.facecorner.lv\/shop\/celimax-jiwoogae-baking-soda-deep-pore-foam-cleansing-150ml\/#breadcrumb","itemListElement":[{"@type":"ListItem","position":1,"name":"Home","item":"https:\/\/www.facecorner.lv\/"},{"@type":"ListItem","position":2,"name":"Veikals","item":"https:\/\/www.facecorner.lv\/shop\/"},{"@type":"ListItem","position":3,"name":"Celimax Jiwoogae Baking Soda Deep Pore Foam Cleansing 150ml"}]},{"@type":"WebSite","@id":"https:\/\/www.facecorner.lv\/#website","url":"https:\/\/www.facecorner.lv\/","name":"Facecorner","description":"","publisher":{"@id":"https:\/\/www.facecorner.lv\/#organization"},"potentialAction":[{"@type":"SearchAction","target":{"@type":"EntryPoint","urlTemplate":"https:\/\/www.facecorner.lv\/?s={search_term_string}"},"query-input":{"@type":"PropertyValueSpecification","valueRequired":true,"valueName":"search_term_string"}}],"inLanguage":"lv-LV"},{"@type":"Organization","@id":"https:\/\/www.facecorner.lv\/#organization","name":"Facecorner","url":"https:\/\/www.facecorner.lv\/","logo":{"@type":"ImageObject","inLanguage":"lv-LV","@id":"https:\/\/www.facecorner.lv\/#\/schema\/logo\/image\/","url":"https:\/\/www.facecorner.lv\/wp-content\/uploads\/2024\/04\/fc-logo.jpg","contentUrl":"https:\/\/www.facecorner.lv\/wp-content\/uploads\/2024\/04\/fc-logo.jpg","width":174,"height":28,"caption":"Facecorner"},"image":{"@id":"https:\/\/www.facecorner.lv\/#\/schema\/logo\/image\/"},"sameAs":["https:\/\/www.facebook.com\/profile.php?id=100063824551839","https:\/\/www.instagram.com\/facecorner_shop\/"]}]},"product_price_amount":"11.10","product_price_currency":"EUR","og_availability":"out of stock","product_availability":"out of stock","product_condition":"new"},"_links":{"self":[{"href":"https:\/\/www.facecorner.lv\/lv\/wp-json\/wp\/v2\/product\/22994","targetHints":{"allow":["GET"]}}],"collection":[{"href":"https:\/\/www.facecorner.lv\/lv\/wp-json\/wp\/v2\/product"}],"about":[{"href":"https:\/\/www.facecorner.lv\/lv\/wp-json\/wp\/v2\/types\/product"}],"replies":[{"embeddable":true,"href":"https:\/\/www.facecorner.lv\/lv\/wp-json\/wp\/v2\/comments?post=22994"}],"wp:featuredmedia":[{"embeddable":true,"href":"https:\/\/www.facecorner.lv\/lv\/wp-json\/wp\/v2\/media\/22995"}],"wp:attachment":[{"href":"https:\/\/www.facecorner.lv\/lv\/wp-json\/wp\/v2\/media?parent=22994"}],"wp:term":[{"taxonomy":"product_brand","embeddable":true,"href":"https:\/\/www.facecorner.lv\/lv\/wp-json\/wp\/v2\/product_brand?post=22994"},{"taxonomy":"product_cat","embeddable":true,"href":"https:\/\/www.facecorner.lv\/lv\/wp-json\/wp\/v2\/product_cat?post=22994"},{"taxonomy":"product_tag","embeddable":true,"href":"https:\/\/www.facecorner.lv\/lv\/wp-json\/wp\/v2\/product_tag?post=22994"},{"taxonomy":"berocket_brand","embeddable":true,"href":"https:\/\/www.facecorner.lv\/lv\/wp-json\/wp\/v2\/berocket_brand?post=22994"}],"curies":[{"name":"wp","href":"https:\/\/api.w.org\/{rel}","templated":true}]}}