{"id":22989,"date":"2025-01-17T14:22:27","date_gmt":"2025-01-17T11:22:27","guid":{"rendered":"https:\/\/www.facecorner.lv\/?post_type=product&#038;p=22989"},"modified":"2025-03-29T17:02:57","modified_gmt":"2025-03-29T14:02:57","slug":"tirtir-niacinamide-20-serum-30ml","status":"publish","type":"product","link":"https:\/\/www.facecorner.lv\/lv\/shop\/tirtir-niacinamide-20-serum-30ml\/","title":{"rendered":"TIRTIR Niacinamide 20% Serum 30ml"},"content":{"rendered":"<p>TIRTIR Niacinamide 20% Serum\u00a0 izl\u012bdzina toni un tekst\u016bru, nov\u0113r\u0161 pigment\u0101ciju un taukainu sp\u012bdumu, pal\u012bdz sa\u0161aurin\u0101t poras un stiprina aizsargbarjeru.<\/p>\n<p>Nov\u0113r\u0161 bl\u0101vumu un p\u0113caknes p\u0113das, nov\u0113r\u0161 iekaisumu un melno plankumu veido\u0161anos. Normaliz\u0113 tauku dziedzeru darb\u012bbu, padara \u0101du gludu un stingru.<\/p>\n<p>Neizraisa sausumu, kairin\u0101jumu un lob\u012b\u0161anos.<\/p>\n<p><strong>Galven\u0101s akt\u012bv\u0101s sast\u0101vda\u013cas:<\/strong><\/p>\n<ul>\n<li>20 % niac\u012bnam\u012bda (vitam\u012bna B3) &#8211; augsta koncentr\u0101cija univers\u0101las akt\u012bv\u0101s vielas ar pier\u0101d\u012btu iedarb\u012bgumu. Niacinam\u012bds nov\u0113r\u0161 taukainu sp\u012bdumu, iekaisumu un melnos plankumus, k\u0101 ar\u012b pigment\u0101ciju un p\u0113pneolo\u0123isk\u0101s paz\u012bmes. Stimul\u0113 kolag\u0113na sint\u0113zi un uzlabo elast\u012bbu.<\/li>\n<li>2% alfa-arbut\u012bns nom\u0101c melan\u012bna pigmenta veido\u0161anos, c\u012bn\u0101s ar bl\u0101vumu, darbojas antioksidanti un pal\u0113nina noveco\u0161an\u0101s procesus.<\/li>\n<li>Glutations ir antioksidants un balino\u0161s l\u012bdzeklis. Izgaismo vecuma plankumus un p\u0113c pinnes, c\u012bn\u0101s ar aps\u0101rtumu. Pal\u0113nina ar vecumu saist\u012btas izmai\u0146as: uzlabo tvirtumu un stimul\u0113 re\u0123ener\u0101ciju, izl\u012bdzina grumbas.<\/li>\n<li>Ret\u012bnolam ir sp\u0113c\u012bga pretnoveco\u0161an\u0101s iedarb\u012bba, aktiviz\u0113jot atjauno\u0161an\u0101s procesus. Samazina grumbas un to dzi\u013cumu, savelk \u0101du. Nov\u0113r\u0161 taukainu sp\u012bdumu un c\u012bn\u0101s pret pinn\u0113m.<\/li>\n<li>Cinks regul\u0113 tauku dziedzeru darb\u012bbu un samazina p\u0101rm\u0113r\u012bgu sebuma veido\u0161anos. Mazina iekaisumus, nomierina iekaisumus. Pa\u0101trina procesus, kas atbild\u012bgi par re\u0123ener\u0101ciju.<\/li>\n<li>Makad\u0101mijas e\u013c\u013ca baro un mitrina, nov\u0113r\u0161 sausumu, pies\u0101tina ar vitam\u012bniem un tauksk\u0101b\u0113m.<\/li>\n<li>3 veidu hialuronsk\u0101be akt\u012bvi mitrina un veido aizsargsl\u0101ni, kas nov\u0113r\u0161 mitruma iztvaiko\u0161anu.<\/li>\n<li>Holester\u012bns ir lip\u012bds, kas veido da\u013cu no epidermas barjeras sl\u0101\u0146a, fiziolo\u0123iska un dro\u0161a sast\u0101vda\u013ca. Tas palielina barjeras funkcijas, nov\u0113r\u0161 sausumu.<\/li>\n<\/ul>\n<p><strong>Lieto\u0161ana:<\/strong> p\u0113c mazg\u0101\u0161anas un toniz\u0113\u0161anas uzkl\u0101jiet serumu uz sejas, izkl\u0101jiet to pa \u0101du.<\/p>\n<p><strong>S\u0101stavs:<\/strong> Water, Niacinamide, Glycerin, Butylene Glycol, Propanediol, Alpha-Arbutin, 1,2 Hexanediol, Hydroxyacetophenone, Acrylates\/C10-30 Alkyl Acrylate Crosspolymer, Tromethamine, Glycereth-25 PCA Isostearate, Ethylhexylglycerin, Caprylic\/Capric Triglyceride, Macadamia Ternifolia Seed Oil, Zea Mays (Corn) Kernel Extract, Disodium EDTA, Hydroxyethyl Acrylate\/Sodium Acryloyldimethyl Taurate Copolymer, Hydrogenated Lecithin, Retinol, Hyaluronic Acid, Hydrolyzed Hyaluronic Acid, Sodium Hyaluronate, Brassica Campestris (Rapeseed) Sterols, Cholesterol, Polyglyceryl-10 Laurate, Phytosteryl\/Behenyl\/Octyldodecyl Lauroyl Glutamate, Aluminum\/Magnesium Hydroxide Stearate, Pentaerythrityl Tetra-di-t-butyl Hydroxyhydrocinnamate, Polysorbate 60, Sorbitan Isostearate, Fructan, Potassium Cetyl Phosphate, Glucose, Chitosan, Tris(Tetramethylhydroxypiperidinol) Citrate, Glutathione, Zinc PCA<\/p>\n","protected":false},"excerpt":{"rendered":"<p>TIRTIR Niacinamide 20% Serum koncentr\u0113ts serums izl\u012bdzina \u0101das toni un tekst\u016bru, nov\u0113r\u0161 pigment\u0101ciju un taukainu sp\u012bdumu, sa\u0161aurina poras un stiprina aizsargbarjeru. C\u012bn\u0101s ar bl\u0101vumu un p\u0113c pinnes rad\u012bt\u0101m p\u0113d\u0101m, padara \u0101du gludu un tvirt\u0101ku. Satur augstu niacinam\u012bda (vitam\u012bna B3) koncentr\u0101ciju, 2% alfa-arbut\u012bna, cinka, glutationa, retinola un mitrino\u0161as sast\u0101vda\u013cas: makad\u0101mijas e\u013c\u013cu, hialuronsk\u0101bi un holester\u012bnu.<\/p>\n","protected":false},"featured_media":22990,"comment_status":"open","ping_status":"closed","template":"","meta":{"site-sidebar-layout":"default","site-content-layout":"","ast-site-content-layout":"default","site-content-style":"default","site-sidebar-style":"default","ast-global-header-display":"","ast-banner-title-visibility":"","ast-main-header-display":"","ast-hfb-above-header-display":"","ast-hfb-below-header-display":"","ast-hfb-mobile-header-display":"","site-post-title":"","ast-breadcrumbs-content":"","ast-featured-img":"","footer-sml-layout":"","theme-transparent-header-meta":"default","adv-header-id-meta":"","stick-header-meta":"","header-above-stick-meta":"","header-main-stick-meta":"","header-below-stick-meta":"","astra-migrate-meta-layouts":"set","ast-page-background-enabled":"default","ast-page-background-meta":{"desktop":{"background-color":"var(--ast-global-color-4)","background-image":"","background-repeat":"repeat","background-position":"center center","background-size":"auto","background-attachment":"scroll","background-type":"","background-media":"","overlay-type":"","overlay-color":"","overlay-opacity":"","overlay-gradient":""},"tablet":{"background-color":"","background-image":"","background-repeat":"repeat","background-position":"center center","background-size":"auto","background-attachment":"scroll","background-type":"","background-media":"","overlay-type":"","overlay-color":"","overlay-opacity":"","overlay-gradient":""},"mobile":{"background-color":"","background-image":"","background-repeat":"repeat","background-position":"center center","background-size":"auto","background-attachment":"scroll","background-type":"","background-media":"","overlay-type":"","overlay-color":"","overlay-opacity":"","overlay-gradient":""}},"ast-content-background-meta":{"desktop":{"background-color":"var(--ast-global-color-5)","background-image":"","background-repeat":"repeat","background-position":"center center","background-size":"auto","background-attachment":"scroll","background-type":"","background-media":"","overlay-type":"","overlay-color":"","overlay-opacity":"","overlay-gradient":""},"tablet":{"background-color":"var(--ast-global-color-5)","background-image":"","background-repeat":"repeat","background-position":"center center","background-size":"auto","background-attachment":"scroll","background-type":"","background-media":"","overlay-type":"","overlay-color":"","overlay-opacity":"","overlay-gradient":""},"mobile":{"background-color":"var(--ast-global-color-5)","background-image":"","background-repeat":"repeat","background-position":"center center","background-size":"auto","background-attachment":"scroll","background-type":"","background-media":"","overlay-type":"","overlay-color":"","overlay-opacity":"","overlay-gradient":""}}},"product_brand":[],"product_cat":[370,511,373,374,363],"product_tag":[],"berocket_brand":[584],"class_list":{"0":"post-22989","1":"product","2":"type-product","3":"status-publish","4":"has-post-thumbnail","6":"product_cat-adas-mirdzumam","7":"product_cat-atlaides","8":"product_cat-poras-sasaurinoss","9":"product_cat-pret-pinnem","10":"product_cat-serumi","11":"berocket_brand-tirtir","12":"desktop-align-left","13":"tablet-align-left","14":"mobile-align-left","16":"first","17":"outofstock","18":"sale","19":"taxable","20":"shipping-taxable","21":"purchasable","22":"product-type-simple","23":"add-to-wishlist-before_image"},"yoast_head":"<!-- This site is optimized with the Yoast SEO plugin v27.4 - https:\/\/yoast.com\/product\/yoast-seo-wordpress\/ -->\n<title>TIRTIR Niacinamide 20% Serum 30ml - FACECORNER<\/title>\n<meta name=\"description\" content=\"TIRTIR Niacinamide 20% Serum\u00a0 izl\u012bdzina toni un tekst\u016bru, nov\u0113r\u0161 pigment\u0101ciju un taukainu sp\u012bdumu, pal\u012bdz sa\u0161aurin\u0101t poras un stiprina aizsargbarjeru.\" \/>\n<meta name=\"robots\" content=\"index, follow, max-snippet:-1, max-image-preview:large, max-video-preview:-1\" \/>\n<link rel=\"canonical\" href=\"https:\/\/www.facecorner.lv\/lv\/shop\/tirtir-niacinamide-20-serum-30ml\/\" \/>\n<meta property=\"og:locale\" content=\"lv_LV\" \/>\n<meta property=\"og:type\" content=\"article\" \/>\n<meta property=\"og:title\" content=\"TIRTIR Niacinamide 20% Serum 30ml - FACECORNER\" \/>\n<meta property=\"og:description\" content=\"TIRTIR Niacinamide 20% Serum\u00a0 izl\u012bdzina toni un tekst\u016bru, nov\u0113r\u0161 pigment\u0101ciju un taukainu sp\u012bdumu, pal\u012bdz sa\u0161aurin\u0101t poras un stiprina aizsargbarjeru.\" \/>\n<meta property=\"og:url\" content=\"https:\/\/www.facecorner.lv\/lv\/shop\/tirtir-niacinamide-20-serum-30ml\/\" \/>\n<meta property=\"og:site_name\" content=\"FACECORNER\" \/>\n<meta property=\"article:publisher\" content=\"https:\/\/www.facebook.com\/profile.php?id=100063824551839\" \/>\n<meta property=\"article:modified_time\" content=\"2025-03-29T14:02:57+00:00\" \/>\n<meta property=\"og:image\" content=\"https:\/\/www.facecorner.lv\/wp-content\/uploads\/2025\/01\/tirtir-niacinamide-20-serum-30ml.webp\" \/>\n\t<meta property=\"og:image:width\" content=\"1601\" \/>\n\t<meta property=\"og:image:height\" content=\"1601\" \/>\n\t<meta property=\"og:image:type\" content=\"image\/webp\" \/>\n<meta name=\"twitter:card\" content=\"summary_large_image\" \/>\n<meta name=\"twitter:label1\" content=\"Price\" \/>\n\t<meta name=\"twitter:data1\" content=\"&euro;23.90\" \/>\n\t<meta name=\"twitter:label2\" content=\"Availability\" \/>\n\t<meta name=\"twitter:data2\" content=\"Out of stock\" \/>\n<script type=\"application\/ld+json\" class=\"yoast-schema-graph\">{\"@context\":\"https:\\\/\\\/schema.org\",\"@graph\":[{\"@type\":\"WebPage\",\"@id\":\"https:\\\/\\\/www.facecorner.lv\\\/shop\\\/tirtir-niacinamide-20-serum-30ml\\\/\",\"url\":\"https:\\\/\\\/www.facecorner.lv\\\/shop\\\/tirtir-niacinamide-20-serum-30ml\\\/\",\"name\":\"TIRTIR Niacinamide 20% Serum 30ml - FACECORNER\",\"isPartOf\":{\"@id\":\"https:\\\/\\\/www.facecorner.lv\\\/#website\"},\"primaryImageOfPage\":{\"@id\":\"https:\\\/\\\/www.facecorner.lv\\\/shop\\\/tirtir-niacinamide-20-serum-30ml\\\/#primaryimage\"},\"image\":{\"@id\":\"https:\\\/\\\/www.facecorner.lv\\\/shop\\\/tirtir-niacinamide-20-serum-30ml\\\/#primaryimage\"},\"thumbnailUrl\":\"https:\\\/\\\/www.facecorner.lv\\\/wp-content\\\/uploads\\\/2025\\\/01\\\/tirtir-niacinamide-20-serum-30ml.webp\",\"datePublished\":\"2025-01-17T11:22:27+00:00\",\"dateModified\":\"2025-03-29T14:02:57+00:00\",\"description\":\"TIRTIR Niacinamide 20% Serum\u00a0 izl\u012bdzina toni un tekst\u016bru, nov\u0113r\u0161 pigment\u0101ciju un taukainu sp\u012bdumu, pal\u012bdz sa\u0161aurin\u0101t poras un stiprina aizsargbarjeru.\",\"breadcrumb\":{\"@id\":\"https:\\\/\\\/www.facecorner.lv\\\/shop\\\/tirtir-niacinamide-20-serum-30ml\\\/#breadcrumb\"},\"inLanguage\":\"lv-LV\",\"potentialAction\":[{\"@type\":\"ReadAction\",\"target\":[\"https:\\\/\\\/www.facecorner.lv\\\/shop\\\/tirtir-niacinamide-20-serum-30ml\\\/\"]}]},{\"@type\":\"ImageObject\",\"inLanguage\":\"lv-LV\",\"@id\":\"https:\\\/\\\/www.facecorner.lv\\\/shop\\\/tirtir-niacinamide-20-serum-30ml\\\/#primaryimage\",\"url\":\"https:\\\/\\\/www.facecorner.lv\\\/wp-content\\\/uploads\\\/2025\\\/01\\\/tirtir-niacinamide-20-serum-30ml.webp\",\"contentUrl\":\"https:\\\/\\\/www.facecorner.lv\\\/wp-content\\\/uploads\\\/2025\\\/01\\\/tirtir-niacinamide-20-serum-30ml.webp\",\"width\":1601,\"height\":1601,\"caption\":\"TIRTIR Niacinamide 20% Serum\"},{\"@type\":\"BreadcrumbList\",\"@id\":\"https:\\\/\\\/www.facecorner.lv\\\/shop\\\/tirtir-niacinamide-20-serum-30ml\\\/#breadcrumb\",\"itemListElement\":[{\"@type\":\"ListItem\",\"position\":1,\"name\":\"Home\",\"item\":\"https:\\\/\\\/www.facecorner.lv\\\/\"},{\"@type\":\"ListItem\",\"position\":2,\"name\":\"Veikals\",\"item\":\"https:\\\/\\\/www.facecorner.lv\\\/shop\\\/\"},{\"@type\":\"ListItem\",\"position\":3,\"name\":\"TIRTIR Niacinamide 20% Serum 30ml\"}]},{\"@type\":\"WebSite\",\"@id\":\"https:\\\/\\\/www.facecorner.lv\\\/#website\",\"url\":\"https:\\\/\\\/www.facecorner.lv\\\/\",\"name\":\"Facecorner\",\"description\":\"\",\"publisher\":{\"@id\":\"https:\\\/\\\/www.facecorner.lv\\\/#organization\"},\"potentialAction\":[{\"@type\":\"SearchAction\",\"target\":{\"@type\":\"EntryPoint\",\"urlTemplate\":\"https:\\\/\\\/www.facecorner.lv\\\/?s={search_term_string}\"},\"query-input\":{\"@type\":\"PropertyValueSpecification\",\"valueRequired\":true,\"valueName\":\"search_term_string\"}}],\"inLanguage\":\"lv-LV\"},{\"@type\":\"Organization\",\"@id\":\"https:\\\/\\\/www.facecorner.lv\\\/#organization\",\"name\":\"Facecorner\",\"url\":\"https:\\\/\\\/www.facecorner.lv\\\/\",\"logo\":{\"@type\":\"ImageObject\",\"inLanguage\":\"lv-LV\",\"@id\":\"https:\\\/\\\/www.facecorner.lv\\\/#\\\/schema\\\/logo\\\/image\\\/\",\"url\":\"https:\\\/\\\/www.facecorner.lv\\\/wp-content\\\/uploads\\\/2024\\\/04\\\/fc-logo.jpg\",\"contentUrl\":\"https:\\\/\\\/www.facecorner.lv\\\/wp-content\\\/uploads\\\/2024\\\/04\\\/fc-logo.jpg\",\"width\":174,\"height\":28,\"caption\":\"Facecorner\"},\"image\":{\"@id\":\"https:\\\/\\\/www.facecorner.lv\\\/#\\\/schema\\\/logo\\\/image\\\/\"},\"sameAs\":[\"https:\\\/\\\/www.facebook.com\\\/profile.php?id=100063824551839\",\"https:\\\/\\\/www.instagram.com\\\/facecorner_shop\\\/\"]}]}<\/script>\n<meta property=\"product:price:amount\" content=\"23.90\" \/>\n<meta property=\"product:price:currency\" content=\"EUR\" \/>\n<meta property=\"og:availability\" content=\"out of stock\" \/>\n<meta property=\"product:availability\" content=\"out of stock\" \/>\n<meta property=\"product:condition\" content=\"new\" \/>\n<!-- \/ Yoast SEO plugin. -->","yoast_head_json":{"title":"TIRTIR Niacinamide 20% Serum 30ml - FACECORNER","description":"TIRTIR Niacinamide 20% Serum\u00a0 izl\u012bdzina toni un tekst\u016bru, nov\u0113r\u0161 pigment\u0101ciju un taukainu sp\u012bdumu, pal\u012bdz sa\u0161aurin\u0101t poras un stiprina aizsargbarjeru.","robots":{"index":"index","follow":"follow","max-snippet":"max-snippet:-1","max-image-preview":"max-image-preview:large","max-video-preview":"max-video-preview:-1"},"canonical":"https:\/\/www.facecorner.lv\/lv\/shop\/tirtir-niacinamide-20-serum-30ml\/","og_locale":"lv_LV","og_type":"article","og_title":"TIRTIR Niacinamide 20% Serum 30ml - FACECORNER","og_description":"TIRTIR Niacinamide 20% Serum\u00a0 izl\u012bdzina toni un tekst\u016bru, nov\u0113r\u0161 pigment\u0101ciju un taukainu sp\u012bdumu, pal\u012bdz sa\u0161aurin\u0101t poras un stiprina aizsargbarjeru.","og_url":"https:\/\/www.facecorner.lv\/lv\/shop\/tirtir-niacinamide-20-serum-30ml\/","og_site_name":"FACECORNER","article_publisher":"https:\/\/www.facebook.com\/profile.php?id=100063824551839","article_modified_time":"2025-03-29T14:02:57+00:00","og_image":[{"width":1601,"height":1601,"url":"https:\/\/www.facecorner.lv\/wp-content\/uploads\/2025\/01\/tirtir-niacinamide-20-serum-30ml.webp","type":"image\/webp"}],"twitter_card":"summary_large_image","twitter_misc":{"Price":"&euro;23.90","Availability":"Out of stock"},"schema":{"@context":"https:\/\/schema.org","@graph":[{"@type":"WebPage","@id":"https:\/\/www.facecorner.lv\/shop\/tirtir-niacinamide-20-serum-30ml\/","url":"https:\/\/www.facecorner.lv\/shop\/tirtir-niacinamide-20-serum-30ml\/","name":"TIRTIR Niacinamide 20% Serum 30ml - FACECORNER","isPartOf":{"@id":"https:\/\/www.facecorner.lv\/#website"},"primaryImageOfPage":{"@id":"https:\/\/www.facecorner.lv\/shop\/tirtir-niacinamide-20-serum-30ml\/#primaryimage"},"image":{"@id":"https:\/\/www.facecorner.lv\/shop\/tirtir-niacinamide-20-serum-30ml\/#primaryimage"},"thumbnailUrl":"https:\/\/www.facecorner.lv\/wp-content\/uploads\/2025\/01\/tirtir-niacinamide-20-serum-30ml.webp","datePublished":"2025-01-17T11:22:27+00:00","dateModified":"2025-03-29T14:02:57+00:00","description":"TIRTIR Niacinamide 20% Serum\u00a0 izl\u012bdzina toni un tekst\u016bru, nov\u0113r\u0161 pigment\u0101ciju un taukainu sp\u012bdumu, pal\u012bdz sa\u0161aurin\u0101t poras un stiprina aizsargbarjeru.","breadcrumb":{"@id":"https:\/\/www.facecorner.lv\/shop\/tirtir-niacinamide-20-serum-30ml\/#breadcrumb"},"inLanguage":"lv-LV","potentialAction":[{"@type":"ReadAction","target":["https:\/\/www.facecorner.lv\/shop\/tirtir-niacinamide-20-serum-30ml\/"]}]},{"@type":"ImageObject","inLanguage":"lv-LV","@id":"https:\/\/www.facecorner.lv\/shop\/tirtir-niacinamide-20-serum-30ml\/#primaryimage","url":"https:\/\/www.facecorner.lv\/wp-content\/uploads\/2025\/01\/tirtir-niacinamide-20-serum-30ml.webp","contentUrl":"https:\/\/www.facecorner.lv\/wp-content\/uploads\/2025\/01\/tirtir-niacinamide-20-serum-30ml.webp","width":1601,"height":1601,"caption":"TIRTIR Niacinamide 20% Serum"},{"@type":"BreadcrumbList","@id":"https:\/\/www.facecorner.lv\/shop\/tirtir-niacinamide-20-serum-30ml\/#breadcrumb","itemListElement":[{"@type":"ListItem","position":1,"name":"Home","item":"https:\/\/www.facecorner.lv\/"},{"@type":"ListItem","position":2,"name":"Veikals","item":"https:\/\/www.facecorner.lv\/shop\/"},{"@type":"ListItem","position":3,"name":"TIRTIR Niacinamide 20% Serum 30ml"}]},{"@type":"WebSite","@id":"https:\/\/www.facecorner.lv\/#website","url":"https:\/\/www.facecorner.lv\/","name":"Facecorner","description":"","publisher":{"@id":"https:\/\/www.facecorner.lv\/#organization"},"potentialAction":[{"@type":"SearchAction","target":{"@type":"EntryPoint","urlTemplate":"https:\/\/www.facecorner.lv\/?s={search_term_string}"},"query-input":{"@type":"PropertyValueSpecification","valueRequired":true,"valueName":"search_term_string"}}],"inLanguage":"lv-LV"},{"@type":"Organization","@id":"https:\/\/www.facecorner.lv\/#organization","name":"Facecorner","url":"https:\/\/www.facecorner.lv\/","logo":{"@type":"ImageObject","inLanguage":"lv-LV","@id":"https:\/\/www.facecorner.lv\/#\/schema\/logo\/image\/","url":"https:\/\/www.facecorner.lv\/wp-content\/uploads\/2024\/04\/fc-logo.jpg","contentUrl":"https:\/\/www.facecorner.lv\/wp-content\/uploads\/2024\/04\/fc-logo.jpg","width":174,"height":28,"caption":"Facecorner"},"image":{"@id":"https:\/\/www.facecorner.lv\/#\/schema\/logo\/image\/"},"sameAs":["https:\/\/www.facebook.com\/profile.php?id=100063824551839","https:\/\/www.instagram.com\/facecorner_shop\/"]}]},"product_price_amount":"23.90","product_price_currency":"EUR","og_availability":"out of stock","product_availability":"out of stock","product_condition":"new"},"_links":{"self":[{"href":"https:\/\/www.facecorner.lv\/lv\/wp-json\/wp\/v2\/product\/22989","targetHints":{"allow":["GET"]}}],"collection":[{"href":"https:\/\/www.facecorner.lv\/lv\/wp-json\/wp\/v2\/product"}],"about":[{"href":"https:\/\/www.facecorner.lv\/lv\/wp-json\/wp\/v2\/types\/product"}],"replies":[{"embeddable":true,"href":"https:\/\/www.facecorner.lv\/lv\/wp-json\/wp\/v2\/comments?post=22989"}],"wp:featuredmedia":[{"embeddable":true,"href":"https:\/\/www.facecorner.lv\/lv\/wp-json\/wp\/v2\/media\/22990"}],"wp:attachment":[{"href":"https:\/\/www.facecorner.lv\/lv\/wp-json\/wp\/v2\/media?parent=22989"}],"wp:term":[{"taxonomy":"product_brand","embeddable":true,"href":"https:\/\/www.facecorner.lv\/lv\/wp-json\/wp\/v2\/product_brand?post=22989"},{"taxonomy":"product_cat","embeddable":true,"href":"https:\/\/www.facecorner.lv\/lv\/wp-json\/wp\/v2\/product_cat?post=22989"},{"taxonomy":"product_tag","embeddable":true,"href":"https:\/\/www.facecorner.lv\/lv\/wp-json\/wp\/v2\/product_tag?post=22989"},{"taxonomy":"berocket_brand","embeddable":true,"href":"https:\/\/www.facecorner.lv\/lv\/wp-json\/wp\/v2\/berocket_brand?post=22989"}],"curies":[{"name":"wp","href":"https:\/\/api.w.org\/{rel}","templated":true}]}}