{"id":22876,"date":"2025-01-10T16:58:45","date_gmt":"2025-01-10T13:58:45","guid":{"rendered":"https:\/\/www.facecorner.lv\/?post_type=product&#038;p=22876"},"modified":"2026-01-28T15:47:18","modified_gmt":"2026-01-28T12:47:18","slug":"medicube-deep-vita-a-retinol-serum-30ml","status":"publish","type":"product","link":"https:\/\/www.facecorner.lv\/lv\/shop\/medicube-deep-vita-a-retinol-serum-30ml\/","title":{"rendered":"Medicube Deep Vita A Retinol Serum 30ml"},"content":{"rendered":"<p>Medicube Deep Vita A Retinol Serum atjaunojo\u0161ais serums ir tr\u012bs gadus ilgu, r\u016bp\u012bgu un maz kairino\u0161u z\u012bmola p\u0113t\u012bjumu rezult\u0101ts.<\/p>\n<p>Serums satur 4. paaudzes retinolu HPR (0,1%), kas nodro\u0161ina sp\u0113c\u012bgu pretnoveco\u0161an\u0101s efektu, palielina dabisk\u0101 kolag\u0113na sint\u0113zi, samazina grumbu dzi\u013cumu un skaitu, nov\u0113r\u0161 to turpm\u0101ku ra\u0161anos. Retinols ir pretiekaisuma, sebumu regul\u0113jo\u0161a un poras sa\u0161aurino\u0161a sast\u0101vda\u013ca, pa\u0101trina izsitumu dz\u012b\u0161anu, samazina taukaino sp\u012bdumu, pie\u0161\u0137ir \u0101dai svaigu izskatu un vesel\u012bgu mirdzumu no iek\u0161puses.<\/p>\n<p>Satur bakukiolu, kas ir dabiska augu alternat\u012bva retinolam un efekt\u012bvi nov\u0113r\u0161 ar vecumu saist\u012btas izmai\u0146as, padara grumbas maz\u0101k redzamas, palielina elast\u012bbu, uzlabo sejas kr\u0101su, nomierina kairin\u0101jumus un c\u012bn\u0101s ar izsitumiem.<\/p>\n<p>Sast\u0101v\u0101 eso\u0161ais mazmolekul\u0101rais hidroliz\u0113tais kolag\u0113ns stiprina \u0161\u016bnu sieni\u0146as, atbalsta matricu, pal\u012bdz izl\u012bdzin\u0101t s\u012bk\u0101s l\u012bnijas un grumbas.<\/p>\n<p><strong>K\u0101 lietot:<\/strong> Uzkl\u0101jiet nepiecie\u0161amo produkta daudzumu uz att\u012br\u012btas sejas \u0101das, izkl\u0101jiet, l\u012bdz piln\u012bb\u0101 ies\u016bcas.<\/p>\n<p><strong>Br\u012bdin\u0101jums!<\/strong> Retinols izraisa fotosensitivit\u0101ti: dienas laik\u0101 lietojiet l\u012bdzekli ar SPF 50. Ja iepriek\u0161 neesat lietojis retinola produktus, ievietojiet produktu pak\u0101peniski: piem\u0113ram, lietojiet produktu 2 reizes ned\u0113\u013c\u0101 2 ned\u0113\u013cas. P\u0113c tam, ja \u0101dai nerodas kairin\u0101juma paz\u012bmes, lietojiet kr\u0113mu 3 reizes ned\u0113\u013c\u0101 2 ned\u0113\u013cas. Nelietojiet retinola produktus gr\u016btniec\u012bbas un z\u012bd\u012b\u0161anas laik\u0101 vai se\u0161us m\u0113ne\u0161us pirms gr\u016btniec\u012bbas.<\/p>\n<p><strong>S\u0101stavs:<\/strong> Water, Dipropylene Glycol, Butylene Glycol, Glycerin, Propanediol, 1,2-Hexanediol, Niacinamide, Coco-Caprylate\/Caprate, Squalane, Polyglyceryl-3 Distearate, Dimethyl Isosorbide, Pentylene Glycol, Panthenol, 4-t-Butylcyclohexanol, Fragrance(Parfum), Hydrogenated Lecithin, Hydroxyethyl Acrylate\/Sodium Acryloyldimethyl Taurate Copolymer, Acrylates\/C10-30 Alkyl Acrylate Crosspolymer, Sucrose Palmitate, Caprylic\/Capric Triglyceride, Hydroxypinacolone Retinoate, Diethylhexyl Syringylidenemalonate, Tromethamine, Ethylhexylglycerin, Glyceryl Stearate Citrate, Allantoin, Biosaccharide Gum-1, Dipotassium Glycyrrhizate, Xanthan Gum, Macadamia Integrifolia Seed Oil, Olea Europaea (Olive) Fruit Oil, Simmondsia Chinensis (Jojoba) Seed Oil, Vitis Vinifera (Grape) Seed Oil, Adenosine, Macadamia Ternifolia Seed Oil, Retinal, Sodium Hyaluronate, Disodium EDTA, Retinol, Bakuchiol, Retinyl Palmitate, Brassica Campestris (Rapeseed) Sterols, Linoleic Acid, Cholesterol, Polyglyceryl-10 Laurate, Ceramide NP, PPG-13-Decyltetradeceth-24, Retinyl Linoleate, Phytosteryl\/Behenyl\/Octyldodecyl Lauroyl Glutamate, Beta-Glucan, Aluminum\/Magnesium Hydroxide Stearate, Pentaerythrityl Tetra-di-t-butyl Hydroxyhydrocinnamate, Potassium Cetyl Phosphate, Polyglyceryl-3 Methylglucose Distearate, Silica, Isopropyl Lauroyl Sarcosinate, Tocopherol, Hydrolyzed Collagen, Retinyl Retinoate, Chitosan, Centella Asiatica Extract, Centella Asiatica Leaf Extract, Centella Asiatica Root Extract, Tris(Tetramethylhydroxypiperidinol) Citrate, Benzotriazolyl Dodecyl p-Cresol<\/p>\n","protected":false},"excerpt":{"rendered":"<p>Medicube Deep Vita A Retinol Serum atjaunojo\u0161ais serums ir tr\u012bs gadus ilgu, r\u016bp\u012bgu un maz kairino\u0161u z\u012bmola p\u0113t\u012bjumu rezult\u0101ts.<\/p>\n","protected":false},"featured_media":22877,"comment_status":"open","ping_status":"closed","template":"","meta":{"site-sidebar-layout":"default","site-content-layout":"","ast-site-content-layout":"default","site-content-style":"default","site-sidebar-style":"default","ast-global-header-display":"","ast-banner-title-visibility":"","ast-main-header-display":"","ast-hfb-above-header-display":"","ast-hfb-below-header-display":"","ast-hfb-mobile-header-display":"","site-post-title":"","ast-breadcrumbs-content":"","ast-featured-img":"","footer-sml-layout":"","theme-transparent-header-meta":"default","adv-header-id-meta":"","stick-header-meta":"","header-above-stick-meta":"","header-main-stick-meta":"","header-below-stick-meta":"","astra-migrate-meta-layouts":"set","ast-page-background-enabled":"default","ast-page-background-meta":{"desktop":{"background-color":"var(--ast-global-color-4)","background-image":"","background-repeat":"repeat","background-position":"center center","background-size":"auto","background-attachment":"scroll","background-type":"","background-media":"","overlay-type":"","overlay-color":"","overlay-opacity":"","overlay-gradient":""},"tablet":{"background-color":"","background-image":"","background-repeat":"repeat","background-position":"center center","background-size":"auto","background-attachment":"scroll","background-type":"","background-media":"","overlay-type":"","overlay-color":"","overlay-opacity":"","overlay-gradient":""},"mobile":{"background-color":"","background-image":"","background-repeat":"repeat","background-position":"center center","background-size":"auto","background-attachment":"scroll","background-type":"","background-media":"","overlay-type":"","overlay-color":"","overlay-opacity":"","overlay-gradient":""}},"ast-content-background-meta":{"desktop":{"background-color":"var(--ast-global-color-5)","background-image":"","background-repeat":"repeat","background-position":"center center","background-size":"auto","background-attachment":"scroll","background-type":"","background-media":"","overlay-type":"","overlay-color":"","overlay-opacity":"","overlay-gradient":""},"tablet":{"background-color":"var(--ast-global-color-5)","background-image":"","background-repeat":"repeat","background-position":"center center","background-size":"auto","background-attachment":"scroll","background-type":"","background-media":"","overlay-type":"","overlay-color":"","overlay-opacity":"","overlay-gradient":""},"mobile":{"background-color":"var(--ast-global-color-5)","background-image":"","background-repeat":"repeat","background-position":"center center","background-size":"auto","background-attachment":"scroll","background-type":"","background-media":"","overlay-type":"","overlay-color":"","overlay-opacity":"","overlay-gradient":""}}},"product_brand":[],"product_cat":[370,371,363],"product_tag":[],"berocket_brand":[579],"class_list":{"0":"post-22876","1":"product","2":"type-product","3":"status-publish","4":"has-post-thumbnail","6":"product_cat-adas-mirdzumam","7":"product_cat-anti-age","8":"product_cat-serumi","9":"berocket_brand-medicube","10":"desktop-align-left","11":"tablet-align-left","12":"mobile-align-left","14":"first","15":"instock","16":"taxable","17":"shipping-taxable","18":"purchasable","19":"product-type-simple","20":"add-to-wishlist-before_image"},"yoast_head":"<!-- This site is optimized with the Yoast SEO plugin v27.3 - https:\/\/yoast.com\/product\/yoast-seo-wordpress\/ -->\n<title>Medicube Deep Vita A Retinol Serum 30ml - FACECORNER<\/title>\n<meta name=\"description\" content=\"Medicube Deep Vita A Retinol Serum atjaunojo\u0161ais serums ir tr\u012bs gadus ilgu, r\u016bp\u012bgu un maz kairino\u0161u z\u012bmola p\u0113t\u012bjumu rezult\u0101ts.\" \/>\n<meta name=\"robots\" content=\"index, follow, max-snippet:-1, max-image-preview:large, max-video-preview:-1\" \/>\n<link rel=\"canonical\" href=\"https:\/\/www.facecorner.lv\/lv\/shop\/medicube-deep-vita-a-retinol-serum-30ml\/\" \/>\n<meta property=\"og:locale\" content=\"lv_LV\" \/>\n<meta property=\"og:type\" content=\"article\" \/>\n<meta property=\"og:title\" content=\"Medicube Deep Vita A Retinol Serum 30ml - FACECORNER\" \/>\n<meta property=\"og:description\" content=\"Medicube Deep Vita A Retinol Serum atjaunojo\u0161ais serums ir tr\u012bs gadus ilgu, r\u016bp\u012bgu un maz kairino\u0161u z\u012bmola p\u0113t\u012bjumu rezult\u0101ts.\" \/>\n<meta property=\"og:url\" content=\"https:\/\/www.facecorner.lv\/lv\/shop\/medicube-deep-vita-a-retinol-serum-30ml\/\" \/>\n<meta property=\"og:site_name\" content=\"FACECORNER\" \/>\n<meta property=\"article:publisher\" content=\"https:\/\/www.facebook.com\/profile.php?id=100063824551839\" \/>\n<meta property=\"article:modified_time\" content=\"2026-01-28T12:47:18+00:00\" \/>\n<meta property=\"og:image\" content=\"https:\/\/www.facecorner.lv\/wp-content\/uploads\/2025\/01\/rus_pl_Medicube-Deep-Vita-A-Retinol-Serum-ANTIVOZRASTNAIA-SYVOROTKA-S-RETINOLOM-30ml-22432_1.webp\" \/>\n\t<meta property=\"og:image:width\" content=\"1500\" \/>\n\t<meta property=\"og:image:height\" content=\"1500\" \/>\n\t<meta property=\"og:image:type\" content=\"image\/webp\" \/>\n<meta name=\"twitter:card\" content=\"summary_large_image\" \/>\n<meta name=\"twitter:label1\" content=\"Price\" \/>\n\t<meta name=\"twitter:data1\" content=\"&euro;32.00\" \/>\n\t<meta name=\"twitter:label2\" content=\"Availability\" \/>\n\t<meta name=\"twitter:data2\" content=\"In stock\" \/>\n<script type=\"application\/ld+json\" class=\"yoast-schema-graph\">{\"@context\":\"https:\\\/\\\/schema.org\",\"@graph\":[{\"@type\":\"WebPage\",\"@id\":\"https:\\\/\\\/www.facecorner.lv\\\/shop\\\/medicube-deep-vita-a-retinol-serum-30ml\\\/\",\"url\":\"https:\\\/\\\/www.facecorner.lv\\\/shop\\\/medicube-deep-vita-a-retinol-serum-30ml\\\/\",\"name\":\"Medicube Deep Vita A Retinol Serum 30ml - FACECORNER\",\"isPartOf\":{\"@id\":\"https:\\\/\\\/www.facecorner.lv\\\/#website\"},\"primaryImageOfPage\":{\"@id\":\"https:\\\/\\\/www.facecorner.lv\\\/shop\\\/medicube-deep-vita-a-retinol-serum-30ml\\\/#primaryimage\"},\"image\":{\"@id\":\"https:\\\/\\\/www.facecorner.lv\\\/shop\\\/medicube-deep-vita-a-retinol-serum-30ml\\\/#primaryimage\"},\"thumbnailUrl\":\"https:\\\/\\\/www.facecorner.lv\\\/wp-content\\\/uploads\\\/2025\\\/01\\\/rus_pl_Medicube-Deep-Vita-A-Retinol-Serum-ANTIVOZRASTNAIA-SYVOROTKA-S-RETINOLOM-30ml-22432_1.webp\",\"datePublished\":\"2025-01-10T13:58:45+00:00\",\"dateModified\":\"2026-01-28T12:47:18+00:00\",\"description\":\"Medicube Deep Vita A Retinol Serum atjaunojo\u0161ais serums ir tr\u012bs gadus ilgu, r\u016bp\u012bgu un maz kairino\u0161u z\u012bmola p\u0113t\u012bjumu rezult\u0101ts.\",\"breadcrumb\":{\"@id\":\"https:\\\/\\\/www.facecorner.lv\\\/shop\\\/medicube-deep-vita-a-retinol-serum-30ml\\\/#breadcrumb\"},\"inLanguage\":\"lv-LV\",\"potentialAction\":[{\"@type\":\"ReadAction\",\"target\":[\"https:\\\/\\\/www.facecorner.lv\\\/shop\\\/medicube-deep-vita-a-retinol-serum-30ml\\\/\"]}]},{\"@type\":\"ImageObject\",\"inLanguage\":\"lv-LV\",\"@id\":\"https:\\\/\\\/www.facecorner.lv\\\/shop\\\/medicube-deep-vita-a-retinol-serum-30ml\\\/#primaryimage\",\"url\":\"https:\\\/\\\/www.facecorner.lv\\\/wp-content\\\/uploads\\\/2025\\\/01\\\/rus_pl_Medicube-Deep-Vita-A-Retinol-Serum-ANTIVOZRASTNAIA-SYVOROTKA-S-RETINOLOM-30ml-22432_1.webp\",\"contentUrl\":\"https:\\\/\\\/www.facecorner.lv\\\/wp-content\\\/uploads\\\/2025\\\/01\\\/rus_pl_Medicube-Deep-Vita-A-Retinol-Serum-ANTIVOZRASTNAIA-SYVOROTKA-S-RETINOLOM-30ml-22432_1.webp\",\"width\":1500,\"height\":1500,\"caption\":\"Medicube Deep Vita A Retinol Serum 30ml\"},{\"@type\":\"BreadcrumbList\",\"@id\":\"https:\\\/\\\/www.facecorner.lv\\\/shop\\\/medicube-deep-vita-a-retinol-serum-30ml\\\/#breadcrumb\",\"itemListElement\":[{\"@type\":\"ListItem\",\"position\":1,\"name\":\"Home\",\"item\":\"https:\\\/\\\/www.facecorner.lv\\\/\"},{\"@type\":\"ListItem\",\"position\":2,\"name\":\"Veikals\",\"item\":\"https:\\\/\\\/www.facecorner.lv\\\/shop\\\/\"},{\"@type\":\"ListItem\",\"position\":3,\"name\":\"Medicube Deep Vita A Retinol Serum 30ml\"}]},{\"@type\":\"WebSite\",\"@id\":\"https:\\\/\\\/www.facecorner.lv\\\/#website\",\"url\":\"https:\\\/\\\/www.facecorner.lv\\\/\",\"name\":\"Facecorner\",\"description\":\"\",\"publisher\":{\"@id\":\"https:\\\/\\\/www.facecorner.lv\\\/#organization\"},\"potentialAction\":[{\"@type\":\"SearchAction\",\"target\":{\"@type\":\"EntryPoint\",\"urlTemplate\":\"https:\\\/\\\/www.facecorner.lv\\\/?s={search_term_string}\"},\"query-input\":{\"@type\":\"PropertyValueSpecification\",\"valueRequired\":true,\"valueName\":\"search_term_string\"}}],\"inLanguage\":\"lv-LV\"},{\"@type\":\"Organization\",\"@id\":\"https:\\\/\\\/www.facecorner.lv\\\/#organization\",\"name\":\"Facecorner\",\"url\":\"https:\\\/\\\/www.facecorner.lv\\\/\",\"logo\":{\"@type\":\"ImageObject\",\"inLanguage\":\"lv-LV\",\"@id\":\"https:\\\/\\\/www.facecorner.lv\\\/#\\\/schema\\\/logo\\\/image\\\/\",\"url\":\"https:\\\/\\\/www.facecorner.lv\\\/wp-content\\\/uploads\\\/2024\\\/04\\\/fc-logo.jpg\",\"contentUrl\":\"https:\\\/\\\/www.facecorner.lv\\\/wp-content\\\/uploads\\\/2024\\\/04\\\/fc-logo.jpg\",\"width\":174,\"height\":28,\"caption\":\"Facecorner\"},\"image\":{\"@id\":\"https:\\\/\\\/www.facecorner.lv\\\/#\\\/schema\\\/logo\\\/image\\\/\"},\"sameAs\":[\"https:\\\/\\\/www.facebook.com\\\/profile.php?id=100063824551839\",\"https:\\\/\\\/www.instagram.com\\\/facecorner_shop\\\/\"]}]}<\/script>\n<meta property=\"product:price:amount\" content=\"32.00\" \/>\n<meta property=\"product:price:currency\" content=\"EUR\" \/>\n<meta property=\"og:availability\" content=\"instock\" \/>\n<meta property=\"product:availability\" content=\"instock\" \/>\n<meta property=\"product:condition\" content=\"new\" \/>\n<!-- \/ Yoast SEO plugin. -->","yoast_head_json":{"title":"Medicube Deep Vita A Retinol Serum 30ml - FACECORNER","description":"Medicube Deep Vita A Retinol Serum atjaunojo\u0161ais serums ir tr\u012bs gadus ilgu, r\u016bp\u012bgu un maz kairino\u0161u z\u012bmola p\u0113t\u012bjumu rezult\u0101ts.","robots":{"index":"index","follow":"follow","max-snippet":"max-snippet:-1","max-image-preview":"max-image-preview:large","max-video-preview":"max-video-preview:-1"},"canonical":"https:\/\/www.facecorner.lv\/lv\/shop\/medicube-deep-vita-a-retinol-serum-30ml\/","og_locale":"lv_LV","og_type":"article","og_title":"Medicube Deep Vita A Retinol Serum 30ml - FACECORNER","og_description":"Medicube Deep Vita A Retinol Serum atjaunojo\u0161ais serums ir tr\u012bs gadus ilgu, r\u016bp\u012bgu un maz kairino\u0161u z\u012bmola p\u0113t\u012bjumu rezult\u0101ts.","og_url":"https:\/\/www.facecorner.lv\/lv\/shop\/medicube-deep-vita-a-retinol-serum-30ml\/","og_site_name":"FACECORNER","article_publisher":"https:\/\/www.facebook.com\/profile.php?id=100063824551839","article_modified_time":"2026-01-28T12:47:18+00:00","og_image":[{"width":1500,"height":1500,"url":"https:\/\/www.facecorner.lv\/wp-content\/uploads\/2025\/01\/rus_pl_Medicube-Deep-Vita-A-Retinol-Serum-ANTIVOZRASTNAIA-SYVOROTKA-S-RETINOLOM-30ml-22432_1.webp","type":"image\/webp"}],"twitter_card":"summary_large_image","twitter_misc":{"Price":"&euro;32.00","Availability":"In stock"},"schema":{"@context":"https:\/\/schema.org","@graph":[{"@type":"WebPage","@id":"https:\/\/www.facecorner.lv\/shop\/medicube-deep-vita-a-retinol-serum-30ml\/","url":"https:\/\/www.facecorner.lv\/shop\/medicube-deep-vita-a-retinol-serum-30ml\/","name":"Medicube Deep Vita A Retinol Serum 30ml - FACECORNER","isPartOf":{"@id":"https:\/\/www.facecorner.lv\/#website"},"primaryImageOfPage":{"@id":"https:\/\/www.facecorner.lv\/shop\/medicube-deep-vita-a-retinol-serum-30ml\/#primaryimage"},"image":{"@id":"https:\/\/www.facecorner.lv\/shop\/medicube-deep-vita-a-retinol-serum-30ml\/#primaryimage"},"thumbnailUrl":"https:\/\/www.facecorner.lv\/wp-content\/uploads\/2025\/01\/rus_pl_Medicube-Deep-Vita-A-Retinol-Serum-ANTIVOZRASTNAIA-SYVOROTKA-S-RETINOLOM-30ml-22432_1.webp","datePublished":"2025-01-10T13:58:45+00:00","dateModified":"2026-01-28T12:47:18+00:00","description":"Medicube Deep Vita A Retinol Serum atjaunojo\u0161ais serums ir tr\u012bs gadus ilgu, r\u016bp\u012bgu un maz kairino\u0161u z\u012bmola p\u0113t\u012bjumu rezult\u0101ts.","breadcrumb":{"@id":"https:\/\/www.facecorner.lv\/shop\/medicube-deep-vita-a-retinol-serum-30ml\/#breadcrumb"},"inLanguage":"lv-LV","potentialAction":[{"@type":"ReadAction","target":["https:\/\/www.facecorner.lv\/shop\/medicube-deep-vita-a-retinol-serum-30ml\/"]}]},{"@type":"ImageObject","inLanguage":"lv-LV","@id":"https:\/\/www.facecorner.lv\/shop\/medicube-deep-vita-a-retinol-serum-30ml\/#primaryimage","url":"https:\/\/www.facecorner.lv\/wp-content\/uploads\/2025\/01\/rus_pl_Medicube-Deep-Vita-A-Retinol-Serum-ANTIVOZRASTNAIA-SYVOROTKA-S-RETINOLOM-30ml-22432_1.webp","contentUrl":"https:\/\/www.facecorner.lv\/wp-content\/uploads\/2025\/01\/rus_pl_Medicube-Deep-Vita-A-Retinol-Serum-ANTIVOZRASTNAIA-SYVOROTKA-S-RETINOLOM-30ml-22432_1.webp","width":1500,"height":1500,"caption":"Medicube Deep Vita A Retinol Serum 30ml"},{"@type":"BreadcrumbList","@id":"https:\/\/www.facecorner.lv\/shop\/medicube-deep-vita-a-retinol-serum-30ml\/#breadcrumb","itemListElement":[{"@type":"ListItem","position":1,"name":"Home","item":"https:\/\/www.facecorner.lv\/"},{"@type":"ListItem","position":2,"name":"Veikals","item":"https:\/\/www.facecorner.lv\/shop\/"},{"@type":"ListItem","position":3,"name":"Medicube Deep Vita A Retinol Serum 30ml"}]},{"@type":"WebSite","@id":"https:\/\/www.facecorner.lv\/#website","url":"https:\/\/www.facecorner.lv\/","name":"Facecorner","description":"","publisher":{"@id":"https:\/\/www.facecorner.lv\/#organization"},"potentialAction":[{"@type":"SearchAction","target":{"@type":"EntryPoint","urlTemplate":"https:\/\/www.facecorner.lv\/?s={search_term_string}"},"query-input":{"@type":"PropertyValueSpecification","valueRequired":true,"valueName":"search_term_string"}}],"inLanguage":"lv-LV"},{"@type":"Organization","@id":"https:\/\/www.facecorner.lv\/#organization","name":"Facecorner","url":"https:\/\/www.facecorner.lv\/","logo":{"@type":"ImageObject","inLanguage":"lv-LV","@id":"https:\/\/www.facecorner.lv\/#\/schema\/logo\/image\/","url":"https:\/\/www.facecorner.lv\/wp-content\/uploads\/2024\/04\/fc-logo.jpg","contentUrl":"https:\/\/www.facecorner.lv\/wp-content\/uploads\/2024\/04\/fc-logo.jpg","width":174,"height":28,"caption":"Facecorner"},"image":{"@id":"https:\/\/www.facecorner.lv\/#\/schema\/logo\/image\/"},"sameAs":["https:\/\/www.facebook.com\/profile.php?id=100063824551839","https:\/\/www.instagram.com\/facecorner_shop\/"]}]},"product_price_amount":"32.00","product_price_currency":"EUR","og_availability":"instock","product_availability":"instock","product_condition":"new"},"_links":{"self":[{"href":"https:\/\/www.facecorner.lv\/lv\/wp-json\/wp\/v2\/product\/22876","targetHints":{"allow":["GET"]}}],"collection":[{"href":"https:\/\/www.facecorner.lv\/lv\/wp-json\/wp\/v2\/product"}],"about":[{"href":"https:\/\/www.facecorner.lv\/lv\/wp-json\/wp\/v2\/types\/product"}],"replies":[{"embeddable":true,"href":"https:\/\/www.facecorner.lv\/lv\/wp-json\/wp\/v2\/comments?post=22876"}],"wp:featuredmedia":[{"embeddable":true,"href":"https:\/\/www.facecorner.lv\/lv\/wp-json\/wp\/v2\/media\/22877"}],"wp:attachment":[{"href":"https:\/\/www.facecorner.lv\/lv\/wp-json\/wp\/v2\/media?parent=22876"}],"wp:term":[{"taxonomy":"product_brand","embeddable":true,"href":"https:\/\/www.facecorner.lv\/lv\/wp-json\/wp\/v2\/product_brand?post=22876"},{"taxonomy":"product_cat","embeddable":true,"href":"https:\/\/www.facecorner.lv\/lv\/wp-json\/wp\/v2\/product_cat?post=22876"},{"taxonomy":"product_tag","embeddable":true,"href":"https:\/\/www.facecorner.lv\/lv\/wp-json\/wp\/v2\/product_tag?post=22876"},{"taxonomy":"berocket_brand","embeddable":true,"href":"https:\/\/www.facecorner.lv\/lv\/wp-json\/wp\/v2\/berocket_brand?post=22876"}],"curies":[{"name":"wp","href":"https:\/\/api.w.org\/{rel}","templated":true}]}}