{"id":22751,"date":"2024-12-20T16:32:00","date_gmt":"2024-12-20T13:32:00","guid":{"rendered":"https:\/\/www.facecorner.lv\/?post_type=product&#038;p=22751"},"modified":"2026-04-16T16:11:21","modified_gmt":"2026-04-16T13:11:21","slug":"anua-8-hyaluronic-acid-hydrating-gentle-foaming-cleanser-150-ml","status":"publish","type":"product","link":"https:\/\/www.facecorner.lv\/lv\/shop\/anua-8-hyaluronic-acid-hydrating-gentle-foaming-cleanser-150-ml\/","title":{"rendered":"Anua 8 Hyaluronic Acid Hydrating Gentle Foaming Cleanser 150 ml"},"content":{"rendered":"<p>Anua 8 Hyaluronic Acid Hydrating Gentle Foaming Cleanser maigi nomazg\u0101 lieko sebumu, putek\u013cus, keratiniz\u0113t\u0101s da\u013ci\u0146as un kosm\u0113tikas atliekas.<\/p>\n<p>Tas nov\u0113r\u0161 taukainu sp\u012bdumu, neradot sausumu un kairin\u0101jumu. Atsvaidzina, p\u0113c mazg\u0101\u0161anas atst\u0101j pat\u012bkamu t\u012br\u012bbas saj\u016btu, neradot sasprindzin\u0101juma saj\u016btu.<\/p>\n<p>Kr\u0113m\u012bg\u0101 l\u012bdzek\u013ca tekst\u016bra, saskaroties ar \u016bdeni, p\u0101rv\u0113r\u0161as sul\u012bg\u0101s put\u0101s, kas maigi nomazg\u0101 net\u012brumus.<\/p>\n<p><strong>Galven\u0101s akt\u012bv\u0101s sast\u0101vda\u013cas:<\/strong><\/p>\n<ul>\n<li>Hialuronsk\u0101bes 8 veidi sp\u0113j saist\u012bt mitrumu un veidot mitruma barjeru uz epidermas virsmas, pateicoties kam nov\u0113r\u0161 sausumu un sasprindzin\u0101jumu, saglab\u0101 elast\u012bbu un tvirtumu.<\/li>\n<li>Pantenols (vitam\u012bns B5) veicina mikroboj\u0101jumu dz\u012b\u0161anu, mazina kairin\u0101jumu, aps\u0101rtumu un niezi, nomierina un m\u012bkstina.<\/li>\n<li>Hidroliz\u0113ti augu prote\u012bni pies\u0101tina ar aminosk\u0101b\u0113m, pa\u0101trina \u0161\u016bnu atjauno\u0161anos, iedarbojas antioksidanti, pie\u0161\u0137ir maigumu un samtainu maigumu.<\/li>\n<li>N\u0101trija PCA ir dab\u012bgs mitrino\u0161s l\u012bdzeklis, kas normaliz\u0113 \u016bdens l\u012bdzsvaru, pa\u0101trina \u0161\u016bnu vielmai\u0146u, stiprina aizsargbarjeru, pie\u0161\u0137ir tvirtumu un elast\u012bbu.<\/li>\n<li>Beta\u012bns pie\u0161\u0137ir gludumu un maigumu, ilgsto\u0161i saglab\u0101 mitrumu, aizsarg\u0101 \u0161\u016bnu membr\u0101nas, nov\u0113r\u0161 kairin\u0101jumu.<\/li>\n<li>Kvilajas ziepju mizas ekstrakts att\u012bra un mitrina, ir dab\u012bgs putojo\u0161s l\u012bdzeklis, kondicion\u0113 un m\u012bkstina.<\/li>\n<li>Kokosglikoz\u012bds ir maiga un dab\u012bga att\u012bro\u0161a sast\u0101vda\u013ca, kas ieg\u016bta no kokosriekstu e\u013c\u013cas. Nov\u0113r\u0161 net\u012brumus un lieko sebumu.<\/li>\n<li>Decilglikoz\u012bds &#8211; dab\u012bgs t\u012br\u012b\u0161anas l\u012bdzeklis jut\u012bgai vai b\u0113rnu \u0101dai. Nekait\u012bgs, ieg\u016bts no palmu vai kokosriekstu e\u013c\u013cas.<\/li>\n<\/ul>\n<p><strong>Lieto\u0161ana:<\/strong> uzputo l\u012bdzekli plaukst\u0101s, uzkl\u0101j uz mitras \u0101das, izkl\u0101j ar ap\u013cveida kust\u012bb\u0101m, izvairoties no acu zonas, un noskalojiet ar \u016bdeni.<\/p>\n<p><strong>S\u0101stavs:<\/strong> Water, Glycerin, Sodium Cocoyl Glycinate, Lauryl Hydroxysultaine, Coco-Glucoside, Sodium Lauroyl Glutamate, Quillaja Saponaria Bark Extract, Hydrolyzed Vegetable Protein, Hydroxypropylpropyl Hyaluronate (10,001 ppb), Sodium Hyaluronate (10 ppb), Hydrolyzed Hyaluronic Acid (0.1ppb), Sodium Acetylated Hyaluronate (0.1ppb), Hyaluronic Acid (0.025ppb), Hydrolyzed Sodium Hyaluronate (0.01ppb), Sodium Hyaluronate Crosspolymer (0.01ppb), Potassium Hyaluronate (0.002ppb), Panthenol, Zinc PCA, Decyl Glucoside, Hectorite, Pentylene Glycol, Caprylyl\/Capryl Glycol, Hydroxypropyl Starch Phosphate, 1,2-Hexanediol, Betaine, Polyquaternium-67, Acrylates\/C10-30 Alkyl Acrylate Crosspolymer, Citric Acid, Sodium Chloride, Sodium Phytate, Sodium Cocoyl Isethionate, Maltodextrin<\/p>\n","protected":false},"excerpt":{"rendered":"<p>Anua 8 Hyaluronic Acid Hydrating Gentle Foaming Cleanser maigi nomazg\u0101 lieko sebumu, putek\u013cus, keratiniz\u0113t\u0101s da\u013ci\u0146as un kosm\u0113tikas atliekas.<\/p>\n","protected":false},"featured_media":22752,"comment_status":"open","ping_status":"closed","template":"","meta":{"site-sidebar-layout":"default","site-content-layout":"","ast-site-content-layout":"default","site-content-style":"default","site-sidebar-style":"default","ast-global-header-display":"","ast-banner-title-visibility":"","ast-main-header-display":"","ast-hfb-above-header-display":"","ast-hfb-below-header-display":"","ast-hfb-mobile-header-display":"","site-post-title":"","ast-breadcrumbs-content":"","ast-featured-img":"","footer-sml-layout":"","theme-transparent-header-meta":"default","adv-header-id-meta":"","stick-header-meta":"","header-above-stick-meta":"","header-main-stick-meta":"","header-below-stick-meta":"","astra-migrate-meta-layouts":"set","ast-page-background-enabled":"default","ast-page-background-meta":{"desktop":{"background-color":"var(--ast-global-color-4)","background-image":"","background-repeat":"repeat","background-position":"center center","background-size":"auto","background-attachment":"scroll","background-type":"","background-media":"","overlay-type":"","overlay-color":"","overlay-opacity":"","overlay-gradient":""},"tablet":{"background-color":"","background-image":"","background-repeat":"repeat","background-position":"center center","background-size":"auto","background-attachment":"scroll","background-type":"","background-media":"","overlay-type":"","overlay-color":"","overlay-opacity":"","overlay-gradient":""},"mobile":{"background-color":"","background-image":"","background-repeat":"repeat","background-position":"center center","background-size":"auto","background-attachment":"scroll","background-type":"","background-media":"","overlay-type":"","overlay-color":"","overlay-opacity":"","overlay-gradient":""}},"ast-content-background-meta":{"desktop":{"background-color":"var(--ast-global-color-5)","background-image":"","background-repeat":"repeat","background-position":"center center","background-size":"auto","background-attachment":"scroll","background-type":"","background-media":"","overlay-type":"","overlay-color":"","overlay-opacity":"","overlay-gradient":""},"tablet":{"background-color":"var(--ast-global-color-5)","background-image":"","background-repeat":"repeat","background-position":"center center","background-size":"auto","background-attachment":"scroll","background-type":"","background-media":"","overlay-type":"","overlay-color":"","overlay-opacity":"","overlay-gradient":""},"mobile":{"background-color":"var(--ast-global-color-5)","background-image":"","background-repeat":"repeat","background-position":"center center","background-size":"auto","background-attachment":"scroll","background-type":"","background-media":"","overlay-type":"","overlay-color":"","overlay-opacity":"","overlay-gradient":""}}},"product_brand":[],"product_cat":[511,310,311,312,313,317,314],"product_tag":[],"berocket_brand":[575],"class_list":{"0":"post-22751","1":"product","2":"type-product","3":"status-publish","4":"has-post-thumbnail","6":"product_cat-atlaides","7":"product_cat-attirisana","8":"product_cat-jutigai-adai-attirisana","9":"product_cat-kombinetai-adai-attirisana","10":"product_cat-problematiskai-adai-attirisana","11":"product_cat-sausai-adai-attirisana","12":"product_cat-taukainai-adai-attirisana","13":"berocket_brand-anua","14":"desktop-align-left","15":"tablet-align-left","16":"mobile-align-left","18":"first","19":"outofstock","20":"sale","21":"taxable","22":"shipping-taxable","23":"purchasable","24":"product-type-simple","25":"add-to-wishlist-before_image"},"yoast_head":"<!-- This site is optimized with the Yoast SEO plugin v27.4 - https:\/\/yoast.com\/product\/yoast-seo-wordpress\/ -->\n<title>Anua 8 Hyaluronic Acid Hydrating Gentle Foaming Cleanser 150 ml - FACECORNER<\/title>\n<meta name=\"description\" content=\"Anua 8 Hyaluronic Acid Hydrating Gentle Foaming Cleanser maigi nomazg\u0101 lieko sebumu, putek\u013cus, keratiniz\u0113t\u0101s da\u013ci\u0146as un kosm\u0113tikas atliekas.\" \/>\n<meta name=\"robots\" content=\"index, follow, max-snippet:-1, max-image-preview:large, max-video-preview:-1\" \/>\n<link rel=\"canonical\" href=\"https:\/\/www.facecorner.lv\/lv\/shop\/anua-8-hyaluronic-acid-hydrating-gentle-foaming-cleanser-150-ml\/\" \/>\n<meta property=\"og:locale\" content=\"lv_LV\" \/>\n<meta property=\"og:type\" content=\"article\" \/>\n<meta property=\"og:title\" content=\"Anua 8 Hyaluronic Acid Hydrating Gentle Foaming Cleanser 150 ml - FACECORNER\" \/>\n<meta property=\"og:description\" content=\"Anua 8 Hyaluronic Acid Hydrating Gentle Foaming Cleanser maigi nomazg\u0101 lieko sebumu, putek\u013cus, keratiniz\u0113t\u0101s da\u013ci\u0146as un kosm\u0113tikas atliekas.\" \/>\n<meta property=\"og:url\" content=\"https:\/\/www.facecorner.lv\/lv\/shop\/anua-8-hyaluronic-acid-hydrating-gentle-foaming-cleanser-150-ml\/\" \/>\n<meta property=\"og:site_name\" content=\"FACECORNER\" \/>\n<meta property=\"article:publisher\" content=\"https:\/\/www.facebook.com\/profile.php?id=100063824551839\" \/>\n<meta property=\"article:modified_time\" content=\"2026-04-16T13:11:21+00:00\" \/>\n<meta property=\"og:image\" content=\"https:\/\/www.facecorner.lv\/wp-content\/uploads\/2024\/12\/Anua-8-Hyaluronic-Acid-Hydrating-Gentle-Foaming-Cleanser_-1-1-700x700-1.png\" \/>\n\t<meta property=\"og:image:width\" content=\"700\" \/>\n\t<meta property=\"og:image:height\" content=\"700\" \/>\n\t<meta property=\"og:image:type\" content=\"image\/png\" \/>\n<meta name=\"twitter:card\" content=\"summary_large_image\" \/>\n<meta name=\"twitter:label1\" content=\"Price\" \/>\n\t<meta name=\"twitter:data1\" content=\"&euro;13.90\" \/>\n\t<meta name=\"twitter:label2\" content=\"Availability\" \/>\n\t<meta name=\"twitter:data2\" content=\"Out of stock\" \/>\n<script type=\"application\/ld+json\" class=\"yoast-schema-graph\">{\"@context\":\"https:\\\/\\\/schema.org\",\"@graph\":[{\"@type\":\"WebPage\",\"@id\":\"https:\\\/\\\/www.facecorner.lv\\\/shop\\\/anua-8-hyaluronic-acid-hydrating-gentle-foaming-cleanser-150-ml\\\/\",\"url\":\"https:\\\/\\\/www.facecorner.lv\\\/shop\\\/anua-8-hyaluronic-acid-hydrating-gentle-foaming-cleanser-150-ml\\\/\",\"name\":\"Anua 8 Hyaluronic Acid Hydrating Gentle Foaming Cleanser 150 ml - FACECORNER\",\"isPartOf\":{\"@id\":\"https:\\\/\\\/www.facecorner.lv\\\/#website\"},\"primaryImageOfPage\":{\"@id\":\"https:\\\/\\\/www.facecorner.lv\\\/shop\\\/anua-8-hyaluronic-acid-hydrating-gentle-foaming-cleanser-150-ml\\\/#primaryimage\"},\"image\":{\"@id\":\"https:\\\/\\\/www.facecorner.lv\\\/shop\\\/anua-8-hyaluronic-acid-hydrating-gentle-foaming-cleanser-150-ml\\\/#primaryimage\"},\"thumbnailUrl\":\"https:\\\/\\\/www.facecorner.lv\\\/wp-content\\\/uploads\\\/2024\\\/12\\\/Anua-8-Hyaluronic-Acid-Hydrating-Gentle-Foaming-Cleanser_-1-1-700x700-1.png\",\"datePublished\":\"2024-12-20T13:32:00+00:00\",\"dateModified\":\"2026-04-16T13:11:21+00:00\",\"description\":\"Anua 8 Hyaluronic Acid Hydrating Gentle Foaming Cleanser maigi nomazg\u0101 lieko sebumu, putek\u013cus, keratiniz\u0113t\u0101s da\u013ci\u0146as un kosm\u0113tikas atliekas.\",\"breadcrumb\":{\"@id\":\"https:\\\/\\\/www.facecorner.lv\\\/shop\\\/anua-8-hyaluronic-acid-hydrating-gentle-foaming-cleanser-150-ml\\\/#breadcrumb\"},\"inLanguage\":\"lv-LV\",\"potentialAction\":[{\"@type\":\"ReadAction\",\"target\":[\"https:\\\/\\\/www.facecorner.lv\\\/shop\\\/anua-8-hyaluronic-acid-hydrating-gentle-foaming-cleanser-150-ml\\\/\"]}]},{\"@type\":\"ImageObject\",\"inLanguage\":\"lv-LV\",\"@id\":\"https:\\\/\\\/www.facecorner.lv\\\/shop\\\/anua-8-hyaluronic-acid-hydrating-gentle-foaming-cleanser-150-ml\\\/#primaryimage\",\"url\":\"https:\\\/\\\/www.facecorner.lv\\\/wp-content\\\/uploads\\\/2024\\\/12\\\/Anua-8-Hyaluronic-Acid-Hydrating-Gentle-Foaming-Cleanser_-1-1-700x700-1.png\",\"contentUrl\":\"https:\\\/\\\/www.facecorner.lv\\\/wp-content\\\/uploads\\\/2024\\\/12\\\/Anua-8-Hyaluronic-Acid-Hydrating-Gentle-Foaming-Cleanser_-1-1-700x700-1.png\",\"width\":700,\"height\":700,\"caption\":\"Anua 8 Hyaluronic Acid Hydrating Gentle Foaming Cleanser 150\"},{\"@type\":\"BreadcrumbList\",\"@id\":\"https:\\\/\\\/www.facecorner.lv\\\/shop\\\/anua-8-hyaluronic-acid-hydrating-gentle-foaming-cleanser-150-ml\\\/#breadcrumb\",\"itemListElement\":[{\"@type\":\"ListItem\",\"position\":1,\"name\":\"Home\",\"item\":\"https:\\\/\\\/www.facecorner.lv\\\/\"},{\"@type\":\"ListItem\",\"position\":2,\"name\":\"Veikals\",\"item\":\"https:\\\/\\\/www.facecorner.lv\\\/shop\\\/\"},{\"@type\":\"ListItem\",\"position\":3,\"name\":\"Anua 8 Hyaluronic Acid Hydrating Gentle Foaming Cleanser 150 ml\"}]},{\"@type\":\"WebSite\",\"@id\":\"https:\\\/\\\/www.facecorner.lv\\\/#website\",\"url\":\"https:\\\/\\\/www.facecorner.lv\\\/\",\"name\":\"Facecorner\",\"description\":\"\",\"publisher\":{\"@id\":\"https:\\\/\\\/www.facecorner.lv\\\/#organization\"},\"potentialAction\":[{\"@type\":\"SearchAction\",\"target\":{\"@type\":\"EntryPoint\",\"urlTemplate\":\"https:\\\/\\\/www.facecorner.lv\\\/?s={search_term_string}\"},\"query-input\":{\"@type\":\"PropertyValueSpecification\",\"valueRequired\":true,\"valueName\":\"search_term_string\"}}],\"inLanguage\":\"lv-LV\"},{\"@type\":\"Organization\",\"@id\":\"https:\\\/\\\/www.facecorner.lv\\\/#organization\",\"name\":\"Facecorner\",\"url\":\"https:\\\/\\\/www.facecorner.lv\\\/\",\"logo\":{\"@type\":\"ImageObject\",\"inLanguage\":\"lv-LV\",\"@id\":\"https:\\\/\\\/www.facecorner.lv\\\/#\\\/schema\\\/logo\\\/image\\\/\",\"url\":\"https:\\\/\\\/www.facecorner.lv\\\/wp-content\\\/uploads\\\/2024\\\/04\\\/fc-logo.jpg\",\"contentUrl\":\"https:\\\/\\\/www.facecorner.lv\\\/wp-content\\\/uploads\\\/2024\\\/04\\\/fc-logo.jpg\",\"width\":174,\"height\":28,\"caption\":\"Facecorner\"},\"image\":{\"@id\":\"https:\\\/\\\/www.facecorner.lv\\\/#\\\/schema\\\/logo\\\/image\\\/\"},\"sameAs\":[\"https:\\\/\\\/www.facebook.com\\\/profile.php?id=100063824551839\",\"https:\\\/\\\/www.instagram.com\\\/facecorner_shop\\\/\"]}]}<\/script>\n<meta property=\"product:price:amount\" content=\"13.90\" \/>\n<meta property=\"product:price:currency\" content=\"EUR\" \/>\n<meta property=\"og:availability\" content=\"out of stock\" \/>\n<meta property=\"product:availability\" content=\"out of stock\" \/>\n<meta property=\"product:condition\" content=\"new\" \/>\n<!-- \/ Yoast SEO plugin. -->","yoast_head_json":{"title":"Anua 8 Hyaluronic Acid Hydrating Gentle Foaming Cleanser 150 ml - FACECORNER","description":"Anua 8 Hyaluronic Acid Hydrating Gentle Foaming Cleanser maigi nomazg\u0101 lieko sebumu, putek\u013cus, keratiniz\u0113t\u0101s da\u013ci\u0146as un kosm\u0113tikas atliekas.","robots":{"index":"index","follow":"follow","max-snippet":"max-snippet:-1","max-image-preview":"max-image-preview:large","max-video-preview":"max-video-preview:-1"},"canonical":"https:\/\/www.facecorner.lv\/lv\/shop\/anua-8-hyaluronic-acid-hydrating-gentle-foaming-cleanser-150-ml\/","og_locale":"lv_LV","og_type":"article","og_title":"Anua 8 Hyaluronic Acid Hydrating Gentle Foaming Cleanser 150 ml - FACECORNER","og_description":"Anua 8 Hyaluronic Acid Hydrating Gentle Foaming Cleanser maigi nomazg\u0101 lieko sebumu, putek\u013cus, keratiniz\u0113t\u0101s da\u013ci\u0146as un kosm\u0113tikas atliekas.","og_url":"https:\/\/www.facecorner.lv\/lv\/shop\/anua-8-hyaluronic-acid-hydrating-gentle-foaming-cleanser-150-ml\/","og_site_name":"FACECORNER","article_publisher":"https:\/\/www.facebook.com\/profile.php?id=100063824551839","article_modified_time":"2026-04-16T13:11:21+00:00","og_image":[{"width":700,"height":700,"url":"https:\/\/www.facecorner.lv\/wp-content\/uploads\/2024\/12\/Anua-8-Hyaluronic-Acid-Hydrating-Gentle-Foaming-Cleanser_-1-1-700x700-1.png","type":"image\/png"}],"twitter_card":"summary_large_image","twitter_misc":{"Price":"&euro;13.90","Availability":"Out of stock"},"schema":{"@context":"https:\/\/schema.org","@graph":[{"@type":"WebPage","@id":"https:\/\/www.facecorner.lv\/shop\/anua-8-hyaluronic-acid-hydrating-gentle-foaming-cleanser-150-ml\/","url":"https:\/\/www.facecorner.lv\/shop\/anua-8-hyaluronic-acid-hydrating-gentle-foaming-cleanser-150-ml\/","name":"Anua 8 Hyaluronic Acid Hydrating Gentle Foaming Cleanser 150 ml - FACECORNER","isPartOf":{"@id":"https:\/\/www.facecorner.lv\/#website"},"primaryImageOfPage":{"@id":"https:\/\/www.facecorner.lv\/shop\/anua-8-hyaluronic-acid-hydrating-gentle-foaming-cleanser-150-ml\/#primaryimage"},"image":{"@id":"https:\/\/www.facecorner.lv\/shop\/anua-8-hyaluronic-acid-hydrating-gentle-foaming-cleanser-150-ml\/#primaryimage"},"thumbnailUrl":"https:\/\/www.facecorner.lv\/wp-content\/uploads\/2024\/12\/Anua-8-Hyaluronic-Acid-Hydrating-Gentle-Foaming-Cleanser_-1-1-700x700-1.png","datePublished":"2024-12-20T13:32:00+00:00","dateModified":"2026-04-16T13:11:21+00:00","description":"Anua 8 Hyaluronic Acid Hydrating Gentle Foaming Cleanser maigi nomazg\u0101 lieko sebumu, putek\u013cus, keratiniz\u0113t\u0101s da\u013ci\u0146as un kosm\u0113tikas atliekas.","breadcrumb":{"@id":"https:\/\/www.facecorner.lv\/shop\/anua-8-hyaluronic-acid-hydrating-gentle-foaming-cleanser-150-ml\/#breadcrumb"},"inLanguage":"lv-LV","potentialAction":[{"@type":"ReadAction","target":["https:\/\/www.facecorner.lv\/shop\/anua-8-hyaluronic-acid-hydrating-gentle-foaming-cleanser-150-ml\/"]}]},{"@type":"ImageObject","inLanguage":"lv-LV","@id":"https:\/\/www.facecorner.lv\/shop\/anua-8-hyaluronic-acid-hydrating-gentle-foaming-cleanser-150-ml\/#primaryimage","url":"https:\/\/www.facecorner.lv\/wp-content\/uploads\/2024\/12\/Anua-8-Hyaluronic-Acid-Hydrating-Gentle-Foaming-Cleanser_-1-1-700x700-1.png","contentUrl":"https:\/\/www.facecorner.lv\/wp-content\/uploads\/2024\/12\/Anua-8-Hyaluronic-Acid-Hydrating-Gentle-Foaming-Cleanser_-1-1-700x700-1.png","width":700,"height":700,"caption":"Anua 8 Hyaluronic Acid Hydrating Gentle Foaming Cleanser 150"},{"@type":"BreadcrumbList","@id":"https:\/\/www.facecorner.lv\/shop\/anua-8-hyaluronic-acid-hydrating-gentle-foaming-cleanser-150-ml\/#breadcrumb","itemListElement":[{"@type":"ListItem","position":1,"name":"Home","item":"https:\/\/www.facecorner.lv\/"},{"@type":"ListItem","position":2,"name":"Veikals","item":"https:\/\/www.facecorner.lv\/shop\/"},{"@type":"ListItem","position":3,"name":"Anua 8 Hyaluronic Acid Hydrating Gentle Foaming Cleanser 150 ml"}]},{"@type":"WebSite","@id":"https:\/\/www.facecorner.lv\/#website","url":"https:\/\/www.facecorner.lv\/","name":"Facecorner","description":"","publisher":{"@id":"https:\/\/www.facecorner.lv\/#organization"},"potentialAction":[{"@type":"SearchAction","target":{"@type":"EntryPoint","urlTemplate":"https:\/\/www.facecorner.lv\/?s={search_term_string}"},"query-input":{"@type":"PropertyValueSpecification","valueRequired":true,"valueName":"search_term_string"}}],"inLanguage":"lv-LV"},{"@type":"Organization","@id":"https:\/\/www.facecorner.lv\/#organization","name":"Facecorner","url":"https:\/\/www.facecorner.lv\/","logo":{"@type":"ImageObject","inLanguage":"lv-LV","@id":"https:\/\/www.facecorner.lv\/#\/schema\/logo\/image\/","url":"https:\/\/www.facecorner.lv\/wp-content\/uploads\/2024\/04\/fc-logo.jpg","contentUrl":"https:\/\/www.facecorner.lv\/wp-content\/uploads\/2024\/04\/fc-logo.jpg","width":174,"height":28,"caption":"Facecorner"},"image":{"@id":"https:\/\/www.facecorner.lv\/#\/schema\/logo\/image\/"},"sameAs":["https:\/\/www.facebook.com\/profile.php?id=100063824551839","https:\/\/www.instagram.com\/facecorner_shop\/"]}]},"product_price_amount":"13.90","product_price_currency":"EUR","og_availability":"out of stock","product_availability":"out of stock","product_condition":"new"},"_links":{"self":[{"href":"https:\/\/www.facecorner.lv\/lv\/wp-json\/wp\/v2\/product\/22751","targetHints":{"allow":["GET"]}}],"collection":[{"href":"https:\/\/www.facecorner.lv\/lv\/wp-json\/wp\/v2\/product"}],"about":[{"href":"https:\/\/www.facecorner.lv\/lv\/wp-json\/wp\/v2\/types\/product"}],"replies":[{"embeddable":true,"href":"https:\/\/www.facecorner.lv\/lv\/wp-json\/wp\/v2\/comments?post=22751"}],"wp:featuredmedia":[{"embeddable":true,"href":"https:\/\/www.facecorner.lv\/lv\/wp-json\/wp\/v2\/media\/22752"}],"wp:attachment":[{"href":"https:\/\/www.facecorner.lv\/lv\/wp-json\/wp\/v2\/media?parent=22751"}],"wp:term":[{"taxonomy":"product_brand","embeddable":true,"href":"https:\/\/www.facecorner.lv\/lv\/wp-json\/wp\/v2\/product_brand?post=22751"},{"taxonomy":"product_cat","embeddable":true,"href":"https:\/\/www.facecorner.lv\/lv\/wp-json\/wp\/v2\/product_cat?post=22751"},{"taxonomy":"product_tag","embeddable":true,"href":"https:\/\/www.facecorner.lv\/lv\/wp-json\/wp\/v2\/product_tag?post=22751"},{"taxonomy":"berocket_brand","embeddable":true,"href":"https:\/\/www.facecorner.lv\/lv\/wp-json\/wp\/v2\/berocket_brand?post=22751"}],"curies":[{"name":"wp","href":"https:\/\/api.w.org\/{rel}","templated":true}]}}