{"id":22748,"date":"2024-12-20T16:11:26","date_gmt":"2024-12-20T13:11:26","guid":{"rendered":"https:\/\/www.facecorner.lv\/?post_type=product&#038;p=22748"},"modified":"2026-01-23T22:03:58","modified_gmt":"2026-01-23T19:03:58","slug":"dr-althea-vitamin-c-boosting-serum-63-30ml","status":"publish","type":"product","link":"https:\/\/www.facecorner.lv\/lv\/shop\/dr-althea-vitamin-c-boosting-serum-63-30ml\/","title":{"rendered":"Dr. Althea Vitamin C Boosting Serum 63% 30ml"},"content":{"rendered":"<p>Dr. Althea Vitamin C Boosting Serum 63%\u00a0 ir uzlabota\u00a0 seruma versija, kas satur liel\u0101ku akt\u012bvo vielu koncentr\u0101ciju. Produkts balina pigment\u0101ciju, izl\u012bdzina toni un tekst\u016bru, tam piem\u012bt pretiekaisuma iedarb\u012bba un tas pal\u0113nina noveco\u0161an\u0101s procesus. Uztur \u0101das tvirtumu, elast\u012bbu un gludumu, pie\u0161\u0137ir vesel\u012bgu mirdzumu. P\u0113c uzkl\u0101\u0161anas mitrina, \u0101tri uzs\u016bcas.<\/p>\n<p>Bez smar\u017eviel\u0101m, nesatur m\u0101ksl\u012bg\u0101s kr\u0101svielas, neatst\u0101j dzeltenas sv\u012btras uz sejas. Piem\u0113rots lieto\u0161anai zem kosm\u0113tikas.<\/p>\n<p>Satur 63 % smilts\u0113rk\u0161\u0137u \u016bdens, kas ir dab\u012bgs komponents ar augstu C vitam\u012bna saturu. Smilts\u0113rk\u0161\u0137i nodro\u0161ina antioksidantu aizsardz\u012bbu \u0161\u016bn\u0101m, saglab\u0101 elast\u012bbu un nov\u0113r\u0161 bl\u0101vu toni.<\/p>\n<ul>\n<li><strong>Papildu akt\u012bv\u0101s sast\u0101vda\u013cas:<\/strong><\/li>\n<li>2 C vitam\u012bna formas (askorb\u012bnsk\u0101be, 3-O-etil-askorb\u012bnsk\u0101be) izgaismo vecuma plankumus un plankumus p\u0113c pinnes, izl\u012bdzina tonusu. Tiem piem\u012bt antioksidanta iedarb\u012bba, tie aizsarg\u0101 \u0161\u016bnas no br\u012bvajiem radik\u0101\u013ciem un stimul\u0113 kolag\u0113na ra\u017eo\u0161anu, pal\u0113ninot noveco\u0161an\u0101s procesus.<\/li>\n<li>Niacinam\u012bdam (vitam\u012bnam B3) ir daudzfunkcion\u0101la iedarb\u012bba: tas balina un nov\u0113r\u0161 pigment\u0101ciju, regul\u0113 sebuma veido\u0161anos, samazina sp\u012bdumu un stimul\u0113 kolag\u0113na veido\u0161anos, palielinot tvirtumu un elast\u012bbu.<\/li>\n<li>Traneksam\u012bnsk\u0101be ir balino\u0161a akt\u012bv\u0101 viela, kas kav\u0113 tirozin\u0101zes &#8211; fermenta, kas izraisa melan\u012bna pigmenta veido\u0161anos, &#8211; darb\u012bbu. T\u0101 neizraisa fotosensitivit\u0101ti un to var lietot dienas kop\u0161anas l\u012bdzek\u013cos.<\/li>\n<li>Alfa-arbut\u012bns nov\u0113r\u0161 pigment\u0101cijas ra\u0161anos, kav\u0113jot enz\u012bma tirozin\u0101zes aktivit\u0101ti, k\u0101 ar\u012b tam ir antiseptiska un nomierino\u0161a iedarb\u012bba.<\/li>\n<li>Koenz\u012bms Q10 (ubihinons) iedarbojas atjaunojo\u0161i un antioksidanti, pal\u012bdz izl\u012bdzin\u0101t grumbas, pa\u0101trina re\u0123ener\u0101ciju un kolag\u0113na \u0161\u0137iedru sint\u0113zi \u0161\u016bn\u0101s. Stimul\u0113 saistaudu aug\u0161anu, aizsarg\u0101 \u0161\u016bnas no boj\u0101ejas.<\/li>\n<li>Centella asiatica ekstrakts c\u012bn\u0101s ar aps\u0101rtumu un iekaisumu, stiprina asinsvadus un nov\u0113r\u0161 asinsvadu zvaigzn\u012b\u0161u veido\u0161anos, mazina jut\u012bgumu pret \u0101r\u0113jiem faktoriem.<\/li>\n<li>Ceram\u012bdi tiek iestr\u0101d\u0101ti dab\u012bgaj\u0101 lip\u012bdu sl\u0101n\u012b, stiprinot to, palielinot barjeras funkciju un nov\u0113r\u0161ot sausumu.<\/li>\n<li>Pantenols (vitam\u012bns B5) pa\u0101trina mikroboj\u0101jumu dz\u012b\u0161anu, m\u012bkstina un nomierina, samazina aps\u0101rtumu, uzlabo epidermas barjerfunkciju.<\/li>\n<li>3 veidu hialuronsk\u0101be mitrina un veido aizsargsl\u0101ni, kas nov\u0113r\u0161 mitruma iztvaiko\u0161anu.<\/li>\n<\/ul>\n<p><strong>Lieto\u0161ana:<\/strong> p\u0113c mazg\u0101\u0161anas un toniz\u0113\u0161anas uzkl\u0101jiet serumu uz sejas, izkl\u0101jiet to pa \u0101du. P\u0113c uzs\u016bk\u0161an\u0101s turpiniet kop\u0161anu. Piem\u0113rots dienas un vakara kop\u0161anai.<\/p>\n<p><strong>S\u0101stavs:<\/strong> Hippophae Rhamnoides Water, Centella Asiatica Leaf Water, Niacinamide, Butylene Glycol,\u00a01,2-Hexanediol,\u00a0Dipropylene Glycol, Water (Aqua), Methyl Gluceth-20,\u00a0Methylpropanediol, Betaine, Tranexamic Acid, Glycerin, Pentylene Glycol, Propanediol, Hydroxyethyl Urea, Laminaria Japonica Extract, Eclipta Prostrata Leaf Extract, Ficus Carica (Fig) Fruit Extract,\u00a0Centella Asiatica Extract, Hydrogenated Lecithin,\u00a0Sodium Hyaluronate,\u00a0Carbomer,\u00a03-O-Ethyl Ascorbic Acid, C12-14 Pareth-12,\u00a0Ammonium Acryloyldimethyltaurate\/VP Copolymer,\u00a0 Xanthan Gum,\u00a0Tromethamine,\u00a0Panthenol,\u00a0Ethylhexylglycerin,\u00a0Adenosine, Disodium EDTA, Fructooligosaccharides, Beta-Glucan, Ascorbic Acid,\u00a0Hydrolyzed Hyaluronic Acid, Ceramide NP, Alpha-Arbutin, Tocopherol, Bifida Ferment Lysate, Bisabolol, Ubiquinone, Hydroxyethyl\u00a0Ubiquinone, Sodium Acetylated Hyaluronate<\/p>\n","protected":false},"excerpt":{"rendered":"<p>Dr. Althea C vitam\u012bna serums 63% ir uzlabota Dr. Althea C vitam\u012bna seruma versija, kas satur liel\u0101ku akt\u012bvo vielu koncentr\u0101ciju. Produkts balina pigment\u0101ciju, izl\u012bdzina toni un tekst\u016bru, tam piem\u012bt pretiekaisuma iedarb\u012bba un tas pal\u0113nina noveco\u0161an\u0101s procesus. Uztur \u0101das tvirtumu, elast\u012bbu un gludumu, pie\u0161\u0137ir vesel\u012bgu mirdzumu. P\u0113c uzkl\u0101\u0161anas mitrina, \u0101tri uzs\u016bcas.<\/p>\n","protected":false},"featured_media":22749,"comment_status":"open","ping_status":"closed","template":"","meta":{"site-sidebar-layout":"default","site-content-layout":"","ast-site-content-layout":"default","site-content-style":"default","site-sidebar-style":"default","ast-global-header-display":"","ast-banner-title-visibility":"","ast-main-header-display":"","ast-hfb-above-header-display":"","ast-hfb-below-header-display":"","ast-hfb-mobile-header-display":"","site-post-title":"","ast-breadcrumbs-content":"","ast-featured-img":"","footer-sml-layout":"","theme-transparent-header-meta":"default","adv-header-id-meta":"","stick-header-meta":"","header-above-stick-meta":"","header-main-stick-meta":"","header-below-stick-meta":"","astra-migrate-meta-layouts":"set","ast-page-background-enabled":"default","ast-page-background-meta":{"desktop":{"background-color":"var(--ast-global-color-4)","background-image":"","background-repeat":"repeat","background-position":"center center","background-size":"auto","background-attachment":"scroll","background-type":"","background-media":"","overlay-type":"","overlay-color":"","overlay-opacity":"","overlay-gradient":""},"tablet":{"background-color":"","background-image":"","background-repeat":"repeat","background-position":"center center","background-size":"auto","background-attachment":"scroll","background-type":"","background-media":"","overlay-type":"","overlay-color":"","overlay-opacity":"","overlay-gradient":""},"mobile":{"background-color":"","background-image":"","background-repeat":"repeat","background-position":"center center","background-size":"auto","background-attachment":"scroll","background-type":"","background-media":"","overlay-type":"","overlay-color":"","overlay-opacity":"","overlay-gradient":""}},"ast-content-background-meta":{"desktop":{"background-color":"var(--ast-global-color-5)","background-image":"","background-repeat":"repeat","background-position":"center center","background-size":"auto","background-attachment":"scroll","background-type":"","background-media":"","overlay-type":"","overlay-color":"","overlay-opacity":"","overlay-gradient":""},"tablet":{"background-color":"var(--ast-global-color-5)","background-image":"","background-repeat":"repeat","background-position":"center center","background-size":"auto","background-attachment":"scroll","background-type":"","background-media":"","overlay-type":"","overlay-color":"","overlay-opacity":"","overlay-gradient":""},"mobile":{"background-color":"var(--ast-global-color-5)","background-image":"","background-repeat":"repeat","background-position":"center center","background-size":"auto","background-attachment":"scroll","background-type":"","background-media":"","overlay-type":"","overlay-color":"","overlay-opacity":"","overlay-gradient":""}}},"product_brand":[],"product_cat":[370,371,363,569],"product_tag":[],"berocket_brand":[597],"class_list":{"0":"post-22748","1":"product","2":"type-product","3":"status-publish","4":"has-post-thumbnail","6":"product_cat-adas-mirdzumam","7":"product_cat-anti-age","8":"product_cat-serumi","9":"product_cat-vitamin-c","10":"berocket_brand-dr-althea","11":"desktop-align-left","12":"tablet-align-left","13":"mobile-align-left","15":"first","16":"outofstock","17":"taxable","18":"shipping-taxable","19":"purchasable","20":"product-type-simple","21":"add-to-wishlist-before_image"},"yoast_head":"<!-- This site is optimized with the Yoast SEO plugin v27.4 - https:\/\/yoast.com\/product\/yoast-seo-wordpress\/ -->\n<title>Dr. Althea Vitamin C Boosting Serum 63% 30ml - FACECORNER<\/title>\n<meta name=\"description\" content=\"Dr. Althea C vitam\u012bna serums 63% ir uzlabota Dr. Althea C vitam\u012bna seruma versija, kas satur liel\u0101ku akt\u012bvo vielu koncentr\u0101ciju.\" \/>\n<meta name=\"robots\" content=\"index, follow, max-snippet:-1, max-image-preview:large, max-video-preview:-1\" \/>\n<link rel=\"canonical\" href=\"https:\/\/www.facecorner.lv\/lv\/shop\/dr-althea-vitamin-c-boosting-serum-63-30ml\/\" \/>\n<meta property=\"og:locale\" content=\"lv_LV\" \/>\n<meta property=\"og:type\" content=\"article\" \/>\n<meta property=\"og:title\" content=\"Dr. Althea Vitamin C Boosting Serum 63% 30ml - FACECORNER\" \/>\n<meta property=\"og:description\" content=\"Dr. Althea C vitam\u012bna serums 63% ir uzlabota Dr. Althea C vitam\u012bna seruma versija, kas satur liel\u0101ku akt\u012bvo vielu koncentr\u0101ciju.\" \/>\n<meta property=\"og:url\" content=\"https:\/\/www.facecorner.lv\/lv\/shop\/dr-althea-vitamin-c-boosting-serum-63-30ml\/\" \/>\n<meta property=\"og:site_name\" content=\"FACECORNER\" \/>\n<meta property=\"article:publisher\" content=\"https:\/\/www.facebook.com\/profile.php?id=100063824551839\" \/>\n<meta property=\"article:modified_time\" content=\"2026-01-23T19:03:58+00:00\" \/>\n<meta property=\"og:image\" content=\"https:\/\/www.facecorner.lv\/wp-content\/uploads\/2024\/12\/VitaminCBoostingSerum63___1_1024x1024.webp\" \/>\n\t<meta property=\"og:image:width\" content=\"1024\" \/>\n\t<meta property=\"og:image:height\" content=\"1024\" \/>\n\t<meta property=\"og:image:type\" content=\"image\/webp\" \/>\n<meta name=\"twitter:card\" content=\"summary_large_image\" \/>\n<meta name=\"twitter:label1\" content=\"Price\" \/>\n\t<meta name=\"twitter:data1\" content=\"&euro;27.90\" \/>\n\t<meta name=\"twitter:label2\" content=\"Availability\" \/>\n\t<meta name=\"twitter:data2\" content=\"Out of stock\" \/>\n<script type=\"application\/ld+json\" class=\"yoast-schema-graph\">{\"@context\":\"https:\\\/\\\/schema.org\",\"@graph\":[{\"@type\":\"WebPage\",\"@id\":\"https:\\\/\\\/www.facecorner.lv\\\/shop\\\/dr-althea-vitamin-c-boosting-serum-63-30ml\\\/\",\"url\":\"https:\\\/\\\/www.facecorner.lv\\\/shop\\\/dr-althea-vitamin-c-boosting-serum-63-30ml\\\/\",\"name\":\"Dr. Althea Vitamin C Boosting Serum 63% 30ml - FACECORNER\",\"isPartOf\":{\"@id\":\"https:\\\/\\\/www.facecorner.lv\\\/#website\"},\"primaryImageOfPage\":{\"@id\":\"https:\\\/\\\/www.facecorner.lv\\\/shop\\\/dr-althea-vitamin-c-boosting-serum-63-30ml\\\/#primaryimage\"},\"image\":{\"@id\":\"https:\\\/\\\/www.facecorner.lv\\\/shop\\\/dr-althea-vitamin-c-boosting-serum-63-30ml\\\/#primaryimage\"},\"thumbnailUrl\":\"https:\\\/\\\/www.facecorner.lv\\\/wp-content\\\/uploads\\\/2024\\\/12\\\/VitaminCBoostingSerum63___1_1024x1024.webp\",\"datePublished\":\"2024-12-20T13:11:26+00:00\",\"dateModified\":\"2026-01-23T19:03:58+00:00\",\"description\":\"Dr. Althea C vitam\u012bna serums 63% ir uzlabota Dr. Althea C vitam\u012bna seruma versija, kas satur liel\u0101ku akt\u012bvo vielu koncentr\u0101ciju.\",\"breadcrumb\":{\"@id\":\"https:\\\/\\\/www.facecorner.lv\\\/shop\\\/dr-althea-vitamin-c-boosting-serum-63-30ml\\\/#breadcrumb\"},\"inLanguage\":\"lv-LV\",\"potentialAction\":[{\"@type\":\"ReadAction\",\"target\":[\"https:\\\/\\\/www.facecorner.lv\\\/shop\\\/dr-althea-vitamin-c-boosting-serum-63-30ml\\\/\"]}]},{\"@type\":\"ImageObject\",\"inLanguage\":\"lv-LV\",\"@id\":\"https:\\\/\\\/www.facecorner.lv\\\/shop\\\/dr-althea-vitamin-c-boosting-serum-63-30ml\\\/#primaryimage\",\"url\":\"https:\\\/\\\/www.facecorner.lv\\\/wp-content\\\/uploads\\\/2024\\\/12\\\/VitaminCBoostingSerum63___1_1024x1024.webp\",\"contentUrl\":\"https:\\\/\\\/www.facecorner.lv\\\/wp-content\\\/uploads\\\/2024\\\/12\\\/VitaminCBoostingSerum63___1_1024x1024.webp\",\"width\":1024,\"height\":1024,\"caption\":\"Dr. Althea Vitamin C Boosting Serum 63%\"},{\"@type\":\"BreadcrumbList\",\"@id\":\"https:\\\/\\\/www.facecorner.lv\\\/shop\\\/dr-althea-vitamin-c-boosting-serum-63-30ml\\\/#breadcrumb\",\"itemListElement\":[{\"@type\":\"ListItem\",\"position\":1,\"name\":\"Home\",\"item\":\"https:\\\/\\\/www.facecorner.lv\\\/\"},{\"@type\":\"ListItem\",\"position\":2,\"name\":\"Veikals\",\"item\":\"https:\\\/\\\/www.facecorner.lv\\\/shop\\\/\"},{\"@type\":\"ListItem\",\"position\":3,\"name\":\"Dr. Althea Vitamin C Boosting Serum 63% 30ml\"}]},{\"@type\":\"WebSite\",\"@id\":\"https:\\\/\\\/www.facecorner.lv\\\/#website\",\"url\":\"https:\\\/\\\/www.facecorner.lv\\\/\",\"name\":\"Facecorner\",\"description\":\"\",\"publisher\":{\"@id\":\"https:\\\/\\\/www.facecorner.lv\\\/#organization\"},\"potentialAction\":[{\"@type\":\"SearchAction\",\"target\":{\"@type\":\"EntryPoint\",\"urlTemplate\":\"https:\\\/\\\/www.facecorner.lv\\\/?s={search_term_string}\"},\"query-input\":{\"@type\":\"PropertyValueSpecification\",\"valueRequired\":true,\"valueName\":\"search_term_string\"}}],\"inLanguage\":\"lv-LV\"},{\"@type\":\"Organization\",\"@id\":\"https:\\\/\\\/www.facecorner.lv\\\/#organization\",\"name\":\"Facecorner\",\"url\":\"https:\\\/\\\/www.facecorner.lv\\\/\",\"logo\":{\"@type\":\"ImageObject\",\"inLanguage\":\"lv-LV\",\"@id\":\"https:\\\/\\\/www.facecorner.lv\\\/#\\\/schema\\\/logo\\\/image\\\/\",\"url\":\"https:\\\/\\\/www.facecorner.lv\\\/wp-content\\\/uploads\\\/2024\\\/04\\\/fc-logo.jpg\",\"contentUrl\":\"https:\\\/\\\/www.facecorner.lv\\\/wp-content\\\/uploads\\\/2024\\\/04\\\/fc-logo.jpg\",\"width\":174,\"height\":28,\"caption\":\"Facecorner\"},\"image\":{\"@id\":\"https:\\\/\\\/www.facecorner.lv\\\/#\\\/schema\\\/logo\\\/image\\\/\"},\"sameAs\":[\"https:\\\/\\\/www.facebook.com\\\/profile.php?id=100063824551839\",\"https:\\\/\\\/www.instagram.com\\\/facecorner_shop\\\/\"]}]}<\/script>\n<meta property=\"product:price:amount\" content=\"27.90\" \/>\n<meta property=\"product:price:currency\" content=\"EUR\" \/>\n<meta property=\"og:availability\" content=\"out of stock\" \/>\n<meta property=\"product:availability\" content=\"out of stock\" \/>\n<meta property=\"product:condition\" content=\"new\" \/>\n<!-- \/ Yoast SEO plugin. -->","yoast_head_json":{"title":"Dr. Althea Vitamin C Boosting Serum 63% 30ml - FACECORNER","description":"Dr. Althea C vitam\u012bna serums 63% ir uzlabota Dr. Althea C vitam\u012bna seruma versija, kas satur liel\u0101ku akt\u012bvo vielu koncentr\u0101ciju.","robots":{"index":"index","follow":"follow","max-snippet":"max-snippet:-1","max-image-preview":"max-image-preview:large","max-video-preview":"max-video-preview:-1"},"canonical":"https:\/\/www.facecorner.lv\/lv\/shop\/dr-althea-vitamin-c-boosting-serum-63-30ml\/","og_locale":"lv_LV","og_type":"article","og_title":"Dr. Althea Vitamin C Boosting Serum 63% 30ml - FACECORNER","og_description":"Dr. Althea C vitam\u012bna serums 63% ir uzlabota Dr. Althea C vitam\u012bna seruma versija, kas satur liel\u0101ku akt\u012bvo vielu koncentr\u0101ciju.","og_url":"https:\/\/www.facecorner.lv\/lv\/shop\/dr-althea-vitamin-c-boosting-serum-63-30ml\/","og_site_name":"FACECORNER","article_publisher":"https:\/\/www.facebook.com\/profile.php?id=100063824551839","article_modified_time":"2026-01-23T19:03:58+00:00","og_image":[{"width":1024,"height":1024,"url":"https:\/\/www.facecorner.lv\/wp-content\/uploads\/2024\/12\/VitaminCBoostingSerum63___1_1024x1024.webp","type":"image\/webp"}],"twitter_card":"summary_large_image","twitter_misc":{"Price":"&euro;27.90","Availability":"Out of stock"},"schema":{"@context":"https:\/\/schema.org","@graph":[{"@type":"WebPage","@id":"https:\/\/www.facecorner.lv\/shop\/dr-althea-vitamin-c-boosting-serum-63-30ml\/","url":"https:\/\/www.facecorner.lv\/shop\/dr-althea-vitamin-c-boosting-serum-63-30ml\/","name":"Dr. Althea Vitamin C Boosting Serum 63% 30ml - FACECORNER","isPartOf":{"@id":"https:\/\/www.facecorner.lv\/#website"},"primaryImageOfPage":{"@id":"https:\/\/www.facecorner.lv\/shop\/dr-althea-vitamin-c-boosting-serum-63-30ml\/#primaryimage"},"image":{"@id":"https:\/\/www.facecorner.lv\/shop\/dr-althea-vitamin-c-boosting-serum-63-30ml\/#primaryimage"},"thumbnailUrl":"https:\/\/www.facecorner.lv\/wp-content\/uploads\/2024\/12\/VitaminCBoostingSerum63___1_1024x1024.webp","datePublished":"2024-12-20T13:11:26+00:00","dateModified":"2026-01-23T19:03:58+00:00","description":"Dr. Althea C vitam\u012bna serums 63% ir uzlabota Dr. Althea C vitam\u012bna seruma versija, kas satur liel\u0101ku akt\u012bvo vielu koncentr\u0101ciju.","breadcrumb":{"@id":"https:\/\/www.facecorner.lv\/shop\/dr-althea-vitamin-c-boosting-serum-63-30ml\/#breadcrumb"},"inLanguage":"lv-LV","potentialAction":[{"@type":"ReadAction","target":["https:\/\/www.facecorner.lv\/shop\/dr-althea-vitamin-c-boosting-serum-63-30ml\/"]}]},{"@type":"ImageObject","inLanguage":"lv-LV","@id":"https:\/\/www.facecorner.lv\/shop\/dr-althea-vitamin-c-boosting-serum-63-30ml\/#primaryimage","url":"https:\/\/www.facecorner.lv\/wp-content\/uploads\/2024\/12\/VitaminCBoostingSerum63___1_1024x1024.webp","contentUrl":"https:\/\/www.facecorner.lv\/wp-content\/uploads\/2024\/12\/VitaminCBoostingSerum63___1_1024x1024.webp","width":1024,"height":1024,"caption":"Dr. Althea Vitamin C Boosting Serum 63%"},{"@type":"BreadcrumbList","@id":"https:\/\/www.facecorner.lv\/shop\/dr-althea-vitamin-c-boosting-serum-63-30ml\/#breadcrumb","itemListElement":[{"@type":"ListItem","position":1,"name":"Home","item":"https:\/\/www.facecorner.lv\/"},{"@type":"ListItem","position":2,"name":"Veikals","item":"https:\/\/www.facecorner.lv\/shop\/"},{"@type":"ListItem","position":3,"name":"Dr. Althea Vitamin C Boosting Serum 63% 30ml"}]},{"@type":"WebSite","@id":"https:\/\/www.facecorner.lv\/#website","url":"https:\/\/www.facecorner.lv\/","name":"Facecorner","description":"","publisher":{"@id":"https:\/\/www.facecorner.lv\/#organization"},"potentialAction":[{"@type":"SearchAction","target":{"@type":"EntryPoint","urlTemplate":"https:\/\/www.facecorner.lv\/?s={search_term_string}"},"query-input":{"@type":"PropertyValueSpecification","valueRequired":true,"valueName":"search_term_string"}}],"inLanguage":"lv-LV"},{"@type":"Organization","@id":"https:\/\/www.facecorner.lv\/#organization","name":"Facecorner","url":"https:\/\/www.facecorner.lv\/","logo":{"@type":"ImageObject","inLanguage":"lv-LV","@id":"https:\/\/www.facecorner.lv\/#\/schema\/logo\/image\/","url":"https:\/\/www.facecorner.lv\/wp-content\/uploads\/2024\/04\/fc-logo.jpg","contentUrl":"https:\/\/www.facecorner.lv\/wp-content\/uploads\/2024\/04\/fc-logo.jpg","width":174,"height":28,"caption":"Facecorner"},"image":{"@id":"https:\/\/www.facecorner.lv\/#\/schema\/logo\/image\/"},"sameAs":["https:\/\/www.facebook.com\/profile.php?id=100063824551839","https:\/\/www.instagram.com\/facecorner_shop\/"]}]},"product_price_amount":"27.90","product_price_currency":"EUR","og_availability":"out of stock","product_availability":"out of stock","product_condition":"new"},"_links":{"self":[{"href":"https:\/\/www.facecorner.lv\/lv\/wp-json\/wp\/v2\/product\/22748","targetHints":{"allow":["GET"]}}],"collection":[{"href":"https:\/\/www.facecorner.lv\/lv\/wp-json\/wp\/v2\/product"}],"about":[{"href":"https:\/\/www.facecorner.lv\/lv\/wp-json\/wp\/v2\/types\/product"}],"replies":[{"embeddable":true,"href":"https:\/\/www.facecorner.lv\/lv\/wp-json\/wp\/v2\/comments?post=22748"}],"wp:featuredmedia":[{"embeddable":true,"href":"https:\/\/www.facecorner.lv\/lv\/wp-json\/wp\/v2\/media\/22749"}],"wp:attachment":[{"href":"https:\/\/www.facecorner.lv\/lv\/wp-json\/wp\/v2\/media?parent=22748"}],"wp:term":[{"taxonomy":"product_brand","embeddable":true,"href":"https:\/\/www.facecorner.lv\/lv\/wp-json\/wp\/v2\/product_brand?post=22748"},{"taxonomy":"product_cat","embeddable":true,"href":"https:\/\/www.facecorner.lv\/lv\/wp-json\/wp\/v2\/product_cat?post=22748"},{"taxonomy":"product_tag","embeddable":true,"href":"https:\/\/www.facecorner.lv\/lv\/wp-json\/wp\/v2\/product_tag?post=22748"},{"taxonomy":"berocket_brand","embeddable":true,"href":"https:\/\/www.facecorner.lv\/lv\/wp-json\/wp\/v2\/berocket_brand?post=22748"}],"curies":[{"name":"wp","href":"https:\/\/api.w.org\/{rel}","templated":true}]}}