{"id":22662,"date":"2024-12-13T14:59:40","date_gmt":"2024-12-13T11:59:40","guid":{"rendered":"https:\/\/www.facecorner.lv\/?post_type=product&#038;p=22662"},"modified":"2025-12-15T11:14:31","modified_gmt":"2025-12-15T08:14:31","slug":"vt-cosmetics-hydrop-reedle-shot-100-hl-50ml","status":"publish","type":"product","link":"https:\/\/www.facecorner.lv\/lv\/shop\/vt-cosmetics-hydrop-reedle-shot-100-hl-50ml\/","title":{"rendered":"VT Cosmetics Hydrop Reedle Shot 100 HL 50ml"},"content":{"rendered":"<p>VT Cosmetics Hydrop Reedle Shot 100 HL Booster serums izl\u012bdzina \u0101das tekst\u016bru, samazina vecuma plankumus un pigment\u0101ciju, pal\u012bdz sa\u0161aurin\u0101t poras un nov\u0113r\u0161 sausumu. Padara \u0101du gludu, tvirt\u0101ku un mirdzo\u0161u.<\/p>\n<p>Atjauno mitruma tr\u016bkumu, nomierina un m\u012bkstina, uzlabo elast\u012bbu un tvirtumu. Pastiprina turpm\u0101ko kop\u0161anas l\u012bdzek\u013cu iedarb\u012bbu. Tam ir viegla esences tekst\u016bra, p\u0113c lieto\u0161anas tas atsvaidzina un neatst\u0101j lip\u012bgumu.<\/p>\n<p>Satur Cica Reedle\u2122 mikro\u0161\u0137iedru kompleksu, kas transport\u0113 akt\u012bv\u0101s vielas dzi\u013ci epiderm\u0101 un stimul\u0113 \u0161\u016bnu atjauno\u0161anos, izl\u012bdzina mikroreljefu.<\/p>\n<p>Formula ir papildin\u0101ta ar\u012b ar patent\u0113to Cicahyalon\u2122 sast\u0101vda\u013cu, kas sast\u0101v no hialuronsk\u0101bes, centellas atvasin\u0101jumiem un propolisa ekstrakta. Cicahyalon\u2122 nomierina kairin\u0101jumu un aps\u0101rtumu un pa\u0101trina boj\u0101t\u0101s \u0101das dz\u012b\u0161anu.<\/p>\n<p><strong>Papildu akt\u012bv\u0101s sast\u0101vda\u013cas:<\/strong><\/p>\n<ul>\n<li>HA-Nano Capsule &#8211; hialuronsk\u0101bes kapsulas. Pateicoties to nelielajam izm\u0113ram, 300 Da kapsulas iek\u013c\u016bst dzi\u013ci raga sl\u0101n\u012b, nodro\u0161inot intens\u012bvu mitrin\u0101\u0161anu.<\/li>\n<li>Ectoin ir organiska aminosk\u0101be, kas aizsarg\u0101 pret \u0101r\u0113jiem faktoriem un tai piem\u012bt pretiekaisuma \u012bpa\u0161\u012bbas. Nomierina un m\u012bkstina, mazina aps\u0101rtumu.<\/li>\n<li>Pantenols (vitam\u012bns B5) mazina aps\u0101rtumu un niezi, stiprina hidrolip\u012bdu barjeru, nov\u0113r\u0161 mitruma iztvaiko\u0161anu, veicina re\u0123ener\u0101ciju.<\/li>\n<li>Beta\u012bns pie\u0161\u0137ir gludumu un maigumu, ilgsto\u0161i saglab\u0101 mitrumu, aizsarg\u0101 \u0161\u016bnu membr\u0101nas, nov\u0113r\u0161 kairin\u0101jumu.<\/li>\n<li>Trehaloze ir polisahar\u012bds, kas sp\u0113j saist\u012bt \u016bdens molekulas, t\u0101d\u0113j\u0101di saglab\u0101jot optim\u0101lu mitrin\u0101\u0161anas l\u012bmeni.<\/li>\n<li>Niacinam\u012bds (vitam\u012bns B3) izl\u012bdzina kop\u0113jo tonusu, stimul\u0113 kolag\u0113na veido\u0161anos, izgaismo, nostiprina hidrolip\u012bdu apvalku.<\/li>\n<li>Ur\u012bnvielai piem\u012bt antibakteri\u0101la, pretv\u012brusu un pretmikrobu iedarb\u012bba. M\u012bkstina raupjas un laikapst\u0101k\u013ciem pak\u013cautas vietas.<\/li>\n<li>Alanto\u012bns neitraliz\u0113 oksid\u0113\u0161an\u0101s ietekmi, samazina jut\u012bgumu, mitrina.<\/li>\n<\/ul>\n<p><strong>Lieto\u0161ana:<\/strong> vakara kop\u0161anas laik\u0101 uz iepriek\u0161 att\u012br\u012btas \u0101das uzkl\u0101jiet nepiecie\u0161amo produkta daudzumu, izkl\u0101jiet ar pirkstiem un pagaidiet, l\u012bdz piln\u012bb\u0101 ies\u016bcas. Turpiniet kop\u0161anu ar toniz\u0113\u0161anas un mitrin\u0101\u0161anas posmiem. Dienas laik\u0101 lietot saules aizsargkr\u0113mu SPF50 PA++++.<\/p>\n<p><strong>Uzman\u012bbu! Booster Serum p\u0113c lieto\u0161anas var izrais\u012bt tirp\u0161anas saj\u016btu.<\/strong><\/p>\n<p><strong>Piesardz\u012bbas pas\u0101kumi:<\/strong> nelietot vienlaikus ar p\u012blingiem vai skrubjiem, k\u0101 ar\u012b ar produktiem, kuru sast\u0101v\u0101 ir retinols, AHA, BHA, C vitam\u012bns liel\u0101 koncentr\u0101cij\u0101. Nav ieteicams lietot p\u0113c dermatolo\u0123isk\u0101m proced\u016br\u0101m, kas traum\u0113 epidermas raga sl\u0101ni: p\u012blings, apar\u0101tisk\u0101 kosmetolo\u0123ija, injekcijas.<\/p>\n<p>&nbsp;<\/p>\n","protected":false},"excerpt":{"rendered":"<p>VT Cosmetics Hydrop Reedle Shot 100 HL Booster serums izl\u012bdzina \u0101das tekst\u016bru, samazina vecuma plankumus un pigment\u0101ciju, pal\u012bdz sa\u0161aurin\u0101t poras un nov\u0113r\u0161 sausumu. Padara \u0101du gludu, tvirt\u0101ku un mirdzo\u0161u.<\/p>\n","protected":false},"featured_media":22663,"comment_status":"open","ping_status":"closed","template":"","meta":{"site-sidebar-layout":"default","site-content-layout":"","ast-site-content-layout":"default","site-content-style":"default","site-sidebar-style":"default","ast-global-header-display":"","ast-banner-title-visibility":"","ast-main-header-display":"","ast-hfb-above-header-display":"","ast-hfb-below-header-display":"","ast-hfb-mobile-header-display":"","site-post-title":"","ast-breadcrumbs-content":"","ast-featured-img":"","footer-sml-layout":"","theme-transparent-header-meta":"default","adv-header-id-meta":"","stick-header-meta":"","header-above-stick-meta":"","header-main-stick-meta":"","header-below-stick-meta":"","astra-migrate-meta-layouts":"set","ast-page-background-enabled":"default","ast-page-background-meta":{"desktop":{"background-color":"var(--ast-global-color-4)","background-image":"","background-repeat":"repeat","background-position":"center center","background-size":"auto","background-attachment":"scroll","background-type":"","background-media":"","overlay-type":"","overlay-color":"","overlay-opacity":"","overlay-gradient":""},"tablet":{"background-color":"","background-image":"","background-repeat":"repeat","background-position":"center center","background-size":"auto","background-attachment":"scroll","background-type":"","background-media":"","overlay-type":"","overlay-color":"","overlay-opacity":"","overlay-gradient":""},"mobile":{"background-color":"","background-image":"","background-repeat":"repeat","background-position":"center center","background-size":"auto","background-attachment":"scroll","background-type":"","background-media":"","overlay-type":"","overlay-color":"","overlay-opacity":"","overlay-gradient":""}},"ast-content-background-meta":{"desktop":{"background-color":"var(--ast-global-color-5)","background-image":"","background-repeat":"repeat","background-position":"center center","background-size":"auto","background-attachment":"scroll","background-type":"","background-media":"","overlay-type":"","overlay-color":"","overlay-opacity":"","overlay-gradient":""},"tablet":{"background-color":"var(--ast-global-color-5)","background-image":"","background-repeat":"repeat","background-position":"center center","background-size":"auto","background-attachment":"scroll","background-type":"","background-media":"","overlay-type":"","overlay-color":"","overlay-opacity":"","overlay-gradient":""},"mobile":{"background-color":"var(--ast-global-color-5)","background-image":"","background-repeat":"repeat","background-position":"center center","background-size":"auto","background-attachment":"scroll","background-type":"","background-media":"","overlay-type":"","overlay-color":"","overlay-opacity":"","overlay-gradient":""}}},"product_brand":[],"product_cat":[370,371,372,363],"product_tag":[],"berocket_brand":[582],"class_list":{"0":"post-22662","1":"product","2":"type-product","3":"status-publish","4":"has-post-thumbnail","6":"product_cat-adas-mirdzumam","7":"product_cat-anti-age","8":"product_cat-jutigai-adai-serumi","9":"product_cat-serumi","10":"berocket_brand-vt","11":"desktop-align-left","12":"tablet-align-left","13":"mobile-align-left","15":"first","16":"instock","17":"taxable","18":"shipping-taxable","19":"purchasable","20":"product-type-simple","21":"add-to-wishlist-before_image"},"yoast_head":"<!-- This site is optimized with the Yoast SEO plugin v27.4 - https:\/\/yoast.com\/product\/yoast-seo-wordpress\/ -->\n<title>VT Cosmetics Hydrop Reedle Shot 100 HL 50ml - FACECORNER<\/title>\n<meta name=\"description\" content=\"VT Cosmetics Hydrop Reedle Shot 100 HL Booster serums izl\u012bdzina \u0101das tekst\u016bru, samazina vecuma plankumus un pigment\u0101ciju, pal\u012bdz sa\u0161aurin\u0101t poras\" \/>\n<meta name=\"robots\" content=\"index, follow, max-snippet:-1, max-image-preview:large, max-video-preview:-1\" \/>\n<link rel=\"canonical\" href=\"https:\/\/www.facecorner.lv\/lv\/shop\/vt-cosmetics-hydrop-reedle-shot-100-hl-50ml\/\" \/>\n<meta property=\"og:locale\" content=\"lv_LV\" \/>\n<meta property=\"og:type\" content=\"article\" \/>\n<meta property=\"og:title\" content=\"VT Cosmetics Hydrop Reedle Shot 100 HL 50ml - FACECORNER\" \/>\n<meta property=\"og:description\" content=\"VT Cosmetics Hydrop Reedle Shot 100 HL Booster serums izl\u012bdzina \u0101das tekst\u016bru, samazina vecuma plankumus un pigment\u0101ciju, pal\u012bdz sa\u0161aurin\u0101t poras\" \/>\n<meta property=\"og:url\" content=\"https:\/\/www.facecorner.lv\/lv\/shop\/vt-cosmetics-hydrop-reedle-shot-100-hl-50ml\/\" \/>\n<meta property=\"og:site_name\" content=\"FACECORNER\" \/>\n<meta property=\"article:publisher\" content=\"https:\/\/www.facebook.com\/profile.php?id=100063824551839\" \/>\n<meta property=\"article:modified_time\" content=\"2025-12-15T08:14:31+00:00\" \/>\n<meta property=\"og:image\" content=\"https:\/\/www.facecorner.lv\/wp-content\/uploads\/2024\/12\/1.jpg\" \/>\n\t<meta property=\"og:image:width\" content=\"1200\" \/>\n\t<meta property=\"og:image:height\" content=\"1200\" \/>\n\t<meta property=\"og:image:type\" content=\"image\/jpeg\" \/>\n<meta name=\"twitter:card\" content=\"summary_large_image\" \/>\n<meta name=\"twitter:label1\" content=\"Price\" \/>\n\t<meta name=\"twitter:data1\" content=\"&euro;36.90\" \/>\n\t<meta name=\"twitter:label2\" content=\"Availability\" \/>\n\t<meta name=\"twitter:data2\" content=\"In stock\" \/>\n<script type=\"application\/ld+json\" class=\"yoast-schema-graph\">{\"@context\":\"https:\\\/\\\/schema.org\",\"@graph\":[{\"@type\":\"WebPage\",\"@id\":\"https:\\\/\\\/www.facecorner.lv\\\/shop\\\/vt-cosmetics-hydrop-reedle-shot-100-hl-50ml\\\/\",\"url\":\"https:\\\/\\\/www.facecorner.lv\\\/shop\\\/vt-cosmetics-hydrop-reedle-shot-100-hl-50ml\\\/\",\"name\":\"VT Cosmetics Hydrop Reedle Shot 100 HL 50ml - FACECORNER\",\"isPartOf\":{\"@id\":\"https:\\\/\\\/www.facecorner.lv\\\/#website\"},\"primaryImageOfPage\":{\"@id\":\"https:\\\/\\\/www.facecorner.lv\\\/shop\\\/vt-cosmetics-hydrop-reedle-shot-100-hl-50ml\\\/#primaryimage\"},\"image\":{\"@id\":\"https:\\\/\\\/www.facecorner.lv\\\/shop\\\/vt-cosmetics-hydrop-reedle-shot-100-hl-50ml\\\/#primaryimage\"},\"thumbnailUrl\":\"https:\\\/\\\/www.facecorner.lv\\\/wp-content\\\/uploads\\\/2024\\\/12\\\/1.jpg\",\"datePublished\":\"2024-12-13T11:59:40+00:00\",\"dateModified\":\"2025-12-15T08:14:31+00:00\",\"description\":\"VT Cosmetics Hydrop Reedle Shot 100 HL Booster serums izl\u012bdzina \u0101das tekst\u016bru, samazina vecuma plankumus un pigment\u0101ciju, pal\u012bdz sa\u0161aurin\u0101t poras\",\"breadcrumb\":{\"@id\":\"https:\\\/\\\/www.facecorner.lv\\\/shop\\\/vt-cosmetics-hydrop-reedle-shot-100-hl-50ml\\\/#breadcrumb\"},\"inLanguage\":\"lv-LV\",\"potentialAction\":[{\"@type\":\"ReadAction\",\"target\":[\"https:\\\/\\\/www.facecorner.lv\\\/shop\\\/vt-cosmetics-hydrop-reedle-shot-100-hl-50ml\\\/\"]}]},{\"@type\":\"ImageObject\",\"inLanguage\":\"lv-LV\",\"@id\":\"https:\\\/\\\/www.facecorner.lv\\\/shop\\\/vt-cosmetics-hydrop-reedle-shot-100-hl-50ml\\\/#primaryimage\",\"url\":\"https:\\\/\\\/www.facecorner.lv\\\/wp-content\\\/uploads\\\/2024\\\/12\\\/1.jpg\",\"contentUrl\":\"https:\\\/\\\/www.facecorner.lv\\\/wp-content\\\/uploads\\\/2024\\\/12\\\/1.jpg\",\"width\":1200,\"height\":1200,\"caption\":\"VT Cosmetics Hydrop Reedle Shot 100 HL\"},{\"@type\":\"BreadcrumbList\",\"@id\":\"https:\\\/\\\/www.facecorner.lv\\\/shop\\\/vt-cosmetics-hydrop-reedle-shot-100-hl-50ml\\\/#breadcrumb\",\"itemListElement\":[{\"@type\":\"ListItem\",\"position\":1,\"name\":\"Home\",\"item\":\"https:\\\/\\\/www.facecorner.lv\\\/\"},{\"@type\":\"ListItem\",\"position\":2,\"name\":\"Veikals\",\"item\":\"https:\\\/\\\/www.facecorner.lv\\\/shop\\\/\"},{\"@type\":\"ListItem\",\"position\":3,\"name\":\"VT Cosmetics Hydrop Reedle Shot 100 HL 50ml\"}]},{\"@type\":\"WebSite\",\"@id\":\"https:\\\/\\\/www.facecorner.lv\\\/#website\",\"url\":\"https:\\\/\\\/www.facecorner.lv\\\/\",\"name\":\"Facecorner\",\"description\":\"\",\"publisher\":{\"@id\":\"https:\\\/\\\/www.facecorner.lv\\\/#organization\"},\"potentialAction\":[{\"@type\":\"SearchAction\",\"target\":{\"@type\":\"EntryPoint\",\"urlTemplate\":\"https:\\\/\\\/www.facecorner.lv\\\/?s={search_term_string}\"},\"query-input\":{\"@type\":\"PropertyValueSpecification\",\"valueRequired\":true,\"valueName\":\"search_term_string\"}}],\"inLanguage\":\"lv-LV\"},{\"@type\":\"Organization\",\"@id\":\"https:\\\/\\\/www.facecorner.lv\\\/#organization\",\"name\":\"Facecorner\",\"url\":\"https:\\\/\\\/www.facecorner.lv\\\/\",\"logo\":{\"@type\":\"ImageObject\",\"inLanguage\":\"lv-LV\",\"@id\":\"https:\\\/\\\/www.facecorner.lv\\\/#\\\/schema\\\/logo\\\/image\\\/\",\"url\":\"https:\\\/\\\/www.facecorner.lv\\\/wp-content\\\/uploads\\\/2024\\\/04\\\/fc-logo.jpg\",\"contentUrl\":\"https:\\\/\\\/www.facecorner.lv\\\/wp-content\\\/uploads\\\/2024\\\/04\\\/fc-logo.jpg\",\"width\":174,\"height\":28,\"caption\":\"Facecorner\"},\"image\":{\"@id\":\"https:\\\/\\\/www.facecorner.lv\\\/#\\\/schema\\\/logo\\\/image\\\/\"},\"sameAs\":[\"https:\\\/\\\/www.facebook.com\\\/profile.php?id=100063824551839\",\"https:\\\/\\\/www.instagram.com\\\/facecorner_shop\\\/\"]}]}<\/script>\n<meta property=\"product:price:amount\" content=\"36.90\" \/>\n<meta property=\"product:price:currency\" content=\"EUR\" \/>\n<meta property=\"og:availability\" content=\"instock\" \/>\n<meta property=\"product:availability\" content=\"instock\" \/>\n<meta property=\"product:condition\" content=\"new\" \/>\n<!-- \/ Yoast SEO plugin. -->","yoast_head_json":{"title":"VT Cosmetics Hydrop Reedle Shot 100 HL 50ml - FACECORNER","description":"VT Cosmetics Hydrop Reedle Shot 100 HL Booster serums izl\u012bdzina \u0101das tekst\u016bru, samazina vecuma plankumus un pigment\u0101ciju, pal\u012bdz sa\u0161aurin\u0101t poras","robots":{"index":"index","follow":"follow","max-snippet":"max-snippet:-1","max-image-preview":"max-image-preview:large","max-video-preview":"max-video-preview:-1"},"canonical":"https:\/\/www.facecorner.lv\/lv\/shop\/vt-cosmetics-hydrop-reedle-shot-100-hl-50ml\/","og_locale":"lv_LV","og_type":"article","og_title":"VT Cosmetics Hydrop Reedle Shot 100 HL 50ml - FACECORNER","og_description":"VT Cosmetics Hydrop Reedle Shot 100 HL Booster serums izl\u012bdzina \u0101das tekst\u016bru, samazina vecuma plankumus un pigment\u0101ciju, pal\u012bdz sa\u0161aurin\u0101t poras","og_url":"https:\/\/www.facecorner.lv\/lv\/shop\/vt-cosmetics-hydrop-reedle-shot-100-hl-50ml\/","og_site_name":"FACECORNER","article_publisher":"https:\/\/www.facebook.com\/profile.php?id=100063824551839","article_modified_time":"2025-12-15T08:14:31+00:00","og_image":[{"width":1200,"height":1200,"url":"https:\/\/www.facecorner.lv\/wp-content\/uploads\/2024\/12\/1.jpg","type":"image\/jpeg"}],"twitter_card":"summary_large_image","twitter_misc":{"Price":"&euro;36.90","Availability":"In stock"},"schema":{"@context":"https:\/\/schema.org","@graph":[{"@type":"WebPage","@id":"https:\/\/www.facecorner.lv\/shop\/vt-cosmetics-hydrop-reedle-shot-100-hl-50ml\/","url":"https:\/\/www.facecorner.lv\/shop\/vt-cosmetics-hydrop-reedle-shot-100-hl-50ml\/","name":"VT Cosmetics Hydrop Reedle Shot 100 HL 50ml - FACECORNER","isPartOf":{"@id":"https:\/\/www.facecorner.lv\/#website"},"primaryImageOfPage":{"@id":"https:\/\/www.facecorner.lv\/shop\/vt-cosmetics-hydrop-reedle-shot-100-hl-50ml\/#primaryimage"},"image":{"@id":"https:\/\/www.facecorner.lv\/shop\/vt-cosmetics-hydrop-reedle-shot-100-hl-50ml\/#primaryimage"},"thumbnailUrl":"https:\/\/www.facecorner.lv\/wp-content\/uploads\/2024\/12\/1.jpg","datePublished":"2024-12-13T11:59:40+00:00","dateModified":"2025-12-15T08:14:31+00:00","description":"VT Cosmetics Hydrop Reedle Shot 100 HL Booster serums izl\u012bdzina \u0101das tekst\u016bru, samazina vecuma plankumus un pigment\u0101ciju, pal\u012bdz sa\u0161aurin\u0101t poras","breadcrumb":{"@id":"https:\/\/www.facecorner.lv\/shop\/vt-cosmetics-hydrop-reedle-shot-100-hl-50ml\/#breadcrumb"},"inLanguage":"lv-LV","potentialAction":[{"@type":"ReadAction","target":["https:\/\/www.facecorner.lv\/shop\/vt-cosmetics-hydrop-reedle-shot-100-hl-50ml\/"]}]},{"@type":"ImageObject","inLanguage":"lv-LV","@id":"https:\/\/www.facecorner.lv\/shop\/vt-cosmetics-hydrop-reedle-shot-100-hl-50ml\/#primaryimage","url":"https:\/\/www.facecorner.lv\/wp-content\/uploads\/2024\/12\/1.jpg","contentUrl":"https:\/\/www.facecorner.lv\/wp-content\/uploads\/2024\/12\/1.jpg","width":1200,"height":1200,"caption":"VT Cosmetics Hydrop Reedle Shot 100 HL"},{"@type":"BreadcrumbList","@id":"https:\/\/www.facecorner.lv\/shop\/vt-cosmetics-hydrop-reedle-shot-100-hl-50ml\/#breadcrumb","itemListElement":[{"@type":"ListItem","position":1,"name":"Home","item":"https:\/\/www.facecorner.lv\/"},{"@type":"ListItem","position":2,"name":"Veikals","item":"https:\/\/www.facecorner.lv\/shop\/"},{"@type":"ListItem","position":3,"name":"VT Cosmetics Hydrop Reedle Shot 100 HL 50ml"}]},{"@type":"WebSite","@id":"https:\/\/www.facecorner.lv\/#website","url":"https:\/\/www.facecorner.lv\/","name":"Facecorner","description":"","publisher":{"@id":"https:\/\/www.facecorner.lv\/#organization"},"potentialAction":[{"@type":"SearchAction","target":{"@type":"EntryPoint","urlTemplate":"https:\/\/www.facecorner.lv\/?s={search_term_string}"},"query-input":{"@type":"PropertyValueSpecification","valueRequired":true,"valueName":"search_term_string"}}],"inLanguage":"lv-LV"},{"@type":"Organization","@id":"https:\/\/www.facecorner.lv\/#organization","name":"Facecorner","url":"https:\/\/www.facecorner.lv\/","logo":{"@type":"ImageObject","inLanguage":"lv-LV","@id":"https:\/\/www.facecorner.lv\/#\/schema\/logo\/image\/","url":"https:\/\/www.facecorner.lv\/wp-content\/uploads\/2024\/04\/fc-logo.jpg","contentUrl":"https:\/\/www.facecorner.lv\/wp-content\/uploads\/2024\/04\/fc-logo.jpg","width":174,"height":28,"caption":"Facecorner"},"image":{"@id":"https:\/\/www.facecorner.lv\/#\/schema\/logo\/image\/"},"sameAs":["https:\/\/www.facebook.com\/profile.php?id=100063824551839","https:\/\/www.instagram.com\/facecorner_shop\/"]}]},"product_price_amount":"36.90","product_price_currency":"EUR","og_availability":"instock","product_availability":"instock","product_condition":"new"},"_links":{"self":[{"href":"https:\/\/www.facecorner.lv\/lv\/wp-json\/wp\/v2\/product\/22662","targetHints":{"allow":["GET"]}}],"collection":[{"href":"https:\/\/www.facecorner.lv\/lv\/wp-json\/wp\/v2\/product"}],"about":[{"href":"https:\/\/www.facecorner.lv\/lv\/wp-json\/wp\/v2\/types\/product"}],"replies":[{"embeddable":true,"href":"https:\/\/www.facecorner.lv\/lv\/wp-json\/wp\/v2\/comments?post=22662"}],"wp:featuredmedia":[{"embeddable":true,"href":"https:\/\/www.facecorner.lv\/lv\/wp-json\/wp\/v2\/media\/22663"}],"wp:attachment":[{"href":"https:\/\/www.facecorner.lv\/lv\/wp-json\/wp\/v2\/media?parent=22662"}],"wp:term":[{"taxonomy":"product_brand","embeddable":true,"href":"https:\/\/www.facecorner.lv\/lv\/wp-json\/wp\/v2\/product_brand?post=22662"},{"taxonomy":"product_cat","embeddable":true,"href":"https:\/\/www.facecorner.lv\/lv\/wp-json\/wp\/v2\/product_cat?post=22662"},{"taxonomy":"product_tag","embeddable":true,"href":"https:\/\/www.facecorner.lv\/lv\/wp-json\/wp\/v2\/product_tag?post=22662"},{"taxonomy":"berocket_brand","embeddable":true,"href":"https:\/\/www.facecorner.lv\/lv\/wp-json\/wp\/v2\/berocket_brand?post=22662"}],"curies":[{"name":"wp","href":"https:\/\/api.w.org\/{rel}","templated":true}]}}