{"id":22538,"date":"2024-12-05T23:19:56","date_gmt":"2024-12-05T20:19:56","guid":{"rendered":"https:\/\/www.facecorner.lv\/?post_type=product&#038;p=22538"},"modified":"2026-01-25T13:24:17","modified_gmt":"2026-01-25T10:24:17","slug":"medicube-zero-pore-one-day-cream-50ml","status":"publish","type":"product","link":"https:\/\/www.facecorner.lv\/lv\/shop\/medicube-zero-pore-one-day-cream-50ml\/","title":{"rendered":"Medicube Zero Pore One-day Cream 50ml"},"content":{"rendered":"<p>Medicube Zero Pore One-day Cream ir viegls, nemazg\u0101jams kr\u0113ms ar salicilsk\u0101bi, kas izl\u012bdzina \u0101du, att\u012bra poras un samazina melnos plankumus. Sast\u0101v\u0101 eso\u0161ais niac\u012bnam\u012bds veicina mat\u0113jo\u0161\u0101s \u012bpa\u0161\u012bbas un vecuma plankumu samazin\u0101\u0161anos. Sast\u0101vs ir bag\u0101tin\u0101ts ar vakara pr\u012bmulas ziedu ekstraktu un za\u013c\u0101s t\u0113jas ekstraktu ar pretiekaisuma, nomierino\u0161\u0101m un antioksid\u0113jo\u0161\u0101m \u012bpa\u0161\u012bb\u0101m.<\/p>\n<p>Produkts satur ar\u012b nomierino\u0161u alanto\u012bnu un mitrino\u0161u hialuronsk\u0101bi. Kr\u0113mu ieteicams lietot taukainai, jauktai un problem\u0101tiskai \u0101dai. Tas samazina izsitumus, vizu\u0101li sa\u0161aurina papla\u0161in\u0101t\u0101s poras un izgaismo pigment\u0101ciju, nomierina un mitrina \u0101du.<\/p>\n<p><strong>Akt\u012bv\u0101s sast\u0101vda\u013cas:<\/strong><\/p>\n<ul>\n<li>Niacinam\u012bds &#8211; vitam\u012bns B3, regul\u0113 tauku dziedzeru darb\u012bbu, samazina sebuma veido\u0161anos, mazina iekaisumu, pal\u012bdz samazin\u0101t pigment\u0101ciju,<\/li>\n<li>salicilsk\u0101be &#8211; BHA-sk\u0101be, tai ir antibakteri\u0101la iedarb\u012bba, t\u0101 p\u012blings un izl\u012bdzina epidermu, pozit\u012bvi iedarbojas uz problem\u0101tisku \u0101du, pal\u012bdz att\u012br\u012bt tauku dziedzerus,<\/li>\n<li>hialuronsk\u0101be &#8211; mitrina, saista \u016bdeni epiderm\u0101, nostiepj un padara \u0101du tvirt\u0101ku,<\/li>\n<li>za\u013c\u0101s t\u0113jas ekstrakts &#8211; tam piem\u012bt pretiekaisuma un antioksidanta \u012bpa\u0161\u012bbas,<\/li>\n<li>vakara pr\u012bmulas ziedu ekstrakts &#8211; mitrina, nomierina kairin\u0101jumu un mazina iekaisumu,<\/li>\n<li>alanto\u012bns &#8211; veicina br\u016b\u010du dz\u012b\u0161anu.<\/li>\n<\/ul>\n<p><strong>Lieto\u0161ana:<\/strong> Uzkl\u0101jiet kr\u0113mu uz \u0101das atbilsto\u0161\u0101 daudzum\u0101. Lietojiet k\u0101 p\u0113d\u0113jo \u0101das kop\u0161anas posmu vai t\u016bl\u012bt p\u0113c seruma.<\/p>\n<p><strong>S\u0101stavs:<\/strong> Aqua, Panthenol, Butylene Glycol, Propanediol, Cetyl Ethylhexanoate, Octyldodecanol, Niacinamide, Isohexadecane, Isododecane, Glyceryl Stearate, Polyglyceryl-3 Distearate, 1,2-Hexanediol, Hydrogenated Poly(C6-14 Olefin), Dimethicone, Cyclopentasiloxane, Cetearyl Olivate, Sorbitan Olivate, Stearyl Alcohol, Dimethyl Sulfone, Cetyl Alcohol, Polyacrylate-13, Sodium Polyacryloyldimethyl Taurate, Sodium Stearoyl Glutamate, Hydrogenated Polyisobutene, Glyceryl Stearate Citrate, Salicylic Acid, Ethylhexylglycerin, Allantoin, Polyglyceryl-10 Laurate, Ethylhexyl Palmitate, Adenosine, Dextrin, Sorbitan Isostearate, Tromethamine, Beta-Glucan, Sodium Hyaluronate, Glycerin, Sodium Citrate, Gardenia Florida Fruit Extract, Myristyl Alcohol, Trisodium Phosphate, Hyaluronic Acid, Pullulan, Lauryl Alcohol, Vitis Vinifera (Grape) Fruit Extract, Ulmus Davidiana Root Extract, Pueraria Lobata Root Extract, Pinus Palustris Leaf Extract, Oenothera Biennis (Evening Primrose) Flower Extract, Diospyros Kaki Fruit Extract, Castanea Crenata (Chestnut) Shell Extract, Camellia Sinensis Leaf Extract, Sodium Hyaluronate Crosspolymer, Hydrolysed Sodium Hyaluronate, Hydrolysed Hyaluronic Acid, Palmitoyl Tripeptide-5, Sodium Acetylated Hyaluronate, Hydroxypropyltrimonium Hyaluronate, Hydroxycinnamic Acid, Rutin, Parfum<\/p>\n","protected":false},"excerpt":{"rendered":"<p>Medicube Zero Pore One-day Cream ir viegls, nemazg\u0101jams kr\u0113ms ar salicilsk\u0101bi, kas izl\u012bdzina \u0101du, att\u012bra poras un samazina melnos plankumus. Sast\u0101v\u0101 eso\u0161ais niac\u012bnam\u012bds veicina mat\u0113jo\u0161\u0101s \u012bpa\u0161\u012bbas un vecuma plankumu samazin\u0101\u0161anos. Sast\u0101vs ir bag\u0101tin\u0101ts ar vakara pr\u012bmulas ziedu ekstraktu un za\u013c\u0101s t\u0113jas ekstraktu ar pretiekaisuma, nomierino\u0161\u0101m un antioksid\u0113jo\u0161\u0101m \u012bpa\u0161\u012bb\u0101m.<\/p>\n","protected":false},"featured_media":22539,"comment_status":"open","ping_status":"closed","template":"","meta":{"site-sidebar-layout":"default","site-content-layout":"","ast-site-content-layout":"default","site-content-style":"default","site-sidebar-style":"default","ast-global-header-display":"","ast-banner-title-visibility":"","ast-main-header-display":"","ast-hfb-above-header-display":"","ast-hfb-below-header-display":"","ast-hfb-mobile-header-display":"","site-post-title":"","ast-breadcrumbs-content":"","ast-featured-img":"","footer-sml-layout":"","theme-transparent-header-meta":"default","adv-header-id-meta":"","stick-header-meta":"","header-above-stick-meta":"","header-main-stick-meta":"","header-below-stick-meta":"","astra-migrate-meta-layouts":"set","ast-page-background-enabled":"default","ast-page-background-meta":{"desktop":{"background-color":"var(--ast-global-color-4)","background-image":"","background-repeat":"repeat","background-position":"center center","background-size":"auto","background-attachment":"scroll","background-type":"","background-media":"","overlay-type":"","overlay-color":"","overlay-opacity":"","overlay-gradient":""},"tablet":{"background-color":"","background-image":"","background-repeat":"repeat","background-position":"center center","background-size":"auto","background-attachment":"scroll","background-type":"","background-media":"","overlay-type":"","overlay-color":"","overlay-opacity":"","overlay-gradient":""},"mobile":{"background-color":"","background-image":"","background-repeat":"repeat","background-position":"center center","background-size":"auto","background-attachment":"scroll","background-type":"","background-media":"","overlay-type":"","overlay-color":"","overlay-opacity":"","overlay-gradient":""}},"ast-content-background-meta":{"desktop":{"background-color":"var(--ast-global-color-5)","background-image":"","background-repeat":"repeat","background-position":"center center","background-size":"auto","background-attachment":"scroll","background-type":"","background-media":"","overlay-type":"","overlay-color":"","overlay-opacity":"","overlay-gradient":""},"tablet":{"background-color":"var(--ast-global-color-5)","background-image":"","background-repeat":"repeat","background-position":"center center","background-size":"auto","background-attachment":"scroll","background-type":"","background-media":"","overlay-type":"","overlay-color":"","overlay-opacity":"","overlay-gradient":""},"mobile":{"background-color":"var(--ast-global-color-5)","background-image":"","background-repeat":"repeat","background-position":"center center","background-size":"auto","background-attachment":"scroll","background-type":"","background-media":"","overlay-type":"","overlay-color":"","overlay-opacity":"","overlay-gradient":""}}},"product_brand":[],"product_cat":[369,307,362],"product_tag":[],"berocket_brand":[579],"class_list":{"0":"post-22538","1":"product","2":"type-product","3":"status-publish","4":"has-post-thumbnail","6":"product_cat-problematiskai-adai-sejas-krems","7":"product_cat-sejai","8":"product_cat-sejas-krems","9":"berocket_brand-medicube","10":"desktop-align-left","11":"tablet-align-left","12":"mobile-align-left","14":"first","15":"outofstock","16":"taxable","17":"shipping-taxable","18":"purchasable","19":"product-type-simple","20":"add-to-wishlist-before_image"},"yoast_head":"<!-- This site is optimized with the Yoast SEO plugin v27.4 - https:\/\/yoast.com\/product\/yoast-seo-wordpress\/ -->\n<title>Medicube Zero Pore One-day Cream 50ml - FACECORNER<\/title>\n<meta name=\"description\" content=\"Medicube Zero Pore One-day Cream ir viegls, nemazg\u0101jams kr\u0113ms ar salicilsk\u0101bi, kas izl\u012bdzina \u0101du, att\u012bra poras un samazina melnos plankumus.\" \/>\n<meta name=\"robots\" content=\"index, follow, max-snippet:-1, max-image-preview:large, max-video-preview:-1\" \/>\n<link rel=\"canonical\" href=\"https:\/\/www.facecorner.lv\/lv\/shop\/medicube-zero-pore-one-day-cream-50ml\/\" \/>\n<meta property=\"og:locale\" content=\"lv_LV\" \/>\n<meta property=\"og:type\" content=\"article\" \/>\n<meta property=\"og:title\" content=\"Medicube Zero Pore One-day Cream 50ml - FACECORNER\" \/>\n<meta property=\"og:description\" content=\"Medicube Zero Pore One-day Cream ir viegls, nemazg\u0101jams kr\u0113ms ar salicilsk\u0101bi, kas izl\u012bdzina \u0101du, att\u012bra poras un samazina melnos plankumus.\" \/>\n<meta property=\"og:url\" content=\"https:\/\/www.facecorner.lv\/lv\/shop\/medicube-zero-pore-one-day-cream-50ml\/\" \/>\n<meta property=\"og:site_name\" content=\"FACECORNER\" \/>\n<meta property=\"article:publisher\" content=\"https:\/\/www.facebook.com\/profile.php?id=100063824551839\" \/>\n<meta property=\"article:modified_time\" content=\"2026-01-25T10:24:17+00:00\" \/>\n<meta property=\"og:image\" content=\"https:\/\/www.facecorner.lv\/wp-content\/uploads\/2024\/12\/71OWsqENlnL.jpg\" \/>\n\t<meta property=\"og:image:width\" content=\"2000\" \/>\n\t<meta property=\"og:image:height\" content=\"2000\" \/>\n\t<meta property=\"og:image:type\" content=\"image\/jpeg\" \/>\n<meta name=\"twitter:card\" content=\"summary_large_image\" \/>\n<meta name=\"twitter:label1\" content=\"Price\" \/>\n\t<meta name=\"twitter:data1\" content=\"&euro;22.95\" \/>\n\t<meta name=\"twitter:label2\" content=\"Availability\" \/>\n\t<meta name=\"twitter:data2\" content=\"Out of stock\" \/>\n<script type=\"application\/ld+json\" class=\"yoast-schema-graph\">{\"@context\":\"https:\\\/\\\/schema.org\",\"@graph\":[{\"@type\":\"WebPage\",\"@id\":\"https:\\\/\\\/www.facecorner.lv\\\/shop\\\/medicube-zero-pore-one-day-cream-50ml\\\/\",\"url\":\"https:\\\/\\\/www.facecorner.lv\\\/shop\\\/medicube-zero-pore-one-day-cream-50ml\\\/\",\"name\":\"Medicube Zero Pore One-day Cream 50ml - FACECORNER\",\"isPartOf\":{\"@id\":\"https:\\\/\\\/www.facecorner.lv\\\/#website\"},\"primaryImageOfPage\":{\"@id\":\"https:\\\/\\\/www.facecorner.lv\\\/shop\\\/medicube-zero-pore-one-day-cream-50ml\\\/#primaryimage\"},\"image\":{\"@id\":\"https:\\\/\\\/www.facecorner.lv\\\/shop\\\/medicube-zero-pore-one-day-cream-50ml\\\/#primaryimage\"},\"thumbnailUrl\":\"https:\\\/\\\/www.facecorner.lv\\\/wp-content\\\/uploads\\\/2024\\\/12\\\/71OWsqENlnL.jpg\",\"datePublished\":\"2024-12-05T20:19:56+00:00\",\"dateModified\":\"2026-01-25T10:24:17+00:00\",\"description\":\"Medicube Zero Pore One-day Cream ir viegls, nemazg\u0101jams kr\u0113ms ar salicilsk\u0101bi, kas izl\u012bdzina \u0101du, att\u012bra poras un samazina melnos plankumus.\",\"breadcrumb\":{\"@id\":\"https:\\\/\\\/www.facecorner.lv\\\/shop\\\/medicube-zero-pore-one-day-cream-50ml\\\/#breadcrumb\"},\"inLanguage\":\"lv-LV\",\"potentialAction\":[{\"@type\":\"ReadAction\",\"target\":[\"https:\\\/\\\/www.facecorner.lv\\\/shop\\\/medicube-zero-pore-one-day-cream-50ml\\\/\"]}]},{\"@type\":\"ImageObject\",\"inLanguage\":\"lv-LV\",\"@id\":\"https:\\\/\\\/www.facecorner.lv\\\/shop\\\/medicube-zero-pore-one-day-cream-50ml\\\/#primaryimage\",\"url\":\"https:\\\/\\\/www.facecorner.lv\\\/wp-content\\\/uploads\\\/2024\\\/12\\\/71OWsqENlnL.jpg\",\"contentUrl\":\"https:\\\/\\\/www.facecorner.lv\\\/wp-content\\\/uploads\\\/2024\\\/12\\\/71OWsqENlnL.jpg\",\"width\":2000,\"height\":2000,\"caption\":\"Version 1.0.0\"},{\"@type\":\"BreadcrumbList\",\"@id\":\"https:\\\/\\\/www.facecorner.lv\\\/shop\\\/medicube-zero-pore-one-day-cream-50ml\\\/#breadcrumb\",\"itemListElement\":[{\"@type\":\"ListItem\",\"position\":1,\"name\":\"Home\",\"item\":\"https:\\\/\\\/www.facecorner.lv\\\/\"},{\"@type\":\"ListItem\",\"position\":2,\"name\":\"Veikals\",\"item\":\"https:\\\/\\\/www.facecorner.lv\\\/shop\\\/\"},{\"@type\":\"ListItem\",\"position\":3,\"name\":\"Medicube Zero Pore One-day Cream 50ml\"}]},{\"@type\":\"WebSite\",\"@id\":\"https:\\\/\\\/www.facecorner.lv\\\/#website\",\"url\":\"https:\\\/\\\/www.facecorner.lv\\\/\",\"name\":\"Facecorner\",\"description\":\"\",\"publisher\":{\"@id\":\"https:\\\/\\\/www.facecorner.lv\\\/#organization\"},\"potentialAction\":[{\"@type\":\"SearchAction\",\"target\":{\"@type\":\"EntryPoint\",\"urlTemplate\":\"https:\\\/\\\/www.facecorner.lv\\\/?s={search_term_string}\"},\"query-input\":{\"@type\":\"PropertyValueSpecification\",\"valueRequired\":true,\"valueName\":\"search_term_string\"}}],\"inLanguage\":\"lv-LV\"},{\"@type\":\"Organization\",\"@id\":\"https:\\\/\\\/www.facecorner.lv\\\/#organization\",\"name\":\"Facecorner\",\"url\":\"https:\\\/\\\/www.facecorner.lv\\\/\",\"logo\":{\"@type\":\"ImageObject\",\"inLanguage\":\"lv-LV\",\"@id\":\"https:\\\/\\\/www.facecorner.lv\\\/#\\\/schema\\\/logo\\\/image\\\/\",\"url\":\"https:\\\/\\\/www.facecorner.lv\\\/wp-content\\\/uploads\\\/2024\\\/04\\\/fc-logo.jpg\",\"contentUrl\":\"https:\\\/\\\/www.facecorner.lv\\\/wp-content\\\/uploads\\\/2024\\\/04\\\/fc-logo.jpg\",\"width\":174,\"height\":28,\"caption\":\"Facecorner\"},\"image\":{\"@id\":\"https:\\\/\\\/www.facecorner.lv\\\/#\\\/schema\\\/logo\\\/image\\\/\"},\"sameAs\":[\"https:\\\/\\\/www.facebook.com\\\/profile.php?id=100063824551839\",\"https:\\\/\\\/www.instagram.com\\\/facecorner_shop\\\/\"]}]}<\/script>\n<meta property=\"product:price:amount\" content=\"22.95\" \/>\n<meta property=\"product:price:currency\" content=\"EUR\" \/>\n<meta property=\"og:availability\" content=\"out of stock\" \/>\n<meta property=\"product:availability\" content=\"out of stock\" \/>\n<meta property=\"product:condition\" content=\"new\" \/>\n<!-- \/ Yoast SEO plugin. -->","yoast_head_json":{"title":"Medicube Zero Pore One-day Cream 50ml - FACECORNER","description":"Medicube Zero Pore One-day Cream ir viegls, nemazg\u0101jams kr\u0113ms ar salicilsk\u0101bi, kas izl\u012bdzina \u0101du, att\u012bra poras un samazina melnos plankumus.","robots":{"index":"index","follow":"follow","max-snippet":"max-snippet:-1","max-image-preview":"max-image-preview:large","max-video-preview":"max-video-preview:-1"},"canonical":"https:\/\/www.facecorner.lv\/lv\/shop\/medicube-zero-pore-one-day-cream-50ml\/","og_locale":"lv_LV","og_type":"article","og_title":"Medicube Zero Pore One-day Cream 50ml - FACECORNER","og_description":"Medicube Zero Pore One-day Cream ir viegls, nemazg\u0101jams kr\u0113ms ar salicilsk\u0101bi, kas izl\u012bdzina \u0101du, att\u012bra poras un samazina melnos plankumus.","og_url":"https:\/\/www.facecorner.lv\/lv\/shop\/medicube-zero-pore-one-day-cream-50ml\/","og_site_name":"FACECORNER","article_publisher":"https:\/\/www.facebook.com\/profile.php?id=100063824551839","article_modified_time":"2026-01-25T10:24:17+00:00","og_image":[{"width":2000,"height":2000,"url":"https:\/\/www.facecorner.lv\/wp-content\/uploads\/2024\/12\/71OWsqENlnL.jpg","type":"image\/jpeg"}],"twitter_card":"summary_large_image","twitter_misc":{"Price":"&euro;22.95","Availability":"Out of stock"},"schema":{"@context":"https:\/\/schema.org","@graph":[{"@type":"WebPage","@id":"https:\/\/www.facecorner.lv\/shop\/medicube-zero-pore-one-day-cream-50ml\/","url":"https:\/\/www.facecorner.lv\/shop\/medicube-zero-pore-one-day-cream-50ml\/","name":"Medicube Zero Pore One-day Cream 50ml - FACECORNER","isPartOf":{"@id":"https:\/\/www.facecorner.lv\/#website"},"primaryImageOfPage":{"@id":"https:\/\/www.facecorner.lv\/shop\/medicube-zero-pore-one-day-cream-50ml\/#primaryimage"},"image":{"@id":"https:\/\/www.facecorner.lv\/shop\/medicube-zero-pore-one-day-cream-50ml\/#primaryimage"},"thumbnailUrl":"https:\/\/www.facecorner.lv\/wp-content\/uploads\/2024\/12\/71OWsqENlnL.jpg","datePublished":"2024-12-05T20:19:56+00:00","dateModified":"2026-01-25T10:24:17+00:00","description":"Medicube Zero Pore One-day Cream ir viegls, nemazg\u0101jams kr\u0113ms ar salicilsk\u0101bi, kas izl\u012bdzina \u0101du, att\u012bra poras un samazina melnos plankumus.","breadcrumb":{"@id":"https:\/\/www.facecorner.lv\/shop\/medicube-zero-pore-one-day-cream-50ml\/#breadcrumb"},"inLanguage":"lv-LV","potentialAction":[{"@type":"ReadAction","target":["https:\/\/www.facecorner.lv\/shop\/medicube-zero-pore-one-day-cream-50ml\/"]}]},{"@type":"ImageObject","inLanguage":"lv-LV","@id":"https:\/\/www.facecorner.lv\/shop\/medicube-zero-pore-one-day-cream-50ml\/#primaryimage","url":"https:\/\/www.facecorner.lv\/wp-content\/uploads\/2024\/12\/71OWsqENlnL.jpg","contentUrl":"https:\/\/www.facecorner.lv\/wp-content\/uploads\/2024\/12\/71OWsqENlnL.jpg","width":2000,"height":2000,"caption":"Version 1.0.0"},{"@type":"BreadcrumbList","@id":"https:\/\/www.facecorner.lv\/shop\/medicube-zero-pore-one-day-cream-50ml\/#breadcrumb","itemListElement":[{"@type":"ListItem","position":1,"name":"Home","item":"https:\/\/www.facecorner.lv\/"},{"@type":"ListItem","position":2,"name":"Veikals","item":"https:\/\/www.facecorner.lv\/shop\/"},{"@type":"ListItem","position":3,"name":"Medicube Zero Pore One-day Cream 50ml"}]},{"@type":"WebSite","@id":"https:\/\/www.facecorner.lv\/#website","url":"https:\/\/www.facecorner.lv\/","name":"Facecorner","description":"","publisher":{"@id":"https:\/\/www.facecorner.lv\/#organization"},"potentialAction":[{"@type":"SearchAction","target":{"@type":"EntryPoint","urlTemplate":"https:\/\/www.facecorner.lv\/?s={search_term_string}"},"query-input":{"@type":"PropertyValueSpecification","valueRequired":true,"valueName":"search_term_string"}}],"inLanguage":"lv-LV"},{"@type":"Organization","@id":"https:\/\/www.facecorner.lv\/#organization","name":"Facecorner","url":"https:\/\/www.facecorner.lv\/","logo":{"@type":"ImageObject","inLanguage":"lv-LV","@id":"https:\/\/www.facecorner.lv\/#\/schema\/logo\/image\/","url":"https:\/\/www.facecorner.lv\/wp-content\/uploads\/2024\/04\/fc-logo.jpg","contentUrl":"https:\/\/www.facecorner.lv\/wp-content\/uploads\/2024\/04\/fc-logo.jpg","width":174,"height":28,"caption":"Facecorner"},"image":{"@id":"https:\/\/www.facecorner.lv\/#\/schema\/logo\/image\/"},"sameAs":["https:\/\/www.facebook.com\/profile.php?id=100063824551839","https:\/\/www.instagram.com\/facecorner_shop\/"]}]},"product_price_amount":"22.95","product_price_currency":"EUR","og_availability":"out of stock","product_availability":"out of stock","product_condition":"new"},"_links":{"self":[{"href":"https:\/\/www.facecorner.lv\/lv\/wp-json\/wp\/v2\/product\/22538","targetHints":{"allow":["GET"]}}],"collection":[{"href":"https:\/\/www.facecorner.lv\/lv\/wp-json\/wp\/v2\/product"}],"about":[{"href":"https:\/\/www.facecorner.lv\/lv\/wp-json\/wp\/v2\/types\/product"}],"replies":[{"embeddable":true,"href":"https:\/\/www.facecorner.lv\/lv\/wp-json\/wp\/v2\/comments?post=22538"}],"wp:featuredmedia":[{"embeddable":true,"href":"https:\/\/www.facecorner.lv\/lv\/wp-json\/wp\/v2\/media\/22539"}],"wp:attachment":[{"href":"https:\/\/www.facecorner.lv\/lv\/wp-json\/wp\/v2\/media?parent=22538"}],"wp:term":[{"taxonomy":"product_brand","embeddable":true,"href":"https:\/\/www.facecorner.lv\/lv\/wp-json\/wp\/v2\/product_brand?post=22538"},{"taxonomy":"product_cat","embeddable":true,"href":"https:\/\/www.facecorner.lv\/lv\/wp-json\/wp\/v2\/product_cat?post=22538"},{"taxonomy":"product_tag","embeddable":true,"href":"https:\/\/www.facecorner.lv\/lv\/wp-json\/wp\/v2\/product_tag?post=22538"},{"taxonomy":"berocket_brand","embeddable":true,"href":"https:\/\/www.facecorner.lv\/lv\/wp-json\/wp\/v2\/berocket_brand?post=22538"}],"curies":[{"name":"wp","href":"https:\/\/api.w.org\/{rel}","templated":true}]}}