{"id":22533,"date":"2024-12-05T22:58:17","date_gmt":"2024-12-05T19:58:17","guid":{"rendered":"https:\/\/www.facecorner.lv\/?post_type=product&#038;p=22533"},"modified":"2025-02-11T17:50:57","modified_gmt":"2025-02-11T14:50:57","slug":"medicube-deep-peptide-mask","status":"publish","type":"product","link":"https:\/\/www.facecorner.lv\/lv\/shop\/medicube-deep-peptide-mask\/","title":{"rendered":"Medicube Deep Peptide Mask"},"content":{"rendered":"<p>Medicube Deep Peptide Mask- izgaismojo\u0161a lok\u0161\u0146u maska, kas papildin\u0101ta ar kr\u0113mveida esenci. T\u0101 r\u016bp\u0113jas par \u0101das mitrin\u0101\u0161anu, pie\u0161\u0137ir tai vesel\u012bgu mirdzumu un, pateicoties izmantotajiem pept\u012bdiem, padara \u0101du tvirt\u0101ku un iedarbojas pret grumb\u0101m.\u00a0Niacinam\u012bda\u00a0piedeva padara \u0101du gai\u0161\u0101ku, un\u00a0Centella Asiatica ekstraktam\u00a0ir nomierino\u0161a iedarb\u012bba.\u00a0Pantenols\u00a0un\u00a0keram\u012bdi\u00a0nodro\u0161ina pareizu \u0101das mitrin\u0101\u0161anu un atjauno\u0161anu. Produkts ir paredz\u0113ts bl\u0101vai, sausai, nov\u0101jin\u0101tai \u0101dai.<\/p>\n<p><strong>Produkts satur:<\/strong><\/p>\n<ul>\n<li>pept\u012bdi\u00a0&#8211;\u00a0pretnoveco\u0161an\u0101s, pretgrumbu, nostiprino\u0161a iedarb\u012bba,<\/li>\n<li>niac\u012bnam\u012bds\u00a0&#8211;\u00a0stiprina \u0101das aizsargbarjeru, iedarbojas antioksidanti un balino\u0161i, samazina tauku dziedzeru izdal\u012b\u0161anos,<\/li>\n<li>centella Asiatica ekstrakts\u00a0&#8211; nomierina kairin\u0101jumu un aps\u0101rtumu, re\u0123ener\u0113,<\/li>\n<li>pantenols\u00a0&#8211; mitrina, nomierina kairin\u0101jumus, re\u0123ener\u0113,<\/li>\n<li>keram\u012bdi\u00a0&#8211; re\u0123ener\u0113, stiprina hidrolip\u012bdu barjeru.<\/li>\n<\/ul>\n<p><strong>Lieto\u0161anas veids:<\/strong>\u00a0Iz\u0146emiet masku no iepakojuma un uzman\u012bgi izv\u0113rsiet. uz att\u012br\u012btas sejas \u0101das Uzkl\u0101jiet . P\u0113c 15-20 min\u016bt\u0113m no\u0146emiet masku un ar pirkstu galiem uzslaukiet atliku\u0161o esenci.<\/p>\n<p><strong>S\u0101stavs:<\/strong> Aqua, Dipropylene Glycol, Glycerin, Butylene Glycol, Niacinamide, 1,2-Hexanediol, Cetyl Ethylhexanoate, Panthenol, Allantoin, Xylitol, Centella Asiatica Leaf Extract, Lactobacillus Ferment Lysate, Lactococcus Ferment Lysate, Bifida Ferment Lysate, Caprylyl Glycol, Sorbitan Laurate, Hydrogenated Lecithin, Hydrolyzed Hyaluronic Acid, Tocopherol, Asiaticoside, Madecassic Acid, Asiatic Acid, Acetyl Dipeptide-1, Cetyl Ester, Acetyl Hexapeptide-1, Palmitoyl Tripeptide-5, Beta-Glucan, Ceramide NP, Acetyl Octapeptide-3, Hydrogenated Vegetable Oil, Behenyl Alcohol, Polyglyceryl-3, Methylglucose Distearate, Arginine, Carbomer, Adenosine, Hydroxyethylcellulose, Ethylhexylglycerin, Disodium EDTA<\/p>\n","protected":false},"excerpt":{"rendered":"<p>Medicube Deep Peptide Mask- izgaismojo\u0161a lok\u0161\u0146u maska, kas papildin\u0101ta ar kr\u0113mveida esenci. T\u0101 r\u016bp\u0113jas par \u0101das mitrin\u0101\u0161anu, pie\u0161\u0137ir tai vesel\u012bgu mirdzumu un, pateicoties izmantotajiem pept\u012bdiem,<\/p>\n","protected":false},"featured_media":22534,"comment_status":"open","ping_status":"closed","template":"","meta":{"site-sidebar-layout":"default","site-content-layout":"","ast-site-content-layout":"default","site-content-style":"default","site-sidebar-style":"default","ast-global-header-display":"","ast-banner-title-visibility":"","ast-main-header-display":"","ast-hfb-above-header-display":"","ast-hfb-below-header-display":"","ast-hfb-mobile-header-display":"","site-post-title":"","ast-breadcrumbs-content":"","ast-featured-img":"","footer-sml-layout":"","theme-transparent-header-meta":"default","adv-header-id-meta":"","stick-header-meta":"","header-above-stick-meta":"","header-main-stick-meta":"","header-below-stick-meta":"","astra-migrate-meta-layouts":"set","ast-page-background-enabled":"default","ast-page-background-meta":{"desktop":{"background-color":"var(--ast-global-color-4)","background-image":"","background-repeat":"repeat","background-position":"center center","background-size":"auto","background-attachment":"scroll","background-type":"","background-media":"","overlay-type":"","overlay-color":"","overlay-opacity":"","overlay-gradient":""},"tablet":{"background-color":"","background-image":"","background-repeat":"repeat","background-position":"center center","background-size":"auto","background-attachment":"scroll","background-type":"","background-media":"","overlay-type":"","overlay-color":"","overlay-opacity":"","overlay-gradient":""},"mobile":{"background-color":"","background-image":"","background-repeat":"repeat","background-position":"center center","background-size":"auto","background-attachment":"scroll","background-type":"","background-media":"","overlay-type":"","overlay-color":"","overlay-opacity":"","overlay-gradient":""}},"ast-content-background-meta":{"desktop":{"background-color":"var(--ast-global-color-5)","background-image":"","background-repeat":"repeat","background-position":"center center","background-size":"auto","background-attachment":"scroll","background-type":"","background-media":"","overlay-type":"","overlay-color":"","overlay-opacity":"","overlay-gradient":""},"tablet":{"background-color":"var(--ast-global-color-5)","background-image":"","background-repeat":"repeat","background-position":"center center","background-size":"auto","background-attachment":"scroll","background-type":"","background-media":"","overlay-type":"","overlay-color":"","overlay-opacity":"","overlay-gradient":""},"mobile":{"background-color":"var(--ast-global-color-5)","background-image":"","background-repeat":"repeat","background-position":"center center","background-size":"auto","background-attachment":"scroll","background-type":"","background-media":"","overlay-type":"","overlay-color":"","overlay-opacity":"","overlay-gradient":""}}},"product_brand":[],"product_cat":[324,315],"product_tag":[],"berocket_brand":[579],"class_list":{"0":"post-22533","1":"product","2":"type-product","3":"status-publish","4":"has-post-thumbnail","6":"product_cat-auduma","7":"product_cat-maskas","8":"berocket_brand-medicube","9":"desktop-align-left","10":"tablet-align-left","11":"mobile-align-left","13":"first","14":"outofstock","15":"taxable","16":"shipping-taxable","17":"purchasable","18":"product-type-simple","19":"add-to-wishlist-before_image"},"yoast_head":"<!-- This site is optimized with the Yoast SEO plugin v27.3 - https:\/\/yoast.com\/product\/yoast-seo-wordpress\/ -->\n<title>Medicube Deep Peptide Mask - FACECORNER<\/title>\n<meta name=\"description\" content=\"Medicube Deep Peptide Mask- izgaismojo\u0161a lok\u0161\u0146u maska, kas papildin\u0101ta ar kr\u0113mveida esenci. T\u0101 r\u016bp\u0113jas par \u0101das mitrin\u0101\u0161anu\" \/>\n<meta name=\"robots\" content=\"index, follow, max-snippet:-1, max-image-preview:large, max-video-preview:-1\" \/>\n<link rel=\"canonical\" href=\"https:\/\/www.facecorner.lv\/lv\/shop\/medicube-deep-peptide-mask\/\" \/>\n<meta property=\"og:locale\" content=\"lv_LV\" \/>\n<meta property=\"og:type\" content=\"article\" \/>\n<meta property=\"og:title\" content=\"Medicube Deep Peptide Mask - FACECORNER\" \/>\n<meta property=\"og:description\" content=\"Medicube Deep Peptide Mask- izgaismojo\u0161a lok\u0161\u0146u maska, kas papildin\u0101ta ar kr\u0113mveida esenci. T\u0101 r\u016bp\u0113jas par \u0101das mitrin\u0101\u0161anu\" \/>\n<meta property=\"og:url\" content=\"https:\/\/www.facecorner.lv\/lv\/shop\/medicube-deep-peptide-mask\/\" \/>\n<meta property=\"og:site_name\" content=\"FACECORNER\" \/>\n<meta property=\"article:publisher\" content=\"https:\/\/www.facebook.com\/profile.php?id=100063824551839\" \/>\n<meta property=\"article:modified_time\" content=\"2025-02-11T14:50:57+00:00\" \/>\n<meta property=\"og:image\" content=\"https:\/\/www.facecorner.lv\/wp-content\/uploads\/2024\/12\/lav_pl_Medicube-Deep-Peptide-Mask-Izgaismojosa-Sejas-Auduma-Maska-ar-Peptidiem-1gab-27ml-21848_1.webp\" \/>\n\t<meta property=\"og:image:width\" content=\"1500\" \/>\n\t<meta property=\"og:image:height\" content=\"1500\" \/>\n\t<meta property=\"og:image:type\" content=\"image\/webp\" \/>\n<meta name=\"twitter:card\" content=\"summary_large_image\" \/>\n<meta name=\"twitter:label1\" content=\"Price\" \/>\n\t<meta name=\"twitter:data1\" content=\"&euro;3.50\" \/>\n\t<meta name=\"twitter:label2\" content=\"Availability\" \/>\n\t<meta name=\"twitter:data2\" content=\"Out of stock\" \/>\n<script type=\"application\/ld+json\" class=\"yoast-schema-graph\">{\"@context\":\"https:\\\/\\\/schema.org\",\"@graph\":[{\"@type\":\"WebPage\",\"@id\":\"https:\\\/\\\/www.facecorner.lv\\\/shop\\\/medicube-deep-peptide-mask\\\/\",\"url\":\"https:\\\/\\\/www.facecorner.lv\\\/shop\\\/medicube-deep-peptide-mask\\\/\",\"name\":\"Medicube Deep Peptide Mask - FACECORNER\",\"isPartOf\":{\"@id\":\"https:\\\/\\\/www.facecorner.lv\\\/#website\"},\"primaryImageOfPage\":{\"@id\":\"https:\\\/\\\/www.facecorner.lv\\\/shop\\\/medicube-deep-peptide-mask\\\/#primaryimage\"},\"image\":{\"@id\":\"https:\\\/\\\/www.facecorner.lv\\\/shop\\\/medicube-deep-peptide-mask\\\/#primaryimage\"},\"thumbnailUrl\":\"https:\\\/\\\/www.facecorner.lv\\\/wp-content\\\/uploads\\\/2024\\\/12\\\/lav_pl_Medicube-Deep-Peptide-Mask-Izgaismojosa-Sejas-Auduma-Maska-ar-Peptidiem-1gab-27ml-21848_1.webp\",\"datePublished\":\"2024-12-05T19:58:17+00:00\",\"dateModified\":\"2025-02-11T14:50:57+00:00\",\"description\":\"Medicube Deep Peptide Mask- izgaismojo\u0161a lok\u0161\u0146u maska, kas papildin\u0101ta ar kr\u0113mveida esenci. T\u0101 r\u016bp\u0113jas par \u0101das mitrin\u0101\u0161anu\",\"breadcrumb\":{\"@id\":\"https:\\\/\\\/www.facecorner.lv\\\/shop\\\/medicube-deep-peptide-mask\\\/#breadcrumb\"},\"inLanguage\":\"lv-LV\",\"potentialAction\":[{\"@type\":\"ReadAction\",\"target\":[\"https:\\\/\\\/www.facecorner.lv\\\/shop\\\/medicube-deep-peptide-mask\\\/\"]}]},{\"@type\":\"ImageObject\",\"inLanguage\":\"lv-LV\",\"@id\":\"https:\\\/\\\/www.facecorner.lv\\\/shop\\\/medicube-deep-peptide-mask\\\/#primaryimage\",\"url\":\"https:\\\/\\\/www.facecorner.lv\\\/wp-content\\\/uploads\\\/2024\\\/12\\\/lav_pl_Medicube-Deep-Peptide-Mask-Izgaismojosa-Sejas-Auduma-Maska-ar-Peptidiem-1gab-27ml-21848_1.webp\",\"contentUrl\":\"https:\\\/\\\/www.facecorner.lv\\\/wp-content\\\/uploads\\\/2024\\\/12\\\/lav_pl_Medicube-Deep-Peptide-Mask-Izgaismojosa-Sejas-Auduma-Maska-ar-Peptidiem-1gab-27ml-21848_1.webp\",\"width\":1500,\"height\":1500,\"caption\":\"Medicube Deep Peptide Mask\"},{\"@type\":\"BreadcrumbList\",\"@id\":\"https:\\\/\\\/www.facecorner.lv\\\/shop\\\/medicube-deep-peptide-mask\\\/#breadcrumb\",\"itemListElement\":[{\"@type\":\"ListItem\",\"position\":1,\"name\":\"Home\",\"item\":\"https:\\\/\\\/www.facecorner.lv\\\/\"},{\"@type\":\"ListItem\",\"position\":2,\"name\":\"Veikals\",\"item\":\"https:\\\/\\\/www.facecorner.lv\\\/shop\\\/\"},{\"@type\":\"ListItem\",\"position\":3,\"name\":\"Medicube Deep Peptide Mask\"}]},{\"@type\":\"WebSite\",\"@id\":\"https:\\\/\\\/www.facecorner.lv\\\/#website\",\"url\":\"https:\\\/\\\/www.facecorner.lv\\\/\",\"name\":\"Facecorner\",\"description\":\"\",\"publisher\":{\"@id\":\"https:\\\/\\\/www.facecorner.lv\\\/#organization\"},\"potentialAction\":[{\"@type\":\"SearchAction\",\"target\":{\"@type\":\"EntryPoint\",\"urlTemplate\":\"https:\\\/\\\/www.facecorner.lv\\\/?s={search_term_string}\"},\"query-input\":{\"@type\":\"PropertyValueSpecification\",\"valueRequired\":true,\"valueName\":\"search_term_string\"}}],\"inLanguage\":\"lv-LV\"},{\"@type\":\"Organization\",\"@id\":\"https:\\\/\\\/www.facecorner.lv\\\/#organization\",\"name\":\"Facecorner\",\"url\":\"https:\\\/\\\/www.facecorner.lv\\\/\",\"logo\":{\"@type\":\"ImageObject\",\"inLanguage\":\"lv-LV\",\"@id\":\"https:\\\/\\\/www.facecorner.lv\\\/#\\\/schema\\\/logo\\\/image\\\/\",\"url\":\"https:\\\/\\\/www.facecorner.lv\\\/wp-content\\\/uploads\\\/2024\\\/04\\\/fc-logo.jpg\",\"contentUrl\":\"https:\\\/\\\/www.facecorner.lv\\\/wp-content\\\/uploads\\\/2024\\\/04\\\/fc-logo.jpg\",\"width\":174,\"height\":28,\"caption\":\"Facecorner\"},\"image\":{\"@id\":\"https:\\\/\\\/www.facecorner.lv\\\/#\\\/schema\\\/logo\\\/image\\\/\"},\"sameAs\":[\"https:\\\/\\\/www.facebook.com\\\/profile.php?id=100063824551839\",\"https:\\\/\\\/www.instagram.com\\\/facecorner_shop\\\/\"]}]}<\/script>\n<meta property=\"product:price:amount\" content=\"3.50\" \/>\n<meta property=\"product:price:currency\" content=\"EUR\" \/>\n<meta property=\"og:availability\" content=\"out of stock\" \/>\n<meta property=\"product:availability\" content=\"out of stock\" \/>\n<meta property=\"product:condition\" content=\"new\" \/>\n<!-- \/ Yoast SEO plugin. -->","yoast_head_json":{"title":"Medicube Deep Peptide Mask - FACECORNER","description":"Medicube Deep Peptide Mask- izgaismojo\u0161a lok\u0161\u0146u maska, kas papildin\u0101ta ar kr\u0113mveida esenci. T\u0101 r\u016bp\u0113jas par \u0101das mitrin\u0101\u0161anu","robots":{"index":"index","follow":"follow","max-snippet":"max-snippet:-1","max-image-preview":"max-image-preview:large","max-video-preview":"max-video-preview:-1"},"canonical":"https:\/\/www.facecorner.lv\/lv\/shop\/medicube-deep-peptide-mask\/","og_locale":"lv_LV","og_type":"article","og_title":"Medicube Deep Peptide Mask - FACECORNER","og_description":"Medicube Deep Peptide Mask- izgaismojo\u0161a lok\u0161\u0146u maska, kas papildin\u0101ta ar kr\u0113mveida esenci. T\u0101 r\u016bp\u0113jas par \u0101das mitrin\u0101\u0161anu","og_url":"https:\/\/www.facecorner.lv\/lv\/shop\/medicube-deep-peptide-mask\/","og_site_name":"FACECORNER","article_publisher":"https:\/\/www.facebook.com\/profile.php?id=100063824551839","article_modified_time":"2025-02-11T14:50:57+00:00","og_image":[{"width":1500,"height":1500,"url":"https:\/\/www.facecorner.lv\/wp-content\/uploads\/2024\/12\/lav_pl_Medicube-Deep-Peptide-Mask-Izgaismojosa-Sejas-Auduma-Maska-ar-Peptidiem-1gab-27ml-21848_1.webp","type":"image\/webp"}],"twitter_card":"summary_large_image","twitter_misc":{"Price":"&euro;3.50","Availability":"Out of stock"},"schema":{"@context":"https:\/\/schema.org","@graph":[{"@type":"WebPage","@id":"https:\/\/www.facecorner.lv\/shop\/medicube-deep-peptide-mask\/","url":"https:\/\/www.facecorner.lv\/shop\/medicube-deep-peptide-mask\/","name":"Medicube Deep Peptide Mask - FACECORNER","isPartOf":{"@id":"https:\/\/www.facecorner.lv\/#website"},"primaryImageOfPage":{"@id":"https:\/\/www.facecorner.lv\/shop\/medicube-deep-peptide-mask\/#primaryimage"},"image":{"@id":"https:\/\/www.facecorner.lv\/shop\/medicube-deep-peptide-mask\/#primaryimage"},"thumbnailUrl":"https:\/\/www.facecorner.lv\/wp-content\/uploads\/2024\/12\/lav_pl_Medicube-Deep-Peptide-Mask-Izgaismojosa-Sejas-Auduma-Maska-ar-Peptidiem-1gab-27ml-21848_1.webp","datePublished":"2024-12-05T19:58:17+00:00","dateModified":"2025-02-11T14:50:57+00:00","description":"Medicube Deep Peptide Mask- izgaismojo\u0161a lok\u0161\u0146u maska, kas papildin\u0101ta ar kr\u0113mveida esenci. T\u0101 r\u016bp\u0113jas par \u0101das mitrin\u0101\u0161anu","breadcrumb":{"@id":"https:\/\/www.facecorner.lv\/shop\/medicube-deep-peptide-mask\/#breadcrumb"},"inLanguage":"lv-LV","potentialAction":[{"@type":"ReadAction","target":["https:\/\/www.facecorner.lv\/shop\/medicube-deep-peptide-mask\/"]}]},{"@type":"ImageObject","inLanguage":"lv-LV","@id":"https:\/\/www.facecorner.lv\/shop\/medicube-deep-peptide-mask\/#primaryimage","url":"https:\/\/www.facecorner.lv\/wp-content\/uploads\/2024\/12\/lav_pl_Medicube-Deep-Peptide-Mask-Izgaismojosa-Sejas-Auduma-Maska-ar-Peptidiem-1gab-27ml-21848_1.webp","contentUrl":"https:\/\/www.facecorner.lv\/wp-content\/uploads\/2024\/12\/lav_pl_Medicube-Deep-Peptide-Mask-Izgaismojosa-Sejas-Auduma-Maska-ar-Peptidiem-1gab-27ml-21848_1.webp","width":1500,"height":1500,"caption":"Medicube Deep Peptide Mask"},{"@type":"BreadcrumbList","@id":"https:\/\/www.facecorner.lv\/shop\/medicube-deep-peptide-mask\/#breadcrumb","itemListElement":[{"@type":"ListItem","position":1,"name":"Home","item":"https:\/\/www.facecorner.lv\/"},{"@type":"ListItem","position":2,"name":"Veikals","item":"https:\/\/www.facecorner.lv\/shop\/"},{"@type":"ListItem","position":3,"name":"Medicube Deep Peptide Mask"}]},{"@type":"WebSite","@id":"https:\/\/www.facecorner.lv\/#website","url":"https:\/\/www.facecorner.lv\/","name":"Facecorner","description":"","publisher":{"@id":"https:\/\/www.facecorner.lv\/#organization"},"potentialAction":[{"@type":"SearchAction","target":{"@type":"EntryPoint","urlTemplate":"https:\/\/www.facecorner.lv\/?s={search_term_string}"},"query-input":{"@type":"PropertyValueSpecification","valueRequired":true,"valueName":"search_term_string"}}],"inLanguage":"lv-LV"},{"@type":"Organization","@id":"https:\/\/www.facecorner.lv\/#organization","name":"Facecorner","url":"https:\/\/www.facecorner.lv\/","logo":{"@type":"ImageObject","inLanguage":"lv-LV","@id":"https:\/\/www.facecorner.lv\/#\/schema\/logo\/image\/","url":"https:\/\/www.facecorner.lv\/wp-content\/uploads\/2024\/04\/fc-logo.jpg","contentUrl":"https:\/\/www.facecorner.lv\/wp-content\/uploads\/2024\/04\/fc-logo.jpg","width":174,"height":28,"caption":"Facecorner"},"image":{"@id":"https:\/\/www.facecorner.lv\/#\/schema\/logo\/image\/"},"sameAs":["https:\/\/www.facebook.com\/profile.php?id=100063824551839","https:\/\/www.instagram.com\/facecorner_shop\/"]}]},"product_price_amount":"3.50","product_price_currency":"EUR","og_availability":"out of stock","product_availability":"out of stock","product_condition":"new"},"_links":{"self":[{"href":"https:\/\/www.facecorner.lv\/lv\/wp-json\/wp\/v2\/product\/22533","targetHints":{"allow":["GET"]}}],"collection":[{"href":"https:\/\/www.facecorner.lv\/lv\/wp-json\/wp\/v2\/product"}],"about":[{"href":"https:\/\/www.facecorner.lv\/lv\/wp-json\/wp\/v2\/types\/product"}],"replies":[{"embeddable":true,"href":"https:\/\/www.facecorner.lv\/lv\/wp-json\/wp\/v2\/comments?post=22533"}],"wp:featuredmedia":[{"embeddable":true,"href":"https:\/\/www.facecorner.lv\/lv\/wp-json\/wp\/v2\/media\/22534"}],"wp:attachment":[{"href":"https:\/\/www.facecorner.lv\/lv\/wp-json\/wp\/v2\/media?parent=22533"}],"wp:term":[{"taxonomy":"product_brand","embeddable":true,"href":"https:\/\/www.facecorner.lv\/lv\/wp-json\/wp\/v2\/product_brand?post=22533"},{"taxonomy":"product_cat","embeddable":true,"href":"https:\/\/www.facecorner.lv\/lv\/wp-json\/wp\/v2\/product_cat?post=22533"},{"taxonomy":"product_tag","embeddable":true,"href":"https:\/\/www.facecorner.lv\/lv\/wp-json\/wp\/v2\/product_tag?post=22533"},{"taxonomy":"berocket_brand","embeddable":true,"href":"https:\/\/www.facecorner.lv\/lv\/wp-json\/wp\/v2\/berocket_brand?post=22533"}],"curies":[{"name":"wp","href":"https:\/\/api.w.org\/{rel}","templated":true}]}}