{"id":22345,"date":"2024-12-04T00:03:12","date_gmt":"2024-12-03T21:03:12","guid":{"rendered":"https:\/\/www.facecorner.lv\/?post_type=product&#038;p=22345"},"modified":"2026-01-23T14:33:45","modified_gmt":"2026-01-23T11:33:45","slug":"biodance-collagen-gel-toner-pads-60ea","status":"publish","type":"product","link":"https:\/\/www.facecorner.lv\/lv\/shop\/biodance-collagen-gel-toner-pads-60ea\/","title":{"rendered":"Biodance Collagen Gel Toner Pads 60ea"},"content":{"rendered":"<p>Biodance Collagen Gel Toner Pads mitrino\u0161ie g\u0113la toniz\u0113jo\u0161ie spilventi\u0146i ar kolag\u0113nu intens\u012bvi piepilda \u0101du ar mitrumu un ilgsto\u0161i saglab\u0101 to \u0101d\u0101, nov\u0113r\u0161 bl\u0101vumu, sausumu un lob\u012b\u0161anos, palielina tvirtumu un elast\u012bbu, pal\u012bdz izl\u012bdzin\u0101t grumbas, sa\u0161aurina \u201cvecuma\u201d papla\u0161in\u0101t\u0101s poras.<\/p>\n<p>L\u012bdzeklis neitraliz\u0113 teko\u0161a \u016bdens agres\u012bvo iedarb\u012bbu, uztur optim\u0101lu hidrolip\u012bdu l\u012bdzsvaru, izl\u012bdzina nevienm\u0113r\u012bgu reljefu, akt\u012bvi m\u012bkstina raupjas \u0101das da\u013cas, uzlabo tonusu un pie\u0161\u0137ir skaistu mirdzumu no iek\u0161puses.<\/p>\n<p>Diski ir maksim\u0101li pies\u016bcin\u0101ti ar \u017eelejas esenci, kuras pamat\u0101 ir 10% kolag\u0113na \u016bdens, pateicoties kam auduma pamatne pat nesaskaras ar \u0101du, t\u0101d\u0113j\u0101di nov\u0113r\u0161ot berzes rad\u012bto kairin\u0101jumu un aps\u0101rtumu risku, uzreiz sniedzot mitrin\u0101\u0161anas un komforta saj\u016btu.<\/p>\n<ul>\n<li>Zemmolekul\u0101rais kolag\u0113ns &#8211; t\u0101 izm\u0113rs ir 243 DA, kas ir vair\u0101kas reizes maz\u0101ks par por\u0101m, pateicoties tam, tas sp\u0113j iek\u013c\u016bt dzi\u013cos \u0101das sl\u0101\u0146os, nodro\u0161inot ilgsto\u0161u un dzi\u013cu mitrin\u0101\u0161anu un baro\u0161anu no iek\u0161puses, pal\u0113nina dabiskos noveco\u0161an\u0101s procesus, izl\u012bdzina mikroreljefu, samazina grumbi\u0146as, k\u0101 ar\u012b pie\u0161\u0137ir maigumu un z\u012bdain\u012bbu.<\/li>\n<li><span style=\"font-size: 16px;\">5 veidu pept\u012bdu komplekss &#8211; izteikti kori\u0123\u0113 vecuma izmai\u0146as, pa\u0101trina \u0161\u016bnu vielmai\u0146u un re\u0123ener\u0101ciju, uzlabo elast\u012bbu un tvirtumu, atbr\u012bvo no s\u012bk\u0101m grumbi\u0146\u0101m un samazina grumbu dzi\u013cumu.<\/span><\/li>\n<li><span style=\"font-size: 16px;\">SYN\u00ae\ufe0f-COLL (palmitoiltripept\u012bds-5) &#8211; nodro\u0161ina sp\u0113c\u012bgu pretnoveco\u0161an\u0101s atbalstu: izl\u012bdzina sejas grumbas, atsl\u0101binot sejas musku\u013cus, nov\u0113r\u0161 kolag\u0113na \u0161\u0137iedru boj\u0101\u0161anos UV staru un vides faktoru ietekm\u0113 un stimul\u0113 dabisk\u0101 kolag\u0113na sint\u0113zi.<\/span><\/li>\n<li><span style=\"font-size: 16px;\">Galaktomiss &#8211; bag\u0101tin\u0101ts ar daudziem vitam\u012bniem un mikroelementiem, akt\u012bvi pies\u0101tina mitrumu, uztur optim\u0101lu hidrolip\u012bdu l\u012bdzsvaru, aktiviz\u0113 dabisk\u0101 kolag\u0113na ra\u017eo\u0161anu, pa\u0101trina \u0161\u016bnu re\u0123ener\u0101ciju, veicinot \u0101das jaun\u012bbas saglab\u0101\u0161anu.<\/span><\/li>\n<li><span style=\"font-size: 16px;\">Hidroliz\u0113ta hialuronsk\u0101be &#8211; sniedz intens\u012bvu mitrin\u0101\u0161anu un ilgsto\u0161i saglab\u0101 mitrin\u0101\u0161anas st\u0101vokli, veido bezsvara mitruma barjeru, izl\u012bdzina s\u012bk\u0101s grumbi\u0146as, pie\u0161\u0137ir skaistu vesel\u012bgu mirdzumu.<\/span><\/li>\n<li><span style=\"font-size: 16px;\">Hidroliz\u0113ts elast\u012bns &#8211; pal\u012bdz saglab\u0101t \u0101das jaun\u012bbu, atbr\u012bvo no sausuma un lob\u012b\u0161an\u0101s, pie\u0161\u0137ir maigumu un gludumu, stimul\u0113 \u0101du.<\/span><\/li>\n<\/ul>\n<p><strong>Lieto\u0161\u0101na:<\/strong><\/p>\n<ul>\n<li>Toniz\u0113\u0161anas posm\u0101 not\u012briet att\u012br\u012btu \u0101du ar disku.<\/li>\n<li><span style=\"font-size: 16px;\">Uzkl\u0101jiet disku uz viet\u0101m, kur\u0101m nepiecie\u0161ama intens\u012bva kop\u0161ana, uz 3-5 min\u016bt\u0113m, p\u0113c tam no\u0146emiet un izklied\u0113jiet atliku\u0161o esenci, l\u012bdz t\u0101 piln\u012bb\u0101 ies\u016bcas.<\/span><\/li>\n<li><span style=\"font-size: 16px;\">Pateicoties g\u0113la esencei, disku var atst\u0101t uz \u0101das 15-20 min\u016btes.<\/span><\/li>\n<\/ul>\n<p><strong>S\u0101stavs<\/strong>: Water, Collagen Water (100,880ppm), Butylene Glycol, 1,2-Hexanediol, Polyglyceryl-10 Laurate, Glycerin, Ethylhexylglycerin, Arginine, Allantoin, Carbomer, Xanthan Gum, Disodium EDTA, Sodium Polyacrylate, Cyanocobalamin, Palmitoyl Tripeptide-5, Hydrolyzed Hyaluronic Acid, Collagen Extract, Hydrolyzed Elastin, Galactomyces Ferment Filtrate, Hyaluronic Acid, sh-Polypeptide-22, sh-Oligopeptide-1, sh-Polypeptide-1, sh-Oligopeptide-2, sh-Polypeptide-3.<\/p>\n<p>&nbsp;<\/p>\n<p>&nbsp;<\/p>\n","protected":false},"excerpt":{"rendered":"<p>Biodance Collagen Gel Toner Pads mitrino\u0161ie g\u0113la toniz\u0113jo\u0161ie spilventi\u0146i ar kolag\u0113nu intens\u012bvi piepilda \u0101du ar mitrumu un ilgsto\u0161i saglab\u0101 to \u0101d\u0101, nov\u0113r\u0161 bl\u0101vumu, sausumu un lob\u012b\u0161anos, palielina tvirtumu un elast\u012bbu, pal\u012bdz izl\u012bdzin\u0101t grumbas, sa\u0161aurina \u201cvecuma\u201d papla\u0161in\u0101t\u0101s poras.<\/p>\n","protected":false},"featured_media":22346,"comment_status":"closed","ping_status":"closed","template":"","meta":{"site-sidebar-layout":"default","site-content-layout":"","ast-site-content-layout":"default","site-content-style":"default","site-sidebar-style":"default","ast-global-header-display":"","ast-banner-title-visibility":"","ast-main-header-display":"","ast-hfb-above-header-display":"","ast-hfb-below-header-display":"","ast-hfb-mobile-header-display":"","site-post-title":"","ast-breadcrumbs-content":"","ast-featured-img":"","footer-sml-layout":"","theme-transparent-header-meta":"default","adv-header-id-meta":"","stick-header-meta":"","header-above-stick-meta":"","header-main-stick-meta":"","header-below-stick-meta":"","astra-migrate-meta-layouts":"set","ast-page-background-enabled":"default","ast-page-background-meta":{"desktop":{"background-color":"var(--ast-global-color-4)","background-image":"","background-repeat":"repeat","background-position":"center center","background-size":"auto","background-attachment":"scroll","background-type":"","background-media":"","overlay-type":"","overlay-color":"","overlay-opacity":"","overlay-gradient":""},"tablet":{"background-color":"","background-image":"","background-repeat":"repeat","background-position":"center center","background-size":"auto","background-attachment":"scroll","background-type":"","background-media":"","overlay-type":"","overlay-color":"","overlay-opacity":"","overlay-gradient":""},"mobile":{"background-color":"","background-image":"","background-repeat":"repeat","background-position":"center center","background-size":"auto","background-attachment":"scroll","background-type":"","background-media":"","overlay-type":"","overlay-color":"","overlay-opacity":"","overlay-gradient":""}},"ast-content-background-meta":{"desktop":{"background-color":"var(--ast-global-color-5)","background-image":"","background-repeat":"repeat","background-position":"center center","background-size":"auto","background-attachment":"scroll","background-type":"","background-media":"","overlay-type":"","overlay-color":"","overlay-opacity":"","overlay-gradient":""},"tablet":{"background-color":"var(--ast-global-color-5)","background-image":"","background-repeat":"repeat","background-position":"center center","background-size":"auto","background-attachment":"scroll","background-type":"","background-media":"","overlay-type":"","overlay-color":"","overlay-opacity":"","overlay-gradient":""},"mobile":{"background-color":"var(--ast-global-color-5)","background-image":"","background-repeat":"repeat","background-position":"center center","background-size":"auto","background-attachment":"scroll","background-type":"","background-media":"","overlay-type":"","overlay-color":"","overlay-opacity":"","overlay-gradient":""}}},"product_brand":[],"product_cat":[511,435,375,670,377,378,364,376],"product_tag":[],"berocket_brand":[578],"class_list":{"0":"post-22345","1":"product","2":"type-product","3":"status-publish","4":"has-post-thumbnail","6":"product_cat-atlaides","7":"product_cat-jaunumi","8":"product_cat-jutigai-adai-toneri","9":"product_cat-pilinga-diski","10":"product_cat-problematiskai-adai-toneri","11":"product_cat-sausai-adai-toneri","12":"product_cat-toneri","13":"product_cat-kombinetai-adai-toneri","14":"berocket_brand-biodance","15":"desktop-align-left","16":"tablet-align-left","17":"mobile-align-left","19":"first","20":"instock","21":"sale","22":"taxable","23":"shipping-taxable","24":"purchasable","25":"product-type-simple","26":"add-to-wishlist-before_image"},"yoast_head":"<!-- This site is optimized with the Yoast SEO plugin v27.4 - https:\/\/yoast.com\/product\/yoast-seo-wordpress\/ -->\n<title>Biodance Collagen Gel Toner Pads 60ea - FACECORNER<\/title>\n<meta name=\"description\" content=\"Biodance Collagen Gel Toner Pads mitrino\u0161ie g\u0113la toniz\u0113jo\u0161ie spilventi\u0146i ar kolag\u0113nu intens\u012bvi piepilda \u0101du ar mitrumu un ilgsto\u0161i saglab\u0101 to \u0101d\u0101\" \/>\n<meta name=\"robots\" content=\"index, follow, max-snippet:-1, max-image-preview:large, max-video-preview:-1\" \/>\n<link rel=\"canonical\" href=\"https:\/\/www.facecorner.lv\/lv\/shop\/biodance-collagen-gel-toner-pads-60ea\/\" \/>\n<meta property=\"og:locale\" content=\"lv_LV\" \/>\n<meta property=\"og:type\" content=\"article\" \/>\n<meta property=\"og:title\" content=\"Biodance Collagen Gel Toner Pads 60ea - FACECORNER\" \/>\n<meta property=\"og:description\" content=\"Biodance Collagen Gel Toner Pads mitrino\u0161ie g\u0113la toniz\u0113jo\u0161ie spilventi\u0146i ar kolag\u0113nu intens\u012bvi piepilda \u0101du ar mitrumu un ilgsto\u0161i saglab\u0101 to \u0101d\u0101\" \/>\n<meta property=\"og:url\" content=\"https:\/\/www.facecorner.lv\/lv\/shop\/biodance-collagen-gel-toner-pads-60ea\/\" \/>\n<meta property=\"og:site_name\" content=\"FACECORNER\" \/>\n<meta property=\"article:publisher\" content=\"https:\/\/www.facebook.com\/profile.php?id=100063824551839\" \/>\n<meta property=\"article:modified_time\" content=\"2026-01-23T11:33:45+00:00\" \/>\n<meta property=\"og:image\" content=\"https:\/\/www.facecorner.lv\/wp-content\/uploads\/2024\/12\/Biod-61190_1024x1024.webp.jpeg\" \/>\n\t<meta property=\"og:image:width\" content=\"1024\" \/>\n\t<meta property=\"og:image:height\" content=\"1024\" \/>\n\t<meta property=\"og:image:type\" content=\"image\/jpeg\" \/>\n<meta name=\"twitter:card\" content=\"summary_large_image\" \/>\n<meta name=\"twitter:label1\" content=\"Price\" \/>\n\t<meta name=\"twitter:data1\" content=\"&euro;29.90\" \/>\n\t<meta name=\"twitter:label2\" content=\"Availability\" \/>\n\t<meta name=\"twitter:data2\" content=\"In stock\" \/>\n<script type=\"application\/ld+json\" class=\"yoast-schema-graph\">{\"@context\":\"https:\\\/\\\/schema.org\",\"@graph\":[{\"@type\":\"WebPage\",\"@id\":\"https:\\\/\\\/www.facecorner.lv\\\/shop\\\/biodance-collagen-gel-toner-pads-60ea\\\/\",\"url\":\"https:\\\/\\\/www.facecorner.lv\\\/shop\\\/biodance-collagen-gel-toner-pads-60ea\\\/\",\"name\":\"Biodance Collagen Gel Toner Pads 60ea - FACECORNER\",\"isPartOf\":{\"@id\":\"https:\\\/\\\/www.facecorner.lv\\\/#website\"},\"primaryImageOfPage\":{\"@id\":\"https:\\\/\\\/www.facecorner.lv\\\/shop\\\/biodance-collagen-gel-toner-pads-60ea\\\/#primaryimage\"},\"image\":{\"@id\":\"https:\\\/\\\/www.facecorner.lv\\\/shop\\\/biodance-collagen-gel-toner-pads-60ea\\\/#primaryimage\"},\"thumbnailUrl\":\"https:\\\/\\\/www.facecorner.lv\\\/wp-content\\\/uploads\\\/2024\\\/12\\\/Biod-61190_1024x1024.webp.jpeg\",\"datePublished\":\"2024-12-03T21:03:12+00:00\",\"dateModified\":\"2026-01-23T11:33:45+00:00\",\"description\":\"Biodance Collagen Gel Toner Pads mitrino\u0161ie g\u0113la toniz\u0113jo\u0161ie spilventi\u0146i ar kolag\u0113nu intens\u012bvi piepilda \u0101du ar mitrumu un ilgsto\u0161i saglab\u0101 to \u0101d\u0101\",\"breadcrumb\":{\"@id\":\"https:\\\/\\\/www.facecorner.lv\\\/shop\\\/biodance-collagen-gel-toner-pads-60ea\\\/#breadcrumb\"},\"inLanguage\":\"lv-LV\",\"potentialAction\":[{\"@type\":\"ReadAction\",\"target\":[\"https:\\\/\\\/www.facecorner.lv\\\/shop\\\/biodance-collagen-gel-toner-pads-60ea\\\/\"]}]},{\"@type\":\"ImageObject\",\"inLanguage\":\"lv-LV\",\"@id\":\"https:\\\/\\\/www.facecorner.lv\\\/shop\\\/biodance-collagen-gel-toner-pads-60ea\\\/#primaryimage\",\"url\":\"https:\\\/\\\/www.facecorner.lv\\\/wp-content\\\/uploads\\\/2024\\\/12\\\/Biod-61190_1024x1024.webp.jpeg\",\"contentUrl\":\"https:\\\/\\\/www.facecorner.lv\\\/wp-content\\\/uploads\\\/2024\\\/12\\\/Biod-61190_1024x1024.webp.jpeg\",\"width\":1024,\"height\":1024,\"caption\":\"Biodance Collagen Gel Toner Pads\"},{\"@type\":\"BreadcrumbList\",\"@id\":\"https:\\\/\\\/www.facecorner.lv\\\/shop\\\/biodance-collagen-gel-toner-pads-60ea\\\/#breadcrumb\",\"itemListElement\":[{\"@type\":\"ListItem\",\"position\":1,\"name\":\"Home\",\"item\":\"https:\\\/\\\/www.facecorner.lv\\\/\"},{\"@type\":\"ListItem\",\"position\":2,\"name\":\"Veikals\",\"item\":\"https:\\\/\\\/www.facecorner.lv\\\/shop\\\/\"},{\"@type\":\"ListItem\",\"position\":3,\"name\":\"Biodance Collagen Gel Toner Pads 60ea\"}]},{\"@type\":\"WebSite\",\"@id\":\"https:\\\/\\\/www.facecorner.lv\\\/#website\",\"url\":\"https:\\\/\\\/www.facecorner.lv\\\/\",\"name\":\"Facecorner\",\"description\":\"\",\"publisher\":{\"@id\":\"https:\\\/\\\/www.facecorner.lv\\\/#organization\"},\"potentialAction\":[{\"@type\":\"SearchAction\",\"target\":{\"@type\":\"EntryPoint\",\"urlTemplate\":\"https:\\\/\\\/www.facecorner.lv\\\/?s={search_term_string}\"},\"query-input\":{\"@type\":\"PropertyValueSpecification\",\"valueRequired\":true,\"valueName\":\"search_term_string\"}}],\"inLanguage\":\"lv-LV\"},{\"@type\":\"Organization\",\"@id\":\"https:\\\/\\\/www.facecorner.lv\\\/#organization\",\"name\":\"Facecorner\",\"url\":\"https:\\\/\\\/www.facecorner.lv\\\/\",\"logo\":{\"@type\":\"ImageObject\",\"inLanguage\":\"lv-LV\",\"@id\":\"https:\\\/\\\/www.facecorner.lv\\\/#\\\/schema\\\/logo\\\/image\\\/\",\"url\":\"https:\\\/\\\/www.facecorner.lv\\\/wp-content\\\/uploads\\\/2024\\\/04\\\/fc-logo.jpg\",\"contentUrl\":\"https:\\\/\\\/www.facecorner.lv\\\/wp-content\\\/uploads\\\/2024\\\/04\\\/fc-logo.jpg\",\"width\":174,\"height\":28,\"caption\":\"Facecorner\"},\"image\":{\"@id\":\"https:\\\/\\\/www.facecorner.lv\\\/#\\\/schema\\\/logo\\\/image\\\/\"},\"sameAs\":[\"https:\\\/\\\/www.facebook.com\\\/profile.php?id=100063824551839\",\"https:\\\/\\\/www.instagram.com\\\/facecorner_shop\\\/\"]}]}<\/script>\n<meta property=\"product:price:amount\" content=\"29.90\" \/>\n<meta property=\"product:price:currency\" content=\"EUR\" \/>\n<meta property=\"og:availability\" content=\"instock\" \/>\n<meta property=\"product:availability\" content=\"instock\" \/>\n<meta property=\"product:condition\" content=\"new\" \/>\n<!-- \/ Yoast SEO plugin. -->","yoast_head_json":{"title":"Biodance Collagen Gel Toner Pads 60ea - FACECORNER","description":"Biodance Collagen Gel Toner Pads mitrino\u0161ie g\u0113la toniz\u0113jo\u0161ie spilventi\u0146i ar kolag\u0113nu intens\u012bvi piepilda \u0101du ar mitrumu un ilgsto\u0161i saglab\u0101 to \u0101d\u0101","robots":{"index":"index","follow":"follow","max-snippet":"max-snippet:-1","max-image-preview":"max-image-preview:large","max-video-preview":"max-video-preview:-1"},"canonical":"https:\/\/www.facecorner.lv\/lv\/shop\/biodance-collagen-gel-toner-pads-60ea\/","og_locale":"lv_LV","og_type":"article","og_title":"Biodance Collagen Gel Toner Pads 60ea - FACECORNER","og_description":"Biodance Collagen Gel Toner Pads mitrino\u0161ie g\u0113la toniz\u0113jo\u0161ie spilventi\u0146i ar kolag\u0113nu intens\u012bvi piepilda \u0101du ar mitrumu un ilgsto\u0161i saglab\u0101 to \u0101d\u0101","og_url":"https:\/\/www.facecorner.lv\/lv\/shop\/biodance-collagen-gel-toner-pads-60ea\/","og_site_name":"FACECORNER","article_publisher":"https:\/\/www.facebook.com\/profile.php?id=100063824551839","article_modified_time":"2026-01-23T11:33:45+00:00","og_image":[{"width":1024,"height":1024,"url":"https:\/\/www.facecorner.lv\/wp-content\/uploads\/2024\/12\/Biod-61190_1024x1024.webp.jpeg","type":"image\/jpeg"}],"twitter_card":"summary_large_image","twitter_misc":{"Price":"&euro;29.90","Availability":"In stock"},"schema":{"@context":"https:\/\/schema.org","@graph":[{"@type":"WebPage","@id":"https:\/\/www.facecorner.lv\/shop\/biodance-collagen-gel-toner-pads-60ea\/","url":"https:\/\/www.facecorner.lv\/shop\/biodance-collagen-gel-toner-pads-60ea\/","name":"Biodance Collagen Gel Toner Pads 60ea - FACECORNER","isPartOf":{"@id":"https:\/\/www.facecorner.lv\/#website"},"primaryImageOfPage":{"@id":"https:\/\/www.facecorner.lv\/shop\/biodance-collagen-gel-toner-pads-60ea\/#primaryimage"},"image":{"@id":"https:\/\/www.facecorner.lv\/shop\/biodance-collagen-gel-toner-pads-60ea\/#primaryimage"},"thumbnailUrl":"https:\/\/www.facecorner.lv\/wp-content\/uploads\/2024\/12\/Biod-61190_1024x1024.webp.jpeg","datePublished":"2024-12-03T21:03:12+00:00","dateModified":"2026-01-23T11:33:45+00:00","description":"Biodance Collagen Gel Toner Pads mitrino\u0161ie g\u0113la toniz\u0113jo\u0161ie spilventi\u0146i ar kolag\u0113nu intens\u012bvi piepilda \u0101du ar mitrumu un ilgsto\u0161i saglab\u0101 to \u0101d\u0101","breadcrumb":{"@id":"https:\/\/www.facecorner.lv\/shop\/biodance-collagen-gel-toner-pads-60ea\/#breadcrumb"},"inLanguage":"lv-LV","potentialAction":[{"@type":"ReadAction","target":["https:\/\/www.facecorner.lv\/shop\/biodance-collagen-gel-toner-pads-60ea\/"]}]},{"@type":"ImageObject","inLanguage":"lv-LV","@id":"https:\/\/www.facecorner.lv\/shop\/biodance-collagen-gel-toner-pads-60ea\/#primaryimage","url":"https:\/\/www.facecorner.lv\/wp-content\/uploads\/2024\/12\/Biod-61190_1024x1024.webp.jpeg","contentUrl":"https:\/\/www.facecorner.lv\/wp-content\/uploads\/2024\/12\/Biod-61190_1024x1024.webp.jpeg","width":1024,"height":1024,"caption":"Biodance Collagen Gel Toner Pads"},{"@type":"BreadcrumbList","@id":"https:\/\/www.facecorner.lv\/shop\/biodance-collagen-gel-toner-pads-60ea\/#breadcrumb","itemListElement":[{"@type":"ListItem","position":1,"name":"Home","item":"https:\/\/www.facecorner.lv\/"},{"@type":"ListItem","position":2,"name":"Veikals","item":"https:\/\/www.facecorner.lv\/shop\/"},{"@type":"ListItem","position":3,"name":"Biodance Collagen Gel Toner Pads 60ea"}]},{"@type":"WebSite","@id":"https:\/\/www.facecorner.lv\/#website","url":"https:\/\/www.facecorner.lv\/","name":"Facecorner","description":"","publisher":{"@id":"https:\/\/www.facecorner.lv\/#organization"},"potentialAction":[{"@type":"SearchAction","target":{"@type":"EntryPoint","urlTemplate":"https:\/\/www.facecorner.lv\/?s={search_term_string}"},"query-input":{"@type":"PropertyValueSpecification","valueRequired":true,"valueName":"search_term_string"}}],"inLanguage":"lv-LV"},{"@type":"Organization","@id":"https:\/\/www.facecorner.lv\/#organization","name":"Facecorner","url":"https:\/\/www.facecorner.lv\/","logo":{"@type":"ImageObject","inLanguage":"lv-LV","@id":"https:\/\/www.facecorner.lv\/#\/schema\/logo\/image\/","url":"https:\/\/www.facecorner.lv\/wp-content\/uploads\/2024\/04\/fc-logo.jpg","contentUrl":"https:\/\/www.facecorner.lv\/wp-content\/uploads\/2024\/04\/fc-logo.jpg","width":174,"height":28,"caption":"Facecorner"},"image":{"@id":"https:\/\/www.facecorner.lv\/#\/schema\/logo\/image\/"},"sameAs":["https:\/\/www.facebook.com\/profile.php?id=100063824551839","https:\/\/www.instagram.com\/facecorner_shop\/"]}]},"product_price_amount":"29.90","product_price_currency":"EUR","og_availability":"instock","product_availability":"instock","product_condition":"new"},"_links":{"self":[{"href":"https:\/\/www.facecorner.lv\/lv\/wp-json\/wp\/v2\/product\/22345","targetHints":{"allow":["GET"]}}],"collection":[{"href":"https:\/\/www.facecorner.lv\/lv\/wp-json\/wp\/v2\/product"}],"about":[{"href":"https:\/\/www.facecorner.lv\/lv\/wp-json\/wp\/v2\/types\/product"}],"replies":[{"embeddable":true,"href":"https:\/\/www.facecorner.lv\/lv\/wp-json\/wp\/v2\/comments?post=22345"}],"wp:featuredmedia":[{"embeddable":true,"href":"https:\/\/www.facecorner.lv\/lv\/wp-json\/wp\/v2\/media\/22346"}],"wp:attachment":[{"href":"https:\/\/www.facecorner.lv\/lv\/wp-json\/wp\/v2\/media?parent=22345"}],"wp:term":[{"taxonomy":"product_brand","embeddable":true,"href":"https:\/\/www.facecorner.lv\/lv\/wp-json\/wp\/v2\/product_brand?post=22345"},{"taxonomy":"product_cat","embeddable":true,"href":"https:\/\/www.facecorner.lv\/lv\/wp-json\/wp\/v2\/product_cat?post=22345"},{"taxonomy":"product_tag","embeddable":true,"href":"https:\/\/www.facecorner.lv\/lv\/wp-json\/wp\/v2\/product_tag?post=22345"},{"taxonomy":"berocket_brand","embeddable":true,"href":"https:\/\/www.facecorner.lv\/lv\/wp-json\/wp\/v2\/berocket_brand?post=22345"}],"curies":[{"name":"wp","href":"https:\/\/api.w.org\/{rel}","templated":true}]}}