{"id":22103,"date":"2024-11-27T00:31:48","date_gmt":"2024-11-26T21:31:48","guid":{"rendered":"https:\/\/www.facecorner.lv\/?post_type=product&#038;p=22103"},"modified":"2026-04-05T03:08:53","modified_gmt":"2026-04-05T00:08:53","slug":"meditherapy-wrinkle-fit-tangle-eye-patch-4ea","status":"publish","type":"product","link":"https:\/\/www.facecorner.lv\/lv\/shop\/meditherapy-wrinkle-fit-tangle-eye-patch-4ea\/","title":{"rendered":"Meditherapy &#8211; Wrinkle-Fit Tangle  Eye Patch 4ea"},"content":{"rendered":"<p>Meditherapy g\u0113la kolag\u0113na pl\u0101ksteri (4 p\u0101ri) Wrinkle-Fit Tangle Eye Patch &#8211; satur 70 % zemas molekulmasas fran\u010du kolag\u0113na, kas redzami izl\u012bdzina smalk\u0101s l\u012bnijas un grumbas ap ac\u012bm. G\u0113la pl\u0101ksteri nodro\u0161ina intens\u012bvu acu zonas kop\u0161anu.<\/p>\n<p>Pl\u0101ksteri satur: hidroliz\u0113tu kolag\u0113nu, elast\u012bnu un hialuronsk\u0101bi, padara acu zonu maig\u0101ku, gai\u0161\u0101ku un mitrin\u0101tu, pal\u012bdzot c\u012bn\u012bties ar grumbi\u0146\u0101m ap ac\u012bm. Galven\u0101s sast\u0101vda\u013cas &#8211; hidroliz\u0113ts kolag\u0113ns, n\u0101trija hialuron\u0101ts un hidroliz\u0113ts elast\u012bns &#8211; atjauno \u0101das tvirtumu un elast\u012bbu. \u012apa\u0161i barojo\u0161\u0101 formula mitrina jut\u012bgo acu zonu, t\u0101d\u0113j\u0101di nov\u0113r\u0161ot agr\u012bnu \u0101das noveco\u0161anos.<\/p>\n<p>Patent\u0113t\u0101s ISU raksta tehnolo\u0123ijas izmanto\u0161ana, kas bl\u012bvi iesai\u0146o akt\u012bv\u0101s sast\u0101vda\u013cas un nog\u0101d\u0101 t\u0101s dzi\u013ci \u0101d\u0101, pal\u012bdz nodro\u0161in\u0101t vienm\u0113r\u012bgu uzs\u016bk\u0161anos uzkl\u0101\u0161anas laik\u0101. P\u0113c pl\u0101ksteru lieto\u0161anas \u0101da savelkas, k\u013c\u016bst tvirt\u0101ka un elast\u012bg\u0101ka.<\/p>\n<p><strong>Lieto\u0161\u0101na:<\/strong> No\u0146emiet pl\u0113v\u012bti no pl\u0101kstera, uzkl\u0101jiet to uz acu zonas vai grumbi\u0146\u0101m, kur\u0101m nepiecie\u0161ama elast\u012bba. P\u0113c 20-30 min\u016bt\u0113m, kad akt\u012bv\u0101 viela uzs\u016bcas, p\u0101rbaudiet \u0101das st\u0101vokli, akt\u012bv\u0101s vielas uzs\u016bk\u0161an\u0101s var pras\u012bt vair\u0101k nek\u0101 40 min\u016btes.<\/p>\n<p><strong>S\u0101stavs:<\/strong> Water, Glycerin, Acrylates Copolymer, 1,2-Hexanediol, Niacinamide, Hydrolyzed Collagen, Artemisia Princeps Leaf Extract, sh-Oligopeptide-1, sh-Oligopep tide-2, sh-Polypeptide-1, sh-Polypeptide-22, Hydrolyzed Elastin, Sodium Hyaluronate, Ceramide NP, Tocopheryl Acetate, Phellodendron Amurense Bark Extract, Paeonia Lactifiora Root Extract, Agrimonia Pilosa Extract, Glycyrrhiza Uralensis (Licorice) Root Extract, Houttuynia Cordata Extract, Carrageenar, Ceratonia Siliqua (Carob)Potassium Chloride, Xanthan Gurn, Allantoin, Gellan Gum, Trehalose, Sucrose, Cellulose Gurn, Betaine, Panthenol, Hydroxyacetophenone,Sodium Polyacrylate, Caprylyl Laurate,Glycol, Butylene Glycol, Propanediol, Polyglyceryl-10 Ethylhexylglycerin, Adenosine, Fragrance, Snail Secretion Fitrate, Citrus Junos Fruit Extract, Camellia Sinensis Leaf Extract, Lecithin, Arginine.<\/p>\n","protected":false},"excerpt":{"rendered":"<p>Meditherapy g\u0113la kolag\u0113na pl\u0101ksteri (4 p\u0101ri) Wrinkle-Fit Tangle Eye Patch &#8211; satur 70 % zemas molekulmasas fran\u010du kolag\u0113na, kas redzami izl\u012bdzina smalk\u0101s l\u012bnijas un grumbas ap ac\u012bm. G\u0113la pl\u0101ksteri nodro\u0161ina intens\u012bvu acu zonas kop\u0161anu.<\/p>\n","protected":false},"featured_media":22104,"comment_status":"open","ping_status":"closed","template":"","meta":{"site-sidebar-layout":"default","site-content-layout":"","ast-site-content-layout":"default","site-content-style":"default","site-sidebar-style":"default","ast-global-header-display":"","ast-banner-title-visibility":"","ast-main-header-display":"","ast-hfb-above-header-display":"","ast-hfb-below-header-display":"","ast-hfb-mobile-header-display":"","site-post-title":"","ast-breadcrumbs-content":"","ast-featured-img":"","footer-sml-layout":"","theme-transparent-header-meta":"default","adv-header-id-meta":"","stick-header-meta":"","header-above-stick-meta":"","header-main-stick-meta":"","header-below-stick-meta":"","astra-migrate-meta-layouts":"set","ast-page-background-enabled":"default","ast-page-background-meta":{"desktop":{"background-color":"var(--ast-global-color-4)","background-image":"","background-repeat":"repeat","background-position":"center center","background-size":"auto","background-attachment":"scroll","background-type":"","background-media":"","overlay-type":"","overlay-color":"","overlay-opacity":"","overlay-gradient":""},"tablet":{"background-color":"","background-image":"","background-repeat":"repeat","background-position":"center center","background-size":"auto","background-attachment":"scroll","background-type":"","background-media":"","overlay-type":"","overlay-color":"","overlay-opacity":"","overlay-gradient":""},"mobile":{"background-color":"","background-image":"","background-repeat":"repeat","background-position":"center center","background-size":"auto","background-attachment":"scroll","background-type":"","background-media":"","overlay-type":"","overlay-color":"","overlay-opacity":"","overlay-gradient":""}},"ast-content-background-meta":{"desktop":{"background-color":"var(--ast-global-color-5)","background-image":"","background-repeat":"repeat","background-position":"center center","background-size":"auto","background-attachment":"scroll","background-type":"","background-media":"","overlay-type":"","overlay-color":"","overlay-opacity":"","overlay-gradient":""},"tablet":{"background-color":"var(--ast-global-color-5)","background-image":"","background-repeat":"repeat","background-position":"center center","background-size":"auto","background-attachment":"scroll","background-type":"","background-media":"","overlay-type":"","overlay-color":"","overlay-opacity":"","overlay-gradient":""},"mobile":{"background-color":"var(--ast-global-color-5)","background-image":"","background-repeat":"repeat","background-position":"center center","background-size":"auto","background-attachment":"scroll","background-type":"","background-media":"","overlay-type":"","overlay-color":"","overlay-opacity":"","overlay-gradient":""}}},"product_brand":[],"product_cat":[511,327],"product_tag":[],"berocket_brand":[586],"class_list":{"0":"post-22103","1":"product","2":"type-product","3":"status-publish","4":"has-post-thumbnail","6":"product_cat-atlaides","7":"product_cat-patci","8":"berocket_brand-meditherapy","9":"desktop-align-left","10":"tablet-align-left","11":"mobile-align-left","13":"first","14":"instock","15":"sale","16":"taxable","17":"shipping-taxable","18":"purchasable","19":"product-type-simple","20":"add-to-wishlist-before_image"},"yoast_head":"<!-- This site is optimized with the Yoast SEO plugin v27.3 - https:\/\/yoast.com\/product\/yoast-seo-wordpress\/ -->\n<title>Meditherapy - Wrinkle-Fit Tangle Eye Patch 4ea - FACECORNER<\/title>\n<meta name=\"description\" content=\"Meditherapy g\u0113la kolag\u0113na pl\u0101ksteri (4 p\u0101ri) Wrinkle-Fit Tangle Eye Patch - satur 70 % zemas molekulmasas fran\u010du kolag\u0113na, kas redzami izl\u012bdzina\" \/>\n<meta name=\"robots\" content=\"index, follow, max-snippet:-1, max-image-preview:large, max-video-preview:-1\" \/>\n<link rel=\"canonical\" href=\"https:\/\/www.facecorner.lv\/lv\/shop\/meditherapy-wrinkle-fit-tangle-eye-patch-4ea\/\" \/>\n<meta property=\"og:locale\" content=\"lv_LV\" \/>\n<meta property=\"og:type\" content=\"article\" \/>\n<meta property=\"og:title\" content=\"Meditherapy - Wrinkle-Fit Tangle Eye Patch 4ea - FACECORNER\" \/>\n<meta property=\"og:description\" content=\"Meditherapy g\u0113la kolag\u0113na pl\u0101ksteri (4 p\u0101ri) Wrinkle-Fit Tangle Eye Patch - satur 70 % zemas molekulmasas fran\u010du kolag\u0113na, kas redzami izl\u012bdzina\" \/>\n<meta property=\"og:url\" content=\"https:\/\/www.facecorner.lv\/lv\/shop\/meditherapy-wrinkle-fit-tangle-eye-patch-4ea\/\" \/>\n<meta property=\"og:site_name\" content=\"FACECORNER\" \/>\n<meta property=\"article:publisher\" content=\"https:\/\/www.facebook.com\/profile.php?id=100063824551839\" \/>\n<meta property=\"article:modified_time\" content=\"2026-04-05T00:08:53+00:00\" \/>\n<meta property=\"og:image\" content=\"https:\/\/www.facecorner.lv\/wp-content\/uploads\/2024\/11\/US_7c8eee90-9137-42f1-b2f4-662dd01d1b9f.webp\" \/>\n\t<meta property=\"og:image:width\" content=\"1080\" \/>\n\t<meta property=\"og:image:height\" content=\"1080\" \/>\n\t<meta property=\"og:image:type\" content=\"image\/webp\" \/>\n<meta name=\"twitter:card\" content=\"summary_large_image\" \/>\n<meta name=\"twitter:label1\" content=\"Price\" \/>\n\t<meta name=\"twitter:data1\" content=\"&euro;26.50\" \/>\n\t<meta name=\"twitter:label2\" content=\"Availability\" \/>\n\t<meta name=\"twitter:data2\" content=\"In stock\" \/>\n<script type=\"application\/ld+json\" class=\"yoast-schema-graph\">{\"@context\":\"https:\\\/\\\/schema.org\",\"@graph\":[{\"@type\":\"WebPage\",\"@id\":\"https:\\\/\\\/www.facecorner.lv\\\/shop\\\/meditherapy-wrinkle-fit-tangle-eye-patch-4ea\\\/\",\"url\":\"https:\\\/\\\/www.facecorner.lv\\\/shop\\\/meditherapy-wrinkle-fit-tangle-eye-patch-4ea\\\/\",\"name\":\"Meditherapy - Wrinkle-Fit Tangle Eye Patch 4ea - FACECORNER\",\"isPartOf\":{\"@id\":\"https:\\\/\\\/www.facecorner.lv\\\/#website\"},\"primaryImageOfPage\":{\"@id\":\"https:\\\/\\\/www.facecorner.lv\\\/shop\\\/meditherapy-wrinkle-fit-tangle-eye-patch-4ea\\\/#primaryimage\"},\"image\":{\"@id\":\"https:\\\/\\\/www.facecorner.lv\\\/shop\\\/meditherapy-wrinkle-fit-tangle-eye-patch-4ea\\\/#primaryimage\"},\"thumbnailUrl\":\"https:\\\/\\\/www.facecorner.lv\\\/wp-content\\\/uploads\\\/2024\\\/11\\\/US_7c8eee90-9137-42f1-b2f4-662dd01d1b9f.webp\",\"datePublished\":\"2024-11-26T21:31:48+00:00\",\"dateModified\":\"2026-04-05T00:08:53+00:00\",\"description\":\"Meditherapy g\u0113la kolag\u0113na pl\u0101ksteri (4 p\u0101ri) Wrinkle-Fit Tangle Eye Patch - satur 70 % zemas molekulmasas fran\u010du kolag\u0113na, kas redzami izl\u012bdzina\",\"breadcrumb\":{\"@id\":\"https:\\\/\\\/www.facecorner.lv\\\/shop\\\/meditherapy-wrinkle-fit-tangle-eye-patch-4ea\\\/#breadcrumb\"},\"inLanguage\":\"lv-LV\",\"potentialAction\":[{\"@type\":\"ReadAction\",\"target\":[\"https:\\\/\\\/www.facecorner.lv\\\/shop\\\/meditherapy-wrinkle-fit-tangle-eye-patch-4ea\\\/\"]}]},{\"@type\":\"ImageObject\",\"inLanguage\":\"lv-LV\",\"@id\":\"https:\\\/\\\/www.facecorner.lv\\\/shop\\\/meditherapy-wrinkle-fit-tangle-eye-patch-4ea\\\/#primaryimage\",\"url\":\"https:\\\/\\\/www.facecorner.lv\\\/wp-content\\\/uploads\\\/2024\\\/11\\\/US_7c8eee90-9137-42f1-b2f4-662dd01d1b9f.webp\",\"contentUrl\":\"https:\\\/\\\/www.facecorner.lv\\\/wp-content\\\/uploads\\\/2024\\\/11\\\/US_7c8eee90-9137-42f1-b2f4-662dd01d1b9f.webp\",\"width\":1080,\"height\":1080,\"caption\":\"Meditherapy - Wrinkle-Fit Tangle Eye Patch\"},{\"@type\":\"BreadcrumbList\",\"@id\":\"https:\\\/\\\/www.facecorner.lv\\\/shop\\\/meditherapy-wrinkle-fit-tangle-eye-patch-4ea\\\/#breadcrumb\",\"itemListElement\":[{\"@type\":\"ListItem\",\"position\":1,\"name\":\"Home\",\"item\":\"https:\\\/\\\/www.facecorner.lv\\\/\"},{\"@type\":\"ListItem\",\"position\":2,\"name\":\"Veikals\",\"item\":\"https:\\\/\\\/www.facecorner.lv\\\/shop\\\/\"},{\"@type\":\"ListItem\",\"position\":3,\"name\":\"Meditherapy &#8212; Wrinkle-Fit Tangle Eye Patch 4ea\"}]},{\"@type\":\"WebSite\",\"@id\":\"https:\\\/\\\/www.facecorner.lv\\\/#website\",\"url\":\"https:\\\/\\\/www.facecorner.lv\\\/\",\"name\":\"Facecorner\",\"description\":\"\",\"publisher\":{\"@id\":\"https:\\\/\\\/www.facecorner.lv\\\/#organization\"},\"potentialAction\":[{\"@type\":\"SearchAction\",\"target\":{\"@type\":\"EntryPoint\",\"urlTemplate\":\"https:\\\/\\\/www.facecorner.lv\\\/?s={search_term_string}\"},\"query-input\":{\"@type\":\"PropertyValueSpecification\",\"valueRequired\":true,\"valueName\":\"search_term_string\"}}],\"inLanguage\":\"lv-LV\"},{\"@type\":\"Organization\",\"@id\":\"https:\\\/\\\/www.facecorner.lv\\\/#organization\",\"name\":\"Facecorner\",\"url\":\"https:\\\/\\\/www.facecorner.lv\\\/\",\"logo\":{\"@type\":\"ImageObject\",\"inLanguage\":\"lv-LV\",\"@id\":\"https:\\\/\\\/www.facecorner.lv\\\/#\\\/schema\\\/logo\\\/image\\\/\",\"url\":\"https:\\\/\\\/www.facecorner.lv\\\/wp-content\\\/uploads\\\/2024\\\/04\\\/fc-logo.jpg\",\"contentUrl\":\"https:\\\/\\\/www.facecorner.lv\\\/wp-content\\\/uploads\\\/2024\\\/04\\\/fc-logo.jpg\",\"width\":174,\"height\":28,\"caption\":\"Facecorner\"},\"image\":{\"@id\":\"https:\\\/\\\/www.facecorner.lv\\\/#\\\/schema\\\/logo\\\/image\\\/\"},\"sameAs\":[\"https:\\\/\\\/www.facebook.com\\\/profile.php?id=100063824551839\",\"https:\\\/\\\/www.instagram.com\\\/facecorner_shop\\\/\"]}]}<\/script>\n<meta property=\"product:price:amount\" content=\"26.50\" \/>\n<meta property=\"product:price:currency\" content=\"EUR\" \/>\n<meta property=\"og:availability\" content=\"instock\" \/>\n<meta property=\"product:availability\" content=\"instock\" \/>\n<meta property=\"product:condition\" content=\"new\" \/>\n<!-- \/ Yoast SEO plugin. -->","yoast_head_json":{"title":"Meditherapy - Wrinkle-Fit Tangle Eye Patch 4ea - FACECORNER","description":"Meditherapy g\u0113la kolag\u0113na pl\u0101ksteri (4 p\u0101ri) Wrinkle-Fit Tangle Eye Patch - satur 70 % zemas molekulmasas fran\u010du kolag\u0113na, kas redzami izl\u012bdzina","robots":{"index":"index","follow":"follow","max-snippet":"max-snippet:-1","max-image-preview":"max-image-preview:large","max-video-preview":"max-video-preview:-1"},"canonical":"https:\/\/www.facecorner.lv\/lv\/shop\/meditherapy-wrinkle-fit-tangle-eye-patch-4ea\/","og_locale":"lv_LV","og_type":"article","og_title":"Meditherapy - Wrinkle-Fit Tangle Eye Patch 4ea - FACECORNER","og_description":"Meditherapy g\u0113la kolag\u0113na pl\u0101ksteri (4 p\u0101ri) Wrinkle-Fit Tangle Eye Patch - satur 70 % zemas molekulmasas fran\u010du kolag\u0113na, kas redzami izl\u012bdzina","og_url":"https:\/\/www.facecorner.lv\/lv\/shop\/meditherapy-wrinkle-fit-tangle-eye-patch-4ea\/","og_site_name":"FACECORNER","article_publisher":"https:\/\/www.facebook.com\/profile.php?id=100063824551839","article_modified_time":"2026-04-05T00:08:53+00:00","og_image":[{"width":1080,"height":1080,"url":"https:\/\/www.facecorner.lv\/wp-content\/uploads\/2024\/11\/US_7c8eee90-9137-42f1-b2f4-662dd01d1b9f.webp","type":"image\/webp"}],"twitter_card":"summary_large_image","twitter_misc":{"Price":"&euro;26.50","Availability":"In stock"},"schema":{"@context":"https:\/\/schema.org","@graph":[{"@type":"WebPage","@id":"https:\/\/www.facecorner.lv\/shop\/meditherapy-wrinkle-fit-tangle-eye-patch-4ea\/","url":"https:\/\/www.facecorner.lv\/shop\/meditherapy-wrinkle-fit-tangle-eye-patch-4ea\/","name":"Meditherapy - Wrinkle-Fit Tangle Eye Patch 4ea - FACECORNER","isPartOf":{"@id":"https:\/\/www.facecorner.lv\/#website"},"primaryImageOfPage":{"@id":"https:\/\/www.facecorner.lv\/shop\/meditherapy-wrinkle-fit-tangle-eye-patch-4ea\/#primaryimage"},"image":{"@id":"https:\/\/www.facecorner.lv\/shop\/meditherapy-wrinkle-fit-tangle-eye-patch-4ea\/#primaryimage"},"thumbnailUrl":"https:\/\/www.facecorner.lv\/wp-content\/uploads\/2024\/11\/US_7c8eee90-9137-42f1-b2f4-662dd01d1b9f.webp","datePublished":"2024-11-26T21:31:48+00:00","dateModified":"2026-04-05T00:08:53+00:00","description":"Meditherapy g\u0113la kolag\u0113na pl\u0101ksteri (4 p\u0101ri) Wrinkle-Fit Tangle Eye Patch - satur 70 % zemas molekulmasas fran\u010du kolag\u0113na, kas redzami izl\u012bdzina","breadcrumb":{"@id":"https:\/\/www.facecorner.lv\/shop\/meditherapy-wrinkle-fit-tangle-eye-patch-4ea\/#breadcrumb"},"inLanguage":"lv-LV","potentialAction":[{"@type":"ReadAction","target":["https:\/\/www.facecorner.lv\/shop\/meditherapy-wrinkle-fit-tangle-eye-patch-4ea\/"]}]},{"@type":"ImageObject","inLanguage":"lv-LV","@id":"https:\/\/www.facecorner.lv\/shop\/meditherapy-wrinkle-fit-tangle-eye-patch-4ea\/#primaryimage","url":"https:\/\/www.facecorner.lv\/wp-content\/uploads\/2024\/11\/US_7c8eee90-9137-42f1-b2f4-662dd01d1b9f.webp","contentUrl":"https:\/\/www.facecorner.lv\/wp-content\/uploads\/2024\/11\/US_7c8eee90-9137-42f1-b2f4-662dd01d1b9f.webp","width":1080,"height":1080,"caption":"Meditherapy - Wrinkle-Fit Tangle Eye Patch"},{"@type":"BreadcrumbList","@id":"https:\/\/www.facecorner.lv\/shop\/meditherapy-wrinkle-fit-tangle-eye-patch-4ea\/#breadcrumb","itemListElement":[{"@type":"ListItem","position":1,"name":"Home","item":"https:\/\/www.facecorner.lv\/"},{"@type":"ListItem","position":2,"name":"Veikals","item":"https:\/\/www.facecorner.lv\/shop\/"},{"@type":"ListItem","position":3,"name":"Meditherapy &#8212; Wrinkle-Fit Tangle Eye Patch 4ea"}]},{"@type":"WebSite","@id":"https:\/\/www.facecorner.lv\/#website","url":"https:\/\/www.facecorner.lv\/","name":"Facecorner","description":"","publisher":{"@id":"https:\/\/www.facecorner.lv\/#organization"},"potentialAction":[{"@type":"SearchAction","target":{"@type":"EntryPoint","urlTemplate":"https:\/\/www.facecorner.lv\/?s={search_term_string}"},"query-input":{"@type":"PropertyValueSpecification","valueRequired":true,"valueName":"search_term_string"}}],"inLanguage":"lv-LV"},{"@type":"Organization","@id":"https:\/\/www.facecorner.lv\/#organization","name":"Facecorner","url":"https:\/\/www.facecorner.lv\/","logo":{"@type":"ImageObject","inLanguage":"lv-LV","@id":"https:\/\/www.facecorner.lv\/#\/schema\/logo\/image\/","url":"https:\/\/www.facecorner.lv\/wp-content\/uploads\/2024\/04\/fc-logo.jpg","contentUrl":"https:\/\/www.facecorner.lv\/wp-content\/uploads\/2024\/04\/fc-logo.jpg","width":174,"height":28,"caption":"Facecorner"},"image":{"@id":"https:\/\/www.facecorner.lv\/#\/schema\/logo\/image\/"},"sameAs":["https:\/\/www.facebook.com\/profile.php?id=100063824551839","https:\/\/www.instagram.com\/facecorner_shop\/"]}]},"product_price_amount":"26.50","product_price_currency":"EUR","og_availability":"instock","product_availability":"instock","product_condition":"new"},"_links":{"self":[{"href":"https:\/\/www.facecorner.lv\/lv\/wp-json\/wp\/v2\/product\/22103","targetHints":{"allow":["GET"]}}],"collection":[{"href":"https:\/\/www.facecorner.lv\/lv\/wp-json\/wp\/v2\/product"}],"about":[{"href":"https:\/\/www.facecorner.lv\/lv\/wp-json\/wp\/v2\/types\/product"}],"replies":[{"embeddable":true,"href":"https:\/\/www.facecorner.lv\/lv\/wp-json\/wp\/v2\/comments?post=22103"}],"wp:featuredmedia":[{"embeddable":true,"href":"https:\/\/www.facecorner.lv\/lv\/wp-json\/wp\/v2\/media\/22104"}],"wp:attachment":[{"href":"https:\/\/www.facecorner.lv\/lv\/wp-json\/wp\/v2\/media?parent=22103"}],"wp:term":[{"taxonomy":"product_brand","embeddable":true,"href":"https:\/\/www.facecorner.lv\/lv\/wp-json\/wp\/v2\/product_brand?post=22103"},{"taxonomy":"product_cat","embeddable":true,"href":"https:\/\/www.facecorner.lv\/lv\/wp-json\/wp\/v2\/product_cat?post=22103"},{"taxonomy":"product_tag","embeddable":true,"href":"https:\/\/www.facecorner.lv\/lv\/wp-json\/wp\/v2\/product_tag?post=22103"},{"taxonomy":"berocket_brand","embeddable":true,"href":"https:\/\/www.facecorner.lv\/lv\/wp-json\/wp\/v2\/berocket_brand?post=22103"}],"curies":[{"name":"wp","href":"https:\/\/api.w.org\/{rel}","templated":true}]}}