{"id":21997,"date":"2024-11-25T23:33:24","date_gmt":"2024-11-25T20:33:24","guid":{"rendered":"https:\/\/www.facecorner.lv\/?post_type=product&#038;p=21997"},"modified":"2026-02-18T22:03:49","modified_gmt":"2026-02-18T19:03:49","slug":"medicube-collagen-night-wrapping-mask-75-ml","status":"publish","type":"product","link":"https:\/\/www.facecorner.lv\/lv\/shop\/medicube-collagen-night-wrapping-mask-75-ml\/","title":{"rendered":"Medicube Collagen Night Wrapping Mask 75 ml"},"content":{"rendered":"<p>Medicube Collagen Night Wrapping Mask\u00a0 iet\u012b\u0161anas maska ar liftinga efektu, nostiepj un uzlabo \u0101das elast\u012bbu, efekt\u012bvi izl\u012bdzina \u0101das krokas un nov\u0113r\u0161 audu nov\u012b\u0161anu.<\/p>\n<p>\u0160\u012bs inovat\u012bv\u0101s sejas maskas pamat\u0101 ir akt\u012bvo sast\u0101vda\u013cu un progres\u012bvu tehnolo\u0123iju kombin\u0101cija, kas nodro\u0161ina visaptvero\u0161u \u0101das kop\u0161anu nakts laik\u0101, kam\u0113r j\u016bs gu\u013cat! Maskai piem\u012bt lieliska p\u012blinga un att\u012bro\u0161a iedarb\u012bba, t\u0101 pal\u012bdz sa\u0161aurin\u0101t poras, tai ir izteikta antioksidanta iedarb\u012bba, t\u0101 atdz\u012bvina, uzlabo sejas kr\u0101su un toniz\u0113.<\/p>\n<p>Maska izmanto kolag\u0113na, hialuronsk\u0101bes, niacinam\u012bda un keram\u012bdu kompleksa mais\u012bjumu, lai stiprin\u0101tu \u0101das barjeru. T\u0101 pie\u0161\u0137ir \u0101dai glud\u0101ku, tvirt\u0101ku izskatu un samazina grumbi\u0146as, k\u0101 rezult\u0101t\u0101 \u0101da k\u013c\u016bst starojo\u0161a un elast\u012bga. P\u0113c maskas uzkl\u0101\u0161anas izveidot\u0101 kolag\u0113na kr\u0113mveida pl\u0113v\u012bte mitrina \u0101du, it k\u0101 laist\u012btu to ar kolag\u0113nu, un izstaro smalku kolag\u0113na \u016bdens mirdzumu, kas nav taukains. Lietojiet masku regul\u0101ri, lai ieg\u016btu tvirtu, gludu un starojo\u0161u \u0101du.<\/p>\n<p>Maskai piem\u012bt lieliska p\u012blinga un att\u012bro\u0161a iedarb\u012bba, t\u0101 pal\u012bdz sa\u0161aurin\u0101t poras, tai ir izteikta antioksidanta iedarb\u012bba, t\u0101 atdz\u012bvina, uzlabo sejas kr\u0101su un toniz\u0113.<\/p>\n<p><strong>Lieto\u0161\u0101na:\u00a0<\/strong> Uzkl\u0101jiet uz sausas \u0101das p\u0113c mazg\u0101\u0161anas, izvairoties no acu zonas, uzacu un mutes. Pagaidiet apm\u0113ram 15 min\u016btes, l\u012bdz maska ies\u016bcas, un p\u0113c tam dodieties gul\u0113t. No r\u012bta no\u0146emiet caursp\u012bd\u012bgo pl\u0113v\u012bti, kas izveidojusies, kr\u0113mveida tekst\u016brai ies\u016bcoties. R\u016bp\u012bgi noskalojiet ar siltu \u016bdeni.<\/p>\n<p>S\u0101stavs: Aqua, Polyvinyl Alcohol, Glycerin, Agave Americana Stem Extract, Niacinamide, Sodium Hyaluronate, 1,2-hexanediol, Chlorella Vulgaris Extract, Cynanchum Atratum Extract, Althaea Rosea Flower Extract, Pancratium Maritimum Extract, Collagen Extract (0.1ppm), Caprylyl Glycol, Polyglyceryl-10 Laurate, Glucose, Butylene Glycol, Ethylh Exylglycerin, Fructooligosaccha Rides, Fructose, Adenosine, Caprylic\/Capric Triglyceride, Hydrogenated Lecithin, Ceramide NP, Tocopherol, Sodium Stearoyl Glutamate, Xanthan Gum<\/p>\n","protected":false},"excerpt":{"rendered":"<p>Medicube Collagen Night Wrapping Mask\u00a0 iet\u012b\u0161anas maska ar liftinga efektu, nostiepj un uzlabo \u0101das elast\u012bbu, efekt\u012bvi izl\u012bdzina \u0101das krokas un nov\u0113r\u0161 audu nov\u012b\u0161anu.<\/p>\n","protected":false},"featured_media":21998,"comment_status":"closed","ping_status":"closed","template":"","meta":{"site-sidebar-layout":"default","site-content-layout":"","ast-site-content-layout":"default","site-content-style":"default","site-sidebar-style":"default","ast-global-header-display":"","ast-banner-title-visibility":"","ast-main-header-display":"","ast-hfb-above-header-display":"","ast-hfb-below-header-display":"","ast-hfb-mobile-header-display":"","site-post-title":"","ast-breadcrumbs-content":"","ast-featured-img":"","footer-sml-layout":"","theme-transparent-header-meta":"default","adv-header-id-meta":"","stick-header-meta":"","header-above-stick-meta":"","header-main-stick-meta":"","header-below-stick-meta":"","astra-migrate-meta-layouts":"set","ast-page-background-enabled":"default","ast-page-background-meta":{"desktop":{"background-color":"var(--ast-global-color-4)","background-image":"","background-repeat":"repeat","background-position":"center center","background-size":"auto","background-attachment":"scroll","background-type":"","background-media":"","overlay-type":"","overlay-color":"","overlay-opacity":"","overlay-gradient":""},"tablet":{"background-color":"","background-image":"","background-repeat":"repeat","background-position":"center center","background-size":"auto","background-attachment":"scroll","background-type":"","background-media":"","overlay-type":"","overlay-color":"","overlay-opacity":"","overlay-gradient":""},"mobile":{"background-color":"","background-image":"","background-repeat":"repeat","background-position":"center center","background-size":"auto","background-attachment":"scroll","background-type":"","background-media":"","overlay-type":"","overlay-color":"","overlay-opacity":"","overlay-gradient":""}},"ast-content-background-meta":{"desktop":{"background-color":"var(--ast-global-color-5)","background-image":"","background-repeat":"repeat","background-position":"center center","background-size":"auto","background-attachment":"scroll","background-type":"","background-media":"","overlay-type":"","overlay-color":"","overlay-opacity":"","overlay-gradient":""},"tablet":{"background-color":"var(--ast-global-color-5)","background-image":"","background-repeat":"repeat","background-position":"center center","background-size":"auto","background-attachment":"scroll","background-type":"","background-media":"","overlay-type":"","overlay-color":"","overlay-opacity":"","overlay-gradient":""},"mobile":{"background-color":"var(--ast-global-color-5)","background-image":"","background-repeat":"repeat","background-position":"center center","background-size":"auto","background-attachment":"scroll","background-type":"","background-media":"","overlay-type":"","overlay-color":"","overlay-opacity":"","overlay-gradient":""}}},"product_brand":[],"product_cat":[315,326,322],"product_tag":[],"berocket_brand":[579],"class_list":{"0":"post-21997","1":"product","2":"type-product","3":"status-publish","4":"has-post-thumbnail","6":"product_cat-maskas","7":"product_cat-mitrinosas","8":"product_cat-nakts","9":"berocket_brand-medicube","10":"desktop-align-left","11":"tablet-align-left","12":"mobile-align-left","14":"first","15":"outofstock","16":"sale","17":"taxable","18":"shipping-taxable","19":"purchasable","20":"product-type-simple","21":"add-to-wishlist-before_image"},"yoast_head":"<!-- This site is optimized with the Yoast SEO plugin v27.4 - https:\/\/yoast.com\/product\/yoast-seo-wordpress\/ -->\n<title>Medicube Collagen Night Wrapping Mask 75 ml - FACECORNER<\/title>\n<meta name=\"description\" content=\"Medicube Collagen Night Wrapping Mask\u00a0 iet\u012b\u0161anas maska ar liftinga efektu, nostiepj un uzlabo \u0101das elast\u012bbu, efekt\u012bvi izl\u012bdzina \u0101das krokas\" \/>\n<meta name=\"robots\" content=\"index, follow, max-snippet:-1, max-image-preview:large, max-video-preview:-1\" \/>\n<link rel=\"canonical\" href=\"https:\/\/www.facecorner.lv\/lv\/shop\/medicube-collagen-night-wrapping-mask-75-ml\/\" \/>\n<meta property=\"og:locale\" content=\"lv_LV\" \/>\n<meta property=\"og:type\" content=\"article\" \/>\n<meta property=\"og:title\" content=\"Medicube Collagen Night Wrapping Mask 75 ml - FACECORNER\" \/>\n<meta property=\"og:description\" content=\"Medicube Collagen Night Wrapping Mask\u00a0 iet\u012b\u0161anas maska ar liftinga efektu, nostiepj un uzlabo \u0101das elast\u012bbu, efekt\u012bvi izl\u012bdzina \u0101das krokas\" \/>\n<meta property=\"og:url\" content=\"https:\/\/www.facecorner.lv\/lv\/shop\/medicube-collagen-night-wrapping-mask-75-ml\/\" \/>\n<meta property=\"og:site_name\" content=\"FACECORNER\" \/>\n<meta property=\"article:publisher\" content=\"https:\/\/www.facebook.com\/profile.php?id=100063824551839\" \/>\n<meta property=\"article:modified_time\" content=\"2026-02-18T19:03:49+00:00\" \/>\n<meta property=\"og:image\" content=\"https:\/\/www.facecorner.lv\/wp-content\/uploads\/2024\/11\/e609994d-6178-4d4b-8e85-10631d62bbc2.2afac64792b74158c11845378953e3e5.webp\" \/>\n\t<meta property=\"og:image:width\" content=\"1600\" \/>\n\t<meta property=\"og:image:height\" content=\"1600\" \/>\n\t<meta property=\"og:image:type\" content=\"image\/webp\" \/>\n<meta name=\"twitter:card\" content=\"summary_large_image\" \/>\n<meta name=\"twitter:label1\" content=\"Price\" \/>\n\t<meta name=\"twitter:data1\" content=\"&euro;37.00\" \/>\n\t<meta name=\"twitter:label2\" content=\"Availability\" \/>\n\t<meta name=\"twitter:data2\" content=\"Out of stock\" \/>\n<script type=\"application\/ld+json\" class=\"yoast-schema-graph\">{\"@context\":\"https:\\\/\\\/schema.org\",\"@graph\":[{\"@type\":\"WebPage\",\"@id\":\"https:\\\/\\\/www.facecorner.lv\\\/shop\\\/medicube-collagen-night-wrapping-mask-75-ml\\\/\",\"url\":\"https:\\\/\\\/www.facecorner.lv\\\/shop\\\/medicube-collagen-night-wrapping-mask-75-ml\\\/\",\"name\":\"Medicube Collagen Night Wrapping Mask 75 ml - FACECORNER\",\"isPartOf\":{\"@id\":\"https:\\\/\\\/www.facecorner.lv\\\/#website\"},\"primaryImageOfPage\":{\"@id\":\"https:\\\/\\\/www.facecorner.lv\\\/shop\\\/medicube-collagen-night-wrapping-mask-75-ml\\\/#primaryimage\"},\"image\":{\"@id\":\"https:\\\/\\\/www.facecorner.lv\\\/shop\\\/medicube-collagen-night-wrapping-mask-75-ml\\\/#primaryimage\"},\"thumbnailUrl\":\"https:\\\/\\\/www.facecorner.lv\\\/wp-content\\\/uploads\\\/2024\\\/11\\\/e609994d-6178-4d4b-8e85-10631d62bbc2.2afac64792b74158c11845378953e3e5.webp\",\"datePublished\":\"2024-11-25T20:33:24+00:00\",\"dateModified\":\"2026-02-18T19:03:49+00:00\",\"description\":\"Medicube Collagen Night Wrapping Mask\u00a0 iet\u012b\u0161anas maska ar liftinga efektu, nostiepj un uzlabo \u0101das elast\u012bbu, efekt\u012bvi izl\u012bdzina \u0101das krokas\",\"breadcrumb\":{\"@id\":\"https:\\\/\\\/www.facecorner.lv\\\/shop\\\/medicube-collagen-night-wrapping-mask-75-ml\\\/#breadcrumb\"},\"inLanguage\":\"lv-LV\",\"potentialAction\":[{\"@type\":\"ReadAction\",\"target\":[\"https:\\\/\\\/www.facecorner.lv\\\/shop\\\/medicube-collagen-night-wrapping-mask-75-ml\\\/\"]}]},{\"@type\":\"ImageObject\",\"inLanguage\":\"lv-LV\",\"@id\":\"https:\\\/\\\/www.facecorner.lv\\\/shop\\\/medicube-collagen-night-wrapping-mask-75-ml\\\/#primaryimage\",\"url\":\"https:\\\/\\\/www.facecorner.lv\\\/wp-content\\\/uploads\\\/2024\\\/11\\\/e609994d-6178-4d4b-8e85-10631d62bbc2.2afac64792b74158c11845378953e3e5.webp\",\"contentUrl\":\"https:\\\/\\\/www.facecorner.lv\\\/wp-content\\\/uploads\\\/2024\\\/11\\\/e609994d-6178-4d4b-8e85-10631d62bbc2.2afac64792b74158c11845378953e3e5.webp\",\"width\":1600,\"height\":1600,\"caption\":\"Medicube Collagen Night Wrapping Mask 75 ml\"},{\"@type\":\"BreadcrumbList\",\"@id\":\"https:\\\/\\\/www.facecorner.lv\\\/shop\\\/medicube-collagen-night-wrapping-mask-75-ml\\\/#breadcrumb\",\"itemListElement\":[{\"@type\":\"ListItem\",\"position\":1,\"name\":\"Home\",\"item\":\"https:\\\/\\\/www.facecorner.lv\\\/\"},{\"@type\":\"ListItem\",\"position\":2,\"name\":\"Veikals\",\"item\":\"https:\\\/\\\/www.facecorner.lv\\\/shop\\\/\"},{\"@type\":\"ListItem\",\"position\":3,\"name\":\"Medicube Collagen Night Wrapping Mask 75 ml\"}]},{\"@type\":\"WebSite\",\"@id\":\"https:\\\/\\\/www.facecorner.lv\\\/#website\",\"url\":\"https:\\\/\\\/www.facecorner.lv\\\/\",\"name\":\"Facecorner\",\"description\":\"\",\"publisher\":{\"@id\":\"https:\\\/\\\/www.facecorner.lv\\\/#organization\"},\"potentialAction\":[{\"@type\":\"SearchAction\",\"target\":{\"@type\":\"EntryPoint\",\"urlTemplate\":\"https:\\\/\\\/www.facecorner.lv\\\/?s={search_term_string}\"},\"query-input\":{\"@type\":\"PropertyValueSpecification\",\"valueRequired\":true,\"valueName\":\"search_term_string\"}}],\"inLanguage\":\"lv-LV\"},{\"@type\":\"Organization\",\"@id\":\"https:\\\/\\\/www.facecorner.lv\\\/#organization\",\"name\":\"Facecorner\",\"url\":\"https:\\\/\\\/www.facecorner.lv\\\/\",\"logo\":{\"@type\":\"ImageObject\",\"inLanguage\":\"lv-LV\",\"@id\":\"https:\\\/\\\/www.facecorner.lv\\\/#\\\/schema\\\/logo\\\/image\\\/\",\"url\":\"https:\\\/\\\/www.facecorner.lv\\\/wp-content\\\/uploads\\\/2024\\\/04\\\/fc-logo.jpg\",\"contentUrl\":\"https:\\\/\\\/www.facecorner.lv\\\/wp-content\\\/uploads\\\/2024\\\/04\\\/fc-logo.jpg\",\"width\":174,\"height\":28,\"caption\":\"Facecorner\"},\"image\":{\"@id\":\"https:\\\/\\\/www.facecorner.lv\\\/#\\\/schema\\\/logo\\\/image\\\/\"},\"sameAs\":[\"https:\\\/\\\/www.facebook.com\\\/profile.php?id=100063824551839\",\"https:\\\/\\\/www.instagram.com\\\/facecorner_shop\\\/\"]}]}<\/script>\n<meta property=\"product:price:amount\" content=\"37.00\" \/>\n<meta property=\"product:price:currency\" content=\"EUR\" \/>\n<meta property=\"og:availability\" content=\"out of stock\" \/>\n<meta property=\"product:availability\" content=\"out of stock\" \/>\n<meta property=\"product:condition\" content=\"new\" \/>\n<!-- \/ Yoast SEO plugin. -->","yoast_head_json":{"title":"Medicube Collagen Night Wrapping Mask 75 ml - FACECORNER","description":"Medicube Collagen Night Wrapping Mask\u00a0 iet\u012b\u0161anas maska ar liftinga efektu, nostiepj un uzlabo \u0101das elast\u012bbu, efekt\u012bvi izl\u012bdzina \u0101das krokas","robots":{"index":"index","follow":"follow","max-snippet":"max-snippet:-1","max-image-preview":"max-image-preview:large","max-video-preview":"max-video-preview:-1"},"canonical":"https:\/\/www.facecorner.lv\/lv\/shop\/medicube-collagen-night-wrapping-mask-75-ml\/","og_locale":"lv_LV","og_type":"article","og_title":"Medicube Collagen Night Wrapping Mask 75 ml - FACECORNER","og_description":"Medicube Collagen Night Wrapping Mask\u00a0 iet\u012b\u0161anas maska ar liftinga efektu, nostiepj un uzlabo \u0101das elast\u012bbu, efekt\u012bvi izl\u012bdzina \u0101das krokas","og_url":"https:\/\/www.facecorner.lv\/lv\/shop\/medicube-collagen-night-wrapping-mask-75-ml\/","og_site_name":"FACECORNER","article_publisher":"https:\/\/www.facebook.com\/profile.php?id=100063824551839","article_modified_time":"2026-02-18T19:03:49+00:00","og_image":[{"width":1600,"height":1600,"url":"https:\/\/www.facecorner.lv\/wp-content\/uploads\/2024\/11\/e609994d-6178-4d4b-8e85-10631d62bbc2.2afac64792b74158c11845378953e3e5.webp","type":"image\/webp"}],"twitter_card":"summary_large_image","twitter_misc":{"Price":"&euro;37.00","Availability":"Out of stock"},"schema":{"@context":"https:\/\/schema.org","@graph":[{"@type":"WebPage","@id":"https:\/\/www.facecorner.lv\/shop\/medicube-collagen-night-wrapping-mask-75-ml\/","url":"https:\/\/www.facecorner.lv\/shop\/medicube-collagen-night-wrapping-mask-75-ml\/","name":"Medicube Collagen Night Wrapping Mask 75 ml - FACECORNER","isPartOf":{"@id":"https:\/\/www.facecorner.lv\/#website"},"primaryImageOfPage":{"@id":"https:\/\/www.facecorner.lv\/shop\/medicube-collagen-night-wrapping-mask-75-ml\/#primaryimage"},"image":{"@id":"https:\/\/www.facecorner.lv\/shop\/medicube-collagen-night-wrapping-mask-75-ml\/#primaryimage"},"thumbnailUrl":"https:\/\/www.facecorner.lv\/wp-content\/uploads\/2024\/11\/e609994d-6178-4d4b-8e85-10631d62bbc2.2afac64792b74158c11845378953e3e5.webp","datePublished":"2024-11-25T20:33:24+00:00","dateModified":"2026-02-18T19:03:49+00:00","description":"Medicube Collagen Night Wrapping Mask\u00a0 iet\u012b\u0161anas maska ar liftinga efektu, nostiepj un uzlabo \u0101das elast\u012bbu, efekt\u012bvi izl\u012bdzina \u0101das krokas","breadcrumb":{"@id":"https:\/\/www.facecorner.lv\/shop\/medicube-collagen-night-wrapping-mask-75-ml\/#breadcrumb"},"inLanguage":"lv-LV","potentialAction":[{"@type":"ReadAction","target":["https:\/\/www.facecorner.lv\/shop\/medicube-collagen-night-wrapping-mask-75-ml\/"]}]},{"@type":"ImageObject","inLanguage":"lv-LV","@id":"https:\/\/www.facecorner.lv\/shop\/medicube-collagen-night-wrapping-mask-75-ml\/#primaryimage","url":"https:\/\/www.facecorner.lv\/wp-content\/uploads\/2024\/11\/e609994d-6178-4d4b-8e85-10631d62bbc2.2afac64792b74158c11845378953e3e5.webp","contentUrl":"https:\/\/www.facecorner.lv\/wp-content\/uploads\/2024\/11\/e609994d-6178-4d4b-8e85-10631d62bbc2.2afac64792b74158c11845378953e3e5.webp","width":1600,"height":1600,"caption":"Medicube Collagen Night Wrapping Mask 75 ml"},{"@type":"BreadcrumbList","@id":"https:\/\/www.facecorner.lv\/shop\/medicube-collagen-night-wrapping-mask-75-ml\/#breadcrumb","itemListElement":[{"@type":"ListItem","position":1,"name":"Home","item":"https:\/\/www.facecorner.lv\/"},{"@type":"ListItem","position":2,"name":"Veikals","item":"https:\/\/www.facecorner.lv\/shop\/"},{"@type":"ListItem","position":3,"name":"Medicube Collagen Night Wrapping Mask 75 ml"}]},{"@type":"WebSite","@id":"https:\/\/www.facecorner.lv\/#website","url":"https:\/\/www.facecorner.lv\/","name":"Facecorner","description":"","publisher":{"@id":"https:\/\/www.facecorner.lv\/#organization"},"potentialAction":[{"@type":"SearchAction","target":{"@type":"EntryPoint","urlTemplate":"https:\/\/www.facecorner.lv\/?s={search_term_string}"},"query-input":{"@type":"PropertyValueSpecification","valueRequired":true,"valueName":"search_term_string"}}],"inLanguage":"lv-LV"},{"@type":"Organization","@id":"https:\/\/www.facecorner.lv\/#organization","name":"Facecorner","url":"https:\/\/www.facecorner.lv\/","logo":{"@type":"ImageObject","inLanguage":"lv-LV","@id":"https:\/\/www.facecorner.lv\/#\/schema\/logo\/image\/","url":"https:\/\/www.facecorner.lv\/wp-content\/uploads\/2024\/04\/fc-logo.jpg","contentUrl":"https:\/\/www.facecorner.lv\/wp-content\/uploads\/2024\/04\/fc-logo.jpg","width":174,"height":28,"caption":"Facecorner"},"image":{"@id":"https:\/\/www.facecorner.lv\/#\/schema\/logo\/image\/"},"sameAs":["https:\/\/www.facebook.com\/profile.php?id=100063824551839","https:\/\/www.instagram.com\/facecorner_shop\/"]}]},"product_price_amount":"37.00","product_price_currency":"EUR","og_availability":"out of stock","product_availability":"out of stock","product_condition":"new"},"_links":{"self":[{"href":"https:\/\/www.facecorner.lv\/lv\/wp-json\/wp\/v2\/product\/21997","targetHints":{"allow":["GET"]}}],"collection":[{"href":"https:\/\/www.facecorner.lv\/lv\/wp-json\/wp\/v2\/product"}],"about":[{"href":"https:\/\/www.facecorner.lv\/lv\/wp-json\/wp\/v2\/types\/product"}],"replies":[{"embeddable":true,"href":"https:\/\/www.facecorner.lv\/lv\/wp-json\/wp\/v2\/comments?post=21997"}],"wp:featuredmedia":[{"embeddable":true,"href":"https:\/\/www.facecorner.lv\/lv\/wp-json\/wp\/v2\/media\/21998"}],"wp:attachment":[{"href":"https:\/\/www.facecorner.lv\/lv\/wp-json\/wp\/v2\/media?parent=21997"}],"wp:term":[{"taxonomy":"product_brand","embeddable":true,"href":"https:\/\/www.facecorner.lv\/lv\/wp-json\/wp\/v2\/product_brand?post=21997"},{"taxonomy":"product_cat","embeddable":true,"href":"https:\/\/www.facecorner.lv\/lv\/wp-json\/wp\/v2\/product_cat?post=21997"},{"taxonomy":"product_tag","embeddable":true,"href":"https:\/\/www.facecorner.lv\/lv\/wp-json\/wp\/v2\/product_tag?post=21997"},{"taxonomy":"berocket_brand","embeddable":true,"href":"https:\/\/www.facecorner.lv\/lv\/wp-json\/wp\/v2\/berocket_brand?post=21997"}],"curies":[{"name":"wp","href":"https:\/\/api.w.org\/{rel}","templated":true}]}}