{"id":21993,"date":"2024-11-25T23:26:31","date_gmt":"2024-11-25T20:26:31","guid":{"rendered":"https:\/\/www.facecorner.lv\/?post_type=product&#038;p=21993"},"modified":"2024-12-09T10:13:34","modified_gmt":"2024-12-09T07:13:34","slug":"vt-cosmetics-reedle-shot-1000-15ml","status":"publish","type":"product","link":"https:\/\/www.facecorner.lv\/lv\/shop\/vt-cosmetics-reedle-shot-1000-15ml\/","title":{"rendered":"VT Cosmetics Reedle Shot 1000 15ml"},"content":{"rendered":"<p>VT Cosmetics Reedle Shot 1000 sejas kop\u0161anas l\u012bdzeklis. \u013bauj akt\u012bvaj\u0101m sast\u0101vda\u013c\u0101m iek\u013c\u016bt dzi\u013ci \u0101d\u0101, nodro\u0161inot intens\u012bvu kop\u0161anu. Satur Cica Reedle\u2122 kompleksu, kura molekulas ir daudz maz\u0101kas nek\u0101 \u0101das poras, t\u0101p\u0113c sast\u0101vda\u013cas viegl\u0101k uzs\u016bcas un stimul\u0113 \u0101das atjauno\u0161anos.<\/p>\n<p>Niacinam\u012bds samazina pigment\u0101ciju, normaliz\u0113 sebuma veido\u0161anos un padara \u0101du gai\u0161\u0101ku, savuk\u0101rt adenoz\u012bns samazina jau izveidoju\u0161os grumbi\u0146u izskatu. Formula satur ar\u012b aminosk\u0101bes, kas uzlabo mitrin\u0101\u0161anu un iedarbojas pret noveco\u0161anos. Propolisa ekstrakts papildus nomierina un mazina iekaisumus.<\/p>\n<p><strong>Reedle Shot 1000 ir viskoncentr\u0113t\u0101kais VT z\u012bmola produkts. Ieteicams lietot lok\u0101li vienu reizi ned\u0113\u013c\u0101 (vakara kop\u0161anai). T\u0101 m\u0113r\u0137is ir pa\u0101trin\u0101t \u0101das re\u0123ener\u0101cijas un atjauno\u0161an\u0101s procesus. Ieteicams tiem, kuri jau ir pieradu\u0161i lietot Reedle Shot 700.<\/strong><\/p>\n<p><strong>Lieto\u0161ana:<\/strong> vakara kop\u0161anas laik\u0101 uz iepriek\u0161 att\u012br\u012btas \u0101das uzkl\u0101jiet nepiecie\u0161amo produkta daudzumu, izkl\u0101jiet ar pirkstiem un pagaidiet, l\u012bdz piln\u012bb\u0101 ies\u016bcas. Turpiniet kop\u0161anu ar toniz\u0113\u0161anas un mitrin\u0101\u0161anas posmiem. Serumu ieteicams lietot reizi ned\u0113\u013c\u0101.<\/p>\n<p><strong>Uzman\u012bbu! Pastiprino\u0161ais serums ar mikroacikliem VT Cosmetics Reedle Shot 1000 Lieto\u0161anas laik\u0101 var b\u016bt j\u016btams neliels tirp\u0161anas saj\u016bta, kas ir piln\u012bgi norm\u0101li un nor\u0101da uz \u0101das st\u0101vok\u013ca uzlabo\u0161anos. Esiet dro\u0161a, tas satur \u201ccica reedle\u201d nomierino\u0161ai iedarb\u012bbai. Lai mazin\u0101tu tirp\u0161anas saj\u016btu, m\u0113\u0123iniet uzkl\u0101t toniku p\u0113c att\u012br\u012b\u0161anas un p\u0113c tam viegli uzkl\u0101jiet esenci.<\/strong><\/p>\n<p><strong>Piesardz\u012bbas pas\u0101kumi:<\/strong> nelietot vienlaikus ar p\u012blingiem vai skrubjiem, k\u0101 ar\u012b ar produktiem, kuru sast\u0101v\u0101 ir retinols, AHA, BHA, C vitam\u012bns liel\u0101 koncentr\u0101cij\u0101. Nav ieteicams lietot p\u0113c dermatolo\u0123isk\u0101m proced\u016br\u0101m, kas traum\u0113 raga sl\u0101ni: p\u012blings, apar\u0101tkozmetolo\u0123ija, injekcijas.<\/p>\n<p><strong>S\u0101stavs:<\/strong> Aqua, Methylpropanediol, Propanediol, Caprylic\/Capric Triglyceride, Butylene Glycol, Glycerin, Pentylene Glycol, Titanium Dioxide (CI 77891), Trimethylsiloxysilicate, Niacinamide, Mica (CI 77019), 1,2-Hexanediol, Polymethylsilsesquioxane, Panthenol, Polyglyceryl-3 Methylglucose Distearate, Polyglyceryl-2 Stearate, Hydrogenated Polydecene, Polyhydroxystearic Acid, Dipropylene Glycol, Dimethicone, Trideceth-6, Hydrogenated Poly(C6-14 Olefin), Ammonium Acryloyldimethyltaurate\/VP Copolymer, Caprylyl Methicone, Octyldodecanol, Ammonium Acryloyldimethyltaurate\/Beheneth-25 Methacrylate Crosspolymer, Glyceryl Stearate, Stearic Acid, Xanthan Gum, Disodium EDTA, Ethylhexylglycerin, Parfum, Adenosine, Adenosine Triphosphate, Hydrogenated Lecithin, Hyaluronic Acid, Ascorbyl Glucoside, Lactobionic Acid, Lactic Acid, Lactococcus Ferment Lysate, Trehalose, Dipotassium Glycyrrhizate, Aloe Barbadensis Leaf Extract, Simmondsia Chinensis (Jojoba) Seed Oil, Sodium Hyaluronate, Glycolipids, Cholesterol, Glutamic Acid, Glycine, Aspartic Acid, Alanine, Lysine, Arginine, Threonine, Proline, Valine, Isoleucine, Serine, Histidine, Phenylalanine, Tyrosine, Cysteine, Glycol Distearate, Methionine<\/p>\n","protected":false},"excerpt":{"rendered":"<p>VT Cosmetics Reedle Shot 1000 sejas kop\u0161anas l\u012bdzeklis. \u013bauj akt\u012bvaj\u0101m sast\u0101vda\u013c\u0101m iek\u013c\u016bt dzi\u013ci \u0101d\u0101, nodro\u0161inot intens\u012bvu kop\u0161anu. Satur Cica Reedle\u2122 kompleksu, kura molekulas ir daudz maz\u0101kas nek\u0101 \u0101das poras, t\u0101p\u0113c sast\u0101vda\u013cas viegl\u0101k uzs\u016bcas un stimul\u0113 \u0101das atjauno\u0161anos.<\/p>\n","protected":false},"featured_media":21994,"comment_status":"closed","ping_status":"closed","template":"","meta":{"site-sidebar-layout":"default","site-content-layout":"","ast-site-content-layout":"default","site-content-style":"default","site-sidebar-style":"default","ast-global-header-display":"","ast-banner-title-visibility":"","ast-main-header-display":"","ast-hfb-above-header-display":"","ast-hfb-below-header-display":"","ast-hfb-mobile-header-display":"","site-post-title":"","ast-breadcrumbs-content":"","ast-featured-img":"","footer-sml-layout":"","theme-transparent-header-meta":"default","adv-header-id-meta":"","stick-header-meta":"","header-above-stick-meta":"","header-main-stick-meta":"","header-below-stick-meta":"","astra-migrate-meta-layouts":"set","ast-page-background-enabled":"default","ast-page-background-meta":{"desktop":{"background-color":"var(--ast-global-color-4)","background-image":"","background-repeat":"repeat","background-position":"center center","background-size":"auto","background-attachment":"scroll","background-type":"","background-media":"","overlay-type":"","overlay-color":"","overlay-opacity":"","overlay-gradient":""},"tablet":{"background-color":"","background-image":"","background-repeat":"repeat","background-position":"center center","background-size":"auto","background-attachment":"scroll","background-type":"","background-media":"","overlay-type":"","overlay-color":"","overlay-opacity":"","overlay-gradient":""},"mobile":{"background-color":"","background-image":"","background-repeat":"repeat","background-position":"center center","background-size":"auto","background-attachment":"scroll","background-type":"","background-media":"","overlay-type":"","overlay-color":"","overlay-opacity":"","overlay-gradient":""}},"ast-content-background-meta":{"desktop":{"background-color":"var(--ast-global-color-5)","background-image":"","background-repeat":"repeat","background-position":"center center","background-size":"auto","background-attachment":"scroll","background-type":"","background-media":"","overlay-type":"","overlay-color":"","overlay-opacity":"","overlay-gradient":""},"tablet":{"background-color":"var(--ast-global-color-5)","background-image":"","background-repeat":"repeat","background-position":"center center","background-size":"auto","background-attachment":"scroll","background-type":"","background-media":"","overlay-type":"","overlay-color":"","overlay-opacity":"","overlay-gradient":""},"mobile":{"background-color":"var(--ast-global-color-5)","background-image":"","background-repeat":"repeat","background-position":"center center","background-size":"auto","background-attachment":"scroll","background-type":"","background-media":"","overlay-type":"","overlay-color":"","overlay-opacity":"","overlay-gradient":""}}},"product_brand":[],"product_cat":[370,371,363],"product_tag":[],"berocket_brand":[582],"class_list":{"0":"post-21993","1":"product","2":"type-product","3":"status-publish","4":"has-post-thumbnail","6":"product_cat-adas-mirdzumam","7":"product_cat-anti-age","8":"product_cat-serumi","9":"berocket_brand-vt","10":"desktop-align-left","11":"tablet-align-left","12":"mobile-align-left","14":"first","15":"instock","16":"taxable","17":"shipping-taxable","18":"purchasable","19":"product-type-simple","20":"add-to-wishlist-before_image"},"yoast_head":"<!-- This site is optimized with the Yoast SEO plugin v27.4 - https:\/\/yoast.com\/product\/yoast-seo-wordpress\/ -->\n<title>VT Cosmetics Reedle Shot 1000 15ml - FACECORNER<\/title>\n<meta name=\"description\" content=\"VT Cosmetics Reedle Shot 1000 sejas kop\u0161anas l\u012bdzeklis. \u013bauj akt\u012bvaj\u0101m sast\u0101vda\u013c\u0101m iek\u013c\u016bt dzi\u013ci \u0101d\u0101, nodro\u0161inot intens\u012bvu kop\u0161anu.\" \/>\n<meta name=\"robots\" content=\"index, follow, max-snippet:-1, max-image-preview:large, max-video-preview:-1\" \/>\n<link rel=\"canonical\" href=\"https:\/\/www.facecorner.lv\/lv\/shop\/vt-cosmetics-reedle-shot-1000-15ml\/\" \/>\n<meta property=\"og:locale\" content=\"lv_LV\" \/>\n<meta property=\"og:type\" content=\"article\" \/>\n<meta property=\"og:title\" content=\"VT Cosmetics Reedle Shot 1000 15ml - FACECORNER\" \/>\n<meta property=\"og:description\" content=\"VT Cosmetics Reedle Shot 1000 sejas kop\u0161anas l\u012bdzeklis. \u013bauj akt\u012bvaj\u0101m sast\u0101vda\u013c\u0101m iek\u013c\u016bt dzi\u013ci \u0101d\u0101, nodro\u0161inot intens\u012bvu kop\u0161anu.\" \/>\n<meta property=\"og:url\" content=\"https:\/\/www.facecorner.lv\/lv\/shop\/vt-cosmetics-reedle-shot-1000-15ml\/\" \/>\n<meta property=\"og:site_name\" content=\"FACECORNER\" \/>\n<meta property=\"article:publisher\" content=\"https:\/\/www.facebook.com\/profile.php?id=100063824551839\" \/>\n<meta property=\"article:modified_time\" content=\"2024-12-09T07:13:34+00:00\" \/>\n<meta property=\"og:image\" content=\"https:\/\/www.facecorner.lv\/wp-content\/uploads\/2024\/11\/VT_Cosmetics_Reedle_Shot_1000_15_mL_KBeauty_Australia__94097.jpg\" \/>\n\t<meta property=\"og:image:width\" content=\"1280\" \/>\n\t<meta property=\"og:image:height\" content=\"1280\" \/>\n\t<meta property=\"og:image:type\" content=\"image\/jpeg\" \/>\n<meta name=\"twitter:card\" content=\"summary_large_image\" \/>\n<meta name=\"twitter:label1\" content=\"Price\" \/>\n\t<meta name=\"twitter:data1\" content=\"&euro;60.00\" \/>\n\t<meta name=\"twitter:label2\" content=\"Availability\" \/>\n\t<meta name=\"twitter:data2\" content=\"In stock\" \/>\n<script type=\"application\/ld+json\" class=\"yoast-schema-graph\">{\"@context\":\"https:\\\/\\\/schema.org\",\"@graph\":[{\"@type\":\"WebPage\",\"@id\":\"https:\\\/\\\/www.facecorner.lv\\\/shop\\\/vt-cosmetics-reedle-shot-1000-15ml\\\/\",\"url\":\"https:\\\/\\\/www.facecorner.lv\\\/shop\\\/vt-cosmetics-reedle-shot-1000-15ml\\\/\",\"name\":\"VT Cosmetics Reedle Shot 1000 15ml - FACECORNER\",\"isPartOf\":{\"@id\":\"https:\\\/\\\/www.facecorner.lv\\\/#website\"},\"primaryImageOfPage\":{\"@id\":\"https:\\\/\\\/www.facecorner.lv\\\/shop\\\/vt-cosmetics-reedle-shot-1000-15ml\\\/#primaryimage\"},\"image\":{\"@id\":\"https:\\\/\\\/www.facecorner.lv\\\/shop\\\/vt-cosmetics-reedle-shot-1000-15ml\\\/#primaryimage\"},\"thumbnailUrl\":\"https:\\\/\\\/www.facecorner.lv\\\/wp-content\\\/uploads\\\/2024\\\/11\\\/VT_Cosmetics_Reedle_Shot_1000_15_mL_KBeauty_Australia__94097.jpg\",\"datePublished\":\"2024-11-25T20:26:31+00:00\",\"dateModified\":\"2024-12-09T07:13:34+00:00\",\"description\":\"VT Cosmetics Reedle Shot 1000 sejas kop\u0161anas l\u012bdzeklis. \u013bauj akt\u012bvaj\u0101m sast\u0101vda\u013c\u0101m iek\u013c\u016bt dzi\u013ci \u0101d\u0101, nodro\u0161inot intens\u012bvu kop\u0161anu.\",\"breadcrumb\":{\"@id\":\"https:\\\/\\\/www.facecorner.lv\\\/shop\\\/vt-cosmetics-reedle-shot-1000-15ml\\\/#breadcrumb\"},\"inLanguage\":\"lv-LV\",\"potentialAction\":[{\"@type\":\"ReadAction\",\"target\":[\"https:\\\/\\\/www.facecorner.lv\\\/shop\\\/vt-cosmetics-reedle-shot-1000-15ml\\\/\"]}]},{\"@type\":\"ImageObject\",\"inLanguage\":\"lv-LV\",\"@id\":\"https:\\\/\\\/www.facecorner.lv\\\/shop\\\/vt-cosmetics-reedle-shot-1000-15ml\\\/#primaryimage\",\"url\":\"https:\\\/\\\/www.facecorner.lv\\\/wp-content\\\/uploads\\\/2024\\\/11\\\/VT_Cosmetics_Reedle_Shot_1000_15_mL_KBeauty_Australia__94097.jpg\",\"contentUrl\":\"https:\\\/\\\/www.facecorner.lv\\\/wp-content\\\/uploads\\\/2024\\\/11\\\/VT_Cosmetics_Reedle_Shot_1000_15_mL_KBeauty_Australia__94097.jpg\",\"width\":1280,\"height\":1280,\"caption\":\"VT Cosmetics - Reedle Shot 1000\"},{\"@type\":\"BreadcrumbList\",\"@id\":\"https:\\\/\\\/www.facecorner.lv\\\/shop\\\/vt-cosmetics-reedle-shot-1000-15ml\\\/#breadcrumb\",\"itemListElement\":[{\"@type\":\"ListItem\",\"position\":1,\"name\":\"Home\",\"item\":\"https:\\\/\\\/www.facecorner.lv\\\/\"},{\"@type\":\"ListItem\",\"position\":2,\"name\":\"Veikals\",\"item\":\"https:\\\/\\\/www.facecorner.lv\\\/shop\\\/\"},{\"@type\":\"ListItem\",\"position\":3,\"name\":\"VT Cosmetics Reedle Shot 1000 15ml\"}]},{\"@type\":\"WebSite\",\"@id\":\"https:\\\/\\\/www.facecorner.lv\\\/#website\",\"url\":\"https:\\\/\\\/www.facecorner.lv\\\/\",\"name\":\"Facecorner\",\"description\":\"\",\"publisher\":{\"@id\":\"https:\\\/\\\/www.facecorner.lv\\\/#organization\"},\"potentialAction\":[{\"@type\":\"SearchAction\",\"target\":{\"@type\":\"EntryPoint\",\"urlTemplate\":\"https:\\\/\\\/www.facecorner.lv\\\/?s={search_term_string}\"},\"query-input\":{\"@type\":\"PropertyValueSpecification\",\"valueRequired\":true,\"valueName\":\"search_term_string\"}}],\"inLanguage\":\"lv-LV\"},{\"@type\":\"Organization\",\"@id\":\"https:\\\/\\\/www.facecorner.lv\\\/#organization\",\"name\":\"Facecorner\",\"url\":\"https:\\\/\\\/www.facecorner.lv\\\/\",\"logo\":{\"@type\":\"ImageObject\",\"inLanguage\":\"lv-LV\",\"@id\":\"https:\\\/\\\/www.facecorner.lv\\\/#\\\/schema\\\/logo\\\/image\\\/\",\"url\":\"https:\\\/\\\/www.facecorner.lv\\\/wp-content\\\/uploads\\\/2024\\\/04\\\/fc-logo.jpg\",\"contentUrl\":\"https:\\\/\\\/www.facecorner.lv\\\/wp-content\\\/uploads\\\/2024\\\/04\\\/fc-logo.jpg\",\"width\":174,\"height\":28,\"caption\":\"Facecorner\"},\"image\":{\"@id\":\"https:\\\/\\\/www.facecorner.lv\\\/#\\\/schema\\\/logo\\\/image\\\/\"},\"sameAs\":[\"https:\\\/\\\/www.facebook.com\\\/profile.php?id=100063824551839\",\"https:\\\/\\\/www.instagram.com\\\/facecorner_shop\\\/\"]}]}<\/script>\n<meta property=\"product:price:amount\" content=\"60.00\" \/>\n<meta property=\"product:price:currency\" content=\"EUR\" \/>\n<meta property=\"og:availability\" content=\"instock\" \/>\n<meta property=\"product:availability\" content=\"instock\" \/>\n<meta property=\"product:condition\" content=\"new\" \/>\n<!-- \/ Yoast SEO plugin. -->","yoast_head_json":{"title":"VT Cosmetics Reedle Shot 1000 15ml - FACECORNER","description":"VT Cosmetics Reedle Shot 1000 sejas kop\u0161anas l\u012bdzeklis. \u013bauj akt\u012bvaj\u0101m sast\u0101vda\u013c\u0101m iek\u013c\u016bt dzi\u013ci \u0101d\u0101, nodro\u0161inot intens\u012bvu kop\u0161anu.","robots":{"index":"index","follow":"follow","max-snippet":"max-snippet:-1","max-image-preview":"max-image-preview:large","max-video-preview":"max-video-preview:-1"},"canonical":"https:\/\/www.facecorner.lv\/lv\/shop\/vt-cosmetics-reedle-shot-1000-15ml\/","og_locale":"lv_LV","og_type":"article","og_title":"VT Cosmetics Reedle Shot 1000 15ml - FACECORNER","og_description":"VT Cosmetics Reedle Shot 1000 sejas kop\u0161anas l\u012bdzeklis. \u013bauj akt\u012bvaj\u0101m sast\u0101vda\u013c\u0101m iek\u013c\u016bt dzi\u013ci \u0101d\u0101, nodro\u0161inot intens\u012bvu kop\u0161anu.","og_url":"https:\/\/www.facecorner.lv\/lv\/shop\/vt-cosmetics-reedle-shot-1000-15ml\/","og_site_name":"FACECORNER","article_publisher":"https:\/\/www.facebook.com\/profile.php?id=100063824551839","article_modified_time":"2024-12-09T07:13:34+00:00","og_image":[{"width":1280,"height":1280,"url":"https:\/\/www.facecorner.lv\/wp-content\/uploads\/2024\/11\/VT_Cosmetics_Reedle_Shot_1000_15_mL_KBeauty_Australia__94097.jpg","type":"image\/jpeg"}],"twitter_card":"summary_large_image","twitter_misc":{"Price":"&euro;60.00","Availability":"In stock"},"schema":{"@context":"https:\/\/schema.org","@graph":[{"@type":"WebPage","@id":"https:\/\/www.facecorner.lv\/shop\/vt-cosmetics-reedle-shot-1000-15ml\/","url":"https:\/\/www.facecorner.lv\/shop\/vt-cosmetics-reedle-shot-1000-15ml\/","name":"VT Cosmetics Reedle Shot 1000 15ml - FACECORNER","isPartOf":{"@id":"https:\/\/www.facecorner.lv\/#website"},"primaryImageOfPage":{"@id":"https:\/\/www.facecorner.lv\/shop\/vt-cosmetics-reedle-shot-1000-15ml\/#primaryimage"},"image":{"@id":"https:\/\/www.facecorner.lv\/shop\/vt-cosmetics-reedle-shot-1000-15ml\/#primaryimage"},"thumbnailUrl":"https:\/\/www.facecorner.lv\/wp-content\/uploads\/2024\/11\/VT_Cosmetics_Reedle_Shot_1000_15_mL_KBeauty_Australia__94097.jpg","datePublished":"2024-11-25T20:26:31+00:00","dateModified":"2024-12-09T07:13:34+00:00","description":"VT Cosmetics Reedle Shot 1000 sejas kop\u0161anas l\u012bdzeklis. \u013bauj akt\u012bvaj\u0101m sast\u0101vda\u013c\u0101m iek\u013c\u016bt dzi\u013ci \u0101d\u0101, nodro\u0161inot intens\u012bvu kop\u0161anu.","breadcrumb":{"@id":"https:\/\/www.facecorner.lv\/shop\/vt-cosmetics-reedle-shot-1000-15ml\/#breadcrumb"},"inLanguage":"lv-LV","potentialAction":[{"@type":"ReadAction","target":["https:\/\/www.facecorner.lv\/shop\/vt-cosmetics-reedle-shot-1000-15ml\/"]}]},{"@type":"ImageObject","inLanguage":"lv-LV","@id":"https:\/\/www.facecorner.lv\/shop\/vt-cosmetics-reedle-shot-1000-15ml\/#primaryimage","url":"https:\/\/www.facecorner.lv\/wp-content\/uploads\/2024\/11\/VT_Cosmetics_Reedle_Shot_1000_15_mL_KBeauty_Australia__94097.jpg","contentUrl":"https:\/\/www.facecorner.lv\/wp-content\/uploads\/2024\/11\/VT_Cosmetics_Reedle_Shot_1000_15_mL_KBeauty_Australia__94097.jpg","width":1280,"height":1280,"caption":"VT Cosmetics - Reedle Shot 1000"},{"@type":"BreadcrumbList","@id":"https:\/\/www.facecorner.lv\/shop\/vt-cosmetics-reedle-shot-1000-15ml\/#breadcrumb","itemListElement":[{"@type":"ListItem","position":1,"name":"Home","item":"https:\/\/www.facecorner.lv\/"},{"@type":"ListItem","position":2,"name":"Veikals","item":"https:\/\/www.facecorner.lv\/shop\/"},{"@type":"ListItem","position":3,"name":"VT Cosmetics Reedle Shot 1000 15ml"}]},{"@type":"WebSite","@id":"https:\/\/www.facecorner.lv\/#website","url":"https:\/\/www.facecorner.lv\/","name":"Facecorner","description":"","publisher":{"@id":"https:\/\/www.facecorner.lv\/#organization"},"potentialAction":[{"@type":"SearchAction","target":{"@type":"EntryPoint","urlTemplate":"https:\/\/www.facecorner.lv\/?s={search_term_string}"},"query-input":{"@type":"PropertyValueSpecification","valueRequired":true,"valueName":"search_term_string"}}],"inLanguage":"lv-LV"},{"@type":"Organization","@id":"https:\/\/www.facecorner.lv\/#organization","name":"Facecorner","url":"https:\/\/www.facecorner.lv\/","logo":{"@type":"ImageObject","inLanguage":"lv-LV","@id":"https:\/\/www.facecorner.lv\/#\/schema\/logo\/image\/","url":"https:\/\/www.facecorner.lv\/wp-content\/uploads\/2024\/04\/fc-logo.jpg","contentUrl":"https:\/\/www.facecorner.lv\/wp-content\/uploads\/2024\/04\/fc-logo.jpg","width":174,"height":28,"caption":"Facecorner"},"image":{"@id":"https:\/\/www.facecorner.lv\/#\/schema\/logo\/image\/"},"sameAs":["https:\/\/www.facebook.com\/profile.php?id=100063824551839","https:\/\/www.instagram.com\/facecorner_shop\/"]}]},"product_price_amount":"60.00","product_price_currency":"EUR","og_availability":"instock","product_availability":"instock","product_condition":"new"},"_links":{"self":[{"href":"https:\/\/www.facecorner.lv\/lv\/wp-json\/wp\/v2\/product\/21993","targetHints":{"allow":["GET"]}}],"collection":[{"href":"https:\/\/www.facecorner.lv\/lv\/wp-json\/wp\/v2\/product"}],"about":[{"href":"https:\/\/www.facecorner.lv\/lv\/wp-json\/wp\/v2\/types\/product"}],"replies":[{"embeddable":true,"href":"https:\/\/www.facecorner.lv\/lv\/wp-json\/wp\/v2\/comments?post=21993"}],"wp:featuredmedia":[{"embeddable":true,"href":"https:\/\/www.facecorner.lv\/lv\/wp-json\/wp\/v2\/media\/21994"}],"wp:attachment":[{"href":"https:\/\/www.facecorner.lv\/lv\/wp-json\/wp\/v2\/media?parent=21993"}],"wp:term":[{"taxonomy":"product_brand","embeddable":true,"href":"https:\/\/www.facecorner.lv\/lv\/wp-json\/wp\/v2\/product_brand?post=21993"},{"taxonomy":"product_cat","embeddable":true,"href":"https:\/\/www.facecorner.lv\/lv\/wp-json\/wp\/v2\/product_cat?post=21993"},{"taxonomy":"product_tag","embeddable":true,"href":"https:\/\/www.facecorner.lv\/lv\/wp-json\/wp\/v2\/product_tag?post=21993"},{"taxonomy":"berocket_brand","embeddable":true,"href":"https:\/\/www.facecorner.lv\/lv\/wp-json\/wp\/v2\/berocket_brand?post=21993"}],"curies":[{"name":"wp","href":"https:\/\/api.w.org\/{rel}","templated":true}]}}