{"id":21986,"date":"2024-11-25T23:11:50","date_gmt":"2024-11-25T20:11:50","guid":{"rendered":"https:\/\/www.facecorner.lv\/?post_type=product&#038;p=21986"},"modified":"2025-12-04T12:10:13","modified_gmt":"2025-12-04T09:10:13","slug":"medicube-age-r-vita-c-pro-ampoule-20ml","status":"publish","type":"product","link":"https:\/\/www.facecorner.lv\/lv\/shop\/medicube-age-r-vita-c-pro-ampoule-20ml\/","title":{"rendered":"Medicube AGE-R Vita C Pro Ampoule  20ml"},"content":{"rendered":"<p>Medicube AGE-R Vita C Pro Ampoule ir sp\u0113c\u012bgs l\u012bdzeklis, kas paredz\u0113ts \u0101das izgaismo\u0161anai un vecuma plankumu mazin\u0101\u0161anai. T\u0101 sast\u0101v\u0101 ir 25% t\u012bra C vitam\u012bna, kas efekt\u012bvi c\u012bn\u0101s pret nevienm\u0113r\u012bgu \u0101das toni un uzlabo \u0101das elast\u012bbu. Produkts ir bag\u0101tin\u0101ts ar 2% vitam\u012bna B5 un cit\u0101m akt\u012bvaj\u0101m sast\u0101vda\u013c\u0101m, kas efekt\u012bvi mitrina \u0101du un pie\u0161\u0137ir tai vesel\u012bgu mirdzumu bez lip\u012bguma saj\u016btas.<\/p>\n<p><strong>Ieguvumi:<\/strong><\/p>\n<ul>\n<li>Tas satur 25% t\u012bra C vitam\u012bna, kas efekt\u012bvi samazina vecuma plankumus un padara \u0101das toni vienm\u0113r\u012bg\u0101ku.<\/li>\n<li>Uzlabo \u0101das elast\u012bbu: ampulas pal\u012bdz savilkt \u0101du un uzlabot t\u0101s elast\u012bbu.<\/li>\n<li>Nelip\u012bga tekst\u016bra: viegla un \u0101tri uzs\u016bco\u0161a formula, kas neatst\u0101j lip\u012bguma saj\u016btu.<\/li>\n<li>Mitrina un l\u012bdzsvaro: mitrina \u0101du, neradot sausumu vai p\u0101rm\u0113r\u012bgu taukain\u012bbu.<\/li>\n<li>Maiga ikdienas lieto\u0161anai: piem\u0113rots jut\u012bgai \u0101dai un p\u0101rbaud\u012bts, lai nerad\u012btu kairin\u0101jumu.<\/li>\n<\/ul>\n<p><strong>Lieto\u0161\u0101na:<\/strong> Uzkl\u0101jiet 2-3 pilienus no ampulas uz t\u012bras \u0101das.<br \/>\nAr pirkstu galiem maigi iemas\u0113jiet l\u012bdzekli \u0101d\u0101, l\u012bdz tas piln\u012bb\u0101 ies\u016bcas.<br \/>\nLai sasniegtu lab\u0101kos rezult\u0101tus, lietojiet ampulu no r\u012bta un vakar\u0101.<br \/>\nJa j\u016btat vieglu tirp\u0161anas saj\u016btu, varat s\u0101kt lietot produktu katru otro dienu un p\u0113c tam, kad \u0101da piel\u0101gosies, p\u0101riet uz lieto\u0161anu katru dienu.<\/p>\n<p><strong>Produkts ir pietiekami maigs ikdienas lieto\u0161anai, ta\u010du s\u0101kum\u0101 var rad\u012bt vieglu tirp\u0161anas saj\u016btu, kas ir norm\u0101li, lietojot produktus ar augstu C vitam\u012bna koncentr\u0101ciju.<\/strong><\/p>\n<p><strong>S\u0101stavs:<\/strong> <span style=\"font-size: 16px;\">Water, Ascorbic Acid, Propanediol, Glycerin, Alcohol Denat., Tromethamine, 1,2-Hexanediol, 3-O-Ethyl Ascorbic Acid, Dimethicone, Panthenol, Hydrogenated Ethylhexyl Olivate, Methylpropanediol, Hydrolyzed Jojoba Esters, Hydrogenated Olive Oil Unsaponifiables, Brassica Oleracea Italica (Broccoli) Extract, Sphingomonas Ferment Extract, Curcuma Longa (Turmeric) Root Extract, Ananas Sativus (Pineapple) Fruit Extract, Ferulic Acid, Butylene Glycol Cocoate, Hydrogenated Lecithin, Palmitic Acid, Tocopherol, Glucosylrutin, Polyglyceryl-10 Oleate, Microcrystalline Cellulose, Allantoin, Ethylhexylglycerin, Adenosine, Dipotassium Glycyrrhizate, Ethylcellulose, Cellulose Gum, Sodium Phytate, Beta-Glucan, Glucosyl Hesperidin, Ubiquinone, Polyglyceryl-3 Distearate, Cetearyl Olivate, Sorbitan Olivate, Sodium Dilauramidoglutamide Lysine, Glyceryl Stearate Citrate, Isostearyl Alcohol, C12-16 Alcohols, Caffeine, Fragrance (Parfum), Limonene, Linalool, Citronellol.<\/span><\/p>\n<h3 class=\"station-tabs-tabtitle\"><\/h3>\n","protected":false},"excerpt":{"rendered":"<p>Medicube AGE-R Vita C Pro Ampoule ir sp\u0113c\u012bgs l\u012bdzeklis, kas paredz\u0113ts \u0101das izgaismo\u0161anai un vecuma plankumu mazin\u0101\u0161anai. T\u0101 sast\u0101v\u0101 ir 25% t\u012bra C vitam\u012bna, kas efekt\u012bvi c\u012bn\u0101s pret nevienm\u0113r\u012bgu \u0101das toni un uzlabo \u0101das elast\u012bbu. Produkts ir bag\u0101tin\u0101ts ar 2% vitam\u012bna B5 un cit\u0101m akt\u012bvaj\u0101m sast\u0101vda\u013c\u0101m, kas efekt\u012bvi mitrina \u0101du un pie\u0161\u0137ir tai vesel\u012bgu mirdzumu bez lip\u012bguma saj\u016btas.<\/p>\n","protected":false},"featured_media":21987,"comment_status":"open","ping_status":"closed","template":"","meta":{"site-sidebar-layout":"default","site-content-layout":"","ast-site-content-layout":"default","site-content-style":"default","site-sidebar-style":"default","ast-global-header-display":"","ast-banner-title-visibility":"","ast-main-header-display":"","ast-hfb-above-header-display":"","ast-hfb-below-header-display":"","ast-hfb-mobile-header-display":"","site-post-title":"","ast-breadcrumbs-content":"","ast-featured-img":"","footer-sml-layout":"","theme-transparent-header-meta":"default","adv-header-id-meta":"","stick-header-meta":"","header-above-stick-meta":"","header-main-stick-meta":"","header-below-stick-meta":"","astra-migrate-meta-layouts":"set","ast-page-background-enabled":"default","ast-page-background-meta":{"desktop":{"background-color":"var(--ast-global-color-4)","background-image":"","background-repeat":"repeat","background-position":"center center","background-size":"auto","background-attachment":"scroll","background-type":"","background-media":"","overlay-type":"","overlay-color":"","overlay-opacity":"","overlay-gradient":""},"tablet":{"background-color":"","background-image":"","background-repeat":"repeat","background-position":"center center","background-size":"auto","background-attachment":"scroll","background-type":"","background-media":"","overlay-type":"","overlay-color":"","overlay-opacity":"","overlay-gradient":""},"mobile":{"background-color":"","background-image":"","background-repeat":"repeat","background-position":"center center","background-size":"auto","background-attachment":"scroll","background-type":"","background-media":"","overlay-type":"","overlay-color":"","overlay-opacity":"","overlay-gradient":""}},"ast-content-background-meta":{"desktop":{"background-color":"var(--ast-global-color-5)","background-image":"","background-repeat":"repeat","background-position":"center center","background-size":"auto","background-attachment":"scroll","background-type":"","background-media":"","overlay-type":"","overlay-color":"","overlay-opacity":"","overlay-gradient":""},"tablet":{"background-color":"var(--ast-global-color-5)","background-image":"","background-repeat":"repeat","background-position":"center center","background-size":"auto","background-attachment":"scroll","background-type":"","background-media":"","overlay-type":"","overlay-color":"","overlay-opacity":"","overlay-gradient":""},"mobile":{"background-color":"var(--ast-global-color-5)","background-image":"","background-repeat":"repeat","background-position":"center center","background-size":"auto","background-attachment":"scroll","background-type":"","background-media":"","overlay-type":"","overlay-color":"","overlay-opacity":"","overlay-gradient":""}}},"product_brand":[],"product_cat":[370,363],"product_tag":[],"berocket_brand":[579],"class_list":{"0":"post-21986","1":"product","2":"type-product","3":"status-publish","4":"has-post-thumbnail","6":"product_cat-adas-mirdzumam","7":"product_cat-serumi","8":"berocket_brand-medicube","9":"desktop-align-left","10":"tablet-align-left","11":"mobile-align-left","13":"first","14":"outofstock","15":"taxable","16":"shipping-taxable","17":"purchasable","18":"product-type-simple","19":"add-to-wishlist-before_image"},"yoast_head":"<!-- This site is optimized with the Yoast SEO plugin v27.3 - https:\/\/yoast.com\/product\/yoast-seo-wordpress\/ -->\n<title>Medicube AGE-R Vita C Pro Ampoule 20ml - FACECORNER<\/title>\n<meta name=\"description\" content=\"Medicube AGE-R Vita C Pro Ampoule ir sp\u0113c\u012bgs l\u012bdzeklis, kas paredz\u0113ts \u0101das izgaismo\u0161anai un vecuma plankumu mazin\u0101\u0161anai. T\u0101 sast\u0101v\u0101 ir 25% t\u012bra C vitam\u012bna\" \/>\n<meta name=\"robots\" content=\"index, follow, max-snippet:-1, max-image-preview:large, max-video-preview:-1\" \/>\n<link rel=\"canonical\" href=\"https:\/\/www.facecorner.lv\/lv\/shop\/medicube-age-r-vita-c-pro-ampoule-20ml\/\" \/>\n<meta property=\"og:locale\" content=\"lv_LV\" \/>\n<meta property=\"og:type\" content=\"article\" \/>\n<meta property=\"og:title\" content=\"Medicube AGE-R Vita C Pro Ampoule 20ml - FACECORNER\" \/>\n<meta property=\"og:description\" content=\"Medicube AGE-R Vita C Pro Ampoule ir sp\u0113c\u012bgs l\u012bdzeklis, kas paredz\u0113ts \u0101das izgaismo\u0161anai un vecuma plankumu mazin\u0101\u0161anai. T\u0101 sast\u0101v\u0101 ir 25% t\u012bra C vitam\u012bna\" \/>\n<meta property=\"og:url\" content=\"https:\/\/www.facecorner.lv\/lv\/shop\/medicube-age-r-vita-c-pro-ampoule-20ml\/\" \/>\n<meta property=\"og:site_name\" content=\"FACECORNER\" \/>\n<meta property=\"article:publisher\" content=\"https:\/\/www.facebook.com\/profile.php?id=100063824551839\" \/>\n<meta property=\"article:modified_time\" content=\"2025-12-04T09:10:13+00:00\" \/>\n<meta property=\"og:image\" content=\"https:\/\/www.facecorner.lv\/wp-content\/uploads\/2024\/11\/61YS4VU6dZL.jpg\" \/>\n\t<meta property=\"og:image:width\" content=\"2000\" \/>\n\t<meta property=\"og:image:height\" content=\"2000\" \/>\n\t<meta property=\"og:image:type\" content=\"image\/jpeg\" \/>\n<meta name=\"twitter:card\" content=\"summary_large_image\" \/>\n<meta name=\"twitter:label1\" content=\"Price\" \/>\n\t<meta name=\"twitter:data1\" content=\"&euro;31.50\" \/>\n\t<meta name=\"twitter:label2\" content=\"Availability\" \/>\n\t<meta name=\"twitter:data2\" content=\"Out of stock\" \/>\n<script type=\"application\/ld+json\" class=\"yoast-schema-graph\">{\"@context\":\"https:\\\/\\\/schema.org\",\"@graph\":[{\"@type\":\"WebPage\",\"@id\":\"https:\\\/\\\/www.facecorner.lv\\\/shop\\\/medicube-age-r-vita-c-pro-ampoule-20ml\\\/\",\"url\":\"https:\\\/\\\/www.facecorner.lv\\\/shop\\\/medicube-age-r-vita-c-pro-ampoule-20ml\\\/\",\"name\":\"Medicube AGE-R Vita C Pro Ampoule 20ml - FACECORNER\",\"isPartOf\":{\"@id\":\"https:\\\/\\\/www.facecorner.lv\\\/#website\"},\"primaryImageOfPage\":{\"@id\":\"https:\\\/\\\/www.facecorner.lv\\\/shop\\\/medicube-age-r-vita-c-pro-ampoule-20ml\\\/#primaryimage\"},\"image\":{\"@id\":\"https:\\\/\\\/www.facecorner.lv\\\/shop\\\/medicube-age-r-vita-c-pro-ampoule-20ml\\\/#primaryimage\"},\"thumbnailUrl\":\"https:\\\/\\\/www.facecorner.lv\\\/wp-content\\\/uploads\\\/2024\\\/11\\\/61YS4VU6dZL.jpg\",\"datePublished\":\"2024-11-25T20:11:50+00:00\",\"dateModified\":\"2025-12-04T09:10:13+00:00\",\"description\":\"Medicube AGE-R Vita C Pro Ampoule ir sp\u0113c\u012bgs l\u012bdzeklis, kas paredz\u0113ts \u0101das izgaismo\u0161anai un vecuma plankumu mazin\u0101\u0161anai. T\u0101 sast\u0101v\u0101 ir 25% t\u012bra C vitam\u012bna\",\"breadcrumb\":{\"@id\":\"https:\\\/\\\/www.facecorner.lv\\\/shop\\\/medicube-age-r-vita-c-pro-ampoule-20ml\\\/#breadcrumb\"},\"inLanguage\":\"lv-LV\",\"potentialAction\":[{\"@type\":\"ReadAction\",\"target\":[\"https:\\\/\\\/www.facecorner.lv\\\/shop\\\/medicube-age-r-vita-c-pro-ampoule-20ml\\\/\"]}]},{\"@type\":\"ImageObject\",\"inLanguage\":\"lv-LV\",\"@id\":\"https:\\\/\\\/www.facecorner.lv\\\/shop\\\/medicube-age-r-vita-c-pro-ampoule-20ml\\\/#primaryimage\",\"url\":\"https:\\\/\\\/www.facecorner.lv\\\/wp-content\\\/uploads\\\/2024\\\/11\\\/61YS4VU6dZL.jpg\",\"contentUrl\":\"https:\\\/\\\/www.facecorner.lv\\\/wp-content\\\/uploads\\\/2024\\\/11\\\/61YS4VU6dZL.jpg\",\"width\":2000,\"height\":2000,\"caption\":\"Version 1.0.0\"},{\"@type\":\"BreadcrumbList\",\"@id\":\"https:\\\/\\\/www.facecorner.lv\\\/shop\\\/medicube-age-r-vita-c-pro-ampoule-20ml\\\/#breadcrumb\",\"itemListElement\":[{\"@type\":\"ListItem\",\"position\":1,\"name\":\"Home\",\"item\":\"https:\\\/\\\/www.facecorner.lv\\\/\"},{\"@type\":\"ListItem\",\"position\":2,\"name\":\"Veikals\",\"item\":\"https:\\\/\\\/www.facecorner.lv\\\/shop\\\/\"},{\"@type\":\"ListItem\",\"position\":3,\"name\":\"Medicube AGE-R Vita C Pro Ampoule 20ml\"}]},{\"@type\":\"WebSite\",\"@id\":\"https:\\\/\\\/www.facecorner.lv\\\/#website\",\"url\":\"https:\\\/\\\/www.facecorner.lv\\\/\",\"name\":\"Facecorner\",\"description\":\"\",\"publisher\":{\"@id\":\"https:\\\/\\\/www.facecorner.lv\\\/#organization\"},\"potentialAction\":[{\"@type\":\"SearchAction\",\"target\":{\"@type\":\"EntryPoint\",\"urlTemplate\":\"https:\\\/\\\/www.facecorner.lv\\\/?s={search_term_string}\"},\"query-input\":{\"@type\":\"PropertyValueSpecification\",\"valueRequired\":true,\"valueName\":\"search_term_string\"}}],\"inLanguage\":\"lv-LV\"},{\"@type\":\"Organization\",\"@id\":\"https:\\\/\\\/www.facecorner.lv\\\/#organization\",\"name\":\"Facecorner\",\"url\":\"https:\\\/\\\/www.facecorner.lv\\\/\",\"logo\":{\"@type\":\"ImageObject\",\"inLanguage\":\"lv-LV\",\"@id\":\"https:\\\/\\\/www.facecorner.lv\\\/#\\\/schema\\\/logo\\\/image\\\/\",\"url\":\"https:\\\/\\\/www.facecorner.lv\\\/wp-content\\\/uploads\\\/2024\\\/04\\\/fc-logo.jpg\",\"contentUrl\":\"https:\\\/\\\/www.facecorner.lv\\\/wp-content\\\/uploads\\\/2024\\\/04\\\/fc-logo.jpg\",\"width\":174,\"height\":28,\"caption\":\"Facecorner\"},\"image\":{\"@id\":\"https:\\\/\\\/www.facecorner.lv\\\/#\\\/schema\\\/logo\\\/image\\\/\"},\"sameAs\":[\"https:\\\/\\\/www.facebook.com\\\/profile.php?id=100063824551839\",\"https:\\\/\\\/www.instagram.com\\\/facecorner_shop\\\/\"]}]}<\/script>\n<meta property=\"product:price:amount\" content=\"31.50\" \/>\n<meta property=\"product:price:currency\" content=\"EUR\" \/>\n<meta property=\"og:availability\" content=\"out of stock\" \/>\n<meta property=\"product:availability\" content=\"out of stock\" \/>\n<meta property=\"product:condition\" content=\"new\" \/>\n<!-- \/ Yoast SEO plugin. -->","yoast_head_json":{"title":"Medicube AGE-R Vita C Pro Ampoule 20ml - FACECORNER","description":"Medicube AGE-R Vita C Pro Ampoule ir sp\u0113c\u012bgs l\u012bdzeklis, kas paredz\u0113ts \u0101das izgaismo\u0161anai un vecuma plankumu mazin\u0101\u0161anai. T\u0101 sast\u0101v\u0101 ir 25% t\u012bra C vitam\u012bna","robots":{"index":"index","follow":"follow","max-snippet":"max-snippet:-1","max-image-preview":"max-image-preview:large","max-video-preview":"max-video-preview:-1"},"canonical":"https:\/\/www.facecorner.lv\/lv\/shop\/medicube-age-r-vita-c-pro-ampoule-20ml\/","og_locale":"lv_LV","og_type":"article","og_title":"Medicube AGE-R Vita C Pro Ampoule 20ml - FACECORNER","og_description":"Medicube AGE-R Vita C Pro Ampoule ir sp\u0113c\u012bgs l\u012bdzeklis, kas paredz\u0113ts \u0101das izgaismo\u0161anai un vecuma plankumu mazin\u0101\u0161anai. T\u0101 sast\u0101v\u0101 ir 25% t\u012bra C vitam\u012bna","og_url":"https:\/\/www.facecorner.lv\/lv\/shop\/medicube-age-r-vita-c-pro-ampoule-20ml\/","og_site_name":"FACECORNER","article_publisher":"https:\/\/www.facebook.com\/profile.php?id=100063824551839","article_modified_time":"2025-12-04T09:10:13+00:00","og_image":[{"width":2000,"height":2000,"url":"https:\/\/www.facecorner.lv\/wp-content\/uploads\/2024\/11\/61YS4VU6dZL.jpg","type":"image\/jpeg"}],"twitter_card":"summary_large_image","twitter_misc":{"Price":"&euro;31.50","Availability":"Out of stock"},"schema":{"@context":"https:\/\/schema.org","@graph":[{"@type":"WebPage","@id":"https:\/\/www.facecorner.lv\/shop\/medicube-age-r-vita-c-pro-ampoule-20ml\/","url":"https:\/\/www.facecorner.lv\/shop\/medicube-age-r-vita-c-pro-ampoule-20ml\/","name":"Medicube AGE-R Vita C Pro Ampoule 20ml - FACECORNER","isPartOf":{"@id":"https:\/\/www.facecorner.lv\/#website"},"primaryImageOfPage":{"@id":"https:\/\/www.facecorner.lv\/shop\/medicube-age-r-vita-c-pro-ampoule-20ml\/#primaryimage"},"image":{"@id":"https:\/\/www.facecorner.lv\/shop\/medicube-age-r-vita-c-pro-ampoule-20ml\/#primaryimage"},"thumbnailUrl":"https:\/\/www.facecorner.lv\/wp-content\/uploads\/2024\/11\/61YS4VU6dZL.jpg","datePublished":"2024-11-25T20:11:50+00:00","dateModified":"2025-12-04T09:10:13+00:00","description":"Medicube AGE-R Vita C Pro Ampoule ir sp\u0113c\u012bgs l\u012bdzeklis, kas paredz\u0113ts \u0101das izgaismo\u0161anai un vecuma plankumu mazin\u0101\u0161anai. T\u0101 sast\u0101v\u0101 ir 25% t\u012bra C vitam\u012bna","breadcrumb":{"@id":"https:\/\/www.facecorner.lv\/shop\/medicube-age-r-vita-c-pro-ampoule-20ml\/#breadcrumb"},"inLanguage":"lv-LV","potentialAction":[{"@type":"ReadAction","target":["https:\/\/www.facecorner.lv\/shop\/medicube-age-r-vita-c-pro-ampoule-20ml\/"]}]},{"@type":"ImageObject","inLanguage":"lv-LV","@id":"https:\/\/www.facecorner.lv\/shop\/medicube-age-r-vita-c-pro-ampoule-20ml\/#primaryimage","url":"https:\/\/www.facecorner.lv\/wp-content\/uploads\/2024\/11\/61YS4VU6dZL.jpg","contentUrl":"https:\/\/www.facecorner.lv\/wp-content\/uploads\/2024\/11\/61YS4VU6dZL.jpg","width":2000,"height":2000,"caption":"Version 1.0.0"},{"@type":"BreadcrumbList","@id":"https:\/\/www.facecorner.lv\/shop\/medicube-age-r-vita-c-pro-ampoule-20ml\/#breadcrumb","itemListElement":[{"@type":"ListItem","position":1,"name":"Home","item":"https:\/\/www.facecorner.lv\/"},{"@type":"ListItem","position":2,"name":"Veikals","item":"https:\/\/www.facecorner.lv\/shop\/"},{"@type":"ListItem","position":3,"name":"Medicube AGE-R Vita C Pro Ampoule 20ml"}]},{"@type":"WebSite","@id":"https:\/\/www.facecorner.lv\/#website","url":"https:\/\/www.facecorner.lv\/","name":"Facecorner","description":"","publisher":{"@id":"https:\/\/www.facecorner.lv\/#organization"},"potentialAction":[{"@type":"SearchAction","target":{"@type":"EntryPoint","urlTemplate":"https:\/\/www.facecorner.lv\/?s={search_term_string}"},"query-input":{"@type":"PropertyValueSpecification","valueRequired":true,"valueName":"search_term_string"}}],"inLanguage":"lv-LV"},{"@type":"Organization","@id":"https:\/\/www.facecorner.lv\/#organization","name":"Facecorner","url":"https:\/\/www.facecorner.lv\/","logo":{"@type":"ImageObject","inLanguage":"lv-LV","@id":"https:\/\/www.facecorner.lv\/#\/schema\/logo\/image\/","url":"https:\/\/www.facecorner.lv\/wp-content\/uploads\/2024\/04\/fc-logo.jpg","contentUrl":"https:\/\/www.facecorner.lv\/wp-content\/uploads\/2024\/04\/fc-logo.jpg","width":174,"height":28,"caption":"Facecorner"},"image":{"@id":"https:\/\/www.facecorner.lv\/#\/schema\/logo\/image\/"},"sameAs":["https:\/\/www.facebook.com\/profile.php?id=100063824551839","https:\/\/www.instagram.com\/facecorner_shop\/"]}]},"product_price_amount":"31.50","product_price_currency":"EUR","og_availability":"out of stock","product_availability":"out of stock","product_condition":"new"},"_links":{"self":[{"href":"https:\/\/www.facecorner.lv\/lv\/wp-json\/wp\/v2\/product\/21986","targetHints":{"allow":["GET"]}}],"collection":[{"href":"https:\/\/www.facecorner.lv\/lv\/wp-json\/wp\/v2\/product"}],"about":[{"href":"https:\/\/www.facecorner.lv\/lv\/wp-json\/wp\/v2\/types\/product"}],"replies":[{"embeddable":true,"href":"https:\/\/www.facecorner.lv\/lv\/wp-json\/wp\/v2\/comments?post=21986"}],"wp:featuredmedia":[{"embeddable":true,"href":"https:\/\/www.facecorner.lv\/lv\/wp-json\/wp\/v2\/media\/21987"}],"wp:attachment":[{"href":"https:\/\/www.facecorner.lv\/lv\/wp-json\/wp\/v2\/media?parent=21986"}],"wp:term":[{"taxonomy":"product_brand","embeddable":true,"href":"https:\/\/www.facecorner.lv\/lv\/wp-json\/wp\/v2\/product_brand?post=21986"},{"taxonomy":"product_cat","embeddable":true,"href":"https:\/\/www.facecorner.lv\/lv\/wp-json\/wp\/v2\/product_cat?post=21986"},{"taxonomy":"product_tag","embeddable":true,"href":"https:\/\/www.facecorner.lv\/lv\/wp-json\/wp\/v2\/product_tag?post=21986"},{"taxonomy":"berocket_brand","embeddable":true,"href":"https:\/\/www.facecorner.lv\/lv\/wp-json\/wp\/v2\/berocket_brand?post=21986"}],"curies":[{"name":"wp","href":"https:\/\/api.w.org\/{rel}","templated":true}]}}