{"id":21976,"date":"2024-11-25T22:35:45","date_gmt":"2024-11-25T19:35:45","guid":{"rendered":"https:\/\/www.facecorner.lv\/?post_type=product&#038;p=21976"},"modified":"2025-10-16T11:18:39","modified_gmt":"2025-10-16T08:18:39","slug":"dalba-white-truffle-return-oil-cream-cleanser-150ml","status":"publish","type":"product","link":"https:\/\/www.facecorner.lv\/lv\/shop\/dalba-white-truffle-return-oil-cream-cleanser-150ml\/","title":{"rendered":"D&#8217;ALBA White Truffle Return Oil Cream Cleanser 150ml"},"content":{"rendered":"<p>D&#8217;ALBA White Truffle Return Oil Cream Cleanser ir daudzfunkcion\u0101ls kosm\u0113tikas l\u012bdzeklis, kas pal\u012bdz\u0113s att\u012br\u012bt sejas \u0101du no visa veida ikdienas net\u012brumiem un dekorat\u012bv\u0101s kosm\u0113tikas (tas tiks gal\u0101 pat ar \u016bdensnotur\u012bgu kosm\u0113tiku). Piem\u0113rots visiem dermas tipiem. Nav vecuma ierobe\u017eojumu. Tam ir e\u013c\u013caina konsistence, kas saskar\u0113 ar \u016bdeni un \u0101du p\u0101rv\u0113r\u0161as maig\u0101s put\u0101s, lieliski att\u012brot poras, stiprinot \u0101das barjeru.<\/p>\n<p>&nbsp;<\/p>\n<p>Sast\u0101v\u0101 ir dab\u012bgas, bioakt\u012bvas sast\u0101vda\u013cas (balto trife\u013cu ekstrakts, tokoferols, Kan\u0101das medus, fran\u010du zeltaini m\u0101li, fran\u010du kli\u0146\u0123er\u012b\u0161u e\u013c\u013ca). Turkl\u0101t l\u012bdzeklis palielina epidermas elast\u012bbu un atgrie\u017e tai dabisko mirdzumu.<\/p>\n<p>&nbsp;<\/p>\n<p><strong>Lieto\u0161ana:<\/strong> uzkl\u0101jiet uz sausas \u0101das, viegli iemas\u0113jiet, l\u012bdz l\u012bdzeklis p\u0101rv\u0113r\u0161as par \u017eeleju un p\u0113c tam par put\u0101m, pievienojiet nedaudz \u016bdens, turpinot mas\u0101\u017eas kust\u012bbas, lai l\u012bdzeklis p\u0101rv\u0113rstos intens\u012bv\u0101k\u0101s put\u0101s, r\u016bp\u012bgi noskalojiet. Lietojiet divas reizes dien\u0101 (no r\u012bta, vakar\u0101).<\/p>\n<p><strong>S\u0101stavs:<\/strong> <span style=\"font-size: 16px;\">Glycerin, Water, Onsen-Sui, Sodium Cocoyl Isethionate, Propanediol, Potassium Cocoate, Potassium Cocoyl Glycinate, Butylene Glycol, Acrylates Copolymer, Disodium Cocoamphodiacetate, Caprylyl\/Capryl Glucoside, 1,2-Hexanediol, Phellodendron Amurense Bark Extract, Ulmus Davidiana Root Extract, Oenothera Biennis (Evening Primrose) Flower Extract, Pinus Palustris Leaf Extract, Pueraria Lobata Root Extract, Tuber Magnatum Extract, Centella Asiatica Extract, Ficus Carica (Fig) Fruit Extract, Amaranthus Caudatus Seed Extract, Calendula Officinalis Flower Extract, Collagen Extract, Hydrogenated Lecithin, Betula Platyphylla Japonica Juice, Glycine Soja (Soybean) Oil, Camellia Japonica Seed Oil, Macadamia Ternifolia Seed Oil, Hippophae Rhamnoides Fruit Oil, Persea Gratissima (Avocado) Oil, Olea Europaea (Olive) Fruit Oil, Helianthus Annuus (Sunflower) Seed Oil, Oenothera Biennis (Evening Primrose) Oil, Sodium Chloride, Glyceryl Stearate, Diethoxyethyl Succinate, Decylene Glycol, Hexylene Glycol, Edta, Cyanocobalamin, Tocopherol, Ceramide Np, Illite, Glucose, Leuconostoc\/Radish Root Ferment Filtrate, Mannose, Collagen, Phytosphingosine, Ethylhexylglycerin, Hydroxyacetophenone, Fragrance.<\/span><\/p>\n<p>&nbsp;<\/p>\n","protected":false},"excerpt":{"rendered":"<p>D&#8217;ALBA White Truffle Return Oil Cream Cleanser ir daudzfunkcion\u0101ls kosm\u0113tikas l\u012bdzeklis, kas pal\u012bdz\u0113s att\u012br\u012bt sejas \u0101du no visa veida ikdienas net\u012brumiem un dekorat\u012bv\u0101s kosm\u0113tikas (tas tiks gal\u0101 pat ar \u016bdensnotur\u012bgu kosm\u0113tiku). Piem\u0113rots visiem dermas tipiem. Nav vecuma ierobe\u017eojumu. Tam ir e\u013c\u013caina konsistence, kas saskar\u0113 ar \u016bdeni un \u0101du p\u0101rv\u0113r\u0161as maig\u0101s put\u0101s, lieliski att\u012brot poras, stiprinot \u0101das barjeru.<\/p>\n","protected":false},"featured_media":21977,"comment_status":"closed","ping_status":"closed","template":"","meta":{"site-sidebar-layout":"default","site-content-layout":"","ast-site-content-layout":"default","site-content-style":"default","site-sidebar-style":"default","ast-global-header-display":"","ast-banner-title-visibility":"","ast-main-header-display":"","ast-hfb-above-header-display":"","ast-hfb-below-header-display":"","ast-hfb-mobile-header-display":"","site-post-title":"","ast-breadcrumbs-content":"","ast-featured-img":"","footer-sml-layout":"","theme-transparent-header-meta":"default","adv-header-id-meta":"","stick-header-meta":"","header-above-stick-meta":"","header-main-stick-meta":"","header-below-stick-meta":"","astra-migrate-meta-layouts":"set","ast-page-background-enabled":"default","ast-page-background-meta":{"desktop":{"background-color":"var(--ast-global-color-4)","background-image":"","background-repeat":"repeat","background-position":"center center","background-size":"auto","background-attachment":"scroll","background-type":"","background-media":"","overlay-type":"","overlay-color":"","overlay-opacity":"","overlay-gradient":""},"tablet":{"background-color":"","background-image":"","background-repeat":"repeat","background-position":"center center","background-size":"auto","background-attachment":"scroll","background-type":"","background-media":"","overlay-type":"","overlay-color":"","overlay-opacity":"","overlay-gradient":""},"mobile":{"background-color":"","background-image":"","background-repeat":"repeat","background-position":"center center","background-size":"auto","background-attachment":"scroll","background-type":"","background-media":"","overlay-type":"","overlay-color":"","overlay-opacity":"","overlay-gradient":""}},"ast-content-background-meta":{"desktop":{"background-color":"var(--ast-global-color-5)","background-image":"","background-repeat":"repeat","background-position":"center center","background-size":"auto","background-attachment":"scroll","background-type":"","background-media":"","overlay-type":"","overlay-color":"","overlay-opacity":"","overlay-gradient":""},"tablet":{"background-color":"var(--ast-global-color-5)","background-image":"","background-repeat":"repeat","background-position":"center center","background-size":"auto","background-attachment":"scroll","background-type":"","background-media":"","overlay-type":"","overlay-color":"","overlay-opacity":"","overlay-gradient":""},"mobile":{"background-color":"var(--ast-global-color-5)","background-image":"","background-repeat":"repeat","background-position":"center center","background-size":"auto","background-attachment":"scroll","background-type":"","background-media":"","overlay-type":"","overlay-color":"","overlay-opacity":"","overlay-gradient":""}}},"product_brand":[],"product_cat":[310,321,311,312,317],"product_tag":[],"berocket_brand":[572],"class_list":{"0":"post-21976","1":"product","2":"type-product","3":"status-publish","4":"has-post-thumbnail","6":"product_cat-attirisana","7":"product_cat-hidrofila-ella","8":"product_cat-jutigai-adai-attirisana","9":"product_cat-kombinetai-adai-attirisana","10":"product_cat-sausai-adai-attirisana","11":"berocket_brand-dalba","12":"desktop-align-left","13":"tablet-align-left","14":"mobile-align-left","16":"first","17":"instock","18":"taxable","19":"shipping-taxable","20":"purchasable","21":"product-type-simple","22":"add-to-wishlist-before_image"},"yoast_head":"<!-- This site is optimized with the Yoast SEO plugin v27.3 - https:\/\/yoast.com\/product\/yoast-seo-wordpress\/ -->\n<title>D&#039;ALBA White Truffle Return Oil Cream Cleanser 150ml - FACECORNER<\/title>\n<meta name=\"description\" content=\"D&#039;ALBA White Truffle Return Oil Cream Cleanser ir daudzfunkcion\u0101ls kosm\u0113tikas l\u012bdzeklis, kas pal\u012bdz\u0113s att\u012br\u012bt sejas \u0101du no visa veida ikdienas net\u012brumiem\" \/>\n<meta name=\"robots\" content=\"index, follow, max-snippet:-1, max-image-preview:large, max-video-preview:-1\" \/>\n<link rel=\"canonical\" href=\"https:\/\/www.facecorner.lv\/lv\/shop\/dalba-white-truffle-return-oil-cream-cleanser-150ml\/\" \/>\n<meta property=\"og:locale\" content=\"lv_LV\" \/>\n<meta property=\"og:type\" content=\"article\" \/>\n<meta property=\"og:title\" content=\"D&#039;ALBA White Truffle Return Oil Cream Cleanser 150ml - FACECORNER\" \/>\n<meta property=\"og:description\" content=\"D&#039;ALBA White Truffle Return Oil Cream Cleanser ir daudzfunkcion\u0101ls kosm\u0113tikas l\u012bdzeklis, kas pal\u012bdz\u0113s att\u012br\u012bt sejas \u0101du no visa veida ikdienas net\u012brumiem\" \/>\n<meta property=\"og:url\" content=\"https:\/\/www.facecorner.lv\/lv\/shop\/dalba-white-truffle-return-oil-cream-cleanser-150ml\/\" \/>\n<meta property=\"og:site_name\" content=\"FACECORNER\" \/>\n<meta property=\"article:publisher\" content=\"https:\/\/www.facebook.com\/profile.php?id=100063824551839\" \/>\n<meta property=\"article:modified_time\" content=\"2025-10-16T08:18:39+00:00\" \/>\n<meta property=\"og:image\" content=\"https:\/\/www.facecorner.lv\/wp-content\/uploads\/2024\/11\/DALBA-White-Truffle-Return-Oil-Cream-Cleanser-150ml-All-In-One-Oil-To-Foam-Korean-Double-Cleanse-PURESEOUL-UK-KBeauty-Shop.webp\" \/>\n\t<meta property=\"og:image:width\" content=\"1000\" \/>\n\t<meta property=\"og:image:height\" content=\"1000\" \/>\n\t<meta property=\"og:image:type\" content=\"image\/webp\" \/>\n<meta name=\"twitter:card\" content=\"summary_large_image\" \/>\n<meta name=\"twitter:label1\" content=\"Price\" \/>\n\t<meta name=\"twitter:data1\" content=\"&euro;35.60\" \/>\n\t<meta name=\"twitter:label2\" content=\"Availability\" \/>\n\t<meta name=\"twitter:data2\" content=\"In stock\" \/>\n<script type=\"application\/ld+json\" class=\"yoast-schema-graph\">{\"@context\":\"https:\\\/\\\/schema.org\",\"@graph\":[{\"@type\":\"WebPage\",\"@id\":\"https:\\\/\\\/www.facecorner.lv\\\/shop\\\/dalba-white-truffle-return-oil-cream-cleanser-150ml\\\/\",\"url\":\"https:\\\/\\\/www.facecorner.lv\\\/shop\\\/dalba-white-truffle-return-oil-cream-cleanser-150ml\\\/\",\"name\":\"D'ALBA White Truffle Return Oil Cream Cleanser 150ml - FACECORNER\",\"isPartOf\":{\"@id\":\"https:\\\/\\\/www.facecorner.lv\\\/#website\"},\"primaryImageOfPage\":{\"@id\":\"https:\\\/\\\/www.facecorner.lv\\\/shop\\\/dalba-white-truffle-return-oil-cream-cleanser-150ml\\\/#primaryimage\"},\"image\":{\"@id\":\"https:\\\/\\\/www.facecorner.lv\\\/shop\\\/dalba-white-truffle-return-oil-cream-cleanser-150ml\\\/#primaryimage\"},\"thumbnailUrl\":\"https:\\\/\\\/www.facecorner.lv\\\/wp-content\\\/uploads\\\/2024\\\/11\\\/DALBA-White-Truffle-Return-Oil-Cream-Cleanser-150ml-All-In-One-Oil-To-Foam-Korean-Double-Cleanse-PURESEOUL-UK-KBeauty-Shop.webp\",\"datePublished\":\"2024-11-25T19:35:45+00:00\",\"dateModified\":\"2025-10-16T08:18:39+00:00\",\"description\":\"D'ALBA White Truffle Return Oil Cream Cleanser ir daudzfunkcion\u0101ls kosm\u0113tikas l\u012bdzeklis, kas pal\u012bdz\u0113s att\u012br\u012bt sejas \u0101du no visa veida ikdienas net\u012brumiem\",\"breadcrumb\":{\"@id\":\"https:\\\/\\\/www.facecorner.lv\\\/shop\\\/dalba-white-truffle-return-oil-cream-cleanser-150ml\\\/#breadcrumb\"},\"inLanguage\":\"lv-LV\",\"potentialAction\":[{\"@type\":\"ReadAction\",\"target\":[\"https:\\\/\\\/www.facecorner.lv\\\/shop\\\/dalba-white-truffle-return-oil-cream-cleanser-150ml\\\/\"]}]},{\"@type\":\"ImageObject\",\"inLanguage\":\"lv-LV\",\"@id\":\"https:\\\/\\\/www.facecorner.lv\\\/shop\\\/dalba-white-truffle-return-oil-cream-cleanser-150ml\\\/#primaryimage\",\"url\":\"https:\\\/\\\/www.facecorner.lv\\\/wp-content\\\/uploads\\\/2024\\\/11\\\/DALBA-White-Truffle-Return-Oil-Cream-Cleanser-150ml-All-In-One-Oil-To-Foam-Korean-Double-Cleanse-PURESEOUL-UK-KBeauty-Shop.webp\",\"contentUrl\":\"https:\\\/\\\/www.facecorner.lv\\\/wp-content\\\/uploads\\\/2024\\\/11\\\/DALBA-White-Truffle-Return-Oil-Cream-Cleanser-150ml-All-In-One-Oil-To-Foam-Korean-Double-Cleanse-PURESEOUL-UK-KBeauty-Shop.webp\",\"width\":1000,\"height\":1000,\"caption\":\"D'ALBA White Truffle Return Oil Cream Cleanser\"},{\"@type\":\"BreadcrumbList\",\"@id\":\"https:\\\/\\\/www.facecorner.lv\\\/shop\\\/dalba-white-truffle-return-oil-cream-cleanser-150ml\\\/#breadcrumb\",\"itemListElement\":[{\"@type\":\"ListItem\",\"position\":1,\"name\":\"Home\",\"item\":\"https:\\\/\\\/www.facecorner.lv\\\/\"},{\"@type\":\"ListItem\",\"position\":2,\"name\":\"Veikals\",\"item\":\"https:\\\/\\\/www.facecorner.lv\\\/shop\\\/\"},{\"@type\":\"ListItem\",\"position\":3,\"name\":\"D&#8217;ALBA White Truffle Return Oil Cream Cleanser 150ml\"}]},{\"@type\":\"WebSite\",\"@id\":\"https:\\\/\\\/www.facecorner.lv\\\/#website\",\"url\":\"https:\\\/\\\/www.facecorner.lv\\\/\",\"name\":\"Facecorner\",\"description\":\"\",\"publisher\":{\"@id\":\"https:\\\/\\\/www.facecorner.lv\\\/#organization\"},\"potentialAction\":[{\"@type\":\"SearchAction\",\"target\":{\"@type\":\"EntryPoint\",\"urlTemplate\":\"https:\\\/\\\/www.facecorner.lv\\\/?s={search_term_string}\"},\"query-input\":{\"@type\":\"PropertyValueSpecification\",\"valueRequired\":true,\"valueName\":\"search_term_string\"}}],\"inLanguage\":\"lv-LV\"},{\"@type\":\"Organization\",\"@id\":\"https:\\\/\\\/www.facecorner.lv\\\/#organization\",\"name\":\"Facecorner\",\"url\":\"https:\\\/\\\/www.facecorner.lv\\\/\",\"logo\":{\"@type\":\"ImageObject\",\"inLanguage\":\"lv-LV\",\"@id\":\"https:\\\/\\\/www.facecorner.lv\\\/#\\\/schema\\\/logo\\\/image\\\/\",\"url\":\"https:\\\/\\\/www.facecorner.lv\\\/wp-content\\\/uploads\\\/2024\\\/04\\\/fc-logo.jpg\",\"contentUrl\":\"https:\\\/\\\/www.facecorner.lv\\\/wp-content\\\/uploads\\\/2024\\\/04\\\/fc-logo.jpg\",\"width\":174,\"height\":28,\"caption\":\"Facecorner\"},\"image\":{\"@id\":\"https:\\\/\\\/www.facecorner.lv\\\/#\\\/schema\\\/logo\\\/image\\\/\"},\"sameAs\":[\"https:\\\/\\\/www.facebook.com\\\/profile.php?id=100063824551839\",\"https:\\\/\\\/www.instagram.com\\\/facecorner_shop\\\/\"]}]}<\/script>\n<meta property=\"product:price:amount\" content=\"35.60\" \/>\n<meta property=\"product:price:currency\" content=\"EUR\" \/>\n<meta property=\"og:availability\" content=\"instock\" \/>\n<meta property=\"product:availability\" content=\"instock\" \/>\n<meta property=\"product:condition\" content=\"new\" \/>\n<!-- \/ Yoast SEO plugin. -->","yoast_head_json":{"title":"D'ALBA White Truffle Return Oil Cream Cleanser 150ml - FACECORNER","description":"D'ALBA White Truffle Return Oil Cream Cleanser ir daudzfunkcion\u0101ls kosm\u0113tikas l\u012bdzeklis, kas pal\u012bdz\u0113s att\u012br\u012bt sejas \u0101du no visa veida ikdienas net\u012brumiem","robots":{"index":"index","follow":"follow","max-snippet":"max-snippet:-1","max-image-preview":"max-image-preview:large","max-video-preview":"max-video-preview:-1"},"canonical":"https:\/\/www.facecorner.lv\/lv\/shop\/dalba-white-truffle-return-oil-cream-cleanser-150ml\/","og_locale":"lv_LV","og_type":"article","og_title":"D'ALBA White Truffle Return Oil Cream Cleanser 150ml - FACECORNER","og_description":"D'ALBA White Truffle Return Oil Cream Cleanser ir daudzfunkcion\u0101ls kosm\u0113tikas l\u012bdzeklis, kas pal\u012bdz\u0113s att\u012br\u012bt sejas \u0101du no visa veida ikdienas net\u012brumiem","og_url":"https:\/\/www.facecorner.lv\/lv\/shop\/dalba-white-truffle-return-oil-cream-cleanser-150ml\/","og_site_name":"FACECORNER","article_publisher":"https:\/\/www.facebook.com\/profile.php?id=100063824551839","article_modified_time":"2025-10-16T08:18:39+00:00","og_image":[{"width":1000,"height":1000,"url":"https:\/\/www.facecorner.lv\/wp-content\/uploads\/2024\/11\/DALBA-White-Truffle-Return-Oil-Cream-Cleanser-150ml-All-In-One-Oil-To-Foam-Korean-Double-Cleanse-PURESEOUL-UK-KBeauty-Shop.webp","type":"image\/webp"}],"twitter_card":"summary_large_image","twitter_misc":{"Price":"&euro;35.60","Availability":"In stock"},"schema":{"@context":"https:\/\/schema.org","@graph":[{"@type":"WebPage","@id":"https:\/\/www.facecorner.lv\/shop\/dalba-white-truffle-return-oil-cream-cleanser-150ml\/","url":"https:\/\/www.facecorner.lv\/shop\/dalba-white-truffle-return-oil-cream-cleanser-150ml\/","name":"D'ALBA White Truffle Return Oil Cream Cleanser 150ml - FACECORNER","isPartOf":{"@id":"https:\/\/www.facecorner.lv\/#website"},"primaryImageOfPage":{"@id":"https:\/\/www.facecorner.lv\/shop\/dalba-white-truffle-return-oil-cream-cleanser-150ml\/#primaryimage"},"image":{"@id":"https:\/\/www.facecorner.lv\/shop\/dalba-white-truffle-return-oil-cream-cleanser-150ml\/#primaryimage"},"thumbnailUrl":"https:\/\/www.facecorner.lv\/wp-content\/uploads\/2024\/11\/DALBA-White-Truffle-Return-Oil-Cream-Cleanser-150ml-All-In-One-Oil-To-Foam-Korean-Double-Cleanse-PURESEOUL-UK-KBeauty-Shop.webp","datePublished":"2024-11-25T19:35:45+00:00","dateModified":"2025-10-16T08:18:39+00:00","description":"D'ALBA White Truffle Return Oil Cream Cleanser ir daudzfunkcion\u0101ls kosm\u0113tikas l\u012bdzeklis, kas pal\u012bdz\u0113s att\u012br\u012bt sejas \u0101du no visa veida ikdienas net\u012brumiem","breadcrumb":{"@id":"https:\/\/www.facecorner.lv\/shop\/dalba-white-truffle-return-oil-cream-cleanser-150ml\/#breadcrumb"},"inLanguage":"lv-LV","potentialAction":[{"@type":"ReadAction","target":["https:\/\/www.facecorner.lv\/shop\/dalba-white-truffle-return-oil-cream-cleanser-150ml\/"]}]},{"@type":"ImageObject","inLanguage":"lv-LV","@id":"https:\/\/www.facecorner.lv\/shop\/dalba-white-truffle-return-oil-cream-cleanser-150ml\/#primaryimage","url":"https:\/\/www.facecorner.lv\/wp-content\/uploads\/2024\/11\/DALBA-White-Truffle-Return-Oil-Cream-Cleanser-150ml-All-In-One-Oil-To-Foam-Korean-Double-Cleanse-PURESEOUL-UK-KBeauty-Shop.webp","contentUrl":"https:\/\/www.facecorner.lv\/wp-content\/uploads\/2024\/11\/DALBA-White-Truffle-Return-Oil-Cream-Cleanser-150ml-All-In-One-Oil-To-Foam-Korean-Double-Cleanse-PURESEOUL-UK-KBeauty-Shop.webp","width":1000,"height":1000,"caption":"D'ALBA White Truffle Return Oil Cream Cleanser"},{"@type":"BreadcrumbList","@id":"https:\/\/www.facecorner.lv\/shop\/dalba-white-truffle-return-oil-cream-cleanser-150ml\/#breadcrumb","itemListElement":[{"@type":"ListItem","position":1,"name":"Home","item":"https:\/\/www.facecorner.lv\/"},{"@type":"ListItem","position":2,"name":"Veikals","item":"https:\/\/www.facecorner.lv\/shop\/"},{"@type":"ListItem","position":3,"name":"D&#8217;ALBA White Truffle Return Oil Cream Cleanser 150ml"}]},{"@type":"WebSite","@id":"https:\/\/www.facecorner.lv\/#website","url":"https:\/\/www.facecorner.lv\/","name":"Facecorner","description":"","publisher":{"@id":"https:\/\/www.facecorner.lv\/#organization"},"potentialAction":[{"@type":"SearchAction","target":{"@type":"EntryPoint","urlTemplate":"https:\/\/www.facecorner.lv\/?s={search_term_string}"},"query-input":{"@type":"PropertyValueSpecification","valueRequired":true,"valueName":"search_term_string"}}],"inLanguage":"lv-LV"},{"@type":"Organization","@id":"https:\/\/www.facecorner.lv\/#organization","name":"Facecorner","url":"https:\/\/www.facecorner.lv\/","logo":{"@type":"ImageObject","inLanguage":"lv-LV","@id":"https:\/\/www.facecorner.lv\/#\/schema\/logo\/image\/","url":"https:\/\/www.facecorner.lv\/wp-content\/uploads\/2024\/04\/fc-logo.jpg","contentUrl":"https:\/\/www.facecorner.lv\/wp-content\/uploads\/2024\/04\/fc-logo.jpg","width":174,"height":28,"caption":"Facecorner"},"image":{"@id":"https:\/\/www.facecorner.lv\/#\/schema\/logo\/image\/"},"sameAs":["https:\/\/www.facebook.com\/profile.php?id=100063824551839","https:\/\/www.instagram.com\/facecorner_shop\/"]}]},"product_price_amount":"35.60","product_price_currency":"EUR","og_availability":"instock","product_availability":"instock","product_condition":"new"},"_links":{"self":[{"href":"https:\/\/www.facecorner.lv\/lv\/wp-json\/wp\/v2\/product\/21976","targetHints":{"allow":["GET"]}}],"collection":[{"href":"https:\/\/www.facecorner.lv\/lv\/wp-json\/wp\/v2\/product"}],"about":[{"href":"https:\/\/www.facecorner.lv\/lv\/wp-json\/wp\/v2\/types\/product"}],"replies":[{"embeddable":true,"href":"https:\/\/www.facecorner.lv\/lv\/wp-json\/wp\/v2\/comments?post=21976"}],"wp:featuredmedia":[{"embeddable":true,"href":"https:\/\/www.facecorner.lv\/lv\/wp-json\/wp\/v2\/media\/21977"}],"wp:attachment":[{"href":"https:\/\/www.facecorner.lv\/lv\/wp-json\/wp\/v2\/media?parent=21976"}],"wp:term":[{"taxonomy":"product_brand","embeddable":true,"href":"https:\/\/www.facecorner.lv\/lv\/wp-json\/wp\/v2\/product_brand?post=21976"},{"taxonomy":"product_cat","embeddable":true,"href":"https:\/\/www.facecorner.lv\/lv\/wp-json\/wp\/v2\/product_cat?post=21976"},{"taxonomy":"product_tag","embeddable":true,"href":"https:\/\/www.facecorner.lv\/lv\/wp-json\/wp\/v2\/product_tag?post=21976"},{"taxonomy":"berocket_brand","embeddable":true,"href":"https:\/\/www.facecorner.lv\/lv\/wp-json\/wp\/v2\/berocket_brand?post=21976"}],"curies":[{"name":"wp","href":"https:\/\/api.w.org\/{rel}","templated":true}]}}