{"id":21595,"date":"2024-11-20T10:27:47","date_gmt":"2024-11-20T07:27:47","guid":{"rendered":"https:\/\/www.facecorner.lv\/?post_type=product&#038;p=21595"},"modified":"2025-12-22T13:48:09","modified_gmt":"2025-12-22T10:48:09","slug":"medicube-one-day-exosome-shot-2000-30ml","status":"publish","type":"product","link":"https:\/\/www.facecorner.lv\/lv\/shop\/medicube-one-day-exosome-shot-2000-30ml\/","title":{"rendered":"Medicube One Day Exosome Shot 2000 30ml"},"content":{"rendered":"<p>Medicube One Day Exosome Shot 2000 nodro\u0161ina stimul\u0113jo\u0161u iedarb\u012bbu, uzlabo \u0161\u016bnu vielmai\u0146u un asinsriti, izl\u012bdzina grumbas un savelk sejas ov\u0101lu, redzami palielina audu elast\u012bbu un tvirtumu, dzi\u013ci mitrina un iedarbina sp\u0113c\u012bgu atjauno\u0161an\u0101s procesu.<\/p>\n<p>Mikro\u0161\u0137iedri piem\u012bt izteiktas atjaunojo\u0161as \u012bpa\u0161\u012bbas, veicina epidermas keratiniz\u0113t\u0101 sl\u0101\u0146a no\u0146em\u0161anu, kam ir izl\u012bdzino\u0161s efekts, un kontrol\u0113 tauku dziedzeru darb\u012bbu, nov\u0113r\u0161ot iekaisumu un p\u0101rm\u0113r\u012bga \u0101das taukain\u012bbas ra\u0161anos.<\/p>\n<p>Medicube tehnolo\u0123iju raksturo tas, ka mikro\u0161\u0137iedras ir iesl\u0113gtas eksosom\u0101s, kas ieg\u016btas no laktobacil\u0101m. T\u0101s satur sp\u0113c\u012bgus antioksidantus. Rezult\u0101t\u0101 serums pal\u012bdz nom\u0101kt pigment\u0101ciju, pal\u0113nina grumbu veido\u0161anos un izl\u012bdzina \u0101das kr\u0101su.<\/p>\n<p>Serums ir bag\u0101tin\u0101ts ar\u012b ar sk\u0101bju kompleksiem, kas pa\u0101trina \u0101das re\u0123ener\u0101ciju, c\u012bn\u0101s ar papla\u0161in\u0101t\u0101m por\u0101m un izl\u012bdzina \u0101das toni.<\/p>\n<p>Viegl\u0101 seruma formula \u0101tri uzs\u016bcas, neatst\u0101jot lip\u012bguma saj\u016btu.<\/p>\n<p><strong>K\u0101 lietot:<\/strong> Uz iepriek\u0161 att\u012br\u012btas, sausas sejas \u0101das vienm\u0113r\u012bgi uzkl\u0101jiet serumu un viegli izklied\u0113jiet ar pirkstu galiem. Ar viegl\u0101m mas\u0113jo\u0161\u0101m kust\u012bb\u0101m uzkl\u0101jiet l\u012bdzekli uz \u0101das, izvairoties no berz\u0113\u0161anas. J\u016bs varat sajust tirp\u0161anas saj\u016btu, kas var ilgt k\u0101du laiku atkar\u012bb\u0101 no \u0101das st\u0101vok\u013ca.<\/p>\n<p><strong>S\u0101stavs:<\/strong> Water, Dipropylene Glycol, Glycerin, 1,2-Hexanediol, Lactobacillus Extracellular Vesicles, Butylene Glycol, Niacinamide, Oenothera Biennis (Evening Primrose) Flower Extract, Pueraria Lobata Root Extract, Pinus Palustris Leaf Extract, Ulmus Davidiana Root Extract, Ethylhexyl Palmitate, Sodium Polyacrylate, Hydrogenated Polydecene, Caprylyl\/Capryl Glucoside, C12-14 Alketh-12, Hydrolyzed Sponge, Calcium Silicate, Sodium Silicate, Campsis Grandiflora Flower Extract, Ethylhexylglycerin, Adenosine, Disodium EDTA, Panthenol, Betaine Salicylate, Citric Acid, Gluconolactone<\/p>\n","protected":false},"excerpt":{"rendered":"<p>Medicube One Day Exosome Shot 2000 nodro\u0161ina stimul\u0113jo\u0161u iedarb\u012bbu, uzlabo \u0161\u016bnu vielmai\u0146u un asinsriti, izl\u012bdzina grumbas un savelk sejas ov\u0101lu, redzami palielina audu elast\u012bbu un tvirtumu, dzi\u013ci mitrina un iedarbina sp\u0113c\u012bgu atjauno\u0161an\u0101s procesu.<\/p>\n","protected":false},"featured_media":21596,"comment_status":"open","ping_status":"closed","template":"","meta":{"site-sidebar-layout":"default","site-content-layout":"","ast-site-content-layout":"","site-content-style":"default","site-sidebar-style":"default","ast-global-header-display":"","ast-banner-title-visibility":"","ast-main-header-display":"","ast-hfb-above-header-display":"","ast-hfb-below-header-display":"","ast-hfb-mobile-header-display":"","site-post-title":"","ast-breadcrumbs-content":"","ast-featured-img":"","footer-sml-layout":"","theme-transparent-header-meta":"","adv-header-id-meta":"","stick-header-meta":"","header-above-stick-meta":"","header-main-stick-meta":"","header-below-stick-meta":"","astra-migrate-meta-layouts":"default","ast-page-background-enabled":"default","ast-page-background-meta":{"desktop":{"background-color":"var(--ast-global-color-4)","background-image":"","background-repeat":"repeat","background-position":"center center","background-size":"auto","background-attachment":"scroll","background-type":"","background-media":"","overlay-type":"","overlay-color":"","overlay-opacity":"","overlay-gradient":""},"tablet":{"background-color":"","background-image":"","background-repeat":"repeat","background-position":"center center","background-size":"auto","background-attachment":"scroll","background-type":"","background-media":"","overlay-type":"","overlay-color":"","overlay-opacity":"","overlay-gradient":""},"mobile":{"background-color":"","background-image":"","background-repeat":"repeat","background-position":"center center","background-size":"auto","background-attachment":"scroll","background-type":"","background-media":"","overlay-type":"","overlay-color":"","overlay-opacity":"","overlay-gradient":""}},"ast-content-background-meta":{"desktop":{"background-color":"var(--ast-global-color-5)","background-image":"","background-repeat":"repeat","background-position":"center center","background-size":"auto","background-attachment":"scroll","background-type":"","background-media":"","overlay-type":"","overlay-color":"","overlay-opacity":"","overlay-gradient":""},"tablet":{"background-color":"var(--ast-global-color-5)","background-image":"","background-repeat":"repeat","background-position":"center center","background-size":"auto","background-attachment":"scroll","background-type":"","background-media":"","overlay-type":"","overlay-color":"","overlay-opacity":"","overlay-gradient":""},"mobile":{"background-color":"var(--ast-global-color-5)","background-image":"","background-repeat":"repeat","background-position":"center center","background-size":"auto","background-attachment":"scroll","background-type":"","background-media":"","overlay-type":"","overlay-color":"","overlay-opacity":"","overlay-gradient":""}}},"product_brand":[],"product_cat":[370,371,511,373,374,363],"product_tag":[],"berocket_brand":[579],"class_list":{"0":"post-21595","1":"product","2":"type-product","3":"status-publish","4":"has-post-thumbnail","6":"product_cat-adas-mirdzumam","7":"product_cat-anti-age","8":"product_cat-atlaides","9":"product_cat-poras-sasaurinoss","10":"product_cat-pret-pinnem","11":"product_cat-serumi","12":"berocket_brand-medicube","13":"desktop-align-left","14":"tablet-align-left","15":"mobile-align-left","17":"first","18":"outofstock","19":"sale","20":"taxable","21":"shipping-taxable","22":"purchasable","23":"product-type-simple","24":"add-to-wishlist-before_image"},"yoast_head":"<!-- This site is optimized with the Yoast SEO plugin v27.4 - https:\/\/yoast.com\/product\/yoast-seo-wordpress\/ -->\n<title>Medicube One Day Exosome Shot 2000 30ml - FACECORNER<\/title>\n<meta name=\"description\" content=\"Medicube One Day Exosome Shot 2000 nodro\u0161ina stimul\u0113jo\u0161u iedarb\u012bbu, uzlabo \u0161\u016bnu vielmai\u0146u un asinsriti, izl\u012bdzina grumbas un savelk sejas ov\u0101lu\" \/>\n<meta name=\"robots\" content=\"index, follow, max-snippet:-1, max-image-preview:large, max-video-preview:-1\" \/>\n<link rel=\"canonical\" href=\"https:\/\/www.facecorner.lv\/lv\/shop\/medicube-one-day-exosome-shot-2000-30ml\/\" \/>\n<meta property=\"og:locale\" content=\"lv_LV\" \/>\n<meta property=\"og:type\" content=\"article\" \/>\n<meta property=\"og:title\" content=\"Medicube One Day Exosome Shot 2000 30ml - FACECORNER\" \/>\n<meta property=\"og:description\" content=\"Medicube One Day Exosome Shot 2000 nodro\u0161ina stimul\u0113jo\u0161u iedarb\u012bbu, uzlabo \u0161\u016bnu vielmai\u0146u un asinsriti, izl\u012bdzina grumbas un savelk sejas ov\u0101lu\" \/>\n<meta property=\"og:url\" content=\"https:\/\/www.facecorner.lv\/lv\/shop\/medicube-one-day-exosome-shot-2000-30ml\/\" \/>\n<meta property=\"og:site_name\" content=\"FACECORNER\" \/>\n<meta property=\"article:publisher\" content=\"https:\/\/www.facebook.com\/profile.php?id=100063824551839\" \/>\n<meta property=\"article:modified_time\" content=\"2025-12-22T10:48:09+00:00\" \/>\n<meta property=\"og:image\" content=\"https:\/\/www.facecorner.lv\/wp-content\/uploads\/2024\/11\/one-day-pore-shot-2000-7500-microneedling-serum-2000-spicule-41935531802880_1000x.webp\" \/>\n\t<meta property=\"og:image:width\" content=\"1000\" \/>\n\t<meta property=\"og:image:height\" content=\"1000\" \/>\n\t<meta property=\"og:image:type\" content=\"image\/webp\" \/>\n<meta name=\"twitter:card\" content=\"summary_large_image\" \/>\n<meta name=\"twitter:label1\" content=\"Price\" \/>\n\t<meta name=\"twitter:data1\" content=\"&euro;36.70\" \/>\n\t<meta name=\"twitter:label2\" content=\"Availability\" \/>\n\t<meta name=\"twitter:data2\" content=\"Out of stock\" \/>\n<script type=\"application\/ld+json\" class=\"yoast-schema-graph\">{\"@context\":\"https:\\\/\\\/schema.org\",\"@graph\":[{\"@type\":\"WebPage\",\"@id\":\"https:\\\/\\\/www.facecorner.lv\\\/shop\\\/medicube-one-day-exosome-shot-2000-30ml\\\/\",\"url\":\"https:\\\/\\\/www.facecorner.lv\\\/shop\\\/medicube-one-day-exosome-shot-2000-30ml\\\/\",\"name\":\"Medicube One Day Exosome Shot 2000 30ml - FACECORNER\",\"isPartOf\":{\"@id\":\"https:\\\/\\\/www.facecorner.lv\\\/#website\"},\"primaryImageOfPage\":{\"@id\":\"https:\\\/\\\/www.facecorner.lv\\\/shop\\\/medicube-one-day-exosome-shot-2000-30ml\\\/#primaryimage\"},\"image\":{\"@id\":\"https:\\\/\\\/www.facecorner.lv\\\/shop\\\/medicube-one-day-exosome-shot-2000-30ml\\\/#primaryimage\"},\"thumbnailUrl\":\"https:\\\/\\\/www.facecorner.lv\\\/wp-content\\\/uploads\\\/2024\\\/11\\\/one-day-pore-shot-2000-7500-microneedling-serum-2000-spicule-41935531802880_1000x.webp\",\"datePublished\":\"2024-11-20T07:27:47+00:00\",\"dateModified\":\"2025-12-22T10:48:09+00:00\",\"description\":\"Medicube One Day Exosome Shot 2000 nodro\u0161ina stimul\u0113jo\u0161u iedarb\u012bbu, uzlabo \u0161\u016bnu vielmai\u0146u un asinsriti, izl\u012bdzina grumbas un savelk sejas ov\u0101lu\",\"breadcrumb\":{\"@id\":\"https:\\\/\\\/www.facecorner.lv\\\/shop\\\/medicube-one-day-exosome-shot-2000-30ml\\\/#breadcrumb\"},\"inLanguage\":\"lv-LV\",\"potentialAction\":[{\"@type\":\"ReadAction\",\"target\":[\"https:\\\/\\\/www.facecorner.lv\\\/shop\\\/medicube-one-day-exosome-shot-2000-30ml\\\/\"]}]},{\"@type\":\"ImageObject\",\"inLanguage\":\"lv-LV\",\"@id\":\"https:\\\/\\\/www.facecorner.lv\\\/shop\\\/medicube-one-day-exosome-shot-2000-30ml\\\/#primaryimage\",\"url\":\"https:\\\/\\\/www.facecorner.lv\\\/wp-content\\\/uploads\\\/2024\\\/11\\\/one-day-pore-shot-2000-7500-microneedling-serum-2000-spicule-41935531802880_1000x.webp\",\"contentUrl\":\"https:\\\/\\\/www.facecorner.lv\\\/wp-content\\\/uploads\\\/2024\\\/11\\\/one-day-pore-shot-2000-7500-microneedling-serum-2000-spicule-41935531802880_1000x.webp\",\"width\":1000,\"height\":1000,\"caption\":\"Medicube One Day Exosome Shot 2000 30ml\"},{\"@type\":\"BreadcrumbList\",\"@id\":\"https:\\\/\\\/www.facecorner.lv\\\/shop\\\/medicube-one-day-exosome-shot-2000-30ml\\\/#breadcrumb\",\"itemListElement\":[{\"@type\":\"ListItem\",\"position\":1,\"name\":\"Home\",\"item\":\"https:\\\/\\\/www.facecorner.lv\\\/\"},{\"@type\":\"ListItem\",\"position\":2,\"name\":\"Veikals\",\"item\":\"https:\\\/\\\/www.facecorner.lv\\\/shop\\\/\"},{\"@type\":\"ListItem\",\"position\":3,\"name\":\"Medicube One Day Exosome Shot 2000 30ml\"}]},{\"@type\":\"WebSite\",\"@id\":\"https:\\\/\\\/www.facecorner.lv\\\/#website\",\"url\":\"https:\\\/\\\/www.facecorner.lv\\\/\",\"name\":\"Facecorner\",\"description\":\"\",\"publisher\":{\"@id\":\"https:\\\/\\\/www.facecorner.lv\\\/#organization\"},\"potentialAction\":[{\"@type\":\"SearchAction\",\"target\":{\"@type\":\"EntryPoint\",\"urlTemplate\":\"https:\\\/\\\/www.facecorner.lv\\\/?s={search_term_string}\"},\"query-input\":{\"@type\":\"PropertyValueSpecification\",\"valueRequired\":true,\"valueName\":\"search_term_string\"}}],\"inLanguage\":\"lv-LV\"},{\"@type\":\"Organization\",\"@id\":\"https:\\\/\\\/www.facecorner.lv\\\/#organization\",\"name\":\"Facecorner\",\"url\":\"https:\\\/\\\/www.facecorner.lv\\\/\",\"logo\":{\"@type\":\"ImageObject\",\"inLanguage\":\"lv-LV\",\"@id\":\"https:\\\/\\\/www.facecorner.lv\\\/#\\\/schema\\\/logo\\\/image\\\/\",\"url\":\"https:\\\/\\\/www.facecorner.lv\\\/wp-content\\\/uploads\\\/2024\\\/04\\\/fc-logo.jpg\",\"contentUrl\":\"https:\\\/\\\/www.facecorner.lv\\\/wp-content\\\/uploads\\\/2024\\\/04\\\/fc-logo.jpg\",\"width\":174,\"height\":28,\"caption\":\"Facecorner\"},\"image\":{\"@id\":\"https:\\\/\\\/www.facecorner.lv\\\/#\\\/schema\\\/logo\\\/image\\\/\"},\"sameAs\":[\"https:\\\/\\\/www.facebook.com\\\/profile.php?id=100063824551839\",\"https:\\\/\\\/www.instagram.com\\\/facecorner_shop\\\/\"]}]}<\/script>\n<meta property=\"product:price:amount\" content=\"36.70\" \/>\n<meta property=\"product:price:currency\" content=\"EUR\" \/>\n<meta property=\"og:availability\" content=\"out of stock\" \/>\n<meta property=\"product:availability\" content=\"out of stock\" \/>\n<meta property=\"product:condition\" content=\"new\" \/>\n<!-- \/ Yoast SEO plugin. -->","yoast_head_json":{"title":"Medicube One Day Exosome Shot 2000 30ml - FACECORNER","description":"Medicube One Day Exosome Shot 2000 nodro\u0161ina stimul\u0113jo\u0161u iedarb\u012bbu, uzlabo \u0161\u016bnu vielmai\u0146u un asinsriti, izl\u012bdzina grumbas un savelk sejas ov\u0101lu","robots":{"index":"index","follow":"follow","max-snippet":"max-snippet:-1","max-image-preview":"max-image-preview:large","max-video-preview":"max-video-preview:-1"},"canonical":"https:\/\/www.facecorner.lv\/lv\/shop\/medicube-one-day-exosome-shot-2000-30ml\/","og_locale":"lv_LV","og_type":"article","og_title":"Medicube One Day Exosome Shot 2000 30ml - FACECORNER","og_description":"Medicube One Day Exosome Shot 2000 nodro\u0161ina stimul\u0113jo\u0161u iedarb\u012bbu, uzlabo \u0161\u016bnu vielmai\u0146u un asinsriti, izl\u012bdzina grumbas un savelk sejas ov\u0101lu","og_url":"https:\/\/www.facecorner.lv\/lv\/shop\/medicube-one-day-exosome-shot-2000-30ml\/","og_site_name":"FACECORNER","article_publisher":"https:\/\/www.facebook.com\/profile.php?id=100063824551839","article_modified_time":"2025-12-22T10:48:09+00:00","og_image":[{"width":1000,"height":1000,"url":"https:\/\/www.facecorner.lv\/wp-content\/uploads\/2024\/11\/one-day-pore-shot-2000-7500-microneedling-serum-2000-spicule-41935531802880_1000x.webp","type":"image\/webp"}],"twitter_card":"summary_large_image","twitter_misc":{"Price":"&euro;36.70","Availability":"Out of stock"},"schema":{"@context":"https:\/\/schema.org","@graph":[{"@type":"WebPage","@id":"https:\/\/www.facecorner.lv\/shop\/medicube-one-day-exosome-shot-2000-30ml\/","url":"https:\/\/www.facecorner.lv\/shop\/medicube-one-day-exosome-shot-2000-30ml\/","name":"Medicube One Day Exosome Shot 2000 30ml - FACECORNER","isPartOf":{"@id":"https:\/\/www.facecorner.lv\/#website"},"primaryImageOfPage":{"@id":"https:\/\/www.facecorner.lv\/shop\/medicube-one-day-exosome-shot-2000-30ml\/#primaryimage"},"image":{"@id":"https:\/\/www.facecorner.lv\/shop\/medicube-one-day-exosome-shot-2000-30ml\/#primaryimage"},"thumbnailUrl":"https:\/\/www.facecorner.lv\/wp-content\/uploads\/2024\/11\/one-day-pore-shot-2000-7500-microneedling-serum-2000-spicule-41935531802880_1000x.webp","datePublished":"2024-11-20T07:27:47+00:00","dateModified":"2025-12-22T10:48:09+00:00","description":"Medicube One Day Exosome Shot 2000 nodro\u0161ina stimul\u0113jo\u0161u iedarb\u012bbu, uzlabo \u0161\u016bnu vielmai\u0146u un asinsriti, izl\u012bdzina grumbas un savelk sejas ov\u0101lu","breadcrumb":{"@id":"https:\/\/www.facecorner.lv\/shop\/medicube-one-day-exosome-shot-2000-30ml\/#breadcrumb"},"inLanguage":"lv-LV","potentialAction":[{"@type":"ReadAction","target":["https:\/\/www.facecorner.lv\/shop\/medicube-one-day-exosome-shot-2000-30ml\/"]}]},{"@type":"ImageObject","inLanguage":"lv-LV","@id":"https:\/\/www.facecorner.lv\/shop\/medicube-one-day-exosome-shot-2000-30ml\/#primaryimage","url":"https:\/\/www.facecorner.lv\/wp-content\/uploads\/2024\/11\/one-day-pore-shot-2000-7500-microneedling-serum-2000-spicule-41935531802880_1000x.webp","contentUrl":"https:\/\/www.facecorner.lv\/wp-content\/uploads\/2024\/11\/one-day-pore-shot-2000-7500-microneedling-serum-2000-spicule-41935531802880_1000x.webp","width":1000,"height":1000,"caption":"Medicube One Day Exosome Shot 2000 30ml"},{"@type":"BreadcrumbList","@id":"https:\/\/www.facecorner.lv\/shop\/medicube-one-day-exosome-shot-2000-30ml\/#breadcrumb","itemListElement":[{"@type":"ListItem","position":1,"name":"Home","item":"https:\/\/www.facecorner.lv\/"},{"@type":"ListItem","position":2,"name":"Veikals","item":"https:\/\/www.facecorner.lv\/shop\/"},{"@type":"ListItem","position":3,"name":"Medicube One Day Exosome Shot 2000 30ml"}]},{"@type":"WebSite","@id":"https:\/\/www.facecorner.lv\/#website","url":"https:\/\/www.facecorner.lv\/","name":"Facecorner","description":"","publisher":{"@id":"https:\/\/www.facecorner.lv\/#organization"},"potentialAction":[{"@type":"SearchAction","target":{"@type":"EntryPoint","urlTemplate":"https:\/\/www.facecorner.lv\/?s={search_term_string}"},"query-input":{"@type":"PropertyValueSpecification","valueRequired":true,"valueName":"search_term_string"}}],"inLanguage":"lv-LV"},{"@type":"Organization","@id":"https:\/\/www.facecorner.lv\/#organization","name":"Facecorner","url":"https:\/\/www.facecorner.lv\/","logo":{"@type":"ImageObject","inLanguage":"lv-LV","@id":"https:\/\/www.facecorner.lv\/#\/schema\/logo\/image\/","url":"https:\/\/www.facecorner.lv\/wp-content\/uploads\/2024\/04\/fc-logo.jpg","contentUrl":"https:\/\/www.facecorner.lv\/wp-content\/uploads\/2024\/04\/fc-logo.jpg","width":174,"height":28,"caption":"Facecorner"},"image":{"@id":"https:\/\/www.facecorner.lv\/#\/schema\/logo\/image\/"},"sameAs":["https:\/\/www.facebook.com\/profile.php?id=100063824551839","https:\/\/www.instagram.com\/facecorner_shop\/"]}]},"product_price_amount":"36.70","product_price_currency":"EUR","og_availability":"out of stock","product_availability":"out of stock","product_condition":"new"},"_links":{"self":[{"href":"https:\/\/www.facecorner.lv\/lv\/wp-json\/wp\/v2\/product\/21595","targetHints":{"allow":["GET"]}}],"collection":[{"href":"https:\/\/www.facecorner.lv\/lv\/wp-json\/wp\/v2\/product"}],"about":[{"href":"https:\/\/www.facecorner.lv\/lv\/wp-json\/wp\/v2\/types\/product"}],"replies":[{"embeddable":true,"href":"https:\/\/www.facecorner.lv\/lv\/wp-json\/wp\/v2\/comments?post=21595"}],"wp:featuredmedia":[{"embeddable":true,"href":"https:\/\/www.facecorner.lv\/lv\/wp-json\/wp\/v2\/media\/21596"}],"wp:attachment":[{"href":"https:\/\/www.facecorner.lv\/lv\/wp-json\/wp\/v2\/media?parent=21595"}],"wp:term":[{"taxonomy":"product_brand","embeddable":true,"href":"https:\/\/www.facecorner.lv\/lv\/wp-json\/wp\/v2\/product_brand?post=21595"},{"taxonomy":"product_cat","embeddable":true,"href":"https:\/\/www.facecorner.lv\/lv\/wp-json\/wp\/v2\/product_cat?post=21595"},{"taxonomy":"product_tag","embeddable":true,"href":"https:\/\/www.facecorner.lv\/lv\/wp-json\/wp\/v2\/product_tag?post=21595"},{"taxonomy":"berocket_brand","embeddable":true,"href":"https:\/\/www.facecorner.lv\/lv\/wp-json\/wp\/v2\/berocket_brand?post=21595"}],"curies":[{"name":"wp","href":"https:\/\/api.w.org\/{rel}","templated":true}]}}