{"id":21530,"date":"2024-11-15T14:55:29","date_gmt":"2024-11-15T11:55:29","guid":{"rendered":"https:\/\/www.facecorner.lv\/?post_type=product&#038;p=21530"},"modified":"2025-11-02T17:50:18","modified_gmt":"2025-11-02T14:50:18","slug":"vt-cosmetics-cica-reti-a-essence-0-1-30ml","status":"publish","type":"product","link":"https:\/\/www.facecorner.lv\/lv\/shop\/vt-cosmetics-cica-reti-a-essence-0-1-30ml\/","title":{"rendered":"VT Cosmetics Cica Reti-A Essence 0.1 30ml"},"content":{"rendered":"<p>VT Cosmetics Cica Reti-A Essence 0.1 viegl\u0101 stiprino\u0161\u0101 esence ar retinolu un centellu\u00a0 ir daudzfunkcion\u0101ls l\u012bdzeklis ar sp\u0113c\u012bg\u0101m pretiekaisuma un pretnoveco\u0161an\u0101s \u012bpa\u0161\u012bb\u0101m.<\/p>\n<p>Pateicoties sast\u0101v\u0101 eso\u0161aj\u0101m sk\u0101b\u0113m, l\u012bdzeklis regul\u0113 sebuma sekr\u0113ciju, samazina aknes risku, maigi balina p\u0113ciekaisuma un vecuma pigment\u0101cijas.<\/p>\n<p>Booster esencei piem\u012bt pretnoveco\u0161an\u0101s iedarb\u012bba &#8211; retinols un bakukiols stimul\u0113 \u0161\u016bnu atjauno\u0161anos, aktiviz\u0113 kolag\u0113na un elast\u012bna ra\u017eo\u0161anu. Regul\u0101ra l\u012bdzek\u013ca lieto\u0161ana izl\u012bdzina tekst\u016bru un mikroreljefu, samazina poru izm\u0113ru un dzi\u013cumu, izl\u012bdzina grumbas un grumbas.<\/p>\n<p>Galven\u0101 akt\u012bv\u0101 viela ir hidroksipinakolona retino\u0101ts (0,1 %), kas ir viena no modern\u0101kaj\u0101m un efekt\u012bv\u0101kaj\u0101m retinola form\u0101m. Saskaroties ar \u0101du, tas uzreiz p\u0101rv\u0113r\u0161as retino\u012bnsk\u0101b\u0113, apejot citus p\u0101rveides posmus, t\u0101p\u0113c tam ir maig\u0101ka un \u0101tr\u0101ka iedarb\u012bba. Daudzakt\u012bvajai sast\u0101vda\u013cai piem\u012bt pretiekaisuma un pretnoveco\u0161an\u0101s \u012bpa\u0161\u012bbas: t\u0101 samazina pinnes risku, regul\u0113 sebuma veido\u0161anos, izl\u012bdzina \u0101das tonusu un tekst\u016bru, samazinot poru izm\u0113ru un dzi\u013cumu un izl\u012bdzinot grumbas.<\/p>\n<p>Formula ir pastiprin\u0101ta ar CicahyalonTM kompleksu, kur\u0101 ietilpst hialuronsk\u0101be, Centella asiatica atvasin\u0101jumi un za\u013c\u0101 propolisa ekstrakts. Tas pal\u012bdz optimiz\u0113t aizsargfunkcijas, m\u012bkstina un baro jut\u012bgu \u0101du, k\u0101 ar\u012b nodro\u0161ina ilgsto\u0161u mitrin\u0101\u0161anu.<\/p>\n<p><strong>Papildu akt\u012bv\u0101s sast\u0101vda\u013cas: <\/strong><\/p>\n<ul>\n<li>Bacuchiol ir augu viela, kuras iedarb\u012bba ir l\u012bdz\u012bga retinolam: t\u0101 stimul\u0113 \u0101das atjauno\u0161anos, padara \u0101du glud\u0101ku un vienm\u0113r\u012bg\u0101ku. Baku\u010diols nerada kairin\u0101jumu un ir piem\u0113rots jut\u012bgai \u0101dai.<\/li>\n<li>PHA (glikoonolaktons) maigi no\u0146em keratiniz\u0113t\u0101s \u0161\u016bnas, izl\u012bdzina mikroreljefu un izgaismo pigment\u0101ciju. T\u0101s molekulas ir liel\u0101kas nek\u0101 AHA, t\u0101p\u0113c t\u0101 ir piem\u0113rota jut\u012bgai \u0101dai.<\/li>\n<li>LHA (kaprilsalicilsalicilsk\u0101be) ir maigs salicilsk\u0101bes analogs, kura molekulu izm\u0113rs ir liel\u0101ks, t\u0101p\u0113c iedarbojas maig\u0101k. T\u0101 \u0161\u0137\u012bdina por\u0101s eso\u0161os net\u012brumus, balina sebumu, nov\u0113r\u0161 melnos plankumus, izl\u012bdzina mikroreljefu, samazinot poru izm\u0113ru un dzi\u013cumu.<\/li>\n<li>Niacinam\u012bds pal\u0113nina melan\u012bna pieg\u0101di raga sl\u0101nim, t\u0101d\u0113j\u0101di nov\u0113r\u0161ot pigmenta plankumu veido\u0161anos uz \u0101das virsmas. Regul\u0113 sebuma veido\u0161anos, samazina taukainu sp\u012bdumu, sa\u0161aurina poras. Samazina jut\u012bbu pret \u0101r\u0113jiem kairin\u0101t\u0101jiem un palielina viet\u0113jo imunit\u0101ti.<\/li>\n<\/ul>\n<p><strong>Lieto\u0161ana:<\/strong> vakara kop\u0161anas laik\u0101 uz iepriek\u0161 att\u012br\u012btas \u0101das uzkl\u0101jiet nepiecie\u0161amo produkta daudzumu, izkl\u0101jiet ar pirkstiem un pagaidiet, l\u012bdz piln\u012bb\u0101 ies\u016bcas. Turpiniet kop\u0161anu ar toniz\u0113\u0161anas un mitrin\u0101\u0161anas posmiem. Dienas laik\u0101 lietot saules aizsargkr\u0113mu SPF50 PA++++.<\/p>\n<p><strong>Uzman\u012bbu! VT Cosmetics Cica Reti-A Essence 0,1 Booster Essence p\u0113c lieto\u0161anas var rad\u012bt siltuma un aps\u0101rtuma saj\u016btu.<\/strong><\/p>\n<p><strong>Piesardz\u012bbas pas\u0101kumi:<\/strong> nelietot vienlaikus ar p\u012blingiem vai skrubjiem, k\u0101 ar\u012b ar produktiem ar AHA, BHA, C vitam\u012bnu augst\u0101 koncentr\u0101cij\u0101. Nelietot eso\u0161as vai pl\u0101notas gr\u016btniec\u012bbas laik\u0101, z\u012bd\u012b\u0161anas period\u0101 vai p\u0113c kosm\u0113tisk\u0101m proced\u016br\u0101m. Ja iepriek\u0161 neesat lietojusi retinolu, s\u0101ciet ar lieto\u0161anu reizi ned\u0113\u013c\u0101, p\u0113c tam palieliniet lieto\u0161anas bie\u017eumu.<\/p>\n<p><strong>S\u0101stavs<\/strong>: Water, Butylene Glycol, Hydrogenated Poly (c6-14 Olefin), 1,2-Hexanediol, Niacinamide, Cetyl Ethylhexanoate, Pentaerythrityl Tetraethylhexanoate, Dimethyl Isosorbide, Glyceryl Stearate, Polyglyceryl-3 Methyl Glucose Distearate, Hydrogenated Vegetable Oil, Behenyl Alcohol, Dimethicone, Cetearyl Alcohol, Stearic Acid, Betaine, Hydroxypinacolone Retinoate (0,1%), Carbomer, Tromethamine, Polyacrylate-13, Ethylhexylglycerin, Centella Asiatica Extract, Adenosine, Polyisobutene, Sodium Hyaluronate, Allantoin, Drumstick Seed Extract, Gluconolactone, Bakuchiol, Capryloyl Salicylic Acid, Polysorbate 20, Sorbitan Isostearate, Ceramide NP, Retinol, BHT, Propolis Extract, Madecassoside, Asiaticoside, Asiatic Acid, Madecassic Acid, Bha, Disodium EDTA, Fragrance<\/p>\n","protected":false},"excerpt":{"rendered":"<p>VT Cosmetics Cica Reti-A Essence 0.1 viegl\u0101 stiprino\u0161\u0101 esence ar retinolu un centellu\u00a0 ir daudzfunkcion\u0101ls l\u012bdzeklis ar sp\u0113c\u012bg\u0101m pretiekaisuma un pretnoveco\u0161an\u0101s \u012bpa\u0161\u012bb\u0101m.Pateicoties sast\u0101v\u0101 eso\u0161aj\u0101m sk\u0101b\u0113m, l\u012bdzeklis regul\u0113 sebuma sekr\u0113ciju, samazina aknes risku, maigi balina p\u0113ciekaisuma un vecuma pigment\u0101cijas.Booster esencei piem\u012bt pretnoveco\u0161an\u0101s iedarb\u012bba &#8211; retinols un bakukiols stimul\u0113 \u0161\u016bnu atjauno\u0161anos, aktiviz\u0113 kolag\u0113na un elast\u012bna ra\u017eo\u0161anu. Regul\u0101ra l\u012bdzek\u013ca lieto\u0161ana izl\u012bdzina tekst\u016bru un mikroreljefu, samazina poru izm\u0113ru un dzi\u013cumu, izl\u012bdzina grumbas un grumbas.<\/p>\n<p>&nbsp;<\/p>\n","protected":false},"featured_media":21532,"comment_status":"open","ping_status":"closed","template":"","meta":{"site-sidebar-layout":"default","site-content-layout":"","ast-site-content-layout":"","site-content-style":"default","site-sidebar-style":"default","ast-global-header-display":"","ast-banner-title-visibility":"","ast-main-header-display":"","ast-hfb-above-header-display":"","ast-hfb-below-header-display":"","ast-hfb-mobile-header-display":"","site-post-title":"","ast-breadcrumbs-content":"","ast-featured-img":"","footer-sml-layout":"","theme-transparent-header-meta":"","adv-header-id-meta":"","stick-header-meta":"","header-above-stick-meta":"","header-main-stick-meta":"","header-below-stick-meta":"","astra-migrate-meta-layouts":"default","ast-page-background-enabled":"default","ast-page-background-meta":{"desktop":{"background-color":"var(--ast-global-color-4)","background-image":"","background-repeat":"repeat","background-position":"center center","background-size":"auto","background-attachment":"scroll","background-type":"","background-media":"","overlay-type":"","overlay-color":"","overlay-opacity":"","overlay-gradient":""},"tablet":{"background-color":"","background-image":"","background-repeat":"repeat","background-position":"center center","background-size":"auto","background-attachment":"scroll","background-type":"","background-media":"","overlay-type":"","overlay-color":"","overlay-opacity":"","overlay-gradient":""},"mobile":{"background-color":"","background-image":"","background-repeat":"repeat","background-position":"center center","background-size":"auto","background-attachment":"scroll","background-type":"","background-media":"","overlay-type":"","overlay-color":"","overlay-opacity":"","overlay-gradient":""}},"ast-content-background-meta":{"desktop":{"background-color":"var(--ast-global-color-5)","background-image":"","background-repeat":"repeat","background-position":"center center","background-size":"auto","background-attachment":"scroll","background-type":"","background-media":"","overlay-type":"","overlay-color":"","overlay-opacity":"","overlay-gradient":""},"tablet":{"background-color":"var(--ast-global-color-5)","background-image":"","background-repeat":"repeat","background-position":"center center","background-size":"auto","background-attachment":"scroll","background-type":"","background-media":"","overlay-type":"","overlay-color":"","overlay-opacity":"","overlay-gradient":""},"mobile":{"background-color":"var(--ast-global-color-5)","background-image":"","background-repeat":"repeat","background-position":"center center","background-size":"auto","background-attachment":"scroll","background-type":"","background-media":"","overlay-type":"","overlay-color":"","overlay-opacity":"","overlay-gradient":""}}},"product_brand":[],"product_cat":[370,371,363],"product_tag":[],"berocket_brand":[582],"class_list":{"0":"post-21530","1":"product","2":"type-product","3":"status-publish","4":"has-post-thumbnail","6":"product_cat-adas-mirdzumam","7":"product_cat-anti-age","8":"product_cat-serumi","9":"berocket_brand-vt","10":"desktop-align-left","11":"tablet-align-left","12":"mobile-align-left","14":"first","15":"instock","16":"taxable","17":"shipping-taxable","18":"purchasable","19":"product-type-simple","20":"add-to-wishlist-before_image"},"yoast_head":"<!-- This site is optimized with the Yoast SEO plugin v27.4 - https:\/\/yoast.com\/product\/yoast-seo-wordpress\/ -->\n<title>VT Cosmetics Cica Reti-A Essence 0.1 30ml - FACECORNER<\/title>\n<meta name=\"description\" content=\"VT Cosmetics Cica Reti-A Essence 0.1 viegl\u0101 stiprino\u0161\u0101 esence ar retinolu un centellu\u00a0 ir daudzfunkcion\u0101ls l\u012bdzeklis ar sp\u0113c\u012bg\u0101m pretiekaisuma\" \/>\n<meta name=\"robots\" content=\"index, follow, max-snippet:-1, max-image-preview:large, max-video-preview:-1\" \/>\n<link rel=\"canonical\" href=\"https:\/\/www.facecorner.lv\/lv\/shop\/vt-cosmetics-cica-reti-a-essence-0-1-30ml\/\" \/>\n<meta property=\"og:locale\" content=\"lv_LV\" \/>\n<meta property=\"og:type\" content=\"article\" \/>\n<meta property=\"og:title\" content=\"VT Cosmetics Cica Reti-A Essence 0.1 30ml - FACECORNER\" \/>\n<meta property=\"og:description\" content=\"VT Cosmetics Cica Reti-A Essence 0.1 viegl\u0101 stiprino\u0161\u0101 esence ar retinolu un centellu\u00a0 ir daudzfunkcion\u0101ls l\u012bdzeklis ar sp\u0113c\u012bg\u0101m pretiekaisuma\" \/>\n<meta property=\"og:url\" content=\"https:\/\/www.facecorner.lv\/lv\/shop\/vt-cosmetics-cica-reti-a-essence-0-1-30ml\/\" \/>\n<meta property=\"og:site_name\" content=\"FACECORNER\" \/>\n<meta property=\"article:publisher\" content=\"https:\/\/www.facebook.com\/profile.php?id=100063824551839\" \/>\n<meta property=\"article:modified_time\" content=\"2025-11-02T14:50:18+00:00\" \/>\n<meta property=\"og:image\" content=\"https:\/\/www.facecorner.lv\/wp-content\/uploads\/2024\/11\/10210-VT-COSMETICS-Cica-Reta-A-Essence-0.10ml.jpg\" \/>\n\t<meta property=\"og:image:width\" content=\"600\" \/>\n\t<meta property=\"og:image:height\" content=\"600\" \/>\n\t<meta property=\"og:image:type\" content=\"image\/jpeg\" \/>\n<meta name=\"twitter:card\" content=\"summary_large_image\" \/>\n<meta name=\"twitter:label1\" content=\"Price\" \/>\n\t<meta name=\"twitter:data1\" content=\"&euro;34.90\" \/>\n\t<meta name=\"twitter:label2\" content=\"Availability\" \/>\n\t<meta name=\"twitter:data2\" content=\"In stock\" \/>\n<script type=\"application\/ld+json\" class=\"yoast-schema-graph\">{\"@context\":\"https:\\\/\\\/schema.org\",\"@graph\":[{\"@type\":\"WebPage\",\"@id\":\"https:\\\/\\\/www.facecorner.lv\\\/shop\\\/vt-cosmetics-cica-reti-a-essence-0-1-30ml\\\/\",\"url\":\"https:\\\/\\\/www.facecorner.lv\\\/shop\\\/vt-cosmetics-cica-reti-a-essence-0-1-30ml\\\/\",\"name\":\"VT Cosmetics Cica Reti-A Essence 0.1 30ml - FACECORNER\",\"isPartOf\":{\"@id\":\"https:\\\/\\\/www.facecorner.lv\\\/#website\"},\"primaryImageOfPage\":{\"@id\":\"https:\\\/\\\/www.facecorner.lv\\\/shop\\\/vt-cosmetics-cica-reti-a-essence-0-1-30ml\\\/#primaryimage\"},\"image\":{\"@id\":\"https:\\\/\\\/www.facecorner.lv\\\/shop\\\/vt-cosmetics-cica-reti-a-essence-0-1-30ml\\\/#primaryimage\"},\"thumbnailUrl\":\"https:\\\/\\\/www.facecorner.lv\\\/wp-content\\\/uploads\\\/2024\\\/11\\\/10210-VT-COSMETICS-Cica-Reta-A-Essence-0.10ml.jpg\",\"datePublished\":\"2024-11-15T11:55:29+00:00\",\"dateModified\":\"2025-11-02T14:50:18+00:00\",\"description\":\"VT Cosmetics Cica Reti-A Essence 0.1 viegl\u0101 stiprino\u0161\u0101 esence ar retinolu un centellu\u00a0 ir daudzfunkcion\u0101ls l\u012bdzeklis ar sp\u0113c\u012bg\u0101m pretiekaisuma\",\"breadcrumb\":{\"@id\":\"https:\\\/\\\/www.facecorner.lv\\\/shop\\\/vt-cosmetics-cica-reti-a-essence-0-1-30ml\\\/#breadcrumb\"},\"inLanguage\":\"lv-LV\",\"potentialAction\":[{\"@type\":\"ReadAction\",\"target\":[\"https:\\\/\\\/www.facecorner.lv\\\/shop\\\/vt-cosmetics-cica-reti-a-essence-0-1-30ml\\\/\"]}]},{\"@type\":\"ImageObject\",\"inLanguage\":\"lv-LV\",\"@id\":\"https:\\\/\\\/www.facecorner.lv\\\/shop\\\/vt-cosmetics-cica-reti-a-essence-0-1-30ml\\\/#primaryimage\",\"url\":\"https:\\\/\\\/www.facecorner.lv\\\/wp-content\\\/uploads\\\/2024\\\/11\\\/10210-VT-COSMETICS-Cica-Reta-A-Essence-0.10ml.jpg\",\"contentUrl\":\"https:\\\/\\\/www.facecorner.lv\\\/wp-content\\\/uploads\\\/2024\\\/11\\\/10210-VT-COSMETICS-Cica-Reta-A-Essence-0.10ml.jpg\",\"width\":600,\"height\":600,\"caption\":\"VT Cosmetics Cica Reti-A Essence 0.1\"},{\"@type\":\"BreadcrumbList\",\"@id\":\"https:\\\/\\\/www.facecorner.lv\\\/shop\\\/vt-cosmetics-cica-reti-a-essence-0-1-30ml\\\/#breadcrumb\",\"itemListElement\":[{\"@type\":\"ListItem\",\"position\":1,\"name\":\"Home\",\"item\":\"https:\\\/\\\/www.facecorner.lv\\\/\"},{\"@type\":\"ListItem\",\"position\":2,\"name\":\"Veikals\",\"item\":\"https:\\\/\\\/www.facecorner.lv\\\/shop\\\/\"},{\"@type\":\"ListItem\",\"position\":3,\"name\":\"VT Cosmetics Cica Reti-A Essence 0.1 30ml\"}]},{\"@type\":\"WebSite\",\"@id\":\"https:\\\/\\\/www.facecorner.lv\\\/#website\",\"url\":\"https:\\\/\\\/www.facecorner.lv\\\/\",\"name\":\"Facecorner\",\"description\":\"\",\"publisher\":{\"@id\":\"https:\\\/\\\/www.facecorner.lv\\\/#organization\"},\"potentialAction\":[{\"@type\":\"SearchAction\",\"target\":{\"@type\":\"EntryPoint\",\"urlTemplate\":\"https:\\\/\\\/www.facecorner.lv\\\/?s={search_term_string}\"},\"query-input\":{\"@type\":\"PropertyValueSpecification\",\"valueRequired\":true,\"valueName\":\"search_term_string\"}}],\"inLanguage\":\"lv-LV\"},{\"@type\":\"Organization\",\"@id\":\"https:\\\/\\\/www.facecorner.lv\\\/#organization\",\"name\":\"Facecorner\",\"url\":\"https:\\\/\\\/www.facecorner.lv\\\/\",\"logo\":{\"@type\":\"ImageObject\",\"inLanguage\":\"lv-LV\",\"@id\":\"https:\\\/\\\/www.facecorner.lv\\\/#\\\/schema\\\/logo\\\/image\\\/\",\"url\":\"https:\\\/\\\/www.facecorner.lv\\\/wp-content\\\/uploads\\\/2024\\\/04\\\/fc-logo.jpg\",\"contentUrl\":\"https:\\\/\\\/www.facecorner.lv\\\/wp-content\\\/uploads\\\/2024\\\/04\\\/fc-logo.jpg\",\"width\":174,\"height\":28,\"caption\":\"Facecorner\"},\"image\":{\"@id\":\"https:\\\/\\\/www.facecorner.lv\\\/#\\\/schema\\\/logo\\\/image\\\/\"},\"sameAs\":[\"https:\\\/\\\/www.facebook.com\\\/profile.php?id=100063824551839\",\"https:\\\/\\\/www.instagram.com\\\/facecorner_shop\\\/\"]}]}<\/script>\n<meta property=\"product:price:amount\" content=\"34.90\" \/>\n<meta property=\"product:price:currency\" content=\"EUR\" \/>\n<meta property=\"og:availability\" content=\"instock\" \/>\n<meta property=\"product:availability\" content=\"instock\" \/>\n<meta property=\"product:condition\" content=\"new\" \/>\n<!-- \/ Yoast SEO plugin. -->","yoast_head_json":{"title":"VT Cosmetics Cica Reti-A Essence 0.1 30ml - FACECORNER","description":"VT Cosmetics Cica Reti-A Essence 0.1 viegl\u0101 stiprino\u0161\u0101 esence ar retinolu un centellu\u00a0 ir daudzfunkcion\u0101ls l\u012bdzeklis ar sp\u0113c\u012bg\u0101m pretiekaisuma","robots":{"index":"index","follow":"follow","max-snippet":"max-snippet:-1","max-image-preview":"max-image-preview:large","max-video-preview":"max-video-preview:-1"},"canonical":"https:\/\/www.facecorner.lv\/lv\/shop\/vt-cosmetics-cica-reti-a-essence-0-1-30ml\/","og_locale":"lv_LV","og_type":"article","og_title":"VT Cosmetics Cica Reti-A Essence 0.1 30ml - FACECORNER","og_description":"VT Cosmetics Cica Reti-A Essence 0.1 viegl\u0101 stiprino\u0161\u0101 esence ar retinolu un centellu\u00a0 ir daudzfunkcion\u0101ls l\u012bdzeklis ar sp\u0113c\u012bg\u0101m pretiekaisuma","og_url":"https:\/\/www.facecorner.lv\/lv\/shop\/vt-cosmetics-cica-reti-a-essence-0-1-30ml\/","og_site_name":"FACECORNER","article_publisher":"https:\/\/www.facebook.com\/profile.php?id=100063824551839","article_modified_time":"2025-11-02T14:50:18+00:00","og_image":[{"width":600,"height":600,"url":"https:\/\/www.facecorner.lv\/wp-content\/uploads\/2024\/11\/10210-VT-COSMETICS-Cica-Reta-A-Essence-0.10ml.jpg","type":"image\/jpeg"}],"twitter_card":"summary_large_image","twitter_misc":{"Price":"&euro;34.90","Availability":"In stock"},"schema":{"@context":"https:\/\/schema.org","@graph":[{"@type":"WebPage","@id":"https:\/\/www.facecorner.lv\/shop\/vt-cosmetics-cica-reti-a-essence-0-1-30ml\/","url":"https:\/\/www.facecorner.lv\/shop\/vt-cosmetics-cica-reti-a-essence-0-1-30ml\/","name":"VT Cosmetics Cica Reti-A Essence 0.1 30ml - FACECORNER","isPartOf":{"@id":"https:\/\/www.facecorner.lv\/#website"},"primaryImageOfPage":{"@id":"https:\/\/www.facecorner.lv\/shop\/vt-cosmetics-cica-reti-a-essence-0-1-30ml\/#primaryimage"},"image":{"@id":"https:\/\/www.facecorner.lv\/shop\/vt-cosmetics-cica-reti-a-essence-0-1-30ml\/#primaryimage"},"thumbnailUrl":"https:\/\/www.facecorner.lv\/wp-content\/uploads\/2024\/11\/10210-VT-COSMETICS-Cica-Reta-A-Essence-0.10ml.jpg","datePublished":"2024-11-15T11:55:29+00:00","dateModified":"2025-11-02T14:50:18+00:00","description":"VT Cosmetics Cica Reti-A Essence 0.1 viegl\u0101 stiprino\u0161\u0101 esence ar retinolu un centellu\u00a0 ir daudzfunkcion\u0101ls l\u012bdzeklis ar sp\u0113c\u012bg\u0101m pretiekaisuma","breadcrumb":{"@id":"https:\/\/www.facecorner.lv\/shop\/vt-cosmetics-cica-reti-a-essence-0-1-30ml\/#breadcrumb"},"inLanguage":"lv-LV","potentialAction":[{"@type":"ReadAction","target":["https:\/\/www.facecorner.lv\/shop\/vt-cosmetics-cica-reti-a-essence-0-1-30ml\/"]}]},{"@type":"ImageObject","inLanguage":"lv-LV","@id":"https:\/\/www.facecorner.lv\/shop\/vt-cosmetics-cica-reti-a-essence-0-1-30ml\/#primaryimage","url":"https:\/\/www.facecorner.lv\/wp-content\/uploads\/2024\/11\/10210-VT-COSMETICS-Cica-Reta-A-Essence-0.10ml.jpg","contentUrl":"https:\/\/www.facecorner.lv\/wp-content\/uploads\/2024\/11\/10210-VT-COSMETICS-Cica-Reta-A-Essence-0.10ml.jpg","width":600,"height":600,"caption":"VT Cosmetics Cica Reti-A Essence 0.1"},{"@type":"BreadcrumbList","@id":"https:\/\/www.facecorner.lv\/shop\/vt-cosmetics-cica-reti-a-essence-0-1-30ml\/#breadcrumb","itemListElement":[{"@type":"ListItem","position":1,"name":"Home","item":"https:\/\/www.facecorner.lv\/"},{"@type":"ListItem","position":2,"name":"Veikals","item":"https:\/\/www.facecorner.lv\/shop\/"},{"@type":"ListItem","position":3,"name":"VT Cosmetics Cica Reti-A Essence 0.1 30ml"}]},{"@type":"WebSite","@id":"https:\/\/www.facecorner.lv\/#website","url":"https:\/\/www.facecorner.lv\/","name":"Facecorner","description":"","publisher":{"@id":"https:\/\/www.facecorner.lv\/#organization"},"potentialAction":[{"@type":"SearchAction","target":{"@type":"EntryPoint","urlTemplate":"https:\/\/www.facecorner.lv\/?s={search_term_string}"},"query-input":{"@type":"PropertyValueSpecification","valueRequired":true,"valueName":"search_term_string"}}],"inLanguage":"lv-LV"},{"@type":"Organization","@id":"https:\/\/www.facecorner.lv\/#organization","name":"Facecorner","url":"https:\/\/www.facecorner.lv\/","logo":{"@type":"ImageObject","inLanguage":"lv-LV","@id":"https:\/\/www.facecorner.lv\/#\/schema\/logo\/image\/","url":"https:\/\/www.facecorner.lv\/wp-content\/uploads\/2024\/04\/fc-logo.jpg","contentUrl":"https:\/\/www.facecorner.lv\/wp-content\/uploads\/2024\/04\/fc-logo.jpg","width":174,"height":28,"caption":"Facecorner"},"image":{"@id":"https:\/\/www.facecorner.lv\/#\/schema\/logo\/image\/"},"sameAs":["https:\/\/www.facebook.com\/profile.php?id=100063824551839","https:\/\/www.instagram.com\/facecorner_shop\/"]}]},"product_price_amount":"34.90","product_price_currency":"EUR","og_availability":"instock","product_availability":"instock","product_condition":"new"},"_links":{"self":[{"href":"https:\/\/www.facecorner.lv\/lv\/wp-json\/wp\/v2\/product\/21530","targetHints":{"allow":["GET"]}}],"collection":[{"href":"https:\/\/www.facecorner.lv\/lv\/wp-json\/wp\/v2\/product"}],"about":[{"href":"https:\/\/www.facecorner.lv\/lv\/wp-json\/wp\/v2\/types\/product"}],"replies":[{"embeddable":true,"href":"https:\/\/www.facecorner.lv\/lv\/wp-json\/wp\/v2\/comments?post=21530"}],"wp:featuredmedia":[{"embeddable":true,"href":"https:\/\/www.facecorner.lv\/lv\/wp-json\/wp\/v2\/media\/21532"}],"wp:attachment":[{"href":"https:\/\/www.facecorner.lv\/lv\/wp-json\/wp\/v2\/media?parent=21530"}],"wp:term":[{"taxonomy":"product_brand","embeddable":true,"href":"https:\/\/www.facecorner.lv\/lv\/wp-json\/wp\/v2\/product_brand?post=21530"},{"taxonomy":"product_cat","embeddable":true,"href":"https:\/\/www.facecorner.lv\/lv\/wp-json\/wp\/v2\/product_cat?post=21530"},{"taxonomy":"product_tag","embeddable":true,"href":"https:\/\/www.facecorner.lv\/lv\/wp-json\/wp\/v2\/product_tag?post=21530"},{"taxonomy":"berocket_brand","embeddable":true,"href":"https:\/\/www.facecorner.lv\/lv\/wp-json\/wp\/v2\/berocket_brand?post=21530"}],"curies":[{"name":"wp","href":"https:\/\/api.w.org\/{rel}","templated":true}]}}