{"id":21523,"date":"2024-11-15T14:20:21","date_gmt":"2024-11-15T11:20:21","guid":{"rendered":"https:\/\/www.facecorner.lv\/?post_type=product&#038;p=21523"},"modified":"2026-01-16T15:41:52","modified_gmt":"2026-01-16T12:41:52","slug":"tirtir-hydro-boost-enzyme-powder-wash-75g","status":"publish","type":"product","link":"https:\/\/www.facecorner.lv\/lv\/shop\/tirtir-hydro-boost-enzyme-powder-wash-75g\/","title":{"rendered":"TIRTIR Hydro Boost Enzyme Powder Wash 75g"},"content":{"rendered":"<p>TIRTIR Hydro Boost Enzyme Powder Wash ir inovat\u012bvs sejas t\u012br\u012b\u0161anas l\u012bdzeklis pulvera veid\u0101, kas, saskaroties ar \u016bdeni, p\u0101rv\u0113r\u0161as put\u0101s. \u0160is produkts ir bag\u0101tin\u0101ts ar sp\u0113c\u012bgu r\u012bsu fermentu kompleksa, probiotiku, PHA un s\u0113\u0146u pupi\u0146u pulvera mais\u012bjumu, kas kop\u0101 nodro\u0161ina t\u012br\u0101ku \u0101du, maigi likvid\u0113jot atmiru\u0161\u0101s \u0101das \u0161\u016bnas un net\u012brumus. T\u0101 unik\u0101l\u0101 formula ir \u012bpa\u0161i izstr\u0101d\u0101ta, lai mazin\u0101tu kairin\u0101jumu, un t\u0101 ir ide\u0101li piem\u0113rota ce\u013co\u0161anai, jo ir saus\u0101 form\u0101, ko var viegli p\u0101rn\u0113s\u0101t rokas bag\u0101\u017e\u0101.<\/p>\n<p>Patent\u0113tais mikroenz\u012bmu pulveris viegli iz\u0161\u0137\u012bst \u016bden\u012b, veidojot maigas, kr\u0113m\u012bgas putas.<\/p>\n<ul>\n<li>PHA inf\u016bzija: mazina melnos plankumus un p\u012blingu bez kairin\u0101juma, padarot \u0101du gludu un t\u012bru.<\/li>\n<li>R\u012bsu kliju e\u013c\u013ca un niacinam\u012bds uztur \u0101du t\u012bru un mitrin\u0101tu, aizpilda saus\u0101s spraugas starp \u0101das \u0161\u016bn\u0101m, pie\u0161\u0137ir mirdzumu un mirdzumu.<\/li>\n<li>Hipoaler\u0123iska un dro\u0161a jut\u012bgai \u0101dai.<\/li>\n<\/ul>\n<p><strong>Piem\u0113rots visiem \u0101das tipiem: ide\u0101li piem\u0113rots taukainai, jauktai, jut\u012bgai un uz pinn\u0113m tend\u0113tai \u0101dai.<\/strong><\/p>\n<p><strong>K\u0101 lietot:<\/strong> Uzberiet nedaudz pulvera uz mitr\u0101m plaukst\u0101m (apm\u0113ram pusi t\u0113jkarotes) un saputojiet ar \u016bdeni. P\u0113c tam ar ap\u013cveida kust\u012bb\u0101m iemas\u0113jiet uz sejas un r\u016bp\u012bgi noskalojiet. Lietojiet reizi ned\u0113\u013c\u0101 vai p\u0113c vajadz\u012bbas. Izvair\u012bties no saskares ar ac\u012bm.<\/p>\n<p><strong>S\u0101stavs:<\/strong> Zea Mays (Corn) Starch, Potassium Myristate, Sodium Cocoyl Glycinate, Mannitol, Papain, Allantoin, Dipotassium Glycyrrhizate, Bromelain, Phaseolus Radiatus Seed Powder, Gluconolactone, Aqua, Lactococcus Ferment Lysate, Saccharomyces Ferment Filtrate, Lactobacillus Ferment Lysate, Bifida Ferment Filtrate, Bifida Ferment Lysate, 1,2-Hexanediol, Oryza Sativa (Rice) Extract, Protease<\/p>\n","protected":false},"excerpt":{"rendered":"<p>TIRTIR Hydro Boost Enzyme Powder Wash ir inovat\u012bvs sejas t\u012br\u012b\u0161anas l\u012bdzeklis pulvera veid\u0101, kas, saskaroties ar \u016bdeni, p\u0101rv\u0113r\u0161as put\u0101s. \u0160is produkts ir bag\u0101tin\u0101ts ar sp\u0113c\u012bgu r\u012bsu fermentu kompleksa, probiotiku, PHA un s\u0113\u0146u pupi\u0146u pulvera mais\u012bjumu, kas kop\u0101 nodro\u0161ina t\u012br\u0101ku \u0101du, maigi likvid\u0113jot atmiru\u0161\u0101s \u0101das \u0161\u016bnas un net\u012brumus. T\u0101 unik\u0101l\u0101 formula ir \u012bpa\u0161i izstr\u0101d\u0101ta, lai mazin\u0101tu kairin\u0101jumu, un t\u0101 ir ide\u0101li piem\u0113rota ce\u013co\u0161anai, jo ir saus\u0101 form\u0101, ko var viegli p\u0101rn\u0113s\u0101t rokas bag\u0101\u017e\u0101.<\/p>\n","protected":false},"featured_media":21524,"comment_status":"open","ping_status":"closed","template":"","meta":{"site-sidebar-layout":"default","site-content-layout":"","ast-site-content-layout":"default","site-content-style":"default","site-sidebar-style":"default","ast-global-header-display":"","ast-banner-title-visibility":"","ast-main-header-display":"","ast-hfb-above-header-display":"","ast-hfb-below-header-display":"","ast-hfb-mobile-header-display":"","site-post-title":"","ast-breadcrumbs-content":"","ast-featured-img":"","footer-sml-layout":"","theme-transparent-header-meta":"default","adv-header-id-meta":"","stick-header-meta":"","header-above-stick-meta":"","header-main-stick-meta":"","header-below-stick-meta":"","astra-migrate-meta-layouts":"set","ast-page-background-enabled":"default","ast-page-background-meta":{"desktop":{"background-color":"var(--ast-global-color-4)","background-image":"","background-repeat":"repeat","background-position":"center center","background-size":"auto","background-attachment":"scroll","background-type":"","background-media":"","overlay-type":"","overlay-color":"","overlay-opacity":"","overlay-gradient":""},"tablet":{"background-color":"","background-image":"","background-repeat":"repeat","background-position":"center center","background-size":"auto","background-attachment":"scroll","background-type":"","background-media":"","overlay-type":"","overlay-color":"","overlay-opacity":"","overlay-gradient":""},"mobile":{"background-color":"","background-image":"","background-repeat":"repeat","background-position":"center center","background-size":"auto","background-attachment":"scroll","background-type":"","background-media":"","overlay-type":"","overlay-color":"","overlay-opacity":"","overlay-gradient":""}},"ast-content-background-meta":{"desktop":{"background-color":"var(--ast-global-color-5)","background-image":"","background-repeat":"repeat","background-position":"center center","background-size":"auto","background-attachment":"scroll","background-type":"","background-media":"","overlay-type":"","overlay-color":"","overlay-opacity":"","overlay-gradient":""},"tablet":{"background-color":"var(--ast-global-color-5)","background-image":"","background-repeat":"repeat","background-position":"center center","background-size":"auto","background-attachment":"scroll","background-type":"","background-media":"","overlay-type":"","overlay-color":"","overlay-opacity":"","overlay-gradient":""},"mobile":{"background-color":"var(--ast-global-color-5)","background-image":"","background-repeat":"repeat","background-position":"center center","background-size":"auto","background-attachment":"scroll","background-type":"","background-media":"","overlay-type":"","overlay-color":"","overlay-opacity":"","overlay-gradient":""}}},"product_brand":[],"product_cat":[310,640,328],"product_tag":[],"berocket_brand":[584],"class_list":{"0":"post-21523","1":"product","2":"type-product","3":"status-publish","4":"has-post-thumbnail","6":"product_cat-attirisana","7":"product_cat-enzima-puderis","8":"product_cat-pilingi-un-skrubji","9":"berocket_brand-tirtir","10":"desktop-align-left","11":"tablet-align-left","12":"mobile-align-left","14":"first","15":"outofstock","16":"taxable","17":"shipping-taxable","18":"purchasable","19":"product-type-simple","20":"add-to-wishlist-before_image"},"yoast_head":"<!-- This site is optimized with the Yoast SEO plugin v27.4 - https:\/\/yoast.com\/product\/yoast-seo-wordpress\/ -->\n<title>TIRTIR Hydro Boost Enzyme Powder Wash 75g - FACECORNER<\/title>\n<meta name=\"description\" content=\"TIRTIR Hydro Boost Enzyme Powder Wash ir inovat\u012bvs sejas t\u012br\u012b\u0161anas l\u012bdzeklis pulvera veid\u0101, kas, saskaroties ar \u016bdeni, p\u0101rv\u0113r\u0161as put\u0101s.\" \/>\n<meta name=\"robots\" content=\"index, follow, max-snippet:-1, max-image-preview:large, max-video-preview:-1\" \/>\n<link rel=\"canonical\" href=\"https:\/\/www.facecorner.lv\/lv\/shop\/tirtir-hydro-boost-enzyme-powder-wash-75g\/\" \/>\n<meta property=\"og:locale\" content=\"lv_LV\" \/>\n<meta property=\"og:type\" content=\"article\" \/>\n<meta property=\"og:title\" content=\"TIRTIR Hydro Boost Enzyme Powder Wash 75g - FACECORNER\" \/>\n<meta property=\"og:description\" content=\"TIRTIR Hydro Boost Enzyme Powder Wash ir inovat\u012bvs sejas t\u012br\u012b\u0161anas l\u012bdzeklis pulvera veid\u0101, kas, saskaroties ar \u016bdeni, p\u0101rv\u0113r\u0161as put\u0101s.\" \/>\n<meta property=\"og:url\" content=\"https:\/\/www.facecorner.lv\/lv\/shop\/tirtir-hydro-boost-enzyme-powder-wash-75g\/\" \/>\n<meta property=\"og:site_name\" content=\"FACECORNER\" \/>\n<meta property=\"article:publisher\" content=\"https:\/\/www.facebook.com\/profile.php?id=100063824551839\" \/>\n<meta property=\"article:modified_time\" content=\"2026-01-16T12:41:52+00:00\" \/>\n<meta property=\"og:image\" content=\"https:\/\/www.facecorner.lv\/wp-content\/uploads\/2024\/11\/TIRTIR_Hydro_Boost_Enzyme_Powder_Wash-0ca0ac128d516effb418e598a439d625.webp\" \/>\n\t<meta property=\"og:image:width\" content=\"1120\" \/>\n\t<meta property=\"og:image:height\" content=\"1120\" \/>\n\t<meta property=\"og:image:type\" content=\"image\/webp\" \/>\n<meta name=\"twitter:card\" content=\"summary_large_image\" \/>\n<meta name=\"twitter:label1\" content=\"Price\" \/>\n\t<meta name=\"twitter:data1\" content=\"&euro;27.00\" \/>\n\t<meta name=\"twitter:label2\" content=\"Availability\" \/>\n\t<meta name=\"twitter:data2\" content=\"Out of stock\" \/>\n<script type=\"application\/ld+json\" class=\"yoast-schema-graph\">{\"@context\":\"https:\\\/\\\/schema.org\",\"@graph\":[{\"@type\":\"WebPage\",\"@id\":\"https:\\\/\\\/www.facecorner.lv\\\/shop\\\/tirtir-hydro-boost-enzyme-powder-wash-75g\\\/\",\"url\":\"https:\\\/\\\/www.facecorner.lv\\\/shop\\\/tirtir-hydro-boost-enzyme-powder-wash-75g\\\/\",\"name\":\"TIRTIR Hydro Boost Enzyme Powder Wash 75g - FACECORNER\",\"isPartOf\":{\"@id\":\"https:\\\/\\\/www.facecorner.lv\\\/#website\"},\"primaryImageOfPage\":{\"@id\":\"https:\\\/\\\/www.facecorner.lv\\\/shop\\\/tirtir-hydro-boost-enzyme-powder-wash-75g\\\/#primaryimage\"},\"image\":{\"@id\":\"https:\\\/\\\/www.facecorner.lv\\\/shop\\\/tirtir-hydro-boost-enzyme-powder-wash-75g\\\/#primaryimage\"},\"thumbnailUrl\":\"https:\\\/\\\/www.facecorner.lv\\\/wp-content\\\/uploads\\\/2024\\\/11\\\/TIRTIR_Hydro_Boost_Enzyme_Powder_Wash-0ca0ac128d516effb418e598a439d625.webp\",\"datePublished\":\"2024-11-15T11:20:21+00:00\",\"dateModified\":\"2026-01-16T12:41:52+00:00\",\"description\":\"TIRTIR Hydro Boost Enzyme Powder Wash ir inovat\u012bvs sejas t\u012br\u012b\u0161anas l\u012bdzeklis pulvera veid\u0101, kas, saskaroties ar \u016bdeni, p\u0101rv\u0113r\u0161as put\u0101s.\",\"breadcrumb\":{\"@id\":\"https:\\\/\\\/www.facecorner.lv\\\/shop\\\/tirtir-hydro-boost-enzyme-powder-wash-75g\\\/#breadcrumb\"},\"inLanguage\":\"lv-LV\",\"potentialAction\":[{\"@type\":\"ReadAction\",\"target\":[\"https:\\\/\\\/www.facecorner.lv\\\/shop\\\/tirtir-hydro-boost-enzyme-powder-wash-75g\\\/\"]}]},{\"@type\":\"ImageObject\",\"inLanguage\":\"lv-LV\",\"@id\":\"https:\\\/\\\/www.facecorner.lv\\\/shop\\\/tirtir-hydro-boost-enzyme-powder-wash-75g\\\/#primaryimage\",\"url\":\"https:\\\/\\\/www.facecorner.lv\\\/wp-content\\\/uploads\\\/2024\\\/11\\\/TIRTIR_Hydro_Boost_Enzyme_Powder_Wash-0ca0ac128d516effb418e598a439d625.webp\",\"contentUrl\":\"https:\\\/\\\/www.facecorner.lv\\\/wp-content\\\/uploads\\\/2024\\\/11\\\/TIRTIR_Hydro_Boost_Enzyme_Powder_Wash-0ca0ac128d516effb418e598a439d625.webp\",\"width\":1120,\"height\":1120,\"caption\":\"TIRTIR Hydro Boost Enzyme Powder Wash 75g\"},{\"@type\":\"BreadcrumbList\",\"@id\":\"https:\\\/\\\/www.facecorner.lv\\\/shop\\\/tirtir-hydro-boost-enzyme-powder-wash-75g\\\/#breadcrumb\",\"itemListElement\":[{\"@type\":\"ListItem\",\"position\":1,\"name\":\"Home\",\"item\":\"https:\\\/\\\/www.facecorner.lv\\\/\"},{\"@type\":\"ListItem\",\"position\":2,\"name\":\"Veikals\",\"item\":\"https:\\\/\\\/www.facecorner.lv\\\/shop\\\/\"},{\"@type\":\"ListItem\",\"position\":3,\"name\":\"TIRTIR Hydro Boost Enzyme Powder Wash 75g\"}]},{\"@type\":\"WebSite\",\"@id\":\"https:\\\/\\\/www.facecorner.lv\\\/#website\",\"url\":\"https:\\\/\\\/www.facecorner.lv\\\/\",\"name\":\"Facecorner\",\"description\":\"\",\"publisher\":{\"@id\":\"https:\\\/\\\/www.facecorner.lv\\\/#organization\"},\"potentialAction\":[{\"@type\":\"SearchAction\",\"target\":{\"@type\":\"EntryPoint\",\"urlTemplate\":\"https:\\\/\\\/www.facecorner.lv\\\/?s={search_term_string}\"},\"query-input\":{\"@type\":\"PropertyValueSpecification\",\"valueRequired\":true,\"valueName\":\"search_term_string\"}}],\"inLanguage\":\"lv-LV\"},{\"@type\":\"Organization\",\"@id\":\"https:\\\/\\\/www.facecorner.lv\\\/#organization\",\"name\":\"Facecorner\",\"url\":\"https:\\\/\\\/www.facecorner.lv\\\/\",\"logo\":{\"@type\":\"ImageObject\",\"inLanguage\":\"lv-LV\",\"@id\":\"https:\\\/\\\/www.facecorner.lv\\\/#\\\/schema\\\/logo\\\/image\\\/\",\"url\":\"https:\\\/\\\/www.facecorner.lv\\\/wp-content\\\/uploads\\\/2024\\\/04\\\/fc-logo.jpg\",\"contentUrl\":\"https:\\\/\\\/www.facecorner.lv\\\/wp-content\\\/uploads\\\/2024\\\/04\\\/fc-logo.jpg\",\"width\":174,\"height\":28,\"caption\":\"Facecorner\"},\"image\":{\"@id\":\"https:\\\/\\\/www.facecorner.lv\\\/#\\\/schema\\\/logo\\\/image\\\/\"},\"sameAs\":[\"https:\\\/\\\/www.facebook.com\\\/profile.php?id=100063824551839\",\"https:\\\/\\\/www.instagram.com\\\/facecorner_shop\\\/\"]}]}<\/script>\n<meta property=\"product:price:amount\" content=\"27.00\" \/>\n<meta property=\"product:price:currency\" content=\"EUR\" \/>\n<meta property=\"og:availability\" content=\"out of stock\" \/>\n<meta property=\"product:availability\" content=\"out of stock\" \/>\n<meta property=\"product:condition\" content=\"new\" \/>\n<!-- \/ Yoast SEO plugin. -->","yoast_head_json":{"title":"TIRTIR Hydro Boost Enzyme Powder Wash 75g - FACECORNER","description":"TIRTIR Hydro Boost Enzyme Powder Wash ir inovat\u012bvs sejas t\u012br\u012b\u0161anas l\u012bdzeklis pulvera veid\u0101, kas, saskaroties ar \u016bdeni, p\u0101rv\u0113r\u0161as put\u0101s.","robots":{"index":"index","follow":"follow","max-snippet":"max-snippet:-1","max-image-preview":"max-image-preview:large","max-video-preview":"max-video-preview:-1"},"canonical":"https:\/\/www.facecorner.lv\/lv\/shop\/tirtir-hydro-boost-enzyme-powder-wash-75g\/","og_locale":"lv_LV","og_type":"article","og_title":"TIRTIR Hydro Boost Enzyme Powder Wash 75g - FACECORNER","og_description":"TIRTIR Hydro Boost Enzyme Powder Wash ir inovat\u012bvs sejas t\u012br\u012b\u0161anas l\u012bdzeklis pulvera veid\u0101, kas, saskaroties ar \u016bdeni, p\u0101rv\u0113r\u0161as put\u0101s.","og_url":"https:\/\/www.facecorner.lv\/lv\/shop\/tirtir-hydro-boost-enzyme-powder-wash-75g\/","og_site_name":"FACECORNER","article_publisher":"https:\/\/www.facebook.com\/profile.php?id=100063824551839","article_modified_time":"2026-01-16T12:41:52+00:00","og_image":[{"width":1120,"height":1120,"url":"https:\/\/www.facecorner.lv\/wp-content\/uploads\/2024\/11\/TIRTIR_Hydro_Boost_Enzyme_Powder_Wash-0ca0ac128d516effb418e598a439d625.webp","type":"image\/webp"}],"twitter_card":"summary_large_image","twitter_misc":{"Price":"&euro;27.00","Availability":"Out of stock"},"schema":{"@context":"https:\/\/schema.org","@graph":[{"@type":"WebPage","@id":"https:\/\/www.facecorner.lv\/shop\/tirtir-hydro-boost-enzyme-powder-wash-75g\/","url":"https:\/\/www.facecorner.lv\/shop\/tirtir-hydro-boost-enzyme-powder-wash-75g\/","name":"TIRTIR Hydro Boost Enzyme Powder Wash 75g - FACECORNER","isPartOf":{"@id":"https:\/\/www.facecorner.lv\/#website"},"primaryImageOfPage":{"@id":"https:\/\/www.facecorner.lv\/shop\/tirtir-hydro-boost-enzyme-powder-wash-75g\/#primaryimage"},"image":{"@id":"https:\/\/www.facecorner.lv\/shop\/tirtir-hydro-boost-enzyme-powder-wash-75g\/#primaryimage"},"thumbnailUrl":"https:\/\/www.facecorner.lv\/wp-content\/uploads\/2024\/11\/TIRTIR_Hydro_Boost_Enzyme_Powder_Wash-0ca0ac128d516effb418e598a439d625.webp","datePublished":"2024-11-15T11:20:21+00:00","dateModified":"2026-01-16T12:41:52+00:00","description":"TIRTIR Hydro Boost Enzyme Powder Wash ir inovat\u012bvs sejas t\u012br\u012b\u0161anas l\u012bdzeklis pulvera veid\u0101, kas, saskaroties ar \u016bdeni, p\u0101rv\u0113r\u0161as put\u0101s.","breadcrumb":{"@id":"https:\/\/www.facecorner.lv\/shop\/tirtir-hydro-boost-enzyme-powder-wash-75g\/#breadcrumb"},"inLanguage":"lv-LV","potentialAction":[{"@type":"ReadAction","target":["https:\/\/www.facecorner.lv\/shop\/tirtir-hydro-boost-enzyme-powder-wash-75g\/"]}]},{"@type":"ImageObject","inLanguage":"lv-LV","@id":"https:\/\/www.facecorner.lv\/shop\/tirtir-hydro-boost-enzyme-powder-wash-75g\/#primaryimage","url":"https:\/\/www.facecorner.lv\/wp-content\/uploads\/2024\/11\/TIRTIR_Hydro_Boost_Enzyme_Powder_Wash-0ca0ac128d516effb418e598a439d625.webp","contentUrl":"https:\/\/www.facecorner.lv\/wp-content\/uploads\/2024\/11\/TIRTIR_Hydro_Boost_Enzyme_Powder_Wash-0ca0ac128d516effb418e598a439d625.webp","width":1120,"height":1120,"caption":"TIRTIR Hydro Boost Enzyme Powder Wash 75g"},{"@type":"BreadcrumbList","@id":"https:\/\/www.facecorner.lv\/shop\/tirtir-hydro-boost-enzyme-powder-wash-75g\/#breadcrumb","itemListElement":[{"@type":"ListItem","position":1,"name":"Home","item":"https:\/\/www.facecorner.lv\/"},{"@type":"ListItem","position":2,"name":"Veikals","item":"https:\/\/www.facecorner.lv\/shop\/"},{"@type":"ListItem","position":3,"name":"TIRTIR Hydro Boost Enzyme Powder Wash 75g"}]},{"@type":"WebSite","@id":"https:\/\/www.facecorner.lv\/#website","url":"https:\/\/www.facecorner.lv\/","name":"Facecorner","description":"","publisher":{"@id":"https:\/\/www.facecorner.lv\/#organization"},"potentialAction":[{"@type":"SearchAction","target":{"@type":"EntryPoint","urlTemplate":"https:\/\/www.facecorner.lv\/?s={search_term_string}"},"query-input":{"@type":"PropertyValueSpecification","valueRequired":true,"valueName":"search_term_string"}}],"inLanguage":"lv-LV"},{"@type":"Organization","@id":"https:\/\/www.facecorner.lv\/#organization","name":"Facecorner","url":"https:\/\/www.facecorner.lv\/","logo":{"@type":"ImageObject","inLanguage":"lv-LV","@id":"https:\/\/www.facecorner.lv\/#\/schema\/logo\/image\/","url":"https:\/\/www.facecorner.lv\/wp-content\/uploads\/2024\/04\/fc-logo.jpg","contentUrl":"https:\/\/www.facecorner.lv\/wp-content\/uploads\/2024\/04\/fc-logo.jpg","width":174,"height":28,"caption":"Facecorner"},"image":{"@id":"https:\/\/www.facecorner.lv\/#\/schema\/logo\/image\/"},"sameAs":["https:\/\/www.facebook.com\/profile.php?id=100063824551839","https:\/\/www.instagram.com\/facecorner_shop\/"]}]},"product_price_amount":"27.00","product_price_currency":"EUR","og_availability":"out of stock","product_availability":"out of stock","product_condition":"new"},"_links":{"self":[{"href":"https:\/\/www.facecorner.lv\/lv\/wp-json\/wp\/v2\/product\/21523","targetHints":{"allow":["GET"]}}],"collection":[{"href":"https:\/\/www.facecorner.lv\/lv\/wp-json\/wp\/v2\/product"}],"about":[{"href":"https:\/\/www.facecorner.lv\/lv\/wp-json\/wp\/v2\/types\/product"}],"replies":[{"embeddable":true,"href":"https:\/\/www.facecorner.lv\/lv\/wp-json\/wp\/v2\/comments?post=21523"}],"wp:featuredmedia":[{"embeddable":true,"href":"https:\/\/www.facecorner.lv\/lv\/wp-json\/wp\/v2\/media\/21524"}],"wp:attachment":[{"href":"https:\/\/www.facecorner.lv\/lv\/wp-json\/wp\/v2\/media?parent=21523"}],"wp:term":[{"taxonomy":"product_brand","embeddable":true,"href":"https:\/\/www.facecorner.lv\/lv\/wp-json\/wp\/v2\/product_brand?post=21523"},{"taxonomy":"product_cat","embeddable":true,"href":"https:\/\/www.facecorner.lv\/lv\/wp-json\/wp\/v2\/product_cat?post=21523"},{"taxonomy":"product_tag","embeddable":true,"href":"https:\/\/www.facecorner.lv\/lv\/wp-json\/wp\/v2\/product_tag?post=21523"},{"taxonomy":"berocket_brand","embeddable":true,"href":"https:\/\/www.facecorner.lv\/lv\/wp-json\/wp\/v2\/berocket_brand?post=21523"}],"curies":[{"name":"wp","href":"https:\/\/api.w.org\/{rel}","templated":true}]}}