{"id":21458,"date":"2024-11-05T11:04:27","date_gmt":"2024-11-05T08:04:27","guid":{"rendered":"https:\/\/www.facecorner.lv\/?post_type=product&#038;p=21458"},"modified":"2025-12-15T11:14:42","modified_gmt":"2025-12-15T08:14:42","slug":"vt-cosmetics-collagen-reedle-shot-100-50ml","status":"publish","type":"product","link":"https:\/\/www.facecorner.lv\/lv\/shop\/vt-cosmetics-collagen-reedle-shot-100-50ml\/","title":{"rendered":"VT Cosmetics Collagen Reedle Shot 100 50ml"},"content":{"rendered":"<p>VT Cosmetics Collagen Reedle Shot 100\u00a0 uzlabo elast\u012bbu un tvirtumu, samazina grumbas un sa\u0161aurina papla\u0161in\u0101t\u0101s poras.<\/p>\n<p>Tas pal\u0113nina pirm\u0101s ar vecumu saist\u012bt\u0101s izmai\u0146as un pie\u0161\u0137ir vesel\u012bgu mirdzumu. Izl\u012bdzina reljefu, padara \u0101du tvirt\u0101ku un izl\u012bdzin\u0101tu. Tam ir barojo\u0161a tekst\u016bra, uzkl\u0101\u0161anas br\u012bd\u012b mitrina.<\/p>\n<p>Akt\u012bv\u0101s sast\u0101vda\u013cas iek\u013c\u016bst dzi\u013ci epiderm\u0101 ar \u012bpa\u0161as pieg\u0101des tehnolo\u0123ijas CicaReedle\u2122 pal\u012bdz\u012bbu, kas ir no miner\u0101lu apvalka veidota mikro\u0161\u0137iedra: t\u0101 ne tikai transport\u0113 akt\u012bv\u0101s vielas, bet ar\u012b stimul\u0113 \u0161\u016bnu atjauno\u0161anos.<\/p>\n<p><strong>Galven\u0101s akt\u012bv\u0101s sast\u0101vda\u013cas:<\/strong><\/p>\n<ul>\n<li>Kolag\u0113ns m\u012bkstina \u0101du, uzlabo mikroreljefu, nodro\u0161ina ilgsto\u0161u mitrin\u0101\u0161anu, pal\u012bdz izl\u012bdzin\u0101t grumbas. VT Cosmetics sast\u0101v\u0101 eso\u0161\u0101 kolag\u0113na molekulmasa ir zema &#8211; 500 Da.<\/li>\n<li>Cicahyalon\u2122 ir komponents, kas sast\u0101v no za\u013c\u0101 propolisa ekstrakta, centellas kompleksa (madekasos\u012bda, madekassk\u0101bes, asiatikos\u012bda un asiatisk\u0101s sk\u0101bes) un hialuronsk\u0101bes. Nomierina kairin\u0101jumu un aps\u0101rtumu, mitrina, saglab\u0101 elast\u012bbu.<\/li>\n<li>Piena prote\u012bni izl\u012bdzina reljefu, baro, pies\u0101tina ar aminosk\u0101b\u0113m, pie\u0161\u0137ir iek\u0161\u0113ju mirdzumu un nov\u0113r\u0161 dehidrat\u0101ciju.<\/li>\n<li>Adenoz\u012bns &#8211; pretnoveco\u0161an\u0101s akt\u012bv\u0101 viela, stimul\u0113 kolag\u0113na olbaltumvielu ra\u017eo\u0161anu, kas atbild par bl\u012bvumu un elast\u012bbu, grumbu neesam\u012bbu.<\/li>\n<li>Niacinam\u012bdam (vitam\u012bns B3) piem\u012bt daudzfunkcion\u0101la iedarb\u012bba: tas regul\u0113 sebuma veido\u0161anos, nov\u0113r\u0161ot taukainu sp\u012bdumu, balina un nov\u0113r\u0161 pigment\u0101ciju, k\u0101 ar\u012b stimul\u0113 kolag\u0113na veido\u0161anos, palielinot tvirtumu un elast\u012bbu.<\/li>\n<li>Makad\u0101mijas e\u013c\u013ca baro, pies\u0101tina ar vitam\u012bniem un tauksk\u0101b\u0113m, kondicion\u0113, lieliski ies\u016bcas.<\/li>\n<li>Tokoferols (E vitam\u012bns) c\u012bn\u0101s pret br\u012bvo radik\u0101\u013cu izrais\u012btiem \u0161\u016bnu boj\u0101jumiem, nov\u0113r\u0161 grumbi\u0146as, saglab\u0101 elast\u012bbu un gludumu.<\/li>\n<\/ul>\n<p><strong>Lieto\u0161ana:<\/strong> uzkl\u0101jiet vajadz\u012bgo produkta daudzumu uz iepriek\u0161 att\u012br\u012btas \u0101das, izkl\u0101jiet ar pirkstiem un pagaidiet, l\u012bdz piln\u012bb\u0101 ies\u016bcas. Turpiniet kop\u0161anu, veicot toniz\u0113\u0161anas un mitrin\u0101\u0161anas darb\u012bbas.<\/p>\n<p><strong>Uzman\u012bbu! Booster Serum p\u0113c lieto\u0161anas var izrais\u012bt tirp\u0161anas saj\u016btu. Nav ieteicams lietot p\u0113c dermatolo\u0123isk\u0101m proced\u016br\u0101m, kas traum\u0113 \u0101das raga sl\u0101ni: p\u012blings, apar\u0101tkosmetolo\u0123ija, injekcijas.<\/strong><\/p>\n<p><strong>S\u0101stavs:<\/strong> Water, Dipropylene Glycol, Niacinamide, Glycerin, Butylene Glycol, Macadamia Ternifolia Seed Oil, 1,2-Hexanediol, Ethylhexyl Palmitate, Sodium Polyacrylate, Sodium Acrylate\/Sodium Acryloyldimethyl Taurate Copolymer, Polyisobutene, Silica, Glycereth-26,\u00a0Ammonium Acryloyldimethyltaurate\/VP Copolymer, Ethylhexylglycerin, Caprylyl Glycol, Xanthan Gum, Adenosine, Sodium Hyaluronate, Caprylyl\/Capryl Glucoside, Sorbitan Oleate, Tocopherol, Centella Asiatica Extract, Collagen Water (0.979 ppm), Milk Protein Extract, Collagen Extract (0.002 ppm), Madecassoside, Madecassic Acid, Asiaticoside, Asiatic Acid, Propolis Extract<\/p>\n","protected":false},"excerpt":{"rendered":"<p>VT Cosmetics Collagen Reedle Shot 100\u00a0 uzlabo elast\u012bbu un tvirtumu, samazina grumbas un sa\u0161aurina papla\u0161in\u0101t\u0101s poras.Tas pal\u0113nina pirm\u0101s ar vecumu saist\u012bt\u0101s izmai\u0146as un pie\u0161\u0137ir vesel\u012bgu mirdzumu. Izl\u012bdzina reljefu, padara \u0101du tvirt\u0101ku un izl\u012bdzin\u0101tu. Tam ir barojo\u0161a tekst\u016bra, uzkl\u0101\u0161anas br\u012bd\u012b mitrina.<\/p>\n","protected":false},"featured_media":21459,"comment_status":"open","ping_status":"closed","template":"","meta":{"site-sidebar-layout":"default","site-content-layout":"","ast-site-content-layout":"","site-content-style":"default","site-sidebar-style":"default","ast-global-header-display":"","ast-banner-title-visibility":"","ast-main-header-display":"","ast-hfb-above-header-display":"","ast-hfb-below-header-display":"","ast-hfb-mobile-header-display":"","site-post-title":"","ast-breadcrumbs-content":"","ast-featured-img":"","footer-sml-layout":"","theme-transparent-header-meta":"","adv-header-id-meta":"","stick-header-meta":"","header-above-stick-meta":"","header-main-stick-meta":"","header-below-stick-meta":"","astra-migrate-meta-layouts":"default","ast-page-background-enabled":"default","ast-page-background-meta":{"desktop":{"background-color":"var(--ast-global-color-4)","background-image":"","background-repeat":"repeat","background-position":"center center","background-size":"auto","background-attachment":"scroll","background-type":"","background-media":"","overlay-type":"","overlay-color":"","overlay-opacity":"","overlay-gradient":""},"tablet":{"background-color":"","background-image":"","background-repeat":"repeat","background-position":"center center","background-size":"auto","background-attachment":"scroll","background-type":"","background-media":"","overlay-type":"","overlay-color":"","overlay-opacity":"","overlay-gradient":""},"mobile":{"background-color":"","background-image":"","background-repeat":"repeat","background-position":"center center","background-size":"auto","background-attachment":"scroll","background-type":"","background-media":"","overlay-type":"","overlay-color":"","overlay-opacity":"","overlay-gradient":""}},"ast-content-background-meta":{"desktop":{"background-color":"var(--ast-global-color-5)","background-image":"","background-repeat":"repeat","background-position":"center center","background-size":"auto","background-attachment":"scroll","background-type":"","background-media":"","overlay-type":"","overlay-color":"","overlay-opacity":"","overlay-gradient":""},"tablet":{"background-color":"var(--ast-global-color-5)","background-image":"","background-repeat":"repeat","background-position":"center center","background-size":"auto","background-attachment":"scroll","background-type":"","background-media":"","overlay-type":"","overlay-color":"","overlay-opacity":"","overlay-gradient":""},"mobile":{"background-color":"var(--ast-global-color-5)","background-image":"","background-repeat":"repeat","background-position":"center center","background-size":"auto","background-attachment":"scroll","background-type":"","background-media":"","overlay-type":"","overlay-color":"","overlay-opacity":"","overlay-gradient":""}}},"product_brand":[],"product_cat":[370,371,372,373,363],"product_tag":[],"berocket_brand":[582],"class_list":{"0":"post-21458","1":"product","2":"type-product","3":"status-publish","4":"has-post-thumbnail","6":"product_cat-adas-mirdzumam","7":"product_cat-anti-age","8":"product_cat-jutigai-adai-serumi","9":"product_cat-poras-sasaurinoss","10":"product_cat-serumi","11":"berocket_brand-vt","12":"desktop-align-left","13":"tablet-align-left","14":"mobile-align-left","16":"first","17":"instock","18":"sale","19":"taxable","20":"shipping-taxable","21":"purchasable","22":"product-type-simple","23":"add-to-wishlist-before_image"},"yoast_head":"<!-- This site is optimized with the Yoast SEO plugin v27.3 - https:\/\/yoast.com\/product\/yoast-seo-wordpress\/ -->\n<title>VT Cosmetics Collagen Reedle Shot 100 50ml - FACECORNER<\/title>\n<meta name=\"description\" content=\"VT Cosmetics Collagen Reedle Shot 100\u00a0 uzlabo elast\u012bbu un tvirtumu, samazina grumbas un sa\u0161aurina papla\u0161in\u0101t\u0101s poras.Tam ir barojo\u0161a tekst\u016bra\" \/>\n<meta name=\"robots\" content=\"index, follow, max-snippet:-1, max-image-preview:large, max-video-preview:-1\" \/>\n<link rel=\"canonical\" href=\"https:\/\/www.facecorner.lv\/lv\/shop\/vt-cosmetics-collagen-reedle-shot-100-50ml\/\" \/>\n<meta property=\"og:locale\" content=\"lv_LV\" \/>\n<meta property=\"og:type\" content=\"article\" \/>\n<meta property=\"og:title\" content=\"VT Cosmetics Collagen Reedle Shot 100 50ml - FACECORNER\" \/>\n<meta property=\"og:description\" content=\"VT Cosmetics Collagen Reedle Shot 100\u00a0 uzlabo elast\u012bbu un tvirtumu, samazina grumbas un sa\u0161aurina papla\u0161in\u0101t\u0101s poras.Tam ir barojo\u0161a tekst\u016bra\" \/>\n<meta property=\"og:url\" content=\"https:\/\/www.facecorner.lv\/lv\/shop\/vt-cosmetics-collagen-reedle-shot-100-50ml\/\" \/>\n<meta property=\"og:site_name\" content=\"FACECORNER\" \/>\n<meta property=\"article:publisher\" content=\"https:\/\/www.facebook.com\/profile.php?id=100063824551839\" \/>\n<meta property=\"article:modified_time\" content=\"2025-12-15T08:14:42+00:00\" \/>\n<meta property=\"og:image\" content=\"https:\/\/www.facecorner.lv\/wp-content\/uploads\/2024\/11\/VT-Collagen-Reedle-100-2048-1_ec091a18-347e-40e5-9a84-341ae007e8f0.webp\" \/>\n\t<meta property=\"og:image:width\" content=\"2048\" \/>\n\t<meta property=\"og:image:height\" content=\"2048\" \/>\n\t<meta property=\"og:image:type\" content=\"image\/webp\" \/>\n<meta name=\"twitter:card\" content=\"summary_large_image\" \/>\n<meta name=\"twitter:label1\" content=\"Price\" \/>\n\t<meta name=\"twitter:data1\" content=\"&euro;43.50\" \/>\n\t<meta name=\"twitter:label2\" content=\"Availability\" \/>\n\t<meta name=\"twitter:data2\" content=\"In stock\" \/>\n<script type=\"application\/ld+json\" class=\"yoast-schema-graph\">{\"@context\":\"https:\\\/\\\/schema.org\",\"@graph\":[{\"@type\":\"WebPage\",\"@id\":\"https:\\\/\\\/www.facecorner.lv\\\/shop\\\/vt-cosmetics-collagen-reedle-shot-100-50ml\\\/\",\"url\":\"https:\\\/\\\/www.facecorner.lv\\\/shop\\\/vt-cosmetics-collagen-reedle-shot-100-50ml\\\/\",\"name\":\"VT Cosmetics Collagen Reedle Shot 100 50ml - FACECORNER\",\"isPartOf\":{\"@id\":\"https:\\\/\\\/www.facecorner.lv\\\/#website\"},\"primaryImageOfPage\":{\"@id\":\"https:\\\/\\\/www.facecorner.lv\\\/shop\\\/vt-cosmetics-collagen-reedle-shot-100-50ml\\\/#primaryimage\"},\"image\":{\"@id\":\"https:\\\/\\\/www.facecorner.lv\\\/shop\\\/vt-cosmetics-collagen-reedle-shot-100-50ml\\\/#primaryimage\"},\"thumbnailUrl\":\"https:\\\/\\\/www.facecorner.lv\\\/wp-content\\\/uploads\\\/2024\\\/11\\\/VT-Collagen-Reedle-100-2048-1_ec091a18-347e-40e5-9a84-341ae007e8f0.webp\",\"datePublished\":\"2024-11-05T08:04:27+00:00\",\"dateModified\":\"2025-12-15T08:14:42+00:00\",\"description\":\"VT Cosmetics Collagen Reedle Shot 100\u00a0 uzlabo elast\u012bbu un tvirtumu, samazina grumbas un sa\u0161aurina papla\u0161in\u0101t\u0101s poras.Tam ir barojo\u0161a tekst\u016bra\",\"breadcrumb\":{\"@id\":\"https:\\\/\\\/www.facecorner.lv\\\/shop\\\/vt-cosmetics-collagen-reedle-shot-100-50ml\\\/#breadcrumb\"},\"inLanguage\":\"lv-LV\",\"potentialAction\":[{\"@type\":\"ReadAction\",\"target\":[\"https:\\\/\\\/www.facecorner.lv\\\/shop\\\/vt-cosmetics-collagen-reedle-shot-100-50ml\\\/\"]}]},{\"@type\":\"ImageObject\",\"inLanguage\":\"lv-LV\",\"@id\":\"https:\\\/\\\/www.facecorner.lv\\\/shop\\\/vt-cosmetics-collagen-reedle-shot-100-50ml\\\/#primaryimage\",\"url\":\"https:\\\/\\\/www.facecorner.lv\\\/wp-content\\\/uploads\\\/2024\\\/11\\\/VT-Collagen-Reedle-100-2048-1_ec091a18-347e-40e5-9a84-341ae007e8f0.webp\",\"contentUrl\":\"https:\\\/\\\/www.facecorner.lv\\\/wp-content\\\/uploads\\\/2024\\\/11\\\/VT-Collagen-Reedle-100-2048-1_ec091a18-347e-40e5-9a84-341ae007e8f0.webp\",\"width\":2048,\"height\":2048,\"caption\":\"VT Cosmetics Collagen Reedle Shot 100\"},{\"@type\":\"BreadcrumbList\",\"@id\":\"https:\\\/\\\/www.facecorner.lv\\\/shop\\\/vt-cosmetics-collagen-reedle-shot-100-50ml\\\/#breadcrumb\",\"itemListElement\":[{\"@type\":\"ListItem\",\"position\":1,\"name\":\"Home\",\"item\":\"https:\\\/\\\/www.facecorner.lv\\\/\"},{\"@type\":\"ListItem\",\"position\":2,\"name\":\"Veikals\",\"item\":\"https:\\\/\\\/www.facecorner.lv\\\/shop\\\/\"},{\"@type\":\"ListItem\",\"position\":3,\"name\":\"VT Cosmetics Collagen Reedle Shot 100 50ml\"}]},{\"@type\":\"WebSite\",\"@id\":\"https:\\\/\\\/www.facecorner.lv\\\/#website\",\"url\":\"https:\\\/\\\/www.facecorner.lv\\\/\",\"name\":\"Facecorner\",\"description\":\"\",\"publisher\":{\"@id\":\"https:\\\/\\\/www.facecorner.lv\\\/#organization\"},\"potentialAction\":[{\"@type\":\"SearchAction\",\"target\":{\"@type\":\"EntryPoint\",\"urlTemplate\":\"https:\\\/\\\/www.facecorner.lv\\\/?s={search_term_string}\"},\"query-input\":{\"@type\":\"PropertyValueSpecification\",\"valueRequired\":true,\"valueName\":\"search_term_string\"}}],\"inLanguage\":\"lv-LV\"},{\"@type\":\"Organization\",\"@id\":\"https:\\\/\\\/www.facecorner.lv\\\/#organization\",\"name\":\"Facecorner\",\"url\":\"https:\\\/\\\/www.facecorner.lv\\\/\",\"logo\":{\"@type\":\"ImageObject\",\"inLanguage\":\"lv-LV\",\"@id\":\"https:\\\/\\\/www.facecorner.lv\\\/#\\\/schema\\\/logo\\\/image\\\/\",\"url\":\"https:\\\/\\\/www.facecorner.lv\\\/wp-content\\\/uploads\\\/2024\\\/04\\\/fc-logo.jpg\",\"contentUrl\":\"https:\\\/\\\/www.facecorner.lv\\\/wp-content\\\/uploads\\\/2024\\\/04\\\/fc-logo.jpg\",\"width\":174,\"height\":28,\"caption\":\"Facecorner\"},\"image\":{\"@id\":\"https:\\\/\\\/www.facecorner.lv\\\/#\\\/schema\\\/logo\\\/image\\\/\"},\"sameAs\":[\"https:\\\/\\\/www.facebook.com\\\/profile.php?id=100063824551839\",\"https:\\\/\\\/www.instagram.com\\\/facecorner_shop\\\/\"]}]}<\/script>\n<meta property=\"product:price:amount\" content=\"43.50\" \/>\n<meta property=\"product:price:currency\" content=\"EUR\" \/>\n<meta property=\"og:availability\" content=\"instock\" \/>\n<meta property=\"product:availability\" content=\"instock\" \/>\n<meta property=\"product:condition\" content=\"new\" \/>\n<!-- \/ Yoast SEO plugin. -->","yoast_head_json":{"title":"VT Cosmetics Collagen Reedle Shot 100 50ml - FACECORNER","description":"VT Cosmetics Collagen Reedle Shot 100\u00a0 uzlabo elast\u012bbu un tvirtumu, samazina grumbas un sa\u0161aurina papla\u0161in\u0101t\u0101s poras.Tam ir barojo\u0161a tekst\u016bra","robots":{"index":"index","follow":"follow","max-snippet":"max-snippet:-1","max-image-preview":"max-image-preview:large","max-video-preview":"max-video-preview:-1"},"canonical":"https:\/\/www.facecorner.lv\/lv\/shop\/vt-cosmetics-collagen-reedle-shot-100-50ml\/","og_locale":"lv_LV","og_type":"article","og_title":"VT Cosmetics Collagen Reedle Shot 100 50ml - FACECORNER","og_description":"VT Cosmetics Collagen Reedle Shot 100\u00a0 uzlabo elast\u012bbu un tvirtumu, samazina grumbas un sa\u0161aurina papla\u0161in\u0101t\u0101s poras.Tam ir barojo\u0161a tekst\u016bra","og_url":"https:\/\/www.facecorner.lv\/lv\/shop\/vt-cosmetics-collagen-reedle-shot-100-50ml\/","og_site_name":"FACECORNER","article_publisher":"https:\/\/www.facebook.com\/profile.php?id=100063824551839","article_modified_time":"2025-12-15T08:14:42+00:00","og_image":[{"width":2048,"height":2048,"url":"https:\/\/www.facecorner.lv\/wp-content\/uploads\/2024\/11\/VT-Collagen-Reedle-100-2048-1_ec091a18-347e-40e5-9a84-341ae007e8f0.webp","type":"image\/webp"}],"twitter_card":"summary_large_image","twitter_misc":{"Price":"&euro;43.50","Availability":"In stock"},"schema":{"@context":"https:\/\/schema.org","@graph":[{"@type":"WebPage","@id":"https:\/\/www.facecorner.lv\/shop\/vt-cosmetics-collagen-reedle-shot-100-50ml\/","url":"https:\/\/www.facecorner.lv\/shop\/vt-cosmetics-collagen-reedle-shot-100-50ml\/","name":"VT Cosmetics Collagen Reedle Shot 100 50ml - FACECORNER","isPartOf":{"@id":"https:\/\/www.facecorner.lv\/#website"},"primaryImageOfPage":{"@id":"https:\/\/www.facecorner.lv\/shop\/vt-cosmetics-collagen-reedle-shot-100-50ml\/#primaryimage"},"image":{"@id":"https:\/\/www.facecorner.lv\/shop\/vt-cosmetics-collagen-reedle-shot-100-50ml\/#primaryimage"},"thumbnailUrl":"https:\/\/www.facecorner.lv\/wp-content\/uploads\/2024\/11\/VT-Collagen-Reedle-100-2048-1_ec091a18-347e-40e5-9a84-341ae007e8f0.webp","datePublished":"2024-11-05T08:04:27+00:00","dateModified":"2025-12-15T08:14:42+00:00","description":"VT Cosmetics Collagen Reedle Shot 100\u00a0 uzlabo elast\u012bbu un tvirtumu, samazina grumbas un sa\u0161aurina papla\u0161in\u0101t\u0101s poras.Tam ir barojo\u0161a tekst\u016bra","breadcrumb":{"@id":"https:\/\/www.facecorner.lv\/shop\/vt-cosmetics-collagen-reedle-shot-100-50ml\/#breadcrumb"},"inLanguage":"lv-LV","potentialAction":[{"@type":"ReadAction","target":["https:\/\/www.facecorner.lv\/shop\/vt-cosmetics-collagen-reedle-shot-100-50ml\/"]}]},{"@type":"ImageObject","inLanguage":"lv-LV","@id":"https:\/\/www.facecorner.lv\/shop\/vt-cosmetics-collagen-reedle-shot-100-50ml\/#primaryimage","url":"https:\/\/www.facecorner.lv\/wp-content\/uploads\/2024\/11\/VT-Collagen-Reedle-100-2048-1_ec091a18-347e-40e5-9a84-341ae007e8f0.webp","contentUrl":"https:\/\/www.facecorner.lv\/wp-content\/uploads\/2024\/11\/VT-Collagen-Reedle-100-2048-1_ec091a18-347e-40e5-9a84-341ae007e8f0.webp","width":2048,"height":2048,"caption":"VT Cosmetics Collagen Reedle Shot 100"},{"@type":"BreadcrumbList","@id":"https:\/\/www.facecorner.lv\/shop\/vt-cosmetics-collagen-reedle-shot-100-50ml\/#breadcrumb","itemListElement":[{"@type":"ListItem","position":1,"name":"Home","item":"https:\/\/www.facecorner.lv\/"},{"@type":"ListItem","position":2,"name":"Veikals","item":"https:\/\/www.facecorner.lv\/shop\/"},{"@type":"ListItem","position":3,"name":"VT Cosmetics Collagen Reedle Shot 100 50ml"}]},{"@type":"WebSite","@id":"https:\/\/www.facecorner.lv\/#website","url":"https:\/\/www.facecorner.lv\/","name":"Facecorner","description":"","publisher":{"@id":"https:\/\/www.facecorner.lv\/#organization"},"potentialAction":[{"@type":"SearchAction","target":{"@type":"EntryPoint","urlTemplate":"https:\/\/www.facecorner.lv\/?s={search_term_string}"},"query-input":{"@type":"PropertyValueSpecification","valueRequired":true,"valueName":"search_term_string"}}],"inLanguage":"lv-LV"},{"@type":"Organization","@id":"https:\/\/www.facecorner.lv\/#organization","name":"Facecorner","url":"https:\/\/www.facecorner.lv\/","logo":{"@type":"ImageObject","inLanguage":"lv-LV","@id":"https:\/\/www.facecorner.lv\/#\/schema\/logo\/image\/","url":"https:\/\/www.facecorner.lv\/wp-content\/uploads\/2024\/04\/fc-logo.jpg","contentUrl":"https:\/\/www.facecorner.lv\/wp-content\/uploads\/2024\/04\/fc-logo.jpg","width":174,"height":28,"caption":"Facecorner"},"image":{"@id":"https:\/\/www.facecorner.lv\/#\/schema\/logo\/image\/"},"sameAs":["https:\/\/www.facebook.com\/profile.php?id=100063824551839","https:\/\/www.instagram.com\/facecorner_shop\/"]}]},"product_price_amount":"43.50","product_price_currency":"EUR","og_availability":"instock","product_availability":"instock","product_condition":"new"},"_links":{"self":[{"href":"https:\/\/www.facecorner.lv\/lv\/wp-json\/wp\/v2\/product\/21458","targetHints":{"allow":["GET"]}}],"collection":[{"href":"https:\/\/www.facecorner.lv\/lv\/wp-json\/wp\/v2\/product"}],"about":[{"href":"https:\/\/www.facecorner.lv\/lv\/wp-json\/wp\/v2\/types\/product"}],"replies":[{"embeddable":true,"href":"https:\/\/www.facecorner.lv\/lv\/wp-json\/wp\/v2\/comments?post=21458"}],"wp:featuredmedia":[{"embeddable":true,"href":"https:\/\/www.facecorner.lv\/lv\/wp-json\/wp\/v2\/media\/21459"}],"wp:attachment":[{"href":"https:\/\/www.facecorner.lv\/lv\/wp-json\/wp\/v2\/media?parent=21458"}],"wp:term":[{"taxonomy":"product_brand","embeddable":true,"href":"https:\/\/www.facecorner.lv\/lv\/wp-json\/wp\/v2\/product_brand?post=21458"},{"taxonomy":"product_cat","embeddable":true,"href":"https:\/\/www.facecorner.lv\/lv\/wp-json\/wp\/v2\/product_cat?post=21458"},{"taxonomy":"product_tag","embeddable":true,"href":"https:\/\/www.facecorner.lv\/lv\/wp-json\/wp\/v2\/product_tag?post=21458"},{"taxonomy":"berocket_brand","embeddable":true,"href":"https:\/\/www.facecorner.lv\/lv\/wp-json\/wp\/v2\/berocket_brand?post=21458"}],"curies":[{"name":"wp","href":"https:\/\/api.w.org\/{rel}","templated":true}]}}