{"id":21381,"date":"2024-10-23T21:09:35","date_gmt":"2024-10-23T18:09:35","guid":{"rendered":"https:\/\/www.facecorner.lv\/?post_type=product&#038;p=21381"},"modified":"2026-04-14T23:00:14","modified_gmt":"2026-04-14T20:00:14","slug":"medicube-age-r-glutathione-glow-serum-50ml","status":"publish","type":"product","link":"https:\/\/www.facecorner.lv\/lv\/shop\/medicube-age-r-glutathione-glow-serum-50ml\/","title":{"rendered":"Medicube AGE-R Glutathione Glow Serum 50ml"},"content":{"rendered":"<p>Medicube AGE-R Glutathione Glow Serum ir sejas serums, kas apvieno pretnoveco\u0161an\u0101s, balino\u0161u un antioksidantu iedarb\u012bbu.<\/p>\n<p>T\u0101 sast\u0101v\u0101 ir 5 % glutationa, kas aizsarg\u0101 pret br\u012bvajiem radik\u0101\u013ciem, un 5 % niac\u012bnam\u012bda, kas balina vecuma plankumus, izl\u012bdzinot \u0101das toni. Pateicoties pantenola, keram\u012bdu un hialuronsk\u0101bes saturam, l\u012bdzeklis efekt\u012bvi mitrina \u0101du un uzlabo t\u0101s elast\u012bbu. Serums atst\u0101j vesel\u012bgu mirdzuma efektu uz \u0101das. Piem\u0113rots \u0101dai ar noveco\u0161an\u0101s paz\u012bm\u0113m, grumb\u0101m vai vecuma plankumiem.<\/p>\n<p><strong>Akt\u012bv\u0101s sast\u0101vda\u013cas:<\/strong><\/p>\n<ul>\n<li>glutations 5% &#8211; antioksidants, aizsarg\u0101 pret br\u012bvajiem radik\u0101\u013ciem, iedarbojas pret noveco\u0161anos un izgaismo,<\/li>\n<li>niac\u012bnam\u012bds 5% &#8211; balina pigment\u0101ciju, izl\u012bdzina \u0101das tonusu, regul\u0113 sebuma veido\u0161anos,<\/li>\n<li>pantenols &#8211; nomierina kairin\u0101jumus un aps\u0101rtumu, atjauno \u0101du, mitrina,<\/li>\n<li>hialuronsk\u0101be &#8211; intens\u012bvi mitrina, palielina \u0101das elast\u012bbu.<\/li>\n<\/ul>\n<p><strong>Produkta iedarb\u012bba:<\/strong><\/p>\n<ul>\n<li>balina pigment\u0101ciju,<\/li>\n<li>antioksidanta iedarb\u012bba,<\/li>\n<li>iedarbojas pret noveco\u0161anu,<\/li>\n<li>pie\u0161\u0137ir vesel\u012bgu mirdzumu,<\/li>\n<li>mitrina.<\/li>\n<\/ul>\n<p><strong>Lieto\u0161ana:<\/strong> Nelielu produkta daudzumu uzkl\u0101jiet uz att\u012br\u012btas \u0101das, p\u0113c tam uzkl\u0101jiet kr\u0113mu.<\/p>\n<p><strong>S\u0101stavs:<\/strong> Aqua, Glycerin, PEG-8, Niacinamide, Butylene Glycol, Methylpropanediol, 1,2-hexanediol, Betaine, Glycereth-26, Bis-PEG-18 Methyl Ether Dimethylsilane, Polyglyceryl-10 Laurate, Bifida Ferment Lysate, Methyl Gluceth-20, Panthenol, Squalane, Glucosylrutin, Hydrogenated Lecithin, Carbomer, Caprylic\/capric Triglyceride, Tromethamine, Xanthn Gum, Propanediol, Parfum, Ethylhexylglycerin, Glutathione, Adenosine, Ceramide NP, Sodium Phytate, Benzyl Glycol, Hydrolyzed Glycosaminoglycans, Sodium Hyaluronate, Dextrin, Theobroma Cacao (Cocoa) Extract, Beta-glucan, Cyanocobalamin, Sodium Hyaluronate Crosspolymer, Tocopherol, Hydrolyzed Hyaluronic Acid, Hydroxypropyl Trimonium Hyaluronate, Soluble Collagen, Hyaluronic Acid, Sodium Acetylated Hyaluronate, Sodium Stearoyl Glutamate<\/p>\n","protected":false},"excerpt":{"rendered":"<p>Medicube AGE-R Glutathione Glow Serum ir sejas serums, kas apvieno pretnoveco\u0161an\u0101s, balino\u0161u un antioksidantu iedarb\u012bbu.<\/p>\n","protected":false},"featured_media":21382,"comment_status":"closed","ping_status":"closed","template":"","meta":{"site-sidebar-layout":"default","site-content-layout":"","ast-site-content-layout":"","site-content-style":"default","site-sidebar-style":"default","ast-global-header-display":"","ast-banner-title-visibility":"","ast-main-header-display":"","ast-hfb-above-header-display":"","ast-hfb-below-header-display":"","ast-hfb-mobile-header-display":"","site-post-title":"","ast-breadcrumbs-content":"","ast-featured-img":"","footer-sml-layout":"","theme-transparent-header-meta":"","adv-header-id-meta":"","stick-header-meta":"","header-above-stick-meta":"","header-main-stick-meta":"","header-below-stick-meta":"","astra-migrate-meta-layouts":"default","ast-page-background-enabled":"default","ast-page-background-meta":{"desktop":{"background-color":"var(--ast-global-color-4)","background-image":"","background-repeat":"repeat","background-position":"center center","background-size":"auto","background-attachment":"scroll","background-type":"","background-media":"","overlay-type":"","overlay-color":"","overlay-opacity":"","overlay-gradient":""},"tablet":{"background-color":"","background-image":"","background-repeat":"repeat","background-position":"center center","background-size":"auto","background-attachment":"scroll","background-type":"","background-media":"","overlay-type":"","overlay-color":"","overlay-opacity":"","overlay-gradient":""},"mobile":{"background-color":"","background-image":"","background-repeat":"repeat","background-position":"center center","background-size":"auto","background-attachment":"scroll","background-type":"","background-media":"","overlay-type":"","overlay-color":"","overlay-opacity":"","overlay-gradient":""}},"ast-content-background-meta":{"desktop":{"background-color":"var(--ast-global-color-5)","background-image":"","background-repeat":"repeat","background-position":"center center","background-size":"auto","background-attachment":"scroll","background-type":"","background-media":"","overlay-type":"","overlay-color":"","overlay-opacity":"","overlay-gradient":""},"tablet":{"background-color":"var(--ast-global-color-5)","background-image":"","background-repeat":"repeat","background-position":"center center","background-size":"auto","background-attachment":"scroll","background-type":"","background-media":"","overlay-type":"","overlay-color":"","overlay-opacity":"","overlay-gradient":""},"mobile":{"background-color":"var(--ast-global-color-5)","background-image":"","background-repeat":"repeat","background-position":"center center","background-size":"auto","background-attachment":"scroll","background-type":"","background-media":"","overlay-type":"","overlay-color":"","overlay-opacity":"","overlay-gradient":""}}},"product_brand":[],"product_cat":[370,371,363],"product_tag":[],"berocket_brand":[579],"class_list":{"0":"post-21381","1":"product","2":"type-product","3":"status-publish","4":"has-post-thumbnail","6":"product_cat-adas-mirdzumam","7":"product_cat-anti-age","8":"product_cat-serumi","9":"berocket_brand-medicube","10":"desktop-align-left","11":"tablet-align-left","12":"mobile-align-left","14":"first","15":"outofstock","16":"sale","17":"taxable","18":"shipping-taxable","19":"purchasable","20":"product-type-simple","21":"add-to-wishlist-before_image"},"yoast_head":"<!-- This site is optimized with the Yoast SEO plugin v27.4 - https:\/\/yoast.com\/product\/yoast-seo-wordpress\/ -->\n<title>Medicube AGE-R Glutathione Glow Serum 50ml - FACECORNER<\/title>\n<meta name=\"description\" content=\"Medicube AGE-R Glutathione Glow Serum ir sejas serums, kas apvieno pretnoveco\u0161an\u0101s, balino\u0161u un antioksidantu iedarb\u012bbu.T\u0101 sast\u0101v\u0101 ir 5 % glutationa\" \/>\n<meta name=\"robots\" content=\"index, follow, max-snippet:-1, max-image-preview:large, max-video-preview:-1\" \/>\n<link rel=\"canonical\" href=\"https:\/\/www.facecorner.lv\/lv\/shop\/medicube-age-r-glutathione-glow-serum-50ml\/\" \/>\n<meta property=\"og:locale\" content=\"lv_LV\" \/>\n<meta property=\"og:type\" content=\"article\" \/>\n<meta property=\"og:title\" content=\"Medicube AGE-R Glutathione Glow Serum 50ml - FACECORNER\" \/>\n<meta property=\"og:description\" content=\"Medicube AGE-R Glutathione Glow Serum ir sejas serums, kas apvieno pretnoveco\u0161an\u0101s, balino\u0161u un antioksidantu iedarb\u012bbu.T\u0101 sast\u0101v\u0101 ir 5 % glutationa\" \/>\n<meta property=\"og:url\" content=\"https:\/\/www.facecorner.lv\/lv\/shop\/medicube-age-r-glutathione-glow-serum-50ml\/\" \/>\n<meta property=\"og:site_name\" content=\"FACECORNER\" \/>\n<meta property=\"article:publisher\" content=\"https:\/\/www.facebook.com\/profile.php?id=100063824551839\" \/>\n<meta property=\"article:modified_time\" content=\"2026-04-14T20:00:14+00:00\" \/>\n<meta property=\"og:image\" content=\"https:\/\/www.facecorner.lv\/wp-content\/uploads\/2024\/10\/2024_SG_64583551-46dd-46a8-aecb-5093778a56c3.webp\" \/>\n\t<meta property=\"og:image:width\" content=\"1080\" \/>\n\t<meta property=\"og:image:height\" content=\"1080\" \/>\n\t<meta property=\"og:image:type\" content=\"image\/webp\" \/>\n<meta name=\"twitter:card\" content=\"summary_large_image\" \/>\n<meta name=\"twitter:label1\" content=\"Price\" \/>\n\t<meta name=\"twitter:data1\" content=\"&euro;42.00\" \/>\n\t<meta name=\"twitter:label2\" content=\"Availability\" \/>\n\t<meta name=\"twitter:data2\" content=\"Out of stock\" \/>\n<script type=\"application\/ld+json\" class=\"yoast-schema-graph\">{\"@context\":\"https:\\\/\\\/schema.org\",\"@graph\":[{\"@type\":\"WebPage\",\"@id\":\"https:\\\/\\\/www.facecorner.lv\\\/shop\\\/medicube-age-r-glutathione-glow-serum-50ml\\\/\",\"url\":\"https:\\\/\\\/www.facecorner.lv\\\/shop\\\/medicube-age-r-glutathione-glow-serum-50ml\\\/\",\"name\":\"Medicube AGE-R Glutathione Glow Serum 50ml - FACECORNER\",\"isPartOf\":{\"@id\":\"https:\\\/\\\/www.facecorner.lv\\\/#website\"},\"primaryImageOfPage\":{\"@id\":\"https:\\\/\\\/www.facecorner.lv\\\/shop\\\/medicube-age-r-glutathione-glow-serum-50ml\\\/#primaryimage\"},\"image\":{\"@id\":\"https:\\\/\\\/www.facecorner.lv\\\/shop\\\/medicube-age-r-glutathione-glow-serum-50ml\\\/#primaryimage\"},\"thumbnailUrl\":\"https:\\\/\\\/www.facecorner.lv\\\/wp-content\\\/uploads\\\/2024\\\/10\\\/2024_SG_64583551-46dd-46a8-aecb-5093778a56c3.webp\",\"datePublished\":\"2024-10-23T18:09:35+00:00\",\"dateModified\":\"2026-04-14T20:00:14+00:00\",\"description\":\"Medicube AGE-R Glutathione Glow Serum ir sejas serums, kas apvieno pretnoveco\u0161an\u0101s, balino\u0161u un antioksidantu iedarb\u012bbu.T\u0101 sast\u0101v\u0101 ir 5 % glutationa\",\"breadcrumb\":{\"@id\":\"https:\\\/\\\/www.facecorner.lv\\\/shop\\\/medicube-age-r-glutathione-glow-serum-50ml\\\/#breadcrumb\"},\"inLanguage\":\"lv-LV\",\"potentialAction\":[{\"@type\":\"ReadAction\",\"target\":[\"https:\\\/\\\/www.facecorner.lv\\\/shop\\\/medicube-age-r-glutathione-glow-serum-50ml\\\/\"]}]},{\"@type\":\"ImageObject\",\"inLanguage\":\"lv-LV\",\"@id\":\"https:\\\/\\\/www.facecorner.lv\\\/shop\\\/medicube-age-r-glutathione-glow-serum-50ml\\\/#primaryimage\",\"url\":\"https:\\\/\\\/www.facecorner.lv\\\/wp-content\\\/uploads\\\/2024\\\/10\\\/2024_SG_64583551-46dd-46a8-aecb-5093778a56c3.webp\",\"contentUrl\":\"https:\\\/\\\/www.facecorner.lv\\\/wp-content\\\/uploads\\\/2024\\\/10\\\/2024_SG_64583551-46dd-46a8-aecb-5093778a56c3.webp\",\"width\":1080,\"height\":1080,\"caption\":\"Medicube AGE-R Glutathione Glow Serum 50ml\"},{\"@type\":\"BreadcrumbList\",\"@id\":\"https:\\\/\\\/www.facecorner.lv\\\/shop\\\/medicube-age-r-glutathione-glow-serum-50ml\\\/#breadcrumb\",\"itemListElement\":[{\"@type\":\"ListItem\",\"position\":1,\"name\":\"Home\",\"item\":\"https:\\\/\\\/www.facecorner.lv\\\/\"},{\"@type\":\"ListItem\",\"position\":2,\"name\":\"Veikals\",\"item\":\"https:\\\/\\\/www.facecorner.lv\\\/shop\\\/\"},{\"@type\":\"ListItem\",\"position\":3,\"name\":\"Medicube AGE-R Glutathione Glow Serum 50ml\"}]},{\"@type\":\"WebSite\",\"@id\":\"https:\\\/\\\/www.facecorner.lv\\\/#website\",\"url\":\"https:\\\/\\\/www.facecorner.lv\\\/\",\"name\":\"Facecorner\",\"description\":\"\",\"publisher\":{\"@id\":\"https:\\\/\\\/www.facecorner.lv\\\/#organization\"},\"potentialAction\":[{\"@type\":\"SearchAction\",\"target\":{\"@type\":\"EntryPoint\",\"urlTemplate\":\"https:\\\/\\\/www.facecorner.lv\\\/?s={search_term_string}\"},\"query-input\":{\"@type\":\"PropertyValueSpecification\",\"valueRequired\":true,\"valueName\":\"search_term_string\"}}],\"inLanguage\":\"lv-LV\"},{\"@type\":\"Organization\",\"@id\":\"https:\\\/\\\/www.facecorner.lv\\\/#organization\",\"name\":\"Facecorner\",\"url\":\"https:\\\/\\\/www.facecorner.lv\\\/\",\"logo\":{\"@type\":\"ImageObject\",\"inLanguage\":\"lv-LV\",\"@id\":\"https:\\\/\\\/www.facecorner.lv\\\/#\\\/schema\\\/logo\\\/image\\\/\",\"url\":\"https:\\\/\\\/www.facecorner.lv\\\/wp-content\\\/uploads\\\/2024\\\/04\\\/fc-logo.jpg\",\"contentUrl\":\"https:\\\/\\\/www.facecorner.lv\\\/wp-content\\\/uploads\\\/2024\\\/04\\\/fc-logo.jpg\",\"width\":174,\"height\":28,\"caption\":\"Facecorner\"},\"image\":{\"@id\":\"https:\\\/\\\/www.facecorner.lv\\\/#\\\/schema\\\/logo\\\/image\\\/\"},\"sameAs\":[\"https:\\\/\\\/www.facebook.com\\\/profile.php?id=100063824551839\",\"https:\\\/\\\/www.instagram.com\\\/facecorner_shop\\\/\"]}]}<\/script>\n<meta property=\"product:price:amount\" content=\"42.00\" \/>\n<meta property=\"product:price:currency\" content=\"EUR\" \/>\n<meta property=\"og:availability\" content=\"out of stock\" \/>\n<meta property=\"product:availability\" content=\"out of stock\" \/>\n<meta property=\"product:condition\" content=\"new\" \/>\n<!-- \/ Yoast SEO plugin. -->","yoast_head_json":{"title":"Medicube AGE-R Glutathione Glow Serum 50ml - FACECORNER","description":"Medicube AGE-R Glutathione Glow Serum ir sejas serums, kas apvieno pretnoveco\u0161an\u0101s, balino\u0161u un antioksidantu iedarb\u012bbu.T\u0101 sast\u0101v\u0101 ir 5 % glutationa","robots":{"index":"index","follow":"follow","max-snippet":"max-snippet:-1","max-image-preview":"max-image-preview:large","max-video-preview":"max-video-preview:-1"},"canonical":"https:\/\/www.facecorner.lv\/lv\/shop\/medicube-age-r-glutathione-glow-serum-50ml\/","og_locale":"lv_LV","og_type":"article","og_title":"Medicube AGE-R Glutathione Glow Serum 50ml - FACECORNER","og_description":"Medicube AGE-R Glutathione Glow Serum ir sejas serums, kas apvieno pretnoveco\u0161an\u0101s, balino\u0161u un antioksidantu iedarb\u012bbu.T\u0101 sast\u0101v\u0101 ir 5 % glutationa","og_url":"https:\/\/www.facecorner.lv\/lv\/shop\/medicube-age-r-glutathione-glow-serum-50ml\/","og_site_name":"FACECORNER","article_publisher":"https:\/\/www.facebook.com\/profile.php?id=100063824551839","article_modified_time":"2026-04-14T20:00:14+00:00","og_image":[{"width":1080,"height":1080,"url":"https:\/\/www.facecorner.lv\/wp-content\/uploads\/2024\/10\/2024_SG_64583551-46dd-46a8-aecb-5093778a56c3.webp","type":"image\/webp"}],"twitter_card":"summary_large_image","twitter_misc":{"Price":"&euro;42.00","Availability":"Out of stock"},"schema":{"@context":"https:\/\/schema.org","@graph":[{"@type":"WebPage","@id":"https:\/\/www.facecorner.lv\/shop\/medicube-age-r-glutathione-glow-serum-50ml\/","url":"https:\/\/www.facecorner.lv\/shop\/medicube-age-r-glutathione-glow-serum-50ml\/","name":"Medicube AGE-R Glutathione Glow Serum 50ml - FACECORNER","isPartOf":{"@id":"https:\/\/www.facecorner.lv\/#website"},"primaryImageOfPage":{"@id":"https:\/\/www.facecorner.lv\/shop\/medicube-age-r-glutathione-glow-serum-50ml\/#primaryimage"},"image":{"@id":"https:\/\/www.facecorner.lv\/shop\/medicube-age-r-glutathione-glow-serum-50ml\/#primaryimage"},"thumbnailUrl":"https:\/\/www.facecorner.lv\/wp-content\/uploads\/2024\/10\/2024_SG_64583551-46dd-46a8-aecb-5093778a56c3.webp","datePublished":"2024-10-23T18:09:35+00:00","dateModified":"2026-04-14T20:00:14+00:00","description":"Medicube AGE-R Glutathione Glow Serum ir sejas serums, kas apvieno pretnoveco\u0161an\u0101s, balino\u0161u un antioksidantu iedarb\u012bbu.T\u0101 sast\u0101v\u0101 ir 5 % glutationa","breadcrumb":{"@id":"https:\/\/www.facecorner.lv\/shop\/medicube-age-r-glutathione-glow-serum-50ml\/#breadcrumb"},"inLanguage":"lv-LV","potentialAction":[{"@type":"ReadAction","target":["https:\/\/www.facecorner.lv\/shop\/medicube-age-r-glutathione-glow-serum-50ml\/"]}]},{"@type":"ImageObject","inLanguage":"lv-LV","@id":"https:\/\/www.facecorner.lv\/shop\/medicube-age-r-glutathione-glow-serum-50ml\/#primaryimage","url":"https:\/\/www.facecorner.lv\/wp-content\/uploads\/2024\/10\/2024_SG_64583551-46dd-46a8-aecb-5093778a56c3.webp","contentUrl":"https:\/\/www.facecorner.lv\/wp-content\/uploads\/2024\/10\/2024_SG_64583551-46dd-46a8-aecb-5093778a56c3.webp","width":1080,"height":1080,"caption":"Medicube AGE-R Glutathione Glow Serum 50ml"},{"@type":"BreadcrumbList","@id":"https:\/\/www.facecorner.lv\/shop\/medicube-age-r-glutathione-glow-serum-50ml\/#breadcrumb","itemListElement":[{"@type":"ListItem","position":1,"name":"Home","item":"https:\/\/www.facecorner.lv\/"},{"@type":"ListItem","position":2,"name":"Veikals","item":"https:\/\/www.facecorner.lv\/shop\/"},{"@type":"ListItem","position":3,"name":"Medicube AGE-R Glutathione Glow Serum 50ml"}]},{"@type":"WebSite","@id":"https:\/\/www.facecorner.lv\/#website","url":"https:\/\/www.facecorner.lv\/","name":"Facecorner","description":"","publisher":{"@id":"https:\/\/www.facecorner.lv\/#organization"},"potentialAction":[{"@type":"SearchAction","target":{"@type":"EntryPoint","urlTemplate":"https:\/\/www.facecorner.lv\/?s={search_term_string}"},"query-input":{"@type":"PropertyValueSpecification","valueRequired":true,"valueName":"search_term_string"}}],"inLanguage":"lv-LV"},{"@type":"Organization","@id":"https:\/\/www.facecorner.lv\/#organization","name":"Facecorner","url":"https:\/\/www.facecorner.lv\/","logo":{"@type":"ImageObject","inLanguage":"lv-LV","@id":"https:\/\/www.facecorner.lv\/#\/schema\/logo\/image\/","url":"https:\/\/www.facecorner.lv\/wp-content\/uploads\/2024\/04\/fc-logo.jpg","contentUrl":"https:\/\/www.facecorner.lv\/wp-content\/uploads\/2024\/04\/fc-logo.jpg","width":174,"height":28,"caption":"Facecorner"},"image":{"@id":"https:\/\/www.facecorner.lv\/#\/schema\/logo\/image\/"},"sameAs":["https:\/\/www.facebook.com\/profile.php?id=100063824551839","https:\/\/www.instagram.com\/facecorner_shop\/"]}]},"product_price_amount":"42.00","product_price_currency":"EUR","og_availability":"out of stock","product_availability":"out of stock","product_condition":"new"},"_links":{"self":[{"href":"https:\/\/www.facecorner.lv\/lv\/wp-json\/wp\/v2\/product\/21381","targetHints":{"allow":["GET"]}}],"collection":[{"href":"https:\/\/www.facecorner.lv\/lv\/wp-json\/wp\/v2\/product"}],"about":[{"href":"https:\/\/www.facecorner.lv\/lv\/wp-json\/wp\/v2\/types\/product"}],"replies":[{"embeddable":true,"href":"https:\/\/www.facecorner.lv\/lv\/wp-json\/wp\/v2\/comments?post=21381"}],"wp:featuredmedia":[{"embeddable":true,"href":"https:\/\/www.facecorner.lv\/lv\/wp-json\/wp\/v2\/media\/21382"}],"wp:attachment":[{"href":"https:\/\/www.facecorner.lv\/lv\/wp-json\/wp\/v2\/media?parent=21381"}],"wp:term":[{"taxonomy":"product_brand","embeddable":true,"href":"https:\/\/www.facecorner.lv\/lv\/wp-json\/wp\/v2\/product_brand?post=21381"},{"taxonomy":"product_cat","embeddable":true,"href":"https:\/\/www.facecorner.lv\/lv\/wp-json\/wp\/v2\/product_cat?post=21381"},{"taxonomy":"product_tag","embeddable":true,"href":"https:\/\/www.facecorner.lv\/lv\/wp-json\/wp\/v2\/product_tag?post=21381"},{"taxonomy":"berocket_brand","embeddable":true,"href":"https:\/\/www.facecorner.lv\/lv\/wp-json\/wp\/v2\/berocket_brand?post=21381"}],"curies":[{"name":"wp","href":"https:\/\/api.w.org\/{rel}","templated":true}]}}