{"id":21209,"date":"2024-09-27T19:06:40","date_gmt":"2024-09-27T17:06:40","guid":{"rendered":"https:\/\/www.facecorner.lv\/?post_type=product&#038;p=21209"},"modified":"2025-01-16T01:58:31","modified_gmt":"2025-01-15T22:58:31","slug":"numbuzin-no-1-centella-re-leaf-green-toner-pad-70pcs","status":"publish","type":"product","link":"https:\/\/www.facecorner.lv\/lv\/shop\/numbuzin-no-1-centella-re-leaf-green-toner-pad-70pcs\/","title":{"rendered":"Numbuzin No.1 Centella Re-Leaf Green Toner Pad 70pcs"},"content":{"rendered":"<p>Veg\u0101niskie nomierino\u0161ie centellas toniz\u0113jo\u0161ie spilventi\u0146i Numbuzin No.1 Centella Re-Leaf Green Toner Pad maigi no\u0146em keratiniz\u0113tas \u0161\u016bnas, m\u012bkstina raupju \u0101du, nekav\u0113joties mazina niezi un aps\u0101rtumu. Sast\u0101v\u0101 ir lakrica, t\u0113jas koka, hautthuynia ekstrakts.<\/p>\n<p>Nomierina kairin\u0101tu \u0101du p\u0113c iesp\u0113jas \u012bs\u0101k\u0101 laik\u0101 un samazina t\u0101s temperat\u016bru, veicina iekaisumu dz\u012b\u0161anu un atbr\u012bvo no izsitumiem. Tie atjauno \u0101du, pal\u012bdz rosacejas un kuperozes \u0101rst\u0113\u0161an\u0101, samazina asinsvadu zvaigzn\u012b\u0161u veido\u0161anos.<\/p>\n<p>Spilventi\u0146u pamatne ir izgatavota no veg\u0101nu \u0161\u0137iedras, kas nekairina un netraum\u0113 pat visneaizsarg\u0101t\u0101ko un jut\u012bg\u0101ko \u0101du. Produkts sast\u0101v no diviem sl\u0101\u0146iem: bambusa &#8211; izl\u012bdzina \u0101das toni, att\u012bra un mitrina; uz CICA kompleksa b\u0101zes &#8211; intens\u012bvi nomierina un atjauno \u0101du.<\/p>\n<p>Polster\u0113juma sl\u0101\u0146us var atdal\u012bt un izmantot k\u0101 lok\u0101lu masku, lai \u0101tri mazin\u0101tu kairin\u0101jumus, c\u012bn\u012btos pret lob\u012b\u0161anos un kairin\u0101jumu.<\/p>\n<p><strong>Galven\u0101s akt\u012bv\u0101s sast\u0101vda\u013cas:<\/strong><\/p>\n<ul>\n<li>CICA kompleksam ir pretiekaisuma un br\u016b\u010du dziedino\u0161a iedarb\u012bba, tas veicina \u0101das barjeras \u012bpa\u0161\u012bbu atjauno\u0161anos un mitruma saglab\u0101\u0161anos, mazina jut\u012bgumu, mazina piet\u016bkumu, tam ir vazokonstrikt\u012bvs efekts un mazina kuperozi.<\/li>\n<li>Lakricas ekstraktam ir sp\u0113c\u012bga antiseptiska iedarb\u012bba. Auga sakne satur triterp\u0113nu sapon\u012bnus un flavono\u012bdus, kas nodro\u0161ina imunostimul\u0113jo\u0161u, antiseptisku un antioksidantu iedarb\u012bbu.<\/li>\n<li>Ekstrakts hauttjunija sirdsveida normaliz\u0113 \u0101das st\u0101vokli, mazina kairin\u0101jumu, mazina iekaisumu. Stiprina imunit\u0101ti, padara epidermas virsmu maz\u0101k jut\u012bgu un rea\u0123\u0113tsp\u0113j\u012bgu.<\/li>\n<li>Centella asiatica ekstrakts nomierina, m\u012bkstina, nostiprina asinsvadu sieni\u0146as un nov\u0113r\u0161 asinsvadu t\u012bklojuma veido\u0161anos.<\/li>\n<li>Hiacintes ekstrakts stimul\u0113 \u0161\u016bnu atjauno\u0161anos, uzlabo \u0101das turgoru.<\/li>\n<li>\u0100rstniecisk\u0101 kalnu kalna ekstrakts nom\u0101c iekaisumu un c\u012bn\u0101s ar br\u012bvajiem radik\u0101\u013ciem, nov\u0113r\u0161 pigment\u0101cijas ra\u0161anos.<\/li>\n<\/ul>\n<p><strong>Piem\u0113rots sausai, jut\u012bgai un jauktai \u0101dai.<\/strong><\/p>\n<p><strong>Lieto\u0161ana:<\/strong> vispirms noslaukiet \u0101du ar gai\u0161o pusi un p\u0113c tam ar za\u013co pusi. Ja nepiecie\u0161ams, izmantojiet k\u0101 lok\u0101lu masku.<\/p>\n<p><strong>S\u0101stavs:<\/strong> Centella Asiatica Extract, Glycyrrhiza Uralensis (Licorice) Root Extract, Houttuynia Cordata Extract, Glycerin, Butylene Glycol, Dipropylene Glycol, Propanediol, 1,2-Hexanediol, Ethylhexylglycerin, Hyacinthus Orientalis (Hyacinth) Extract, Polygonum Multiflorum Extract, Carbomer, Hydroxyethylcellulose, Polyglyceryl-10 Laurate, Polyglyceryl-10 Myristate, Arginine, Allantoin, Disodium EDTA, Nymphaea Alba Flower Extract, Ricinus Communis (Castor) Seed Oil, Betaine, Panthenol, Citrus Paradisi (Grapefruit) Peel Oil, Pelargonium Graveolens Flower Oil, Melaleuca Alternifolia (Tea Tree) Leaf Oil, Rosmarinus Officinalis (Rosemary) Leaf Oil<\/p>\n","protected":false},"excerpt":{"rendered":"<p>Veg\u0101niskie nomierino\u0161ie centellas toniz\u0113jo\u0161ie spilventi\u0146i Numbuzin No.1 Centella Re-Leaf Green Toner Pad maigi no\u0146em keratiniz\u0113tas \u0161\u016bnas, m\u012bkstina raupju \u0101du, nekav\u0113joties mazina niezi un aps\u0101rtumu. Sast\u0101v\u0101 ir lakrica, t\u0113jas koka, hautthuynia ekstrakts.<\/p>\n","protected":false},"featured_media":21210,"comment_status":"open","ping_status":"closed","template":"","meta":{"site-sidebar-layout":"default","site-content-layout":"","ast-site-content-layout":"","site-content-style":"default","site-sidebar-style":"default","ast-global-header-display":"","ast-banner-title-visibility":"","ast-main-header-display":"","ast-hfb-above-header-display":"","ast-hfb-below-header-display":"","ast-hfb-mobile-header-display":"","site-post-title":"","ast-breadcrumbs-content":"","ast-featured-img":"","footer-sml-layout":"","theme-transparent-header-meta":"","adv-header-id-meta":"","stick-header-meta":"","header-above-stick-meta":"","header-main-stick-meta":"","header-below-stick-meta":"","astra-migrate-meta-layouts":"default","ast-page-background-enabled":"default","ast-page-background-meta":{"desktop":{"background-color":"var(--ast-global-color-4)","background-image":"","background-repeat":"repeat","background-position":"center center","background-size":"auto","background-attachment":"scroll","background-type":"","background-media":"","overlay-type":"","overlay-color":"","overlay-opacity":"","overlay-gradient":""},"tablet":{"background-color":"","background-image":"","background-repeat":"repeat","background-position":"center center","background-size":"auto","background-attachment":"scroll","background-type":"","background-media":"","overlay-type":"","overlay-color":"","overlay-opacity":"","overlay-gradient":""},"mobile":{"background-color":"","background-image":"","background-repeat":"repeat","background-position":"center center","background-size":"auto","background-attachment":"scroll","background-type":"","background-media":"","overlay-type":"","overlay-color":"","overlay-opacity":"","overlay-gradient":""}},"ast-content-background-meta":{"desktop":{"background-color":"var(--ast-global-color-5)","background-image":"","background-repeat":"repeat","background-position":"center center","background-size":"auto","background-attachment":"scroll","background-type":"","background-media":"","overlay-type":"","overlay-color":"","overlay-opacity":"","overlay-gradient":""},"tablet":{"background-color":"var(--ast-global-color-5)","background-image":"","background-repeat":"repeat","background-position":"center center","background-size":"auto","background-attachment":"scroll","background-type":"","background-media":"","overlay-type":"","overlay-color":"","overlay-opacity":"","overlay-gradient":""},"mobile":{"background-color":"var(--ast-global-color-5)","background-image":"","background-repeat":"repeat","background-position":"center center","background-size":"auto","background-attachment":"scroll","background-type":"","background-media":"","overlay-type":"","overlay-color":"","overlay-opacity":"","overlay-gradient":""}}},"product_brand":[],"product_cat":[511,375,328,377,378,364,376],"product_tag":[],"berocket_brand":[595],"class_list":{"0":"post-21209","1":"product","2":"type-product","3":"status-publish","4":"has-post-thumbnail","6":"product_cat-atlaides","7":"product_cat-jutigai-adai-toneri","8":"product_cat-pilingi-un-skrubji","9":"product_cat-problematiskai-adai-toneri","10":"product_cat-sausai-adai-toneri","11":"product_cat-toneri","12":"product_cat-kombinetai-adai-toneri","13":"berocket_brand-numbuzin","14":"desktop-align-left","15":"tablet-align-left","16":"mobile-align-left","18":"first","19":"outofstock","20":"sale","21":"taxable","22":"shipping-taxable","23":"purchasable","24":"product-type-simple","25":"add-to-wishlist-before_image"},"yoast_head":"<!-- This site is optimized with the Yoast SEO plugin v27.4 - https:\/\/yoast.com\/product\/yoast-seo-wordpress\/ -->\n<title>Numbuzin No.1 Centella Re-Leaf Green Toner Pad 70pcs - FACECORNER<\/title>\n<meta name=\"description\" content=\"Veg\u0101niskie nomierino\u0161ie centellas toniz\u0113jo\u0161ie spilventi\u0146i Numbuzin No.1 Centella Re-Leaf Green Toner Pad maigi no\u0146em keratiniz\u0113tas \u0161\u016bnas, m\u012bkstina raupju \u0101d\" \/>\n<meta name=\"robots\" content=\"index, follow, max-snippet:-1, max-image-preview:large, max-video-preview:-1\" \/>\n<link rel=\"canonical\" href=\"https:\/\/www.facecorner.lv\/lv\/shop\/numbuzin-no-1-centella-re-leaf-green-toner-pad-70pcs\/\" \/>\n<meta property=\"og:locale\" content=\"lv_LV\" \/>\n<meta property=\"og:type\" content=\"article\" \/>\n<meta property=\"og:title\" content=\"Numbuzin No.1 Centella Re-Leaf Green Toner Pad 70pcs - FACECORNER\" \/>\n<meta property=\"og:description\" content=\"Veg\u0101niskie nomierino\u0161ie centellas toniz\u0113jo\u0161ie spilventi\u0146i Numbuzin No.1 Centella Re-Leaf Green Toner Pad maigi no\u0146em keratiniz\u0113tas \u0161\u016bnas, m\u012bkstina raupju \u0101d\" \/>\n<meta property=\"og:url\" content=\"https:\/\/www.facecorner.lv\/lv\/shop\/numbuzin-no-1-centella-re-leaf-green-toner-pad-70pcs\/\" \/>\n<meta property=\"og:site_name\" content=\"FACECORNER\" \/>\n<meta property=\"article:publisher\" content=\"https:\/\/www.facebook.com\/profile.php?id=100063824551839\" \/>\n<meta property=\"article:modified_time\" content=\"2025-01-15T22:58:31+00:00\" \/>\n<meta property=\"og:image\" content=\"https:\/\/www.facecorner.lv\/wp-content\/uploads\/2024\/09\/rus_pl_Numbuzin-No-1-UVLAZHNIAIUSHCHIE-PEDY-DLIA-LICA-S-CENTELLOI-Centella-Re-leaf-Green-Toner-Pad-70SHT-16651_3.webp\" \/>\n\t<meta property=\"og:image:width\" content=\"1500\" \/>\n\t<meta property=\"og:image:height\" content=\"1500\" \/>\n\t<meta property=\"og:image:type\" content=\"image\/webp\" \/>\n<meta name=\"twitter:card\" content=\"summary_large_image\" \/>\n<meta name=\"twitter:label1\" content=\"Price\" \/>\n\t<meta name=\"twitter:data1\" content=\"&euro;24.90\" \/>\n\t<meta name=\"twitter:label2\" content=\"Availability\" \/>\n\t<meta name=\"twitter:data2\" content=\"Out of stock\" \/>\n<script type=\"application\/ld+json\" class=\"yoast-schema-graph\">{\"@context\":\"https:\\\/\\\/schema.org\",\"@graph\":[{\"@type\":\"WebPage\",\"@id\":\"https:\\\/\\\/www.facecorner.lv\\\/shop\\\/numbuzin-no-1-centella-re-leaf-green-toner-pad-70pcs\\\/\",\"url\":\"https:\\\/\\\/www.facecorner.lv\\\/shop\\\/numbuzin-no-1-centella-re-leaf-green-toner-pad-70pcs\\\/\",\"name\":\"Numbuzin No.1 Centella Re-Leaf Green Toner Pad 70pcs - FACECORNER\",\"isPartOf\":{\"@id\":\"https:\\\/\\\/www.facecorner.lv\\\/#website\"},\"primaryImageOfPage\":{\"@id\":\"https:\\\/\\\/www.facecorner.lv\\\/shop\\\/numbuzin-no-1-centella-re-leaf-green-toner-pad-70pcs\\\/#primaryimage\"},\"image\":{\"@id\":\"https:\\\/\\\/www.facecorner.lv\\\/shop\\\/numbuzin-no-1-centella-re-leaf-green-toner-pad-70pcs\\\/#primaryimage\"},\"thumbnailUrl\":\"https:\\\/\\\/www.facecorner.lv\\\/wp-content\\\/uploads\\\/2024\\\/09\\\/rus_pl_Numbuzin-No-1-UVLAZHNIAIUSHCHIE-PEDY-DLIA-LICA-S-CENTELLOI-Centella-Re-leaf-Green-Toner-Pad-70SHT-16651_3.webp\",\"datePublished\":\"2024-09-27T17:06:40+00:00\",\"dateModified\":\"2025-01-15T22:58:31+00:00\",\"description\":\"Veg\u0101niskie nomierino\u0161ie centellas toniz\u0113jo\u0161ie spilventi\u0146i Numbuzin No.1 Centella Re-Leaf Green Toner Pad maigi no\u0146em keratiniz\u0113tas \u0161\u016bnas, m\u012bkstina raupju \u0101d\",\"breadcrumb\":{\"@id\":\"https:\\\/\\\/www.facecorner.lv\\\/shop\\\/numbuzin-no-1-centella-re-leaf-green-toner-pad-70pcs\\\/#breadcrumb\"},\"inLanguage\":\"lv-LV\",\"potentialAction\":[{\"@type\":\"ReadAction\",\"target\":[\"https:\\\/\\\/www.facecorner.lv\\\/shop\\\/numbuzin-no-1-centella-re-leaf-green-toner-pad-70pcs\\\/\"]}]},{\"@type\":\"ImageObject\",\"inLanguage\":\"lv-LV\",\"@id\":\"https:\\\/\\\/www.facecorner.lv\\\/shop\\\/numbuzin-no-1-centella-re-leaf-green-toner-pad-70pcs\\\/#primaryimage\",\"url\":\"https:\\\/\\\/www.facecorner.lv\\\/wp-content\\\/uploads\\\/2024\\\/09\\\/rus_pl_Numbuzin-No-1-UVLAZHNIAIUSHCHIE-PEDY-DLIA-LICA-S-CENTELLOI-Centella-Re-leaf-Green-Toner-Pad-70SHT-16651_3.webp\",\"contentUrl\":\"https:\\\/\\\/www.facecorner.lv\\\/wp-content\\\/uploads\\\/2024\\\/09\\\/rus_pl_Numbuzin-No-1-UVLAZHNIAIUSHCHIE-PEDY-DLIA-LICA-S-CENTELLOI-Centella-Re-leaf-Green-Toner-Pad-70SHT-16651_3.webp\",\"width\":1500,\"height\":1500,\"caption\":\"Numbuzin No.1 Centella Re-Leaf Green Toner Pad\"},{\"@type\":\"BreadcrumbList\",\"@id\":\"https:\\\/\\\/www.facecorner.lv\\\/shop\\\/numbuzin-no-1-centella-re-leaf-green-toner-pad-70pcs\\\/#breadcrumb\",\"itemListElement\":[{\"@type\":\"ListItem\",\"position\":1,\"name\":\"Home\",\"item\":\"https:\\\/\\\/www.facecorner.lv\\\/\"},{\"@type\":\"ListItem\",\"position\":2,\"name\":\"Veikals\",\"item\":\"https:\\\/\\\/www.facecorner.lv\\\/shop\\\/\"},{\"@type\":\"ListItem\",\"position\":3,\"name\":\"Numbuzin No.1 Centella Re-Leaf Green Toner Pad 70pcs\"}]},{\"@type\":\"WebSite\",\"@id\":\"https:\\\/\\\/www.facecorner.lv\\\/#website\",\"url\":\"https:\\\/\\\/www.facecorner.lv\\\/\",\"name\":\"Facecorner\",\"description\":\"\",\"publisher\":{\"@id\":\"https:\\\/\\\/www.facecorner.lv\\\/#organization\"},\"potentialAction\":[{\"@type\":\"SearchAction\",\"target\":{\"@type\":\"EntryPoint\",\"urlTemplate\":\"https:\\\/\\\/www.facecorner.lv\\\/?s={search_term_string}\"},\"query-input\":{\"@type\":\"PropertyValueSpecification\",\"valueRequired\":true,\"valueName\":\"search_term_string\"}}],\"inLanguage\":\"lv-LV\"},{\"@type\":\"Organization\",\"@id\":\"https:\\\/\\\/www.facecorner.lv\\\/#organization\",\"name\":\"Facecorner\",\"url\":\"https:\\\/\\\/www.facecorner.lv\\\/\",\"logo\":{\"@type\":\"ImageObject\",\"inLanguage\":\"lv-LV\",\"@id\":\"https:\\\/\\\/www.facecorner.lv\\\/#\\\/schema\\\/logo\\\/image\\\/\",\"url\":\"https:\\\/\\\/www.facecorner.lv\\\/wp-content\\\/uploads\\\/2024\\\/04\\\/fc-logo.jpg\",\"contentUrl\":\"https:\\\/\\\/www.facecorner.lv\\\/wp-content\\\/uploads\\\/2024\\\/04\\\/fc-logo.jpg\",\"width\":174,\"height\":28,\"caption\":\"Facecorner\"},\"image\":{\"@id\":\"https:\\\/\\\/www.facecorner.lv\\\/#\\\/schema\\\/logo\\\/image\\\/\"},\"sameAs\":[\"https:\\\/\\\/www.facebook.com\\\/profile.php?id=100063824551839\",\"https:\\\/\\\/www.instagram.com\\\/facecorner_shop\\\/\"]}]}<\/script>\n<meta property=\"product:price:amount\" content=\"24.90\" \/>\n<meta property=\"product:price:currency\" content=\"EUR\" \/>\n<meta property=\"og:availability\" content=\"out of stock\" \/>\n<meta property=\"product:availability\" content=\"out of stock\" \/>\n<meta property=\"product:condition\" content=\"new\" \/>\n<!-- \/ Yoast SEO plugin. -->","yoast_head_json":{"title":"Numbuzin No.1 Centella Re-Leaf Green Toner Pad 70pcs - FACECORNER","description":"Veg\u0101niskie nomierino\u0161ie centellas toniz\u0113jo\u0161ie spilventi\u0146i Numbuzin No.1 Centella Re-Leaf Green Toner Pad maigi no\u0146em keratiniz\u0113tas \u0161\u016bnas, m\u012bkstina raupju \u0101d","robots":{"index":"index","follow":"follow","max-snippet":"max-snippet:-1","max-image-preview":"max-image-preview:large","max-video-preview":"max-video-preview:-1"},"canonical":"https:\/\/www.facecorner.lv\/lv\/shop\/numbuzin-no-1-centella-re-leaf-green-toner-pad-70pcs\/","og_locale":"lv_LV","og_type":"article","og_title":"Numbuzin No.1 Centella Re-Leaf Green Toner Pad 70pcs - FACECORNER","og_description":"Veg\u0101niskie nomierino\u0161ie centellas toniz\u0113jo\u0161ie spilventi\u0146i Numbuzin No.1 Centella Re-Leaf Green Toner Pad maigi no\u0146em keratiniz\u0113tas \u0161\u016bnas, m\u012bkstina raupju \u0101d","og_url":"https:\/\/www.facecorner.lv\/lv\/shop\/numbuzin-no-1-centella-re-leaf-green-toner-pad-70pcs\/","og_site_name":"FACECORNER","article_publisher":"https:\/\/www.facebook.com\/profile.php?id=100063824551839","article_modified_time":"2025-01-15T22:58:31+00:00","og_image":[{"width":1500,"height":1500,"url":"https:\/\/www.facecorner.lv\/wp-content\/uploads\/2024\/09\/rus_pl_Numbuzin-No-1-UVLAZHNIAIUSHCHIE-PEDY-DLIA-LICA-S-CENTELLOI-Centella-Re-leaf-Green-Toner-Pad-70SHT-16651_3.webp","type":"image\/webp"}],"twitter_card":"summary_large_image","twitter_misc":{"Price":"&euro;24.90","Availability":"Out of stock"},"schema":{"@context":"https:\/\/schema.org","@graph":[{"@type":"WebPage","@id":"https:\/\/www.facecorner.lv\/shop\/numbuzin-no-1-centella-re-leaf-green-toner-pad-70pcs\/","url":"https:\/\/www.facecorner.lv\/shop\/numbuzin-no-1-centella-re-leaf-green-toner-pad-70pcs\/","name":"Numbuzin No.1 Centella Re-Leaf Green Toner Pad 70pcs - FACECORNER","isPartOf":{"@id":"https:\/\/www.facecorner.lv\/#website"},"primaryImageOfPage":{"@id":"https:\/\/www.facecorner.lv\/shop\/numbuzin-no-1-centella-re-leaf-green-toner-pad-70pcs\/#primaryimage"},"image":{"@id":"https:\/\/www.facecorner.lv\/shop\/numbuzin-no-1-centella-re-leaf-green-toner-pad-70pcs\/#primaryimage"},"thumbnailUrl":"https:\/\/www.facecorner.lv\/wp-content\/uploads\/2024\/09\/rus_pl_Numbuzin-No-1-UVLAZHNIAIUSHCHIE-PEDY-DLIA-LICA-S-CENTELLOI-Centella-Re-leaf-Green-Toner-Pad-70SHT-16651_3.webp","datePublished":"2024-09-27T17:06:40+00:00","dateModified":"2025-01-15T22:58:31+00:00","description":"Veg\u0101niskie nomierino\u0161ie centellas toniz\u0113jo\u0161ie spilventi\u0146i Numbuzin No.1 Centella Re-Leaf Green Toner Pad maigi no\u0146em keratiniz\u0113tas \u0161\u016bnas, m\u012bkstina raupju \u0101d","breadcrumb":{"@id":"https:\/\/www.facecorner.lv\/shop\/numbuzin-no-1-centella-re-leaf-green-toner-pad-70pcs\/#breadcrumb"},"inLanguage":"lv-LV","potentialAction":[{"@type":"ReadAction","target":["https:\/\/www.facecorner.lv\/shop\/numbuzin-no-1-centella-re-leaf-green-toner-pad-70pcs\/"]}]},{"@type":"ImageObject","inLanguage":"lv-LV","@id":"https:\/\/www.facecorner.lv\/shop\/numbuzin-no-1-centella-re-leaf-green-toner-pad-70pcs\/#primaryimage","url":"https:\/\/www.facecorner.lv\/wp-content\/uploads\/2024\/09\/rus_pl_Numbuzin-No-1-UVLAZHNIAIUSHCHIE-PEDY-DLIA-LICA-S-CENTELLOI-Centella-Re-leaf-Green-Toner-Pad-70SHT-16651_3.webp","contentUrl":"https:\/\/www.facecorner.lv\/wp-content\/uploads\/2024\/09\/rus_pl_Numbuzin-No-1-UVLAZHNIAIUSHCHIE-PEDY-DLIA-LICA-S-CENTELLOI-Centella-Re-leaf-Green-Toner-Pad-70SHT-16651_3.webp","width":1500,"height":1500,"caption":"Numbuzin No.1 Centella Re-Leaf Green Toner Pad"},{"@type":"BreadcrumbList","@id":"https:\/\/www.facecorner.lv\/shop\/numbuzin-no-1-centella-re-leaf-green-toner-pad-70pcs\/#breadcrumb","itemListElement":[{"@type":"ListItem","position":1,"name":"Home","item":"https:\/\/www.facecorner.lv\/"},{"@type":"ListItem","position":2,"name":"Veikals","item":"https:\/\/www.facecorner.lv\/shop\/"},{"@type":"ListItem","position":3,"name":"Numbuzin No.1 Centella Re-Leaf Green Toner Pad 70pcs"}]},{"@type":"WebSite","@id":"https:\/\/www.facecorner.lv\/#website","url":"https:\/\/www.facecorner.lv\/","name":"Facecorner","description":"","publisher":{"@id":"https:\/\/www.facecorner.lv\/#organization"},"potentialAction":[{"@type":"SearchAction","target":{"@type":"EntryPoint","urlTemplate":"https:\/\/www.facecorner.lv\/?s={search_term_string}"},"query-input":{"@type":"PropertyValueSpecification","valueRequired":true,"valueName":"search_term_string"}}],"inLanguage":"lv-LV"},{"@type":"Organization","@id":"https:\/\/www.facecorner.lv\/#organization","name":"Facecorner","url":"https:\/\/www.facecorner.lv\/","logo":{"@type":"ImageObject","inLanguage":"lv-LV","@id":"https:\/\/www.facecorner.lv\/#\/schema\/logo\/image\/","url":"https:\/\/www.facecorner.lv\/wp-content\/uploads\/2024\/04\/fc-logo.jpg","contentUrl":"https:\/\/www.facecorner.lv\/wp-content\/uploads\/2024\/04\/fc-logo.jpg","width":174,"height":28,"caption":"Facecorner"},"image":{"@id":"https:\/\/www.facecorner.lv\/#\/schema\/logo\/image\/"},"sameAs":["https:\/\/www.facebook.com\/profile.php?id=100063824551839","https:\/\/www.instagram.com\/facecorner_shop\/"]}]},"product_price_amount":"24.90","product_price_currency":"EUR","og_availability":"out of stock","product_availability":"out of stock","product_condition":"new"},"_links":{"self":[{"href":"https:\/\/www.facecorner.lv\/lv\/wp-json\/wp\/v2\/product\/21209","targetHints":{"allow":["GET"]}}],"collection":[{"href":"https:\/\/www.facecorner.lv\/lv\/wp-json\/wp\/v2\/product"}],"about":[{"href":"https:\/\/www.facecorner.lv\/lv\/wp-json\/wp\/v2\/types\/product"}],"replies":[{"embeddable":true,"href":"https:\/\/www.facecorner.lv\/lv\/wp-json\/wp\/v2\/comments?post=21209"}],"wp:featuredmedia":[{"embeddable":true,"href":"https:\/\/www.facecorner.lv\/lv\/wp-json\/wp\/v2\/media\/21210"}],"wp:attachment":[{"href":"https:\/\/www.facecorner.lv\/lv\/wp-json\/wp\/v2\/media?parent=21209"}],"wp:term":[{"taxonomy":"product_brand","embeddable":true,"href":"https:\/\/www.facecorner.lv\/lv\/wp-json\/wp\/v2\/product_brand?post=21209"},{"taxonomy":"product_cat","embeddable":true,"href":"https:\/\/www.facecorner.lv\/lv\/wp-json\/wp\/v2\/product_cat?post=21209"},{"taxonomy":"product_tag","embeddable":true,"href":"https:\/\/www.facecorner.lv\/lv\/wp-json\/wp\/v2\/product_tag?post=21209"},{"taxonomy":"berocket_brand","embeddable":true,"href":"https:\/\/www.facecorner.lv\/lv\/wp-json\/wp\/v2\/berocket_brand?post=21209"}],"curies":[{"name":"wp","href":"https:\/\/api.w.org\/{rel}","templated":true}]}}