{"id":21198,"date":"2024-09-27T17:30:46","date_gmt":"2024-09-27T15:30:46","guid":{"rendered":"https:\/\/www.facecorner.lv\/?post_type=product&#038;p=21198"},"modified":"2025-08-26T00:08:39","modified_gmt":"2025-08-25T21:08:39","slug":"tirtir-sos-serum-50-ml","status":"publish","type":"product","link":"https:\/\/www.facecorner.lv\/lv\/shop\/tirtir-sos-serum-50-ml\/","title":{"rendered":"TIRTIR SOS Serum 50 ml"},"content":{"rendered":"<p>TIRTIRTIR SOS Serum nodro\u0161ina pretgrumbu un mitrino\u0161u iedarb\u012bbu, lai baud\u012btu starojo\u0161u izskatu. Satur pept\u012bdu kompleksu, kas re\u0123ener\u0113 un elast\u0113 \u0101du, samazinot grumbi\u0146as . Pretgrumbu iedarb\u012bbu pastiprina adenoz\u012bns , kam piem\u012bt papildu balino\u0161as un pretiekaisuma \u012bpa\u0161\u012bbas .Savuk\u0101rt poliglutam\u012bnsk\u0101be palielina mitruma l\u012bmeni un izl\u012bdzina \u0101du. Pantenols un n\u0101trija hialuron\u0101ts ir paz\u012bstami ar sav\u0101m nomierino\u0161aj\u0101m un mitrino\u0161aj\u0101m \u012bpa\u0161\u012bb\u0101m.<\/p>\n<p><strong>Produkts satur:<\/strong><\/p>\n<ul>\n<li>pantenols\u00a0&#8211;\u00a0dziedina, nomierina kairin\u0101jumu un sniedz mitrino\u0161u efektu, samazina \u016bdens zudumu caur epidermu un efekt\u012bvi mitrina \u0101du, pie\u0161\u0137irot tai m\u012bkstumu un elast\u012bbu, stimul\u0113 \u0161\u016bnu dal\u012b\u0161anos, t\u0101d\u0113j\u0101di iedarbojoties re\u0123ener\u0113jo\u0161i,<\/li>\n<li>adenoz\u012bns\u00a0&#8211;\u00a0aizkav\u0113 noveco\u0161an\u0101s procesus, iedarbojas pret grumb\u0101m un uzlabo \u0101das elast\u012bbu, pa\u0101trina \u0101das atjauno\u0161anos un izl\u012bdzina \u0101das tonusu,<\/li>\n<li>n\u0101trija hialuron\u0101ts\u00a0&#8211; ierobe\u017eo p\u0101rm\u0113r\u012bgu \u016bdens zudumu no epidermas, darbojas aizsarg\u0101jo\u0161i un veicina re\u0123ener\u0101ciju, papildus m\u012bkstina, padara \u0101du elast\u012bg\u0101ku un glud\u0101ku,<\/li>\n<li>poliglutam\u012bnsk\u0101be\u00a0&#8211; padara \u0101du elast\u012bg\u0101ku un tai piem\u012bt pretgrumbu \u012bpa\u0161\u012bbas,<\/li>\n<li>pept\u012bdi\u00a0&#8211; uzlabo \u0101das elast\u012bbu un tonusu un samazina grumbu dzi\u013cumu<\/li>\n<\/ul>\n<p><strong>Lieto\u0161anas veids:\u00a0<\/strong>Vienm\u0113r vienm\u0113r\u012bgi uzkl\u0101jiet uz sejas atbilsto\u0161u seruma daudzumu un viegli uzs\u016bciet, lai tas lab\u0101k uzs\u016bktos.<\/p>\n<p><strong>S\u0101stavs:<\/strong> Aqua, Dipropylene Glycol, Glycerin, Butylene Glycol, 1,2-Hexanediol, Carbomer, Arginine, Caprylyl Glycol, Panthenol, Allantoin, Betaine, Hamamelis Virginia na (Witch Hazel) Extract, Adenosine, Disodium EDTA, Illicium Verum (Anise) Fruit Extract, Sodium Hyaluronate, Polyglutamic Acid, Glycyrrhiza Glabra (Licorice) Root Extract, Centella Asiatica Extract, Chamomilla Recutita (Matricaria) Flower Extract, Rosmarinus Officinalis (Rosemary) Leaf Extract, Camellia Sinensis Leaf Extract, Scutellaria Baicalensis Root Extract, Polygonum Cuspidatum Root Extract, Natto Gum, Copper Tripeptide-1, Acetyl Hexapeptide-8, Palmitoyl Pentapeptide-4<\/p>\n","protected":false},"excerpt":{"rendered":"<p>TIRTIRTIR SOS Serum nodro\u0161ina pretgrumbu un mitrino\u0161u iedarb\u012bbu, lai baud\u012btu starojo\u0161u izskatu. Satur pept\u012bdu kompleksu, kas re\u0123ener\u0113 un elast\u0113 \u0101du, samazinot grumbi\u0146as.<\/p>\n","protected":false},"featured_media":21201,"comment_status":"open","ping_status":"closed","template":"","meta":{"site-sidebar-layout":"default","site-content-layout":"","ast-site-content-layout":"","site-content-style":"default","site-sidebar-style":"default","ast-global-header-display":"","ast-banner-title-visibility":"","ast-main-header-display":"","ast-hfb-above-header-display":"","ast-hfb-below-header-display":"","ast-hfb-mobile-header-display":"","site-post-title":"","ast-breadcrumbs-content":"","ast-featured-img":"","footer-sml-layout":"","theme-transparent-header-meta":"","adv-header-id-meta":"","stick-header-meta":"","header-above-stick-meta":"","header-main-stick-meta":"","header-below-stick-meta":"","astra-migrate-meta-layouts":"default","ast-page-background-enabled":"default","ast-page-background-meta":{"desktop":{"background-color":"var(--ast-global-color-4)","background-image":"","background-repeat":"repeat","background-position":"center center","background-size":"auto","background-attachment":"scroll","background-type":"","background-media":"","overlay-type":"","overlay-color":"","overlay-opacity":"","overlay-gradient":""},"tablet":{"background-color":"","background-image":"","background-repeat":"repeat","background-position":"center center","background-size":"auto","background-attachment":"scroll","background-type":"","background-media":"","overlay-type":"","overlay-color":"","overlay-opacity":"","overlay-gradient":""},"mobile":{"background-color":"","background-image":"","background-repeat":"repeat","background-position":"center center","background-size":"auto","background-attachment":"scroll","background-type":"","background-media":"","overlay-type":"","overlay-color":"","overlay-opacity":"","overlay-gradient":""}},"ast-content-background-meta":{"desktop":{"background-color":"var(--ast-global-color-5)","background-image":"","background-repeat":"repeat","background-position":"center center","background-size":"auto","background-attachment":"scroll","background-type":"","background-media":"","overlay-type":"","overlay-color":"","overlay-opacity":"","overlay-gradient":""},"tablet":{"background-color":"var(--ast-global-color-5)","background-image":"","background-repeat":"repeat","background-position":"center center","background-size":"auto","background-attachment":"scroll","background-type":"","background-media":"","overlay-type":"","overlay-color":"","overlay-opacity":"","overlay-gradient":""},"mobile":{"background-color":"var(--ast-global-color-5)","background-image":"","background-repeat":"repeat","background-position":"center center","background-size":"auto","background-attachment":"scroll","background-type":"","background-media":"","overlay-type":"","overlay-color":"","overlay-opacity":"","overlay-gradient":""}}},"product_brand":[],"product_cat":[370,371,363],"product_tag":[],"berocket_brand":[584],"class_list":{"0":"post-21198","1":"product","2":"type-product","3":"status-publish","4":"has-post-thumbnail","6":"product_cat-adas-mirdzumam","7":"product_cat-anti-age","8":"product_cat-serumi","9":"berocket_brand-tirtir","10":"desktop-align-left","11":"tablet-align-left","12":"mobile-align-left","14":"first","15":"outofstock","16":"taxable","17":"shipping-taxable","18":"purchasable","19":"product-type-simple","20":"add-to-wishlist-before_image"},"yoast_head":"<!-- This site is optimized with the Yoast SEO plugin v27.3 - https:\/\/yoast.com\/product\/yoast-seo-wordpress\/ -->\n<title>TIRTIR SOS Serum 50 ml - FACECORNER<\/title>\n<meta name=\"description\" content=\"TIRTIRTIR SOS Serum nodro\u0161ina pretgrumbu un mitrino\u0161u iedarb\u012bbu, lai baud\u012btu starojo\u0161u izskatu. Satur pept\u012bdu kompleksu, kas re\u0123ener\u0113 un elast\u0113 \u0101du\" \/>\n<meta name=\"robots\" content=\"index, follow, max-snippet:-1, max-image-preview:large, max-video-preview:-1\" \/>\n<link rel=\"canonical\" href=\"https:\/\/www.facecorner.lv\/lv\/shop\/tirtir-sos-serum-50-ml\/\" \/>\n<meta property=\"og:locale\" content=\"lv_LV\" \/>\n<meta property=\"og:type\" content=\"article\" \/>\n<meta property=\"og:title\" content=\"TIRTIR SOS Serum 50 ml - FACECORNER\" \/>\n<meta property=\"og:description\" content=\"TIRTIRTIR SOS Serum nodro\u0161ina pretgrumbu un mitrino\u0161u iedarb\u012bbu, lai baud\u012btu starojo\u0161u izskatu. Satur pept\u012bdu kompleksu, kas re\u0123ener\u0113 un elast\u0113 \u0101du\" \/>\n<meta property=\"og:url\" content=\"https:\/\/www.facecorner.lv\/lv\/shop\/tirtir-sos-serum-50-ml\/\" \/>\n<meta property=\"og:site_name\" content=\"FACECORNER\" \/>\n<meta property=\"article:publisher\" content=\"https:\/\/www.facebook.com\/profile.php?id=100063824551839\" \/>\n<meta property=\"article:modified_time\" content=\"2025-08-25T21:08:39+00:00\" \/>\n<meta property=\"og:image\" content=\"https:\/\/www.facecorner.lv\/wp-content\/uploads\/2024\/09\/3-f09e5cc61cdb2cded111c8b2d861173f.jpg\" \/>\n\t<meta property=\"og:image:width\" content=\"1500\" \/>\n\t<meta property=\"og:image:height\" content=\"2000\" \/>\n\t<meta property=\"og:image:type\" content=\"image\/jpeg\" \/>\n<meta name=\"twitter:card\" content=\"summary_large_image\" \/>\n<meta name=\"twitter:label1\" content=\"Price\" \/>\n\t<meta name=\"twitter:data1\" content=\"&euro;29.90\" \/>\n\t<meta name=\"twitter:label2\" content=\"Availability\" \/>\n\t<meta name=\"twitter:data2\" content=\"Out of stock\" \/>\n<script type=\"application\/ld+json\" class=\"yoast-schema-graph\">{\"@context\":\"https:\\\/\\\/schema.org\",\"@graph\":[{\"@type\":\"WebPage\",\"@id\":\"https:\\\/\\\/www.facecorner.lv\\\/shop\\\/tirtir-sos-serum-50-ml\\\/\",\"url\":\"https:\\\/\\\/www.facecorner.lv\\\/shop\\\/tirtir-sos-serum-50-ml\\\/\",\"name\":\"TIRTIR SOS Serum 50 ml - FACECORNER\",\"isPartOf\":{\"@id\":\"https:\\\/\\\/www.facecorner.lv\\\/#website\"},\"primaryImageOfPage\":{\"@id\":\"https:\\\/\\\/www.facecorner.lv\\\/shop\\\/tirtir-sos-serum-50-ml\\\/#primaryimage\"},\"image\":{\"@id\":\"https:\\\/\\\/www.facecorner.lv\\\/shop\\\/tirtir-sos-serum-50-ml\\\/#primaryimage\"},\"thumbnailUrl\":\"https:\\\/\\\/www.facecorner.lv\\\/wp-content\\\/uploads\\\/2024\\\/09\\\/3-f09e5cc61cdb2cded111c8b2d861173f.jpg\",\"datePublished\":\"2024-09-27T15:30:46+00:00\",\"dateModified\":\"2025-08-25T21:08:39+00:00\",\"description\":\"TIRTIRTIR SOS Serum nodro\u0161ina pretgrumbu un mitrino\u0161u iedarb\u012bbu, lai baud\u012btu starojo\u0161u izskatu. Satur pept\u012bdu kompleksu, kas re\u0123ener\u0113 un elast\u0113 \u0101du\",\"breadcrumb\":{\"@id\":\"https:\\\/\\\/www.facecorner.lv\\\/shop\\\/tirtir-sos-serum-50-ml\\\/#breadcrumb\"},\"inLanguage\":\"lv-LV\",\"potentialAction\":[{\"@type\":\"ReadAction\",\"target\":[\"https:\\\/\\\/www.facecorner.lv\\\/shop\\\/tirtir-sos-serum-50-ml\\\/\"]}]},{\"@type\":\"ImageObject\",\"inLanguage\":\"lv-LV\",\"@id\":\"https:\\\/\\\/www.facecorner.lv\\\/shop\\\/tirtir-sos-serum-50-ml\\\/#primaryimage\",\"url\":\"https:\\\/\\\/www.facecorner.lv\\\/wp-content\\\/uploads\\\/2024\\\/09\\\/3-f09e5cc61cdb2cded111c8b2d861173f.jpg\",\"contentUrl\":\"https:\\\/\\\/www.facecorner.lv\\\/wp-content\\\/uploads\\\/2024\\\/09\\\/3-f09e5cc61cdb2cded111c8b2d861173f.jpg\",\"width\":1500,\"height\":2000},{\"@type\":\"BreadcrumbList\",\"@id\":\"https:\\\/\\\/www.facecorner.lv\\\/shop\\\/tirtir-sos-serum-50-ml\\\/#breadcrumb\",\"itemListElement\":[{\"@type\":\"ListItem\",\"position\":1,\"name\":\"Home\",\"item\":\"https:\\\/\\\/www.facecorner.lv\\\/\"},{\"@type\":\"ListItem\",\"position\":2,\"name\":\"Veikals\",\"item\":\"https:\\\/\\\/www.facecorner.lv\\\/shop\\\/\"},{\"@type\":\"ListItem\",\"position\":3,\"name\":\"TIRTIR SOS Serum 50 ml\"}]},{\"@type\":\"WebSite\",\"@id\":\"https:\\\/\\\/www.facecorner.lv\\\/#website\",\"url\":\"https:\\\/\\\/www.facecorner.lv\\\/\",\"name\":\"Facecorner\",\"description\":\"\",\"publisher\":{\"@id\":\"https:\\\/\\\/www.facecorner.lv\\\/#organization\"},\"potentialAction\":[{\"@type\":\"SearchAction\",\"target\":{\"@type\":\"EntryPoint\",\"urlTemplate\":\"https:\\\/\\\/www.facecorner.lv\\\/?s={search_term_string}\"},\"query-input\":{\"@type\":\"PropertyValueSpecification\",\"valueRequired\":true,\"valueName\":\"search_term_string\"}}],\"inLanguage\":\"lv-LV\"},{\"@type\":\"Organization\",\"@id\":\"https:\\\/\\\/www.facecorner.lv\\\/#organization\",\"name\":\"Facecorner\",\"url\":\"https:\\\/\\\/www.facecorner.lv\\\/\",\"logo\":{\"@type\":\"ImageObject\",\"inLanguage\":\"lv-LV\",\"@id\":\"https:\\\/\\\/www.facecorner.lv\\\/#\\\/schema\\\/logo\\\/image\\\/\",\"url\":\"https:\\\/\\\/www.facecorner.lv\\\/wp-content\\\/uploads\\\/2024\\\/04\\\/fc-logo.jpg\",\"contentUrl\":\"https:\\\/\\\/www.facecorner.lv\\\/wp-content\\\/uploads\\\/2024\\\/04\\\/fc-logo.jpg\",\"width\":174,\"height\":28,\"caption\":\"Facecorner\"},\"image\":{\"@id\":\"https:\\\/\\\/www.facecorner.lv\\\/#\\\/schema\\\/logo\\\/image\\\/\"},\"sameAs\":[\"https:\\\/\\\/www.facebook.com\\\/profile.php?id=100063824551839\",\"https:\\\/\\\/www.instagram.com\\\/facecorner_shop\\\/\"]}]}<\/script>\n<meta property=\"product:price:amount\" content=\"29.90\" \/>\n<meta property=\"product:price:currency\" content=\"EUR\" \/>\n<meta property=\"og:availability\" content=\"out of stock\" \/>\n<meta property=\"product:availability\" content=\"out of stock\" \/>\n<meta property=\"product:condition\" content=\"new\" \/>\n<!-- \/ Yoast SEO plugin. -->","yoast_head_json":{"title":"TIRTIR SOS Serum 50 ml - FACECORNER","description":"TIRTIRTIR SOS Serum nodro\u0161ina pretgrumbu un mitrino\u0161u iedarb\u012bbu, lai baud\u012btu starojo\u0161u izskatu. Satur pept\u012bdu kompleksu, kas re\u0123ener\u0113 un elast\u0113 \u0101du","robots":{"index":"index","follow":"follow","max-snippet":"max-snippet:-1","max-image-preview":"max-image-preview:large","max-video-preview":"max-video-preview:-1"},"canonical":"https:\/\/www.facecorner.lv\/lv\/shop\/tirtir-sos-serum-50-ml\/","og_locale":"lv_LV","og_type":"article","og_title":"TIRTIR SOS Serum 50 ml - FACECORNER","og_description":"TIRTIRTIR SOS Serum nodro\u0161ina pretgrumbu un mitrino\u0161u iedarb\u012bbu, lai baud\u012btu starojo\u0161u izskatu. Satur pept\u012bdu kompleksu, kas re\u0123ener\u0113 un elast\u0113 \u0101du","og_url":"https:\/\/www.facecorner.lv\/lv\/shop\/tirtir-sos-serum-50-ml\/","og_site_name":"FACECORNER","article_publisher":"https:\/\/www.facebook.com\/profile.php?id=100063824551839","article_modified_time":"2025-08-25T21:08:39+00:00","og_image":[{"width":1500,"height":2000,"url":"https:\/\/www.facecorner.lv\/wp-content\/uploads\/2024\/09\/3-f09e5cc61cdb2cded111c8b2d861173f.jpg","type":"image\/jpeg"}],"twitter_card":"summary_large_image","twitter_misc":{"Price":"&euro;29.90","Availability":"Out of stock"},"schema":{"@context":"https:\/\/schema.org","@graph":[{"@type":"WebPage","@id":"https:\/\/www.facecorner.lv\/shop\/tirtir-sos-serum-50-ml\/","url":"https:\/\/www.facecorner.lv\/shop\/tirtir-sos-serum-50-ml\/","name":"TIRTIR SOS Serum 50 ml - FACECORNER","isPartOf":{"@id":"https:\/\/www.facecorner.lv\/#website"},"primaryImageOfPage":{"@id":"https:\/\/www.facecorner.lv\/shop\/tirtir-sos-serum-50-ml\/#primaryimage"},"image":{"@id":"https:\/\/www.facecorner.lv\/shop\/tirtir-sos-serum-50-ml\/#primaryimage"},"thumbnailUrl":"https:\/\/www.facecorner.lv\/wp-content\/uploads\/2024\/09\/3-f09e5cc61cdb2cded111c8b2d861173f.jpg","datePublished":"2024-09-27T15:30:46+00:00","dateModified":"2025-08-25T21:08:39+00:00","description":"TIRTIRTIR SOS Serum nodro\u0161ina pretgrumbu un mitrino\u0161u iedarb\u012bbu, lai baud\u012btu starojo\u0161u izskatu. Satur pept\u012bdu kompleksu, kas re\u0123ener\u0113 un elast\u0113 \u0101du","breadcrumb":{"@id":"https:\/\/www.facecorner.lv\/shop\/tirtir-sos-serum-50-ml\/#breadcrumb"},"inLanguage":"lv-LV","potentialAction":[{"@type":"ReadAction","target":["https:\/\/www.facecorner.lv\/shop\/tirtir-sos-serum-50-ml\/"]}]},{"@type":"ImageObject","inLanguage":"lv-LV","@id":"https:\/\/www.facecorner.lv\/shop\/tirtir-sos-serum-50-ml\/#primaryimage","url":"https:\/\/www.facecorner.lv\/wp-content\/uploads\/2024\/09\/3-f09e5cc61cdb2cded111c8b2d861173f.jpg","contentUrl":"https:\/\/www.facecorner.lv\/wp-content\/uploads\/2024\/09\/3-f09e5cc61cdb2cded111c8b2d861173f.jpg","width":1500,"height":2000},{"@type":"BreadcrumbList","@id":"https:\/\/www.facecorner.lv\/shop\/tirtir-sos-serum-50-ml\/#breadcrumb","itemListElement":[{"@type":"ListItem","position":1,"name":"Home","item":"https:\/\/www.facecorner.lv\/"},{"@type":"ListItem","position":2,"name":"Veikals","item":"https:\/\/www.facecorner.lv\/shop\/"},{"@type":"ListItem","position":3,"name":"TIRTIR SOS Serum 50 ml"}]},{"@type":"WebSite","@id":"https:\/\/www.facecorner.lv\/#website","url":"https:\/\/www.facecorner.lv\/","name":"Facecorner","description":"","publisher":{"@id":"https:\/\/www.facecorner.lv\/#organization"},"potentialAction":[{"@type":"SearchAction","target":{"@type":"EntryPoint","urlTemplate":"https:\/\/www.facecorner.lv\/?s={search_term_string}"},"query-input":{"@type":"PropertyValueSpecification","valueRequired":true,"valueName":"search_term_string"}}],"inLanguage":"lv-LV"},{"@type":"Organization","@id":"https:\/\/www.facecorner.lv\/#organization","name":"Facecorner","url":"https:\/\/www.facecorner.lv\/","logo":{"@type":"ImageObject","inLanguage":"lv-LV","@id":"https:\/\/www.facecorner.lv\/#\/schema\/logo\/image\/","url":"https:\/\/www.facecorner.lv\/wp-content\/uploads\/2024\/04\/fc-logo.jpg","contentUrl":"https:\/\/www.facecorner.lv\/wp-content\/uploads\/2024\/04\/fc-logo.jpg","width":174,"height":28,"caption":"Facecorner"},"image":{"@id":"https:\/\/www.facecorner.lv\/#\/schema\/logo\/image\/"},"sameAs":["https:\/\/www.facebook.com\/profile.php?id=100063824551839","https:\/\/www.instagram.com\/facecorner_shop\/"]}]},"product_price_amount":"29.90","product_price_currency":"EUR","og_availability":"out of stock","product_availability":"out of stock","product_condition":"new"},"_links":{"self":[{"href":"https:\/\/www.facecorner.lv\/lv\/wp-json\/wp\/v2\/product\/21198","targetHints":{"allow":["GET"]}}],"collection":[{"href":"https:\/\/www.facecorner.lv\/lv\/wp-json\/wp\/v2\/product"}],"about":[{"href":"https:\/\/www.facecorner.lv\/lv\/wp-json\/wp\/v2\/types\/product"}],"replies":[{"embeddable":true,"href":"https:\/\/www.facecorner.lv\/lv\/wp-json\/wp\/v2\/comments?post=21198"}],"wp:featuredmedia":[{"embeddable":true,"href":"https:\/\/www.facecorner.lv\/lv\/wp-json\/wp\/v2\/media\/21201"}],"wp:attachment":[{"href":"https:\/\/www.facecorner.lv\/lv\/wp-json\/wp\/v2\/media?parent=21198"}],"wp:term":[{"taxonomy":"product_brand","embeddable":true,"href":"https:\/\/www.facecorner.lv\/lv\/wp-json\/wp\/v2\/product_brand?post=21198"},{"taxonomy":"product_cat","embeddable":true,"href":"https:\/\/www.facecorner.lv\/lv\/wp-json\/wp\/v2\/product_cat?post=21198"},{"taxonomy":"product_tag","embeddable":true,"href":"https:\/\/www.facecorner.lv\/lv\/wp-json\/wp\/v2\/product_tag?post=21198"},{"taxonomy":"berocket_brand","embeddable":true,"href":"https:\/\/www.facecorner.lv\/lv\/wp-json\/wp\/v2\/berocket_brand?post=21198"}],"curies":[{"name":"wp","href":"https:\/\/api.w.org\/{rel}","templated":true}]}}