{"id":21193,"date":"2024-09-27T14:48:34","date_gmt":"2024-09-27T12:48:34","guid":{"rendered":"https:\/\/www.facecorner.lv\/?post_type=product&#038;p=21193"},"modified":"2026-02-04T01:20:52","modified_gmt":"2026-02-03T22:20:52","slug":"medi-peel-peptide-9-volume-bio-tox-toner-pro-250ml","status":"publish","type":"product","link":"https:\/\/www.facecorner.lv\/lv\/shop\/medi-peel-peptide-9-volume-bio-tox-toner-pro-250ml\/","title":{"rendered":"Medi-Peel Peptide 9 Volume Bio Tox Toner Pro 250ml"},"content":{"rendered":"<p>Medi-Peel Peptide 9 Volume Bio Tox Toner Pro\u00a0 ar Matrixyl nodro\u0161ina intens\u012bvu mitrin\u0101\u0161anu un novada mitrumu dzi\u013cos epidermas sl\u0101\u0146os. \u012as\u0101kaj\u0101 iesp\u0113jami \u012bs\u0101 laik\u0101 nov\u0113r\u0161 sausumu, sasprindzin\u0101jumu un lob\u012b\u0161anos. \u0100tri papildina mitrin\u0101\u0161anas tr\u016bkumu p\u0113c mazg\u0101\u0161anas un stabiliz\u0113 pH l\u012bdzsvaru p\u0113c mazg\u0101\u0161anas.<\/p>\n<p>Akt\u012bvi pies\u0101tina \u0101du ar bar\u012bbas viel\u0101m un aizsarg\u0101 pret dehidrat\u0101cijas paz\u012bm\u0113m. Veicina audu nostiprin\u0101\u0161anos, stiprina turgoru un nodro\u0161ina audu elast\u012bbu. Stimul\u0113 kolag\u0113na \u0161\u0137iedru sint\u0113zi, uzlabo \u0101das elast\u012bbu un pal\u012bdz izl\u012bdzin\u0101t \u0101das krokas.<\/p>\n<p><strong>Galven\u0101s sast\u0101vda\u013cas:<\/strong><br \/>\nProdukta sast\u0101v\u0101 ir bag\u0101t\u012bgs pept\u012bdu komplekss:<\/p>\n<ul>\n<li>Matrixyl\u00ae3000 (palmitoiltetrapept\u012bds-7, palmitoiltripept\u012bds-1) ir patent\u0113ts komplekss, kas satur matriks\u012bna sign\u0101lpept\u012bdus. Tas stimul\u0113 \u0161\u016bnu aktivit\u0101ti un stiprina \u0101rpus\u0161\u016bnu matricu, palielina kolag\u0113na un hialuronsk\u0101bes sint\u0113zi, t\u0101d\u0113j\u0101di savelk un izl\u012bdzina \u0101du, model\u0113 sejas ov\u0101lu un atjauno elast\u012bbu.<\/li>\n<li>Argirel\u012bns un acetil oktapept\u012bds-3 (acetilheksapept\u012bds-8, acetil oktapept\u012bds-3) &#8211; pept\u012bdi ar botul\u012bnam l\u012bdz\u012bgu iedarb\u012bbu, atsl\u0101bina sejas musku\u013cus un nov\u0113r\u0161 sejas grumbu veido\u0161anos un \u0101das grumbi\u0146as.<\/li>\n<li>Da\u017e\u0101da molekul\u0101r\u0101 svara ekt\u012bns un hialuronsk\u0101bes komplekss dzi\u013ci mitrina un atjauno \u016bdens l\u012bdzsvaru \u0161\u016bnu sist\u0113m\u0101s. Ekto\u012bns ir sp\u0113c\u012bgs antioksidants, kas papildus mitruma saglab\u0101\u0161anas \u012bpa\u0161\u012bb\u0101m aizsarg\u0101 \u0101du no fotonoveco\u0161an\u0101s.<\/li>\n<li>Volufil\u012bns, no anemarrenas ieg\u016bta viela, palielina \u0101das bl\u012bvumu un apjomu, radot l\u012bdz\u012bgu efektu k\u0101 lipofilling.<\/li>\n<li>Hidroliz\u0113tais kolag\u0113ns un elast\u012bns intens\u012bvi mitrina, pal\u012bdz \u0101dai saglab\u0101t mitrumu, uzlabo tekst\u016bru, stimul\u0113 re\u0123ener\u0101cijas procesus un c\u012bn\u0101s pret grumb\u0101m.<\/li>\n<li>Lactobacillus enz\u012bms atbalsta \u0101das dabisko mikrofloru, uzlabo kolag\u0113na strukt\u016bru, palielina elast\u012bbu. Uzlabo sejas kr\u0101su, regul\u0113 melan\u012bna veido\u0161anos, izgaismo hiperpigment\u0101cijas.<\/li>\n<li>MultiEx BSASM\u00ae Plus ir patent\u0113ts augu komplekss, kas sast\u0101v no rozmar\u012bna, kumel\u012bt\u0113m, kam\u0113lijas, centellas, lakrica, gri\u0137iem un Baik\u0101la hellebore. Tas nom\u0101c iekaisumu, nodro\u0161ina antiseptisku iedarb\u012bbu un c\u012bn\u0101s pret bakt\u0113riju aug\u0161anu. Lieliski piem\u0113rots \u0101dai ar kuperozi, papla\u0161in\u0101t\u0101m por\u0101m un nevienm\u0113r\u012bgu \u0101das toni.<\/li>\n<\/ul>\n<p><strong><span style=\"color: var(--g5-color-text-main); font-family: var(--g5-body-font); font-size: var(--g5-body-font-size); font-style: var(--g5-body-font-style); letter-spacing: var(--g5-body-letter-spacing); text-transform: var(--g5-body-text-transform);\">Piem\u0113rots norm\u0101lai, sausai un jauktai \u0101dai.<\/span><\/strong><\/p>\n<p><strong>Lieto\u0161ana:<\/strong> uzkl\u0101jiet nepiecie\u0161amo tonika daudzumu uz \u0101das ar maig\u0101m gl\u0101sto\u0161\u0101m kust\u012bb\u0101m. Sausai un dehidr\u0113tai \u0101dai ieteicams proced\u016bru atk\u0101rtot 2-4 reizes<\/p>\n<p><strong>S\u0101stavs:<\/strong> Water, Glycerin, Butylene Glycol, Niacinamide, Betaine, Hydroxyacetophenone, PEG-60 Hydrogenated Castor Oil, Arginine, Carbomer, Ethylhexylglycerin, Sodiu Polyacrylate, Adenosine, Alcohol, Disodium EDTA, Juniperus Communis Fruit Extract, Eucalyptus Globulus Leaf Extract, Malt Extract, Hydrolyzed Collagen, Hydrolyzed Elastin, Centella Asiatica Extract, Scutellaria Baicalensis Root Extract, Polygonum Cuspidatum Root Extract, 1,2-Hexanediol, Propanediol, Glycyrrhiz Glabra (Licorice) Root Extract, Camellia Sinensis Leaf Extract, Sodium Hyaluronate Crosspolymer, Rosmarinus O\ufb03cinalis (Rosemary) Leaf Extract, Fructan, Chamomilla RecuUta (Matricaria) Flower Extract, Sodium Hyaluronate, Hydrolyzed Glycosaminoglycans, Glycine, Caprylyl Glycol, Polysorbate 80, Phellinus Linteus Extract, Serine, Glutamic acid, Ectoin, Hydrogenated Polyisobutene, Benzyl Glycol, Aspartic acid, Leucine, Cynanchum Atratum Extract, Astaxanthin, Hydrolyzed Hyaluronic Acid, Alanine, Lysine, Tyrosine, Phenylalanine, Valine, Threonine, Proline, Isoleucine, Histidine, Methionine, Cysteine, Palmitoyl TetrapepUde-7, Hydrolyzed Sodium Hyaluronate, Acetyl OctapepUde-3, Tripeptide-1, Palmitoyl TripepUde-1, Palmitoyl Pentapeptide-4, Copper Tripepeptide-1, Acetyl Hexapeptide-8, Sodium Benzoate, Sodium Acetylated Hyaluronate, Hexapeptide-9, Lactobacillus Ferment, Hydroxypropyltrimonium Hyaluronate, Hyaluronic Acid, Dimethylsilanol Hyaluronate, Nonapeptide-1, Pentylene Glycol, Anemarrhena Asphodeloides Root Extract, Potassium Hyaluronate, Tocopherol, Fragrance<\/p>\n<p>&nbsp;<\/p>\n","protected":false},"excerpt":{"rendered":"<p>Medi-Peel Peptide 9 Volume Bio Tox Toner Pro\u00a0 ar Matrixyl nodro\u0161ina intens\u012bvu mitrin\u0101\u0161anu un novada mitrumu dzi\u013cos epidermas sl\u0101\u0146os. \u012as\u0101kaj\u0101 iesp\u0113jami \u012bs\u0101 laik\u0101 nov\u0113r\u0161 sausumu, sasprindzin\u0101jumu un lob\u012b\u0161anos. \u0100tri papildina mitrin\u0101\u0161anas tr\u016bkumu p\u0113c mazg\u0101\u0161anas un stabiliz\u0113 pH l\u012bdzsvaru p\u0113c mazg\u0101\u0161anas.<\/p>\n","protected":false},"featured_media":21194,"comment_status":"open","ping_status":"closed","template":"","meta":{"site-sidebar-layout":"default","site-content-layout":"","ast-site-content-layout":"default","site-content-style":"default","site-sidebar-style":"default","ast-global-header-display":"","ast-banner-title-visibility":"","ast-main-header-display":"","ast-hfb-above-header-display":"","ast-hfb-below-header-display":"","ast-hfb-mobile-header-display":"","site-post-title":"","ast-breadcrumbs-content":"","ast-featured-img":"","footer-sml-layout":"","theme-transparent-header-meta":"default","adv-header-id-meta":"","stick-header-meta":"","header-above-stick-meta":"","header-main-stick-meta":"","header-below-stick-meta":"","astra-migrate-meta-layouts":"set","ast-page-background-enabled":"default","ast-page-background-meta":{"desktop":{"background-color":"var(--ast-global-color-4)","background-image":"","background-repeat":"repeat","background-position":"center center","background-size":"auto","background-attachment":"scroll","background-type":"","background-media":"","overlay-type":"","overlay-color":"","overlay-opacity":"","overlay-gradient":""},"tablet":{"background-color":"","background-image":"","background-repeat":"repeat","background-position":"center center","background-size":"auto","background-attachment":"scroll","background-type":"","background-media":"","overlay-type":"","overlay-color":"","overlay-opacity":"","overlay-gradient":""},"mobile":{"background-color":"","background-image":"","background-repeat":"repeat","background-position":"center center","background-size":"auto","background-attachment":"scroll","background-type":"","background-media":"","overlay-type":"","overlay-color":"","overlay-opacity":"","overlay-gradient":""}},"ast-content-background-meta":{"desktop":{"background-color":"var(--ast-global-color-5)","background-image":"","background-repeat":"repeat","background-position":"center center","background-size":"auto","background-attachment":"scroll","background-type":"","background-media":"","overlay-type":"","overlay-color":"","overlay-opacity":"","overlay-gradient":""},"tablet":{"background-color":"var(--ast-global-color-5)","background-image":"","background-repeat":"repeat","background-position":"center center","background-size":"auto","background-attachment":"scroll","background-type":"","background-media":"","overlay-type":"","overlay-color":"","overlay-opacity":"","overlay-gradient":""},"mobile":{"background-color":"var(--ast-global-color-5)","background-image":"","background-repeat":"repeat","background-position":"center center","background-size":"auto","background-attachment":"scroll","background-type":"","background-media":"","overlay-type":"","overlay-color":"","overlay-opacity":"","overlay-gradient":""}}},"product_brand":[],"product_cat":[511,378,364,376],"product_tag":[],"berocket_brand":[583],"class_list":{"0":"post-21193","1":"product","2":"type-product","3":"status-publish","4":"has-post-thumbnail","6":"product_cat-atlaides","7":"product_cat-sausai-adai-toneri","8":"product_cat-toneri","9":"product_cat-kombinetai-adai-toneri","10":"berocket_brand-medi-peel","11":"desktop-align-left","12":"tablet-align-left","13":"mobile-align-left","15":"first","16":"instock","17":"taxable","18":"shipping-taxable","19":"purchasable","20":"product-type-simple","21":"add-to-wishlist-before_image"},"yoast_head":"<!-- This site is optimized with the Yoast SEO plugin v27.3 - https:\/\/yoast.com\/product\/yoast-seo-wordpress\/ -->\n<title>Medi-Peel Peptide 9 Volume Bio Tox Toner Pro 250ml - FACECORNER<\/title>\n<meta name=\"description\" content=\"Medi-Peel Peptide 9 Volume Bio Tox Toner Pro\u00a0 ar Matrixyl nodro\u0161ina intens\u012bvu mitrin\u0101\u0161anu un novada mitrumu dzi\u013cos epidermas sl\u0101\u0146os.\" \/>\n<meta name=\"robots\" content=\"index, follow, max-snippet:-1, max-image-preview:large, max-video-preview:-1\" \/>\n<link rel=\"canonical\" href=\"https:\/\/www.facecorner.lv\/lv\/shop\/medi-peel-peptide-9-volume-bio-tox-toner-pro-250ml\/\" \/>\n<meta property=\"og:locale\" content=\"lv_LV\" \/>\n<meta property=\"og:type\" content=\"article\" \/>\n<meta property=\"og:title\" content=\"Medi-Peel Peptide 9 Volume Bio Tox Toner Pro 250ml - FACECORNER\" \/>\n<meta property=\"og:description\" content=\"Medi-Peel Peptide 9 Volume Bio Tox Toner Pro\u00a0 ar Matrixyl nodro\u0161ina intens\u012bvu mitrin\u0101\u0161anu un novada mitrumu dzi\u013cos epidermas sl\u0101\u0146os.\" \/>\n<meta property=\"og:url\" content=\"https:\/\/www.facecorner.lv\/lv\/shop\/medi-peel-peptide-9-volume-bio-tox-toner-pro-250ml\/\" \/>\n<meta property=\"og:site_name\" content=\"FACECORNER\" \/>\n<meta property=\"article:publisher\" content=\"https:\/\/www.facebook.com\/profile.php?id=100063824551839\" \/>\n<meta property=\"article:modified_time\" content=\"2026-02-03T22:20:52+00:00\" \/>\n<meta property=\"og:image\" content=\"https:\/\/www.facecorner.lv\/wp-content\/uploads\/2024\/09\/s-l1200.jpg\" \/>\n\t<meta property=\"og:image:width\" content=\"1000\" \/>\n\t<meta property=\"og:image:height\" content=\"1000\" \/>\n\t<meta property=\"og:image:type\" content=\"image\/jpeg\" \/>\n<meta name=\"twitter:card\" content=\"summary_large_image\" \/>\n<meta name=\"twitter:label1\" content=\"Price\" \/>\n\t<meta name=\"twitter:data1\" content=\"&euro;29.00\" \/>\n\t<meta name=\"twitter:label2\" content=\"Availability\" \/>\n\t<meta name=\"twitter:data2\" content=\"In stock\" \/>\n<script type=\"application\/ld+json\" class=\"yoast-schema-graph\">{\"@context\":\"https:\\\/\\\/schema.org\",\"@graph\":[{\"@type\":\"WebPage\",\"@id\":\"https:\\\/\\\/www.facecorner.lv\\\/shop\\\/medi-peel-peptide-9-volume-bio-tox-toner-pro-250ml\\\/\",\"url\":\"https:\\\/\\\/www.facecorner.lv\\\/shop\\\/medi-peel-peptide-9-volume-bio-tox-toner-pro-250ml\\\/\",\"name\":\"Medi-Peel Peptide 9 Volume Bio Tox Toner Pro 250ml - FACECORNER\",\"isPartOf\":{\"@id\":\"https:\\\/\\\/www.facecorner.lv\\\/#website\"},\"primaryImageOfPage\":{\"@id\":\"https:\\\/\\\/www.facecorner.lv\\\/shop\\\/medi-peel-peptide-9-volume-bio-tox-toner-pro-250ml\\\/#primaryimage\"},\"image\":{\"@id\":\"https:\\\/\\\/www.facecorner.lv\\\/shop\\\/medi-peel-peptide-9-volume-bio-tox-toner-pro-250ml\\\/#primaryimage\"},\"thumbnailUrl\":\"https:\\\/\\\/www.facecorner.lv\\\/wp-content\\\/uploads\\\/2024\\\/09\\\/s-l1200.jpg\",\"datePublished\":\"2024-09-27T12:48:34+00:00\",\"dateModified\":\"2026-02-03T22:20:52+00:00\",\"description\":\"Medi-Peel Peptide 9 Volume Bio Tox Toner Pro\u00a0 ar Matrixyl nodro\u0161ina intens\u012bvu mitrin\u0101\u0161anu un novada mitrumu dzi\u013cos epidermas sl\u0101\u0146os.\",\"breadcrumb\":{\"@id\":\"https:\\\/\\\/www.facecorner.lv\\\/shop\\\/medi-peel-peptide-9-volume-bio-tox-toner-pro-250ml\\\/#breadcrumb\"},\"inLanguage\":\"lv-LV\",\"potentialAction\":[{\"@type\":\"ReadAction\",\"target\":[\"https:\\\/\\\/www.facecorner.lv\\\/shop\\\/medi-peel-peptide-9-volume-bio-tox-toner-pro-250ml\\\/\"]}]},{\"@type\":\"ImageObject\",\"inLanguage\":\"lv-LV\",\"@id\":\"https:\\\/\\\/www.facecorner.lv\\\/shop\\\/medi-peel-peptide-9-volume-bio-tox-toner-pro-250ml\\\/#primaryimage\",\"url\":\"https:\\\/\\\/www.facecorner.lv\\\/wp-content\\\/uploads\\\/2024\\\/09\\\/s-l1200.jpg\",\"contentUrl\":\"https:\\\/\\\/www.facecorner.lv\\\/wp-content\\\/uploads\\\/2024\\\/09\\\/s-l1200.jpg\",\"width\":1000,\"height\":1000,\"caption\":\"Medi-Peel Peptide 9 Volume Bio Tox Toner Pro\"},{\"@type\":\"BreadcrumbList\",\"@id\":\"https:\\\/\\\/www.facecorner.lv\\\/shop\\\/medi-peel-peptide-9-volume-bio-tox-toner-pro-250ml\\\/#breadcrumb\",\"itemListElement\":[{\"@type\":\"ListItem\",\"position\":1,\"name\":\"Home\",\"item\":\"https:\\\/\\\/www.facecorner.lv\\\/\"},{\"@type\":\"ListItem\",\"position\":2,\"name\":\"Veikals\",\"item\":\"https:\\\/\\\/www.facecorner.lv\\\/shop\\\/\"},{\"@type\":\"ListItem\",\"position\":3,\"name\":\"Medi-Peel Peptide 9 Volume Bio Tox Toner Pro 250ml\"}]},{\"@type\":\"WebSite\",\"@id\":\"https:\\\/\\\/www.facecorner.lv\\\/#website\",\"url\":\"https:\\\/\\\/www.facecorner.lv\\\/\",\"name\":\"Facecorner\",\"description\":\"\",\"publisher\":{\"@id\":\"https:\\\/\\\/www.facecorner.lv\\\/#organization\"},\"potentialAction\":[{\"@type\":\"SearchAction\",\"target\":{\"@type\":\"EntryPoint\",\"urlTemplate\":\"https:\\\/\\\/www.facecorner.lv\\\/?s={search_term_string}\"},\"query-input\":{\"@type\":\"PropertyValueSpecification\",\"valueRequired\":true,\"valueName\":\"search_term_string\"}}],\"inLanguage\":\"lv-LV\"},{\"@type\":\"Organization\",\"@id\":\"https:\\\/\\\/www.facecorner.lv\\\/#organization\",\"name\":\"Facecorner\",\"url\":\"https:\\\/\\\/www.facecorner.lv\\\/\",\"logo\":{\"@type\":\"ImageObject\",\"inLanguage\":\"lv-LV\",\"@id\":\"https:\\\/\\\/www.facecorner.lv\\\/#\\\/schema\\\/logo\\\/image\\\/\",\"url\":\"https:\\\/\\\/www.facecorner.lv\\\/wp-content\\\/uploads\\\/2024\\\/04\\\/fc-logo.jpg\",\"contentUrl\":\"https:\\\/\\\/www.facecorner.lv\\\/wp-content\\\/uploads\\\/2024\\\/04\\\/fc-logo.jpg\",\"width\":174,\"height\":28,\"caption\":\"Facecorner\"},\"image\":{\"@id\":\"https:\\\/\\\/www.facecorner.lv\\\/#\\\/schema\\\/logo\\\/image\\\/\"},\"sameAs\":[\"https:\\\/\\\/www.facebook.com\\\/profile.php?id=100063824551839\",\"https:\\\/\\\/www.instagram.com\\\/facecorner_shop\\\/\"]}]}<\/script>\n<meta property=\"product:price:amount\" content=\"29.00\" \/>\n<meta property=\"product:price:currency\" content=\"EUR\" \/>\n<meta property=\"og:availability\" content=\"instock\" \/>\n<meta property=\"product:availability\" content=\"instock\" \/>\n<meta property=\"product:condition\" content=\"new\" \/>\n<!-- \/ Yoast SEO plugin. -->","yoast_head_json":{"title":"Medi-Peel Peptide 9 Volume Bio Tox Toner Pro 250ml - FACECORNER","description":"Medi-Peel Peptide 9 Volume Bio Tox Toner Pro\u00a0 ar Matrixyl nodro\u0161ina intens\u012bvu mitrin\u0101\u0161anu un novada mitrumu dzi\u013cos epidermas sl\u0101\u0146os.","robots":{"index":"index","follow":"follow","max-snippet":"max-snippet:-1","max-image-preview":"max-image-preview:large","max-video-preview":"max-video-preview:-1"},"canonical":"https:\/\/www.facecorner.lv\/lv\/shop\/medi-peel-peptide-9-volume-bio-tox-toner-pro-250ml\/","og_locale":"lv_LV","og_type":"article","og_title":"Medi-Peel Peptide 9 Volume Bio Tox Toner Pro 250ml - FACECORNER","og_description":"Medi-Peel Peptide 9 Volume Bio Tox Toner Pro\u00a0 ar Matrixyl nodro\u0161ina intens\u012bvu mitrin\u0101\u0161anu un novada mitrumu dzi\u013cos epidermas sl\u0101\u0146os.","og_url":"https:\/\/www.facecorner.lv\/lv\/shop\/medi-peel-peptide-9-volume-bio-tox-toner-pro-250ml\/","og_site_name":"FACECORNER","article_publisher":"https:\/\/www.facebook.com\/profile.php?id=100063824551839","article_modified_time":"2026-02-03T22:20:52+00:00","og_image":[{"width":1000,"height":1000,"url":"https:\/\/www.facecorner.lv\/wp-content\/uploads\/2024\/09\/s-l1200.jpg","type":"image\/jpeg"}],"twitter_card":"summary_large_image","twitter_misc":{"Price":"&euro;29.00","Availability":"In stock"},"schema":{"@context":"https:\/\/schema.org","@graph":[{"@type":"WebPage","@id":"https:\/\/www.facecorner.lv\/shop\/medi-peel-peptide-9-volume-bio-tox-toner-pro-250ml\/","url":"https:\/\/www.facecorner.lv\/shop\/medi-peel-peptide-9-volume-bio-tox-toner-pro-250ml\/","name":"Medi-Peel Peptide 9 Volume Bio Tox Toner Pro 250ml - FACECORNER","isPartOf":{"@id":"https:\/\/www.facecorner.lv\/#website"},"primaryImageOfPage":{"@id":"https:\/\/www.facecorner.lv\/shop\/medi-peel-peptide-9-volume-bio-tox-toner-pro-250ml\/#primaryimage"},"image":{"@id":"https:\/\/www.facecorner.lv\/shop\/medi-peel-peptide-9-volume-bio-tox-toner-pro-250ml\/#primaryimage"},"thumbnailUrl":"https:\/\/www.facecorner.lv\/wp-content\/uploads\/2024\/09\/s-l1200.jpg","datePublished":"2024-09-27T12:48:34+00:00","dateModified":"2026-02-03T22:20:52+00:00","description":"Medi-Peel Peptide 9 Volume Bio Tox Toner Pro\u00a0 ar Matrixyl nodro\u0161ina intens\u012bvu mitrin\u0101\u0161anu un novada mitrumu dzi\u013cos epidermas sl\u0101\u0146os.","breadcrumb":{"@id":"https:\/\/www.facecorner.lv\/shop\/medi-peel-peptide-9-volume-bio-tox-toner-pro-250ml\/#breadcrumb"},"inLanguage":"lv-LV","potentialAction":[{"@type":"ReadAction","target":["https:\/\/www.facecorner.lv\/shop\/medi-peel-peptide-9-volume-bio-tox-toner-pro-250ml\/"]}]},{"@type":"ImageObject","inLanguage":"lv-LV","@id":"https:\/\/www.facecorner.lv\/shop\/medi-peel-peptide-9-volume-bio-tox-toner-pro-250ml\/#primaryimage","url":"https:\/\/www.facecorner.lv\/wp-content\/uploads\/2024\/09\/s-l1200.jpg","contentUrl":"https:\/\/www.facecorner.lv\/wp-content\/uploads\/2024\/09\/s-l1200.jpg","width":1000,"height":1000,"caption":"Medi-Peel Peptide 9 Volume Bio Tox Toner Pro"},{"@type":"BreadcrumbList","@id":"https:\/\/www.facecorner.lv\/shop\/medi-peel-peptide-9-volume-bio-tox-toner-pro-250ml\/#breadcrumb","itemListElement":[{"@type":"ListItem","position":1,"name":"Home","item":"https:\/\/www.facecorner.lv\/"},{"@type":"ListItem","position":2,"name":"Veikals","item":"https:\/\/www.facecorner.lv\/shop\/"},{"@type":"ListItem","position":3,"name":"Medi-Peel Peptide 9 Volume Bio Tox Toner Pro 250ml"}]},{"@type":"WebSite","@id":"https:\/\/www.facecorner.lv\/#website","url":"https:\/\/www.facecorner.lv\/","name":"Facecorner","description":"","publisher":{"@id":"https:\/\/www.facecorner.lv\/#organization"},"potentialAction":[{"@type":"SearchAction","target":{"@type":"EntryPoint","urlTemplate":"https:\/\/www.facecorner.lv\/?s={search_term_string}"},"query-input":{"@type":"PropertyValueSpecification","valueRequired":true,"valueName":"search_term_string"}}],"inLanguage":"lv-LV"},{"@type":"Organization","@id":"https:\/\/www.facecorner.lv\/#organization","name":"Facecorner","url":"https:\/\/www.facecorner.lv\/","logo":{"@type":"ImageObject","inLanguage":"lv-LV","@id":"https:\/\/www.facecorner.lv\/#\/schema\/logo\/image\/","url":"https:\/\/www.facecorner.lv\/wp-content\/uploads\/2024\/04\/fc-logo.jpg","contentUrl":"https:\/\/www.facecorner.lv\/wp-content\/uploads\/2024\/04\/fc-logo.jpg","width":174,"height":28,"caption":"Facecorner"},"image":{"@id":"https:\/\/www.facecorner.lv\/#\/schema\/logo\/image\/"},"sameAs":["https:\/\/www.facebook.com\/profile.php?id=100063824551839","https:\/\/www.instagram.com\/facecorner_shop\/"]}]},"product_price_amount":"29.00","product_price_currency":"EUR","og_availability":"instock","product_availability":"instock","product_condition":"new"},"_links":{"self":[{"href":"https:\/\/www.facecorner.lv\/lv\/wp-json\/wp\/v2\/product\/21193","targetHints":{"allow":["GET"]}}],"collection":[{"href":"https:\/\/www.facecorner.lv\/lv\/wp-json\/wp\/v2\/product"}],"about":[{"href":"https:\/\/www.facecorner.lv\/lv\/wp-json\/wp\/v2\/types\/product"}],"replies":[{"embeddable":true,"href":"https:\/\/www.facecorner.lv\/lv\/wp-json\/wp\/v2\/comments?post=21193"}],"wp:featuredmedia":[{"embeddable":true,"href":"https:\/\/www.facecorner.lv\/lv\/wp-json\/wp\/v2\/media\/21194"}],"wp:attachment":[{"href":"https:\/\/www.facecorner.lv\/lv\/wp-json\/wp\/v2\/media?parent=21193"}],"wp:term":[{"taxonomy":"product_brand","embeddable":true,"href":"https:\/\/www.facecorner.lv\/lv\/wp-json\/wp\/v2\/product_brand?post=21193"},{"taxonomy":"product_cat","embeddable":true,"href":"https:\/\/www.facecorner.lv\/lv\/wp-json\/wp\/v2\/product_cat?post=21193"},{"taxonomy":"product_tag","embeddable":true,"href":"https:\/\/www.facecorner.lv\/lv\/wp-json\/wp\/v2\/product_tag?post=21193"},{"taxonomy":"berocket_brand","embeddable":true,"href":"https:\/\/www.facecorner.lv\/lv\/wp-json\/wp\/v2\/berocket_brand?post=21193"}],"curies":[{"name":"wp","href":"https:\/\/api.w.org\/{rel}","templated":true}]}}