{"id":21184,"date":"2024-09-27T15:00:42","date_gmt":"2024-09-27T13:00:42","guid":{"rendered":"https:\/\/www.facecorner.lv\/?post_type=product&#038;p=21184"},"modified":"2025-10-17T09:26:23","modified_gmt":"2025-10-17T06:26:23","slug":"tirtir-ceramic-cream-50ml","status":"publish","type":"product","link":"https:\/\/www.facecorner.lv\/lv\/shop\/tirtir-ceramic-cream-50ml\/","title":{"rendered":"TirTir Ceramic Cream 120ml"},"content":{"rendered":"<p>TirTir Ceramic Cream sejas kr\u0113ms, kas dzi\u013ci mitrina \u0101du. T\u0101 bag\u0101t\u012bg\u0101 formula satur ol\u012bve\u013c\u013cu\u00a0un\u00a0\u0161\u012b sviestu, kas ap\u0146em \u0101du, veidojot aizsargpl\u0113vi pret p\u0101rm\u0113r\u012bgu \u016bdens zudumu. T\u0101d\u0113j\u0101di \u0101da k\u013c\u016bst gluda, mitrin\u0101ta un samtaini maiga. Pievienots\u00a0alanto\u012bns\u00a0un Centella\u00a0Asiatica\u00a0ekstrakts\u00a0nomierina kairin\u0101jumus, savuk\u0101rt\u00a0Ceramide NP\u00a0stiprina aizsargbarjeru, mitrina un pa\u0101trina re\u0123ener\u0101cijas procesu. L\u012bdzeklis ieteicams sausai \u0101dai.<\/p>\n<p><strong>Produkts satur:<\/strong><\/p>\n<ul>\n<li>ol\u012bve\u013c\u013ca\u00a0&#8211; tai piem\u012bt antioksidanta un pretnoveco\u0161an\u0101s \u012bpa\u0161\u012bbas, nov\u0113r\u0161 \u016bdens zudumu no epidermas, re\u0123ener\u0113,<\/li>\n<li>\u0161\u012b sviests\u00a0&#8211; nov\u0113r\u0161 \u016bdens\u00a0zudumu no epidermas, nomierina kairin\u0101jumus, intens\u012bvi m\u012bkstina un e\u013c\u013co,<\/li>\n<li>alanto\u012bns\u00a0&#8211; nomierina un nomierina \u0101du,<\/li>\n<li>centellaasiatica ekstrakts\u00a0&#8211; nomierina, re\u0123ener\u0113, mitrina un darbojas pretiekaisuma iedarb\u012bb\u0101,<\/li>\n<li>keram\u012bds NP\u00a0&#8211; stiprina epidermas aizsargbarjeru, mitrina un atjauno \u0101du.<\/li>\n<\/ul>\n<p><strong>Lieto\u0161anas veids:<\/strong>\u00a0Uzkl\u0101jiet kr\u0113mu uz att\u012br\u012btas sejas \u0101das atbilsto\u0161\u0101 daudzum\u0101 un viegli iep\u016btiet.<\/p>\n<p><strong>S\u0101stavs:<\/strong> Aqua, Glycerin, Olea Europaea (Olive) Fruit Oil, Butylene Glycol, Macadamia Ternifolia Seed Oil, Cyclopentasiloxane, Cetearyl Alcohol, Beeswax, Cetyl Ethylhexanoate, Cyclohexasiloxane, Polysorbate 60, Stearic Acid, Polyglyceryl-3 Methylglucose Distearate, Isopropyl Myristate, PEG-100 Stearate, Glyceryl Stearate, Hamamelis Virginiana (Witch Hazel) Extract, Dimethiconol, Sodium Polyacrylate, 1,2-Hexanediol, Caprylyl Glycol, Butyrospermum Parkii (Shea) Butter, Illicium Verum (Anise) Fruit Extract, Disodium EDTA, Betaine, Allantoin, Trehalose, Polysorbate 20, Polyglutamic Acid, Glycyrrhiza Glabra (Licorice) Root Extract, Camellia Sinensis Leaf Ex tract, Rosmarinus Officinalis (Rosemary) Leaf Extract, Centella Asiatica Extract, Chamomilla Recutita (Matricaria) Flower Extract, Scutellaria Baicalen sis Root Extract, Polygonum Cuspidatum Root Extract, Xylitol, Ceramide NP, Citric Acid<\/p>\n","protected":false},"excerpt":{"rendered":"<p>TirTir Ceramic Cream sejas kr\u0113ms, kas dzi\u013ci mitrina \u0101du. T\u0101 bag\u0101t\u012bg\u0101 formula satur ol\u012bve\u013c\u013cu\u00a0un\u00a0\u0161\u012b sviestu, kas ap\u0146em \u0101du, veidojot aizsargpl\u0113vi pret p\u0101rm\u0113r\u012bgu \u016bdens zudumu. T\u0101d\u0113j\u0101di \u0101da k\u013c\u016bst gluda, mitrin\u0101ta un samtaini maiga. Pievienots\u00a0alanto\u012bns\u00a0un Centella\u00a0Asiatica\u00a0ekstrakts\u00a0nomierina kairin\u0101jumus, savuk\u0101rt\u00a0Ceramide NP\u00a0stiprina aizsargbarjeru, mitrina un pa\u0101trina re\u0123ener\u0101cijas procesu. L\u012bdzeklis ieteicams sausai \u0101dai.<\/p>\n","protected":false},"featured_media":21185,"comment_status":"closed","ping_status":"closed","template":"","meta":{"site-sidebar-layout":"default","site-content-layout":"","ast-site-content-layout":"default","site-content-style":"default","site-sidebar-style":"default","ast-global-header-display":"","ast-banner-title-visibility":"","ast-main-header-display":"","ast-hfb-above-header-display":"","ast-hfb-below-header-display":"","ast-hfb-mobile-header-display":"","site-post-title":"","ast-breadcrumbs-content":"","ast-featured-img":"","footer-sml-layout":"","theme-transparent-header-meta":"default","adv-header-id-meta":"","stick-header-meta":"","header-above-stick-meta":"","header-main-stick-meta":"","header-below-stick-meta":"","astra-migrate-meta-layouts":"set","ast-page-background-enabled":"default","ast-page-background-meta":{"desktop":{"background-color":"var(--ast-global-color-4)","background-image":"","background-repeat":"repeat","background-position":"center center","background-size":"auto","background-attachment":"scroll","background-type":"","background-media":"","overlay-type":"","overlay-color":"","overlay-opacity":"","overlay-gradient":""},"tablet":{"background-color":"","background-image":"","background-repeat":"repeat","background-position":"center center","background-size":"auto","background-attachment":"scroll","background-type":"","background-media":"","overlay-type":"","overlay-color":"","overlay-opacity":"","overlay-gradient":""},"mobile":{"background-color":"","background-image":"","background-repeat":"repeat","background-position":"center center","background-size":"auto","background-attachment":"scroll","background-type":"","background-media":"","overlay-type":"","overlay-color":"","overlay-opacity":"","overlay-gradient":""}},"ast-content-background-meta":{"desktop":{"background-color":"var(--ast-global-color-5)","background-image":"","background-repeat":"repeat","background-position":"center center","background-size":"auto","background-attachment":"scroll","background-type":"","background-media":"","overlay-type":"","overlay-color":"","overlay-opacity":"","overlay-gradient":""},"tablet":{"background-color":"var(--ast-global-color-5)","background-image":"","background-repeat":"repeat","background-position":"center center","background-size":"auto","background-attachment":"scroll","background-type":"","background-media":"","overlay-type":"","overlay-color":"","overlay-opacity":"","overlay-gradient":""},"mobile":{"background-color":"var(--ast-global-color-5)","background-image":"","background-repeat":"repeat","background-position":"center center","background-size":"auto","background-attachment":"scroll","background-type":"","background-media":"","overlay-type":"","overlay-color":"","overlay-opacity":"","overlay-gradient":""}}},"product_brand":[],"product_cat":[365,366,367,362],"product_tag":[],"berocket_brand":[584],"class_list":{"0":"post-21184","1":"product","2":"type-product","3":"status-publish","4":"has-post-thumbnail","6":"product_cat-barojoss","7":"product_cat-mitrinoss","8":"product_cat-nomierinoss","9":"product_cat-sejas-krems","10":"berocket_brand-tirtir","11":"desktop-align-left","12":"tablet-align-left","13":"mobile-align-left","15":"first","16":"outofstock","17":"taxable","18":"shipping-taxable","19":"purchasable","20":"product-type-simple","21":"add-to-wishlist-before_image"},"yoast_head":"<!-- This site is optimized with the Yoast SEO plugin v27.4 - https:\/\/yoast.com\/product\/yoast-seo-wordpress\/ -->\n<title>TirTir Ceramic Cream 120ml - FACECORNER<\/title>\n<meta name=\"description\" content=\"TirTir Ceramic Cream sejas kr\u0113ms, kas dzi\u013ci mitrina \u0101du. T\u0101 bag\u0101t\u012bg\u0101 formula satur ol\u012bve\u013c\u013cu\u00a0un\u00a0\u0161\u012b sviestu, kas ap\u0146em \u0101du, veidojot aizsargpl\u0113vi\" \/>\n<meta name=\"robots\" content=\"index, follow, max-snippet:-1, max-image-preview:large, max-video-preview:-1\" \/>\n<link rel=\"canonical\" href=\"https:\/\/www.facecorner.lv\/lv\/shop\/tirtir-ceramic-cream-50ml\/\" \/>\n<meta property=\"og:locale\" content=\"lv_LV\" \/>\n<meta property=\"og:type\" content=\"article\" \/>\n<meta property=\"og:title\" content=\"TirTir Ceramic Cream 120ml - FACECORNER\" \/>\n<meta property=\"og:description\" content=\"TirTir Ceramic Cream sejas kr\u0113ms, kas dzi\u013ci mitrina \u0101du. T\u0101 bag\u0101t\u012bg\u0101 formula satur ol\u012bve\u013c\u013cu\u00a0un\u00a0\u0161\u012b sviestu, kas ap\u0146em \u0101du, veidojot aizsargpl\u0113vi\" \/>\n<meta property=\"og:url\" content=\"https:\/\/www.facecorner.lv\/lv\/shop\/tirtir-ceramic-cream-50ml\/\" \/>\n<meta property=\"og:site_name\" content=\"FACECORNER\" \/>\n<meta property=\"article:publisher\" content=\"https:\/\/www.facebook.com\/profile.php?id=100063824551839\" \/>\n<meta property=\"article:modified_time\" content=\"2025-10-17T06:26:23+00:00\" \/>\n<meta property=\"og:image\" content=\"https:\/\/www.facecorner.lv\/wp-content\/uploads\/2024\/09\/ImageShopify5_f055bc50-f812-4758-9ccc-49152a1a4692.png.webp\" \/>\n\t<meta property=\"og:image:width\" content=\"2048\" \/>\n\t<meta property=\"og:image:height\" content=\"2048\" \/>\n\t<meta property=\"og:image:type\" content=\"image\/webp\" \/>\n<meta name=\"twitter:card\" content=\"summary_large_image\" \/>\n<meta name=\"twitter:label1\" content=\"Price\" \/>\n\t<meta name=\"twitter:data1\" content=\"&euro;31.00\" \/>\n\t<meta name=\"twitter:label2\" content=\"Availability\" \/>\n\t<meta name=\"twitter:data2\" content=\"Out of stock\" \/>\n<script type=\"application\/ld+json\" class=\"yoast-schema-graph\">{\"@context\":\"https:\\\/\\\/schema.org\",\"@graph\":[{\"@type\":\"WebPage\",\"@id\":\"https:\\\/\\\/www.facecorner.lv\\\/shop\\\/tirtir-ceramic-cream-50ml\\\/\",\"url\":\"https:\\\/\\\/www.facecorner.lv\\\/shop\\\/tirtir-ceramic-cream-50ml\\\/\",\"name\":\"TirTir Ceramic Cream 120ml - FACECORNER\",\"isPartOf\":{\"@id\":\"https:\\\/\\\/www.facecorner.lv\\\/#website\"},\"primaryImageOfPage\":{\"@id\":\"https:\\\/\\\/www.facecorner.lv\\\/shop\\\/tirtir-ceramic-cream-50ml\\\/#primaryimage\"},\"image\":{\"@id\":\"https:\\\/\\\/www.facecorner.lv\\\/shop\\\/tirtir-ceramic-cream-50ml\\\/#primaryimage\"},\"thumbnailUrl\":\"https:\\\/\\\/www.facecorner.lv\\\/wp-content\\\/uploads\\\/2024\\\/09\\\/ImageShopify5_f055bc50-f812-4758-9ccc-49152a1a4692.png.webp\",\"datePublished\":\"2024-09-27T13:00:42+00:00\",\"dateModified\":\"2025-10-17T06:26:23+00:00\",\"description\":\"TirTir Ceramic Cream sejas kr\u0113ms, kas dzi\u013ci mitrina \u0101du. T\u0101 bag\u0101t\u012bg\u0101 formula satur ol\u012bve\u013c\u013cu\u00a0un\u00a0\u0161\u012b sviestu, kas ap\u0146em \u0101du, veidojot aizsargpl\u0113vi\",\"breadcrumb\":{\"@id\":\"https:\\\/\\\/www.facecorner.lv\\\/shop\\\/tirtir-ceramic-cream-50ml\\\/#breadcrumb\"},\"inLanguage\":\"lv-LV\",\"potentialAction\":[{\"@type\":\"ReadAction\",\"target\":[\"https:\\\/\\\/www.facecorner.lv\\\/shop\\\/tirtir-ceramic-cream-50ml\\\/\"]}]},{\"@type\":\"ImageObject\",\"inLanguage\":\"lv-LV\",\"@id\":\"https:\\\/\\\/www.facecorner.lv\\\/shop\\\/tirtir-ceramic-cream-50ml\\\/#primaryimage\",\"url\":\"https:\\\/\\\/www.facecorner.lv\\\/wp-content\\\/uploads\\\/2024\\\/09\\\/ImageShopify5_f055bc50-f812-4758-9ccc-49152a1a4692.png.webp\",\"contentUrl\":\"https:\\\/\\\/www.facecorner.lv\\\/wp-content\\\/uploads\\\/2024\\\/09\\\/ImageShopify5_f055bc50-f812-4758-9ccc-49152a1a4692.png.webp\",\"width\":2048,\"height\":2048,\"caption\":\"TirTir Ceramic Cream\"},{\"@type\":\"BreadcrumbList\",\"@id\":\"https:\\\/\\\/www.facecorner.lv\\\/shop\\\/tirtir-ceramic-cream-50ml\\\/#breadcrumb\",\"itemListElement\":[{\"@type\":\"ListItem\",\"position\":1,\"name\":\"Home\",\"item\":\"https:\\\/\\\/www.facecorner.lv\\\/\"},{\"@type\":\"ListItem\",\"position\":2,\"name\":\"Veikals\",\"item\":\"https:\\\/\\\/www.facecorner.lv\\\/shop\\\/\"},{\"@type\":\"ListItem\",\"position\":3,\"name\":\"TirTir Ceramic Cream 120ml\"}]},{\"@type\":\"WebSite\",\"@id\":\"https:\\\/\\\/www.facecorner.lv\\\/#website\",\"url\":\"https:\\\/\\\/www.facecorner.lv\\\/\",\"name\":\"Facecorner\",\"description\":\"\",\"publisher\":{\"@id\":\"https:\\\/\\\/www.facecorner.lv\\\/#organization\"},\"potentialAction\":[{\"@type\":\"SearchAction\",\"target\":{\"@type\":\"EntryPoint\",\"urlTemplate\":\"https:\\\/\\\/www.facecorner.lv\\\/?s={search_term_string}\"},\"query-input\":{\"@type\":\"PropertyValueSpecification\",\"valueRequired\":true,\"valueName\":\"search_term_string\"}}],\"inLanguage\":\"lv-LV\"},{\"@type\":\"Organization\",\"@id\":\"https:\\\/\\\/www.facecorner.lv\\\/#organization\",\"name\":\"Facecorner\",\"url\":\"https:\\\/\\\/www.facecorner.lv\\\/\",\"logo\":{\"@type\":\"ImageObject\",\"inLanguage\":\"lv-LV\",\"@id\":\"https:\\\/\\\/www.facecorner.lv\\\/#\\\/schema\\\/logo\\\/image\\\/\",\"url\":\"https:\\\/\\\/www.facecorner.lv\\\/wp-content\\\/uploads\\\/2024\\\/04\\\/fc-logo.jpg\",\"contentUrl\":\"https:\\\/\\\/www.facecorner.lv\\\/wp-content\\\/uploads\\\/2024\\\/04\\\/fc-logo.jpg\",\"width\":174,\"height\":28,\"caption\":\"Facecorner\"},\"image\":{\"@id\":\"https:\\\/\\\/www.facecorner.lv\\\/#\\\/schema\\\/logo\\\/image\\\/\"},\"sameAs\":[\"https:\\\/\\\/www.facebook.com\\\/profile.php?id=100063824551839\",\"https:\\\/\\\/www.instagram.com\\\/facecorner_shop\\\/\"]}]}<\/script>\n<meta property=\"product:price:amount\" content=\"31.00\" \/>\n<meta property=\"product:price:currency\" content=\"EUR\" \/>\n<meta property=\"og:availability\" content=\"out of stock\" \/>\n<meta property=\"product:availability\" content=\"out of stock\" \/>\n<meta property=\"product:condition\" content=\"new\" \/>\n<!-- \/ Yoast SEO plugin. -->","yoast_head_json":{"title":"TirTir Ceramic Cream 120ml - FACECORNER","description":"TirTir Ceramic Cream sejas kr\u0113ms, kas dzi\u013ci mitrina \u0101du. T\u0101 bag\u0101t\u012bg\u0101 formula satur ol\u012bve\u013c\u013cu\u00a0un\u00a0\u0161\u012b sviestu, kas ap\u0146em \u0101du, veidojot aizsargpl\u0113vi","robots":{"index":"index","follow":"follow","max-snippet":"max-snippet:-1","max-image-preview":"max-image-preview:large","max-video-preview":"max-video-preview:-1"},"canonical":"https:\/\/www.facecorner.lv\/lv\/shop\/tirtir-ceramic-cream-50ml\/","og_locale":"lv_LV","og_type":"article","og_title":"TirTir Ceramic Cream 120ml - FACECORNER","og_description":"TirTir Ceramic Cream sejas kr\u0113ms, kas dzi\u013ci mitrina \u0101du. T\u0101 bag\u0101t\u012bg\u0101 formula satur ol\u012bve\u013c\u013cu\u00a0un\u00a0\u0161\u012b sviestu, kas ap\u0146em \u0101du, veidojot aizsargpl\u0113vi","og_url":"https:\/\/www.facecorner.lv\/lv\/shop\/tirtir-ceramic-cream-50ml\/","og_site_name":"FACECORNER","article_publisher":"https:\/\/www.facebook.com\/profile.php?id=100063824551839","article_modified_time":"2025-10-17T06:26:23+00:00","og_image":[{"width":2048,"height":2048,"url":"https:\/\/www.facecorner.lv\/wp-content\/uploads\/2024\/09\/ImageShopify5_f055bc50-f812-4758-9ccc-49152a1a4692.png.webp","type":"image\/webp"}],"twitter_card":"summary_large_image","twitter_misc":{"Price":"&euro;31.00","Availability":"Out of stock"},"schema":{"@context":"https:\/\/schema.org","@graph":[{"@type":"WebPage","@id":"https:\/\/www.facecorner.lv\/shop\/tirtir-ceramic-cream-50ml\/","url":"https:\/\/www.facecorner.lv\/shop\/tirtir-ceramic-cream-50ml\/","name":"TirTir Ceramic Cream 120ml - FACECORNER","isPartOf":{"@id":"https:\/\/www.facecorner.lv\/#website"},"primaryImageOfPage":{"@id":"https:\/\/www.facecorner.lv\/shop\/tirtir-ceramic-cream-50ml\/#primaryimage"},"image":{"@id":"https:\/\/www.facecorner.lv\/shop\/tirtir-ceramic-cream-50ml\/#primaryimage"},"thumbnailUrl":"https:\/\/www.facecorner.lv\/wp-content\/uploads\/2024\/09\/ImageShopify5_f055bc50-f812-4758-9ccc-49152a1a4692.png.webp","datePublished":"2024-09-27T13:00:42+00:00","dateModified":"2025-10-17T06:26:23+00:00","description":"TirTir Ceramic Cream sejas kr\u0113ms, kas dzi\u013ci mitrina \u0101du. T\u0101 bag\u0101t\u012bg\u0101 formula satur ol\u012bve\u013c\u013cu\u00a0un\u00a0\u0161\u012b sviestu, kas ap\u0146em \u0101du, veidojot aizsargpl\u0113vi","breadcrumb":{"@id":"https:\/\/www.facecorner.lv\/shop\/tirtir-ceramic-cream-50ml\/#breadcrumb"},"inLanguage":"lv-LV","potentialAction":[{"@type":"ReadAction","target":["https:\/\/www.facecorner.lv\/shop\/tirtir-ceramic-cream-50ml\/"]}]},{"@type":"ImageObject","inLanguage":"lv-LV","@id":"https:\/\/www.facecorner.lv\/shop\/tirtir-ceramic-cream-50ml\/#primaryimage","url":"https:\/\/www.facecorner.lv\/wp-content\/uploads\/2024\/09\/ImageShopify5_f055bc50-f812-4758-9ccc-49152a1a4692.png.webp","contentUrl":"https:\/\/www.facecorner.lv\/wp-content\/uploads\/2024\/09\/ImageShopify5_f055bc50-f812-4758-9ccc-49152a1a4692.png.webp","width":2048,"height":2048,"caption":"TirTir Ceramic Cream"},{"@type":"BreadcrumbList","@id":"https:\/\/www.facecorner.lv\/shop\/tirtir-ceramic-cream-50ml\/#breadcrumb","itemListElement":[{"@type":"ListItem","position":1,"name":"Home","item":"https:\/\/www.facecorner.lv\/"},{"@type":"ListItem","position":2,"name":"Veikals","item":"https:\/\/www.facecorner.lv\/shop\/"},{"@type":"ListItem","position":3,"name":"TirTir Ceramic Cream 120ml"}]},{"@type":"WebSite","@id":"https:\/\/www.facecorner.lv\/#website","url":"https:\/\/www.facecorner.lv\/","name":"Facecorner","description":"","publisher":{"@id":"https:\/\/www.facecorner.lv\/#organization"},"potentialAction":[{"@type":"SearchAction","target":{"@type":"EntryPoint","urlTemplate":"https:\/\/www.facecorner.lv\/?s={search_term_string}"},"query-input":{"@type":"PropertyValueSpecification","valueRequired":true,"valueName":"search_term_string"}}],"inLanguage":"lv-LV"},{"@type":"Organization","@id":"https:\/\/www.facecorner.lv\/#organization","name":"Facecorner","url":"https:\/\/www.facecorner.lv\/","logo":{"@type":"ImageObject","inLanguage":"lv-LV","@id":"https:\/\/www.facecorner.lv\/#\/schema\/logo\/image\/","url":"https:\/\/www.facecorner.lv\/wp-content\/uploads\/2024\/04\/fc-logo.jpg","contentUrl":"https:\/\/www.facecorner.lv\/wp-content\/uploads\/2024\/04\/fc-logo.jpg","width":174,"height":28,"caption":"Facecorner"},"image":{"@id":"https:\/\/www.facecorner.lv\/#\/schema\/logo\/image\/"},"sameAs":["https:\/\/www.facebook.com\/profile.php?id=100063824551839","https:\/\/www.instagram.com\/facecorner_shop\/"]}]},"product_price_amount":"31.00","product_price_currency":"EUR","og_availability":"out of stock","product_availability":"out of stock","product_condition":"new"},"_links":{"self":[{"href":"https:\/\/www.facecorner.lv\/lv\/wp-json\/wp\/v2\/product\/21184","targetHints":{"allow":["GET"]}}],"collection":[{"href":"https:\/\/www.facecorner.lv\/lv\/wp-json\/wp\/v2\/product"}],"about":[{"href":"https:\/\/www.facecorner.lv\/lv\/wp-json\/wp\/v2\/types\/product"}],"replies":[{"embeddable":true,"href":"https:\/\/www.facecorner.lv\/lv\/wp-json\/wp\/v2\/comments?post=21184"}],"wp:featuredmedia":[{"embeddable":true,"href":"https:\/\/www.facecorner.lv\/lv\/wp-json\/wp\/v2\/media\/21185"}],"wp:attachment":[{"href":"https:\/\/www.facecorner.lv\/lv\/wp-json\/wp\/v2\/media?parent=21184"}],"wp:term":[{"taxonomy":"product_brand","embeddable":true,"href":"https:\/\/www.facecorner.lv\/lv\/wp-json\/wp\/v2\/product_brand?post=21184"},{"taxonomy":"product_cat","embeddable":true,"href":"https:\/\/www.facecorner.lv\/lv\/wp-json\/wp\/v2\/product_cat?post=21184"},{"taxonomy":"product_tag","embeddable":true,"href":"https:\/\/www.facecorner.lv\/lv\/wp-json\/wp\/v2\/product_tag?post=21184"},{"taxonomy":"berocket_brand","embeddable":true,"href":"https:\/\/www.facecorner.lv\/lv\/wp-json\/wp\/v2\/berocket_brand?post=21184"}],"curies":[{"name":"wp","href":"https:\/\/api.w.org\/{rel}","templated":true}]}}