{"id":21083,"date":"2024-09-10T10:41:54","date_gmt":"2024-09-10T08:41:54","guid":{"rendered":"https:\/\/www.facecorner.lv\/?post_type=product&#038;p=21083"},"modified":"2025-04-04T19:22:25","modified_gmt":"2025-04-04T16:22:25","slug":"anua-heartleaf-succinic-moisture-cleansing-foam-150ml","status":"publish","type":"product","link":"https:\/\/www.facecorner.lv\/lv\/shop\/anua-heartleaf-succinic-moisture-cleansing-foam-150ml\/","title":{"rendered":"Anua Heartleaf Succinic Moisture Cleansing Foam 150ml"},"content":{"rendered":"<p>Anua Heartleaf Succinic Moisture Cleansing Foam maigi puto epidermas keratiniz\u0113to sl\u0101ni un m\u012bkstina raupju \u0101du. Efekt\u012bvi no\u0146em visus net\u012brumus, putek\u013cus, kosm\u0113tiku un hidrof\u012blos produktus. Maigi att\u012bra \u0101du bez sausuma un sasprindzin\u0101juma. Satur BHA-sk\u0101bi, hait\u016bnijas ekstraktu, hitoz\u0101nu, pantenolu un prote\u0101zes.<\/p>\n<p>Viegli sk\u0101ba \u017eeleja pal\u012bdz uztur\u0113t neitr\u0101lu sk\u0101bju un s\u0101rmu l\u012bdzsvaru un kav\u0113 bakt\u0113riju aug\u0161anu. Atjauno mitruma tr\u016bkumu saus\u0101 un dehidr\u0113t\u0101 \u0101d\u0101, padarot to barotu un mitrin\u0101tu pat p\u0113c mazg\u0101\u0161anas.<\/p>\n<p>Patent\u0113tais komplekss CRYSTAL CERAMIDE, kas sast\u0101v no keram\u012bdiem, holester\u012bna un tauksk\u0101b\u0113m, iestr\u0101d\u0101jas boj\u0101t\u0101 lip\u012bdu apvalk\u0101 un atjauno t\u0101 integrit\u0101ti, palielinot \u0101das aizsargsp\u0113jas un nov\u0113r\u0161ot mitruma zudumu. Pateicoties ACTSOME liposom\u0101lajai tehnolo\u0123ijai, \u0161is komplekss var iek\u013c\u016bt daudz dzi\u013c\u0101k epidermas \u0161\u016bn\u0101s un efekt\u012bvi darboties, aktiviz\u0113jot \u0161\u016bnu metabolismu un re\u0123ener\u0101cijas procesus.<\/p>\n<p><strong>Galven\u0101s akt\u012bv\u0101s sast\u0101vda\u013cas:<\/strong><\/p>\n<ul>\n<li>Dzintarsk\u0101be maigi p\u012blings un stimul\u0113 \u0161\u016bnu dz\u012bv\u012bbas procesus, nov\u0113r\u0161 sausas \u0101das lob\u012b\u0161anos un pal\u012bdz tikt gal\u0101 ar izsitumiem.<\/li>\n<li>Salicilsk\u0101be att\u012bra poras: t\u0101 balina melnos punkti\u0146us un tauku pavedienus, nov\u0113r\u0161 poru aizs\u0113r\u0113\u0161anu, normaliz\u0113 \u0101das tauku sekr\u0113ciju un nov\u0113r\u0161 taukainu sp\u012bdumu.<\/li>\n<li>Hitoz\u0101ns ir lielisks mitrino\u0161s l\u012bdzeklis, jo tas ir sader\u012bgs ar \u0101das strukt\u016bru, veido mitruma barjeru un veicina re\u0123ener\u0101ciju. Uzlabo citu akt\u012bvo vielu iek\u013c\u016b\u0161anu.<\/li>\n<li>Patent\u0113tais HEARTEASE komplekss (Houttuynia ekstrakts un prote\u0101ze) no\u0146em atmiru\u0161\u0101s epidermas \u0161\u016bnas un lieko sebumu, \u0161\u0137\u012bdina komedonus, atjauno hidrolip\u012bdu barjeru un nomierina.<\/li>\n<li>Ceram\u012bdi tiek iestr\u0101d\u0101ti epidermas dab\u012bgaj\u0101 lip\u012bdu sl\u0101n\u012b, t\u0101d\u0113j\u0101di stiprinot to, nov\u0113r\u0161ot mitruma iztvaiko\u0161anu un kait\u012bgo vielu iek\u013c\u016b\u0161anu \u0101d\u0101, kas izraisa kairin\u0101jumu.<\/li>\n<li>Ziepziedu kvilajas mizas ekstrakts att\u012bra un mitrina, ir dab\u012bgs putojo\u0161s l\u012bdzeklis, kondicion\u0113 un m\u012bkstina.<\/li>\n<li>Derma Clera\u2122 (ci\u0146ainais ekstrakts, \u016bdens, butil\u0113nglikols) ir nomierino\u0161s komplekss, kas palielina epidermas barjerfunkciju: tas c\u012bn\u0101s ar iekaisumiem, m\u012bkstina un stimul\u0113 dz\u012b\u0161anu.<\/li>\n<\/ul>\n<p><strong>Piem\u0113rots sausai, norm\u0101lai un dehidr\u0113tai \u0101dai.<\/strong><\/p>\n<p><strong>Lieto\u0161ana:<\/strong> saputojiet l\u012bdzekli plaukst\u0101s, uzkl\u0101jiet uz sejas, ap\u013cveida kust\u012bb\u0101m izkl\u0101jiet pa \u0101du un noskalojiet ar \u016bdeni.<\/p>\n<p><strong>S\u0101stavs<\/strong>: Water, Disodium Cocoamphodiacetate, Sodium Cocoyl Alaninate, Sodium Methyl Cocoyl Taurate, Glycerin, Acrylates\/C10-30 Alkyl Acrylate Crosspolymer, Disodium 2-Sulfolaurate, Sodium Chloride, Methylpropanediol, Houttuynia Cordata Extract, Quillaja Saponaria Bark Extract, Cynanchum Atratum Extract, Althaea Rosea Flower Extract, Chitosan, 1,2-Hexanediol, Caprylyl Glycol, Tromethamine, Coco-Glucoside, Panthenol, Salicylic Acid, Succinic Acid, Butylene Glycol, Lauryl Hydroxysultaine, Polyglyceryl-4 Caprate, Sodium Cocoyl Isethionate, Sodium Citrate, Sodium Phytate, Hexylene Glycol, Ethylhexylglycerin, Citric Acid, Protease, Caprylic\/Capric Triglyceride, Hydrogenated Lecithin, Ceramide NP, Dipropylene Glycol, Pentylene Glycol, Cholesterol, Fragrance(Parfum)<\/p>\n","protected":false},"excerpt":{"rendered":"<p>Anua Heartleaf Succinic Moisture Cleansing Foam maigi puto epidermas keratiniz\u0113to sl\u0101ni un m\u012bkstina raupju \u0101du. Efekt\u012bvi no\u0146em visus net\u012brumus, putek\u013cus, kosm\u0113tiku un hidrof\u012blos produktus. Maigi att\u012bra \u0101du bez sausuma un sasprindzin\u0101juma. Satur BHA-sk\u0101bi, hait\u016bnijas ekstraktu, hitoz\u0101nu, pantenolu un prote\u0101zes.<\/p>\n","protected":false},"featured_media":21084,"comment_status":"closed","ping_status":"closed","template":"","meta":{"site-sidebar-layout":"default","site-content-layout":"","ast-site-content-layout":"","site-content-style":"default","site-sidebar-style":"default","ast-global-header-display":"","ast-banner-title-visibility":"","ast-main-header-display":"","ast-hfb-above-header-display":"","ast-hfb-below-header-display":"","ast-hfb-mobile-header-display":"","site-post-title":"","ast-breadcrumbs-content":"","ast-featured-img":"","footer-sml-layout":"","theme-transparent-header-meta":"","adv-header-id-meta":"","stick-header-meta":"","header-above-stick-meta":"","header-main-stick-meta":"","header-below-stick-meta":"","astra-migrate-meta-layouts":"default","ast-page-background-enabled":"default","ast-page-background-meta":{"desktop":{"background-color":"var(--ast-global-color-4)","background-image":"","background-repeat":"repeat","background-position":"center center","background-size":"auto","background-attachment":"scroll","background-type":"","background-media":"","overlay-type":"","overlay-color":"","overlay-opacity":"","overlay-gradient":""},"tablet":{"background-color":"","background-image":"","background-repeat":"repeat","background-position":"center center","background-size":"auto","background-attachment":"scroll","background-type":"","background-media":"","overlay-type":"","overlay-color":"","overlay-opacity":"","overlay-gradient":""},"mobile":{"background-color":"","background-image":"","background-repeat":"repeat","background-position":"center center","background-size":"auto","background-attachment":"scroll","background-type":"","background-media":"","overlay-type":"","overlay-color":"","overlay-opacity":"","overlay-gradient":""}},"ast-content-background-meta":{"desktop":{"background-color":"var(--ast-global-color-5)","background-image":"","background-repeat":"repeat","background-position":"center center","background-size":"auto","background-attachment":"scroll","background-type":"","background-media":"","overlay-type":"","overlay-color":"","overlay-opacity":"","overlay-gradient":""},"tablet":{"background-color":"var(--ast-global-color-5)","background-image":"","background-repeat":"repeat","background-position":"center center","background-size":"auto","background-attachment":"scroll","background-type":"","background-media":"","overlay-type":"","overlay-color":"","overlay-opacity":"","overlay-gradient":""},"mobile":{"background-color":"var(--ast-global-color-5)","background-image":"","background-repeat":"repeat","background-position":"center center","background-size":"auto","background-attachment":"scroll","background-type":"","background-media":"","overlay-type":"","overlay-color":"","overlay-opacity":"","overlay-gradient":""}}},"product_brand":[],"product_cat":[310,311,312,317],"product_tag":[],"berocket_brand":[575],"class_list":{"0":"post-21083","1":"product","2":"type-product","3":"status-publish","4":"has-post-thumbnail","6":"product_cat-attirisana","7":"product_cat-jutigai-adai-attirisana","8":"product_cat-kombinetai-adai-attirisana","9":"product_cat-sausai-adai-attirisana","10":"berocket_brand-anua","11":"desktop-align-left","12":"tablet-align-left","13":"mobile-align-left","15":"first","16":"outofstock","17":"taxable","18":"shipping-taxable","19":"purchasable","20":"product-type-simple","21":"add-to-wishlist-before_image"},"yoast_head":"<!-- This site is optimized with the Yoast SEO plugin v27.3 - https:\/\/yoast.com\/product\/yoast-seo-wordpress\/ -->\n<title>Anua Heartleaf Succinic Moisture Cleansing Foam 150ml - FACECORNER<\/title>\n<meta name=\"description\" content=\"Anua Heartleaf Succinic Moisture Cleansing Foam maigi puto epidermas keratiniz\u0113to sl\u0101ni un m\u012bkstina raupju \u0101du.Efekt\u012bvi no\u0146em visus net\u012brumus\" \/>\n<meta name=\"robots\" content=\"index, follow, max-snippet:-1, max-image-preview:large, max-video-preview:-1\" \/>\n<link rel=\"canonical\" href=\"https:\/\/www.facecorner.lv\/lv\/shop\/anua-heartleaf-succinic-moisture-cleansing-foam-150ml\/\" \/>\n<meta property=\"og:locale\" content=\"lv_LV\" \/>\n<meta property=\"og:type\" content=\"article\" \/>\n<meta property=\"og:title\" content=\"Anua Heartleaf Succinic Moisture Cleansing Foam 150ml - FACECORNER\" \/>\n<meta property=\"og:description\" content=\"Anua Heartleaf Succinic Moisture Cleansing Foam maigi puto epidermas keratiniz\u0113to sl\u0101ni un m\u012bkstina raupju \u0101du.Efekt\u012bvi no\u0146em visus net\u012brumus\" \/>\n<meta property=\"og:url\" content=\"https:\/\/www.facecorner.lv\/lv\/shop\/anua-heartleaf-succinic-moisture-cleansing-foam-150ml\/\" \/>\n<meta property=\"og:site_name\" content=\"FACECORNER\" \/>\n<meta property=\"article:publisher\" content=\"https:\/\/www.facebook.com\/profile.php?id=100063824551839\" \/>\n<meta property=\"article:modified_time\" content=\"2025-04-04T16:22:25+00:00\" \/>\n<meta property=\"og:image\" content=\"https:\/\/www.facecorner.lv\/wp-content\/uploads\/2024\/09\/anua_heartleaf_succinic_moisture_cleansing_foam_150ml.jpg\" \/>\n\t<meta property=\"og:image:width\" content=\"1500\" \/>\n\t<meta property=\"og:image:height\" content=\"1500\" \/>\n\t<meta property=\"og:image:type\" content=\"image\/jpeg\" \/>\n<meta name=\"twitter:card\" content=\"summary_large_image\" \/>\n<meta name=\"twitter:label1\" content=\"Price\" \/>\n\t<meta name=\"twitter:data1\" content=\"&euro;23.00\" \/>\n\t<meta name=\"twitter:label2\" content=\"Availability\" \/>\n\t<meta name=\"twitter:data2\" content=\"Out of stock\" \/>\n<script type=\"application\/ld+json\" class=\"yoast-schema-graph\">{\"@context\":\"https:\\\/\\\/schema.org\",\"@graph\":[{\"@type\":\"WebPage\",\"@id\":\"https:\\\/\\\/www.facecorner.lv\\\/shop\\\/anua-heartleaf-succinic-moisture-cleansing-foam-150ml\\\/\",\"url\":\"https:\\\/\\\/www.facecorner.lv\\\/shop\\\/anua-heartleaf-succinic-moisture-cleansing-foam-150ml\\\/\",\"name\":\"Anua Heartleaf Succinic Moisture Cleansing Foam 150ml - FACECORNER\",\"isPartOf\":{\"@id\":\"https:\\\/\\\/www.facecorner.lv\\\/#website\"},\"primaryImageOfPage\":{\"@id\":\"https:\\\/\\\/www.facecorner.lv\\\/shop\\\/anua-heartleaf-succinic-moisture-cleansing-foam-150ml\\\/#primaryimage\"},\"image\":{\"@id\":\"https:\\\/\\\/www.facecorner.lv\\\/shop\\\/anua-heartleaf-succinic-moisture-cleansing-foam-150ml\\\/#primaryimage\"},\"thumbnailUrl\":\"https:\\\/\\\/www.facecorner.lv\\\/wp-content\\\/uploads\\\/2024\\\/09\\\/anua_heartleaf_succinic_moisture_cleansing_foam_150ml.jpg\",\"datePublished\":\"2024-09-10T08:41:54+00:00\",\"dateModified\":\"2025-04-04T16:22:25+00:00\",\"description\":\"Anua Heartleaf Succinic Moisture Cleansing Foam maigi puto epidermas keratiniz\u0113to sl\u0101ni un m\u012bkstina raupju \u0101du.Efekt\u012bvi no\u0146em visus net\u012brumus\",\"breadcrumb\":{\"@id\":\"https:\\\/\\\/www.facecorner.lv\\\/shop\\\/anua-heartleaf-succinic-moisture-cleansing-foam-150ml\\\/#breadcrumb\"},\"inLanguage\":\"lv-LV\",\"potentialAction\":[{\"@type\":\"ReadAction\",\"target\":[\"https:\\\/\\\/www.facecorner.lv\\\/shop\\\/anua-heartleaf-succinic-moisture-cleansing-foam-150ml\\\/\"]}]},{\"@type\":\"ImageObject\",\"inLanguage\":\"lv-LV\",\"@id\":\"https:\\\/\\\/www.facecorner.lv\\\/shop\\\/anua-heartleaf-succinic-moisture-cleansing-foam-150ml\\\/#primaryimage\",\"url\":\"https:\\\/\\\/www.facecorner.lv\\\/wp-content\\\/uploads\\\/2024\\\/09\\\/anua_heartleaf_succinic_moisture_cleansing_foam_150ml.jpg\",\"contentUrl\":\"https:\\\/\\\/www.facecorner.lv\\\/wp-content\\\/uploads\\\/2024\\\/09\\\/anua_heartleaf_succinic_moisture_cleansing_foam_150ml.jpg\",\"width\":1500,\"height\":1500,\"caption\":\"Anua Heartleaf Succinic Moisture Cleansing Foam\"},{\"@type\":\"BreadcrumbList\",\"@id\":\"https:\\\/\\\/www.facecorner.lv\\\/shop\\\/anua-heartleaf-succinic-moisture-cleansing-foam-150ml\\\/#breadcrumb\",\"itemListElement\":[{\"@type\":\"ListItem\",\"position\":1,\"name\":\"Home\",\"item\":\"https:\\\/\\\/www.facecorner.lv\\\/\"},{\"@type\":\"ListItem\",\"position\":2,\"name\":\"Veikals\",\"item\":\"https:\\\/\\\/www.facecorner.lv\\\/shop\\\/\"},{\"@type\":\"ListItem\",\"position\":3,\"name\":\"Anua Heartleaf Succinic Moisture Cleansing Foam 150ml\"}]},{\"@type\":\"WebSite\",\"@id\":\"https:\\\/\\\/www.facecorner.lv\\\/#website\",\"url\":\"https:\\\/\\\/www.facecorner.lv\\\/\",\"name\":\"Facecorner\",\"description\":\"\",\"publisher\":{\"@id\":\"https:\\\/\\\/www.facecorner.lv\\\/#organization\"},\"potentialAction\":[{\"@type\":\"SearchAction\",\"target\":{\"@type\":\"EntryPoint\",\"urlTemplate\":\"https:\\\/\\\/www.facecorner.lv\\\/?s={search_term_string}\"},\"query-input\":{\"@type\":\"PropertyValueSpecification\",\"valueRequired\":true,\"valueName\":\"search_term_string\"}}],\"inLanguage\":\"lv-LV\"},{\"@type\":\"Organization\",\"@id\":\"https:\\\/\\\/www.facecorner.lv\\\/#organization\",\"name\":\"Facecorner\",\"url\":\"https:\\\/\\\/www.facecorner.lv\\\/\",\"logo\":{\"@type\":\"ImageObject\",\"inLanguage\":\"lv-LV\",\"@id\":\"https:\\\/\\\/www.facecorner.lv\\\/#\\\/schema\\\/logo\\\/image\\\/\",\"url\":\"https:\\\/\\\/www.facecorner.lv\\\/wp-content\\\/uploads\\\/2024\\\/04\\\/fc-logo.jpg\",\"contentUrl\":\"https:\\\/\\\/www.facecorner.lv\\\/wp-content\\\/uploads\\\/2024\\\/04\\\/fc-logo.jpg\",\"width\":174,\"height\":28,\"caption\":\"Facecorner\"},\"image\":{\"@id\":\"https:\\\/\\\/www.facecorner.lv\\\/#\\\/schema\\\/logo\\\/image\\\/\"},\"sameAs\":[\"https:\\\/\\\/www.facebook.com\\\/profile.php?id=100063824551839\",\"https:\\\/\\\/www.instagram.com\\\/facecorner_shop\\\/\"]}]}<\/script>\n<meta property=\"product:price:amount\" content=\"23.00\" \/>\n<meta property=\"product:price:currency\" content=\"EUR\" \/>\n<meta property=\"og:availability\" content=\"out of stock\" \/>\n<meta property=\"product:availability\" content=\"out of stock\" \/>\n<meta property=\"product:condition\" content=\"new\" \/>\n<!-- \/ Yoast SEO plugin. -->","yoast_head_json":{"title":"Anua Heartleaf Succinic Moisture Cleansing Foam 150ml - FACECORNER","description":"Anua Heartleaf Succinic Moisture Cleansing Foam maigi puto epidermas keratiniz\u0113to sl\u0101ni un m\u012bkstina raupju \u0101du.Efekt\u012bvi no\u0146em visus net\u012brumus","robots":{"index":"index","follow":"follow","max-snippet":"max-snippet:-1","max-image-preview":"max-image-preview:large","max-video-preview":"max-video-preview:-1"},"canonical":"https:\/\/www.facecorner.lv\/lv\/shop\/anua-heartleaf-succinic-moisture-cleansing-foam-150ml\/","og_locale":"lv_LV","og_type":"article","og_title":"Anua Heartleaf Succinic Moisture Cleansing Foam 150ml - FACECORNER","og_description":"Anua Heartleaf Succinic Moisture Cleansing Foam maigi puto epidermas keratiniz\u0113to sl\u0101ni un m\u012bkstina raupju \u0101du.Efekt\u012bvi no\u0146em visus net\u012brumus","og_url":"https:\/\/www.facecorner.lv\/lv\/shop\/anua-heartleaf-succinic-moisture-cleansing-foam-150ml\/","og_site_name":"FACECORNER","article_publisher":"https:\/\/www.facebook.com\/profile.php?id=100063824551839","article_modified_time":"2025-04-04T16:22:25+00:00","og_image":[{"width":1500,"height":1500,"url":"https:\/\/www.facecorner.lv\/wp-content\/uploads\/2024\/09\/anua_heartleaf_succinic_moisture_cleansing_foam_150ml.jpg","type":"image\/jpeg"}],"twitter_card":"summary_large_image","twitter_misc":{"Price":"&euro;23.00","Availability":"Out of stock"},"schema":{"@context":"https:\/\/schema.org","@graph":[{"@type":"WebPage","@id":"https:\/\/www.facecorner.lv\/shop\/anua-heartleaf-succinic-moisture-cleansing-foam-150ml\/","url":"https:\/\/www.facecorner.lv\/shop\/anua-heartleaf-succinic-moisture-cleansing-foam-150ml\/","name":"Anua Heartleaf Succinic Moisture Cleansing Foam 150ml - FACECORNER","isPartOf":{"@id":"https:\/\/www.facecorner.lv\/#website"},"primaryImageOfPage":{"@id":"https:\/\/www.facecorner.lv\/shop\/anua-heartleaf-succinic-moisture-cleansing-foam-150ml\/#primaryimage"},"image":{"@id":"https:\/\/www.facecorner.lv\/shop\/anua-heartleaf-succinic-moisture-cleansing-foam-150ml\/#primaryimage"},"thumbnailUrl":"https:\/\/www.facecorner.lv\/wp-content\/uploads\/2024\/09\/anua_heartleaf_succinic_moisture_cleansing_foam_150ml.jpg","datePublished":"2024-09-10T08:41:54+00:00","dateModified":"2025-04-04T16:22:25+00:00","description":"Anua Heartleaf Succinic Moisture Cleansing Foam maigi puto epidermas keratiniz\u0113to sl\u0101ni un m\u012bkstina raupju \u0101du.Efekt\u012bvi no\u0146em visus net\u012brumus","breadcrumb":{"@id":"https:\/\/www.facecorner.lv\/shop\/anua-heartleaf-succinic-moisture-cleansing-foam-150ml\/#breadcrumb"},"inLanguage":"lv-LV","potentialAction":[{"@type":"ReadAction","target":["https:\/\/www.facecorner.lv\/shop\/anua-heartleaf-succinic-moisture-cleansing-foam-150ml\/"]}]},{"@type":"ImageObject","inLanguage":"lv-LV","@id":"https:\/\/www.facecorner.lv\/shop\/anua-heartleaf-succinic-moisture-cleansing-foam-150ml\/#primaryimage","url":"https:\/\/www.facecorner.lv\/wp-content\/uploads\/2024\/09\/anua_heartleaf_succinic_moisture_cleansing_foam_150ml.jpg","contentUrl":"https:\/\/www.facecorner.lv\/wp-content\/uploads\/2024\/09\/anua_heartleaf_succinic_moisture_cleansing_foam_150ml.jpg","width":1500,"height":1500,"caption":"Anua Heartleaf Succinic Moisture Cleansing Foam"},{"@type":"BreadcrumbList","@id":"https:\/\/www.facecorner.lv\/shop\/anua-heartleaf-succinic-moisture-cleansing-foam-150ml\/#breadcrumb","itemListElement":[{"@type":"ListItem","position":1,"name":"Home","item":"https:\/\/www.facecorner.lv\/"},{"@type":"ListItem","position":2,"name":"Veikals","item":"https:\/\/www.facecorner.lv\/shop\/"},{"@type":"ListItem","position":3,"name":"Anua Heartleaf Succinic Moisture Cleansing Foam 150ml"}]},{"@type":"WebSite","@id":"https:\/\/www.facecorner.lv\/#website","url":"https:\/\/www.facecorner.lv\/","name":"Facecorner","description":"","publisher":{"@id":"https:\/\/www.facecorner.lv\/#organization"},"potentialAction":[{"@type":"SearchAction","target":{"@type":"EntryPoint","urlTemplate":"https:\/\/www.facecorner.lv\/?s={search_term_string}"},"query-input":{"@type":"PropertyValueSpecification","valueRequired":true,"valueName":"search_term_string"}}],"inLanguage":"lv-LV"},{"@type":"Organization","@id":"https:\/\/www.facecorner.lv\/#organization","name":"Facecorner","url":"https:\/\/www.facecorner.lv\/","logo":{"@type":"ImageObject","inLanguage":"lv-LV","@id":"https:\/\/www.facecorner.lv\/#\/schema\/logo\/image\/","url":"https:\/\/www.facecorner.lv\/wp-content\/uploads\/2024\/04\/fc-logo.jpg","contentUrl":"https:\/\/www.facecorner.lv\/wp-content\/uploads\/2024\/04\/fc-logo.jpg","width":174,"height":28,"caption":"Facecorner"},"image":{"@id":"https:\/\/www.facecorner.lv\/#\/schema\/logo\/image\/"},"sameAs":["https:\/\/www.facebook.com\/profile.php?id=100063824551839","https:\/\/www.instagram.com\/facecorner_shop\/"]}]},"product_price_amount":"23.00","product_price_currency":"EUR","og_availability":"out of stock","product_availability":"out of stock","product_condition":"new"},"_links":{"self":[{"href":"https:\/\/www.facecorner.lv\/lv\/wp-json\/wp\/v2\/product\/21083","targetHints":{"allow":["GET"]}}],"collection":[{"href":"https:\/\/www.facecorner.lv\/lv\/wp-json\/wp\/v2\/product"}],"about":[{"href":"https:\/\/www.facecorner.lv\/lv\/wp-json\/wp\/v2\/types\/product"}],"replies":[{"embeddable":true,"href":"https:\/\/www.facecorner.lv\/lv\/wp-json\/wp\/v2\/comments?post=21083"}],"wp:featuredmedia":[{"embeddable":true,"href":"https:\/\/www.facecorner.lv\/lv\/wp-json\/wp\/v2\/media\/21084"}],"wp:attachment":[{"href":"https:\/\/www.facecorner.lv\/lv\/wp-json\/wp\/v2\/media?parent=21083"}],"wp:term":[{"taxonomy":"product_brand","embeddable":true,"href":"https:\/\/www.facecorner.lv\/lv\/wp-json\/wp\/v2\/product_brand?post=21083"},{"taxonomy":"product_cat","embeddable":true,"href":"https:\/\/www.facecorner.lv\/lv\/wp-json\/wp\/v2\/product_cat?post=21083"},{"taxonomy":"product_tag","embeddable":true,"href":"https:\/\/www.facecorner.lv\/lv\/wp-json\/wp\/v2\/product_tag?post=21083"},{"taxonomy":"berocket_brand","embeddable":true,"href":"https:\/\/www.facecorner.lv\/lv\/wp-json\/wp\/v2\/berocket_brand?post=21083"}],"curies":[{"name":"wp","href":"https:\/\/api.w.org\/{rel}","templated":true}]}}