{"id":21063,"date":"2024-09-09T13:24:26","date_gmt":"2024-09-09T11:24:26","guid":{"rendered":"https:\/\/www.facecorner.lv\/?post_type=product&#038;p=21063"},"modified":"2026-01-03T10:20:22","modified_gmt":"2026-01-03T07:20:22","slug":"%d1%81-ckd-vita-c-teca-blemish-shot-mask","status":"publish","type":"product","link":"https:\/\/www.facecorner.lv\/lv\/shop\/%d1%81-ckd-vita-c-teca-blemish-shot-mask\/","title":{"rendered":"\u0421 CKD Vita C Teca Blemish Shot Mask"},"content":{"rendered":"<p>\u0421 CKD Vita C Teca Blemish Shot Mask ar C vitam\u012bnu ir kompleksa dziedino\u0161a iedarb\u012bba. Hidrogela b\u0101ze uzlabo mitruma un akt\u012bvo sast\u0101vda\u013cu caurlaid\u012bbu.<\/p>\n<p>Pateicoties augstajam C vitam\u012bna un t\u0101 atvasin\u0101jumu saturam, impregn\u0113jo\u0161\u0101 esence maigi balina da\u017e\u0101da rakstura pigment\u0101cijas. \u0160\u012b sast\u0101vda\u013ca ir ar\u012b sp\u0113c\u012bgs antioksidants, kas nodro\u0161ina aizsardz\u012bbu pret br\u012bvo radik\u0101\u013cu kait\u012bgo ietekmi, kas ir galvenais priek\u0161laic\u012bgas noveco\u0161an\u0101s c\u0113lonis.<\/p>\n<p>Sast\u0101v\u0101 ir Cica Teca Shot tehnolo\u0123ija &#8211; att\u012br\u012btas spikuli\u0146as apvienojum\u0101 ar Centella asiatica kompleksu -, kas maigi noloba atmiru\u0161\u0101s \u0161\u016bnas un atjauno \u0101das raga sl\u0101ni. Tas pal\u012bdz izl\u012bdzin\u0101t sejas toni, pie\u0161\u0137irot \u0101dai dabisku mirdzumu, tvirtumu un vienm\u0113r\u012bgu tekst\u016bru.<\/p>\n<p><strong>Papildu akt\u012bv\u0101s sast\u0101vda\u013cas: <\/strong><\/p>\n<ul>\n<li>Niacinam\u012bds (vitam\u012bns B3) pal\u0113nina melan\u012bna nok\u013c\u016b\u0161anu epiderm\u0101, t\u0101d\u0113j\u0101di nov\u0113r\u0161ot vecuma plankumu veido\u0161anos. Tas regul\u0113 sebuma veido\u0161anos, samazina taukainu sp\u012bdumu, sa\u0161aurina poras. Samazina jut\u012bbu pret \u0101r\u0113jiem kairin\u0101t\u0101jiem un palielina viet\u0113jo imunit\u0101ti.<\/li>\n<li>Glutationam piem\u012bt atjaunojo\u0161a iedarb\u012bba, tas uzlabo \u0101das tonusu, izl\u012bdzina grumbas un nov\u0113r\u0161 noguruma paz\u012bmes. Tas izl\u012bdzina sejas toni, \u0101rst\u0113jot vecuma pigment\u0101ciju un p\u0113cakne.<\/li>\n<li>Traneksam\u012bnsk\u0101be &#8211; balino\u0161a akt\u012bv\u0101 viela, kav\u0113 tirozin\u0101zes &#8211; enz\u012bma, kas izraisa melan\u012bna pigmenta veido\u0161anos, &#8211; darb\u012bbu. T\u0101 neizraisa fotosensitivit\u0101ti un to var lietot dienas kop\u0161an\u0101.<\/li>\n<li>Arbut\u012bns nomierina iekaisumu un samazina audu piet\u016bkumu, uzlabo tonusu, pateicoties antiseptiskaj\u0101m \u012bpa\u0161\u012bb\u0101m, nov\u0113r\u0161 pinnes veido\u0161anos.<\/li>\n<\/ul>\n<p><strong>Piem\u0113rots taukainai, jauktai, norm\u0101lai un problem\u0101tiskai \u0101dai.<\/strong><\/p>\n<p><strong>Lieto\u0161ana:<\/strong> not\u012briet \u0101du un mitriniet to ar toniku, atdaliet maskas hidrog\u0113la pamatni no aizsargpl\u0113ves. Novietojiet abas maskas da\u013cas uz sejas, izl\u012bdziniet un viegli piespiediet. Atst\u0101jiet masku uz 30-40 min\u016bt\u0113m, kad esence uzs\u016bcas un maska k\u013c\u016bst caursp\u012bd\u012bga, to var no\u0146emt. Ar viegl\u0101m mas\u0101\u017eas kust\u012bb\u0101m uzkl\u0101jiet atliku\u0161o l\u012bdzekli uz \u0101das. Dienas laik\u0101 uzkl\u0101jiet saules aizsargkr\u0113mu ar SPF50+ PA++++.<\/p>\n<p><strong>Br\u012bdin\u0101jums<\/strong>: \u00a0CKD Vita C Teca Blemish Shot maska p\u0113c lieto\u0161anas var izrais\u012bt tirp\u0161anas saj\u016btu. Nav ieteicams lietot p\u0113c dermatolo\u0123isk\u0101m proced\u016br\u0101m, kas traum\u0113 \u0101das raga sl\u0101ni: p\u012blings, apar\u0101tkozmetolo\u0123ija, injekcijas.<\/p>\n<p><strong>S\u0101stavs<\/strong>: Water, Glycerin, Dipropylene Glycol, Cetyl Ethylhexanoate, Niacinamide, Propanediol, Ceratonia Siliqua (Carob) Gum, Betaine, Hydroxyacetophenone, Chondrus Crispus Powder, Chondrus Crispus, Panthenol, Glyceryl Stearate, PEG-100 Stearate, Caprylyl Glycol, Cellulose Gum, Butyrospermum Parkii (Shea) Butter, Potassium Chloride, Sodium Polyacrylate, Polysorbate 60, Hydrogenated Polydecene, Sucrose, Algin, Adenosine, Gardenia Florida Fruit Extract, Hydrolyzed Sponge, Sphingomonas Ferment Extract, Hydrolyzed Hyaluronic Acid, Trideceth-6, Hydroxyethyl Acrylate\/Sodium Acryloyldimethyl Taurate Copolymer, Pantolactone, Ethylhexylglycerin, Butylene Glycol, Citrus Aurantium Bergamia (Bergamot) Fruit Oil, Maltodextrin, Dipotassium Glycyrrhizate, 1,2-Hexanediol, Citrus Aurantium Dulcis (Orange) Peel Oil, Centella Asiatica Extract, Magnesium Ascorbyl Phosphate, Ascorbyl Glucoside, Sodium Ascorbyl Phosphate, 3-O-Ethyl Ascorbic Acid, Ascorbyl Tetraisopalmitate, Ascorbic Acid, Citrus Limon (Lemon) Peel Oil, Sorbitan Isostearate, Eriobotrya Japonica Leaf Extract, Arbutin, Tranexamic Acid, Sodium Hyaluronate, Mentha Viridis (Spearmint) Extract, Hydrogenated Phosphatidylcholine, Caprylic\/Capric Triglyceride, Sucrose Stearate, Tocopherol, Madecassic Acid, Asiaticoside, Glutathione, Asiatic Acid, Cholesterol, Madecassoside, Potassium Hyaluronate, Hydrolyzed Sodium Hyaluronate, Hyaluronic Acid, Disodium EDTA, Limonene<\/p>\n<p>&nbsp;<\/p>\n<p>&nbsp;<\/p>\n","protected":false},"excerpt":{"rendered":"<p>Izgaismojo\u0161a hidrog\u0113la maska ar C vitam\u012bnu C CKD Vita C Teca Blemish Shot Mask ir ar kompleksu dziedino\u0161u iedarb\u012bbu. Impregn\u0113jo\u0161\u0101 esence maigi iedarbojas uz da\u017e\u0101da rakstura pigment\u0101ciju, izl\u012bdzina sejas toni un pastiprina dabisko mirdzumu, stimul\u0113 epidermas \u0161\u016bnu atjauno\u0161an\u0101s procesus. Hidrogela b\u0101ze uzlabo mitruma un akt\u012bvo sast\u0101vda\u013cu vad\u012btsp\u0113ju. Satur C vitam\u012bnu un t\u0101 atvasin\u0101jumus, Centella asiatica un mikros\u0113klu kompleksu, niacinam\u012bdu, glutationu.<\/p>\n","protected":false},"featured_media":21064,"comment_status":"open","ping_status":"closed","template":"","meta":{"site-sidebar-layout":"default","site-content-layout":"","ast-site-content-layout":"default","site-content-style":"default","site-sidebar-style":"default","ast-global-header-display":"","ast-banner-title-visibility":"","ast-main-header-display":"","ast-hfb-above-header-display":"","ast-hfb-below-header-display":"","ast-hfb-mobile-header-display":"","site-post-title":"","ast-breadcrumbs-content":"","ast-featured-img":"","footer-sml-layout":"","theme-transparent-header-meta":"default","adv-header-id-meta":"","stick-header-meta":"","header-above-stick-meta":"","header-main-stick-meta":"","header-below-stick-meta":"","astra-migrate-meta-layouts":"set","ast-page-background-enabled":"default","ast-page-background-meta":{"desktop":{"background-color":"var(--ast-global-color-4)","background-image":"","background-repeat":"repeat","background-position":"center center","background-size":"auto","background-attachment":"scroll","background-type":"","background-media":"","overlay-type":"","overlay-color":"","overlay-opacity":"","overlay-gradient":""},"tablet":{"background-color":"","background-image":"","background-repeat":"repeat","background-position":"center center","background-size":"auto","background-attachment":"scroll","background-type":"","background-media":"","overlay-type":"","overlay-color":"","overlay-opacity":"","overlay-gradient":""},"mobile":{"background-color":"","background-image":"","background-repeat":"repeat","background-position":"center center","background-size":"auto","background-attachment":"scroll","background-type":"","background-media":"","overlay-type":"","overlay-color":"","overlay-opacity":"","overlay-gradient":""}},"ast-content-background-meta":{"desktop":{"background-color":"var(--ast-global-color-5)","background-image":"","background-repeat":"repeat","background-position":"center center","background-size":"auto","background-attachment":"scroll","background-type":"","background-media":"","overlay-type":"","overlay-color":"","overlay-opacity":"","overlay-gradient":""},"tablet":{"background-color":"var(--ast-global-color-5)","background-image":"","background-repeat":"repeat","background-position":"center center","background-size":"auto","background-attachment":"scroll","background-type":"","background-media":"","overlay-type":"","overlay-color":"","overlay-opacity":"","overlay-gradient":""},"mobile":{"background-color":"var(--ast-global-color-5)","background-image":"","background-repeat":"repeat","background-position":"center center","background-size":"auto","background-attachment":"scroll","background-type":"","background-media":"","overlay-type":"","overlay-color":"","overlay-opacity":"","overlay-gradient":""}}},"product_brand":[],"product_cat":[324,325,315],"product_tag":[],"berocket_brand":[],"class_list":{"0":"post-21063","1":"product","2":"type-product","3":"status-publish","4":"has-post-thumbnail","6":"product_cat-auduma","7":"product_cat-hidrogela","8":"product_cat-maskas","9":"desktop-align-left","10":"tablet-align-left","11":"mobile-align-left","13":"first","14":"instock","15":"taxable","16":"shipping-taxable","17":"purchasable","18":"product-type-simple","19":"add-to-wishlist-before_image"},"yoast_head":"<!-- This site is optimized with the Yoast SEO plugin v27.4 - https:\/\/yoast.com\/product\/yoast-seo-wordpress\/ -->\n<title>\u0421 CKD Vita C Teca Blemish Shot Mask - FACECORNER<\/title>\n<meta name=\"description\" content=\"\u0421 CKD Vita C Teca Blemish Shot Mask ar C vitam\u012bnu ir kompleksa dziedino\u0161a iedarb\u012bba. Hidrogela b\u0101ze uzlabo mitruma un akt\u012bvo sast\u0101vda\u013cu caurlaid\u012bbu.\" \/>\n<meta name=\"robots\" content=\"index, follow, max-snippet:-1, max-image-preview:large, max-video-preview:-1\" \/>\n<link rel=\"canonical\" href=\"https:\/\/www.facecorner.lv\/lv\/shop\/\u0441-ckd-vita-c-teca-blemish-shot-mask\/\" \/>\n<meta property=\"og:locale\" content=\"lv_LV\" \/>\n<meta property=\"og:type\" content=\"article\" \/>\n<meta property=\"og:title\" content=\"\u0421 CKD Vita C Teca Blemish Shot Mask - FACECORNER\" \/>\n<meta property=\"og:description\" content=\"\u0421 CKD Vita C Teca Blemish Shot Mask ar C vitam\u012bnu ir kompleksa dziedino\u0161a iedarb\u012bba. Hidrogela b\u0101ze uzlabo mitruma un akt\u012bvo sast\u0101vda\u013cu caurlaid\u012bbu.\" \/>\n<meta property=\"og:url\" content=\"https:\/\/www.facecorner.lv\/lv\/shop\/\u0441-ckd-vita-c-teca-blemish-shot-mask\/\" \/>\n<meta property=\"og:site_name\" content=\"FACECORNER\" \/>\n<meta property=\"article:publisher\" content=\"https:\/\/www.facebook.com\/profile.php?id=100063824551839\" \/>\n<meta property=\"article:modified_time\" content=\"2026-01-03T07:20:22+00:00\" \/>\n<meta property=\"og:image\" content=\"https:\/\/www.facecorner.lv\/wp-content\/uploads\/2024\/09\/71JpylLGL.jpg\" \/>\n\t<meta property=\"og:image:width\" content=\"2000\" \/>\n\t<meta property=\"og:image:height\" content=\"2500\" \/>\n\t<meta property=\"og:image:type\" content=\"image\/jpeg\" \/>\n<meta name=\"twitter:card\" content=\"summary_large_image\" \/>\n<meta name=\"twitter:label1\" content=\"Price\" \/>\n\t<meta name=\"twitter:data1\" content=\"&euro;9.00\" \/>\n\t<meta name=\"twitter:label2\" content=\"Availability\" \/>\n\t<meta name=\"twitter:data2\" content=\"In stock\" \/>\n<script type=\"application\/ld+json\" class=\"yoast-schema-graph\">{\"@context\":\"https:\\\/\\\/schema.org\",\"@graph\":[{\"@type\":\"WebPage\",\"@id\":\"https:\\\/\\\/www.facecorner.lv\\\/shop\\\/%d1%81-ckd-vita-c-teca-blemish-shot-mask\\\/\",\"url\":\"https:\\\/\\\/www.facecorner.lv\\\/shop\\\/%d1%81-ckd-vita-c-teca-blemish-shot-mask\\\/\",\"name\":\"\u0421 CKD Vita C Teca Blemish Shot Mask - FACECORNER\",\"isPartOf\":{\"@id\":\"https:\\\/\\\/www.facecorner.lv\\\/#website\"},\"primaryImageOfPage\":{\"@id\":\"https:\\\/\\\/www.facecorner.lv\\\/shop\\\/%d1%81-ckd-vita-c-teca-blemish-shot-mask\\\/#primaryimage\"},\"image\":{\"@id\":\"https:\\\/\\\/www.facecorner.lv\\\/shop\\\/%d1%81-ckd-vita-c-teca-blemish-shot-mask\\\/#primaryimage\"},\"thumbnailUrl\":\"https:\\\/\\\/www.facecorner.lv\\\/wp-content\\\/uploads\\\/2024\\\/09\\\/71JpylLGL.jpg\",\"datePublished\":\"2024-09-09T11:24:26+00:00\",\"dateModified\":\"2026-01-03T07:20:22+00:00\",\"description\":\"\u0421 CKD Vita C Teca Blemish Shot Mask ar C vitam\u012bnu ir kompleksa dziedino\u0161a iedarb\u012bba. Hidrogela b\u0101ze uzlabo mitruma un akt\u012bvo sast\u0101vda\u013cu caurlaid\u012bbu.\",\"breadcrumb\":{\"@id\":\"https:\\\/\\\/www.facecorner.lv\\\/shop\\\/%d1%81-ckd-vita-c-teca-blemish-shot-mask\\\/#breadcrumb\"},\"inLanguage\":\"lv-LV\",\"potentialAction\":[{\"@type\":\"ReadAction\",\"target\":[\"https:\\\/\\\/www.facecorner.lv\\\/shop\\\/%d1%81-ckd-vita-c-teca-blemish-shot-mask\\\/\"]}]},{\"@type\":\"ImageObject\",\"inLanguage\":\"lv-LV\",\"@id\":\"https:\\\/\\\/www.facecorner.lv\\\/shop\\\/%d1%81-ckd-vita-c-teca-blemish-shot-mask\\\/#primaryimage\",\"url\":\"https:\\\/\\\/www.facecorner.lv\\\/wp-content\\\/uploads\\\/2024\\\/09\\\/71JpylLGL.jpg\",\"contentUrl\":\"https:\\\/\\\/www.facecorner.lv\\\/wp-content\\\/uploads\\\/2024\\\/09\\\/71JpylLGL.jpg\",\"width\":2000,\"height\":2500,\"caption\":\"Version 1.0.0\"},{\"@type\":\"BreadcrumbList\",\"@id\":\"https:\\\/\\\/www.facecorner.lv\\\/shop\\\/%d1%81-ckd-vita-c-teca-blemish-shot-mask\\\/#breadcrumb\",\"itemListElement\":[{\"@type\":\"ListItem\",\"position\":1,\"name\":\"Home\",\"item\":\"https:\\\/\\\/www.facecorner.lv\\\/\"},{\"@type\":\"ListItem\",\"position\":2,\"name\":\"Veikals\",\"item\":\"https:\\\/\\\/www.facecorner.lv\\\/shop\\\/\"},{\"@type\":\"ListItem\",\"position\":3,\"name\":\"\u0421 CKD Vita C Teca Blemish Shot Mask\"}]},{\"@type\":\"WebSite\",\"@id\":\"https:\\\/\\\/www.facecorner.lv\\\/#website\",\"url\":\"https:\\\/\\\/www.facecorner.lv\\\/\",\"name\":\"Facecorner\",\"description\":\"\",\"publisher\":{\"@id\":\"https:\\\/\\\/www.facecorner.lv\\\/#organization\"},\"potentialAction\":[{\"@type\":\"SearchAction\",\"target\":{\"@type\":\"EntryPoint\",\"urlTemplate\":\"https:\\\/\\\/www.facecorner.lv\\\/?s={search_term_string}\"},\"query-input\":{\"@type\":\"PropertyValueSpecification\",\"valueRequired\":true,\"valueName\":\"search_term_string\"}}],\"inLanguage\":\"lv-LV\"},{\"@type\":\"Organization\",\"@id\":\"https:\\\/\\\/www.facecorner.lv\\\/#organization\",\"name\":\"Facecorner\",\"url\":\"https:\\\/\\\/www.facecorner.lv\\\/\",\"logo\":{\"@type\":\"ImageObject\",\"inLanguage\":\"lv-LV\",\"@id\":\"https:\\\/\\\/www.facecorner.lv\\\/#\\\/schema\\\/logo\\\/image\\\/\",\"url\":\"https:\\\/\\\/www.facecorner.lv\\\/wp-content\\\/uploads\\\/2024\\\/04\\\/fc-logo.jpg\",\"contentUrl\":\"https:\\\/\\\/www.facecorner.lv\\\/wp-content\\\/uploads\\\/2024\\\/04\\\/fc-logo.jpg\",\"width\":174,\"height\":28,\"caption\":\"Facecorner\"},\"image\":{\"@id\":\"https:\\\/\\\/www.facecorner.lv\\\/#\\\/schema\\\/logo\\\/image\\\/\"},\"sameAs\":[\"https:\\\/\\\/www.facebook.com\\\/profile.php?id=100063824551839\",\"https:\\\/\\\/www.instagram.com\\\/facecorner_shop\\\/\"]}]}<\/script>\n<meta property=\"product:price:amount\" content=\"9.00\" \/>\n<meta property=\"product:price:currency\" content=\"EUR\" \/>\n<meta property=\"og:availability\" content=\"instock\" \/>\n<meta property=\"product:availability\" content=\"instock\" \/>\n<meta property=\"product:condition\" content=\"new\" \/>\n<!-- \/ Yoast SEO plugin. -->","yoast_head_json":{"title":"\u0421 CKD Vita C Teca Blemish Shot Mask - FACECORNER","description":"\u0421 CKD Vita C Teca Blemish Shot Mask ar C vitam\u012bnu ir kompleksa dziedino\u0161a iedarb\u012bba. Hidrogela b\u0101ze uzlabo mitruma un akt\u012bvo sast\u0101vda\u013cu caurlaid\u012bbu.","robots":{"index":"index","follow":"follow","max-snippet":"max-snippet:-1","max-image-preview":"max-image-preview:large","max-video-preview":"max-video-preview:-1"},"canonical":"https:\/\/www.facecorner.lv\/lv\/shop\/\u0441-ckd-vita-c-teca-blemish-shot-mask\/","og_locale":"lv_LV","og_type":"article","og_title":"\u0421 CKD Vita C Teca Blemish Shot Mask - FACECORNER","og_description":"\u0421 CKD Vita C Teca Blemish Shot Mask ar C vitam\u012bnu ir kompleksa dziedino\u0161a iedarb\u012bba. Hidrogela b\u0101ze uzlabo mitruma un akt\u012bvo sast\u0101vda\u013cu caurlaid\u012bbu.","og_url":"https:\/\/www.facecorner.lv\/lv\/shop\/\u0441-ckd-vita-c-teca-blemish-shot-mask\/","og_site_name":"FACECORNER","article_publisher":"https:\/\/www.facebook.com\/profile.php?id=100063824551839","article_modified_time":"2026-01-03T07:20:22+00:00","og_image":[{"width":2000,"height":2500,"url":"https:\/\/www.facecorner.lv\/wp-content\/uploads\/2024\/09\/71JpylLGL.jpg","type":"image\/jpeg"}],"twitter_card":"summary_large_image","twitter_misc":{"Price":"&euro;9.00","Availability":"In stock"},"schema":{"@context":"https:\/\/schema.org","@graph":[{"@type":"WebPage","@id":"https:\/\/www.facecorner.lv\/shop\/%d1%81-ckd-vita-c-teca-blemish-shot-mask\/","url":"https:\/\/www.facecorner.lv\/shop\/%d1%81-ckd-vita-c-teca-blemish-shot-mask\/","name":"\u0421 CKD Vita C Teca Blemish Shot Mask - FACECORNER","isPartOf":{"@id":"https:\/\/www.facecorner.lv\/#website"},"primaryImageOfPage":{"@id":"https:\/\/www.facecorner.lv\/shop\/%d1%81-ckd-vita-c-teca-blemish-shot-mask\/#primaryimage"},"image":{"@id":"https:\/\/www.facecorner.lv\/shop\/%d1%81-ckd-vita-c-teca-blemish-shot-mask\/#primaryimage"},"thumbnailUrl":"https:\/\/www.facecorner.lv\/wp-content\/uploads\/2024\/09\/71JpylLGL.jpg","datePublished":"2024-09-09T11:24:26+00:00","dateModified":"2026-01-03T07:20:22+00:00","description":"\u0421 CKD Vita C Teca Blemish Shot Mask ar C vitam\u012bnu ir kompleksa dziedino\u0161a iedarb\u012bba. Hidrogela b\u0101ze uzlabo mitruma un akt\u012bvo sast\u0101vda\u013cu caurlaid\u012bbu.","breadcrumb":{"@id":"https:\/\/www.facecorner.lv\/shop\/%d1%81-ckd-vita-c-teca-blemish-shot-mask\/#breadcrumb"},"inLanguage":"lv-LV","potentialAction":[{"@type":"ReadAction","target":["https:\/\/www.facecorner.lv\/shop\/%d1%81-ckd-vita-c-teca-blemish-shot-mask\/"]}]},{"@type":"ImageObject","inLanguage":"lv-LV","@id":"https:\/\/www.facecorner.lv\/shop\/%d1%81-ckd-vita-c-teca-blemish-shot-mask\/#primaryimage","url":"https:\/\/www.facecorner.lv\/wp-content\/uploads\/2024\/09\/71JpylLGL.jpg","contentUrl":"https:\/\/www.facecorner.lv\/wp-content\/uploads\/2024\/09\/71JpylLGL.jpg","width":2000,"height":2500,"caption":"Version 1.0.0"},{"@type":"BreadcrumbList","@id":"https:\/\/www.facecorner.lv\/shop\/%d1%81-ckd-vita-c-teca-blemish-shot-mask\/#breadcrumb","itemListElement":[{"@type":"ListItem","position":1,"name":"Home","item":"https:\/\/www.facecorner.lv\/"},{"@type":"ListItem","position":2,"name":"Veikals","item":"https:\/\/www.facecorner.lv\/shop\/"},{"@type":"ListItem","position":3,"name":"\u0421 CKD Vita C Teca Blemish Shot Mask"}]},{"@type":"WebSite","@id":"https:\/\/www.facecorner.lv\/#website","url":"https:\/\/www.facecorner.lv\/","name":"Facecorner","description":"","publisher":{"@id":"https:\/\/www.facecorner.lv\/#organization"},"potentialAction":[{"@type":"SearchAction","target":{"@type":"EntryPoint","urlTemplate":"https:\/\/www.facecorner.lv\/?s={search_term_string}"},"query-input":{"@type":"PropertyValueSpecification","valueRequired":true,"valueName":"search_term_string"}}],"inLanguage":"lv-LV"},{"@type":"Organization","@id":"https:\/\/www.facecorner.lv\/#organization","name":"Facecorner","url":"https:\/\/www.facecorner.lv\/","logo":{"@type":"ImageObject","inLanguage":"lv-LV","@id":"https:\/\/www.facecorner.lv\/#\/schema\/logo\/image\/","url":"https:\/\/www.facecorner.lv\/wp-content\/uploads\/2024\/04\/fc-logo.jpg","contentUrl":"https:\/\/www.facecorner.lv\/wp-content\/uploads\/2024\/04\/fc-logo.jpg","width":174,"height":28,"caption":"Facecorner"},"image":{"@id":"https:\/\/www.facecorner.lv\/#\/schema\/logo\/image\/"},"sameAs":["https:\/\/www.facebook.com\/profile.php?id=100063824551839","https:\/\/www.instagram.com\/facecorner_shop\/"]}]},"product_price_amount":"9.00","product_price_currency":"EUR","og_availability":"instock","product_availability":"instock","product_condition":"new"},"_links":{"self":[{"href":"https:\/\/www.facecorner.lv\/lv\/wp-json\/wp\/v2\/product\/21063","targetHints":{"allow":["GET"]}}],"collection":[{"href":"https:\/\/www.facecorner.lv\/lv\/wp-json\/wp\/v2\/product"}],"about":[{"href":"https:\/\/www.facecorner.lv\/lv\/wp-json\/wp\/v2\/types\/product"}],"replies":[{"embeddable":true,"href":"https:\/\/www.facecorner.lv\/lv\/wp-json\/wp\/v2\/comments?post=21063"}],"wp:featuredmedia":[{"embeddable":true,"href":"https:\/\/www.facecorner.lv\/lv\/wp-json\/wp\/v2\/media\/21064"}],"wp:attachment":[{"href":"https:\/\/www.facecorner.lv\/lv\/wp-json\/wp\/v2\/media?parent=21063"}],"wp:term":[{"taxonomy":"product_brand","embeddable":true,"href":"https:\/\/www.facecorner.lv\/lv\/wp-json\/wp\/v2\/product_brand?post=21063"},{"taxonomy":"product_cat","embeddable":true,"href":"https:\/\/www.facecorner.lv\/lv\/wp-json\/wp\/v2\/product_cat?post=21063"},{"taxonomy":"product_tag","embeddable":true,"href":"https:\/\/www.facecorner.lv\/lv\/wp-json\/wp\/v2\/product_tag?post=21063"},{"taxonomy":"berocket_brand","embeddable":true,"href":"https:\/\/www.facecorner.lv\/lv\/wp-json\/wp\/v2\/berocket_brand?post=21063"}],"curies":[{"name":"wp","href":"https:\/\/api.w.org\/{rel}","templated":true}]}}