{"id":20404,"date":"2024-08-22T10:42:10","date_gmt":"2024-08-22T08:42:10","guid":{"rendered":"https:\/\/www.facecorner.lv\/?post_type=product&#038;p=20404"},"modified":"2026-02-10T23:22:27","modified_gmt":"2026-02-10T20:22:27","slug":"vt-reedle-shot-modeling-pack-25g","status":"publish","type":"product","link":"https:\/\/www.facecorner.lv\/lv\/shop\/vt-reedle-shot-modeling-pack-25g\/","title":{"rendered":"VT REEDLE SHOT MODELING PACK 25g"},"content":{"rendered":"<p><strong>VT REEDLE SHOT MODELING PACK COLLAGEN<\/strong> &#8211; \u00a0\u0160\u012b model\u0113jo\u0161\u0101 sejas maska, kas veidota, izmantojot kaol\u012bna m\u0101lu un glikozi, nodro\u0161ina maigu, bet efekt\u012bvu iedarb\u012bbu, kas piem\u0113rota visiem \u0101das tipiem. T\u0101 nodro\u0161ina nomierino\u0161u un atsvaidzino\u0161u iedarb\u012bbu, padarot \u0101du maigu un atjaunotu.<\/p>\n<p><strong>MODELING PACK \u00a0CICA <\/strong>\u0161\u012b no Amerikas kaol\u012bna m\u0101liem un glikozes veidot\u0101 model\u0113jo\u0161\u0101 sejas maska nodro\u0161ina maigu, bet efekt\u012bvu iedarb\u012bbu, kas piem\u0113rota visiem \u0101das tipiem. T\u0101 nodro\u0161ina nomierino\u0161u un atsvaidzino\u0161u iedarb\u012bbu, padarot \u0101du maigu un atjaunotu. Intens\u012bva \u0101das nomierin\u0101\u0161ana: \u0161\u012b maska, kas bag\u0101tin\u0101ta ar Cica-Reedle un eksosom\u0101m, nodro\u0161ina m\u0113r\u0137tiec\u012bgu intens\u012bvu nomierin\u0101\u0161anu, lai uzlabotu \u0101das strukt\u016bru.<\/p>\n<p><strong>MODELING PACK HYALURONIC\u00a0<\/strong> \u0161\u012b model\u0113jo\u0161\u0101 sejas maska, kas veidota, izmantojot kaol\u012bna m\u0101lus un glikozi, nodro\u0161ina maigu, bet efekt\u012bvu iedarb\u012bbu, kas piem\u0113rota visiem \u0101das tipiem. T\u0101 nodro\u0161ina nomierino\u0161u un atsvaidzino\u0161u iedarb\u012bbu, padarot \u0101du maigu un atjaunotu. Intens\u012bva \u0101das nomierin\u0101\u0161ana: \u0161\u012b maska, kas bag\u0101tin\u0101ta ar Cica-Reedle un eksosom\u0101m, nodro\u0161ina m\u0113r\u0137tiec\u012bgu intens\u012bvu nomierin\u0101\u0161anu, lai uzlabotu \u0101das strukt\u016bru.<\/p>\n<p><strong>MODELING PACK VITAMIN \u00a0<\/strong>\u0161\u012b model\u0113jo\u0161\u0101 sejas maska, kas veidota, izmantojot kaol\u012bna m\u0101lu un glikozi, nodro\u0161ina maigu, bet efekt\u012bvu iedarb\u012bbu, kas piem\u0113rota visiem \u0101das tipiem. T\u0101 nodro\u0161ina nomierino\u0161u un atsvaidzino\u0161u iedarb\u012bbu, padarot \u0101du maigu un atjaunotu. Intens\u012bva \u0101das nomierin\u0101\u0161ana: \u0161\u012b maska, kas bag\u0101tin\u0101ta ar cica-r\u012bkliem un eksosom\u0101m, nodro\u0161ina m\u0113r\u0137tiec\u012bgu intens\u012bvu \u0101das nomierin\u0101\u0161anu, lai uzlabotu \u0101das strukt\u016bru.<\/p>\n<p><strong>Lieto\u0161anas instrukcija:<\/strong>\u00a0 Ar nazi atveriet kr\u016bzes aizsargpap\u012bru. Ar komplekt\u0101 iek\u013cauto m\u0113rl\u0101psti\u0146u pievienojiet apm\u0113ram 6-7 \u0113damkarotes \u016bdens un samaisiet ar l\u0101psti\u0146u. 2. Sajaukto masku vienm\u0113r\u012bgi uzkl\u0101jiet uz \u0101das. 3. P\u0113c aptuveni 10-20 min\u016bt\u0113m no\u0146emiet un noskalojiet atlikumu ar \u016bdeni.<\/p>\n<p>&nbsp;<\/p>\n","protected":false},"excerpt":{"rendered":"<p>VT REEDLE SHOT MODELING PACK COLLAGEN &#8211; \u00a0\u0160\u012b model\u0113jo\u0161\u0101 sejas maska, kas veidota, izmantojot kaol\u012bna m\u0101lu un glikozi, nodro\u0161ina maigu, bet efekt\u012bvu iedarb\u012bbu, kas piem\u0113rota visiem \u0101das tipiem. T\u0101 nodro\u0161ina nomierino\u0161u un atsvaidzino\u0161u iedarb\u012bbu, padarot \u0101du maigu un atjaunotu.<\/p>\n","protected":false},"featured_media":20409,"comment_status":"open","ping_status":"closed","template":"","meta":{"site-sidebar-layout":"default","site-content-layout":"","ast-site-content-layout":"default","site-content-style":"default","site-sidebar-style":"default","ast-global-header-display":"","ast-banner-title-visibility":"","ast-main-header-display":"","ast-hfb-above-header-display":"","ast-hfb-below-header-display":"","ast-hfb-mobile-header-display":"","site-post-title":"","ast-breadcrumbs-content":"","ast-featured-img":"","footer-sml-layout":"","theme-transparent-header-meta":"default","adv-header-id-meta":"","stick-header-meta":"","header-above-stick-meta":"","header-main-stick-meta":"","header-below-stick-meta":"","astra-migrate-meta-layouts":"set","ast-page-background-enabled":"default","ast-page-background-meta":{"desktop":{"background-color":"var(--ast-global-color-4)","background-image":"","background-repeat":"repeat","background-position":"center center","background-size":"auto","background-attachment":"scroll","background-type":"","background-media":"","overlay-type":"","overlay-color":"","overlay-opacity":"","overlay-gradient":""},"tablet":{"background-color":"","background-image":"","background-repeat":"repeat","background-position":"center center","background-size":"auto","background-attachment":"scroll","background-type":"","background-media":"","overlay-type":"","overlay-color":"","overlay-opacity":"","overlay-gradient":""},"mobile":{"background-color":"","background-image":"","background-repeat":"repeat","background-position":"center center","background-size":"auto","background-attachment":"scroll","background-type":"","background-media":"","overlay-type":"","overlay-color":"","overlay-opacity":"","overlay-gradient":""}},"ast-content-background-meta":{"desktop":{"background-color":"var(--ast-global-color-5)","background-image":"","background-repeat":"repeat","background-position":"center center","background-size":"auto","background-attachment":"scroll","background-type":"","background-media":"","overlay-type":"","overlay-color":"","overlay-opacity":"","overlay-gradient":""},"tablet":{"background-color":"var(--ast-global-color-5)","background-image":"","background-repeat":"repeat","background-position":"center center","background-size":"auto","background-attachment":"scroll","background-type":"","background-media":"","overlay-type":"","overlay-color":"","overlay-opacity":"","overlay-gradient":""},"mobile":{"background-color":"var(--ast-global-color-5)","background-image":"","background-repeat":"repeat","background-position":"center center","background-size":"auto","background-attachment":"scroll","background-type":"","background-media":"","overlay-type":"","overlay-color":"","overlay-opacity":"","overlay-gradient":""}}},"product_brand":[],"product_cat":[323,315],"product_tag":[],"berocket_brand":[582],"class_list":{"0":"post-20404","1":"product","2":"type-product","3":"status-publish","4":"has-post-thumbnail","6":"product_cat-alginatu","7":"product_cat-maskas","8":"berocket_brand-vt","9":"desktop-align-left","10":"tablet-align-left","11":"mobile-align-left","13":"first","14":"instock","15":"taxable","16":"shipping-taxable","17":"purchasable","18":"product-type-variable","19":"add-to-wishlist-before_image"},"yoast_head":"<!-- This site is optimized with the Yoast SEO plugin v27.4 - https:\/\/yoast.com\/product\/yoast-seo-wordpress\/ -->\n<title>VT REEDLE SHOT MODELING PACK 25g - FACECORNER<\/title>\n<meta name=\"description\" content=\"VT REEDLE SHOT MODELING PACK COLLAGEN - \u00a0\u0160\u012b model\u0113jo\u0161\u0101 sejas maska, kas veidota nodro\u0161ina nomierino\u0161u un atsvaidzino\u0161u iedarb\u012bbu.\" \/>\n<meta name=\"robots\" content=\"index, follow, max-snippet:-1, max-image-preview:large, max-video-preview:-1\" \/>\n<link rel=\"canonical\" href=\"https:\/\/www.facecorner.lv\/lv\/shop\/vt-reedle-shot-modeling-pack-25g\/\" \/>\n<meta property=\"og:locale\" content=\"lv_LV\" \/>\n<meta property=\"og:type\" content=\"article\" \/>\n<meta property=\"og:title\" content=\"VT REEDLE SHOT MODELING PACK 25g - FACECORNER\" \/>\n<meta property=\"og:description\" content=\"VT REEDLE SHOT MODELING PACK COLLAGEN - \u00a0\u0160\u012b model\u0113jo\u0161\u0101 sejas maska, kas veidota nodro\u0161ina nomierino\u0161u un atsvaidzino\u0161u iedarb\u012bbu.\" \/>\n<meta property=\"og:url\" content=\"https:\/\/www.facecorner.lv\/lv\/shop\/vt-reedle-shot-modeling-pack-25g\/\" \/>\n<meta property=\"og:site_name\" content=\"FACECORNER\" \/>\n<meta property=\"article:publisher\" content=\"https:\/\/www.facebook.com\/profile.php?id=100063824551839\" \/>\n<meta property=\"article:modified_time\" content=\"2026-02-10T20:22:27+00:00\" \/>\n<meta property=\"og:image\" content=\"https:\/\/www.facecorner.lv\/wp-content\/uploads\/2024\/08\/4_39620f3c-6d49-45e1-a503-378d88dbd201_2048x.jpg.webp\" \/>\n\t<meta property=\"og:image:width\" content=\"788\" \/>\n\t<meta property=\"og:image:height\" content=\"788\" \/>\n\t<meta property=\"og:image:type\" content=\"image\/webp\" \/>\n<meta name=\"twitter:card\" content=\"summary_large_image\" \/>\n<meta name=\"twitter:label1\" content=\"Availability\" \/>\n\t<meta name=\"twitter:data1\" content=\"In stock\" \/>\n<script type=\"application\/ld+json\" class=\"yoast-schema-graph\">{\"@context\":\"https:\\\/\\\/schema.org\",\"@graph\":[{\"@type\":\"WebPage\",\"@id\":\"https:\\\/\\\/www.facecorner.lv\\\/shop\\\/vt-reedle-shot-modeling-pack-25g\\\/\",\"url\":\"https:\\\/\\\/www.facecorner.lv\\\/shop\\\/vt-reedle-shot-modeling-pack-25g\\\/\",\"name\":\"VT REEDLE SHOT MODELING PACK 25g - FACECORNER\",\"isPartOf\":{\"@id\":\"https:\\\/\\\/www.facecorner.lv\\\/#website\"},\"primaryImageOfPage\":{\"@id\":\"https:\\\/\\\/www.facecorner.lv\\\/shop\\\/vt-reedle-shot-modeling-pack-25g\\\/#primaryimage\"},\"image\":{\"@id\":\"https:\\\/\\\/www.facecorner.lv\\\/shop\\\/vt-reedle-shot-modeling-pack-25g\\\/#primaryimage\"},\"thumbnailUrl\":\"https:\\\/\\\/www.facecorner.lv\\\/wp-content\\\/uploads\\\/2024\\\/08\\\/4_39620f3c-6d49-45e1-a503-378d88dbd201_2048x.jpg.webp\",\"datePublished\":\"2024-08-22T08:42:10+00:00\",\"dateModified\":\"2026-02-10T20:22:27+00:00\",\"description\":\"VT REEDLE SHOT MODELING PACK COLLAGEN - \u00a0\u0160\u012b model\u0113jo\u0161\u0101 sejas maska, kas veidota nodro\u0161ina nomierino\u0161u un atsvaidzino\u0161u iedarb\u012bbu.\",\"breadcrumb\":{\"@id\":\"https:\\\/\\\/www.facecorner.lv\\\/shop\\\/vt-reedle-shot-modeling-pack-25g\\\/#breadcrumb\"},\"inLanguage\":\"lv-LV\",\"potentialAction\":[{\"@type\":\"ReadAction\",\"target\":[\"https:\\\/\\\/www.facecorner.lv\\\/shop\\\/vt-reedle-shot-modeling-pack-25g\\\/\"]}]},{\"@type\":\"ImageObject\",\"inLanguage\":\"lv-LV\",\"@id\":\"https:\\\/\\\/www.facecorner.lv\\\/shop\\\/vt-reedle-shot-modeling-pack-25g\\\/#primaryimage\",\"url\":\"https:\\\/\\\/www.facecorner.lv\\\/wp-content\\\/uploads\\\/2024\\\/08\\\/4_39620f3c-6d49-45e1-a503-378d88dbd201_2048x.jpg.webp\",\"contentUrl\":\"https:\\\/\\\/www.facecorner.lv\\\/wp-content\\\/uploads\\\/2024\\\/08\\\/4_39620f3c-6d49-45e1-a503-378d88dbd201_2048x.jpg.webp\",\"width\":788,\"height\":788,\"caption\":\"VT REEDLE SHOT MODELING PACK\"},{\"@type\":\"BreadcrumbList\",\"@id\":\"https:\\\/\\\/www.facecorner.lv\\\/shop\\\/vt-reedle-shot-modeling-pack-25g\\\/#breadcrumb\",\"itemListElement\":[{\"@type\":\"ListItem\",\"position\":1,\"name\":\"Home\",\"item\":\"https:\\\/\\\/www.facecorner.lv\\\/\"},{\"@type\":\"ListItem\",\"position\":2,\"name\":\"Veikals\",\"item\":\"https:\\\/\\\/www.facecorner.lv\\\/shop\\\/\"},{\"@type\":\"ListItem\",\"position\":3,\"name\":\"VT REEDLE SHOT MODELING PACK 25g\"}]},{\"@type\":\"WebSite\",\"@id\":\"https:\\\/\\\/www.facecorner.lv\\\/#website\",\"url\":\"https:\\\/\\\/www.facecorner.lv\\\/\",\"name\":\"Facecorner\",\"description\":\"\",\"publisher\":{\"@id\":\"https:\\\/\\\/www.facecorner.lv\\\/#organization\"},\"potentialAction\":[{\"@type\":\"SearchAction\",\"target\":{\"@type\":\"EntryPoint\",\"urlTemplate\":\"https:\\\/\\\/www.facecorner.lv\\\/?s={search_term_string}\"},\"query-input\":{\"@type\":\"PropertyValueSpecification\",\"valueRequired\":true,\"valueName\":\"search_term_string\"}}],\"inLanguage\":\"lv-LV\"},{\"@type\":\"Organization\",\"@id\":\"https:\\\/\\\/www.facecorner.lv\\\/#organization\",\"name\":\"Facecorner\",\"url\":\"https:\\\/\\\/www.facecorner.lv\\\/\",\"logo\":{\"@type\":\"ImageObject\",\"inLanguage\":\"lv-LV\",\"@id\":\"https:\\\/\\\/www.facecorner.lv\\\/#\\\/schema\\\/logo\\\/image\\\/\",\"url\":\"https:\\\/\\\/www.facecorner.lv\\\/wp-content\\\/uploads\\\/2024\\\/04\\\/fc-logo.jpg\",\"contentUrl\":\"https:\\\/\\\/www.facecorner.lv\\\/wp-content\\\/uploads\\\/2024\\\/04\\\/fc-logo.jpg\",\"width\":174,\"height\":28,\"caption\":\"Facecorner\"},\"image\":{\"@id\":\"https:\\\/\\\/www.facecorner.lv\\\/#\\\/schema\\\/logo\\\/image\\\/\"},\"sameAs\":[\"https:\\\/\\\/www.facebook.com\\\/profile.php?id=100063824551839\",\"https:\\\/\\\/www.instagram.com\\\/facecorner_shop\\\/\"]}]}<\/script>\n<meta property=\"og:availability\" content=\"instock\" \/>\n<meta property=\"product:availability\" content=\"instock\" \/>\n<meta property=\"product:condition\" content=\"new\" \/>\n<!-- \/ Yoast SEO plugin. -->","yoast_head_json":{"title":"VT REEDLE SHOT MODELING PACK 25g - FACECORNER","description":"VT REEDLE SHOT MODELING PACK COLLAGEN - \u00a0\u0160\u012b model\u0113jo\u0161\u0101 sejas maska, kas veidota nodro\u0161ina nomierino\u0161u un atsvaidzino\u0161u iedarb\u012bbu.","robots":{"index":"index","follow":"follow","max-snippet":"max-snippet:-1","max-image-preview":"max-image-preview:large","max-video-preview":"max-video-preview:-1"},"canonical":"https:\/\/www.facecorner.lv\/lv\/shop\/vt-reedle-shot-modeling-pack-25g\/","og_locale":"lv_LV","og_type":"article","og_title":"VT REEDLE SHOT MODELING PACK 25g - FACECORNER","og_description":"VT REEDLE SHOT MODELING PACK COLLAGEN - \u00a0\u0160\u012b model\u0113jo\u0161\u0101 sejas maska, kas veidota nodro\u0161ina nomierino\u0161u un atsvaidzino\u0161u iedarb\u012bbu.","og_url":"https:\/\/www.facecorner.lv\/lv\/shop\/vt-reedle-shot-modeling-pack-25g\/","og_site_name":"FACECORNER","article_publisher":"https:\/\/www.facebook.com\/profile.php?id=100063824551839","article_modified_time":"2026-02-10T20:22:27+00:00","og_image":[{"width":788,"height":788,"url":"https:\/\/www.facecorner.lv\/wp-content\/uploads\/2024\/08\/4_39620f3c-6d49-45e1-a503-378d88dbd201_2048x.jpg.webp","type":"image\/webp"}],"twitter_card":"summary_large_image","twitter_misc":{"Availability":"In stock"},"schema":{"@context":"https:\/\/schema.org","@graph":[{"@type":"WebPage","@id":"https:\/\/www.facecorner.lv\/shop\/vt-reedle-shot-modeling-pack-25g\/","url":"https:\/\/www.facecorner.lv\/shop\/vt-reedle-shot-modeling-pack-25g\/","name":"VT REEDLE SHOT MODELING PACK 25g - FACECORNER","isPartOf":{"@id":"https:\/\/www.facecorner.lv\/#website"},"primaryImageOfPage":{"@id":"https:\/\/www.facecorner.lv\/shop\/vt-reedle-shot-modeling-pack-25g\/#primaryimage"},"image":{"@id":"https:\/\/www.facecorner.lv\/shop\/vt-reedle-shot-modeling-pack-25g\/#primaryimage"},"thumbnailUrl":"https:\/\/www.facecorner.lv\/wp-content\/uploads\/2024\/08\/4_39620f3c-6d49-45e1-a503-378d88dbd201_2048x.jpg.webp","datePublished":"2024-08-22T08:42:10+00:00","dateModified":"2026-02-10T20:22:27+00:00","description":"VT REEDLE SHOT MODELING PACK COLLAGEN - \u00a0\u0160\u012b model\u0113jo\u0161\u0101 sejas maska, kas veidota nodro\u0161ina nomierino\u0161u un atsvaidzino\u0161u iedarb\u012bbu.","breadcrumb":{"@id":"https:\/\/www.facecorner.lv\/shop\/vt-reedle-shot-modeling-pack-25g\/#breadcrumb"},"inLanguage":"lv-LV","potentialAction":[{"@type":"ReadAction","target":["https:\/\/www.facecorner.lv\/shop\/vt-reedle-shot-modeling-pack-25g\/"]}]},{"@type":"ImageObject","inLanguage":"lv-LV","@id":"https:\/\/www.facecorner.lv\/shop\/vt-reedle-shot-modeling-pack-25g\/#primaryimage","url":"https:\/\/www.facecorner.lv\/wp-content\/uploads\/2024\/08\/4_39620f3c-6d49-45e1-a503-378d88dbd201_2048x.jpg.webp","contentUrl":"https:\/\/www.facecorner.lv\/wp-content\/uploads\/2024\/08\/4_39620f3c-6d49-45e1-a503-378d88dbd201_2048x.jpg.webp","width":788,"height":788,"caption":"VT REEDLE SHOT MODELING PACK"},{"@type":"BreadcrumbList","@id":"https:\/\/www.facecorner.lv\/shop\/vt-reedle-shot-modeling-pack-25g\/#breadcrumb","itemListElement":[{"@type":"ListItem","position":1,"name":"Home","item":"https:\/\/www.facecorner.lv\/"},{"@type":"ListItem","position":2,"name":"Veikals","item":"https:\/\/www.facecorner.lv\/shop\/"},{"@type":"ListItem","position":3,"name":"VT REEDLE SHOT MODELING PACK 25g"}]},{"@type":"WebSite","@id":"https:\/\/www.facecorner.lv\/#website","url":"https:\/\/www.facecorner.lv\/","name":"Facecorner","description":"","publisher":{"@id":"https:\/\/www.facecorner.lv\/#organization"},"potentialAction":[{"@type":"SearchAction","target":{"@type":"EntryPoint","urlTemplate":"https:\/\/www.facecorner.lv\/?s={search_term_string}"},"query-input":{"@type":"PropertyValueSpecification","valueRequired":true,"valueName":"search_term_string"}}],"inLanguage":"lv-LV"},{"@type":"Organization","@id":"https:\/\/www.facecorner.lv\/#organization","name":"Facecorner","url":"https:\/\/www.facecorner.lv\/","logo":{"@type":"ImageObject","inLanguage":"lv-LV","@id":"https:\/\/www.facecorner.lv\/#\/schema\/logo\/image\/","url":"https:\/\/www.facecorner.lv\/wp-content\/uploads\/2024\/04\/fc-logo.jpg","contentUrl":"https:\/\/www.facecorner.lv\/wp-content\/uploads\/2024\/04\/fc-logo.jpg","width":174,"height":28,"caption":"Facecorner"},"image":{"@id":"https:\/\/www.facecorner.lv\/#\/schema\/logo\/image\/"},"sameAs":["https:\/\/www.facebook.com\/profile.php?id=100063824551839","https:\/\/www.instagram.com\/facecorner_shop\/"]}]},"og_availability":"instock","product_availability":"instock","product_condition":"new"},"_links":{"self":[{"href":"https:\/\/www.facecorner.lv\/lv\/wp-json\/wp\/v2\/product\/20404","targetHints":{"allow":["GET"]}}],"collection":[{"href":"https:\/\/www.facecorner.lv\/lv\/wp-json\/wp\/v2\/product"}],"about":[{"href":"https:\/\/www.facecorner.lv\/lv\/wp-json\/wp\/v2\/types\/product"}],"replies":[{"embeddable":true,"href":"https:\/\/www.facecorner.lv\/lv\/wp-json\/wp\/v2\/comments?post=20404"}],"wp:featuredmedia":[{"embeddable":true,"href":"https:\/\/www.facecorner.lv\/lv\/wp-json\/wp\/v2\/media\/20409"}],"wp:attachment":[{"href":"https:\/\/www.facecorner.lv\/lv\/wp-json\/wp\/v2\/media?parent=20404"}],"wp:term":[{"taxonomy":"product_brand","embeddable":true,"href":"https:\/\/www.facecorner.lv\/lv\/wp-json\/wp\/v2\/product_brand?post=20404"},{"taxonomy":"product_cat","embeddable":true,"href":"https:\/\/www.facecorner.lv\/lv\/wp-json\/wp\/v2\/product_cat?post=20404"},{"taxonomy":"product_tag","embeddable":true,"href":"https:\/\/www.facecorner.lv\/lv\/wp-json\/wp\/v2\/product_tag?post=20404"},{"taxonomy":"berocket_brand","embeddable":true,"href":"https:\/\/www.facecorner.lv\/lv\/wp-json\/wp\/v2\/berocket_brand?post=20404"}],"curies":[{"name":"wp","href":"https:\/\/api.w.org\/{rel}","templated":true}]}}