{"id":20350,"date":"2024-08-14T14:44:40","date_gmt":"2024-08-14T12:44:40","guid":{"rendered":"https:\/\/www.facecorner.lv\/?post_type=product&#038;p=20350"},"modified":"2025-02-18T15:26:53","modified_gmt":"2025-02-18T12:26:53","slug":"anua-7-rice-ceramide-hydrating-barrier-serum-50ml","status":"publish","type":"product","link":"https:\/\/www.facecorner.lv\/lv\/shop\/anua-7-rice-ceramide-hydrating-barrier-serum-50ml\/","title":{"rendered":"ANUA 7 Rice Ceramide Hydrating Barrier Serum 50ml"},"content":{"rendered":"<p>ANUA 7 Rice Ceramide Hydrating Barrier Serum barojo\u0161s aizsargbarjeras serums ar r\u012bsu ekstraktu un keram\u012bdiem.<\/p>\n<ul>\n<li>Atjauno un stiprina \u0101das aizsargbarjeras funkciju, aizsarg\u0101jot to no \u0101r\u0113j\u0101s iedarb\u012bbas un nov\u0113r\u0161ot mitruma zudumu.<\/li>\n<li>Dzi\u013ci baro, mitrina un m\u012bkstina \u0101du, pies\u0101tina to ar mitrumu, nov\u0113r\u0161 sausumu, sasprindzin\u0101jumu un lob\u012b\u0161anos, nov\u0113r\u0161ot to ra\u0161anos.<\/li>\n<li>Pal\u012bdz izl\u012bdzin\u0101t \u0101das toni, nov\u0113r\u0161 hiperpigment\u0101ciju, pie\u0161\u0137ir \u0101dai vesel\u012bgu iek\u0161\u0113jo mirdzumu un pal\u012bdz rad\u012bt Glass Skin efektu.<\/li>\n<\/ul>\n<p><strong>Galven\u0101s sast\u0101vda\u013cas: <\/strong><\/p>\n<ul>\n<li>R\u012bsu olbaltumvielu, hidrolatu un ekstraktu komplekss dzi\u013ci baro, pal\u012bdz izl\u012bdzin\u0101t \u0101das toni un pie\u0161\u0137ir tai vesel\u012bgu mirdzumu.<\/li>\n<li>Niacinam\u012bds pal\u012bdz izl\u012bdzin\u0101t \u0101das toni, tam piem\u012bt maiga izgaismojo\u0161a iedarb\u012bba un tas nov\u0113r\u0161 hiperpigment\u0101ciju.<\/li>\n<li>Ceram\u012bdi akt\u012bvi atjauno un stiprina aizsargbarjeru, aizsarg\u0101 pret negat\u012bvo vides ietekmi, nov\u0113r\u0161 transepiderm\u0101lo mitruma zudumu.<\/li>\n<li>Hialuronsk\u0101be dzi\u013ci mitrina \u0101du, saglab\u0101jot mitrumu t\u0101s iek\u0161ien\u0113, nov\u0113r\u0161 dehidrat\u0101ciju un sausumu, pal\u012bdz saglab\u0101t \u0101das gludumu un elast\u012bbu.<\/li>\n<li>Pantenols iedarbojas nomierino\u0161i un atjaunojo\u0161i, mazina aps\u0101rtumu un kairin\u0101jumu, samazina \u0101das jut\u012bgumu.<\/li>\n<li>E vitam\u012bnam piem\u012bt sp\u0113c\u012bga antioksidanta iedarb\u012bba, kas nov\u0113r\u0161 ar vecumu saist\u012btas izmai\u0146as un aizsarg\u0101 \u0101du no br\u012bvajiem radik\u0101\u013ciem.<\/li>\n<li>Lotosa ekstraktam piem\u012bt mitrino\u0161a un m\u012bkstino\u0161a iedarb\u012bba, tas aizsarg\u0101 \u0101du no br\u012bvajiem radik\u0101\u013ciem, kas izraisa \u0101das noveco\u0161anos, un nov\u0113r\u0161 oksid\u0101cijas procesus. Nov\u0113r\u0161 melan\u012bnu ra\u017eojo\u0161\u0101s tirozin\u0101zes aktivit\u0101ti un mazina pigment\u0101ciju.<\/li>\n<li>Adenoz\u012bnam piem\u012bt dzi\u013ca mitrino\u0161a un atjaunojo\u0161a iedarb\u012bba, tas stimul\u0113 kolag\u0113na veido\u0161anos.<\/li>\n<li>Arbut\u012bnam piem\u012bt sp\u0113c\u012bga izgaismojo\u0161a iedarb\u012bba, tas akt\u012bvi iedarbojas uz vecuma plankumiem un nevienm\u0113r\u012bgu \u0101das toni.<\/li>\n<li>Medus ekstraktam ir nomierino\u0161a, antibakteri\u0101la un pretiekaisuma iedarb\u012bba.<\/li>\n<\/ul>\n<p><strong>Lieto\u0161\u0101na:<\/strong> Uzkl\u0101jiet vajadz\u012bgo produkta daudzumu uz att\u012br\u012btas un toniz\u0113tas sejas \u0101das, izklied\u0113jiet, l\u012bdz piln\u012bb\u0101 ies\u016bcas, p\u0113c tam nostipriniet kop\u0161anu ar kr\u0113mu.<\/p>\n<p><strong>S\u0101stavs<\/strong>: Oryza Sativa (Rice) Bran Water, 1,2-Hexanediol, Oryza Sativa (Rice) Extract, Dipropylene Glycol , Glycerin, Methylpropanediol , Butylene Glycol, Methyl Gluceth-10 , Niacinamide , Water, Hydroxyethyl Urea, Glycerin, Water, Caprylic\/Capric Triglyceride, Hydrogenated Lecithin, Ceramide NP, Panthenol, Water, Water, Polyquatemium-51, 1,2-Hexanediol , Water, 1,2-Hexanediol, Sodium Hyaluronate, Ethylhexylglycerin, Tocopherol, Water, Butylene Glycol, 1,2-Hexanediol, Corchorus Olitorius Leaf Extract , Nelumbo Nucifera Root Extract , Hibiscus Esculentus Fruit Extract , Dioscorea Japonica Root Extract, Angelica Keiskei Extract, 1,2-Hexanediol, Pentylene Glycol, Water, Glycerin, 1,2-Hexanediol, Beta-Glucan, Sodium Polyacrylate, Water, Carbomer, Ethylhexylglycerin, Tocopherol, Adenosine, Allantoin, Sodium Phytate, Xanthan Gum, Alpha-Arbutin, Water, Butylene Glycol, 1,2-Hexanediol, Oryza Sativa (Rice) Extract, Water, Butylene Glycol, 1,2-Hexanediol, Dipropylene Glycol, Oryza Sativa (Rice) Extract, Hydrolyzed Rice Protein, Oryza Sativa (Rice) Seed Protein, Ceramide NP, Water, Butylene Glycol, 1,2-Hexanediol, Defatted Rice Bran Extract, Arbutin, Water, Butylene Glycol, 1,2-Hexanediol , Honey Extract, Water, Butylene Glycol , 1,2-Hexanediol , Hyaluronic Acid, Ethylhexylglycerin, Hydrolyzed Hyaluronic Acid , Sodium Hyaluronate, Zinc Stearate, Oryza Sativa (Rice) Bran, Defatted Rice Bran<\/p>\n","protected":false},"excerpt":{"rendered":"<p>ANUA 7 Rice Ceramide Hydrating Barrier Serum barojo\u0161s aizsargbarjeras serums ar r\u012bsu ekstraktu un keram\u012bdiem.<\/p>\n","protected":false},"featured_media":20351,"comment_status":"closed","ping_status":"closed","template":"","meta":{"site-sidebar-layout":"default","site-content-layout":"","ast-site-content-layout":"","site-content-style":"default","site-sidebar-style":"default","ast-global-header-display":"","ast-banner-title-visibility":"","ast-main-header-display":"","ast-hfb-above-header-display":"","ast-hfb-below-header-display":"","ast-hfb-mobile-header-display":"","site-post-title":"","ast-breadcrumbs-content":"","ast-featured-img":"","footer-sml-layout":"","theme-transparent-header-meta":"","adv-header-id-meta":"","stick-header-meta":"","header-above-stick-meta":"","header-main-stick-meta":"","header-below-stick-meta":"","astra-migrate-meta-layouts":"default","ast-page-background-enabled":"default","ast-page-background-meta":{"desktop":{"background-color":"var(--ast-global-color-4)","background-image":"","background-repeat":"repeat","background-position":"center center","background-size":"auto","background-attachment":"scroll","background-type":"","background-media":"","overlay-type":"","overlay-color":"","overlay-opacity":"","overlay-gradient":""},"tablet":{"background-color":"","background-image":"","background-repeat":"repeat","background-position":"center center","background-size":"auto","background-attachment":"scroll","background-type":"","background-media":"","overlay-type":"","overlay-color":"","overlay-opacity":"","overlay-gradient":""},"mobile":{"background-color":"","background-image":"","background-repeat":"repeat","background-position":"center center","background-size":"auto","background-attachment":"scroll","background-type":"","background-media":"","overlay-type":"","overlay-color":"","overlay-opacity":"","overlay-gradient":""}},"ast-content-background-meta":{"desktop":{"background-color":"var(--ast-global-color-5)","background-image":"","background-repeat":"repeat","background-position":"center center","background-size":"auto","background-attachment":"scroll","background-type":"","background-media":"","overlay-type":"","overlay-color":"","overlay-opacity":"","overlay-gradient":""},"tablet":{"background-color":"var(--ast-global-color-5)","background-image":"","background-repeat":"repeat","background-position":"center center","background-size":"auto","background-attachment":"scroll","background-type":"","background-media":"","overlay-type":"","overlay-color":"","overlay-opacity":"","overlay-gradient":""},"mobile":{"background-color":"var(--ast-global-color-5)","background-image":"","background-repeat":"repeat","background-position":"center center","background-size":"auto","background-attachment":"scroll","background-type":"","background-media":"","overlay-type":"","overlay-color":"","overlay-opacity":"","overlay-gradient":""}}},"product_brand":[],"product_cat":[370,371,363],"product_tag":[],"berocket_brand":[575],"class_list":{"0":"post-20350","1":"product","2":"type-product","3":"status-publish","4":"has-post-thumbnail","6":"product_cat-adas-mirdzumam","7":"product_cat-anti-age","8":"product_cat-serumi","9":"berocket_brand-anua","10":"desktop-align-left","11":"tablet-align-left","12":"mobile-align-left","14":"first","15":"outofstock","16":"taxable","17":"shipping-taxable","18":"purchasable","19":"product-type-simple","20":"add-to-wishlist-before_image"},"yoast_head":"<!-- This site is optimized with the Yoast SEO plugin v27.4 - https:\/\/yoast.com\/product\/yoast-seo-wordpress\/ -->\n<title>ANUA 7 Rice Ceramide Hydrating Barrier Serum 50ml - FACECORNER<\/title>\n<meta name=\"description\" content=\"ANUA 7 Rice Ceramide Hydrating Barrier Serum barojo\u0161s aizsargbarjeras serums ar r\u012bsu ekstraktu un keram\u012bdiem, stiprina \u0101das aizsargbarjeras funkciju\" \/>\n<meta name=\"robots\" content=\"index, follow, max-snippet:-1, max-image-preview:large, max-video-preview:-1\" \/>\n<link rel=\"canonical\" href=\"https:\/\/www.facecorner.lv\/lv\/shop\/anua-7-rice-ceramide-hydrating-barrier-serum-50ml\/\" \/>\n<meta property=\"og:locale\" content=\"lv_LV\" \/>\n<meta property=\"og:type\" content=\"article\" \/>\n<meta property=\"og:title\" content=\"ANUA 7 Rice Ceramide Hydrating Barrier Serum 50ml - FACECORNER\" \/>\n<meta property=\"og:description\" content=\"ANUA 7 Rice Ceramide Hydrating Barrier Serum barojo\u0161s aizsargbarjeras serums ar r\u012bsu ekstraktu un keram\u012bdiem, stiprina \u0101das aizsargbarjeras funkciju\" \/>\n<meta property=\"og:url\" content=\"https:\/\/www.facecorner.lv\/lv\/shop\/anua-7-rice-ceramide-hydrating-barrier-serum-50ml\/\" \/>\n<meta property=\"og:site_name\" content=\"FACECORNER\" \/>\n<meta property=\"article:publisher\" content=\"https:\/\/www.facebook.com\/profile.php?id=100063824551839\" \/>\n<meta property=\"article:modified_time\" content=\"2025-02-18T12:26:53+00:00\" \/>\n<meta property=\"og:image\" content=\"https:\/\/www.facecorner.lv\/wp-content\/uploads\/2024\/08\/41b3XamFfoL.jpg\" \/>\n\t<meta property=\"og:image:width\" content=\"1000\" \/>\n\t<meta property=\"og:image:height\" content=\"1000\" \/>\n\t<meta property=\"og:image:type\" content=\"image\/jpeg\" \/>\n<meta name=\"twitter:card\" content=\"summary_large_image\" \/>\n<meta name=\"twitter:label1\" content=\"Price\" \/>\n\t<meta name=\"twitter:data1\" content=\"&euro;37.85\" \/>\n\t<meta name=\"twitter:label2\" content=\"Availability\" \/>\n\t<meta name=\"twitter:data2\" content=\"Out of stock\" \/>\n<script type=\"application\/ld+json\" class=\"yoast-schema-graph\">{\"@context\":\"https:\\\/\\\/schema.org\",\"@graph\":[{\"@type\":\"WebPage\",\"@id\":\"https:\\\/\\\/www.facecorner.lv\\\/shop\\\/anua-7-rice-ceramide-hydrating-barrier-serum-50ml\\\/\",\"url\":\"https:\\\/\\\/www.facecorner.lv\\\/shop\\\/anua-7-rice-ceramide-hydrating-barrier-serum-50ml\\\/\",\"name\":\"ANUA 7 Rice Ceramide Hydrating Barrier Serum 50ml - FACECORNER\",\"isPartOf\":{\"@id\":\"https:\\\/\\\/www.facecorner.lv\\\/#website\"},\"primaryImageOfPage\":{\"@id\":\"https:\\\/\\\/www.facecorner.lv\\\/shop\\\/anua-7-rice-ceramide-hydrating-barrier-serum-50ml\\\/#primaryimage\"},\"image\":{\"@id\":\"https:\\\/\\\/www.facecorner.lv\\\/shop\\\/anua-7-rice-ceramide-hydrating-barrier-serum-50ml\\\/#primaryimage\"},\"thumbnailUrl\":\"https:\\\/\\\/www.facecorner.lv\\\/wp-content\\\/uploads\\\/2024\\\/08\\\/41b3XamFfoL.jpg\",\"datePublished\":\"2024-08-14T12:44:40+00:00\",\"dateModified\":\"2025-02-18T12:26:53+00:00\",\"description\":\"ANUA 7 Rice Ceramide Hydrating Barrier Serum barojo\u0161s aizsargbarjeras serums ar r\u012bsu ekstraktu un keram\u012bdiem, stiprina \u0101das aizsargbarjeras funkciju\",\"breadcrumb\":{\"@id\":\"https:\\\/\\\/www.facecorner.lv\\\/shop\\\/anua-7-rice-ceramide-hydrating-barrier-serum-50ml\\\/#breadcrumb\"},\"inLanguage\":\"lv-LV\",\"potentialAction\":[{\"@type\":\"ReadAction\",\"target\":[\"https:\\\/\\\/www.facecorner.lv\\\/shop\\\/anua-7-rice-ceramide-hydrating-barrier-serum-50ml\\\/\"]}]},{\"@type\":\"ImageObject\",\"inLanguage\":\"lv-LV\",\"@id\":\"https:\\\/\\\/www.facecorner.lv\\\/shop\\\/anua-7-rice-ceramide-hydrating-barrier-serum-50ml\\\/#primaryimage\",\"url\":\"https:\\\/\\\/www.facecorner.lv\\\/wp-content\\\/uploads\\\/2024\\\/08\\\/41b3XamFfoL.jpg\",\"contentUrl\":\"https:\\\/\\\/www.facecorner.lv\\\/wp-content\\\/uploads\\\/2024\\\/08\\\/41b3XamFfoL.jpg\",\"width\":1000,\"height\":1000,\"caption\":\"Version 1.0.0\"},{\"@type\":\"BreadcrumbList\",\"@id\":\"https:\\\/\\\/www.facecorner.lv\\\/shop\\\/anua-7-rice-ceramide-hydrating-barrier-serum-50ml\\\/#breadcrumb\",\"itemListElement\":[{\"@type\":\"ListItem\",\"position\":1,\"name\":\"Home\",\"item\":\"https:\\\/\\\/www.facecorner.lv\\\/\"},{\"@type\":\"ListItem\",\"position\":2,\"name\":\"Veikals\",\"item\":\"https:\\\/\\\/www.facecorner.lv\\\/shop\\\/\"},{\"@type\":\"ListItem\",\"position\":3,\"name\":\"ANUA 7 Rice Ceramide Hydrating Barrier Serum 50ml\"}]},{\"@type\":\"WebSite\",\"@id\":\"https:\\\/\\\/www.facecorner.lv\\\/#website\",\"url\":\"https:\\\/\\\/www.facecorner.lv\\\/\",\"name\":\"Facecorner\",\"description\":\"\",\"publisher\":{\"@id\":\"https:\\\/\\\/www.facecorner.lv\\\/#organization\"},\"potentialAction\":[{\"@type\":\"SearchAction\",\"target\":{\"@type\":\"EntryPoint\",\"urlTemplate\":\"https:\\\/\\\/www.facecorner.lv\\\/?s={search_term_string}\"},\"query-input\":{\"@type\":\"PropertyValueSpecification\",\"valueRequired\":true,\"valueName\":\"search_term_string\"}}],\"inLanguage\":\"lv-LV\"},{\"@type\":\"Organization\",\"@id\":\"https:\\\/\\\/www.facecorner.lv\\\/#organization\",\"name\":\"Facecorner\",\"url\":\"https:\\\/\\\/www.facecorner.lv\\\/\",\"logo\":{\"@type\":\"ImageObject\",\"inLanguage\":\"lv-LV\",\"@id\":\"https:\\\/\\\/www.facecorner.lv\\\/#\\\/schema\\\/logo\\\/image\\\/\",\"url\":\"https:\\\/\\\/www.facecorner.lv\\\/wp-content\\\/uploads\\\/2024\\\/04\\\/fc-logo.jpg\",\"contentUrl\":\"https:\\\/\\\/www.facecorner.lv\\\/wp-content\\\/uploads\\\/2024\\\/04\\\/fc-logo.jpg\",\"width\":174,\"height\":28,\"caption\":\"Facecorner\"},\"image\":{\"@id\":\"https:\\\/\\\/www.facecorner.lv\\\/#\\\/schema\\\/logo\\\/image\\\/\"},\"sameAs\":[\"https:\\\/\\\/www.facebook.com\\\/profile.php?id=100063824551839\",\"https:\\\/\\\/www.instagram.com\\\/facecorner_shop\\\/\"]}]}<\/script>\n<meta property=\"product:price:amount\" content=\"37.85\" \/>\n<meta property=\"product:price:currency\" content=\"EUR\" \/>\n<meta property=\"og:availability\" content=\"out of stock\" \/>\n<meta property=\"product:availability\" content=\"out of stock\" \/>\n<meta property=\"product:condition\" content=\"new\" \/>\n<!-- \/ Yoast SEO plugin. -->","yoast_head_json":{"title":"ANUA 7 Rice Ceramide Hydrating Barrier Serum 50ml - FACECORNER","description":"ANUA 7 Rice Ceramide Hydrating Barrier Serum barojo\u0161s aizsargbarjeras serums ar r\u012bsu ekstraktu un keram\u012bdiem, stiprina \u0101das aizsargbarjeras funkciju","robots":{"index":"index","follow":"follow","max-snippet":"max-snippet:-1","max-image-preview":"max-image-preview:large","max-video-preview":"max-video-preview:-1"},"canonical":"https:\/\/www.facecorner.lv\/lv\/shop\/anua-7-rice-ceramide-hydrating-barrier-serum-50ml\/","og_locale":"lv_LV","og_type":"article","og_title":"ANUA 7 Rice Ceramide Hydrating Barrier Serum 50ml - FACECORNER","og_description":"ANUA 7 Rice Ceramide Hydrating Barrier Serum barojo\u0161s aizsargbarjeras serums ar r\u012bsu ekstraktu un keram\u012bdiem, stiprina \u0101das aizsargbarjeras funkciju","og_url":"https:\/\/www.facecorner.lv\/lv\/shop\/anua-7-rice-ceramide-hydrating-barrier-serum-50ml\/","og_site_name":"FACECORNER","article_publisher":"https:\/\/www.facebook.com\/profile.php?id=100063824551839","article_modified_time":"2025-02-18T12:26:53+00:00","og_image":[{"width":1000,"height":1000,"url":"https:\/\/www.facecorner.lv\/wp-content\/uploads\/2024\/08\/41b3XamFfoL.jpg","type":"image\/jpeg"}],"twitter_card":"summary_large_image","twitter_misc":{"Price":"&euro;37.85","Availability":"Out of stock"},"schema":{"@context":"https:\/\/schema.org","@graph":[{"@type":"WebPage","@id":"https:\/\/www.facecorner.lv\/shop\/anua-7-rice-ceramide-hydrating-barrier-serum-50ml\/","url":"https:\/\/www.facecorner.lv\/shop\/anua-7-rice-ceramide-hydrating-barrier-serum-50ml\/","name":"ANUA 7 Rice Ceramide Hydrating Barrier Serum 50ml - FACECORNER","isPartOf":{"@id":"https:\/\/www.facecorner.lv\/#website"},"primaryImageOfPage":{"@id":"https:\/\/www.facecorner.lv\/shop\/anua-7-rice-ceramide-hydrating-barrier-serum-50ml\/#primaryimage"},"image":{"@id":"https:\/\/www.facecorner.lv\/shop\/anua-7-rice-ceramide-hydrating-barrier-serum-50ml\/#primaryimage"},"thumbnailUrl":"https:\/\/www.facecorner.lv\/wp-content\/uploads\/2024\/08\/41b3XamFfoL.jpg","datePublished":"2024-08-14T12:44:40+00:00","dateModified":"2025-02-18T12:26:53+00:00","description":"ANUA 7 Rice Ceramide Hydrating Barrier Serum barojo\u0161s aizsargbarjeras serums ar r\u012bsu ekstraktu un keram\u012bdiem, stiprina \u0101das aizsargbarjeras funkciju","breadcrumb":{"@id":"https:\/\/www.facecorner.lv\/shop\/anua-7-rice-ceramide-hydrating-barrier-serum-50ml\/#breadcrumb"},"inLanguage":"lv-LV","potentialAction":[{"@type":"ReadAction","target":["https:\/\/www.facecorner.lv\/shop\/anua-7-rice-ceramide-hydrating-barrier-serum-50ml\/"]}]},{"@type":"ImageObject","inLanguage":"lv-LV","@id":"https:\/\/www.facecorner.lv\/shop\/anua-7-rice-ceramide-hydrating-barrier-serum-50ml\/#primaryimage","url":"https:\/\/www.facecorner.lv\/wp-content\/uploads\/2024\/08\/41b3XamFfoL.jpg","contentUrl":"https:\/\/www.facecorner.lv\/wp-content\/uploads\/2024\/08\/41b3XamFfoL.jpg","width":1000,"height":1000,"caption":"Version 1.0.0"},{"@type":"BreadcrumbList","@id":"https:\/\/www.facecorner.lv\/shop\/anua-7-rice-ceramide-hydrating-barrier-serum-50ml\/#breadcrumb","itemListElement":[{"@type":"ListItem","position":1,"name":"Home","item":"https:\/\/www.facecorner.lv\/"},{"@type":"ListItem","position":2,"name":"Veikals","item":"https:\/\/www.facecorner.lv\/shop\/"},{"@type":"ListItem","position":3,"name":"ANUA 7 Rice Ceramide Hydrating Barrier Serum 50ml"}]},{"@type":"WebSite","@id":"https:\/\/www.facecorner.lv\/#website","url":"https:\/\/www.facecorner.lv\/","name":"Facecorner","description":"","publisher":{"@id":"https:\/\/www.facecorner.lv\/#organization"},"potentialAction":[{"@type":"SearchAction","target":{"@type":"EntryPoint","urlTemplate":"https:\/\/www.facecorner.lv\/?s={search_term_string}"},"query-input":{"@type":"PropertyValueSpecification","valueRequired":true,"valueName":"search_term_string"}}],"inLanguage":"lv-LV"},{"@type":"Organization","@id":"https:\/\/www.facecorner.lv\/#organization","name":"Facecorner","url":"https:\/\/www.facecorner.lv\/","logo":{"@type":"ImageObject","inLanguage":"lv-LV","@id":"https:\/\/www.facecorner.lv\/#\/schema\/logo\/image\/","url":"https:\/\/www.facecorner.lv\/wp-content\/uploads\/2024\/04\/fc-logo.jpg","contentUrl":"https:\/\/www.facecorner.lv\/wp-content\/uploads\/2024\/04\/fc-logo.jpg","width":174,"height":28,"caption":"Facecorner"},"image":{"@id":"https:\/\/www.facecorner.lv\/#\/schema\/logo\/image\/"},"sameAs":["https:\/\/www.facebook.com\/profile.php?id=100063824551839","https:\/\/www.instagram.com\/facecorner_shop\/"]}]},"product_price_amount":"37.85","product_price_currency":"EUR","og_availability":"out of stock","product_availability":"out of stock","product_condition":"new"},"_links":{"self":[{"href":"https:\/\/www.facecorner.lv\/lv\/wp-json\/wp\/v2\/product\/20350","targetHints":{"allow":["GET"]}}],"collection":[{"href":"https:\/\/www.facecorner.lv\/lv\/wp-json\/wp\/v2\/product"}],"about":[{"href":"https:\/\/www.facecorner.lv\/lv\/wp-json\/wp\/v2\/types\/product"}],"replies":[{"embeddable":true,"href":"https:\/\/www.facecorner.lv\/lv\/wp-json\/wp\/v2\/comments?post=20350"}],"wp:featuredmedia":[{"embeddable":true,"href":"https:\/\/www.facecorner.lv\/lv\/wp-json\/wp\/v2\/media\/20351"}],"wp:attachment":[{"href":"https:\/\/www.facecorner.lv\/lv\/wp-json\/wp\/v2\/media?parent=20350"}],"wp:term":[{"taxonomy":"product_brand","embeddable":true,"href":"https:\/\/www.facecorner.lv\/lv\/wp-json\/wp\/v2\/product_brand?post=20350"},{"taxonomy":"product_cat","embeddable":true,"href":"https:\/\/www.facecorner.lv\/lv\/wp-json\/wp\/v2\/product_cat?post=20350"},{"taxonomy":"product_tag","embeddable":true,"href":"https:\/\/www.facecorner.lv\/lv\/wp-json\/wp\/v2\/product_tag?post=20350"},{"taxonomy":"berocket_brand","embeddable":true,"href":"https:\/\/www.facecorner.lv\/lv\/wp-json\/wp\/v2\/berocket_brand?post=20350"}],"curies":[{"name":"wp","href":"https:\/\/api.w.org\/{rel}","templated":true}]}}