{"id":20326,"date":"2024-08-12T20:54:44","date_gmt":"2024-08-12T18:54:44","guid":{"rendered":"https:\/\/www.facecorner.lv\/?post_type=product&#038;p=20326"},"modified":"2026-02-08T18:54:14","modified_gmt":"2026-02-08T15:54:14","slug":"anua-rice-enzyme-brightening-cleansing-powder-40g","status":"publish","type":"product","link":"https:\/\/www.facecorner.lv\/lv\/shop\/anua-rice-enzyme-brightening-cleansing-powder-40g\/","title":{"rendered":"ANUA Rice Enzyme Brightening Cleansing Powder 40g"},"content":{"rendered":"<p>ANUA Rice Enzyme Brightening Cleansing Powder \u00a0ar r\u012bsu ekstraktu nodro\u0161ina dzi\u013cu poru att\u012br\u012b\u0161anu un maigu p\u012blingu bez kairin\u0101juma.<\/p>\n<p><strong>Ieguvumi: <\/strong><\/p>\n<ul>\n<li>Viegli eksfoli\u0113 keratiniz\u0113to \u0161\u016bnu sl\u0101ni, pal\u012bdz stimul\u0113t atjauno\u0161an\u0101s procesus.<\/li>\n<li>Tam piem\u012bt m\u012bkstino\u0161a iedarb\u012bba, tas pal\u012bdz izl\u012bdzin\u0101t \u0101das reljefu, maigi pul\u0113jot to.<\/li>\n<li>Pal\u012bdz izl\u012bdzin\u0101t \u0101das toni un pal\u012bdz darb\u0101 ar hiperpigment\u0101ciju.<\/li>\n<li>Att\u012bra \u0101du no liek\u0101 sebuma un pal\u012bdz to absorb\u0113t, regul\u0113 lieko sebuma veido\u0161anos.<\/li>\n<\/ul>\n<p><strong>Galven\u0101s sast\u0101vda\u013cas: <\/strong><\/p>\n<ul>\n<li>R\u012bsu olbaltumvielu, hidrolatu un ekstraktu komplekss dzi\u013ci baro, pal\u012bdz izl\u012bdzin\u0101t \u0101das toni un pie\u0161\u0137ir tai vesel\u012bgu mirdzumu.<\/li>\n<li>Papaijas enz\u012bms p\u012blingo keratiniz\u0113t\u0101s \u0101das \u0161\u016bnas, izl\u012bdzina \u0101das strukt\u016bru, att\u012bra, stimul\u0113 re\u0123ener\u0101ciju.<\/li>\n<li>Kaol\u012bns veicina efekt\u012bvu sebuma regul\u0101ciju, absorb\u0113 lieko sebumu un mat\u0113 \u0101du.<\/li>\n<li>Ceram\u012bdi akt\u012bvi atjauno un stiprina aizsargbarjeru, aizsarg\u0101 pret negat\u012bvo vides ietekmi, nov\u0113r\u0161 transepiderm\u0101lo mitruma zudumu.<\/li>\n<li>Arbut\u012bnam piem\u012bt sp\u0113c\u012bga balino\u0161a iedarb\u012bba, tas akt\u012bvi iedarbojas uz pigmenta plankumiem un nevienm\u0113r\u012bgu \u0101das toni.<\/li>\n<li>Prote\u0101ze pal\u012bdz aizsarg\u0101t \u0101du no mitruma zuduma un stimul\u0113 atjauno\u0161an\u0101s procesus.<\/li>\n<li>Piensk\u0101bei piem\u012bt visjut\u012bg\u0101k\u0101 p\u012blinga iedarb\u012bba, izl\u012bdzinot \u0101das toni un likvid\u0113jot hiperpigment\u0101cijas p\u0113das, k\u0101 ar\u012b pal\u012bdzot izl\u012bdzin\u0101t reljefu.<\/li>\n<\/ul>\n<p><strong>Lieto\u0161\u0101na:<\/strong> \u0145emiet nelielu daudzumu pulvera plaukst\u0101 un berz\u0113jiet ar mitr\u0101m rok\u0101m, l\u012bdz izveidojas putas. Maigi uzkl\u0101jiet putas uz sejas un iemas\u0113jiet, p\u0113c tam noskalojiet ar remdenu \u016bdeni.<\/p>\n<p><strong>S\u0101stavs:\u00a0<\/strong><\/p>\n<div class=\"accordeon__item\">\n<div class=\"accordeon__item__content\" data-target=\"row_PROP_2066\">Zea Mays (Corn) Starch , Sodium Cocoyl Isethionate , Sodium Lauroyl Glutamate , Diglycerin, Allantoin, Maltodextrin, Papain, Kaolin (Ci 77004) , Zea Mays (Corn) Starch, Sodium Cocoyl Isethionate, Sodium Lauroyl Glutamate, Diglycerin, Allantoin, Maltodextrin, Papain, Sodium Bicarbonate, Citric Acid, Sodium Polyacrylate, Water, Oryza Sativa (Rice) Powder, Oryza Sativa (Rice) Lees Extract , Oryza Sativa (Rice) Bran Water , 1,2-Hexanediol, Oryza Sativa (Rice) Extract, Water, Butylene Glycol, 1,2-Hexanediol , Dipropylene Glycol, Oryza Sativa (Rice) Extract, Hydrolyzed Rice Protein, Oryza Sativa (Rice) Seed Protein, Ceramide NP, Ceramide NP, Ascorbic Acid, Alpha-Arbutin, Protease, Butylene Glycol, 1,2-Hexanediol, Caprylyl Glycol , Glucose, Papain , Glycerin, Water, Citric Acid, Tartaric Acid, Lactic Acid<\/div>\n<\/div>\n<div class=\"accordeon__item\"><\/div>\n","protected":false},"excerpt":{"rendered":"<p>ANUA Rice Enzyme Brightening Cleansing Powder \u00a0ar r\u012bsu ekstraktu nodro\u0161ina dzi\u013cu poru att\u012br\u012b\u0161anu un maigu p\u012blingu bez kairin\u0101juma.<\/p>\n","protected":false},"featured_media":20327,"comment_status":"open","ping_status":"closed","template":"","meta":{"site-sidebar-layout":"default","site-content-layout":"","ast-site-content-layout":"default","site-content-style":"default","site-sidebar-style":"default","ast-global-header-display":"","ast-banner-title-visibility":"","ast-main-header-display":"","ast-hfb-above-header-display":"","ast-hfb-below-header-display":"","ast-hfb-mobile-header-display":"","site-post-title":"","ast-breadcrumbs-content":"","ast-featured-img":"","footer-sml-layout":"","theme-transparent-header-meta":"default","adv-header-id-meta":"","stick-header-meta":"","header-above-stick-meta":"","header-main-stick-meta":"","header-below-stick-meta":"","astra-migrate-meta-layouts":"set","ast-page-background-enabled":"default","ast-page-background-meta":{"desktop":{"background-color":"var(--ast-global-color-4)","background-image":"","background-repeat":"repeat","background-position":"center center","background-size":"auto","background-attachment":"scroll","background-type":"","background-media":"","overlay-type":"","overlay-color":"","overlay-opacity":"","overlay-gradient":""},"tablet":{"background-color":"","background-image":"","background-repeat":"repeat","background-position":"center center","background-size":"auto","background-attachment":"scroll","background-type":"","background-media":"","overlay-type":"","overlay-color":"","overlay-opacity":"","overlay-gradient":""},"mobile":{"background-color":"","background-image":"","background-repeat":"repeat","background-position":"center center","background-size":"auto","background-attachment":"scroll","background-type":"","background-media":"","overlay-type":"","overlay-color":"","overlay-opacity":"","overlay-gradient":""}},"ast-content-background-meta":{"desktop":{"background-color":"var(--ast-global-color-5)","background-image":"","background-repeat":"repeat","background-position":"center center","background-size":"auto","background-attachment":"scroll","background-type":"","background-media":"","overlay-type":"","overlay-color":"","overlay-opacity":"","overlay-gradient":""},"tablet":{"background-color":"var(--ast-global-color-5)","background-image":"","background-repeat":"repeat","background-position":"center center","background-size":"auto","background-attachment":"scroll","background-type":"","background-media":"","overlay-type":"","overlay-color":"","overlay-opacity":"","overlay-gradient":""},"mobile":{"background-color":"var(--ast-global-color-5)","background-image":"","background-repeat":"repeat","background-position":"center center","background-size":"auto","background-attachment":"scroll","background-type":"","background-media":"","overlay-type":"","overlay-color":"","overlay-opacity":"","overlay-gradient":""}}},"product_brand":[],"product_cat":[310,640,311,312,328,313,317,314],"product_tag":[],"berocket_brand":[575],"class_list":{"0":"post-20326","1":"product","2":"type-product","3":"status-publish","4":"has-post-thumbnail","6":"product_cat-attirisana","7":"product_cat-enzima-puderis","8":"product_cat-jutigai-adai-attirisana","9":"product_cat-kombinetai-adai-attirisana","10":"product_cat-pilingi-un-skrubji","11":"product_cat-problematiskai-adai-attirisana","12":"product_cat-sausai-adai-attirisana","13":"product_cat-taukainai-adai-attirisana","14":"berocket_brand-anua","15":"desktop-align-left","16":"tablet-align-left","17":"mobile-align-left","19":"first","20":"outofstock","21":"taxable","22":"shipping-taxable","23":"purchasable","24":"product-type-simple","25":"add-to-wishlist-before_image"},"yoast_head":"<!-- This site is optimized with the Yoast SEO plugin v27.3 - https:\/\/yoast.com\/product\/yoast-seo-wordpress\/ -->\n<title>ANUA Rice Enzyme Brightening Cleansing Powder 40g - FACECORNER<\/title>\n<meta name=\"description\" content=\"ANUA Rice Enzyme Brightening Cleansing Powder \u00a0ar r\u012bsu ekstraktu nodro\u0161ina dzi\u013cu poru att\u012br\u012b\u0161anu un maigu p\u012blingu bez kairin\u0101juma.\" \/>\n<meta name=\"robots\" content=\"index, follow, max-snippet:-1, max-image-preview:large, max-video-preview:-1\" \/>\n<link rel=\"canonical\" href=\"https:\/\/www.facecorner.lv\/lv\/shop\/anua-rice-enzyme-brightening-cleansing-powder-40g\/\" \/>\n<meta property=\"og:locale\" content=\"lv_LV\" \/>\n<meta property=\"og:type\" content=\"article\" \/>\n<meta property=\"og:title\" content=\"ANUA Rice Enzyme Brightening Cleansing Powder 40g - FACECORNER\" \/>\n<meta property=\"og:description\" content=\"ANUA Rice Enzyme Brightening Cleansing Powder \u00a0ar r\u012bsu ekstraktu nodro\u0161ina dzi\u013cu poru att\u012br\u012b\u0161anu un maigu p\u012blingu bez kairin\u0101juma.\" \/>\n<meta property=\"og:url\" content=\"https:\/\/www.facecorner.lv\/lv\/shop\/anua-rice-enzyme-brightening-cleansing-powder-40g\/\" \/>\n<meta property=\"og:site_name\" content=\"FACECORNER\" \/>\n<meta property=\"article:publisher\" content=\"https:\/\/www.facebook.com\/profile.php?id=100063824551839\" \/>\n<meta property=\"article:modified_time\" content=\"2026-02-08T15:54:14+00:00\" \/>\n<meta property=\"og:image\" content=\"https:\/\/www.facecorner.lv\/wp-content\/uploads\/2024\/08\/41L5b44RYYL.jpg\" \/>\n\t<meta property=\"og:image:width\" content=\"1000\" \/>\n\t<meta property=\"og:image:height\" content=\"1000\" \/>\n\t<meta property=\"og:image:type\" content=\"image\/jpeg\" \/>\n<meta name=\"twitter:card\" content=\"summary_large_image\" \/>\n<meta name=\"twitter:label1\" content=\"Price\" \/>\n\t<meta name=\"twitter:data1\" content=\"&euro;33.00\" \/>\n\t<meta name=\"twitter:label2\" content=\"Availability\" \/>\n\t<meta name=\"twitter:data2\" content=\"Out of stock\" \/>\n<script type=\"application\/ld+json\" class=\"yoast-schema-graph\">{\"@context\":\"https:\\\/\\\/schema.org\",\"@graph\":[{\"@type\":\"WebPage\",\"@id\":\"https:\\\/\\\/www.facecorner.lv\\\/shop\\\/anua-rice-enzyme-brightening-cleansing-powder-40g\\\/\",\"url\":\"https:\\\/\\\/www.facecorner.lv\\\/shop\\\/anua-rice-enzyme-brightening-cleansing-powder-40g\\\/\",\"name\":\"ANUA Rice Enzyme Brightening Cleansing Powder 40g - FACECORNER\",\"isPartOf\":{\"@id\":\"https:\\\/\\\/www.facecorner.lv\\\/#website\"},\"primaryImageOfPage\":{\"@id\":\"https:\\\/\\\/www.facecorner.lv\\\/shop\\\/anua-rice-enzyme-brightening-cleansing-powder-40g\\\/#primaryimage\"},\"image\":{\"@id\":\"https:\\\/\\\/www.facecorner.lv\\\/shop\\\/anua-rice-enzyme-brightening-cleansing-powder-40g\\\/#primaryimage\"},\"thumbnailUrl\":\"https:\\\/\\\/www.facecorner.lv\\\/wp-content\\\/uploads\\\/2024\\\/08\\\/41L5b44RYYL.jpg\",\"datePublished\":\"2024-08-12T18:54:44+00:00\",\"dateModified\":\"2026-02-08T15:54:14+00:00\",\"description\":\"ANUA Rice Enzyme Brightening Cleansing Powder \u00a0ar r\u012bsu ekstraktu nodro\u0161ina dzi\u013cu poru att\u012br\u012b\u0161anu un maigu p\u012blingu bez kairin\u0101juma.\",\"breadcrumb\":{\"@id\":\"https:\\\/\\\/www.facecorner.lv\\\/shop\\\/anua-rice-enzyme-brightening-cleansing-powder-40g\\\/#breadcrumb\"},\"inLanguage\":\"lv-LV\",\"potentialAction\":[{\"@type\":\"ReadAction\",\"target\":[\"https:\\\/\\\/www.facecorner.lv\\\/shop\\\/anua-rice-enzyme-brightening-cleansing-powder-40g\\\/\"]}]},{\"@type\":\"ImageObject\",\"inLanguage\":\"lv-LV\",\"@id\":\"https:\\\/\\\/www.facecorner.lv\\\/shop\\\/anua-rice-enzyme-brightening-cleansing-powder-40g\\\/#primaryimage\",\"url\":\"https:\\\/\\\/www.facecorner.lv\\\/wp-content\\\/uploads\\\/2024\\\/08\\\/41L5b44RYYL.jpg\",\"contentUrl\":\"https:\\\/\\\/www.facecorner.lv\\\/wp-content\\\/uploads\\\/2024\\\/08\\\/41L5b44RYYL.jpg\",\"width\":1000,\"height\":1000,\"caption\":\"Version 1.0.0\"},{\"@type\":\"BreadcrumbList\",\"@id\":\"https:\\\/\\\/www.facecorner.lv\\\/shop\\\/anua-rice-enzyme-brightening-cleansing-powder-40g\\\/#breadcrumb\",\"itemListElement\":[{\"@type\":\"ListItem\",\"position\":1,\"name\":\"Home\",\"item\":\"https:\\\/\\\/www.facecorner.lv\\\/\"},{\"@type\":\"ListItem\",\"position\":2,\"name\":\"Veikals\",\"item\":\"https:\\\/\\\/www.facecorner.lv\\\/shop\\\/\"},{\"@type\":\"ListItem\",\"position\":3,\"name\":\"ANUA Rice Enzyme Brightening Cleansing Powder 40g\"}]},{\"@type\":\"WebSite\",\"@id\":\"https:\\\/\\\/www.facecorner.lv\\\/#website\",\"url\":\"https:\\\/\\\/www.facecorner.lv\\\/\",\"name\":\"Facecorner\",\"description\":\"\",\"publisher\":{\"@id\":\"https:\\\/\\\/www.facecorner.lv\\\/#organization\"},\"potentialAction\":[{\"@type\":\"SearchAction\",\"target\":{\"@type\":\"EntryPoint\",\"urlTemplate\":\"https:\\\/\\\/www.facecorner.lv\\\/?s={search_term_string}\"},\"query-input\":{\"@type\":\"PropertyValueSpecification\",\"valueRequired\":true,\"valueName\":\"search_term_string\"}}],\"inLanguage\":\"lv-LV\"},{\"@type\":\"Organization\",\"@id\":\"https:\\\/\\\/www.facecorner.lv\\\/#organization\",\"name\":\"Facecorner\",\"url\":\"https:\\\/\\\/www.facecorner.lv\\\/\",\"logo\":{\"@type\":\"ImageObject\",\"inLanguage\":\"lv-LV\",\"@id\":\"https:\\\/\\\/www.facecorner.lv\\\/#\\\/schema\\\/logo\\\/image\\\/\",\"url\":\"https:\\\/\\\/www.facecorner.lv\\\/wp-content\\\/uploads\\\/2024\\\/04\\\/fc-logo.jpg\",\"contentUrl\":\"https:\\\/\\\/www.facecorner.lv\\\/wp-content\\\/uploads\\\/2024\\\/04\\\/fc-logo.jpg\",\"width\":174,\"height\":28,\"caption\":\"Facecorner\"},\"image\":{\"@id\":\"https:\\\/\\\/www.facecorner.lv\\\/#\\\/schema\\\/logo\\\/image\\\/\"},\"sameAs\":[\"https:\\\/\\\/www.facebook.com\\\/profile.php?id=100063824551839\",\"https:\\\/\\\/www.instagram.com\\\/facecorner_shop\\\/\"]}]}<\/script>\n<meta property=\"product:price:amount\" content=\"33.00\" \/>\n<meta property=\"product:price:currency\" content=\"EUR\" \/>\n<meta property=\"og:availability\" content=\"out of stock\" \/>\n<meta property=\"product:availability\" content=\"out of stock\" \/>\n<meta property=\"product:condition\" content=\"new\" \/>\n<!-- \/ Yoast SEO plugin. -->","yoast_head_json":{"title":"ANUA Rice Enzyme Brightening Cleansing Powder 40g - FACECORNER","description":"ANUA Rice Enzyme Brightening Cleansing Powder \u00a0ar r\u012bsu ekstraktu nodro\u0161ina dzi\u013cu poru att\u012br\u012b\u0161anu un maigu p\u012blingu bez kairin\u0101juma.","robots":{"index":"index","follow":"follow","max-snippet":"max-snippet:-1","max-image-preview":"max-image-preview:large","max-video-preview":"max-video-preview:-1"},"canonical":"https:\/\/www.facecorner.lv\/lv\/shop\/anua-rice-enzyme-brightening-cleansing-powder-40g\/","og_locale":"lv_LV","og_type":"article","og_title":"ANUA Rice Enzyme Brightening Cleansing Powder 40g - FACECORNER","og_description":"ANUA Rice Enzyme Brightening Cleansing Powder \u00a0ar r\u012bsu ekstraktu nodro\u0161ina dzi\u013cu poru att\u012br\u012b\u0161anu un maigu p\u012blingu bez kairin\u0101juma.","og_url":"https:\/\/www.facecorner.lv\/lv\/shop\/anua-rice-enzyme-brightening-cleansing-powder-40g\/","og_site_name":"FACECORNER","article_publisher":"https:\/\/www.facebook.com\/profile.php?id=100063824551839","article_modified_time":"2026-02-08T15:54:14+00:00","og_image":[{"width":1000,"height":1000,"url":"https:\/\/www.facecorner.lv\/wp-content\/uploads\/2024\/08\/41L5b44RYYL.jpg","type":"image\/jpeg"}],"twitter_card":"summary_large_image","twitter_misc":{"Price":"&euro;33.00","Availability":"Out of stock"},"schema":{"@context":"https:\/\/schema.org","@graph":[{"@type":"WebPage","@id":"https:\/\/www.facecorner.lv\/shop\/anua-rice-enzyme-brightening-cleansing-powder-40g\/","url":"https:\/\/www.facecorner.lv\/shop\/anua-rice-enzyme-brightening-cleansing-powder-40g\/","name":"ANUA Rice Enzyme Brightening Cleansing Powder 40g - FACECORNER","isPartOf":{"@id":"https:\/\/www.facecorner.lv\/#website"},"primaryImageOfPage":{"@id":"https:\/\/www.facecorner.lv\/shop\/anua-rice-enzyme-brightening-cleansing-powder-40g\/#primaryimage"},"image":{"@id":"https:\/\/www.facecorner.lv\/shop\/anua-rice-enzyme-brightening-cleansing-powder-40g\/#primaryimage"},"thumbnailUrl":"https:\/\/www.facecorner.lv\/wp-content\/uploads\/2024\/08\/41L5b44RYYL.jpg","datePublished":"2024-08-12T18:54:44+00:00","dateModified":"2026-02-08T15:54:14+00:00","description":"ANUA Rice Enzyme Brightening Cleansing Powder \u00a0ar r\u012bsu ekstraktu nodro\u0161ina dzi\u013cu poru att\u012br\u012b\u0161anu un maigu p\u012blingu bez kairin\u0101juma.","breadcrumb":{"@id":"https:\/\/www.facecorner.lv\/shop\/anua-rice-enzyme-brightening-cleansing-powder-40g\/#breadcrumb"},"inLanguage":"lv-LV","potentialAction":[{"@type":"ReadAction","target":["https:\/\/www.facecorner.lv\/shop\/anua-rice-enzyme-brightening-cleansing-powder-40g\/"]}]},{"@type":"ImageObject","inLanguage":"lv-LV","@id":"https:\/\/www.facecorner.lv\/shop\/anua-rice-enzyme-brightening-cleansing-powder-40g\/#primaryimage","url":"https:\/\/www.facecorner.lv\/wp-content\/uploads\/2024\/08\/41L5b44RYYL.jpg","contentUrl":"https:\/\/www.facecorner.lv\/wp-content\/uploads\/2024\/08\/41L5b44RYYL.jpg","width":1000,"height":1000,"caption":"Version 1.0.0"},{"@type":"BreadcrumbList","@id":"https:\/\/www.facecorner.lv\/shop\/anua-rice-enzyme-brightening-cleansing-powder-40g\/#breadcrumb","itemListElement":[{"@type":"ListItem","position":1,"name":"Home","item":"https:\/\/www.facecorner.lv\/"},{"@type":"ListItem","position":2,"name":"Veikals","item":"https:\/\/www.facecorner.lv\/shop\/"},{"@type":"ListItem","position":3,"name":"ANUA Rice Enzyme Brightening Cleansing Powder 40g"}]},{"@type":"WebSite","@id":"https:\/\/www.facecorner.lv\/#website","url":"https:\/\/www.facecorner.lv\/","name":"Facecorner","description":"","publisher":{"@id":"https:\/\/www.facecorner.lv\/#organization"},"potentialAction":[{"@type":"SearchAction","target":{"@type":"EntryPoint","urlTemplate":"https:\/\/www.facecorner.lv\/?s={search_term_string}"},"query-input":{"@type":"PropertyValueSpecification","valueRequired":true,"valueName":"search_term_string"}}],"inLanguage":"lv-LV"},{"@type":"Organization","@id":"https:\/\/www.facecorner.lv\/#organization","name":"Facecorner","url":"https:\/\/www.facecorner.lv\/","logo":{"@type":"ImageObject","inLanguage":"lv-LV","@id":"https:\/\/www.facecorner.lv\/#\/schema\/logo\/image\/","url":"https:\/\/www.facecorner.lv\/wp-content\/uploads\/2024\/04\/fc-logo.jpg","contentUrl":"https:\/\/www.facecorner.lv\/wp-content\/uploads\/2024\/04\/fc-logo.jpg","width":174,"height":28,"caption":"Facecorner"},"image":{"@id":"https:\/\/www.facecorner.lv\/#\/schema\/logo\/image\/"},"sameAs":["https:\/\/www.facebook.com\/profile.php?id=100063824551839","https:\/\/www.instagram.com\/facecorner_shop\/"]}]},"product_price_amount":"33.00","product_price_currency":"EUR","og_availability":"out of stock","product_availability":"out of stock","product_condition":"new"},"_links":{"self":[{"href":"https:\/\/www.facecorner.lv\/lv\/wp-json\/wp\/v2\/product\/20326","targetHints":{"allow":["GET"]}}],"collection":[{"href":"https:\/\/www.facecorner.lv\/lv\/wp-json\/wp\/v2\/product"}],"about":[{"href":"https:\/\/www.facecorner.lv\/lv\/wp-json\/wp\/v2\/types\/product"}],"replies":[{"embeddable":true,"href":"https:\/\/www.facecorner.lv\/lv\/wp-json\/wp\/v2\/comments?post=20326"}],"wp:featuredmedia":[{"embeddable":true,"href":"https:\/\/www.facecorner.lv\/lv\/wp-json\/wp\/v2\/media\/20327"}],"wp:attachment":[{"href":"https:\/\/www.facecorner.lv\/lv\/wp-json\/wp\/v2\/media?parent=20326"}],"wp:term":[{"taxonomy":"product_brand","embeddable":true,"href":"https:\/\/www.facecorner.lv\/lv\/wp-json\/wp\/v2\/product_brand?post=20326"},{"taxonomy":"product_cat","embeddable":true,"href":"https:\/\/www.facecorner.lv\/lv\/wp-json\/wp\/v2\/product_cat?post=20326"},{"taxonomy":"product_tag","embeddable":true,"href":"https:\/\/www.facecorner.lv\/lv\/wp-json\/wp\/v2\/product_tag?post=20326"},{"taxonomy":"berocket_brand","embeddable":true,"href":"https:\/\/www.facecorner.lv\/lv\/wp-json\/wp\/v2\/berocket_brand?post=20326"}],"curies":[{"name":"wp","href":"https:\/\/api.w.org\/{rel}","templated":true}]}}