{"id":20324,"date":"2024-08-12T20:47:10","date_gmt":"2024-08-12T18:47:10","guid":{"rendered":"https:\/\/www.facecorner.lv\/?post_type=product&#038;p=20324"},"modified":"2025-12-23T22:18:36","modified_gmt":"2025-12-23T19:18:36","slug":"anua-birch-70-moisture-boosting-serum-30ml","status":"publish","type":"product","link":"https:\/\/www.facecorner.lv\/lv\/shop\/anua-birch-70-moisture-boosting-serum-30ml\/","title":{"rendered":"ANUA Birch 70% Moisture Boosting Serum 30ml"},"content":{"rendered":"<p>ANUA Birch 70% Moisture Boosting Serum \u00a0ar b\u0113rzu sulu akt\u012bvi atjauno \u0101das mitruma l\u012bdzsvaru, maigumu un baro\u0161anu.<\/p>\n<p><strong>Ieguvumi: <\/strong><\/p>\n<ul>\n<li>Dzi\u013ci mitrina \u0101du, nov\u0113r\u0161 sausumu un lob\u012b\u0161anos un nov\u0113r\u0161 to ra\u0161anos.<\/li>\n<li>Atjauno mitruma l\u012bdzsvaru p\u0113c mazg\u0101\u0161anas.<\/li>\n<li>Piem\u012bt nomierino\u0161a un m\u012bkstino\u0161a iedarb\u012bba, pal\u012bdz tikt gal\u0101 ar kairin\u0101jumiem un aps\u0101rtumiem, k\u0101 ar\u012b nov\u0113r\u0161 izsitumus.<\/li>\n<li>Pal\u012bdz izl\u012bdzin\u0101t \u0101das toni.<\/li>\n<\/ul>\n<p><strong>Galven\u0101s sast\u0101vda\u013cas: <\/strong><\/p>\n<ul>\n<li>B\u0113rzu sul\u0101m piem\u012bt atsvaidzino\u0161a un toniz\u0113jo\u0161a iedarb\u012bba, mazina kairin\u0101jumus, pa\u0101trina dz\u012b\u0161anas procesus.<\/li>\n<li>Hialuronsk\u0101be dzi\u013ci mitrina \u0101du, saglab\u0101jot mitrumu t\u0101s iek\u0161ien\u0113, nov\u0113r\u0161 dehidrat\u0101ciju un sausumu, pal\u012bdz saglab\u0101t \u0101das gludumu un elast\u012bbu.<\/li>\n<li>Beta\u012bns dzi\u013ci mitrina \u0101du, stiprina \u0101das aizsargfunkcijas, tam piem\u012bt m\u012bkstino\u0161a iedarb\u012bba un tas stiprina \u0161\u016bnu membr\u0101nas.<\/li>\n<li>Glikonolaktonam (PHA) piem\u012bt maiga p\u012blinga iedarb\u012bba, att\u012brot epidermas aug\u0161\u0113jo sl\u0101ni no keratiniz\u0113t\u0101m \u0161\u016bn\u0101m, padarot \u0101du vienm\u0113r\u012bg\u0101ku un glud\u0101ku, atsvaidzinot un izl\u012bdzinot \u0101das toni.<\/li>\n<li>Gur\u0137u ekstraktam piem\u012bt m\u012bkstino\u0161a un mitrino\u0161a iedarb\u012bba, vienlaikus pal\u012bdz regul\u0113t sebuma veido\u0161anos un nov\u0113r\u0161 papla\u0161in\u0101tas poras, k\u0101 ar\u012b izl\u012bdzina \u0101das toni.<\/li>\n<li>Prie\u017eu ekstrakts efekt\u012bvi mazina aps\u0101rtumu un nov\u0113r\u0161 iekaisumu.<\/li>\n<\/ul>\n<p><strong>Lieto\u0161\u0101na:<\/strong> Uzkl\u0101jiet vajadz\u012bgo produkta daudzumu uz att\u012br\u012btas un toniz\u0113tas sejas \u0101das, izklied\u0113jiet, l\u012bdz piln\u012bb\u0101 ies\u016bcas, p\u0113c tam nostipriniet kop\u0161anu ar kr\u0113mu.<\/p>\n<p><strong>S\u0101stavs:<\/strong> Water, Butylene Glycol, Dipropylene Glycol, Betula Platyphylla Japonica Juice, Glycerin, Diglycerin, 1,2-Hexanediol, Trehalose, Hydroxyacetophenone, Carbomer, Caprylyl Glycol, Ethylhexylglycerin, Tromethamine, Sodium Phytate, Allantoin, Betaine, Cucumis Sativus (Cucumber) Fruit Extract, Glyceryl Acrylate\/Acrylic Acid Copolymer, Dextrin, Gardenia Florida Fruit Extract, Ulmus Davidiana Root Extract, Pueraria Lobata Root Extract, Pinus Palustris Leaf Extract, Panthenol, Oenothera Biennis (Evening Primrose) Flower Extract, Gluconolactone, Biosaccharide Gum-1, Dipotassium Glycyrrhizate, Malachite Extract, Sodium Hyaluronate, Tocopherol, Hydroxypropyltrimonium Hyaluronate, Sodium Acetylated Hyaluronate, Hydrolyzed Hyaluronic Acid, Hyaluronic Acid, Sodium Hyaluronate Crosspolymer, Hydrolyzed Sodium Hyaluronate, Potassium Hyaluronate<\/p>\n","protected":false},"excerpt":{"rendered":"<p>ANUA Birch 70% Moisture Boosting Serum \u00a0ar b\u0113rzu sulu akt\u012bvi atjauno \u0101das mitruma l\u012bdzsvaru, maigumu un baro\u0161anu.<\/p>\n","protected":false},"featured_media":20325,"comment_status":"closed","ping_status":"closed","template":"","meta":{"site-sidebar-layout":"default","site-content-layout":"","ast-site-content-layout":"","site-content-style":"default","site-sidebar-style":"default","ast-global-header-display":"","ast-banner-title-visibility":"","ast-main-header-display":"","ast-hfb-above-header-display":"","ast-hfb-below-header-display":"","ast-hfb-mobile-header-display":"","site-post-title":"","ast-breadcrumbs-content":"","ast-featured-img":"","footer-sml-layout":"","theme-transparent-header-meta":"","adv-header-id-meta":"","stick-header-meta":"","header-above-stick-meta":"","header-main-stick-meta":"","header-below-stick-meta":"","astra-migrate-meta-layouts":"default","ast-page-background-enabled":"default","ast-page-background-meta":{"desktop":{"background-color":"var(--ast-global-color-4)","background-image":"","background-repeat":"repeat","background-position":"center center","background-size":"auto","background-attachment":"scroll","background-type":"","background-media":"","overlay-type":"","overlay-color":"","overlay-opacity":"","overlay-gradient":""},"tablet":{"background-color":"","background-image":"","background-repeat":"repeat","background-position":"center center","background-size":"auto","background-attachment":"scroll","background-type":"","background-media":"","overlay-type":"","overlay-color":"","overlay-opacity":"","overlay-gradient":""},"mobile":{"background-color":"","background-image":"","background-repeat":"repeat","background-position":"center center","background-size":"auto","background-attachment":"scroll","background-type":"","background-media":"","overlay-type":"","overlay-color":"","overlay-opacity":"","overlay-gradient":""}},"ast-content-background-meta":{"desktop":{"background-color":"var(--ast-global-color-5)","background-image":"","background-repeat":"repeat","background-position":"center center","background-size":"auto","background-attachment":"scroll","background-type":"","background-media":"","overlay-type":"","overlay-color":"","overlay-opacity":"","overlay-gradient":""},"tablet":{"background-color":"var(--ast-global-color-5)","background-image":"","background-repeat":"repeat","background-position":"center center","background-size":"auto","background-attachment":"scroll","background-type":"","background-media":"","overlay-type":"","overlay-color":"","overlay-opacity":"","overlay-gradient":""},"mobile":{"background-color":"var(--ast-global-color-5)","background-image":"","background-repeat":"repeat","background-position":"center center","background-size":"auto","background-attachment":"scroll","background-type":"","background-media":"","overlay-type":"","overlay-color":"","overlay-opacity":"","overlay-gradient":""}}},"product_brand":[],"product_cat":[372,373,363],"product_tag":[],"berocket_brand":[575],"class_list":{"0":"post-20324","1":"product","2":"type-product","3":"status-publish","4":"has-post-thumbnail","6":"product_cat-jutigai-adai-serumi","7":"product_cat-poras-sasaurinoss","8":"product_cat-serumi","9":"berocket_brand-anua","10":"desktop-align-left","11":"tablet-align-left","12":"mobile-align-left","14":"first","15":"outofstock","16":"taxable","17":"shipping-taxable","18":"purchasable","19":"product-type-simple","20":"add-to-wishlist-before_image"},"yoast_head":"<!-- This site is optimized with the Yoast SEO plugin v27.4 - https:\/\/yoast.com\/product\/yoast-seo-wordpress\/ -->\n<title>ANUA Birch 70% Moisture Boosting Serum 30ml - FACECORNER<\/title>\n<meta name=\"description\" content=\"ANUA Birch 70% Moisture Boosting Serum \u00a0ar b\u0113rzu sulu akt\u012bvi atjauno \u0101das mitruma l\u012bdzsvaru, maigumu un baro\u0161anu.Dzi\u013ci mitrina \u0101du, nov\u0113r\u0161 sausumu\" \/>\n<meta name=\"robots\" content=\"index, follow, max-snippet:-1, max-image-preview:large, max-video-preview:-1\" \/>\n<link rel=\"canonical\" href=\"https:\/\/www.facecorner.lv\/lv\/shop\/anua-birch-70-moisture-boosting-serum-30ml\/\" \/>\n<meta property=\"og:locale\" content=\"lv_LV\" \/>\n<meta property=\"og:type\" content=\"article\" \/>\n<meta property=\"og:title\" content=\"ANUA Birch 70% Moisture Boosting Serum 30ml - FACECORNER\" \/>\n<meta property=\"og:description\" content=\"ANUA Birch 70% Moisture Boosting Serum \u00a0ar b\u0113rzu sulu akt\u012bvi atjauno \u0101das mitruma l\u012bdzsvaru, maigumu un baro\u0161anu.Dzi\u013ci mitrina \u0101du, nov\u0113r\u0161 sausumu\" \/>\n<meta property=\"og:url\" content=\"https:\/\/www.facecorner.lv\/lv\/shop\/anua-birch-70-moisture-boosting-serum-30ml\/\" \/>\n<meta property=\"og:site_name\" content=\"FACECORNER\" \/>\n<meta property=\"article:publisher\" content=\"https:\/\/www.facebook.com\/profile.php?id=100063824551839\" \/>\n<meta property=\"article:modified_time\" content=\"2025-12-23T19:18:36+00:00\" \/>\n<meta property=\"og:image\" content=\"https:\/\/www.facecorner.lv\/wp-content\/uploads\/2024\/08\/a645681adfab6f70cd0eb2051d5c35a972ff7d60_original.jpeg\" \/>\n\t<meta property=\"og:image:width\" content=\"780\" \/>\n\t<meta property=\"og:image:height\" content=\"780\" \/>\n\t<meta property=\"og:image:type\" content=\"image\/jpeg\" \/>\n<meta name=\"twitter:card\" content=\"summary_large_image\" \/>\n<meta name=\"twitter:label1\" content=\"Price\" \/>\n\t<meta name=\"twitter:data1\" content=\"&euro;27.00\" \/>\n\t<meta name=\"twitter:label2\" content=\"Availability\" \/>\n\t<meta name=\"twitter:data2\" content=\"Out of stock\" \/>\n<script type=\"application\/ld+json\" class=\"yoast-schema-graph\">{\"@context\":\"https:\\\/\\\/schema.org\",\"@graph\":[{\"@type\":\"WebPage\",\"@id\":\"https:\\\/\\\/www.facecorner.lv\\\/shop\\\/anua-birch-70-moisture-boosting-serum-30ml\\\/\",\"url\":\"https:\\\/\\\/www.facecorner.lv\\\/shop\\\/anua-birch-70-moisture-boosting-serum-30ml\\\/\",\"name\":\"ANUA Birch 70% Moisture Boosting Serum 30ml - FACECORNER\",\"isPartOf\":{\"@id\":\"https:\\\/\\\/www.facecorner.lv\\\/#website\"},\"primaryImageOfPage\":{\"@id\":\"https:\\\/\\\/www.facecorner.lv\\\/shop\\\/anua-birch-70-moisture-boosting-serum-30ml\\\/#primaryimage\"},\"image\":{\"@id\":\"https:\\\/\\\/www.facecorner.lv\\\/shop\\\/anua-birch-70-moisture-boosting-serum-30ml\\\/#primaryimage\"},\"thumbnailUrl\":\"https:\\\/\\\/www.facecorner.lv\\\/wp-content\\\/uploads\\\/2024\\\/08\\\/a645681adfab6f70cd0eb2051d5c35a972ff7d60_original.jpeg\",\"datePublished\":\"2024-08-12T18:47:10+00:00\",\"dateModified\":\"2025-12-23T19:18:36+00:00\",\"description\":\"ANUA Birch 70% Moisture Boosting Serum \u00a0ar b\u0113rzu sulu akt\u012bvi atjauno \u0101das mitruma l\u012bdzsvaru, maigumu un baro\u0161anu.Dzi\u013ci mitrina \u0101du, nov\u0113r\u0161 sausumu\",\"breadcrumb\":{\"@id\":\"https:\\\/\\\/www.facecorner.lv\\\/shop\\\/anua-birch-70-moisture-boosting-serum-30ml\\\/#breadcrumb\"},\"inLanguage\":\"lv-LV\",\"potentialAction\":[{\"@type\":\"ReadAction\",\"target\":[\"https:\\\/\\\/www.facecorner.lv\\\/shop\\\/anua-birch-70-moisture-boosting-serum-30ml\\\/\"]}]},{\"@type\":\"ImageObject\",\"inLanguage\":\"lv-LV\",\"@id\":\"https:\\\/\\\/www.facecorner.lv\\\/shop\\\/anua-birch-70-moisture-boosting-serum-30ml\\\/#primaryimage\",\"url\":\"https:\\\/\\\/www.facecorner.lv\\\/wp-content\\\/uploads\\\/2024\\\/08\\\/a645681adfab6f70cd0eb2051d5c35a972ff7d60_original.jpeg\",\"contentUrl\":\"https:\\\/\\\/www.facecorner.lv\\\/wp-content\\\/uploads\\\/2024\\\/08\\\/a645681adfab6f70cd0eb2051d5c35a972ff7d60_original.jpeg\",\"width\":780,\"height\":780,\"caption\":\"ANUA Birch 70% Moisture Boosting Serum\"},{\"@type\":\"BreadcrumbList\",\"@id\":\"https:\\\/\\\/www.facecorner.lv\\\/shop\\\/anua-birch-70-moisture-boosting-serum-30ml\\\/#breadcrumb\",\"itemListElement\":[{\"@type\":\"ListItem\",\"position\":1,\"name\":\"Home\",\"item\":\"https:\\\/\\\/www.facecorner.lv\\\/\"},{\"@type\":\"ListItem\",\"position\":2,\"name\":\"Veikals\",\"item\":\"https:\\\/\\\/www.facecorner.lv\\\/shop\\\/\"},{\"@type\":\"ListItem\",\"position\":3,\"name\":\"ANUA Birch 70% Moisture Boosting Serum 30ml\"}]},{\"@type\":\"WebSite\",\"@id\":\"https:\\\/\\\/www.facecorner.lv\\\/#website\",\"url\":\"https:\\\/\\\/www.facecorner.lv\\\/\",\"name\":\"Facecorner\",\"description\":\"\",\"publisher\":{\"@id\":\"https:\\\/\\\/www.facecorner.lv\\\/#organization\"},\"potentialAction\":[{\"@type\":\"SearchAction\",\"target\":{\"@type\":\"EntryPoint\",\"urlTemplate\":\"https:\\\/\\\/www.facecorner.lv\\\/?s={search_term_string}\"},\"query-input\":{\"@type\":\"PropertyValueSpecification\",\"valueRequired\":true,\"valueName\":\"search_term_string\"}}],\"inLanguage\":\"lv-LV\"},{\"@type\":\"Organization\",\"@id\":\"https:\\\/\\\/www.facecorner.lv\\\/#organization\",\"name\":\"Facecorner\",\"url\":\"https:\\\/\\\/www.facecorner.lv\\\/\",\"logo\":{\"@type\":\"ImageObject\",\"inLanguage\":\"lv-LV\",\"@id\":\"https:\\\/\\\/www.facecorner.lv\\\/#\\\/schema\\\/logo\\\/image\\\/\",\"url\":\"https:\\\/\\\/www.facecorner.lv\\\/wp-content\\\/uploads\\\/2024\\\/04\\\/fc-logo.jpg\",\"contentUrl\":\"https:\\\/\\\/www.facecorner.lv\\\/wp-content\\\/uploads\\\/2024\\\/04\\\/fc-logo.jpg\",\"width\":174,\"height\":28,\"caption\":\"Facecorner\"},\"image\":{\"@id\":\"https:\\\/\\\/www.facecorner.lv\\\/#\\\/schema\\\/logo\\\/image\\\/\"},\"sameAs\":[\"https:\\\/\\\/www.facebook.com\\\/profile.php?id=100063824551839\",\"https:\\\/\\\/www.instagram.com\\\/facecorner_shop\\\/\"]}]}<\/script>\n<meta property=\"product:price:amount\" content=\"27.00\" \/>\n<meta property=\"product:price:currency\" content=\"EUR\" \/>\n<meta property=\"og:availability\" content=\"out of stock\" \/>\n<meta property=\"product:availability\" content=\"out of stock\" \/>\n<meta property=\"product:condition\" content=\"new\" \/>\n<!-- \/ Yoast SEO plugin. -->","yoast_head_json":{"title":"ANUA Birch 70% Moisture Boosting Serum 30ml - FACECORNER","description":"ANUA Birch 70% Moisture Boosting Serum \u00a0ar b\u0113rzu sulu akt\u012bvi atjauno \u0101das mitruma l\u012bdzsvaru, maigumu un baro\u0161anu.Dzi\u013ci mitrina \u0101du, nov\u0113r\u0161 sausumu","robots":{"index":"index","follow":"follow","max-snippet":"max-snippet:-1","max-image-preview":"max-image-preview:large","max-video-preview":"max-video-preview:-1"},"canonical":"https:\/\/www.facecorner.lv\/lv\/shop\/anua-birch-70-moisture-boosting-serum-30ml\/","og_locale":"lv_LV","og_type":"article","og_title":"ANUA Birch 70% Moisture Boosting Serum 30ml - FACECORNER","og_description":"ANUA Birch 70% Moisture Boosting Serum \u00a0ar b\u0113rzu sulu akt\u012bvi atjauno \u0101das mitruma l\u012bdzsvaru, maigumu un baro\u0161anu.Dzi\u013ci mitrina \u0101du, nov\u0113r\u0161 sausumu","og_url":"https:\/\/www.facecorner.lv\/lv\/shop\/anua-birch-70-moisture-boosting-serum-30ml\/","og_site_name":"FACECORNER","article_publisher":"https:\/\/www.facebook.com\/profile.php?id=100063824551839","article_modified_time":"2025-12-23T19:18:36+00:00","og_image":[{"width":780,"height":780,"url":"https:\/\/www.facecorner.lv\/wp-content\/uploads\/2024\/08\/a645681adfab6f70cd0eb2051d5c35a972ff7d60_original.jpeg","type":"image\/jpeg"}],"twitter_card":"summary_large_image","twitter_misc":{"Price":"&euro;27.00","Availability":"Out of stock"},"schema":{"@context":"https:\/\/schema.org","@graph":[{"@type":"WebPage","@id":"https:\/\/www.facecorner.lv\/shop\/anua-birch-70-moisture-boosting-serum-30ml\/","url":"https:\/\/www.facecorner.lv\/shop\/anua-birch-70-moisture-boosting-serum-30ml\/","name":"ANUA Birch 70% Moisture Boosting Serum 30ml - FACECORNER","isPartOf":{"@id":"https:\/\/www.facecorner.lv\/#website"},"primaryImageOfPage":{"@id":"https:\/\/www.facecorner.lv\/shop\/anua-birch-70-moisture-boosting-serum-30ml\/#primaryimage"},"image":{"@id":"https:\/\/www.facecorner.lv\/shop\/anua-birch-70-moisture-boosting-serum-30ml\/#primaryimage"},"thumbnailUrl":"https:\/\/www.facecorner.lv\/wp-content\/uploads\/2024\/08\/a645681adfab6f70cd0eb2051d5c35a972ff7d60_original.jpeg","datePublished":"2024-08-12T18:47:10+00:00","dateModified":"2025-12-23T19:18:36+00:00","description":"ANUA Birch 70% Moisture Boosting Serum \u00a0ar b\u0113rzu sulu akt\u012bvi atjauno \u0101das mitruma l\u012bdzsvaru, maigumu un baro\u0161anu.Dzi\u013ci mitrina \u0101du, nov\u0113r\u0161 sausumu","breadcrumb":{"@id":"https:\/\/www.facecorner.lv\/shop\/anua-birch-70-moisture-boosting-serum-30ml\/#breadcrumb"},"inLanguage":"lv-LV","potentialAction":[{"@type":"ReadAction","target":["https:\/\/www.facecorner.lv\/shop\/anua-birch-70-moisture-boosting-serum-30ml\/"]}]},{"@type":"ImageObject","inLanguage":"lv-LV","@id":"https:\/\/www.facecorner.lv\/shop\/anua-birch-70-moisture-boosting-serum-30ml\/#primaryimage","url":"https:\/\/www.facecorner.lv\/wp-content\/uploads\/2024\/08\/a645681adfab6f70cd0eb2051d5c35a972ff7d60_original.jpeg","contentUrl":"https:\/\/www.facecorner.lv\/wp-content\/uploads\/2024\/08\/a645681adfab6f70cd0eb2051d5c35a972ff7d60_original.jpeg","width":780,"height":780,"caption":"ANUA Birch 70% Moisture Boosting Serum"},{"@type":"BreadcrumbList","@id":"https:\/\/www.facecorner.lv\/shop\/anua-birch-70-moisture-boosting-serum-30ml\/#breadcrumb","itemListElement":[{"@type":"ListItem","position":1,"name":"Home","item":"https:\/\/www.facecorner.lv\/"},{"@type":"ListItem","position":2,"name":"Veikals","item":"https:\/\/www.facecorner.lv\/shop\/"},{"@type":"ListItem","position":3,"name":"ANUA Birch 70% Moisture Boosting Serum 30ml"}]},{"@type":"WebSite","@id":"https:\/\/www.facecorner.lv\/#website","url":"https:\/\/www.facecorner.lv\/","name":"Facecorner","description":"","publisher":{"@id":"https:\/\/www.facecorner.lv\/#organization"},"potentialAction":[{"@type":"SearchAction","target":{"@type":"EntryPoint","urlTemplate":"https:\/\/www.facecorner.lv\/?s={search_term_string}"},"query-input":{"@type":"PropertyValueSpecification","valueRequired":true,"valueName":"search_term_string"}}],"inLanguage":"lv-LV"},{"@type":"Organization","@id":"https:\/\/www.facecorner.lv\/#organization","name":"Facecorner","url":"https:\/\/www.facecorner.lv\/","logo":{"@type":"ImageObject","inLanguage":"lv-LV","@id":"https:\/\/www.facecorner.lv\/#\/schema\/logo\/image\/","url":"https:\/\/www.facecorner.lv\/wp-content\/uploads\/2024\/04\/fc-logo.jpg","contentUrl":"https:\/\/www.facecorner.lv\/wp-content\/uploads\/2024\/04\/fc-logo.jpg","width":174,"height":28,"caption":"Facecorner"},"image":{"@id":"https:\/\/www.facecorner.lv\/#\/schema\/logo\/image\/"},"sameAs":["https:\/\/www.facebook.com\/profile.php?id=100063824551839","https:\/\/www.instagram.com\/facecorner_shop\/"]}]},"product_price_amount":"27.00","product_price_currency":"EUR","og_availability":"out of stock","product_availability":"out of stock","product_condition":"new"},"_links":{"self":[{"href":"https:\/\/www.facecorner.lv\/lv\/wp-json\/wp\/v2\/product\/20324","targetHints":{"allow":["GET"]}}],"collection":[{"href":"https:\/\/www.facecorner.lv\/lv\/wp-json\/wp\/v2\/product"}],"about":[{"href":"https:\/\/www.facecorner.lv\/lv\/wp-json\/wp\/v2\/types\/product"}],"replies":[{"embeddable":true,"href":"https:\/\/www.facecorner.lv\/lv\/wp-json\/wp\/v2\/comments?post=20324"}],"wp:featuredmedia":[{"embeddable":true,"href":"https:\/\/www.facecorner.lv\/lv\/wp-json\/wp\/v2\/media\/20325"}],"wp:attachment":[{"href":"https:\/\/www.facecorner.lv\/lv\/wp-json\/wp\/v2\/media?parent=20324"}],"wp:term":[{"taxonomy":"product_brand","embeddable":true,"href":"https:\/\/www.facecorner.lv\/lv\/wp-json\/wp\/v2\/product_brand?post=20324"},{"taxonomy":"product_cat","embeddable":true,"href":"https:\/\/www.facecorner.lv\/lv\/wp-json\/wp\/v2\/product_cat?post=20324"},{"taxonomy":"product_tag","embeddable":true,"href":"https:\/\/www.facecorner.lv\/lv\/wp-json\/wp\/v2\/product_tag?post=20324"},{"taxonomy":"berocket_brand","embeddable":true,"href":"https:\/\/www.facecorner.lv\/lv\/wp-json\/wp\/v2\/berocket_brand?post=20324"}],"curies":[{"name":"wp","href":"https:\/\/api.w.org\/{rel}","templated":true}]}}