{"id":19624,"date":"2024-07-16T18:05:29","date_gmt":"2024-07-16T16:05:29","guid":{"rendered":"https:\/\/www.facecorner.lv\/?post_type=product&#038;p=19624"},"modified":"2025-09-13T09:39:33","modified_gmt":"2025-09-13T06:39:33","slug":"vt-cosmetics-cica-reti-a-mask-7ea","status":"publish","type":"product","link":"https:\/\/www.facecorner.lv\/lv\/shop\/vt-cosmetics-cica-reti-a-mask-7ea\/","title":{"rendered":"VT Cosmetics Cica Reti-A Mask 7ea"},"content":{"rendered":"<p>VT Cosmetics Cica Reti-A Mask komplekts ar retinolu ir ar sp\u0113c\u012bgu antioksidantu iedarb\u012bbu, uzlabo sejas kr\u0101su, uztur \u0101du vesel\u012bgu un pal\u0113nina noveco\u0161an\u0101s procesu. T\u0101 stiprina kapil\u0101ru sieni\u0146as un palielina audu elast\u012bbu, kas sa\u0161aurina papla\u0161in\u0101t\u0101s poras, samazina tauku veido\u0161anos un pal\u012bdz izgaismot melnos plankumus.<\/p>\n<p>Maskas galven\u0101 akt\u012bv\u0101 viela ir granaktiskais retino\u012bds (hidroksipinakolona retino\u0101ts), kas, non\u0101kot \u0101d\u0101, nekav\u0113joties p\u0101rv\u0113r\u0161as retino\u012bnsk\u0101bi, apejot citus p\u0101rveides posmus, un t\u0101p\u0113c iedarbojas \u0101tr\u0101k: stimul\u0113 \u0161\u016bnu atjauno\u0161an\u0101s procesu, aktiviz\u0113 \u0161\u016bnu receptorus, dodot tiem sign\u0101lu kolag\u0113na un hialuronsk\u0101bes ra\u017eo\u0161anai.<\/p>\n<p><strong>Papildu akt\u012bv\u0101s sast\u0101vda\u013cas:<\/strong><\/p>\n<ul>\n<li>Bakukiols ir retinola augu analogs, stimul\u0113 dabisk\u0101 kolag\u0113na veido\u0161anos \u0161\u016bn\u0101s, c\u012bn\u0101s pret grumb\u0101m, uzlabo elast\u012bbu un nom\u0101c melan\u012bna veido\u0161anos, lieliski piem\u0113rots jut\u012bgai \u0101dai.<\/li>\n<li>Tan\u012bnu komplekss aizsarg\u0101 \u0161\u016bnas no oksid\u0113\u0161an\u0101s un UV starojuma. Veicina \u0101das elast\u012bbu un tvirtumu.<\/li>\n<li>Pept\u012bdu komplekss atbild par past\u0101v\u012bgu re\u0123ener\u0101ciju un \u0161\u016bnu atjauno\u0161anos, tam piem\u012bt dzi\u013ca pretnoveco\u0161an\u0101s iedarb\u012bba, samazina grumbu izskatu un nov\u0113r\u0161 jaunu grumbu veido\u0161anos, stimul\u0113 atjauno\u0161an\u0101s un re\u0123ener\u0101cijas procesus, pal\u0113nina \u0161\u016bnu noveco\u0161anos.<\/li>\n<li>Kafijas pupi\u0146u ekstraktam piem\u012bt toniz\u0113jo\u0161a, pretnovasaro\u0161an\u0101s iedarb\u012bba. Tam piem\u012bt antioksidanta \u012bpa\u0161\u012bbas, tas pa\u0101trina \u0101das dz\u012b\u0161anu un re\u0123ener\u0101ciju.<\/li>\n<li>Patent\u0113tais komplekss Cicahyalon\u2122, kura pamat\u0101 ir Centella asiatica komplekss, za\u013cais propoliss un hialuronsk\u0101be, mitrina, iedarbojas pretiekaisuma un antibakteri\u0101li, samazina grumbas, maigi izgaismo.<\/li>\n<li>Puerh t\u0113jas ekstraktam piem\u012bt sp\u0113c\u012bga antioksidanta un toniz\u0113jo\u0161a iedarb\u012bba, pal\u012bdz atbr\u012bvoties no piet\u016bkuma, atsvaidzina un pal\u0113nina noveco\u0161an\u0101s procesus.<\/li>\n<\/ul>\n<p><strong>Lieto\u0161ana:<\/strong> no\u0146emiet vienu masku ar pinceti, vienm\u0113r\u012bgi uzkl\u0101jiet masku uz iepriek\u0161 att\u012br\u012btas un toniz\u0113tas sejas \u0101das, izvairoties no zonas ap ac\u012bm un l\u016bp\u0101m. Atst\u0101jiet to uzkl\u0101t uz 10-15 min. Uzman\u012bgi no\u0146emiet masku un maigi iemas\u0113jiet atliku\u0161o esenci \u0101d\u0101, l\u012bdz t\u0101 piln\u012bb\u0101 ies\u016bcas.<\/p>\n<p><strong>S\u0101stavs:<\/strong> Purified Water, Glycerin, Glycereth-26, Maltitol, Sorbitol, 1,2-hexanediol, Hydroxypropyl Starch Phosphate, Sodium Polystyrene Sulfonate, C12-14alkes-12, Trehalose, Hydroxyacetophenone , Xanthan Gum, Acrylate\/c10-30 Alkyl Acrylate Crosspolymer, Caprylyl Glycol, Arginine, Ethylhexylglycerin, Centella Asiatica Extract, Neem Leaf Extract, Disodium Edta, Fragrance, Butylene Glycol. Cole, Persimmon Leaf Extract, Grape Extract, Coffee Bean Extract, Safflower Flower Extract, Japanese Knotweed Root Extract, Pu-erh Tea Extract, Chestnut Shell Extract, Chrysanthemum Fruit Extract, Neem Flower Extract, Bakuchiol, Dimethyl Isosorbide , Sodium Hyaluronate, Hydroxypinacolone Retinoate, Polyglyceryl-10 Laurate, Lecithin, Polysorbate 20, Palmitoyl Tripeptide-1, Palmitoyl Pentapeptide-4, Hexapeptide-9, Acetyl Hexapeptide. Peptide-8, Retinol, Madecassoside, Madecassic Acid, Asiaticoside, Asiatic Acid, Propolis Extract, Tripeptide-1, Copper Tripeptide-1<\/p>\n","protected":false},"excerpt":{"rendered":"<p>VT Cosmetics Cica Reti-A masku komplekts ar retinolu ir ar sp\u0113c\u012bgu antioksidantu iedarb\u012bbu, uzlabo sejas kr\u0101su, uztur \u0101du vesel\u012bgu un pal\u0113nina noveco\u0161an\u0101s procesu. T\u0101 stiprina kapil\u0101ru sieni\u0146as un palielina audu elast\u012bbu, kas sa\u0161aurina papla\u0161in\u0101t\u0101s poras, samazina tauku veido\u0161anos un pal\u012bdz izgaismot melnos plankumus. Sast\u0101v\u0101 ir bacuchiols, tan\u012bnu un pept\u012bdu komplekss, CICA-komplekss un kafijas pupi\u0146u ekstrakts.<\/p>\n","protected":false},"featured_media":19625,"comment_status":"open","ping_status":"closed","template":"","meta":{"site-sidebar-layout":"default","site-content-layout":"","ast-site-content-layout":"","site-content-style":"default","site-sidebar-style":"default","ast-global-header-display":"","ast-banner-title-visibility":"","ast-main-header-display":"","ast-hfb-above-header-display":"","ast-hfb-below-header-display":"","ast-hfb-mobile-header-display":"","site-post-title":"","ast-breadcrumbs-content":"","ast-featured-img":"","footer-sml-layout":"","theme-transparent-header-meta":"","adv-header-id-meta":"","stick-header-meta":"","header-above-stick-meta":"","header-main-stick-meta":"","header-below-stick-meta":"","astra-migrate-meta-layouts":"default","ast-page-background-enabled":"default","ast-page-background-meta":{"desktop":{"background-color":"var(--ast-global-color-4)","background-image":"","background-repeat":"repeat","background-position":"center center","background-size":"auto","background-attachment":"scroll","background-type":"","background-media":"","overlay-type":"","overlay-color":"","overlay-opacity":"","overlay-gradient":""},"tablet":{"background-color":"","background-image":"","background-repeat":"repeat","background-position":"center center","background-size":"auto","background-attachment":"scroll","background-type":"","background-media":"","overlay-type":"","overlay-color":"","overlay-opacity":"","overlay-gradient":""},"mobile":{"background-color":"","background-image":"","background-repeat":"repeat","background-position":"center center","background-size":"auto","background-attachment":"scroll","background-type":"","background-media":"","overlay-type":"","overlay-color":"","overlay-opacity":"","overlay-gradient":""}},"ast-content-background-meta":{"desktop":{"background-color":"var(--ast-global-color-5)","background-image":"","background-repeat":"repeat","background-position":"center center","background-size":"auto","background-attachment":"scroll","background-type":"","background-media":"","overlay-type":"","overlay-color":"","overlay-opacity":"","overlay-gradient":""},"tablet":{"background-color":"var(--ast-global-color-5)","background-image":"","background-repeat":"repeat","background-position":"center center","background-size":"auto","background-attachment":"scroll","background-type":"","background-media":"","overlay-type":"","overlay-color":"","overlay-opacity":"","overlay-gradient":""},"mobile":{"background-color":"var(--ast-global-color-5)","background-image":"","background-repeat":"repeat","background-position":"center center","background-size":"auto","background-attachment":"scroll","background-type":"","background-media":"","overlay-type":"","overlay-color":"","overlay-opacity":"","overlay-gradient":""}}},"product_brand":[],"product_cat":[324,315],"product_tag":[],"berocket_brand":[582],"class_list":{"0":"post-19624","1":"product","2":"type-product","3":"status-publish","4":"has-post-thumbnail","6":"product_cat-auduma","7":"product_cat-maskas","8":"berocket_brand-vt","9":"desktop-align-left","10":"tablet-align-left","11":"mobile-align-left","13":"first","14":"outofstock","15":"taxable","16":"shipping-taxable","17":"purchasable","18":"product-type-simple","19":"add-to-wishlist-before_image"},"yoast_head":"<!-- This site is optimized with the Yoast SEO plugin v27.4 - https:\/\/yoast.com\/product\/yoast-seo-wordpress\/ -->\n<title>VT Cosmetics Cica Reti-A Mask 7ea - FACECORNER<\/title>\n<meta name=\"description\" content=\"VT Cosmetics Cica Reti-A masku komplekts ar retinolu ir ar sp\u0113c\u012bgu antioksidantu iedarb\u012bbu, uzlabo sejas kr\u0101su, uztur \u0101du vesel\u012bgu.\" \/>\n<meta name=\"robots\" content=\"index, follow, max-snippet:-1, max-image-preview:large, max-video-preview:-1\" \/>\n<link rel=\"canonical\" href=\"https:\/\/www.facecorner.lv\/lv\/shop\/vt-cosmetics-cica-reti-a-mask-7ea\/\" \/>\n<meta property=\"og:locale\" content=\"lv_LV\" \/>\n<meta property=\"og:type\" content=\"article\" \/>\n<meta property=\"og:title\" content=\"VT Cosmetics Cica Reti-A Mask 7ea - FACECORNER\" \/>\n<meta property=\"og:description\" content=\"VT Cosmetics Cica Reti-A masku komplekts ar retinolu ir ar sp\u0113c\u012bgu antioksidantu iedarb\u012bbu, uzlabo sejas kr\u0101su, uztur \u0101du vesel\u012bgu.\" \/>\n<meta property=\"og:url\" content=\"https:\/\/www.facecorner.lv\/lv\/shop\/vt-cosmetics-cica-reti-a-mask-7ea\/\" \/>\n<meta property=\"og:site_name\" content=\"FACECORNER\" \/>\n<meta property=\"article:publisher\" content=\"https:\/\/www.facebook.com\/profile.php?id=100063824551839\" \/>\n<meta property=\"article:modified_time\" content=\"2025-09-13T06:39:33+00:00\" \/>\n<meta property=\"og:image\" content=\"https:\/\/www.facecorner.lv\/wp-content\/uploads\/2024\/07\/VT-CICA-RETI-A-7-DAYS-MASK-zestaw-masek-z-retinolem.webp\" \/>\n\t<meta property=\"og:image:width\" content=\"512\" \/>\n\t<meta property=\"og:image:height\" content=\"512\" \/>\n\t<meta property=\"og:image:type\" content=\"image\/webp\" \/>\n<meta name=\"twitter:card\" content=\"summary_large_image\" \/>\n<meta name=\"twitter:label1\" content=\"Price\" \/>\n\t<meta name=\"twitter:data1\" content=\"&euro;16.00\" \/>\n\t<meta name=\"twitter:label2\" content=\"Availability\" \/>\n\t<meta name=\"twitter:data2\" content=\"Out of stock\" \/>\n<script type=\"application\/ld+json\" class=\"yoast-schema-graph\">{\"@context\":\"https:\\\/\\\/schema.org\",\"@graph\":[{\"@type\":\"WebPage\",\"@id\":\"https:\\\/\\\/www.facecorner.lv\\\/shop\\\/vt-cosmetics-cica-reti-a-mask-7ea\\\/\",\"url\":\"https:\\\/\\\/www.facecorner.lv\\\/shop\\\/vt-cosmetics-cica-reti-a-mask-7ea\\\/\",\"name\":\"VT Cosmetics Cica Reti-A Mask 7ea - FACECORNER\",\"isPartOf\":{\"@id\":\"https:\\\/\\\/www.facecorner.lv\\\/#website\"},\"primaryImageOfPage\":{\"@id\":\"https:\\\/\\\/www.facecorner.lv\\\/shop\\\/vt-cosmetics-cica-reti-a-mask-7ea\\\/#primaryimage\"},\"image\":{\"@id\":\"https:\\\/\\\/www.facecorner.lv\\\/shop\\\/vt-cosmetics-cica-reti-a-mask-7ea\\\/#primaryimage\"},\"thumbnailUrl\":\"https:\\\/\\\/www.facecorner.lv\\\/wp-content\\\/uploads\\\/2024\\\/07\\\/VT-CICA-RETI-A-7-DAYS-MASK-zestaw-masek-z-retinolem.webp\",\"datePublished\":\"2024-07-16T16:05:29+00:00\",\"dateModified\":\"2025-09-13T06:39:33+00:00\",\"description\":\"VT Cosmetics Cica Reti-A masku komplekts ar retinolu ir ar sp\u0113c\u012bgu antioksidantu iedarb\u012bbu, uzlabo sejas kr\u0101su, uztur \u0101du vesel\u012bgu.\",\"breadcrumb\":{\"@id\":\"https:\\\/\\\/www.facecorner.lv\\\/shop\\\/vt-cosmetics-cica-reti-a-mask-7ea\\\/#breadcrumb\"},\"inLanguage\":\"lv-LV\",\"potentialAction\":[{\"@type\":\"ReadAction\",\"target\":[\"https:\\\/\\\/www.facecorner.lv\\\/shop\\\/vt-cosmetics-cica-reti-a-mask-7ea\\\/\"]}]},{\"@type\":\"ImageObject\",\"inLanguage\":\"lv-LV\",\"@id\":\"https:\\\/\\\/www.facecorner.lv\\\/shop\\\/vt-cosmetics-cica-reti-a-mask-7ea\\\/#primaryimage\",\"url\":\"https:\\\/\\\/www.facecorner.lv\\\/wp-content\\\/uploads\\\/2024\\\/07\\\/VT-CICA-RETI-A-7-DAYS-MASK-zestaw-masek-z-retinolem.webp\",\"contentUrl\":\"https:\\\/\\\/www.facecorner.lv\\\/wp-content\\\/uploads\\\/2024\\\/07\\\/VT-CICA-RETI-A-7-DAYS-MASK-zestaw-masek-z-retinolem.webp\",\"width\":512,\"height\":512,\"caption\":\"VT Cosmetics Cica Reti-A Mask\"},{\"@type\":\"BreadcrumbList\",\"@id\":\"https:\\\/\\\/www.facecorner.lv\\\/shop\\\/vt-cosmetics-cica-reti-a-mask-7ea\\\/#breadcrumb\",\"itemListElement\":[{\"@type\":\"ListItem\",\"position\":1,\"name\":\"Home\",\"item\":\"https:\\\/\\\/www.facecorner.lv\\\/\"},{\"@type\":\"ListItem\",\"position\":2,\"name\":\"Veikals\",\"item\":\"https:\\\/\\\/www.facecorner.lv\\\/shop\\\/\"},{\"@type\":\"ListItem\",\"position\":3,\"name\":\"VT Cosmetics Cica Reti-A Mask 7ea\"}]},{\"@type\":\"WebSite\",\"@id\":\"https:\\\/\\\/www.facecorner.lv\\\/#website\",\"url\":\"https:\\\/\\\/www.facecorner.lv\\\/\",\"name\":\"Facecorner\",\"description\":\"\",\"publisher\":{\"@id\":\"https:\\\/\\\/www.facecorner.lv\\\/#organization\"},\"potentialAction\":[{\"@type\":\"SearchAction\",\"target\":{\"@type\":\"EntryPoint\",\"urlTemplate\":\"https:\\\/\\\/www.facecorner.lv\\\/?s={search_term_string}\"},\"query-input\":{\"@type\":\"PropertyValueSpecification\",\"valueRequired\":true,\"valueName\":\"search_term_string\"}}],\"inLanguage\":\"lv-LV\"},{\"@type\":\"Organization\",\"@id\":\"https:\\\/\\\/www.facecorner.lv\\\/#organization\",\"name\":\"Facecorner\",\"url\":\"https:\\\/\\\/www.facecorner.lv\\\/\",\"logo\":{\"@type\":\"ImageObject\",\"inLanguage\":\"lv-LV\",\"@id\":\"https:\\\/\\\/www.facecorner.lv\\\/#\\\/schema\\\/logo\\\/image\\\/\",\"url\":\"https:\\\/\\\/www.facecorner.lv\\\/wp-content\\\/uploads\\\/2024\\\/04\\\/fc-logo.jpg\",\"contentUrl\":\"https:\\\/\\\/www.facecorner.lv\\\/wp-content\\\/uploads\\\/2024\\\/04\\\/fc-logo.jpg\",\"width\":174,\"height\":28,\"caption\":\"Facecorner\"},\"image\":{\"@id\":\"https:\\\/\\\/www.facecorner.lv\\\/#\\\/schema\\\/logo\\\/image\\\/\"},\"sameAs\":[\"https:\\\/\\\/www.facebook.com\\\/profile.php?id=100063824551839\",\"https:\\\/\\\/www.instagram.com\\\/facecorner_shop\\\/\"]}]}<\/script>\n<meta property=\"product:price:amount\" content=\"16.00\" \/>\n<meta property=\"product:price:currency\" content=\"EUR\" \/>\n<meta property=\"og:availability\" content=\"out of stock\" \/>\n<meta property=\"product:availability\" content=\"out of stock\" \/>\n<meta property=\"product:condition\" content=\"new\" \/>\n<!-- \/ Yoast SEO plugin. -->","yoast_head_json":{"title":"VT Cosmetics Cica Reti-A Mask 7ea - FACECORNER","description":"VT Cosmetics Cica Reti-A masku komplekts ar retinolu ir ar sp\u0113c\u012bgu antioksidantu iedarb\u012bbu, uzlabo sejas kr\u0101su, uztur \u0101du vesel\u012bgu.","robots":{"index":"index","follow":"follow","max-snippet":"max-snippet:-1","max-image-preview":"max-image-preview:large","max-video-preview":"max-video-preview:-1"},"canonical":"https:\/\/www.facecorner.lv\/lv\/shop\/vt-cosmetics-cica-reti-a-mask-7ea\/","og_locale":"lv_LV","og_type":"article","og_title":"VT Cosmetics Cica Reti-A Mask 7ea - FACECORNER","og_description":"VT Cosmetics Cica Reti-A masku komplekts ar retinolu ir ar sp\u0113c\u012bgu antioksidantu iedarb\u012bbu, uzlabo sejas kr\u0101su, uztur \u0101du vesel\u012bgu.","og_url":"https:\/\/www.facecorner.lv\/lv\/shop\/vt-cosmetics-cica-reti-a-mask-7ea\/","og_site_name":"FACECORNER","article_publisher":"https:\/\/www.facebook.com\/profile.php?id=100063824551839","article_modified_time":"2025-09-13T06:39:33+00:00","og_image":[{"width":512,"height":512,"url":"https:\/\/www.facecorner.lv\/wp-content\/uploads\/2024\/07\/VT-CICA-RETI-A-7-DAYS-MASK-zestaw-masek-z-retinolem.webp","type":"image\/webp"}],"twitter_card":"summary_large_image","twitter_misc":{"Price":"&euro;16.00","Availability":"Out of stock"},"schema":{"@context":"https:\/\/schema.org","@graph":[{"@type":"WebPage","@id":"https:\/\/www.facecorner.lv\/shop\/vt-cosmetics-cica-reti-a-mask-7ea\/","url":"https:\/\/www.facecorner.lv\/shop\/vt-cosmetics-cica-reti-a-mask-7ea\/","name":"VT Cosmetics Cica Reti-A Mask 7ea - FACECORNER","isPartOf":{"@id":"https:\/\/www.facecorner.lv\/#website"},"primaryImageOfPage":{"@id":"https:\/\/www.facecorner.lv\/shop\/vt-cosmetics-cica-reti-a-mask-7ea\/#primaryimage"},"image":{"@id":"https:\/\/www.facecorner.lv\/shop\/vt-cosmetics-cica-reti-a-mask-7ea\/#primaryimage"},"thumbnailUrl":"https:\/\/www.facecorner.lv\/wp-content\/uploads\/2024\/07\/VT-CICA-RETI-A-7-DAYS-MASK-zestaw-masek-z-retinolem.webp","datePublished":"2024-07-16T16:05:29+00:00","dateModified":"2025-09-13T06:39:33+00:00","description":"VT Cosmetics Cica Reti-A masku komplekts ar retinolu ir ar sp\u0113c\u012bgu antioksidantu iedarb\u012bbu, uzlabo sejas kr\u0101su, uztur \u0101du vesel\u012bgu.","breadcrumb":{"@id":"https:\/\/www.facecorner.lv\/shop\/vt-cosmetics-cica-reti-a-mask-7ea\/#breadcrumb"},"inLanguage":"lv-LV","potentialAction":[{"@type":"ReadAction","target":["https:\/\/www.facecorner.lv\/shop\/vt-cosmetics-cica-reti-a-mask-7ea\/"]}]},{"@type":"ImageObject","inLanguage":"lv-LV","@id":"https:\/\/www.facecorner.lv\/shop\/vt-cosmetics-cica-reti-a-mask-7ea\/#primaryimage","url":"https:\/\/www.facecorner.lv\/wp-content\/uploads\/2024\/07\/VT-CICA-RETI-A-7-DAYS-MASK-zestaw-masek-z-retinolem.webp","contentUrl":"https:\/\/www.facecorner.lv\/wp-content\/uploads\/2024\/07\/VT-CICA-RETI-A-7-DAYS-MASK-zestaw-masek-z-retinolem.webp","width":512,"height":512,"caption":"VT Cosmetics Cica Reti-A Mask"},{"@type":"BreadcrumbList","@id":"https:\/\/www.facecorner.lv\/shop\/vt-cosmetics-cica-reti-a-mask-7ea\/#breadcrumb","itemListElement":[{"@type":"ListItem","position":1,"name":"Home","item":"https:\/\/www.facecorner.lv\/"},{"@type":"ListItem","position":2,"name":"Veikals","item":"https:\/\/www.facecorner.lv\/shop\/"},{"@type":"ListItem","position":3,"name":"VT Cosmetics Cica Reti-A Mask 7ea"}]},{"@type":"WebSite","@id":"https:\/\/www.facecorner.lv\/#website","url":"https:\/\/www.facecorner.lv\/","name":"Facecorner","description":"","publisher":{"@id":"https:\/\/www.facecorner.lv\/#organization"},"potentialAction":[{"@type":"SearchAction","target":{"@type":"EntryPoint","urlTemplate":"https:\/\/www.facecorner.lv\/?s={search_term_string}"},"query-input":{"@type":"PropertyValueSpecification","valueRequired":true,"valueName":"search_term_string"}}],"inLanguage":"lv-LV"},{"@type":"Organization","@id":"https:\/\/www.facecorner.lv\/#organization","name":"Facecorner","url":"https:\/\/www.facecorner.lv\/","logo":{"@type":"ImageObject","inLanguage":"lv-LV","@id":"https:\/\/www.facecorner.lv\/#\/schema\/logo\/image\/","url":"https:\/\/www.facecorner.lv\/wp-content\/uploads\/2024\/04\/fc-logo.jpg","contentUrl":"https:\/\/www.facecorner.lv\/wp-content\/uploads\/2024\/04\/fc-logo.jpg","width":174,"height":28,"caption":"Facecorner"},"image":{"@id":"https:\/\/www.facecorner.lv\/#\/schema\/logo\/image\/"},"sameAs":["https:\/\/www.facebook.com\/profile.php?id=100063824551839","https:\/\/www.instagram.com\/facecorner_shop\/"]}]},"product_price_amount":"16.00","product_price_currency":"EUR","og_availability":"out of stock","product_availability":"out of stock","product_condition":"new"},"_links":{"self":[{"href":"https:\/\/www.facecorner.lv\/lv\/wp-json\/wp\/v2\/product\/19624","targetHints":{"allow":["GET"]}}],"collection":[{"href":"https:\/\/www.facecorner.lv\/lv\/wp-json\/wp\/v2\/product"}],"about":[{"href":"https:\/\/www.facecorner.lv\/lv\/wp-json\/wp\/v2\/types\/product"}],"replies":[{"embeddable":true,"href":"https:\/\/www.facecorner.lv\/lv\/wp-json\/wp\/v2\/comments?post=19624"}],"wp:featuredmedia":[{"embeddable":true,"href":"https:\/\/www.facecorner.lv\/lv\/wp-json\/wp\/v2\/media\/19625"}],"wp:attachment":[{"href":"https:\/\/www.facecorner.lv\/lv\/wp-json\/wp\/v2\/media?parent=19624"}],"wp:term":[{"taxonomy":"product_brand","embeddable":true,"href":"https:\/\/www.facecorner.lv\/lv\/wp-json\/wp\/v2\/product_brand?post=19624"},{"taxonomy":"product_cat","embeddable":true,"href":"https:\/\/www.facecorner.lv\/lv\/wp-json\/wp\/v2\/product_cat?post=19624"},{"taxonomy":"product_tag","embeddable":true,"href":"https:\/\/www.facecorner.lv\/lv\/wp-json\/wp\/v2\/product_tag?post=19624"},{"taxonomy":"berocket_brand","embeddable":true,"href":"https:\/\/www.facecorner.lv\/lv\/wp-json\/wp\/v2\/berocket_brand?post=19624"}],"curies":[{"name":"wp","href":"https:\/\/api.w.org\/{rel}","templated":true}]}}