{"id":19605,"date":"2024-07-16T11:53:38","date_gmt":"2024-07-16T09:53:38","guid":{"rendered":"https:\/\/www.facecorner.lv\/?post_type=product&#038;p=19605"},"modified":"2025-12-18T13:13:32","modified_gmt":"2025-12-18T10:13:32","slug":"vt-cosmetics-reedle-shot-300-50ml","status":"publish","type":"product","link":"https:\/\/www.facecorner.lv\/lv\/shop\/vt-cosmetics-reedle-shot-300-50ml\/","title":{"rendered":"VT Cosmetics Reedle Shot 300 50ml"},"content":{"rendered":"<p>VT Cosmetics Reedle Shot 300 Intens\u012bvais pastiprino\u0161ais serums ar mikro adat\u0101m iedarbina \u0101das revitaliz\u0101cijas un atjauno\u0161anas meh\u0101nismus, veicot maigu p\u012blingu un atjauno\u0161anu. Produkta iedarb\u012bba ir v\u0113rsta uz \u0101das tekst\u016bras p\u0101rveido\u0161anu un sejas kr\u0101sas uzlabo\u0161anu. T\u0101 regul\u0101ra lieto\u0161ana izl\u012bdzina mikroreljefu, samazina poru izm\u0113ru un dzi\u013cumu, samazina hiperkeratozes bie\u017eumu. Produkts nodro\u0161ina pak\u0101penisku da\u017e\u0101das izcelsmes pigment\u0101cijas: vasaras raibumu, p\u0113peguna, br\u016bnu un dzeltenu to\u0146u pigmenta plankumu &#8211; balin\u0101\u0161anai. Serums papildina mitruma defic\u012btu epidermas raga sl\u0101n\u012b, pie\u0161\u0137ir tvirtumu, elast\u012bbu un mirdzumu.<\/p>\n<p>CicaHyalon komplekss (4 veidu hialuronsk\u0101be, asiatisk\u0101s centellas atvasin\u0101jumi, za\u013cais propoliss) intens\u012bvi mitrina, iedarbojas pretiekaisuma, mazina \u0101das reaktivit\u0101ti un stiprina dabisko aizsargbarjeru.<\/p>\n<p>CicaReedle mikro\u0161\u0137iedru tehnolo\u0123ija (237 000 ppm) nodro\u0161ina akt\u012bvo sast\u0101vda\u013cu pieg\u0101di dzi\u013cos epidermas sl\u0101\u0146os un stimul\u0113 \u0161\u016bnu atjauno\u0161an\u0101s procesus. Mikros\u012bpoli ir 14 rei\u017eu maz\u0101ki par poru izm\u0113ru, to apvalks satur 14 veidu miner\u0101lvielas, kas nepiecie\u0161amas iekaisuma nom\u0101k\u0161anai un dzied\u0113\u0161anas pa\u0101trin\u0101\u0161anai, uzlabojot sk\u0101bek\u013ca vielmai\u0146u.<\/p>\n<p><strong>Galven\u0101s akt\u012bv\u0101s sast\u0101vda\u013cas:<\/strong><\/p>\n<ul>\n<li>17 veidu aminosk\u0101bju komplekss darbojas k\u0101 antioksidants, stiprina aizsargbarjeru un samazina \u0101das hiperreaktivit\u0101ti. Atjauno \u0161\u016bnu strukt\u016bru, papildina kerat\u012bna, kolag\u0113na, elast\u012bna tr\u016bkumus. Samazina pigment\u0101ciju, jo iedarbojas uz vielmai\u0146as procesiem.<\/li>\n<li>Centella Asiatica kompleksam (Asiaticoside, Asiatic acid, Madekassovaya acid, Madekassosid) piem\u012bt pretiekaisuma un br\u016b\u010du dziedino\u0161a iedarb\u012bba, pal\u012bdz atjaunot barjeras \u012bpa\u0161\u012bbas un mitruma saglab\u0101\u0161anu, samazina jut\u012bgumu, mazina t\u016bsku, darbojas vazokonstrikt\u012bvi, nov\u0113r\u0161 kuperozi.<\/li>\n<li>Za\u013c\u0101 propolisa ekstrakts nov\u0113r\u0161 pinnes veido\u0161anos, atjauno hidrolip\u012bdu l\u012bdzsvaru, stiprina aizsargbarjeru un mazina \u0101r\u0113jo faktoru agres\u012bvo iedarb\u012bbu. Nov\u0113r\u0161 \u0101das lob\u012b\u0161anos un sausumu, baro un m\u012bkstina.<\/li>\n<li>4 veidu hialuronsk\u0101be veido neredzamu barjeru, nov\u0113r\u0161ot mitruma iztvaiko\u0161anu, pa\u0101trina \u0161\u016bnu re\u0123ener\u0101cijas procesus, izl\u012bdzina grumbas.<\/li>\n<li>Niacinam\u012bds (vitam\u012bns B3) pal\u0113nina melan\u012bna pieg\u0101di epiderm\u0101, nov\u0113r\u0161 pigmenta plankumu veido\u0161anos, samazina jut\u012bbu pret \u0101r\u0113jiem kairin\u0101t\u0101jiem, izl\u012bdzina tonusu, veicina kolag\u0113na veido\u0161anos un bl\u012bvumu.<\/li>\n<\/ul>\n<p><strong>Lieto\u0161ana:<\/strong> vakara kop\u0161anas laik\u0101 uz iepriek\u0161 att\u012br\u012btas \u0101das uzkl\u0101jiet nepiecie\u0161amo produkta daudzumu, izkl\u0101jiet ar pirkstiem un pagaidiet, l\u012bdz piln\u012bb\u0101 ies\u016bcas. Turpiniet kop\u0161anu ar toniz\u0113\u0161anas un mitrin\u0101\u0161anas posmiem. Serumu ieteicams lietot 2-3 reizes ned\u0113\u013c\u0101.<\/p>\n<p><strong>Uzman\u012bbu VT Cosmetics Cica Reedle Shot 300 Intens\u012bvais pastiprino\u0161ais serums p\u0113c lieto\u0161anas var izrais\u012bt tirp\u0161anas saj\u016btu. Nav ieteicams lietot p\u0113c dermatolo\u0123isk\u0101m proced\u016br\u0101m, kas traum\u0113 raga sl\u0101ni: p\u012blings, apar\u0101tkosmetolo\u0123ija, injekcijas.<\/strong><\/p>\n<p><strong>S\u0101stavs:<\/strong> Purified Water, Dipropylene Glycol, Glycerin, Niacinamide, Butylene Glycol, Macadamia Seed Oil, 1,2-hexanediol, Ethylhexyl Palmitate, Silica, Sodium Acrylate\/sodium Acryloyldimethyl Taurate Polymer, Polyisobutene, Glycereth-26, Ethylhexylglycerin, Caprylyl Glycol, Adenosine, Sodium Polyacrylate, Centella Asiatica Extract, Sodium Hyaluronate, Caprylyl\/capryl Glucoside, Sorbitan Oleate, Xanthan Gum, Propolis Extract, Asiaticoside, Madecassoside, Madecassic Acid, Asiatic Acid, Glycine, Serine, Glutamic Acid, Aspartic Acid, Leucine, Alanine, Lysine, Arginine, Tyrosine, Phenylalanine, Threonine, Proline, Valine, Isoleucine, Histidine, Methionine, Cysteine.<\/p>\n","protected":false},"excerpt":{"rendered":"<p>Intens\u012bvs stiprino\u0161s serums ar mikro\u0161\u0137iedr\u0101m VT Cosmetics Reedle Shot 300 iedarbina \u0101das atdz\u012bvin\u0101\u0161anas un atjauno\u0161anas meh\u0101nismus, veicot maigu p\u012blingu un re\u0123ener\u0101ciju. L\u012bdzeklis uzlabo sejas kr\u0101su, c\u012bn\u0101s ar bl\u0101vumu un pigment\u0101ciju, samazina poru lielumu un dzi\u013cumu, efekt\u012bvi nov\u0113r\u0161 hiperkeratozi. Satur Centella asiatica kompleksu, 4 veidu hialuronsk\u0101bi, 17 veidu aminosk\u0101bes, niacinam\u012bdu.<\/p>\n","protected":false},"featured_media":19607,"comment_status":"open","ping_status":"closed","template":"","meta":{"site-sidebar-layout":"default","site-content-layout":"","ast-site-content-layout":"default","site-content-style":"default","site-sidebar-style":"default","ast-global-header-display":"","ast-banner-title-visibility":"","ast-main-header-display":"","ast-hfb-above-header-display":"","ast-hfb-below-header-display":"","ast-hfb-mobile-header-display":"","site-post-title":"","ast-breadcrumbs-content":"","ast-featured-img":"","footer-sml-layout":"","theme-transparent-header-meta":"default","adv-header-id-meta":"","stick-header-meta":"","header-above-stick-meta":"","header-main-stick-meta":"","header-below-stick-meta":"","astra-migrate-meta-layouts":"set","ast-page-background-enabled":"default","ast-page-background-meta":{"desktop":{"background-color":"var(--ast-global-color-4)","background-image":"","background-repeat":"repeat","background-position":"center center","background-size":"auto","background-attachment":"scroll","background-type":"","background-media":"","overlay-type":"","overlay-color":"","overlay-opacity":"","overlay-gradient":""},"tablet":{"background-color":"","background-image":"","background-repeat":"repeat","background-position":"center center","background-size":"auto","background-attachment":"scroll","background-type":"","background-media":"","overlay-type":"","overlay-color":"","overlay-opacity":"","overlay-gradient":""},"mobile":{"background-color":"","background-image":"","background-repeat":"repeat","background-position":"center center","background-size":"auto","background-attachment":"scroll","background-type":"","background-media":"","overlay-type":"","overlay-color":"","overlay-opacity":"","overlay-gradient":""}},"ast-content-background-meta":{"desktop":{"background-color":"var(--ast-global-color-5)","background-image":"","background-repeat":"repeat","background-position":"center center","background-size":"auto","background-attachment":"scroll","background-type":"","background-media":"","overlay-type":"","overlay-color":"","overlay-opacity":"","overlay-gradient":""},"tablet":{"background-color":"var(--ast-global-color-5)","background-image":"","background-repeat":"repeat","background-position":"center center","background-size":"auto","background-attachment":"scroll","background-type":"","background-media":"","overlay-type":"","overlay-color":"","overlay-opacity":"","overlay-gradient":""},"mobile":{"background-color":"var(--ast-global-color-5)","background-image":"","background-repeat":"repeat","background-position":"center center","background-size":"auto","background-attachment":"scroll","background-type":"","background-media":"","overlay-type":"","overlay-color":"","overlay-opacity":"","overlay-gradient":""}}},"product_brand":[],"product_cat":[511,367,368,369,362],"product_tag":[],"berocket_brand":[582],"class_list":{"0":"post-19605","1":"product","2":"type-product","3":"status-publish","4":"has-post-thumbnail","6":"product_cat-atlaides","7":"product_cat-nomierinoss","8":"product_cat-pret-grumbam","9":"product_cat-problematiskai-adai-sejas-krems","10":"product_cat-sejas-krems","11":"berocket_brand-vt","12":"desktop-align-left","13":"tablet-align-left","14":"mobile-align-left","16":"first","17":"outofstock","18":"sale","19":"taxable","20":"shipping-taxable","21":"purchasable","22":"product-type-simple","23":"add-to-wishlist-before_image"},"yoast_head":"<!-- This site is optimized with the Yoast SEO plugin v27.4 - https:\/\/yoast.com\/product\/yoast-seo-wordpress\/ -->\n<title>VT Cosmetics Reedle Shot 300 50ml - FACECORNER<\/title>\n<meta name=\"description\" content=\"Intens\u012bvs stiprino\u0161s serums ar mikro\u0161\u0137iedr\u0101m VT Cosmetics Reedle Shot 300 iedarbina \u0101das atdz\u012bvin\u0101\u0161anas un atjauno\u0161anas meh\u0101nismus.\" \/>\n<meta name=\"robots\" content=\"index, follow, max-snippet:-1, max-image-preview:large, max-video-preview:-1\" \/>\n<link rel=\"canonical\" href=\"https:\/\/www.facecorner.lv\/lv\/shop\/vt-cosmetics-reedle-shot-300-50ml\/\" \/>\n<meta property=\"og:locale\" content=\"lv_LV\" \/>\n<meta property=\"og:type\" content=\"article\" \/>\n<meta property=\"og:title\" content=\"VT Cosmetics Reedle Shot 300 50ml - FACECORNER\" \/>\n<meta property=\"og:description\" content=\"Intens\u012bvs stiprino\u0161s serums ar mikro\u0161\u0137iedr\u0101m VT Cosmetics Reedle Shot 300 iedarbina \u0101das atdz\u012bvin\u0101\u0161anas un atjauno\u0161anas meh\u0101nismus.\" \/>\n<meta property=\"og:url\" content=\"https:\/\/www.facecorner.lv\/lv\/shop\/vt-cosmetics-reedle-shot-300-50ml\/\" \/>\n<meta property=\"og:site_name\" content=\"FACECORNER\" \/>\n<meta property=\"article:publisher\" content=\"https:\/\/www.facebook.com\/profile.php?id=100063824551839\" \/>\n<meta property=\"article:modified_time\" content=\"2025-12-18T10:13:32+00:00\" \/>\n<meta property=\"og:image\" content=\"https:\/\/www.facecorner.lv\/wp-content\/uploads\/2024\/07\/max_100130.jpg\" \/>\n\t<meta property=\"og:image:width\" content=\"750\" \/>\n\t<meta property=\"og:image:height\" content=\"750\" \/>\n\t<meta property=\"og:image:type\" content=\"image\/jpeg\" \/>\n<meta name=\"twitter:card\" content=\"summary_large_image\" \/>\n<meta name=\"twitter:label1\" content=\"Price\" \/>\n\t<meta name=\"twitter:data1\" content=\"&euro;32.90\" \/>\n\t<meta name=\"twitter:label2\" content=\"Availability\" \/>\n\t<meta name=\"twitter:data2\" content=\"Out of stock\" \/>\n<script type=\"application\/ld+json\" class=\"yoast-schema-graph\">{\"@context\":\"https:\\\/\\\/schema.org\",\"@graph\":[{\"@type\":\"WebPage\",\"@id\":\"https:\\\/\\\/www.facecorner.lv\\\/shop\\\/vt-cosmetics-reedle-shot-300-50ml\\\/\",\"url\":\"https:\\\/\\\/www.facecorner.lv\\\/shop\\\/vt-cosmetics-reedle-shot-300-50ml\\\/\",\"name\":\"VT Cosmetics Reedle Shot 300 50ml - FACECORNER\",\"isPartOf\":{\"@id\":\"https:\\\/\\\/www.facecorner.lv\\\/#website\"},\"primaryImageOfPage\":{\"@id\":\"https:\\\/\\\/www.facecorner.lv\\\/shop\\\/vt-cosmetics-reedle-shot-300-50ml\\\/#primaryimage\"},\"image\":{\"@id\":\"https:\\\/\\\/www.facecorner.lv\\\/shop\\\/vt-cosmetics-reedle-shot-300-50ml\\\/#primaryimage\"},\"thumbnailUrl\":\"https:\\\/\\\/www.facecorner.lv\\\/wp-content\\\/uploads\\\/2024\\\/07\\\/max_100130.jpg\",\"datePublished\":\"2024-07-16T09:53:38+00:00\",\"dateModified\":\"2025-12-18T10:13:32+00:00\",\"description\":\"Intens\u012bvs stiprino\u0161s serums ar mikro\u0161\u0137iedr\u0101m VT Cosmetics Reedle Shot 300 iedarbina \u0101das atdz\u012bvin\u0101\u0161anas un atjauno\u0161anas meh\u0101nismus.\",\"breadcrumb\":{\"@id\":\"https:\\\/\\\/www.facecorner.lv\\\/shop\\\/vt-cosmetics-reedle-shot-300-50ml\\\/#breadcrumb\"},\"inLanguage\":\"lv-LV\",\"potentialAction\":[{\"@type\":\"ReadAction\",\"target\":[\"https:\\\/\\\/www.facecorner.lv\\\/shop\\\/vt-cosmetics-reedle-shot-300-50ml\\\/\"]}]},{\"@type\":\"ImageObject\",\"inLanguage\":\"lv-LV\",\"@id\":\"https:\\\/\\\/www.facecorner.lv\\\/shop\\\/vt-cosmetics-reedle-shot-300-50ml\\\/#primaryimage\",\"url\":\"https:\\\/\\\/www.facecorner.lv\\\/wp-content\\\/uploads\\\/2024\\\/07\\\/max_100130.jpg\",\"contentUrl\":\"https:\\\/\\\/www.facecorner.lv\\\/wp-content\\\/uploads\\\/2024\\\/07\\\/max_100130.jpg\",\"width\":750,\"height\":750,\"caption\":\"VT Cosmetics Reedle Shot 300\"},{\"@type\":\"BreadcrumbList\",\"@id\":\"https:\\\/\\\/www.facecorner.lv\\\/shop\\\/vt-cosmetics-reedle-shot-300-50ml\\\/#breadcrumb\",\"itemListElement\":[{\"@type\":\"ListItem\",\"position\":1,\"name\":\"Home\",\"item\":\"https:\\\/\\\/www.facecorner.lv\\\/\"},{\"@type\":\"ListItem\",\"position\":2,\"name\":\"Veikals\",\"item\":\"https:\\\/\\\/www.facecorner.lv\\\/shop\\\/\"},{\"@type\":\"ListItem\",\"position\":3,\"name\":\"VT Cosmetics Reedle Shot 300 50ml\"}]},{\"@type\":\"WebSite\",\"@id\":\"https:\\\/\\\/www.facecorner.lv\\\/#website\",\"url\":\"https:\\\/\\\/www.facecorner.lv\\\/\",\"name\":\"Facecorner\",\"description\":\"\",\"publisher\":{\"@id\":\"https:\\\/\\\/www.facecorner.lv\\\/#organization\"},\"potentialAction\":[{\"@type\":\"SearchAction\",\"target\":{\"@type\":\"EntryPoint\",\"urlTemplate\":\"https:\\\/\\\/www.facecorner.lv\\\/?s={search_term_string}\"},\"query-input\":{\"@type\":\"PropertyValueSpecification\",\"valueRequired\":true,\"valueName\":\"search_term_string\"}}],\"inLanguage\":\"lv-LV\"},{\"@type\":\"Organization\",\"@id\":\"https:\\\/\\\/www.facecorner.lv\\\/#organization\",\"name\":\"Facecorner\",\"url\":\"https:\\\/\\\/www.facecorner.lv\\\/\",\"logo\":{\"@type\":\"ImageObject\",\"inLanguage\":\"lv-LV\",\"@id\":\"https:\\\/\\\/www.facecorner.lv\\\/#\\\/schema\\\/logo\\\/image\\\/\",\"url\":\"https:\\\/\\\/www.facecorner.lv\\\/wp-content\\\/uploads\\\/2024\\\/04\\\/fc-logo.jpg\",\"contentUrl\":\"https:\\\/\\\/www.facecorner.lv\\\/wp-content\\\/uploads\\\/2024\\\/04\\\/fc-logo.jpg\",\"width\":174,\"height\":28,\"caption\":\"Facecorner\"},\"image\":{\"@id\":\"https:\\\/\\\/www.facecorner.lv\\\/#\\\/schema\\\/logo\\\/image\\\/\"},\"sameAs\":[\"https:\\\/\\\/www.facebook.com\\\/profile.php?id=100063824551839\",\"https:\\\/\\\/www.instagram.com\\\/facecorner_shop\\\/\"]}]}<\/script>\n<meta property=\"product:price:amount\" content=\"32.90\" \/>\n<meta property=\"product:price:currency\" content=\"EUR\" \/>\n<meta property=\"og:availability\" content=\"out of stock\" \/>\n<meta property=\"product:availability\" content=\"out of stock\" \/>\n<meta property=\"product:condition\" content=\"new\" \/>\n<!-- \/ Yoast SEO plugin. -->","yoast_head_json":{"title":"VT Cosmetics Reedle Shot 300 50ml - FACECORNER","description":"Intens\u012bvs stiprino\u0161s serums ar mikro\u0161\u0137iedr\u0101m VT Cosmetics Reedle Shot 300 iedarbina \u0101das atdz\u012bvin\u0101\u0161anas un atjauno\u0161anas meh\u0101nismus.","robots":{"index":"index","follow":"follow","max-snippet":"max-snippet:-1","max-image-preview":"max-image-preview:large","max-video-preview":"max-video-preview:-1"},"canonical":"https:\/\/www.facecorner.lv\/lv\/shop\/vt-cosmetics-reedle-shot-300-50ml\/","og_locale":"lv_LV","og_type":"article","og_title":"VT Cosmetics Reedle Shot 300 50ml - FACECORNER","og_description":"Intens\u012bvs stiprino\u0161s serums ar mikro\u0161\u0137iedr\u0101m VT Cosmetics Reedle Shot 300 iedarbina \u0101das atdz\u012bvin\u0101\u0161anas un atjauno\u0161anas meh\u0101nismus.","og_url":"https:\/\/www.facecorner.lv\/lv\/shop\/vt-cosmetics-reedle-shot-300-50ml\/","og_site_name":"FACECORNER","article_publisher":"https:\/\/www.facebook.com\/profile.php?id=100063824551839","article_modified_time":"2025-12-18T10:13:32+00:00","og_image":[{"width":750,"height":750,"url":"https:\/\/www.facecorner.lv\/wp-content\/uploads\/2024\/07\/max_100130.jpg","type":"image\/jpeg"}],"twitter_card":"summary_large_image","twitter_misc":{"Price":"&euro;32.90","Availability":"Out of stock"},"schema":{"@context":"https:\/\/schema.org","@graph":[{"@type":"WebPage","@id":"https:\/\/www.facecorner.lv\/shop\/vt-cosmetics-reedle-shot-300-50ml\/","url":"https:\/\/www.facecorner.lv\/shop\/vt-cosmetics-reedle-shot-300-50ml\/","name":"VT Cosmetics Reedle Shot 300 50ml - FACECORNER","isPartOf":{"@id":"https:\/\/www.facecorner.lv\/#website"},"primaryImageOfPage":{"@id":"https:\/\/www.facecorner.lv\/shop\/vt-cosmetics-reedle-shot-300-50ml\/#primaryimage"},"image":{"@id":"https:\/\/www.facecorner.lv\/shop\/vt-cosmetics-reedle-shot-300-50ml\/#primaryimage"},"thumbnailUrl":"https:\/\/www.facecorner.lv\/wp-content\/uploads\/2024\/07\/max_100130.jpg","datePublished":"2024-07-16T09:53:38+00:00","dateModified":"2025-12-18T10:13:32+00:00","description":"Intens\u012bvs stiprino\u0161s serums ar mikro\u0161\u0137iedr\u0101m VT Cosmetics Reedle Shot 300 iedarbina \u0101das atdz\u012bvin\u0101\u0161anas un atjauno\u0161anas meh\u0101nismus.","breadcrumb":{"@id":"https:\/\/www.facecorner.lv\/shop\/vt-cosmetics-reedle-shot-300-50ml\/#breadcrumb"},"inLanguage":"lv-LV","potentialAction":[{"@type":"ReadAction","target":["https:\/\/www.facecorner.lv\/shop\/vt-cosmetics-reedle-shot-300-50ml\/"]}]},{"@type":"ImageObject","inLanguage":"lv-LV","@id":"https:\/\/www.facecorner.lv\/shop\/vt-cosmetics-reedle-shot-300-50ml\/#primaryimage","url":"https:\/\/www.facecorner.lv\/wp-content\/uploads\/2024\/07\/max_100130.jpg","contentUrl":"https:\/\/www.facecorner.lv\/wp-content\/uploads\/2024\/07\/max_100130.jpg","width":750,"height":750,"caption":"VT Cosmetics Reedle Shot 300"},{"@type":"BreadcrumbList","@id":"https:\/\/www.facecorner.lv\/shop\/vt-cosmetics-reedle-shot-300-50ml\/#breadcrumb","itemListElement":[{"@type":"ListItem","position":1,"name":"Home","item":"https:\/\/www.facecorner.lv\/"},{"@type":"ListItem","position":2,"name":"Veikals","item":"https:\/\/www.facecorner.lv\/shop\/"},{"@type":"ListItem","position":3,"name":"VT Cosmetics Reedle Shot 300 50ml"}]},{"@type":"WebSite","@id":"https:\/\/www.facecorner.lv\/#website","url":"https:\/\/www.facecorner.lv\/","name":"Facecorner","description":"","publisher":{"@id":"https:\/\/www.facecorner.lv\/#organization"},"potentialAction":[{"@type":"SearchAction","target":{"@type":"EntryPoint","urlTemplate":"https:\/\/www.facecorner.lv\/?s={search_term_string}"},"query-input":{"@type":"PropertyValueSpecification","valueRequired":true,"valueName":"search_term_string"}}],"inLanguage":"lv-LV"},{"@type":"Organization","@id":"https:\/\/www.facecorner.lv\/#organization","name":"Facecorner","url":"https:\/\/www.facecorner.lv\/","logo":{"@type":"ImageObject","inLanguage":"lv-LV","@id":"https:\/\/www.facecorner.lv\/#\/schema\/logo\/image\/","url":"https:\/\/www.facecorner.lv\/wp-content\/uploads\/2024\/04\/fc-logo.jpg","contentUrl":"https:\/\/www.facecorner.lv\/wp-content\/uploads\/2024\/04\/fc-logo.jpg","width":174,"height":28,"caption":"Facecorner"},"image":{"@id":"https:\/\/www.facecorner.lv\/#\/schema\/logo\/image\/"},"sameAs":["https:\/\/www.facebook.com\/profile.php?id=100063824551839","https:\/\/www.instagram.com\/facecorner_shop\/"]}]},"product_price_amount":"32.90","product_price_currency":"EUR","og_availability":"out of stock","product_availability":"out of stock","product_condition":"new"},"_links":{"self":[{"href":"https:\/\/www.facecorner.lv\/lv\/wp-json\/wp\/v2\/product\/19605","targetHints":{"allow":["GET"]}}],"collection":[{"href":"https:\/\/www.facecorner.lv\/lv\/wp-json\/wp\/v2\/product"}],"about":[{"href":"https:\/\/www.facecorner.lv\/lv\/wp-json\/wp\/v2\/types\/product"}],"replies":[{"embeddable":true,"href":"https:\/\/www.facecorner.lv\/lv\/wp-json\/wp\/v2\/comments?post=19605"}],"wp:featuredmedia":[{"embeddable":true,"href":"https:\/\/www.facecorner.lv\/lv\/wp-json\/wp\/v2\/media\/19607"}],"wp:attachment":[{"href":"https:\/\/www.facecorner.lv\/lv\/wp-json\/wp\/v2\/media?parent=19605"}],"wp:term":[{"taxonomy":"product_brand","embeddable":true,"href":"https:\/\/www.facecorner.lv\/lv\/wp-json\/wp\/v2\/product_brand?post=19605"},{"taxonomy":"product_cat","embeddable":true,"href":"https:\/\/www.facecorner.lv\/lv\/wp-json\/wp\/v2\/product_cat?post=19605"},{"taxonomy":"product_tag","embeddable":true,"href":"https:\/\/www.facecorner.lv\/lv\/wp-json\/wp\/v2\/product_tag?post=19605"},{"taxonomy":"berocket_brand","embeddable":true,"href":"https:\/\/www.facecorner.lv\/lv\/wp-json\/wp\/v2\/berocket_brand?post=19605"}],"curies":[{"name":"wp","href":"https:\/\/api.w.org\/{rel}","templated":true}]}}