{"id":19602,"date":"2024-07-16T11:30:59","date_gmt":"2024-07-16T09:30:59","guid":{"rendered":"https:\/\/www.facecorner.lv\/?post_type=product&#038;p=19602"},"modified":"2025-11-11T15:56:13","modified_gmt":"2025-11-11T12:56:13","slug":"vt-cosmetics-reedle-shot-100-50ml","status":"publish","type":"product","link":"https:\/\/www.facecorner.lv\/lv\/shop\/vt-cosmetics-reedle-shot-100-50ml\/","title":{"rendered":"VT Cosmetics Reedle Shot 100 50ml"},"content":{"rendered":"<p>VT Cosmetics Reedle Shot 100 mikroindu\u013c\u013cu pastiprin\u0101t\u0101js seruma m\u0113r\u0137is ir atjaunot un atjaunot uz akne tend\u0113tu un paaugstin\u0101tas jut\u012bbas \u0101du.<br \/>\nL\u012bdzeklis izl\u012bdzina mikroreljefu, samazina poru lielumu un dzi\u013cumu, maigi balina p\u0113pakas, vasaras raibumus, br\u016bnus un dzeltenus pigmenta plankumus, c\u012bn\u0101s ar bl\u0101vu sejas kr\u0101su.<\/p>\n<p>Formula ir pastiprin\u0101ta ar CicaHyalon kompleksu, kura pamat\u0101 ir 4 veidu hialuronsk\u0101be, Centella asiatica atvasin\u0101jumi un za\u013c\u0101 propolisa ekstrakts. L\u012bdzeklis pal\u012bdz stiprin\u0101t un atjaunot aizsargfunkcijas, m\u012bkstina un baro jut\u012bgu \u0101du, k\u0101 ar\u012b nodro\u0161ina ilgsto\u0161u mitrin\u0101\u0161anu.<\/p>\n<p>CicaReedle mikro\u0161\u0137iedru tehnolo\u0123ija (95 000 ppm) nodro\u0161ina akt\u012bvo sast\u0101vda\u013cu pieg\u0101di dzi\u013cos dermas sl\u0101\u0146os un stimul\u0113 \u0161\u016bnu atjauno\u0161an\u0101s procesus. Mikros\u012bpoli ir 14 rei\u017eu maz\u0101ki par poru izm\u0113ru, to apvalks satur 14 veidu miner\u0101lvielas, kas nepiecie\u0161amas iekaisuma nom\u0101k\u0161anai un dzied\u0113\u0161anas pa\u0101trin\u0101\u0161anai, uzlabojot sk\u0101bek\u013ca vielmai\u0146u.<\/p>\n<p><strong>Galven\u0101s akt\u012bv\u0101s sast\u0101vda\u013cas: <\/strong><\/p>\n<ul>\n<li>17 veidu aminosk\u0101bju komplekss darbojas k\u0101 antioksidants, stiprina aizsargbarjeru un mazina hiperreaktivit\u0101ti. Atjauno \u0161\u016bnu strukt\u016bru, papildinot kerat\u012bna, kolag\u0113na, elast\u012bna tr\u016bkumus. Samazina pigment\u0101ciju, jo iedarbojas uz vielmai\u0146as procesiem.<\/li>\n<li>Centella Asiatica kompleksam (Asiaticoside, Asiatic acid, Madecassoic acid, Madecassoside) piem\u012bt pretiekaisuma un br\u016b\u010du dziedino\u0161a iedarb\u012bba, pal\u012bdz atjaunot barjeras \u012bpa\u0161\u012bbas un mitruma saglab\u0101\u0161anu, samazina jut\u012bgumu, mazina piet\u016bkumu, darbojas vazokonstrikt\u012bvi, nov\u0113r\u0161 kuperozi.<\/li>\n<li>Za\u013c\u0101 propolisa ekstrakts nov\u0113r\u0161 pinnes veido\u0161anos, atjauno hidrolip\u012bdu l\u012bdzsvaru, stiprina aizsargbarjeru un mazina \u0101r\u0113jo faktoru agres\u012bvo iedarb\u012bbu. Nov\u0113r\u0161 \u0101das lob\u012b\u0161anos un sausumu, baro un m\u012bkstina.<\/li>\n<li>4 veidu hialuronsk\u0101be veido neredzamu barjeru uz \u0101das, nov\u0113r\u0161 mitruma iztvaiko\u0161anu, pa\u0101trina \u0161\u016bnu re\u0123ener\u0101ciju, izl\u012bdzina grumbas.<\/li>\n<li>Adenoz\u012bns neitraliz\u0113 br\u012bvo radik\u0101\u013cu iedarb\u012bbu, nov\u0113r\u0161 priek\u0161laic\u012bgu noveco\u0161anos. Veicina dabisko kolag\u0113na un elast\u012bna veido\u0161anos, izl\u012bdzina \u0101das tonusu, atgrie\u017eot tai svaigu izskatu un mirdzumu.<\/li>\n<\/ul>\n<p>Piem\u0113rots norm\u0101lai, taukainai, kombin\u0113tai, problem\u0101tiskai un jut\u012bgai \u0101dai.<\/p>\n<p><strong>Lieto\u0161ana:<\/strong> vakara kop\u0161anas laik\u0101 uz iepriek\u0161 att\u012br\u012btas \u0101das uzkl\u0101jiet nepiecie\u0161amo produkta daudzumu, izkl\u0101jiet ar pirkstiem un pagaidiet, l\u012bdz piln\u012bb\u0101 ies\u016bcas. Turpiniet kop\u0161anu, veicot toniz\u0113\u0161anas un mitrin\u0101\u0161anas darb\u012bbas.<\/p>\n<p><strong>Uzman\u012bbu! VT Cosmetics Cica Reedle Shot 100 Booster Serum p\u0113c lieto\u0161anas var izrais\u012bt tirp\u0161anas saj\u016btu. Nav ieteicams lietot p\u0113c dermatolo\u0123isk\u0101m proced\u016br\u0101m, kas traum\u0113 \u0101das raga sl\u0101ni: p\u012blings, apar\u0101tkozmetolo\u0123ija, injekcijas.<\/strong><\/p>\n<p><strong>S\u0101stavs:\u00a0<\/strong>Purified Water, Dipropylene Glycol, Glycerin, Niacinamide, Butylene Glycol, Macadamia Seed Oil, 1,2-hexanediol, Ethylhexyl Palmitate, Silica, Sodium Acrylate\/sodium Acryloyldimethyl Taurate Polymer, Polyisobutene, Glycereth-26, Ethylhexylglycerin, Caprylyl Glycol, Adenosine, Sodium Polyacrylate, Centella Asiatica Extract, Sodium Hyaluronate, Caprylyl\/capryl Glucoside, Sorbitan Oleate, Xanthan Gum, Propolis Extract, Asiaticoside, Madecassoside, Madecassic Acid, Asiatic Acid, Glycine, Serine, Glutamic Acid, Aspartic Acid, Leucine, Alanine, Lysine, Arginine, Tyrosine, Phenylalanine, Threonine, Proline, Valine, Isoleucine, Histidine, Methionine, Cysteine.<\/p>\n","protected":false},"excerpt":{"rendered":"<p>VT Cosmetics Reedle Shot 100 pal\u012bdz atjaunot un atdz\u012bvin\u0101t uz akne tend\u0113tu un paaugstin\u0101tas jut\u012bbas \u0101du. L\u012bdzeklis izl\u012bdzina mikroreljefu, samazinot poru lielumu un dzi\u013cumu, maigi izgaismo pigment\u0101ciju un p\u0113c pinnes. T\u0101 sast\u0101v\u0101 ir Centella asiatica komplekss, 4 veidu hialuronsk\u0101be, 17 veidu aminosk\u0101bes un propolisa ekstrakts. Produkts ir piem\u0113rots ikdienas lieto\u0161anai.<\/p>\n","protected":false},"featured_media":19603,"comment_status":"open","ping_status":"closed","template":"","meta":{"site-sidebar-layout":"default","site-content-layout":"","ast-site-content-layout":"default","site-content-style":"default","site-sidebar-style":"default","ast-global-header-display":"","ast-banner-title-visibility":"","ast-main-header-display":"","ast-hfb-above-header-display":"","ast-hfb-below-header-display":"","ast-hfb-mobile-header-display":"","site-post-title":"","ast-breadcrumbs-content":"","ast-featured-img":"","footer-sml-layout":"","theme-transparent-header-meta":"default","adv-header-id-meta":"","stick-header-meta":"","header-above-stick-meta":"","header-main-stick-meta":"","header-below-stick-meta":"","astra-migrate-meta-layouts":"set","ast-page-background-enabled":"default","ast-page-background-meta":{"desktop":{"background-color":"var(--ast-global-color-4)","background-image":"","background-repeat":"repeat","background-position":"center center","background-size":"auto","background-attachment":"scroll","background-type":"","background-media":"","overlay-type":"","overlay-color":"","overlay-opacity":"","overlay-gradient":""},"tablet":{"background-color":"","background-image":"","background-repeat":"repeat","background-position":"center center","background-size":"auto","background-attachment":"scroll","background-type":"","background-media":"","overlay-type":"","overlay-color":"","overlay-opacity":"","overlay-gradient":""},"mobile":{"background-color":"","background-image":"","background-repeat":"repeat","background-position":"center center","background-size":"auto","background-attachment":"scroll","background-type":"","background-media":"","overlay-type":"","overlay-color":"","overlay-opacity":"","overlay-gradient":""}},"ast-content-background-meta":{"desktop":{"background-color":"var(--ast-global-color-5)","background-image":"","background-repeat":"repeat","background-position":"center center","background-size":"auto","background-attachment":"scroll","background-type":"","background-media":"","overlay-type":"","overlay-color":"","overlay-opacity":"","overlay-gradient":""},"tablet":{"background-color":"var(--ast-global-color-5)","background-image":"","background-repeat":"repeat","background-position":"center center","background-size":"auto","background-attachment":"scroll","background-type":"","background-media":"","overlay-type":"","overlay-color":"","overlay-opacity":"","overlay-gradient":""},"mobile":{"background-color":"var(--ast-global-color-5)","background-image":"","background-repeat":"repeat","background-position":"center center","background-size":"auto","background-attachment":"scroll","background-type":"","background-media":"","overlay-type":"","overlay-color":"","overlay-opacity":"","overlay-gradient":""}}},"product_brand":[],"product_cat":[365,366,367,368,369,362],"product_tag":[],"berocket_brand":[582],"class_list":{"0":"post-19602","1":"product","2":"type-product","3":"status-publish","4":"has-post-thumbnail","6":"product_cat-barojoss","7":"product_cat-mitrinoss","8":"product_cat-nomierinoss","9":"product_cat-pret-grumbam","10":"product_cat-problematiskai-adai-sejas-krems","11":"product_cat-sejas-krems","12":"berocket_brand-vt","13":"desktop-align-left","14":"tablet-align-left","15":"mobile-align-left","17":"first","18":"outofstock","19":"taxable","20":"shipping-taxable","21":"purchasable","22":"product-type-simple","23":"add-to-wishlist-before_image"},"yoast_head":"<!-- This site is optimized with the Yoast SEO plugin v27.4 - https:\/\/yoast.com\/product\/yoast-seo-wordpress\/ -->\n<title>VT Cosmetics Reedle Shot 100 50ml - FACECORNER<\/title>\n<meta name=\"description\" content=\"VT Cosmetics Reedle Shot 100 pal\u012bdz atjaunot un atdz\u012bvin\u0101t uz akne tend\u0113tu,izl\u012bdzina mikroreljefu, samazinot poru lielumu un dzi\u013cumu.\" \/>\n<meta name=\"robots\" content=\"index, follow, max-snippet:-1, max-image-preview:large, max-video-preview:-1\" \/>\n<link rel=\"canonical\" href=\"https:\/\/www.facecorner.lv\/lv\/shop\/vt-cosmetics-reedle-shot-100-50ml\/\" \/>\n<meta property=\"og:locale\" content=\"lv_LV\" \/>\n<meta property=\"og:type\" content=\"article\" \/>\n<meta property=\"og:title\" content=\"VT Cosmetics Reedle Shot 100 50ml - FACECORNER\" \/>\n<meta property=\"og:description\" content=\"VT Cosmetics Reedle Shot 100 pal\u012bdz atjaunot un atdz\u012bvin\u0101t uz akne tend\u0113tu,izl\u012bdzina mikroreljefu, samazinot poru lielumu un dzi\u013cumu.\" \/>\n<meta property=\"og:url\" content=\"https:\/\/www.facecorner.lv\/lv\/shop\/vt-cosmetics-reedle-shot-100-50ml\/\" \/>\n<meta property=\"og:site_name\" content=\"FACECORNER\" \/>\n<meta property=\"article:publisher\" content=\"https:\/\/www.facebook.com\/profile.php?id=100063824551839\" \/>\n<meta property=\"article:modified_time\" content=\"2025-11-11T12:56:13+00:00\" \/>\n<meta property=\"og:image\" content=\"https:\/\/www.facecorner.lv\/wp-content\/uploads\/2024\/07\/DISPLAYIMAGE_Reedle100_2048-1_460x@2x.jpg.webp\" \/>\n\t<meta property=\"og:image:width\" content=\"920\" \/>\n\t<meta property=\"og:image:height\" content=\"920\" \/>\n\t<meta property=\"og:image:type\" content=\"image\/webp\" \/>\n<meta name=\"twitter:card\" content=\"summary_large_image\" \/>\n<meta name=\"twitter:label1\" content=\"Price\" \/>\n\t<meta name=\"twitter:data1\" content=\"&euro;25.60\" \/>\n\t<meta name=\"twitter:label2\" content=\"Availability\" \/>\n\t<meta name=\"twitter:data2\" content=\"Out of stock\" \/>\n<script type=\"application\/ld+json\" class=\"yoast-schema-graph\">{\"@context\":\"https:\\\/\\\/schema.org\",\"@graph\":[{\"@type\":\"WebPage\",\"@id\":\"https:\\\/\\\/www.facecorner.lv\\\/shop\\\/vt-cosmetics-reedle-shot-100-50ml\\\/\",\"url\":\"https:\\\/\\\/www.facecorner.lv\\\/shop\\\/vt-cosmetics-reedle-shot-100-50ml\\\/\",\"name\":\"VT Cosmetics Reedle Shot 100 50ml - FACECORNER\",\"isPartOf\":{\"@id\":\"https:\\\/\\\/www.facecorner.lv\\\/#website\"},\"primaryImageOfPage\":{\"@id\":\"https:\\\/\\\/www.facecorner.lv\\\/shop\\\/vt-cosmetics-reedle-shot-100-50ml\\\/#primaryimage\"},\"image\":{\"@id\":\"https:\\\/\\\/www.facecorner.lv\\\/shop\\\/vt-cosmetics-reedle-shot-100-50ml\\\/#primaryimage\"},\"thumbnailUrl\":\"https:\\\/\\\/www.facecorner.lv\\\/wp-content\\\/uploads\\\/2024\\\/07\\\/DISPLAYIMAGE_Reedle100_2048-1_460x@2x.jpg.webp\",\"datePublished\":\"2024-07-16T09:30:59+00:00\",\"dateModified\":\"2025-11-11T12:56:13+00:00\",\"description\":\"VT Cosmetics Reedle Shot 100 pal\u012bdz atjaunot un atdz\u012bvin\u0101t uz akne tend\u0113tu,izl\u012bdzina mikroreljefu, samazinot poru lielumu un dzi\u013cumu.\",\"breadcrumb\":{\"@id\":\"https:\\\/\\\/www.facecorner.lv\\\/shop\\\/vt-cosmetics-reedle-shot-100-50ml\\\/#breadcrumb\"},\"inLanguage\":\"lv-LV\",\"potentialAction\":[{\"@type\":\"ReadAction\",\"target\":[\"https:\\\/\\\/www.facecorner.lv\\\/shop\\\/vt-cosmetics-reedle-shot-100-50ml\\\/\"]}]},{\"@type\":\"ImageObject\",\"inLanguage\":\"lv-LV\",\"@id\":\"https:\\\/\\\/www.facecorner.lv\\\/shop\\\/vt-cosmetics-reedle-shot-100-50ml\\\/#primaryimage\",\"url\":\"https:\\\/\\\/www.facecorner.lv\\\/wp-content\\\/uploads\\\/2024\\\/07\\\/DISPLAYIMAGE_Reedle100_2048-1_460x@2x.jpg.webp\",\"contentUrl\":\"https:\\\/\\\/www.facecorner.lv\\\/wp-content\\\/uploads\\\/2024\\\/07\\\/DISPLAYIMAGE_Reedle100_2048-1_460x@2x.jpg.webp\",\"width\":920,\"height\":920,\"caption\":\"VT Cosmetics Reedle Shot 100\"},{\"@type\":\"BreadcrumbList\",\"@id\":\"https:\\\/\\\/www.facecorner.lv\\\/shop\\\/vt-cosmetics-reedle-shot-100-50ml\\\/#breadcrumb\",\"itemListElement\":[{\"@type\":\"ListItem\",\"position\":1,\"name\":\"Home\",\"item\":\"https:\\\/\\\/www.facecorner.lv\\\/\"},{\"@type\":\"ListItem\",\"position\":2,\"name\":\"Veikals\",\"item\":\"https:\\\/\\\/www.facecorner.lv\\\/shop\\\/\"},{\"@type\":\"ListItem\",\"position\":3,\"name\":\"VT Cosmetics Reedle Shot 100 50ml\"}]},{\"@type\":\"WebSite\",\"@id\":\"https:\\\/\\\/www.facecorner.lv\\\/#website\",\"url\":\"https:\\\/\\\/www.facecorner.lv\\\/\",\"name\":\"Facecorner\",\"description\":\"\",\"publisher\":{\"@id\":\"https:\\\/\\\/www.facecorner.lv\\\/#organization\"},\"potentialAction\":[{\"@type\":\"SearchAction\",\"target\":{\"@type\":\"EntryPoint\",\"urlTemplate\":\"https:\\\/\\\/www.facecorner.lv\\\/?s={search_term_string}\"},\"query-input\":{\"@type\":\"PropertyValueSpecification\",\"valueRequired\":true,\"valueName\":\"search_term_string\"}}],\"inLanguage\":\"lv-LV\"},{\"@type\":\"Organization\",\"@id\":\"https:\\\/\\\/www.facecorner.lv\\\/#organization\",\"name\":\"Facecorner\",\"url\":\"https:\\\/\\\/www.facecorner.lv\\\/\",\"logo\":{\"@type\":\"ImageObject\",\"inLanguage\":\"lv-LV\",\"@id\":\"https:\\\/\\\/www.facecorner.lv\\\/#\\\/schema\\\/logo\\\/image\\\/\",\"url\":\"https:\\\/\\\/www.facecorner.lv\\\/wp-content\\\/uploads\\\/2024\\\/04\\\/fc-logo.jpg\",\"contentUrl\":\"https:\\\/\\\/www.facecorner.lv\\\/wp-content\\\/uploads\\\/2024\\\/04\\\/fc-logo.jpg\",\"width\":174,\"height\":28,\"caption\":\"Facecorner\"},\"image\":{\"@id\":\"https:\\\/\\\/www.facecorner.lv\\\/#\\\/schema\\\/logo\\\/image\\\/\"},\"sameAs\":[\"https:\\\/\\\/www.facebook.com\\\/profile.php?id=100063824551839\",\"https:\\\/\\\/www.instagram.com\\\/facecorner_shop\\\/\"]}]}<\/script>\n<meta property=\"product:price:amount\" content=\"25.60\" \/>\n<meta property=\"product:price:currency\" content=\"EUR\" \/>\n<meta property=\"og:availability\" content=\"out of stock\" \/>\n<meta property=\"product:availability\" content=\"out of stock\" \/>\n<meta property=\"product:condition\" content=\"new\" \/>\n<!-- \/ Yoast SEO plugin. -->","yoast_head_json":{"title":"VT Cosmetics Reedle Shot 100 50ml - FACECORNER","description":"VT Cosmetics Reedle Shot 100 pal\u012bdz atjaunot un atdz\u012bvin\u0101t uz akne tend\u0113tu,izl\u012bdzina mikroreljefu, samazinot poru lielumu un dzi\u013cumu.","robots":{"index":"index","follow":"follow","max-snippet":"max-snippet:-1","max-image-preview":"max-image-preview:large","max-video-preview":"max-video-preview:-1"},"canonical":"https:\/\/www.facecorner.lv\/lv\/shop\/vt-cosmetics-reedle-shot-100-50ml\/","og_locale":"lv_LV","og_type":"article","og_title":"VT Cosmetics Reedle Shot 100 50ml - FACECORNER","og_description":"VT Cosmetics Reedle Shot 100 pal\u012bdz atjaunot un atdz\u012bvin\u0101t uz akne tend\u0113tu,izl\u012bdzina mikroreljefu, samazinot poru lielumu un dzi\u013cumu.","og_url":"https:\/\/www.facecorner.lv\/lv\/shop\/vt-cosmetics-reedle-shot-100-50ml\/","og_site_name":"FACECORNER","article_publisher":"https:\/\/www.facebook.com\/profile.php?id=100063824551839","article_modified_time":"2025-11-11T12:56:13+00:00","og_image":[{"width":920,"height":920,"url":"https:\/\/www.facecorner.lv\/wp-content\/uploads\/2024\/07\/DISPLAYIMAGE_Reedle100_2048-1_460x@2x.jpg.webp","type":"image\/webp"}],"twitter_card":"summary_large_image","twitter_misc":{"Price":"&euro;25.60","Availability":"Out of stock"},"schema":{"@context":"https:\/\/schema.org","@graph":[{"@type":"WebPage","@id":"https:\/\/www.facecorner.lv\/shop\/vt-cosmetics-reedle-shot-100-50ml\/","url":"https:\/\/www.facecorner.lv\/shop\/vt-cosmetics-reedle-shot-100-50ml\/","name":"VT Cosmetics Reedle Shot 100 50ml - FACECORNER","isPartOf":{"@id":"https:\/\/www.facecorner.lv\/#website"},"primaryImageOfPage":{"@id":"https:\/\/www.facecorner.lv\/shop\/vt-cosmetics-reedle-shot-100-50ml\/#primaryimage"},"image":{"@id":"https:\/\/www.facecorner.lv\/shop\/vt-cosmetics-reedle-shot-100-50ml\/#primaryimage"},"thumbnailUrl":"https:\/\/www.facecorner.lv\/wp-content\/uploads\/2024\/07\/DISPLAYIMAGE_Reedle100_2048-1_460x@2x.jpg.webp","datePublished":"2024-07-16T09:30:59+00:00","dateModified":"2025-11-11T12:56:13+00:00","description":"VT Cosmetics Reedle Shot 100 pal\u012bdz atjaunot un atdz\u012bvin\u0101t uz akne tend\u0113tu,izl\u012bdzina mikroreljefu, samazinot poru lielumu un dzi\u013cumu.","breadcrumb":{"@id":"https:\/\/www.facecorner.lv\/shop\/vt-cosmetics-reedle-shot-100-50ml\/#breadcrumb"},"inLanguage":"lv-LV","potentialAction":[{"@type":"ReadAction","target":["https:\/\/www.facecorner.lv\/shop\/vt-cosmetics-reedle-shot-100-50ml\/"]}]},{"@type":"ImageObject","inLanguage":"lv-LV","@id":"https:\/\/www.facecorner.lv\/shop\/vt-cosmetics-reedle-shot-100-50ml\/#primaryimage","url":"https:\/\/www.facecorner.lv\/wp-content\/uploads\/2024\/07\/DISPLAYIMAGE_Reedle100_2048-1_460x@2x.jpg.webp","contentUrl":"https:\/\/www.facecorner.lv\/wp-content\/uploads\/2024\/07\/DISPLAYIMAGE_Reedle100_2048-1_460x@2x.jpg.webp","width":920,"height":920,"caption":"VT Cosmetics Reedle Shot 100"},{"@type":"BreadcrumbList","@id":"https:\/\/www.facecorner.lv\/shop\/vt-cosmetics-reedle-shot-100-50ml\/#breadcrumb","itemListElement":[{"@type":"ListItem","position":1,"name":"Home","item":"https:\/\/www.facecorner.lv\/"},{"@type":"ListItem","position":2,"name":"Veikals","item":"https:\/\/www.facecorner.lv\/shop\/"},{"@type":"ListItem","position":3,"name":"VT Cosmetics Reedle Shot 100 50ml"}]},{"@type":"WebSite","@id":"https:\/\/www.facecorner.lv\/#website","url":"https:\/\/www.facecorner.lv\/","name":"Facecorner","description":"","publisher":{"@id":"https:\/\/www.facecorner.lv\/#organization"},"potentialAction":[{"@type":"SearchAction","target":{"@type":"EntryPoint","urlTemplate":"https:\/\/www.facecorner.lv\/?s={search_term_string}"},"query-input":{"@type":"PropertyValueSpecification","valueRequired":true,"valueName":"search_term_string"}}],"inLanguage":"lv-LV"},{"@type":"Organization","@id":"https:\/\/www.facecorner.lv\/#organization","name":"Facecorner","url":"https:\/\/www.facecorner.lv\/","logo":{"@type":"ImageObject","inLanguage":"lv-LV","@id":"https:\/\/www.facecorner.lv\/#\/schema\/logo\/image\/","url":"https:\/\/www.facecorner.lv\/wp-content\/uploads\/2024\/04\/fc-logo.jpg","contentUrl":"https:\/\/www.facecorner.lv\/wp-content\/uploads\/2024\/04\/fc-logo.jpg","width":174,"height":28,"caption":"Facecorner"},"image":{"@id":"https:\/\/www.facecorner.lv\/#\/schema\/logo\/image\/"},"sameAs":["https:\/\/www.facebook.com\/profile.php?id=100063824551839","https:\/\/www.instagram.com\/facecorner_shop\/"]}]},"product_price_amount":"25.60","product_price_currency":"EUR","og_availability":"out of stock","product_availability":"out of stock","product_condition":"new"},"_links":{"self":[{"href":"https:\/\/www.facecorner.lv\/lv\/wp-json\/wp\/v2\/product\/19602","targetHints":{"allow":["GET"]}}],"collection":[{"href":"https:\/\/www.facecorner.lv\/lv\/wp-json\/wp\/v2\/product"}],"about":[{"href":"https:\/\/www.facecorner.lv\/lv\/wp-json\/wp\/v2\/types\/product"}],"replies":[{"embeddable":true,"href":"https:\/\/www.facecorner.lv\/lv\/wp-json\/wp\/v2\/comments?post=19602"}],"wp:featuredmedia":[{"embeddable":true,"href":"https:\/\/www.facecorner.lv\/lv\/wp-json\/wp\/v2\/media\/19603"}],"wp:attachment":[{"href":"https:\/\/www.facecorner.lv\/lv\/wp-json\/wp\/v2\/media?parent=19602"}],"wp:term":[{"taxonomy":"product_brand","embeddable":true,"href":"https:\/\/www.facecorner.lv\/lv\/wp-json\/wp\/v2\/product_brand?post=19602"},{"taxonomy":"product_cat","embeddable":true,"href":"https:\/\/www.facecorner.lv\/lv\/wp-json\/wp\/v2\/product_cat?post=19602"},{"taxonomy":"product_tag","embeddable":true,"href":"https:\/\/www.facecorner.lv\/lv\/wp-json\/wp\/v2\/product_tag?post=19602"},{"taxonomy":"berocket_brand","embeddable":true,"href":"https:\/\/www.facecorner.lv\/lv\/wp-json\/wp\/v2\/berocket_brand?post=19602"}],"curies":[{"name":"wp","href":"https:\/\/api.w.org\/{rel}","templated":true}]}}