{"id":19598,"date":"2024-07-16T11:12:19","date_gmt":"2024-07-16T09:12:19","guid":{"rendered":"https:\/\/www.facecorner.lv\/?post_type=product&#038;p=19598"},"modified":"2026-01-03T02:15:24","modified_gmt":"2026-01-02T23:15:24","slug":"vt-reedle-shot-50-50ml","status":"publish","type":"product","link":"https:\/\/www.facecorner.lv\/lv\/shop\/vt-reedle-shot-50-50ml\/","title":{"rendered":"VT Reedle Shot 50  50ml"},"content":{"rendered":"<p>Mikroneedlinga proced\u016bra pudel\u012bt\u0113 &#8211; VT Reedle Shot 50 \u00a0inovat\u012bvais izstr\u0101d\u0101jums! Revolucion\u0101rs produkts, kas sola pacelt j\u016bsu \u0101das kop\u0161anu jaun\u0101 l\u012bmen\u012b.<\/p>\n<p>Galven\u0101s VT Reedle Shot 50 : produkts veicina akt\u012bvo sast\u0101vda\u013cu dzi\u013cu iek\u013c\u016b\u0161anu, izl\u012bdzina un izl\u012bdzina \u0101das tekst\u016bru un uzlabo kop\u0113jo \u0101das tonusu. Produkts pal\u012bdz pa\u0101trin\u0101t \u0101das re\u0123ener\u0101cijas un atjauno\u0161an\u0101s procesus. <strong>Reedle Shot Booster serums ir papildu solis proced\u016br\u0101, un to lieto k\u0101 pirmo soli uzreiz p\u0113c att\u012br\u012b\u0161anas (p\u0113c tam seko parast\u0101 proced\u016bra &#8211; toniks, serums, kr\u0113ms).<\/strong><\/p>\n<p>Reedle Shot 50 ir piem\u0113rots lieto\u0161anai katru dienu (vakara un r\u012bta kop\u0161anai). Piem\u0113rots jut\u012bgas un problem\u0101tiskas \u0101das \u012bpa\u0161niec\u0113m, paredz\u0113ts \u0101das st\u0101vok\u013ca uzlabo\u0161anai, pa\u0101trina \u0101das re\u0123ener\u0101cijas procesus. Ieteicams ies\u0101c\u0113jiem.<\/p>\n<p>Galven\u0101 loma \u0161aj\u0101 produkt\u0101 ir spikuliem (sil\u012bcijam), kas izveidoti no j\u016bras s\u016bk\u013cu skeleta miner\u0101lviel\u0101m, izmantojot Cica Reedle z\u012bmola patent\u0113to tehnolo\u0123iju. Reedle ir v\u0101rdu sp\u0113le: &#8220;Re&#8221;, kas noz\u012bm\u0113 re\u0123ener\u0101ciju, un &#8220;eedle&#8221; no v\u0101rda adata, kas atspogu\u013co \u0161\u012b komponenta galveno virzienu &#8211; epidermas atjauno\u0161an\u0101s un atjauno\u0161an\u0101s procesu pa\u0101trin\u0101\u0161anu ar mikroadatu pal\u012bdz\u012bbu.<\/p>\n<ul>\n<li>S\u0113n\u012b\u0161u spici\u013cu sast\u0101v\u0101 ir 60 da\u017e\u0101di j\u016bras mikroorganismi, 21 veida aminosk\u0101bes un 14 veidu miner\u0101lvielas, kas pal\u012bdz papildin\u0101t \u0161\u016bn\u0101s tr\u016bksto\u0161os labv\u0113l\u012bgos elementus. Reedle Shot spikulu da\u013ci\u0146as ir 14 rei\u017eu maz\u0101kas par poru izm\u0113ru, t\u0101p\u0113c t\u0101s sp\u0113j iek\u013c\u016bt dzi\u013ci derm\u0101, nesot l\u012bdzi akt\u012bv\u0101s sast\u0101vda\u013cas, kas nosl\u0113gtas pa\u0161\u0101 spikulu apvalk\u0101. Spikulas var stimul\u0113t kolag\u0113na sint\u0113zi un t\u0101m ir antioksidanta iedarb\u012bba, k\u0101 ar\u012b t\u0101s var atjaunot un stiprin\u0101t \u0161\u016bnu strukt\u016bru.<\/li>\n<li><span style=\"font-family: var(--g5-body-font); font-size: var(--g5-body-font-size); font-style: var(--g5-body-font-style); letter-spacing: var(--g5-body-letter-spacing); text-transform: var(--g5-body-text-transform);\">Sast\u0101vs ir papildin\u0101ts ar\u012b ar patent\u0113to Cicahyalon kompleksu, kura pamat\u0101 ir tr\u012bs veidu hialuronsk\u0101be un pilns Centella asiatica komplekss.<\/span><\/li>\n<li>Astaksant\u012bns ir dab\u012bgs antioksidants-karoteno\u012bds, kas ir 6000 rei\u017eu akt\u012bv\u0101ks par C vitam\u012bnu. Tas neitraliz\u0113 br\u012bvos radik\u0101\u013cus, nov\u0113r\u0161 \u0161\u016bnu no\u0101rd\u012b\u0161anos, uzlabo \u0161\u016bnu vielmai\u0146u un elast\u012bbu, aizsarg\u0101 pret vides agresiju un boj\u0101jumiem, k\u0101 ar\u012b uzlabo citu vitam\u012bnu efektivit\u0101ti.<\/li>\n<li>P\u0113d\u0113j\u0101 spikulu att\u012bst\u012bbas posm\u0101 VT izmanto patent\u0113tu IPA sist\u0113mas tehnolo\u0123iju, kas pal\u012bdz dezinfic\u0113t un steriliz\u0113t spikulas, izmantojot plazmu.<\/li>\n<\/ul>\n<p><strong><span style=\"font-family: var(--g5-body-font); font-size: var(--g5-body-font-size); font-style: var(--g5-body-font-style); letter-spacing: var(--g5-body-letter-spacing); text-transform: var(--g5-body-text-transform);\">K\u0101 lietot : <\/span><\/strong>Ar viegl\u0101m ap\u013cveida kust\u012bb\u0101m uzkl\u0101jiet serumu-pastiprin\u0101t\u0101ju uz iepriek\u0161 att\u012br\u012btas \u0101das, izvairoties no zonas ap ac\u012bm un l\u016bp\u0101m. Lai l\u012bdzeklis lab\u0101k uzs\u016bktos, uz da\u017e\u0101m sekund\u0113m uzlieciet plaukstas uz \u0101das. Turpiniet savu parasto \u0101das kop\u0161anas proced\u016bru.<\/p>\n<p><strong>*Mar\u0137\u0113juma ieteikums: lai sasniegtu lab\u0101kos rezult\u0101tus, lietojiet Reedle Shot kop\u0101 ar t\u0101d\u0101m akt\u012bvaj\u0101m viel\u0101m k\u0101 C vitam\u012bns, retinols u. c.<\/strong><\/p>\n<p><strong>SVAR\u012aGI<\/strong>: <strong>NEIZMANTO <\/strong><\/p>\n<ul>\n<li>pirms un p\u0113c kosm\u0113tikas proced\u016br\u0101m (vismaz 2 ned\u0113\u013cas);<\/li>\n<li>ar skaistumkop\u0161anas ier\u012bc\u0113m (LED maska, mikrostr\u0101vas);<\/li>\n<li>Ar atv\u0113rt\u0101m br\u016bc\u0113m uz \u0101das<\/li>\n<\/ul>\n<p><strong>S\u0101stavs:<\/strong> Purified water, dipropylene glycol, glycerin, niacinamide, butylene glycol, macadamia seed oil, 1,2-hexanediol, ethylhexyl palmitate, sodium polyacrylate, sodium acrylate\/sodium acryloyldimethyl. Taurate copolymer, polyisobutene, glycereth-26, silica, ethylhexylglycerin, caprylyl glycol, adenosine, sodium hyaluronate, caprylyl\/capryl glucoside, sorbitan oleate, centella asiatica extract, Glyceryl glucoside, xanthan gum, aloe vera leaf extract, glucose, astaxanthin, propolis extract, asiaticoside, madecassoside, madecassic acid, asiatic acid<\/p>\n","protected":false},"excerpt":{"rendered":"<p>Mikroneedlinga proced\u016bra pudel\u012bt\u0113 &#8211; VT Cosmetics kosm\u0113tikas z\u012bmola VT Reedle Shot Serum Booster inovat\u012bvais izstr\u0101d\u0101jums.<span style=\"font-family: var(--g5-body-font); font-size: var(--g5-body-font-size); font-style: var(--g5-body-font-style); letter-spacing: var(--g5-body-letter-spacing); text-transform: var(--g5-body-text-transform);\">Revolucion\u0101rs produkts, kas sola p\u0101rcelt j\u016bsu \u0101das kop\u0161anas rut\u012bnu jaun\u0101 l\u012bmen\u012b!<\/span><\/p>\n","protected":false},"featured_media":19599,"comment_status":"open","ping_status":"closed","template":"","meta":{"site-sidebar-layout":"default","site-content-layout":"","ast-site-content-layout":"default","site-content-style":"default","site-sidebar-style":"default","ast-global-header-display":"","ast-banner-title-visibility":"","ast-main-header-display":"","ast-hfb-above-header-display":"","ast-hfb-below-header-display":"","ast-hfb-mobile-header-display":"","site-post-title":"","ast-breadcrumbs-content":"","ast-featured-img":"","footer-sml-layout":"","theme-transparent-header-meta":"default","adv-header-id-meta":"","stick-header-meta":"","header-above-stick-meta":"","header-main-stick-meta":"","header-below-stick-meta":"","astra-migrate-meta-layouts":"set","ast-page-background-enabled":"default","ast-page-background-meta":{"desktop":{"background-color":"var(--ast-global-color-4)","background-image":"","background-repeat":"repeat","background-position":"center center","background-size":"auto","background-attachment":"scroll","background-type":"","background-media":"","overlay-type":"","overlay-color":"","overlay-opacity":"","overlay-gradient":""},"tablet":{"background-color":"","background-image":"","background-repeat":"repeat","background-position":"center center","background-size":"auto","background-attachment":"scroll","background-type":"","background-media":"","overlay-type":"","overlay-color":"","overlay-opacity":"","overlay-gradient":""},"mobile":{"background-color":"","background-image":"","background-repeat":"repeat","background-position":"center center","background-size":"auto","background-attachment":"scroll","background-type":"","background-media":"","overlay-type":"","overlay-color":"","overlay-opacity":"","overlay-gradient":""}},"ast-content-background-meta":{"desktop":{"background-color":"var(--ast-global-color-5)","background-image":"","background-repeat":"repeat","background-position":"center center","background-size":"auto","background-attachment":"scroll","background-type":"","background-media":"","overlay-type":"","overlay-color":"","overlay-opacity":"","overlay-gradient":""},"tablet":{"background-color":"var(--ast-global-color-5)","background-image":"","background-repeat":"repeat","background-position":"center center","background-size":"auto","background-attachment":"scroll","background-type":"","background-media":"","overlay-type":"","overlay-color":"","overlay-opacity":"","overlay-gradient":""},"mobile":{"background-color":"var(--ast-global-color-5)","background-image":"","background-repeat":"repeat","background-position":"center center","background-size":"auto","background-attachment":"scroll","background-type":"","background-media":"","overlay-type":"","overlay-color":"","overlay-opacity":"","overlay-gradient":""}}},"product_brand":[],"product_cat":[366,362],"product_tag":[],"berocket_brand":[582],"class_list":{"0":"post-19598","1":"product","2":"type-product","3":"status-publish","4":"has-post-thumbnail","6":"product_cat-mitrinoss","7":"product_cat-sejas-krems","8":"berocket_brand-vt","9":"desktop-align-left","10":"tablet-align-left","11":"mobile-align-left","13":"first","14":"outofstock","15":"taxable","16":"shipping-taxable","17":"purchasable","18":"product-type-simple","19":"add-to-wishlist-before_image"},"yoast_head":"<!-- This site is optimized with the Yoast SEO plugin v27.3 - https:\/\/yoast.com\/product\/yoast-seo-wordpress\/ -->\n<title>VT Reedle Shot 50 50ml - FACECORNER<\/title>\n<meta name=\"description\" content=\"Mikroneedlinga proced\u016bra pudel\u012bt\u0113 - VT Cosmetics kosm\u0113tikas z\u012bmola VT Reedle Shot Serum Booster inovat\u012bvais izstr\u0101d\u0101jums.\" \/>\n<meta name=\"robots\" content=\"index, follow, max-snippet:-1, max-image-preview:large, max-video-preview:-1\" \/>\n<link rel=\"canonical\" href=\"https:\/\/www.facecorner.lv\/lv\/shop\/vt-reedle-shot-50-50ml\/\" \/>\n<meta property=\"og:locale\" content=\"lv_LV\" \/>\n<meta property=\"og:type\" content=\"article\" \/>\n<meta property=\"og:title\" content=\"VT Reedle Shot 50 50ml - FACECORNER\" \/>\n<meta property=\"og:description\" content=\"Mikroneedlinga proced\u016bra pudel\u012bt\u0113 - VT Cosmetics kosm\u0113tikas z\u012bmola VT Reedle Shot Serum Booster inovat\u012bvais izstr\u0101d\u0101jums.\" \/>\n<meta property=\"og:url\" content=\"https:\/\/www.facecorner.lv\/lv\/shop\/vt-reedle-shot-50-50ml\/\" \/>\n<meta property=\"og:site_name\" content=\"FACECORNER\" \/>\n<meta property=\"article:publisher\" content=\"https:\/\/www.facebook.com\/profile.php?id=100063824551839\" \/>\n<meta property=\"article:modified_time\" content=\"2026-01-02T23:15:24+00:00\" \/>\n<meta property=\"og:image\" content=\"https:\/\/www.facecorner.lv\/wp-content\/uploads\/2024\/07\/61F0ABumccL.jpg\" \/>\n\t<meta property=\"og:image:width\" content=\"2560\" \/>\n\t<meta property=\"og:image:height\" content=\"2560\" \/>\n\t<meta property=\"og:image:type\" content=\"image\/jpeg\" \/>\n<meta name=\"twitter:card\" content=\"summary_large_image\" \/>\n<meta name=\"twitter:label1\" content=\"Price\" \/>\n\t<meta name=\"twitter:data1\" content=\"&euro;32.00\" \/>\n\t<meta name=\"twitter:label2\" content=\"Availability\" \/>\n\t<meta name=\"twitter:data2\" content=\"Out of stock\" \/>\n<script type=\"application\/ld+json\" class=\"yoast-schema-graph\">{\"@context\":\"https:\\\/\\\/schema.org\",\"@graph\":[{\"@type\":\"WebPage\",\"@id\":\"https:\\\/\\\/www.facecorner.lv\\\/shop\\\/vt-reedle-shot-50-50ml\\\/\",\"url\":\"https:\\\/\\\/www.facecorner.lv\\\/shop\\\/vt-reedle-shot-50-50ml\\\/\",\"name\":\"VT Reedle Shot 50 50ml - FACECORNER\",\"isPartOf\":{\"@id\":\"https:\\\/\\\/www.facecorner.lv\\\/#website\"},\"primaryImageOfPage\":{\"@id\":\"https:\\\/\\\/www.facecorner.lv\\\/shop\\\/vt-reedle-shot-50-50ml\\\/#primaryimage\"},\"image\":{\"@id\":\"https:\\\/\\\/www.facecorner.lv\\\/shop\\\/vt-reedle-shot-50-50ml\\\/#primaryimage\"},\"thumbnailUrl\":\"https:\\\/\\\/www.facecorner.lv\\\/wp-content\\\/uploads\\\/2024\\\/07\\\/61F0ABumccL.jpg\",\"datePublished\":\"2024-07-16T09:12:19+00:00\",\"dateModified\":\"2026-01-02T23:15:24+00:00\",\"description\":\"Mikroneedlinga proced\u016bra pudel\u012bt\u0113 - VT Cosmetics kosm\u0113tikas z\u012bmola VT Reedle Shot Serum Booster inovat\u012bvais izstr\u0101d\u0101jums.\",\"breadcrumb\":{\"@id\":\"https:\\\/\\\/www.facecorner.lv\\\/shop\\\/vt-reedle-shot-50-50ml\\\/#breadcrumb\"},\"inLanguage\":\"lv-LV\",\"potentialAction\":[{\"@type\":\"ReadAction\",\"target\":[\"https:\\\/\\\/www.facecorner.lv\\\/shop\\\/vt-reedle-shot-50-50ml\\\/\"]}]},{\"@type\":\"ImageObject\",\"inLanguage\":\"lv-LV\",\"@id\":\"https:\\\/\\\/www.facecorner.lv\\\/shop\\\/vt-reedle-shot-50-50ml\\\/#primaryimage\",\"url\":\"https:\\\/\\\/www.facecorner.lv\\\/wp-content\\\/uploads\\\/2024\\\/07\\\/61F0ABumccL.jpg\",\"contentUrl\":\"https:\\\/\\\/www.facecorner.lv\\\/wp-content\\\/uploads\\\/2024\\\/07\\\/61F0ABumccL.jpg\",\"width\":2560,\"height\":2560,\"caption\":\"Version 1.0.0\"},{\"@type\":\"BreadcrumbList\",\"@id\":\"https:\\\/\\\/www.facecorner.lv\\\/shop\\\/vt-reedle-shot-50-50ml\\\/#breadcrumb\",\"itemListElement\":[{\"@type\":\"ListItem\",\"position\":1,\"name\":\"Home\",\"item\":\"https:\\\/\\\/www.facecorner.lv\\\/\"},{\"@type\":\"ListItem\",\"position\":2,\"name\":\"Veikals\",\"item\":\"https:\\\/\\\/www.facecorner.lv\\\/shop\\\/\"},{\"@type\":\"ListItem\",\"position\":3,\"name\":\"VT Reedle Shot 50 50ml\"}]},{\"@type\":\"WebSite\",\"@id\":\"https:\\\/\\\/www.facecorner.lv\\\/#website\",\"url\":\"https:\\\/\\\/www.facecorner.lv\\\/\",\"name\":\"Facecorner\",\"description\":\"\",\"publisher\":{\"@id\":\"https:\\\/\\\/www.facecorner.lv\\\/#organization\"},\"potentialAction\":[{\"@type\":\"SearchAction\",\"target\":{\"@type\":\"EntryPoint\",\"urlTemplate\":\"https:\\\/\\\/www.facecorner.lv\\\/?s={search_term_string}\"},\"query-input\":{\"@type\":\"PropertyValueSpecification\",\"valueRequired\":true,\"valueName\":\"search_term_string\"}}],\"inLanguage\":\"lv-LV\"},{\"@type\":\"Organization\",\"@id\":\"https:\\\/\\\/www.facecorner.lv\\\/#organization\",\"name\":\"Facecorner\",\"url\":\"https:\\\/\\\/www.facecorner.lv\\\/\",\"logo\":{\"@type\":\"ImageObject\",\"inLanguage\":\"lv-LV\",\"@id\":\"https:\\\/\\\/www.facecorner.lv\\\/#\\\/schema\\\/logo\\\/image\\\/\",\"url\":\"https:\\\/\\\/www.facecorner.lv\\\/wp-content\\\/uploads\\\/2024\\\/04\\\/fc-logo.jpg\",\"contentUrl\":\"https:\\\/\\\/www.facecorner.lv\\\/wp-content\\\/uploads\\\/2024\\\/04\\\/fc-logo.jpg\",\"width\":174,\"height\":28,\"caption\":\"Facecorner\"},\"image\":{\"@id\":\"https:\\\/\\\/www.facecorner.lv\\\/#\\\/schema\\\/logo\\\/image\\\/\"},\"sameAs\":[\"https:\\\/\\\/www.facebook.com\\\/profile.php?id=100063824551839\",\"https:\\\/\\\/www.instagram.com\\\/facecorner_shop\\\/\"]}]}<\/script>\n<meta property=\"product:price:amount\" content=\"32.00\" \/>\n<meta property=\"product:price:currency\" content=\"EUR\" \/>\n<meta property=\"og:availability\" content=\"out of stock\" \/>\n<meta property=\"product:availability\" content=\"out of stock\" \/>\n<meta property=\"product:condition\" content=\"new\" \/>\n<!-- \/ Yoast SEO plugin. -->","yoast_head_json":{"title":"VT Reedle Shot 50 50ml - FACECORNER","description":"Mikroneedlinga proced\u016bra pudel\u012bt\u0113 - VT Cosmetics kosm\u0113tikas z\u012bmola VT Reedle Shot Serum Booster inovat\u012bvais izstr\u0101d\u0101jums.","robots":{"index":"index","follow":"follow","max-snippet":"max-snippet:-1","max-image-preview":"max-image-preview:large","max-video-preview":"max-video-preview:-1"},"canonical":"https:\/\/www.facecorner.lv\/lv\/shop\/vt-reedle-shot-50-50ml\/","og_locale":"lv_LV","og_type":"article","og_title":"VT Reedle Shot 50 50ml - FACECORNER","og_description":"Mikroneedlinga proced\u016bra pudel\u012bt\u0113 - VT Cosmetics kosm\u0113tikas z\u012bmola VT Reedle Shot Serum Booster inovat\u012bvais izstr\u0101d\u0101jums.","og_url":"https:\/\/www.facecorner.lv\/lv\/shop\/vt-reedle-shot-50-50ml\/","og_site_name":"FACECORNER","article_publisher":"https:\/\/www.facebook.com\/profile.php?id=100063824551839","article_modified_time":"2026-01-02T23:15:24+00:00","og_image":[{"width":2560,"height":2560,"url":"https:\/\/www.facecorner.lv\/wp-content\/uploads\/2024\/07\/61F0ABumccL.jpg","type":"image\/jpeg"}],"twitter_card":"summary_large_image","twitter_misc":{"Price":"&euro;32.00","Availability":"Out of stock"},"schema":{"@context":"https:\/\/schema.org","@graph":[{"@type":"WebPage","@id":"https:\/\/www.facecorner.lv\/shop\/vt-reedle-shot-50-50ml\/","url":"https:\/\/www.facecorner.lv\/shop\/vt-reedle-shot-50-50ml\/","name":"VT Reedle Shot 50 50ml - FACECORNER","isPartOf":{"@id":"https:\/\/www.facecorner.lv\/#website"},"primaryImageOfPage":{"@id":"https:\/\/www.facecorner.lv\/shop\/vt-reedle-shot-50-50ml\/#primaryimage"},"image":{"@id":"https:\/\/www.facecorner.lv\/shop\/vt-reedle-shot-50-50ml\/#primaryimage"},"thumbnailUrl":"https:\/\/www.facecorner.lv\/wp-content\/uploads\/2024\/07\/61F0ABumccL.jpg","datePublished":"2024-07-16T09:12:19+00:00","dateModified":"2026-01-02T23:15:24+00:00","description":"Mikroneedlinga proced\u016bra pudel\u012bt\u0113 - VT Cosmetics kosm\u0113tikas z\u012bmola VT Reedle Shot Serum Booster inovat\u012bvais izstr\u0101d\u0101jums.","breadcrumb":{"@id":"https:\/\/www.facecorner.lv\/shop\/vt-reedle-shot-50-50ml\/#breadcrumb"},"inLanguage":"lv-LV","potentialAction":[{"@type":"ReadAction","target":["https:\/\/www.facecorner.lv\/shop\/vt-reedle-shot-50-50ml\/"]}]},{"@type":"ImageObject","inLanguage":"lv-LV","@id":"https:\/\/www.facecorner.lv\/shop\/vt-reedle-shot-50-50ml\/#primaryimage","url":"https:\/\/www.facecorner.lv\/wp-content\/uploads\/2024\/07\/61F0ABumccL.jpg","contentUrl":"https:\/\/www.facecorner.lv\/wp-content\/uploads\/2024\/07\/61F0ABumccL.jpg","width":2560,"height":2560,"caption":"Version 1.0.0"},{"@type":"BreadcrumbList","@id":"https:\/\/www.facecorner.lv\/shop\/vt-reedle-shot-50-50ml\/#breadcrumb","itemListElement":[{"@type":"ListItem","position":1,"name":"Home","item":"https:\/\/www.facecorner.lv\/"},{"@type":"ListItem","position":2,"name":"Veikals","item":"https:\/\/www.facecorner.lv\/shop\/"},{"@type":"ListItem","position":3,"name":"VT Reedle Shot 50 50ml"}]},{"@type":"WebSite","@id":"https:\/\/www.facecorner.lv\/#website","url":"https:\/\/www.facecorner.lv\/","name":"Facecorner","description":"","publisher":{"@id":"https:\/\/www.facecorner.lv\/#organization"},"potentialAction":[{"@type":"SearchAction","target":{"@type":"EntryPoint","urlTemplate":"https:\/\/www.facecorner.lv\/?s={search_term_string}"},"query-input":{"@type":"PropertyValueSpecification","valueRequired":true,"valueName":"search_term_string"}}],"inLanguage":"lv-LV"},{"@type":"Organization","@id":"https:\/\/www.facecorner.lv\/#organization","name":"Facecorner","url":"https:\/\/www.facecorner.lv\/","logo":{"@type":"ImageObject","inLanguage":"lv-LV","@id":"https:\/\/www.facecorner.lv\/#\/schema\/logo\/image\/","url":"https:\/\/www.facecorner.lv\/wp-content\/uploads\/2024\/04\/fc-logo.jpg","contentUrl":"https:\/\/www.facecorner.lv\/wp-content\/uploads\/2024\/04\/fc-logo.jpg","width":174,"height":28,"caption":"Facecorner"},"image":{"@id":"https:\/\/www.facecorner.lv\/#\/schema\/logo\/image\/"},"sameAs":["https:\/\/www.facebook.com\/profile.php?id=100063824551839","https:\/\/www.instagram.com\/facecorner_shop\/"]}]},"product_price_amount":"32.00","product_price_currency":"EUR","og_availability":"out of stock","product_availability":"out of stock","product_condition":"new"},"_links":{"self":[{"href":"https:\/\/www.facecorner.lv\/lv\/wp-json\/wp\/v2\/product\/19598","targetHints":{"allow":["GET"]}}],"collection":[{"href":"https:\/\/www.facecorner.lv\/lv\/wp-json\/wp\/v2\/product"}],"about":[{"href":"https:\/\/www.facecorner.lv\/lv\/wp-json\/wp\/v2\/types\/product"}],"replies":[{"embeddable":true,"href":"https:\/\/www.facecorner.lv\/lv\/wp-json\/wp\/v2\/comments?post=19598"}],"wp:featuredmedia":[{"embeddable":true,"href":"https:\/\/www.facecorner.lv\/lv\/wp-json\/wp\/v2\/media\/19599"}],"wp:attachment":[{"href":"https:\/\/www.facecorner.lv\/lv\/wp-json\/wp\/v2\/media?parent=19598"}],"wp:term":[{"taxonomy":"product_brand","embeddable":true,"href":"https:\/\/www.facecorner.lv\/lv\/wp-json\/wp\/v2\/product_brand?post=19598"},{"taxonomy":"product_cat","embeddable":true,"href":"https:\/\/www.facecorner.lv\/lv\/wp-json\/wp\/v2\/product_cat?post=19598"},{"taxonomy":"product_tag","embeddable":true,"href":"https:\/\/www.facecorner.lv\/lv\/wp-json\/wp\/v2\/product_tag?post=19598"},{"taxonomy":"berocket_brand","embeddable":true,"href":"https:\/\/www.facecorner.lv\/lv\/wp-json\/wp\/v2\/berocket_brand?post=19598"}],"curies":[{"name":"wp","href":"https:\/\/api.w.org\/{rel}","templated":true}]}}