{"id":18938,"date":"2024-07-09T11:57:44","date_gmt":"2024-07-09T09:57:44","guid":{"rendered":"https:\/\/www.facecorner.lv\/?post_type=product&#038;p=18938"},"modified":"2026-04-01T15:32:30","modified_gmt":"2026-04-01T12:32:30","slug":"anua-bha-2-gentle-exfoliating-toner-150ml","status":"publish","type":"product","link":"https:\/\/www.facecorner.lv\/lv\/shop\/anua-bha-2-gentle-exfoliating-toner-150ml\/","title":{"rendered":"Anua BHA 2% Gentle Exfoliating Toner 150ml"},"content":{"rendered":"<p>Anua BHA 2% maigais eksfoli\u0113jo\u0161ais toniks maigi pul\u0113 un izl\u012bdzina reljefu, m\u012bkstina raupju \u0101du, padarot to samtainu un z\u012bdainu. Akt\u012bvi nov\u0113r\u0161 \u0101das lob\u012b\u0161anos, nelielus izsitumus un bl\u0101vu sejas kr\u0101su. Uzs\u0101k re\u0123ener\u0101cijas procesus, veicinot p\u0113caknes un iekaisumu rezorbciju.<\/p>\n<p>L\u012bdzeklis regul\u0113 tauku dziedzeru darb\u012bbu un normaliz\u0113 hidrolip\u012bdu l\u012bdzsvaru, samazinot taukain\u0101 sp\u012bduma par\u0101d\u012b\u0161anos dienas laik\u0101. Efekt\u012bvi \u0161\u0137\u012bdina lieko sebumu, izgaismo tauku pavedienus un pal\u012bdz c\u012bn\u012bties ar melnajiem plankumiem.<\/p>\n<p><strong>Galven\u0101s akt\u012bv\u0101s sast\u0101vda\u013cas:<\/strong><\/p>\n<ul>\n<li>Salicilsk\u0101be (BHA) att\u012bra poras: izgaismo melnos punkti\u0146us un tauku pavedienus, nov\u0113r\u0161 poru aizs\u0113r\u0113\u0161anu, normaliz\u0113 sebuma sekr\u0113ciju un nov\u0113r\u0161 taukainu sp\u012bdumu.<br \/>\nAnti-Sebum P komplekss ir augu komplekss, kas sast\u0101v no priedes, brie\u017ea, oslinieka un puer\u0101rijas ekstraktiem. Komplekss nom\u0101c p\u0101rm\u0113r\u012bgu sebuma aktivit\u0101ti, normaliz\u0113 taukain\u012bbu un nov\u0113r\u0161 taukainu sp\u012bdumu.<\/li>\n<li>T\u0113jas koka ekstrakts &#8211; dab\u012bgs antiseptisks l\u012bdzeklis, kam piem\u012bt dezinfic\u0113jo\u0161as un att\u012bro\u0161as \u012bpa\u0161\u012bbas, nom\u0101c iekaisumu un uzlabo \u0101das ar pinn\u0113m st\u0101vokli.<\/li>\n<li>Balt\u0101 v\u012btolu mizas ekstrakts &#8211; dab\u012bgs salicilsk\u0101bes avots. Tas uzlabo tonusu, mazina kairin\u0101jumu, samazina poras, normaliz\u0113 sebuma veido\u0161anos, p\u012blings, stiprina \u0101das aizsargfunkcijas.<\/li>\n<li>V\u012b\u0123es ekstrakts satur \u012bpa\u0161u fermentu fic\u012bnu &#8211; vielu, kas att\u012bra, maigi noloba raga sl\u0101ni, izl\u012bdzina tonusu un stimul\u0113 atjauno\u0161anos, neizraisa kairin\u0101jumu.<br \/>\nPiem\u0113rots norm\u0101lai, jauktai un taukainai \u0101dai.<\/li>\n<\/ul>\n<p><strong>Lieto\u0161ana<\/strong>: uz t\u012bras \u0101das uzkl\u0101jiet vajadz\u012bgo tonika daudzumu, izmantojot vates disku vai plaukstas. Var lietot uz kakla un \u0137erme\u0146a. Dienas laik\u0101 j\u0101lieto saules aizsargkr\u0113ms.<\/p>\n<p><strong>S\u0101stavs:\u00a0<\/strong>Water, Dipropylene Glycol, 1,2-hexanediol, Salicylic Acid, C12-14 Pareth-12, Octyldodeceth-16, Melaleuca Alternifolia (tea Tree) Extract, Pentylene Glycol, Salix Alba (willow) Bark Extract, Oenothera Biennis (evening Primrose) Flower Extract, Ulmus Davidiana Root Extract, Pinus Palustris Leaf Extract, Pueraria Lobata Root Extract, Centella Asiatica Extract, Ficus Carica (fig) Fruit Extract, Hydrogenated Lecithin, Sodium Hyaluronate, Sodium Citrate, Citric Acid, Xanthan Gum, Disodium Edta, Tocopherol, Ceramide Np, Butylene Glycol, Dimethylsilanol Hyaluronate, Hydrolyzed Sodium Hyaluronate, Hydrolyzed Hyaluronic Acid, Potassium Hyaluronate, Hyaluronic Acid, Sodium Hyaluronate Crosspolymer, Hydroxypropyltrimonium Hyaluronate, Sodium Hyaluronate Dimethylsilanol, Sodium Acetylated Hyaluronate, Ethylhexylglycerin<\/p>\n","protected":false},"excerpt":{"rendered":"<p>Anua BHA 2% maigais eksfoli\u0113jo\u0161ais toniks maigi pul\u0113 un izl\u012bdzina reljefu, m\u012bkstina raupju \u0101du, padarot to samtainu un z\u012bdainu. Akt\u012bvi nov\u0113r\u0161 \u0101das lob\u012b\u0161anos, nelielus izsitumus un bl\u0101vu sejas kr\u0101su. Uzs\u0101k re\u0123ener\u0101cijas procesus, veicinot p\u0113caknes un iekaisumu rezorbciju. Sast\u0101vs: Anti-Sebum P komplekss, t\u0113jas koka ekstrakts, balto v\u012btolu miza un v\u012b\u0123es.<\/p>\n","protected":false},"featured_media":18939,"comment_status":"closed","ping_status":"closed","template":"","meta":{"site-sidebar-layout":"default","site-content-layout":"","ast-site-content-layout":"","site-content-style":"default","site-sidebar-style":"default","ast-global-header-display":"","ast-banner-title-visibility":"","ast-main-header-display":"","ast-hfb-above-header-display":"","ast-hfb-below-header-display":"","ast-hfb-mobile-header-display":"","site-post-title":"","ast-breadcrumbs-content":"","ast-featured-img":"","footer-sml-layout":"","theme-transparent-header-meta":"","adv-header-id-meta":"","stick-header-meta":"","header-above-stick-meta":"","header-main-stick-meta":"","header-below-stick-meta":"","astra-migrate-meta-layouts":"default","ast-page-background-enabled":"default","ast-page-background-meta":{"desktop":{"background-color":"var(--ast-global-color-4)","background-image":"","background-repeat":"repeat","background-position":"center center","background-size":"auto","background-attachment":"scroll","background-type":"","background-media":"","overlay-type":"","overlay-color":"","overlay-opacity":"","overlay-gradient":""},"tablet":{"background-color":"","background-image":"","background-repeat":"repeat","background-position":"center center","background-size":"auto","background-attachment":"scroll","background-type":"","background-media":"","overlay-type":"","overlay-color":"","overlay-opacity":"","overlay-gradient":""},"mobile":{"background-color":"","background-image":"","background-repeat":"repeat","background-position":"center center","background-size":"auto","background-attachment":"scroll","background-type":"","background-media":"","overlay-type":"","overlay-color":"","overlay-opacity":"","overlay-gradient":""}},"ast-content-background-meta":{"desktop":{"background-color":"var(--ast-global-color-5)","background-image":"","background-repeat":"repeat","background-position":"center center","background-size":"auto","background-attachment":"scroll","background-type":"","background-media":"","overlay-type":"","overlay-color":"","overlay-opacity":"","overlay-gradient":""},"tablet":{"background-color":"var(--ast-global-color-5)","background-image":"","background-repeat":"repeat","background-position":"center center","background-size":"auto","background-attachment":"scroll","background-type":"","background-media":"","overlay-type":"","overlay-color":"","overlay-opacity":"","overlay-gradient":""},"mobile":{"background-color":"var(--ast-global-color-5)","background-image":"","background-repeat":"repeat","background-position":"center center","background-size":"auto","background-attachment":"scroll","background-type":"","background-media":"","overlay-type":"","overlay-color":"","overlay-opacity":"","overlay-gradient":""}}},"product_brand":[],"product_cat":[377,364,376],"product_tag":[],"berocket_brand":[575],"class_list":{"0":"post-18938","1":"product","2":"type-product","3":"status-publish","4":"has-post-thumbnail","6":"product_cat-problematiskai-adai-toneri","7":"product_cat-toneri","8":"product_cat-kombinetai-adai-toneri","9":"berocket_brand-anua","10":"desktop-align-left","11":"tablet-align-left","12":"mobile-align-left","14":"first","15":"outofstock","16":"taxable","17":"shipping-taxable","18":"purchasable","19":"product-type-simple","20":"add-to-wishlist-before_image"},"yoast_head":"<!-- This site is optimized with the Yoast SEO plugin v27.4 - https:\/\/yoast.com\/product\/yoast-seo-wordpress\/ -->\n<title>Anua BHA 2% Gentle Exfoliating Toner 150ml - FACECORNER<\/title>\n<meta name=\"description\" content=\"Anua BHA 2% Gentle Exfoliating Toner maigi pul\u0113 un izl\u012bdzina reljefu, m\u012bkstina raupju \u0101du, padarot to samtainu un z\u012bdainu.\" \/>\n<meta name=\"robots\" content=\"index, follow, max-snippet:-1, max-image-preview:large, max-video-preview:-1\" \/>\n<link rel=\"canonical\" href=\"https:\/\/www.facecorner.lv\/lv\/shop\/anua-bha-2-gentle-exfoliating-toner-150ml\/\" \/>\n<meta property=\"og:locale\" content=\"lv_LV\" \/>\n<meta property=\"og:type\" content=\"article\" \/>\n<meta property=\"og:title\" content=\"Anua BHA 2% Gentle Exfoliating Toner 150ml - FACECORNER\" \/>\n<meta property=\"og:description\" content=\"Anua BHA 2% Gentle Exfoliating Toner maigi pul\u0113 un izl\u012bdzina reljefu, m\u012bkstina raupju \u0101du, padarot to samtainu un z\u012bdainu.\" \/>\n<meta property=\"og:url\" content=\"https:\/\/www.facecorner.lv\/lv\/shop\/anua-bha-2-gentle-exfoliating-toner-150ml\/\" \/>\n<meta property=\"og:site_name\" content=\"FACECORNER\" \/>\n<meta property=\"article:publisher\" content=\"https:\/\/www.facebook.com\/profile.php?id=100063824551839\" \/>\n<meta property=\"article:modified_time\" content=\"2026-04-01T12:32:30+00:00\" \/>\n<meta property=\"og:image\" content=\"https:\/\/www.facecorner.lv\/wp-content\/uploads\/2024\/07\/IMG_4634_600x600_crop_center.webp.jpeg\" \/>\n\t<meta property=\"og:image:width\" content=\"600\" \/>\n\t<meta property=\"og:image:height\" content=\"600\" \/>\n\t<meta property=\"og:image:type\" content=\"image\/jpeg\" \/>\n<meta name=\"twitter:card\" content=\"summary_large_image\" \/>\n<meta name=\"twitter:label1\" content=\"Price\" \/>\n\t<meta name=\"twitter:data1\" content=\"&euro;27.00\" \/>\n\t<meta name=\"twitter:label2\" content=\"Availability\" \/>\n\t<meta name=\"twitter:data2\" content=\"Out of stock\" \/>\n<script type=\"application\/ld+json\" class=\"yoast-schema-graph\">{\"@context\":\"https:\\\/\\\/schema.org\",\"@graph\":[{\"@type\":\"WebPage\",\"@id\":\"https:\\\/\\\/www.facecorner.lv\\\/shop\\\/anua-bha-2-gentle-exfoliating-toner-150ml\\\/\",\"url\":\"https:\\\/\\\/www.facecorner.lv\\\/shop\\\/anua-bha-2-gentle-exfoliating-toner-150ml\\\/\",\"name\":\"Anua BHA 2% Gentle Exfoliating Toner 150ml - FACECORNER\",\"isPartOf\":{\"@id\":\"https:\\\/\\\/www.facecorner.lv\\\/#website\"},\"primaryImageOfPage\":{\"@id\":\"https:\\\/\\\/www.facecorner.lv\\\/shop\\\/anua-bha-2-gentle-exfoliating-toner-150ml\\\/#primaryimage\"},\"image\":{\"@id\":\"https:\\\/\\\/www.facecorner.lv\\\/shop\\\/anua-bha-2-gentle-exfoliating-toner-150ml\\\/#primaryimage\"},\"thumbnailUrl\":\"https:\\\/\\\/www.facecorner.lv\\\/wp-content\\\/uploads\\\/2024\\\/07\\\/IMG_4634_600x600_crop_center.webp.jpeg\",\"datePublished\":\"2024-07-09T09:57:44+00:00\",\"dateModified\":\"2026-04-01T12:32:30+00:00\",\"description\":\"Anua BHA 2% Gentle Exfoliating Toner maigi pul\u0113 un izl\u012bdzina reljefu, m\u012bkstina raupju \u0101du, padarot to samtainu un z\u012bdainu.\",\"breadcrumb\":{\"@id\":\"https:\\\/\\\/www.facecorner.lv\\\/shop\\\/anua-bha-2-gentle-exfoliating-toner-150ml\\\/#breadcrumb\"},\"inLanguage\":\"lv-LV\",\"potentialAction\":[{\"@type\":\"ReadAction\",\"target\":[\"https:\\\/\\\/www.facecorner.lv\\\/shop\\\/anua-bha-2-gentle-exfoliating-toner-150ml\\\/\"]}]},{\"@type\":\"ImageObject\",\"inLanguage\":\"lv-LV\",\"@id\":\"https:\\\/\\\/www.facecorner.lv\\\/shop\\\/anua-bha-2-gentle-exfoliating-toner-150ml\\\/#primaryimage\",\"url\":\"https:\\\/\\\/www.facecorner.lv\\\/wp-content\\\/uploads\\\/2024\\\/07\\\/IMG_4634_600x600_crop_center.webp.jpeg\",\"contentUrl\":\"https:\\\/\\\/www.facecorner.lv\\\/wp-content\\\/uploads\\\/2024\\\/07\\\/IMG_4634_600x600_crop_center.webp.jpeg\",\"width\":600,\"height\":600,\"caption\":\"Anua BHA 2% Gentle Exfoliating Toner\"},{\"@type\":\"BreadcrumbList\",\"@id\":\"https:\\\/\\\/www.facecorner.lv\\\/shop\\\/anua-bha-2-gentle-exfoliating-toner-150ml\\\/#breadcrumb\",\"itemListElement\":[{\"@type\":\"ListItem\",\"position\":1,\"name\":\"Home\",\"item\":\"https:\\\/\\\/www.facecorner.lv\\\/\"},{\"@type\":\"ListItem\",\"position\":2,\"name\":\"Veikals\",\"item\":\"https:\\\/\\\/www.facecorner.lv\\\/shop\\\/\"},{\"@type\":\"ListItem\",\"position\":3,\"name\":\"Anua BHA 2% Gentle Exfoliating Toner 150ml\"}]},{\"@type\":\"WebSite\",\"@id\":\"https:\\\/\\\/www.facecorner.lv\\\/#website\",\"url\":\"https:\\\/\\\/www.facecorner.lv\\\/\",\"name\":\"Facecorner\",\"description\":\"\",\"publisher\":{\"@id\":\"https:\\\/\\\/www.facecorner.lv\\\/#organization\"},\"potentialAction\":[{\"@type\":\"SearchAction\",\"target\":{\"@type\":\"EntryPoint\",\"urlTemplate\":\"https:\\\/\\\/www.facecorner.lv\\\/?s={search_term_string}\"},\"query-input\":{\"@type\":\"PropertyValueSpecification\",\"valueRequired\":true,\"valueName\":\"search_term_string\"}}],\"inLanguage\":\"lv-LV\"},{\"@type\":\"Organization\",\"@id\":\"https:\\\/\\\/www.facecorner.lv\\\/#organization\",\"name\":\"Facecorner\",\"url\":\"https:\\\/\\\/www.facecorner.lv\\\/\",\"logo\":{\"@type\":\"ImageObject\",\"inLanguage\":\"lv-LV\",\"@id\":\"https:\\\/\\\/www.facecorner.lv\\\/#\\\/schema\\\/logo\\\/image\\\/\",\"url\":\"https:\\\/\\\/www.facecorner.lv\\\/wp-content\\\/uploads\\\/2024\\\/04\\\/fc-logo.jpg\",\"contentUrl\":\"https:\\\/\\\/www.facecorner.lv\\\/wp-content\\\/uploads\\\/2024\\\/04\\\/fc-logo.jpg\",\"width\":174,\"height\":28,\"caption\":\"Facecorner\"},\"image\":{\"@id\":\"https:\\\/\\\/www.facecorner.lv\\\/#\\\/schema\\\/logo\\\/image\\\/\"},\"sameAs\":[\"https:\\\/\\\/www.facebook.com\\\/profile.php?id=100063824551839\",\"https:\\\/\\\/www.instagram.com\\\/facecorner_shop\\\/\"]}]}<\/script>\n<meta property=\"product:price:amount\" content=\"27.00\" \/>\n<meta property=\"product:price:currency\" content=\"EUR\" \/>\n<meta property=\"og:availability\" content=\"out of stock\" \/>\n<meta property=\"product:availability\" content=\"out of stock\" \/>\n<meta property=\"product:condition\" content=\"new\" \/>\n<!-- \/ Yoast SEO plugin. -->","yoast_head_json":{"title":"Anua BHA 2% Gentle Exfoliating Toner 150ml - FACECORNER","description":"Anua BHA 2% Gentle Exfoliating Toner maigi pul\u0113 un izl\u012bdzina reljefu, m\u012bkstina raupju \u0101du, padarot to samtainu un z\u012bdainu.","robots":{"index":"index","follow":"follow","max-snippet":"max-snippet:-1","max-image-preview":"max-image-preview:large","max-video-preview":"max-video-preview:-1"},"canonical":"https:\/\/www.facecorner.lv\/lv\/shop\/anua-bha-2-gentle-exfoliating-toner-150ml\/","og_locale":"lv_LV","og_type":"article","og_title":"Anua BHA 2% Gentle Exfoliating Toner 150ml - FACECORNER","og_description":"Anua BHA 2% Gentle Exfoliating Toner maigi pul\u0113 un izl\u012bdzina reljefu, m\u012bkstina raupju \u0101du, padarot to samtainu un z\u012bdainu.","og_url":"https:\/\/www.facecorner.lv\/lv\/shop\/anua-bha-2-gentle-exfoliating-toner-150ml\/","og_site_name":"FACECORNER","article_publisher":"https:\/\/www.facebook.com\/profile.php?id=100063824551839","article_modified_time":"2026-04-01T12:32:30+00:00","og_image":[{"width":600,"height":600,"url":"https:\/\/www.facecorner.lv\/wp-content\/uploads\/2024\/07\/IMG_4634_600x600_crop_center.webp.jpeg","type":"image\/jpeg"}],"twitter_card":"summary_large_image","twitter_misc":{"Price":"&euro;27.00","Availability":"Out of stock"},"schema":{"@context":"https:\/\/schema.org","@graph":[{"@type":"WebPage","@id":"https:\/\/www.facecorner.lv\/shop\/anua-bha-2-gentle-exfoliating-toner-150ml\/","url":"https:\/\/www.facecorner.lv\/shop\/anua-bha-2-gentle-exfoliating-toner-150ml\/","name":"Anua BHA 2% Gentle Exfoliating Toner 150ml - FACECORNER","isPartOf":{"@id":"https:\/\/www.facecorner.lv\/#website"},"primaryImageOfPage":{"@id":"https:\/\/www.facecorner.lv\/shop\/anua-bha-2-gentle-exfoliating-toner-150ml\/#primaryimage"},"image":{"@id":"https:\/\/www.facecorner.lv\/shop\/anua-bha-2-gentle-exfoliating-toner-150ml\/#primaryimage"},"thumbnailUrl":"https:\/\/www.facecorner.lv\/wp-content\/uploads\/2024\/07\/IMG_4634_600x600_crop_center.webp.jpeg","datePublished":"2024-07-09T09:57:44+00:00","dateModified":"2026-04-01T12:32:30+00:00","description":"Anua BHA 2% Gentle Exfoliating Toner maigi pul\u0113 un izl\u012bdzina reljefu, m\u012bkstina raupju \u0101du, padarot to samtainu un z\u012bdainu.","breadcrumb":{"@id":"https:\/\/www.facecorner.lv\/shop\/anua-bha-2-gentle-exfoliating-toner-150ml\/#breadcrumb"},"inLanguage":"lv-LV","potentialAction":[{"@type":"ReadAction","target":["https:\/\/www.facecorner.lv\/shop\/anua-bha-2-gentle-exfoliating-toner-150ml\/"]}]},{"@type":"ImageObject","inLanguage":"lv-LV","@id":"https:\/\/www.facecorner.lv\/shop\/anua-bha-2-gentle-exfoliating-toner-150ml\/#primaryimage","url":"https:\/\/www.facecorner.lv\/wp-content\/uploads\/2024\/07\/IMG_4634_600x600_crop_center.webp.jpeg","contentUrl":"https:\/\/www.facecorner.lv\/wp-content\/uploads\/2024\/07\/IMG_4634_600x600_crop_center.webp.jpeg","width":600,"height":600,"caption":"Anua BHA 2% Gentle Exfoliating Toner"},{"@type":"BreadcrumbList","@id":"https:\/\/www.facecorner.lv\/shop\/anua-bha-2-gentle-exfoliating-toner-150ml\/#breadcrumb","itemListElement":[{"@type":"ListItem","position":1,"name":"Home","item":"https:\/\/www.facecorner.lv\/"},{"@type":"ListItem","position":2,"name":"Veikals","item":"https:\/\/www.facecorner.lv\/shop\/"},{"@type":"ListItem","position":3,"name":"Anua BHA 2% Gentle Exfoliating Toner 150ml"}]},{"@type":"WebSite","@id":"https:\/\/www.facecorner.lv\/#website","url":"https:\/\/www.facecorner.lv\/","name":"Facecorner","description":"","publisher":{"@id":"https:\/\/www.facecorner.lv\/#organization"},"potentialAction":[{"@type":"SearchAction","target":{"@type":"EntryPoint","urlTemplate":"https:\/\/www.facecorner.lv\/?s={search_term_string}"},"query-input":{"@type":"PropertyValueSpecification","valueRequired":true,"valueName":"search_term_string"}}],"inLanguage":"lv-LV"},{"@type":"Organization","@id":"https:\/\/www.facecorner.lv\/#organization","name":"Facecorner","url":"https:\/\/www.facecorner.lv\/","logo":{"@type":"ImageObject","inLanguage":"lv-LV","@id":"https:\/\/www.facecorner.lv\/#\/schema\/logo\/image\/","url":"https:\/\/www.facecorner.lv\/wp-content\/uploads\/2024\/04\/fc-logo.jpg","contentUrl":"https:\/\/www.facecorner.lv\/wp-content\/uploads\/2024\/04\/fc-logo.jpg","width":174,"height":28,"caption":"Facecorner"},"image":{"@id":"https:\/\/www.facecorner.lv\/#\/schema\/logo\/image\/"},"sameAs":["https:\/\/www.facebook.com\/profile.php?id=100063824551839","https:\/\/www.instagram.com\/facecorner_shop\/"]}]},"product_price_amount":"27.00","product_price_currency":"EUR","og_availability":"out of stock","product_availability":"out of stock","product_condition":"new"},"_links":{"self":[{"href":"https:\/\/www.facecorner.lv\/lv\/wp-json\/wp\/v2\/product\/18938","targetHints":{"allow":["GET"]}}],"collection":[{"href":"https:\/\/www.facecorner.lv\/lv\/wp-json\/wp\/v2\/product"}],"about":[{"href":"https:\/\/www.facecorner.lv\/lv\/wp-json\/wp\/v2\/types\/product"}],"replies":[{"embeddable":true,"href":"https:\/\/www.facecorner.lv\/lv\/wp-json\/wp\/v2\/comments?post=18938"}],"wp:featuredmedia":[{"embeddable":true,"href":"https:\/\/www.facecorner.lv\/lv\/wp-json\/wp\/v2\/media\/18939"}],"wp:attachment":[{"href":"https:\/\/www.facecorner.lv\/lv\/wp-json\/wp\/v2\/media?parent=18938"}],"wp:term":[{"taxonomy":"product_brand","embeddable":true,"href":"https:\/\/www.facecorner.lv\/lv\/wp-json\/wp\/v2\/product_brand?post=18938"},{"taxonomy":"product_cat","embeddable":true,"href":"https:\/\/www.facecorner.lv\/lv\/wp-json\/wp\/v2\/product_cat?post=18938"},{"taxonomy":"product_tag","embeddable":true,"href":"https:\/\/www.facecorner.lv\/lv\/wp-json\/wp\/v2\/product_tag?post=18938"},{"taxonomy":"berocket_brand","embeddable":true,"href":"https:\/\/www.facecorner.lv\/lv\/wp-json\/wp\/v2\/berocket_brand?post=18938"}],"curies":[{"name":"wp","href":"https:\/\/api.w.org\/{rel}","templated":true}]}}