{"id":18917,"date":"2024-07-08T14:41:20","date_gmt":"2024-07-08T12:41:20","guid":{"rendered":"https:\/\/www.facecorner.lv\/?post_type=product&#038;p=18917"},"modified":"2025-09-05T10:55:26","modified_gmt":"2025-09-05T07:55:26","slug":"round-lab-pine-calming-cica-cleanser-150ml","status":"publish","type":"product","link":"https:\/\/www.facecorner.lv\/lv\/shop\/round-lab-pine-calming-cica-cleanser-150ml\/","title":{"rendered":"Round Lab Pine Calming Cica Cleanser 150ml"},"content":{"rendered":"<p>Round Lab Pine Calming Cica Cleanser efekt\u012bvi att\u012bra un no\u0146em visus net\u012brumus no epidermas virsmas, maigi noloba keratiniz\u0113t\u0101s \u0161\u016bnas un m\u012bkstina \u0101du. Tam piem\u012bt izteikta antibakteri\u0101la iedarb\u012bba, tas samazina bakt\u0113riju aug\u0161anu un uztur vesel\u012bgu mikrobiotu.<\/p>\n<p>Absorb\u0113 lieko sebumu un regul\u0113 tauku dziedzeru darb\u012bbu. Veicina iekaisumu dz\u012b\u0161anu un pal\u012bdz c\u012b\u0146\u0101 pret pinn\u0113m. Maig\u0101 formula neizjauc epidermas lip\u012bdu apvalku un pal\u012bdz to stiprin\u0101t. Aizsarg\u0101 pret sausumu un dehidrat\u0101ciju p\u0113c mazg\u0101\u0161anas.<\/p>\n<p><strong>Galven\u0101s akt\u012bv\u0101s sast\u0101vda\u013cas:<\/strong><\/p>\n<ul>\n<li>Prie\u017eu ekstraktu ieg\u016bst no augiem, kas aug Jangjanas apgabal\u0101, Gangwon-do provinc\u0113, Korej\u0101. Ekstrakts tiek ieg\u016bts, izmantojot zemas temperat\u016bras ekstrakciju, kas \u013cauj saglab\u0101t maksim\u0101lo labv\u0113l\u012bgo vielu daudzumu. Priede ir pretiekaisuma komponents, kam piem\u012bt antioksidanta iedarb\u012bba.<\/li>\n<li>CICA-komplekss sast\u0101v no Centella asiatica ekstrakta, asiatikoz\u012bda, asiatisk\u0101s sk\u0101bes, madekasos\u012bda un madekas\u012bnsk\u0101bes. Centella asiatica palielina barjerfunkciju, stiprina asinsvadu sieni\u0146as, nov\u0113r\u0161 kuperozi, pie\u0161\u0137ir elast\u012bbu.<\/li>\n<li>LHA-sk\u0101be &#8211; maigs salicilsk\u0101bes BHA-sk\u0101bes analogs, kam ir liel\u0101ka izm\u0113ra molekula, t\u0101p\u0113c t\u0101 darbojas maig\u0101k. T\u0101 \u0161\u0137\u012bdina por\u0101s eso\u0161os piemais\u012bjumus, balina sebumu un nov\u0113r\u0161 melnos plankumus.<\/li>\n<li>Balt\u0101 v\u012btolu mizas ekstrakts ir dab\u012bgs salicilsk\u0101bes avots. Tas uzlabo \u0101das kr\u0101su, mazina kairin\u0101jumu, re\u0123ener\u0113, samazina poras, regul\u0113 sebuma veido\u0161anos, efekt\u012bvi p\u012blings, pal\u012bdz \u0101dai atjaunot t\u0101s barjerfunkcijas.<\/li>\n<li>Glikoprote\u012bni stiprina dabisko aizsargbarjeru, paaugstina kop\u0113jo mitrin\u0101\u0161anas l\u012bmeni.<\/li>\n<li>Kafijas pupi\u0146u ekstraktam piem\u012bt toniz\u0113jo\u0161a, pretnovasaro\u0161an\u0101s iedarb\u012bba. Tam piem\u012bt antioksidanta \u012bpa\u0161\u012bbas, tas pa\u0101trina \u0101das dz\u012b\u0161anu un re\u0123ener\u0101ciju.<\/li>\n<li>3 hialuronsk\u0101bes veidi iek\u013c\u016bst dzi\u013cos epidermas sl\u0101\u0146os, akt\u012bvi mitrina \u0161\u016bnas, veicina mitruma saglab\u0101\u0161anos \u0101d\u0101. Tie veido aizsargsl\u0101ni, kas nov\u0113r\u0161 mitruma iztvaiko\u0161anu.<\/li>\n<\/ul>\n<p>Piem\u0113rots norm\u0101lai, jauktai un taukainai \u0101dai.<\/p>\n<p><strong>Lieto\u0161ana:<\/strong> uzkl\u0101jiet nelielu produkta daudzumu uz samitrin\u0101t\u0101m plaukst\u0101m, saputojiet un iemas\u0113jiet \u0101d\u0101. R\u016bp\u012bgi nomazg\u0101jiet ar siltu \u016bdeni.<\/p>\n<p><strong>S\u0101stavs:<\/strong> Water, Glycerin, Hydrogenated Palm Acid, Potassium Hydroxide, Potassium Cocoyl Glycinate, Camellia Sinensis Leaf Extract, Cladosiphon Okamuranus Extract, White Willow Bark Extract, Coffea Arabica (Coffee) Seed Extract, Citrus Aurantium Bergamia (Bergamot) Leaf Extract, Salicylic Acid, Centella Asiatica Leaf Extract (10.6ppm), Pinus Densiflora Leaf Extract (10.6ppm), Centella Asiatica Extract (10ppm), Hyaluronic Acid, Hydrolyzed Hyaluronic Acid, Sodium Hyaluronate, Butylene Glycol, Ethylhexylglycerin, Gardenia Florida Fruit Extract, Glycoproteins (0.2 pm), Capryloyl Salicylic Acid, Asiatic Acid (0.01ppm), Asiaticoside (0.01pm), Madecassic Acid (O.01ppm), Madecassoside (0.010pm), Glyceryl Stearate, Dextrin, Decyl Glucoside, Acrylates\/C10-30 Alkyl Acrylate Crosspolymer, 1,2-Hexanediol, Sodium Phytate.<\/p>\n","protected":false},"excerpt":{"rendered":"<p>Round Lab Pine Calming Cica Cleanser efekt\u012bvi att\u012bra un no\u0146em visus net\u012brumus no epidermas virsmas, maigi noloba keratiniz\u0113t\u0101s \u0161\u016bnas un m\u012bkstina \u0101du. Tam piem\u012bt izteikta antibakteri\u0101la iedarb\u012bba, tas samazina bakt\u0113riju aug\u0161anu un uztur vesel\u012bgu mikrobiotu. Satur CICA kompleksu, LHA-sk\u0101bi, balt\u0101 v\u012btolu mizas ekstraktu un glikoprote\u012bnus.<\/p>\n","protected":false},"featured_media":18918,"comment_status":"closed","ping_status":"closed","template":"","meta":{"site-sidebar-layout":"default","site-content-layout":"","ast-site-content-layout":"","site-content-style":"default","site-sidebar-style":"default","ast-global-header-display":"","ast-banner-title-visibility":"","ast-main-header-display":"","ast-hfb-above-header-display":"","ast-hfb-below-header-display":"","ast-hfb-mobile-header-display":"","site-post-title":"","ast-breadcrumbs-content":"","ast-featured-img":"","footer-sml-layout":"","theme-transparent-header-meta":"","adv-header-id-meta":"","stick-header-meta":"","header-above-stick-meta":"","header-main-stick-meta":"","header-below-stick-meta":"","astra-migrate-meta-layouts":"default","ast-page-background-enabled":"default","ast-page-background-meta":{"desktop":{"background-color":"var(--ast-global-color-4)","background-image":"","background-repeat":"repeat","background-position":"center center","background-size":"auto","background-attachment":"scroll","background-type":"","background-media":"","overlay-type":"","overlay-color":"","overlay-opacity":"","overlay-gradient":""},"tablet":{"background-color":"","background-image":"","background-repeat":"repeat","background-position":"center center","background-size":"auto","background-attachment":"scroll","background-type":"","background-media":"","overlay-type":"","overlay-color":"","overlay-opacity":"","overlay-gradient":""},"mobile":{"background-color":"","background-image":"","background-repeat":"repeat","background-position":"center center","background-size":"auto","background-attachment":"scroll","background-type":"","background-media":"","overlay-type":"","overlay-color":"","overlay-opacity":"","overlay-gradient":""}},"ast-content-background-meta":{"desktop":{"background-color":"var(--ast-global-color-5)","background-image":"","background-repeat":"repeat","background-position":"center center","background-size":"auto","background-attachment":"scroll","background-type":"","background-media":"","overlay-type":"","overlay-color":"","overlay-opacity":"","overlay-gradient":""},"tablet":{"background-color":"var(--ast-global-color-5)","background-image":"","background-repeat":"repeat","background-position":"center center","background-size":"auto","background-attachment":"scroll","background-type":"","background-media":"","overlay-type":"","overlay-color":"","overlay-opacity":"","overlay-gradient":""},"mobile":{"background-color":"var(--ast-global-color-5)","background-image":"","background-repeat":"repeat","background-position":"center center","background-size":"auto","background-attachment":"scroll","background-type":"","background-media":"","overlay-type":"","overlay-color":"","overlay-opacity":"","overlay-gradient":""}}},"product_brand":[],"product_cat":[310,311,312,313,317],"product_tag":[],"berocket_brand":[589],"class_list":{"0":"post-18917","1":"product","2":"type-product","3":"status-publish","4":"has-post-thumbnail","6":"product_cat-attirisana","7":"product_cat-jutigai-adai-attirisana","8":"product_cat-kombinetai-adai-attirisana","9":"product_cat-problematiskai-adai-attirisana","10":"product_cat-sausai-adai-attirisana","11":"berocket_brand-round-lab","12":"desktop-align-left","13":"tablet-align-left","14":"mobile-align-left","16":"first","17":"instock","18":"taxable","19":"shipping-taxable","20":"purchasable","21":"product-type-simple","22":"add-to-wishlist-before_image"},"yoast_head":"<!-- This site is optimized with the Yoast SEO plugin v27.3 - https:\/\/yoast.com\/product\/yoast-seo-wordpress\/ -->\n<title>Round Lab Pine Calming Cica Cleanser 150ml - FACECORNER<\/title>\n<meta name=\"description\" content=\"Round Lab Pine Calming Cica Cleanser efekt\u012bvi att\u012bra un no\u0146em visus net\u012brumus no epidermas virsmas, maigi noloba keratiniz\u0113t\u0101s \u0161\u016bnas un m\u012bkstina \u0101du.\" \/>\n<meta name=\"robots\" content=\"index, follow, max-snippet:-1, max-image-preview:large, max-video-preview:-1\" \/>\n<link rel=\"canonical\" href=\"https:\/\/www.facecorner.lv\/lv\/shop\/round-lab-pine-calming-cica-cleanser-150ml\/\" \/>\n<meta property=\"og:locale\" content=\"lv_LV\" \/>\n<meta property=\"og:type\" content=\"article\" \/>\n<meta property=\"og:title\" content=\"Round Lab Pine Calming Cica Cleanser 150ml - FACECORNER\" \/>\n<meta property=\"og:description\" content=\"Round Lab Pine Calming Cica Cleanser efekt\u012bvi att\u012bra un no\u0146em visus net\u012brumus no epidermas virsmas, maigi noloba keratiniz\u0113t\u0101s \u0161\u016bnas un m\u012bkstina \u0101du.\" \/>\n<meta property=\"og:url\" content=\"https:\/\/www.facecorner.lv\/lv\/shop\/round-lab-pine-calming-cica-cleanser-150ml\/\" \/>\n<meta property=\"og:site_name\" content=\"FACECORNER\" \/>\n<meta property=\"article:publisher\" content=\"https:\/\/www.facebook.com\/profile.php?id=100063824551839\" \/>\n<meta property=\"article:modified_time\" content=\"2025-09-05T07:55:26+00:00\" \/>\n<meta property=\"og:image\" content=\"https:\/\/www.facecorner.lv\/wp-content\/uploads\/2024\/07\/5118220774_w600_h600_5118220774.jpg.webp\" \/>\n\t<meta property=\"og:image:width\" content=\"600\" \/>\n\t<meta property=\"og:image:height\" content=\"600\" \/>\n\t<meta property=\"og:image:type\" content=\"image\/webp\" \/>\n<meta name=\"twitter:card\" content=\"summary_large_image\" \/>\n<meta name=\"twitter:label1\" content=\"Price\" \/>\n\t<meta name=\"twitter:data1\" content=\"&euro;19.99\" \/>\n\t<meta name=\"twitter:label2\" content=\"Availability\" \/>\n\t<meta name=\"twitter:data2\" content=\"In stock\" \/>\n<script type=\"application\/ld+json\" class=\"yoast-schema-graph\">{\"@context\":\"https:\\\/\\\/schema.org\",\"@graph\":[{\"@type\":\"WebPage\",\"@id\":\"https:\\\/\\\/www.facecorner.lv\\\/shop\\\/round-lab-pine-calming-cica-cleanser-150ml\\\/\",\"url\":\"https:\\\/\\\/www.facecorner.lv\\\/shop\\\/round-lab-pine-calming-cica-cleanser-150ml\\\/\",\"name\":\"Round Lab Pine Calming Cica Cleanser 150ml - FACECORNER\",\"isPartOf\":{\"@id\":\"https:\\\/\\\/www.facecorner.lv\\\/#website\"},\"primaryImageOfPage\":{\"@id\":\"https:\\\/\\\/www.facecorner.lv\\\/shop\\\/round-lab-pine-calming-cica-cleanser-150ml\\\/#primaryimage\"},\"image\":{\"@id\":\"https:\\\/\\\/www.facecorner.lv\\\/shop\\\/round-lab-pine-calming-cica-cleanser-150ml\\\/#primaryimage\"},\"thumbnailUrl\":\"https:\\\/\\\/www.facecorner.lv\\\/wp-content\\\/uploads\\\/2024\\\/07\\\/5118220774_w600_h600_5118220774.jpg.webp\",\"datePublished\":\"2024-07-08T12:41:20+00:00\",\"dateModified\":\"2025-09-05T07:55:26+00:00\",\"description\":\"Round Lab Pine Calming Cica Cleanser efekt\u012bvi att\u012bra un no\u0146em visus net\u012brumus no epidermas virsmas, maigi noloba keratiniz\u0113t\u0101s \u0161\u016bnas un m\u012bkstina \u0101du.\",\"breadcrumb\":{\"@id\":\"https:\\\/\\\/www.facecorner.lv\\\/shop\\\/round-lab-pine-calming-cica-cleanser-150ml\\\/#breadcrumb\"},\"inLanguage\":\"lv-LV\",\"potentialAction\":[{\"@type\":\"ReadAction\",\"target\":[\"https:\\\/\\\/www.facecorner.lv\\\/shop\\\/round-lab-pine-calming-cica-cleanser-150ml\\\/\"]}]},{\"@type\":\"ImageObject\",\"inLanguage\":\"lv-LV\",\"@id\":\"https:\\\/\\\/www.facecorner.lv\\\/shop\\\/round-lab-pine-calming-cica-cleanser-150ml\\\/#primaryimage\",\"url\":\"https:\\\/\\\/www.facecorner.lv\\\/wp-content\\\/uploads\\\/2024\\\/07\\\/5118220774_w600_h600_5118220774.jpg.webp\",\"contentUrl\":\"https:\\\/\\\/www.facecorner.lv\\\/wp-content\\\/uploads\\\/2024\\\/07\\\/5118220774_w600_h600_5118220774.jpg.webp\",\"width\":600,\"height\":600,\"caption\":\"Round Lab Pine Calming Cica Cleanser\"},{\"@type\":\"BreadcrumbList\",\"@id\":\"https:\\\/\\\/www.facecorner.lv\\\/shop\\\/round-lab-pine-calming-cica-cleanser-150ml\\\/#breadcrumb\",\"itemListElement\":[{\"@type\":\"ListItem\",\"position\":1,\"name\":\"Home\",\"item\":\"https:\\\/\\\/www.facecorner.lv\\\/\"},{\"@type\":\"ListItem\",\"position\":2,\"name\":\"Veikals\",\"item\":\"https:\\\/\\\/www.facecorner.lv\\\/shop\\\/\"},{\"@type\":\"ListItem\",\"position\":3,\"name\":\"Round Lab Pine Calming Cica Cleanser 150ml\"}]},{\"@type\":\"WebSite\",\"@id\":\"https:\\\/\\\/www.facecorner.lv\\\/#website\",\"url\":\"https:\\\/\\\/www.facecorner.lv\\\/\",\"name\":\"Facecorner\",\"description\":\"\",\"publisher\":{\"@id\":\"https:\\\/\\\/www.facecorner.lv\\\/#organization\"},\"potentialAction\":[{\"@type\":\"SearchAction\",\"target\":{\"@type\":\"EntryPoint\",\"urlTemplate\":\"https:\\\/\\\/www.facecorner.lv\\\/?s={search_term_string}\"},\"query-input\":{\"@type\":\"PropertyValueSpecification\",\"valueRequired\":true,\"valueName\":\"search_term_string\"}}],\"inLanguage\":\"lv-LV\"},{\"@type\":\"Organization\",\"@id\":\"https:\\\/\\\/www.facecorner.lv\\\/#organization\",\"name\":\"Facecorner\",\"url\":\"https:\\\/\\\/www.facecorner.lv\\\/\",\"logo\":{\"@type\":\"ImageObject\",\"inLanguage\":\"lv-LV\",\"@id\":\"https:\\\/\\\/www.facecorner.lv\\\/#\\\/schema\\\/logo\\\/image\\\/\",\"url\":\"https:\\\/\\\/www.facecorner.lv\\\/wp-content\\\/uploads\\\/2024\\\/04\\\/fc-logo.jpg\",\"contentUrl\":\"https:\\\/\\\/www.facecorner.lv\\\/wp-content\\\/uploads\\\/2024\\\/04\\\/fc-logo.jpg\",\"width\":174,\"height\":28,\"caption\":\"Facecorner\"},\"image\":{\"@id\":\"https:\\\/\\\/www.facecorner.lv\\\/#\\\/schema\\\/logo\\\/image\\\/\"},\"sameAs\":[\"https:\\\/\\\/www.facebook.com\\\/profile.php?id=100063824551839\",\"https:\\\/\\\/www.instagram.com\\\/facecorner_shop\\\/\"]}]}<\/script>\n<meta property=\"product:price:amount\" content=\"19.99\" \/>\n<meta property=\"product:price:currency\" content=\"EUR\" \/>\n<meta property=\"og:availability\" content=\"instock\" \/>\n<meta property=\"product:availability\" content=\"instock\" \/>\n<meta property=\"product:condition\" content=\"new\" \/>\n<!-- \/ Yoast SEO plugin. -->","yoast_head_json":{"title":"Round Lab Pine Calming Cica Cleanser 150ml - FACECORNER","description":"Round Lab Pine Calming Cica Cleanser efekt\u012bvi att\u012bra un no\u0146em visus net\u012brumus no epidermas virsmas, maigi noloba keratiniz\u0113t\u0101s \u0161\u016bnas un m\u012bkstina \u0101du.","robots":{"index":"index","follow":"follow","max-snippet":"max-snippet:-1","max-image-preview":"max-image-preview:large","max-video-preview":"max-video-preview:-1"},"canonical":"https:\/\/www.facecorner.lv\/lv\/shop\/round-lab-pine-calming-cica-cleanser-150ml\/","og_locale":"lv_LV","og_type":"article","og_title":"Round Lab Pine Calming Cica Cleanser 150ml - FACECORNER","og_description":"Round Lab Pine Calming Cica Cleanser efekt\u012bvi att\u012bra un no\u0146em visus net\u012brumus no epidermas virsmas, maigi noloba keratiniz\u0113t\u0101s \u0161\u016bnas un m\u012bkstina \u0101du.","og_url":"https:\/\/www.facecorner.lv\/lv\/shop\/round-lab-pine-calming-cica-cleanser-150ml\/","og_site_name":"FACECORNER","article_publisher":"https:\/\/www.facebook.com\/profile.php?id=100063824551839","article_modified_time":"2025-09-05T07:55:26+00:00","og_image":[{"width":600,"height":600,"url":"https:\/\/www.facecorner.lv\/wp-content\/uploads\/2024\/07\/5118220774_w600_h600_5118220774.jpg.webp","type":"image\/webp"}],"twitter_card":"summary_large_image","twitter_misc":{"Price":"&euro;19.99","Availability":"In stock"},"schema":{"@context":"https:\/\/schema.org","@graph":[{"@type":"WebPage","@id":"https:\/\/www.facecorner.lv\/shop\/round-lab-pine-calming-cica-cleanser-150ml\/","url":"https:\/\/www.facecorner.lv\/shop\/round-lab-pine-calming-cica-cleanser-150ml\/","name":"Round Lab Pine Calming Cica Cleanser 150ml - FACECORNER","isPartOf":{"@id":"https:\/\/www.facecorner.lv\/#website"},"primaryImageOfPage":{"@id":"https:\/\/www.facecorner.lv\/shop\/round-lab-pine-calming-cica-cleanser-150ml\/#primaryimage"},"image":{"@id":"https:\/\/www.facecorner.lv\/shop\/round-lab-pine-calming-cica-cleanser-150ml\/#primaryimage"},"thumbnailUrl":"https:\/\/www.facecorner.lv\/wp-content\/uploads\/2024\/07\/5118220774_w600_h600_5118220774.jpg.webp","datePublished":"2024-07-08T12:41:20+00:00","dateModified":"2025-09-05T07:55:26+00:00","description":"Round Lab Pine Calming Cica Cleanser efekt\u012bvi att\u012bra un no\u0146em visus net\u012brumus no epidermas virsmas, maigi noloba keratiniz\u0113t\u0101s \u0161\u016bnas un m\u012bkstina \u0101du.","breadcrumb":{"@id":"https:\/\/www.facecorner.lv\/shop\/round-lab-pine-calming-cica-cleanser-150ml\/#breadcrumb"},"inLanguage":"lv-LV","potentialAction":[{"@type":"ReadAction","target":["https:\/\/www.facecorner.lv\/shop\/round-lab-pine-calming-cica-cleanser-150ml\/"]}]},{"@type":"ImageObject","inLanguage":"lv-LV","@id":"https:\/\/www.facecorner.lv\/shop\/round-lab-pine-calming-cica-cleanser-150ml\/#primaryimage","url":"https:\/\/www.facecorner.lv\/wp-content\/uploads\/2024\/07\/5118220774_w600_h600_5118220774.jpg.webp","contentUrl":"https:\/\/www.facecorner.lv\/wp-content\/uploads\/2024\/07\/5118220774_w600_h600_5118220774.jpg.webp","width":600,"height":600,"caption":"Round Lab Pine Calming Cica Cleanser"},{"@type":"BreadcrumbList","@id":"https:\/\/www.facecorner.lv\/shop\/round-lab-pine-calming-cica-cleanser-150ml\/#breadcrumb","itemListElement":[{"@type":"ListItem","position":1,"name":"Home","item":"https:\/\/www.facecorner.lv\/"},{"@type":"ListItem","position":2,"name":"Veikals","item":"https:\/\/www.facecorner.lv\/shop\/"},{"@type":"ListItem","position":3,"name":"Round Lab Pine Calming Cica Cleanser 150ml"}]},{"@type":"WebSite","@id":"https:\/\/www.facecorner.lv\/#website","url":"https:\/\/www.facecorner.lv\/","name":"Facecorner","description":"","publisher":{"@id":"https:\/\/www.facecorner.lv\/#organization"},"potentialAction":[{"@type":"SearchAction","target":{"@type":"EntryPoint","urlTemplate":"https:\/\/www.facecorner.lv\/?s={search_term_string}"},"query-input":{"@type":"PropertyValueSpecification","valueRequired":true,"valueName":"search_term_string"}}],"inLanguage":"lv-LV"},{"@type":"Organization","@id":"https:\/\/www.facecorner.lv\/#organization","name":"Facecorner","url":"https:\/\/www.facecorner.lv\/","logo":{"@type":"ImageObject","inLanguage":"lv-LV","@id":"https:\/\/www.facecorner.lv\/#\/schema\/logo\/image\/","url":"https:\/\/www.facecorner.lv\/wp-content\/uploads\/2024\/04\/fc-logo.jpg","contentUrl":"https:\/\/www.facecorner.lv\/wp-content\/uploads\/2024\/04\/fc-logo.jpg","width":174,"height":28,"caption":"Facecorner"},"image":{"@id":"https:\/\/www.facecorner.lv\/#\/schema\/logo\/image\/"},"sameAs":["https:\/\/www.facebook.com\/profile.php?id=100063824551839","https:\/\/www.instagram.com\/facecorner_shop\/"]}]},"product_price_amount":"19.99","product_price_currency":"EUR","og_availability":"instock","product_availability":"instock","product_condition":"new"},"_links":{"self":[{"href":"https:\/\/www.facecorner.lv\/lv\/wp-json\/wp\/v2\/product\/18917","targetHints":{"allow":["GET"]}}],"collection":[{"href":"https:\/\/www.facecorner.lv\/lv\/wp-json\/wp\/v2\/product"}],"about":[{"href":"https:\/\/www.facecorner.lv\/lv\/wp-json\/wp\/v2\/types\/product"}],"replies":[{"embeddable":true,"href":"https:\/\/www.facecorner.lv\/lv\/wp-json\/wp\/v2\/comments?post=18917"}],"wp:featuredmedia":[{"embeddable":true,"href":"https:\/\/www.facecorner.lv\/lv\/wp-json\/wp\/v2\/media\/18918"}],"wp:attachment":[{"href":"https:\/\/www.facecorner.lv\/lv\/wp-json\/wp\/v2\/media?parent=18917"}],"wp:term":[{"taxonomy":"product_brand","embeddable":true,"href":"https:\/\/www.facecorner.lv\/lv\/wp-json\/wp\/v2\/product_brand?post=18917"},{"taxonomy":"product_cat","embeddable":true,"href":"https:\/\/www.facecorner.lv\/lv\/wp-json\/wp\/v2\/product_cat?post=18917"},{"taxonomy":"product_tag","embeddable":true,"href":"https:\/\/www.facecorner.lv\/lv\/wp-json\/wp\/v2\/product_tag?post=18917"},{"taxonomy":"berocket_brand","embeddable":true,"href":"https:\/\/www.facecorner.lv\/lv\/wp-json\/wp\/v2\/berocket_brand?post=18917"}],"curies":[{"name":"wp","href":"https:\/\/api.w.org\/{rel}","templated":true}]}}