{"id":18910,"date":"2024-07-08T12:49:59","date_gmt":"2024-07-08T10:49:59","guid":{"rendered":"https:\/\/www.facecorner.lv\/?post_type=product&#038;p=18910"},"modified":"2025-11-28T11:30:34","modified_gmt":"2025-11-28T08:30:34","slug":"round-lab-mugwort-calming-cleanser-150ml","status":"publish","type":"product","link":"https:\/\/www.facecorner.lv\/lv\/shop\/round-lab-mugwort-calming-cleanser-150ml\/","title":{"rendered":"Round Lab Mugwort Calming Cleanser 150ml"},"content":{"rendered":"<p>Round Lab Mugwort Calming Cleanser ir ide\u0101li piem\u0113rots ikdienas mazg\u0101\u0161anai jut\u012bgai un problem\u0101tiskai \u0101dai, jo t\u0101 sast\u0101vs ir maigs.<\/p>\n<p>L\u012bdzeklis att\u012bra poras no keratiniz\u0113t\u0101m da\u013ci\u0146\u0101m un liek\u0101 sebuma, neradot kairin\u0101jumu. Maigi sk\u0101b\u0101 formula stiprina dabisko hidrolip\u012bdu barjeru, kas nov\u0113r\u0161 sausumu.<\/p>\n<p>Round Lab Mugwort Calming Cleanser nomazg\u0101 net\u012brumus, samazina mitruma zudumu un aizsarg\u0101 pret \u0101r\u0113jiem kairin\u0101t\u0101jiem, m\u012bkstina un izl\u012bdzina reljefu. Tam ir maiga, kr\u0113m\u012bga tekst\u016bra un v\u0113rmeles, meln\u0101s t\u0113jas un salvijas arom\u0101ts.<\/p>\n<p>Galven\u0101 akt\u012bv\u0101 viela ir v\u0113rmeles ekstrakts (10 045 ppm), kas nomierina iekaisumus, tam piem\u012bt bakteric\u012bda un antiseptiska iedarb\u012bba, mazina kuperozes un p\u016bt\u012btes veido\u0161anos.<\/p>\n<p><strong>Papildu akt\u012bv\u0101s sast\u0101vda\u013cas:<\/strong><\/p>\n<ul>\n<li>Komplekss 4-CICA (madekazos\u012bds, asiatikoz\u012bds, asiatisk\u0101 sk\u0101be, madekazisk\u0101 sk\u0101be) iedarbojas nomierino\u0161i, mazina aps\u0101rtumu un kairin\u0101jumu, stiprina asinsvadu sieni\u0146as un palielina elast\u012bbu.<\/li>\n<li>Pantenols (vitam\u012bns B5) pa\u0101trina mikroboj\u0101jumu dz\u012b\u0161anu, m\u012bkstina un nomierina, samazina aps\u0101rtumu, uzlabo epidermas barjerfunkciju.<\/li>\n<li>Alanto\u012bns nomierina, veicina re\u0123ener\u0101ciju, nov\u0113r\u0161 sausumu un samazina jut\u012bgumu, aizsarg\u0101 pret br\u012bvajiem radik\u0101\u013ciem.<\/li>\n<li>Za\u013c\u0101s t\u0113jas ekstrakts atsvaidzina un toniz\u0113, c\u012bn\u0101s pret br\u012bvajiem radik\u0101\u013ciem un mazina oksidat\u012bvo stresu, pagarina jaun\u012bbu.<\/li>\n<li>Koko-beta\u012bns ir att\u012bro\u0161s l\u012bdzeklis, kas iedarbojas maigi: tam piem\u012bt bakteric\u012bdas \u012bpa\u0161\u012bbas, tas no\u0146em net\u012brumus no \u0101das virsmas, nesausina un nekairina, veido maigas putas.<\/li>\n<\/ul>\n<p>Piem\u0113rots visiem \u0101das tipiem, tostarp jut\u012bgai un uz akne tend\u0113tai \u0101dai.<\/p>\n<p><strong>Lieto\u0161anas veids: <\/strong>ieputo l\u012bdzekli plaukst\u0101s, uzkl\u0101j uz sejas, turpini mas\u0113t \u0101du l\u012bdz maig\u0101m put\u0101m, noskalojies ar siltu \u016bdeni, turpini kop\u0161anu.<\/p>\n<p><strong>S\u0101stavs: \u00a0<\/strong>Water, Glycerin , Sodium Cocoyl Glycinate, Sodium Lauroyl Glutamate , Butylene Glycol , Coco-Betaine, Betaine, Hydroxypropyl Starch Phosphate, Artemisia Vulgaris Extract (10,045 ppm), Artemisia Princeps Leaf Extract (800 ppm), Madecassoside, Asiaticoside, Asiatic Acid, Madecassic Acid, Panthenol, Allantoin, Melia Azadirachta Leaf Extract, Malt Extract, Camellia Sinensis Leaf Extract, Melia Azadirachta Flower Extract, Sodium Chloride, Aspartic Acid, Caprylyl Glycol, Polyquaternium-67, 1,2-Hexanediol, Ethylhexylglycerin , Citric Acid, Salvia Officinalis (Sage) Oil<\/p>\n","protected":false},"excerpt":{"rendered":"<p>Round Lab Mugwort Calming Cleanser maigi att\u012bra jut\u012bgu un problem\u0101tisku \u0101du, no\u0146em net\u012brumus no por\u0101m, neiz\u017e\u0101v\u0113jot un neradot kairin\u0101jumu. L\u012bdzek\u013ca maigi sk\u0101b\u0101 formula satur sast\u0101vda\u013cas, kas nomierina un samazina mitruma zudumu. Satur v\u0113rmeles ekstraktu, 4-CICA kompleksu, pantenolu, alanto\u012bnu un za\u013c\u0101s t\u0113jas ekstraktu. Tas ir aromatiz\u0113ts ar v\u0113rmeles, meln\u0101s t\u0113jas un salvijas arom\u0101tu.<\/p>\n","protected":false},"featured_media":18915,"comment_status":"open","ping_status":"closed","template":"","meta":{"site-sidebar-layout":"default","site-content-layout":"","ast-site-content-layout":"","site-content-style":"default","site-sidebar-style":"default","ast-global-header-display":"","ast-banner-title-visibility":"","ast-main-header-display":"","ast-hfb-above-header-display":"","ast-hfb-below-header-display":"","ast-hfb-mobile-header-display":"","site-post-title":"","ast-breadcrumbs-content":"","ast-featured-img":"","footer-sml-layout":"","theme-transparent-header-meta":"","adv-header-id-meta":"","stick-header-meta":"","header-above-stick-meta":"","header-main-stick-meta":"","header-below-stick-meta":"","astra-migrate-meta-layouts":"default","ast-page-background-enabled":"default","ast-page-background-meta":{"desktop":{"background-color":"var(--ast-global-color-4)","background-image":"","background-repeat":"repeat","background-position":"center center","background-size":"auto","background-attachment":"scroll","background-type":"","background-media":"","overlay-type":"","overlay-color":"","overlay-opacity":"","overlay-gradient":""},"tablet":{"background-color":"","background-image":"","background-repeat":"repeat","background-position":"center center","background-size":"auto","background-attachment":"scroll","background-type":"","background-media":"","overlay-type":"","overlay-color":"","overlay-opacity":"","overlay-gradient":""},"mobile":{"background-color":"","background-image":"","background-repeat":"repeat","background-position":"center center","background-size":"auto","background-attachment":"scroll","background-type":"","background-media":"","overlay-type":"","overlay-color":"","overlay-opacity":"","overlay-gradient":""}},"ast-content-background-meta":{"desktop":{"background-color":"var(--ast-global-color-5)","background-image":"","background-repeat":"repeat","background-position":"center center","background-size":"auto","background-attachment":"scroll","background-type":"","background-media":"","overlay-type":"","overlay-color":"","overlay-opacity":"","overlay-gradient":""},"tablet":{"background-color":"var(--ast-global-color-5)","background-image":"","background-repeat":"repeat","background-position":"center center","background-size":"auto","background-attachment":"scroll","background-type":"","background-media":"","overlay-type":"","overlay-color":"","overlay-opacity":"","overlay-gradient":""},"mobile":{"background-color":"var(--ast-global-color-5)","background-image":"","background-repeat":"repeat","background-position":"center center","background-size":"auto","background-attachment":"scroll","background-type":"","background-media":"","overlay-type":"","overlay-color":"","overlay-opacity":"","overlay-gradient":""}}},"product_brand":[],"product_cat":[310,311,312,317],"product_tag":[],"berocket_brand":[589],"class_list":{"0":"post-18910","1":"product","2":"type-product","3":"status-publish","4":"has-post-thumbnail","6":"product_cat-attirisana","7":"product_cat-jutigai-adai-attirisana","8":"product_cat-kombinetai-adai-attirisana","9":"product_cat-sausai-adai-attirisana","10":"berocket_brand-round-lab","11":"desktop-align-left","12":"tablet-align-left","13":"mobile-align-left","15":"first","16":"outofstock","17":"taxable","18":"shipping-taxable","19":"purchasable","20":"product-type-simple","21":"add-to-wishlist-before_image"},"yoast_head":"<!-- This site is optimized with the Yoast SEO plugin v27.4 - https:\/\/yoast.com\/product\/yoast-seo-wordpress\/ -->\n<title>Round Lab Mugwort Calming Cleanser 150ml - FACECORNER<\/title>\n<meta name=\"description\" content=\"Round Lab Mugwort Calming Cleanser maigi att\u012bra jut\u012bgu un problem\u0101tisku \u0101du, no\u0146em net\u012brumus no por\u0101m, neiz\u017e\u0101v\u0113jot un neradot kairin\u0101jumu.\" \/>\n<meta name=\"robots\" content=\"index, follow, max-snippet:-1, max-image-preview:large, max-video-preview:-1\" \/>\n<link rel=\"canonical\" href=\"https:\/\/www.facecorner.lv\/lv\/shop\/round-lab-mugwort-calming-cleanser-150ml\/\" \/>\n<meta property=\"og:locale\" content=\"lv_LV\" \/>\n<meta property=\"og:type\" content=\"article\" \/>\n<meta property=\"og:title\" content=\"Round Lab Mugwort Calming Cleanser 150ml - FACECORNER\" \/>\n<meta property=\"og:description\" content=\"Round Lab Mugwort Calming Cleanser maigi att\u012bra jut\u012bgu un problem\u0101tisku \u0101du, no\u0146em net\u012brumus no por\u0101m, neiz\u017e\u0101v\u0113jot un neradot kairin\u0101jumu.\" \/>\n<meta property=\"og:url\" content=\"https:\/\/www.facecorner.lv\/lv\/shop\/round-lab-mugwort-calming-cleanser-150ml\/\" \/>\n<meta property=\"og:site_name\" content=\"FACECORNER\" \/>\n<meta property=\"article:publisher\" content=\"https:\/\/www.facebook.com\/profile.php?id=100063824551839\" \/>\n<meta property=\"article:modified_time\" content=\"2025-11-28T08:30:34+00:00\" \/>\n<meta property=\"og:image\" content=\"https:\/\/www.facecorner.lv\/wp-content\/uploads\/2024\/07\/Round-Lab-Mugwort-Calming-Cleanser-1.jpg\" \/>\n\t<meta property=\"og:image:width\" content=\"1000\" \/>\n\t<meta property=\"og:image:height\" content=\"1000\" \/>\n\t<meta property=\"og:image:type\" content=\"image\/jpeg\" \/>\n<meta name=\"twitter:card\" content=\"summary_large_image\" \/>\n<meta name=\"twitter:label1\" content=\"Price\" \/>\n\t<meta name=\"twitter:data1\" content=\"&euro;19.99\" \/>\n\t<meta name=\"twitter:label2\" content=\"Availability\" \/>\n\t<meta name=\"twitter:data2\" content=\"Out of stock\" \/>\n<script type=\"application\/ld+json\" class=\"yoast-schema-graph\">{\"@context\":\"https:\\\/\\\/schema.org\",\"@graph\":[{\"@type\":\"WebPage\",\"@id\":\"https:\\\/\\\/www.facecorner.lv\\\/shop\\\/round-lab-mugwort-calming-cleanser-150ml\\\/\",\"url\":\"https:\\\/\\\/www.facecorner.lv\\\/shop\\\/round-lab-mugwort-calming-cleanser-150ml\\\/\",\"name\":\"Round Lab Mugwort Calming Cleanser 150ml - FACECORNER\",\"isPartOf\":{\"@id\":\"https:\\\/\\\/www.facecorner.lv\\\/#website\"},\"primaryImageOfPage\":{\"@id\":\"https:\\\/\\\/www.facecorner.lv\\\/shop\\\/round-lab-mugwort-calming-cleanser-150ml\\\/#primaryimage\"},\"image\":{\"@id\":\"https:\\\/\\\/www.facecorner.lv\\\/shop\\\/round-lab-mugwort-calming-cleanser-150ml\\\/#primaryimage\"},\"thumbnailUrl\":\"https:\\\/\\\/www.facecorner.lv\\\/wp-content\\\/uploads\\\/2024\\\/07\\\/Round-Lab-Mugwort-Calming-Cleanser-1.jpg\",\"datePublished\":\"2024-07-08T10:49:59+00:00\",\"dateModified\":\"2025-11-28T08:30:34+00:00\",\"description\":\"Round Lab Mugwort Calming Cleanser maigi att\u012bra jut\u012bgu un problem\u0101tisku \u0101du, no\u0146em net\u012brumus no por\u0101m, neiz\u017e\u0101v\u0113jot un neradot kairin\u0101jumu.\",\"breadcrumb\":{\"@id\":\"https:\\\/\\\/www.facecorner.lv\\\/shop\\\/round-lab-mugwort-calming-cleanser-150ml\\\/#breadcrumb\"},\"inLanguage\":\"lv-LV\",\"potentialAction\":[{\"@type\":\"ReadAction\",\"target\":[\"https:\\\/\\\/www.facecorner.lv\\\/shop\\\/round-lab-mugwort-calming-cleanser-150ml\\\/\"]}]},{\"@type\":\"ImageObject\",\"inLanguage\":\"lv-LV\",\"@id\":\"https:\\\/\\\/www.facecorner.lv\\\/shop\\\/round-lab-mugwort-calming-cleanser-150ml\\\/#primaryimage\",\"url\":\"https:\\\/\\\/www.facecorner.lv\\\/wp-content\\\/uploads\\\/2024\\\/07\\\/Round-Lab-Mugwort-Calming-Cleanser-1.jpg\",\"contentUrl\":\"https:\\\/\\\/www.facecorner.lv\\\/wp-content\\\/uploads\\\/2024\\\/07\\\/Round-Lab-Mugwort-Calming-Cleanser-1.jpg\",\"width\":1000,\"height\":1000},{\"@type\":\"BreadcrumbList\",\"@id\":\"https:\\\/\\\/www.facecorner.lv\\\/shop\\\/round-lab-mugwort-calming-cleanser-150ml\\\/#breadcrumb\",\"itemListElement\":[{\"@type\":\"ListItem\",\"position\":1,\"name\":\"Home\",\"item\":\"https:\\\/\\\/www.facecorner.lv\\\/\"},{\"@type\":\"ListItem\",\"position\":2,\"name\":\"Veikals\",\"item\":\"https:\\\/\\\/www.facecorner.lv\\\/shop\\\/\"},{\"@type\":\"ListItem\",\"position\":3,\"name\":\"Round Lab Mugwort Calming Cleanser 150ml\"}]},{\"@type\":\"WebSite\",\"@id\":\"https:\\\/\\\/www.facecorner.lv\\\/#website\",\"url\":\"https:\\\/\\\/www.facecorner.lv\\\/\",\"name\":\"Facecorner\",\"description\":\"\",\"publisher\":{\"@id\":\"https:\\\/\\\/www.facecorner.lv\\\/#organization\"},\"potentialAction\":[{\"@type\":\"SearchAction\",\"target\":{\"@type\":\"EntryPoint\",\"urlTemplate\":\"https:\\\/\\\/www.facecorner.lv\\\/?s={search_term_string}\"},\"query-input\":{\"@type\":\"PropertyValueSpecification\",\"valueRequired\":true,\"valueName\":\"search_term_string\"}}],\"inLanguage\":\"lv-LV\"},{\"@type\":\"Organization\",\"@id\":\"https:\\\/\\\/www.facecorner.lv\\\/#organization\",\"name\":\"Facecorner\",\"url\":\"https:\\\/\\\/www.facecorner.lv\\\/\",\"logo\":{\"@type\":\"ImageObject\",\"inLanguage\":\"lv-LV\",\"@id\":\"https:\\\/\\\/www.facecorner.lv\\\/#\\\/schema\\\/logo\\\/image\\\/\",\"url\":\"https:\\\/\\\/www.facecorner.lv\\\/wp-content\\\/uploads\\\/2024\\\/04\\\/fc-logo.jpg\",\"contentUrl\":\"https:\\\/\\\/www.facecorner.lv\\\/wp-content\\\/uploads\\\/2024\\\/04\\\/fc-logo.jpg\",\"width\":174,\"height\":28,\"caption\":\"Facecorner\"},\"image\":{\"@id\":\"https:\\\/\\\/www.facecorner.lv\\\/#\\\/schema\\\/logo\\\/image\\\/\"},\"sameAs\":[\"https:\\\/\\\/www.facebook.com\\\/profile.php?id=100063824551839\",\"https:\\\/\\\/www.instagram.com\\\/facecorner_shop\\\/\"]}]}<\/script>\n<meta property=\"product:price:amount\" content=\"19.99\" \/>\n<meta property=\"product:price:currency\" content=\"EUR\" \/>\n<meta property=\"og:availability\" content=\"out of stock\" \/>\n<meta property=\"product:availability\" content=\"out of stock\" \/>\n<meta property=\"product:condition\" content=\"new\" \/>\n<!-- \/ Yoast SEO plugin. -->","yoast_head_json":{"title":"Round Lab Mugwort Calming Cleanser 150ml - FACECORNER","description":"Round Lab Mugwort Calming Cleanser maigi att\u012bra jut\u012bgu un problem\u0101tisku \u0101du, no\u0146em net\u012brumus no por\u0101m, neiz\u017e\u0101v\u0113jot un neradot kairin\u0101jumu.","robots":{"index":"index","follow":"follow","max-snippet":"max-snippet:-1","max-image-preview":"max-image-preview:large","max-video-preview":"max-video-preview:-1"},"canonical":"https:\/\/www.facecorner.lv\/lv\/shop\/round-lab-mugwort-calming-cleanser-150ml\/","og_locale":"lv_LV","og_type":"article","og_title":"Round Lab Mugwort Calming Cleanser 150ml - FACECORNER","og_description":"Round Lab Mugwort Calming Cleanser maigi att\u012bra jut\u012bgu un problem\u0101tisku \u0101du, no\u0146em net\u012brumus no por\u0101m, neiz\u017e\u0101v\u0113jot un neradot kairin\u0101jumu.","og_url":"https:\/\/www.facecorner.lv\/lv\/shop\/round-lab-mugwort-calming-cleanser-150ml\/","og_site_name":"FACECORNER","article_publisher":"https:\/\/www.facebook.com\/profile.php?id=100063824551839","article_modified_time":"2025-11-28T08:30:34+00:00","og_image":[{"width":1000,"height":1000,"url":"https:\/\/www.facecorner.lv\/wp-content\/uploads\/2024\/07\/Round-Lab-Mugwort-Calming-Cleanser-1.jpg","type":"image\/jpeg"}],"twitter_card":"summary_large_image","twitter_misc":{"Price":"&euro;19.99","Availability":"Out of stock"},"schema":{"@context":"https:\/\/schema.org","@graph":[{"@type":"WebPage","@id":"https:\/\/www.facecorner.lv\/shop\/round-lab-mugwort-calming-cleanser-150ml\/","url":"https:\/\/www.facecorner.lv\/shop\/round-lab-mugwort-calming-cleanser-150ml\/","name":"Round Lab Mugwort Calming Cleanser 150ml - FACECORNER","isPartOf":{"@id":"https:\/\/www.facecorner.lv\/#website"},"primaryImageOfPage":{"@id":"https:\/\/www.facecorner.lv\/shop\/round-lab-mugwort-calming-cleanser-150ml\/#primaryimage"},"image":{"@id":"https:\/\/www.facecorner.lv\/shop\/round-lab-mugwort-calming-cleanser-150ml\/#primaryimage"},"thumbnailUrl":"https:\/\/www.facecorner.lv\/wp-content\/uploads\/2024\/07\/Round-Lab-Mugwort-Calming-Cleanser-1.jpg","datePublished":"2024-07-08T10:49:59+00:00","dateModified":"2025-11-28T08:30:34+00:00","description":"Round Lab Mugwort Calming Cleanser maigi att\u012bra jut\u012bgu un problem\u0101tisku \u0101du, no\u0146em net\u012brumus no por\u0101m, neiz\u017e\u0101v\u0113jot un neradot kairin\u0101jumu.","breadcrumb":{"@id":"https:\/\/www.facecorner.lv\/shop\/round-lab-mugwort-calming-cleanser-150ml\/#breadcrumb"},"inLanguage":"lv-LV","potentialAction":[{"@type":"ReadAction","target":["https:\/\/www.facecorner.lv\/shop\/round-lab-mugwort-calming-cleanser-150ml\/"]}]},{"@type":"ImageObject","inLanguage":"lv-LV","@id":"https:\/\/www.facecorner.lv\/shop\/round-lab-mugwort-calming-cleanser-150ml\/#primaryimage","url":"https:\/\/www.facecorner.lv\/wp-content\/uploads\/2024\/07\/Round-Lab-Mugwort-Calming-Cleanser-1.jpg","contentUrl":"https:\/\/www.facecorner.lv\/wp-content\/uploads\/2024\/07\/Round-Lab-Mugwort-Calming-Cleanser-1.jpg","width":1000,"height":1000},{"@type":"BreadcrumbList","@id":"https:\/\/www.facecorner.lv\/shop\/round-lab-mugwort-calming-cleanser-150ml\/#breadcrumb","itemListElement":[{"@type":"ListItem","position":1,"name":"Home","item":"https:\/\/www.facecorner.lv\/"},{"@type":"ListItem","position":2,"name":"Veikals","item":"https:\/\/www.facecorner.lv\/shop\/"},{"@type":"ListItem","position":3,"name":"Round Lab Mugwort Calming Cleanser 150ml"}]},{"@type":"WebSite","@id":"https:\/\/www.facecorner.lv\/#website","url":"https:\/\/www.facecorner.lv\/","name":"Facecorner","description":"","publisher":{"@id":"https:\/\/www.facecorner.lv\/#organization"},"potentialAction":[{"@type":"SearchAction","target":{"@type":"EntryPoint","urlTemplate":"https:\/\/www.facecorner.lv\/?s={search_term_string}"},"query-input":{"@type":"PropertyValueSpecification","valueRequired":true,"valueName":"search_term_string"}}],"inLanguage":"lv-LV"},{"@type":"Organization","@id":"https:\/\/www.facecorner.lv\/#organization","name":"Facecorner","url":"https:\/\/www.facecorner.lv\/","logo":{"@type":"ImageObject","inLanguage":"lv-LV","@id":"https:\/\/www.facecorner.lv\/#\/schema\/logo\/image\/","url":"https:\/\/www.facecorner.lv\/wp-content\/uploads\/2024\/04\/fc-logo.jpg","contentUrl":"https:\/\/www.facecorner.lv\/wp-content\/uploads\/2024\/04\/fc-logo.jpg","width":174,"height":28,"caption":"Facecorner"},"image":{"@id":"https:\/\/www.facecorner.lv\/#\/schema\/logo\/image\/"},"sameAs":["https:\/\/www.facebook.com\/profile.php?id=100063824551839","https:\/\/www.instagram.com\/facecorner_shop\/"]}]},"product_price_amount":"19.99","product_price_currency":"EUR","og_availability":"out of stock","product_availability":"out of stock","product_condition":"new"},"_links":{"self":[{"href":"https:\/\/www.facecorner.lv\/lv\/wp-json\/wp\/v2\/product\/18910","targetHints":{"allow":["GET"]}}],"collection":[{"href":"https:\/\/www.facecorner.lv\/lv\/wp-json\/wp\/v2\/product"}],"about":[{"href":"https:\/\/www.facecorner.lv\/lv\/wp-json\/wp\/v2\/types\/product"}],"replies":[{"embeddable":true,"href":"https:\/\/www.facecorner.lv\/lv\/wp-json\/wp\/v2\/comments?post=18910"}],"wp:featuredmedia":[{"embeddable":true,"href":"https:\/\/www.facecorner.lv\/lv\/wp-json\/wp\/v2\/media\/18915"}],"wp:attachment":[{"href":"https:\/\/www.facecorner.lv\/lv\/wp-json\/wp\/v2\/media?parent=18910"}],"wp:term":[{"taxonomy":"product_brand","embeddable":true,"href":"https:\/\/www.facecorner.lv\/lv\/wp-json\/wp\/v2\/product_brand?post=18910"},{"taxonomy":"product_cat","embeddable":true,"href":"https:\/\/www.facecorner.lv\/lv\/wp-json\/wp\/v2\/product_cat?post=18910"},{"taxonomy":"product_tag","embeddable":true,"href":"https:\/\/www.facecorner.lv\/lv\/wp-json\/wp\/v2\/product_tag?post=18910"},{"taxonomy":"berocket_brand","embeddable":true,"href":"https:\/\/www.facecorner.lv\/lv\/wp-json\/wp\/v2\/berocket_brand?post=18910"}],"curies":[{"name":"wp","href":"https:\/\/api.w.org\/{rel}","templated":true}]}}