{"id":18852,"date":"2024-07-01T15:03:50","date_gmt":"2024-07-01T13:03:50","guid":{"rendered":"https:\/\/www.facecorner.lv\/?post_type=product&#038;p=18852"},"modified":"2025-02-08T21:28:59","modified_gmt":"2025-02-08T18:28:59","slug":"lador-c-tox-clay-shampoo-200ml","status":"publish","type":"product","link":"https:\/\/www.facecorner.lv\/lv\/shop\/lador-c-tox-clay-shampoo-200ml\/","title":{"rendered":"Lador C-Tox Clay Shampoo 200ml"},"content":{"rendered":"<p>Lador C-Tox m\u0101la \u0161amp\u016bns maigi no\u0146em net\u012brumus, absorb\u0113jot putek\u013cus, lieko sebumu un keratiniz\u0113tas da\u013ci\u0146as. Pateicoties sast\u0101v\u0101 eso\u0161ajiem miner\u0101liem, l\u012bdzeklis m\u012bkstina matus, neizsausina, baro un mitrina.<\/p>\n<p>Veido biezas, m\u012bkstas putas, kas dzi\u013ci att\u012bra matus un nomazg\u0101 matu veido\u0161anas l\u012bdzek\u013cu paliekas. Viegli sk\u0101ba formula uztur optim\u0101lu pH l\u012bmeni, veicinot vesel\u012bgu matu aug\u0161anu.<\/p>\n<p>\u0160amp\u016bns pie\u0161\u0137ir pat\u012bkamu arom\u0101tu: aug\u0161\u0113j\u0101s notis &#8211; apels\u012bns, citrons, greipfr\u016bts; sirds notis &#8211; lilija, roze, jasm\u012bns, eikalipts un za\u013c\u0101s notis; pamata notis &#8211; muskuss, dzintars.<\/p>\n<p><strong>Galven\u0101s akt\u012bv\u0101s sast\u0101vda\u013cas:<\/strong><\/p>\n<ul>\n<li>Kaol\u012bns (1000 ppb) m\u012bkstina galvas \u0101du un nomierina kairin\u0101jumu, absorb\u0113 sebumu, nov\u0113r\u0161 p\u0101rm\u0113r\u012bgu tauko\u0161anos, normaliz\u0113 pH l\u012bdzsvaru, veicina vesel\u012bgu un sp\u0113c\u012bgu matu aug\u0161anu.<\/li>\n<li>Kokogles pulveris absorb\u0113 lieko sebumu, izvelk visus net\u012brumus no por\u0101m, tam ir laba att\u012bro\u0161a iedarb\u012bba.<\/li>\n<li>Lamin\u0101rijas ekstrakts mitrina un stiprina, pies\u0101tina matus ar nepiecie\u0161amaj\u0101m miner\u0101lviel\u0101m un mikroelementiem. Stimul\u0113 matu aug\u0161anu, aktiviz\u0113 asinsriti, darbojas antioksidanti.<\/li>\n<li>Fucus ekstrakts ir ieg\u016bts no br\u016bna\u013c\u0123\u0113m. Toniz\u0113, pies\u0101tina ar antioksidantiem, mitrina un nov\u0113r\u0161 galvas \u0101das sausumu.<\/li>\n<li>Undaria pinnata ekstrakts ir a\u013c\u0123es, kas ir bag\u0101t\u012bgs A vitam\u012bna avots. Tas nodro\u0161ina antioksidantu aizsardz\u012bbu<\/li>\n<li>Planktona ekstrakts tiek ieg\u016bts no a\u013c\u0123\u0113m un citiem j\u016bras organismiem. Mitrina, kopj un m\u012bkstina \u0101du.<\/li>\n<li>J\u016bras \u016bdens ir bag\u0101ts ar makro- un mikroelementiem un pal\u012bdz sabiezin\u0101t un izl\u012bdzin\u0101t matus.<\/li>\n<li>Tokoferols (E vitam\u012bns) ir antioksidants, veicina vesel\u012bgu matu aug\u0161anu, tam ir fotoprotekt\u012bva iedarb\u012bba, tas m\u012bkstina un baro.<\/li>\n<\/ul>\n<p><strong>Piem\u0113rots visiem matu tipiem.<\/strong><\/p>\n<p><strong>Lieto\u0161ana:<\/strong> uzkl\u0101jiet l\u012bdzekli uz mitras galvas \u0101das, izklied\u0113jiet ar mas\u0113jo\u0161\u0101m kust\u012bb\u0101m, noskalojiet ar \u016bdeni.<\/p>\n<p><strong>S\u0101stavs:<\/strong> Water, Disodium Laureth Sulfosuccinate, Lauryl Betaine, Cocamide MIPA, Sodium Cocoyl Isethionate, Potassium Cocoyl Glycinate, Glycol Distearate, Propylene Glycol Laurate, Sodium Chloride, Polyquaternium-10, Potassium Cocoate, Caprylyl Glycol, Citric Acid, Charcoal Powder, Propanediol, Trihydroxystearin, Disodium EDTA, Ethylhexylglycerin, Isopropanolamine, Sea Water, Kaolin(1000ppb), Onsen-Sui, Tocopherol, Butylene Glycol, 1,2-Hexanediol, Dipropylene Glycol, Pentylene Glycol, Laminaria Japonica Extract, Fucus Vesiculosus Extract, Undaria Pinnatifida Extract, Chlorella Vulgaris Extract, Salicornia Herbacea Extract, Plankton Extract, Sodium Benzoate, Hydroxyacetophenone, Fragrance, Linalool, Limonene<\/p>\n","protected":false},"excerpt":{"rendered":"<p>Lador C-Tox Clay \u0161amp\u016bns ar m\u0101liem un j\u016bras miner\u0101liem maigi no\u0146em net\u012brumus &#8211; l\u012bdzeklis absorb\u0113 putek\u013cus, lieko sebumu un keratiniz\u0113tas \u0101das da\u013ci\u0146as, nomazg\u0101jot t\u0101s no galvas \u0101das. Pateicoties sast\u0101v\u0101 eso\u0161ajiem miner\u0101liem, l\u012bdzeklis m\u012bkstina matus, nerada sausumu, baro un mitrina. Satur m\u0101lu, a\u013c\u0123u ekstraktus, planktonu, j\u016bras \u016bdeni, kokogles pulveri un tokoferolu.<\/p>\n","protected":false},"featured_media":18853,"comment_status":"open","ping_status":"closed","template":"","meta":{"site-sidebar-layout":"default","site-content-layout":"","ast-site-content-layout":"","site-content-style":"default","site-sidebar-style":"default","ast-global-header-display":"","ast-banner-title-visibility":"","ast-main-header-display":"","ast-hfb-above-header-display":"","ast-hfb-below-header-display":"","ast-hfb-mobile-header-display":"","site-post-title":"","ast-breadcrumbs-content":"","ast-featured-img":"","footer-sml-layout":"","theme-transparent-header-meta":"","adv-header-id-meta":"","stick-header-meta":"","header-above-stick-meta":"","header-main-stick-meta":"","header-below-stick-meta":"","astra-migrate-meta-layouts":"default","ast-page-background-enabled":"default","ast-page-background-meta":{"desktop":{"background-color":"var(--ast-global-color-4)","background-image":"","background-repeat":"repeat","background-position":"center center","background-size":"auto","background-attachment":"scroll","background-type":"","background-media":"","overlay-type":"","overlay-color":"","overlay-opacity":"","overlay-gradient":""},"tablet":{"background-color":"","background-image":"","background-repeat":"repeat","background-position":"center center","background-size":"auto","background-attachment":"scroll","background-type":"","background-media":"","overlay-type":"","overlay-color":"","overlay-opacity":"","overlay-gradient":""},"mobile":{"background-color":"","background-image":"","background-repeat":"repeat","background-position":"center center","background-size":"auto","background-attachment":"scroll","background-type":"","background-media":"","overlay-type":"","overlay-color":"","overlay-opacity":"","overlay-gradient":""}},"ast-content-background-meta":{"desktop":{"background-color":"var(--ast-global-color-5)","background-image":"","background-repeat":"repeat","background-position":"center center","background-size":"auto","background-attachment":"scroll","background-type":"","background-media":"","overlay-type":"","overlay-color":"","overlay-opacity":"","overlay-gradient":""},"tablet":{"background-color":"var(--ast-global-color-5)","background-image":"","background-repeat":"repeat","background-position":"center center","background-size":"auto","background-attachment":"scroll","background-type":"","background-media":"","overlay-type":"","overlay-color":"","overlay-opacity":"","overlay-gradient":""},"mobile":{"background-color":"var(--ast-global-color-5)","background-image":"","background-repeat":"repeat","background-position":"center center","background-size":"auto","background-attachment":"scroll","background-type":"","background-media":"","overlay-type":"","overlay-color":"","overlay-opacity":"","overlay-gradient":""}}},"product_brand":[],"product_cat":[330,357],"product_tag":[],"berocket_brand":[594],"class_list":{"0":"post-18852","1":"product","2":"type-product","3":"status-publish","4":"has-post-thumbnail","6":"product_cat-matiem","7":"product_cat-sampuni","8":"berocket_brand-lador","9":"desktop-align-left","10":"tablet-align-left","11":"mobile-align-left","13":"first","14":"instock","15":"taxable","16":"shipping-taxable","17":"purchasable","18":"product-type-simple","19":"add-to-wishlist-before_image"},"yoast_head":"<!-- This site is optimized with the Yoast SEO plugin v27.4 - https:\/\/yoast.com\/product\/yoast-seo-wordpress\/ -->\n<title>Lador C-Tox Clay Shampoo 200ml - FACECORNER<\/title>\n<meta name=\"description\" content=\"Lador C-Tox Clay \u0161amp\u016bns ar m\u0101liem un j\u016bras miner\u0101liem maigi no\u0146em net\u012brumus - l\u012bdzeklis absorb\u0113 putek\u013cus, lieko sebumu un keratiniz\u0113tas \u0101das da\u013ci\u0146as.\" \/>\n<meta name=\"robots\" content=\"index, follow, max-snippet:-1, max-image-preview:large, max-video-preview:-1\" \/>\n<link rel=\"canonical\" href=\"https:\/\/www.facecorner.lv\/lv\/shop\/lador-c-tox-clay-shampoo-200ml\/\" \/>\n<meta property=\"og:locale\" content=\"lv_LV\" \/>\n<meta property=\"og:type\" content=\"article\" \/>\n<meta property=\"og:title\" content=\"Lador C-Tox Clay Shampoo 200ml - FACECORNER\" \/>\n<meta property=\"og:description\" content=\"Lador C-Tox Clay \u0161amp\u016bns ar m\u0101liem un j\u016bras miner\u0101liem maigi no\u0146em net\u012brumus - l\u012bdzeklis absorb\u0113 putek\u013cus, lieko sebumu un keratiniz\u0113tas \u0101das da\u013ci\u0146as.\" \/>\n<meta property=\"og:url\" content=\"https:\/\/www.facecorner.lv\/lv\/shop\/lador-c-tox-clay-shampoo-200ml\/\" \/>\n<meta property=\"og:site_name\" content=\"FACECORNER\" \/>\n<meta property=\"article:publisher\" content=\"https:\/\/www.facebook.com\/profile.php?id=100063824551839\" \/>\n<meta property=\"article:modified_time\" content=\"2025-02-08T18:28:59+00:00\" \/>\n<meta property=\"og:image\" content=\"https:\/\/www.facecorner.lv\/wp-content\/uploads\/2024\/07\/4exchcr2-1.jpg\" \/>\n\t<meta property=\"og:image:width\" content=\"1320\" \/>\n\t<meta property=\"og:image:height\" content=\"1320\" \/>\n\t<meta property=\"og:image:type\" content=\"image\/jpeg\" \/>\n<meta name=\"twitter:card\" content=\"summary_large_image\" \/>\n<meta name=\"twitter:label1\" content=\"Price\" \/>\n\t<meta name=\"twitter:data1\" content=\"&euro;18.00\" \/>\n\t<meta name=\"twitter:label2\" content=\"Availability\" \/>\n\t<meta name=\"twitter:data2\" content=\"In stock\" \/>\n<script type=\"application\/ld+json\" class=\"yoast-schema-graph\">{\"@context\":\"https:\\\/\\\/schema.org\",\"@graph\":[{\"@type\":\"WebPage\",\"@id\":\"https:\\\/\\\/www.facecorner.lv\\\/shop\\\/lador-c-tox-clay-shampoo-200ml\\\/\",\"url\":\"https:\\\/\\\/www.facecorner.lv\\\/shop\\\/lador-c-tox-clay-shampoo-200ml\\\/\",\"name\":\"Lador C-Tox Clay Shampoo 200ml - FACECORNER\",\"isPartOf\":{\"@id\":\"https:\\\/\\\/www.facecorner.lv\\\/#website\"},\"primaryImageOfPage\":{\"@id\":\"https:\\\/\\\/www.facecorner.lv\\\/shop\\\/lador-c-tox-clay-shampoo-200ml\\\/#primaryimage\"},\"image\":{\"@id\":\"https:\\\/\\\/www.facecorner.lv\\\/shop\\\/lador-c-tox-clay-shampoo-200ml\\\/#primaryimage\"},\"thumbnailUrl\":\"https:\\\/\\\/www.facecorner.lv\\\/wp-content\\\/uploads\\\/2024\\\/07\\\/4exchcr2-1.jpg\",\"datePublished\":\"2024-07-01T13:03:50+00:00\",\"dateModified\":\"2025-02-08T18:28:59+00:00\",\"description\":\"Lador C-Tox Clay \u0161amp\u016bns ar m\u0101liem un j\u016bras miner\u0101liem maigi no\u0146em net\u012brumus - l\u012bdzeklis absorb\u0113 putek\u013cus, lieko sebumu un keratiniz\u0113tas \u0101das da\u013ci\u0146as.\",\"breadcrumb\":{\"@id\":\"https:\\\/\\\/www.facecorner.lv\\\/shop\\\/lador-c-tox-clay-shampoo-200ml\\\/#breadcrumb\"},\"inLanguage\":\"lv-LV\",\"potentialAction\":[{\"@type\":\"ReadAction\",\"target\":[\"https:\\\/\\\/www.facecorner.lv\\\/shop\\\/lador-c-tox-clay-shampoo-200ml\\\/\"]}]},{\"@type\":\"ImageObject\",\"inLanguage\":\"lv-LV\",\"@id\":\"https:\\\/\\\/www.facecorner.lv\\\/shop\\\/lador-c-tox-clay-shampoo-200ml\\\/#primaryimage\",\"url\":\"https:\\\/\\\/www.facecorner.lv\\\/wp-content\\\/uploads\\\/2024\\\/07\\\/4exchcr2-1.jpg\",\"contentUrl\":\"https:\\\/\\\/www.facecorner.lv\\\/wp-content\\\/uploads\\\/2024\\\/07\\\/4exchcr2-1.jpg\",\"width\":1320,\"height\":1320,\"caption\":\"Lador C-Tox Clay Shampoo\"},{\"@type\":\"BreadcrumbList\",\"@id\":\"https:\\\/\\\/www.facecorner.lv\\\/shop\\\/lador-c-tox-clay-shampoo-200ml\\\/#breadcrumb\",\"itemListElement\":[{\"@type\":\"ListItem\",\"position\":1,\"name\":\"Home\",\"item\":\"https:\\\/\\\/www.facecorner.lv\\\/\"},{\"@type\":\"ListItem\",\"position\":2,\"name\":\"Veikals\",\"item\":\"https:\\\/\\\/www.facecorner.lv\\\/shop\\\/\"},{\"@type\":\"ListItem\",\"position\":3,\"name\":\"Lador C-Tox Clay Shampoo 200ml\"}]},{\"@type\":\"WebSite\",\"@id\":\"https:\\\/\\\/www.facecorner.lv\\\/#website\",\"url\":\"https:\\\/\\\/www.facecorner.lv\\\/\",\"name\":\"Facecorner\",\"description\":\"\",\"publisher\":{\"@id\":\"https:\\\/\\\/www.facecorner.lv\\\/#organization\"},\"potentialAction\":[{\"@type\":\"SearchAction\",\"target\":{\"@type\":\"EntryPoint\",\"urlTemplate\":\"https:\\\/\\\/www.facecorner.lv\\\/?s={search_term_string}\"},\"query-input\":{\"@type\":\"PropertyValueSpecification\",\"valueRequired\":true,\"valueName\":\"search_term_string\"}}],\"inLanguage\":\"lv-LV\"},{\"@type\":\"Organization\",\"@id\":\"https:\\\/\\\/www.facecorner.lv\\\/#organization\",\"name\":\"Facecorner\",\"url\":\"https:\\\/\\\/www.facecorner.lv\\\/\",\"logo\":{\"@type\":\"ImageObject\",\"inLanguage\":\"lv-LV\",\"@id\":\"https:\\\/\\\/www.facecorner.lv\\\/#\\\/schema\\\/logo\\\/image\\\/\",\"url\":\"https:\\\/\\\/www.facecorner.lv\\\/wp-content\\\/uploads\\\/2024\\\/04\\\/fc-logo.jpg\",\"contentUrl\":\"https:\\\/\\\/www.facecorner.lv\\\/wp-content\\\/uploads\\\/2024\\\/04\\\/fc-logo.jpg\",\"width\":174,\"height\":28,\"caption\":\"Facecorner\"},\"image\":{\"@id\":\"https:\\\/\\\/www.facecorner.lv\\\/#\\\/schema\\\/logo\\\/image\\\/\"},\"sameAs\":[\"https:\\\/\\\/www.facebook.com\\\/profile.php?id=100063824551839\",\"https:\\\/\\\/www.instagram.com\\\/facecorner_shop\\\/\"]}]}<\/script>\n<meta property=\"product:price:amount\" content=\"18.00\" \/>\n<meta property=\"product:price:currency\" content=\"EUR\" \/>\n<meta property=\"og:availability\" content=\"instock\" \/>\n<meta property=\"product:availability\" content=\"instock\" \/>\n<meta property=\"product:condition\" content=\"new\" \/>\n<!-- \/ Yoast SEO plugin. -->","yoast_head_json":{"title":"Lador C-Tox Clay Shampoo 200ml - FACECORNER","description":"Lador C-Tox Clay \u0161amp\u016bns ar m\u0101liem un j\u016bras miner\u0101liem maigi no\u0146em net\u012brumus - l\u012bdzeklis absorb\u0113 putek\u013cus, lieko sebumu un keratiniz\u0113tas \u0101das da\u013ci\u0146as.","robots":{"index":"index","follow":"follow","max-snippet":"max-snippet:-1","max-image-preview":"max-image-preview:large","max-video-preview":"max-video-preview:-1"},"canonical":"https:\/\/www.facecorner.lv\/lv\/shop\/lador-c-tox-clay-shampoo-200ml\/","og_locale":"lv_LV","og_type":"article","og_title":"Lador C-Tox Clay Shampoo 200ml - FACECORNER","og_description":"Lador C-Tox Clay \u0161amp\u016bns ar m\u0101liem un j\u016bras miner\u0101liem maigi no\u0146em net\u012brumus - l\u012bdzeklis absorb\u0113 putek\u013cus, lieko sebumu un keratiniz\u0113tas \u0101das da\u013ci\u0146as.","og_url":"https:\/\/www.facecorner.lv\/lv\/shop\/lador-c-tox-clay-shampoo-200ml\/","og_site_name":"FACECORNER","article_publisher":"https:\/\/www.facebook.com\/profile.php?id=100063824551839","article_modified_time":"2025-02-08T18:28:59+00:00","og_image":[{"width":1320,"height":1320,"url":"https:\/\/www.facecorner.lv\/wp-content\/uploads\/2024\/07\/4exchcr2-1.jpg","type":"image\/jpeg"}],"twitter_card":"summary_large_image","twitter_misc":{"Price":"&euro;18.00","Availability":"In stock"},"schema":{"@context":"https:\/\/schema.org","@graph":[{"@type":"WebPage","@id":"https:\/\/www.facecorner.lv\/shop\/lador-c-tox-clay-shampoo-200ml\/","url":"https:\/\/www.facecorner.lv\/shop\/lador-c-tox-clay-shampoo-200ml\/","name":"Lador C-Tox Clay Shampoo 200ml - FACECORNER","isPartOf":{"@id":"https:\/\/www.facecorner.lv\/#website"},"primaryImageOfPage":{"@id":"https:\/\/www.facecorner.lv\/shop\/lador-c-tox-clay-shampoo-200ml\/#primaryimage"},"image":{"@id":"https:\/\/www.facecorner.lv\/shop\/lador-c-tox-clay-shampoo-200ml\/#primaryimage"},"thumbnailUrl":"https:\/\/www.facecorner.lv\/wp-content\/uploads\/2024\/07\/4exchcr2-1.jpg","datePublished":"2024-07-01T13:03:50+00:00","dateModified":"2025-02-08T18:28:59+00:00","description":"Lador C-Tox Clay \u0161amp\u016bns ar m\u0101liem un j\u016bras miner\u0101liem maigi no\u0146em net\u012brumus - l\u012bdzeklis absorb\u0113 putek\u013cus, lieko sebumu un keratiniz\u0113tas \u0101das da\u013ci\u0146as.","breadcrumb":{"@id":"https:\/\/www.facecorner.lv\/shop\/lador-c-tox-clay-shampoo-200ml\/#breadcrumb"},"inLanguage":"lv-LV","potentialAction":[{"@type":"ReadAction","target":["https:\/\/www.facecorner.lv\/shop\/lador-c-tox-clay-shampoo-200ml\/"]}]},{"@type":"ImageObject","inLanguage":"lv-LV","@id":"https:\/\/www.facecorner.lv\/shop\/lador-c-tox-clay-shampoo-200ml\/#primaryimage","url":"https:\/\/www.facecorner.lv\/wp-content\/uploads\/2024\/07\/4exchcr2-1.jpg","contentUrl":"https:\/\/www.facecorner.lv\/wp-content\/uploads\/2024\/07\/4exchcr2-1.jpg","width":1320,"height":1320,"caption":"Lador C-Tox Clay Shampoo"},{"@type":"BreadcrumbList","@id":"https:\/\/www.facecorner.lv\/shop\/lador-c-tox-clay-shampoo-200ml\/#breadcrumb","itemListElement":[{"@type":"ListItem","position":1,"name":"Home","item":"https:\/\/www.facecorner.lv\/"},{"@type":"ListItem","position":2,"name":"Veikals","item":"https:\/\/www.facecorner.lv\/shop\/"},{"@type":"ListItem","position":3,"name":"Lador C-Tox Clay Shampoo 200ml"}]},{"@type":"WebSite","@id":"https:\/\/www.facecorner.lv\/#website","url":"https:\/\/www.facecorner.lv\/","name":"Facecorner","description":"","publisher":{"@id":"https:\/\/www.facecorner.lv\/#organization"},"potentialAction":[{"@type":"SearchAction","target":{"@type":"EntryPoint","urlTemplate":"https:\/\/www.facecorner.lv\/?s={search_term_string}"},"query-input":{"@type":"PropertyValueSpecification","valueRequired":true,"valueName":"search_term_string"}}],"inLanguage":"lv-LV"},{"@type":"Organization","@id":"https:\/\/www.facecorner.lv\/#organization","name":"Facecorner","url":"https:\/\/www.facecorner.lv\/","logo":{"@type":"ImageObject","inLanguage":"lv-LV","@id":"https:\/\/www.facecorner.lv\/#\/schema\/logo\/image\/","url":"https:\/\/www.facecorner.lv\/wp-content\/uploads\/2024\/04\/fc-logo.jpg","contentUrl":"https:\/\/www.facecorner.lv\/wp-content\/uploads\/2024\/04\/fc-logo.jpg","width":174,"height":28,"caption":"Facecorner"},"image":{"@id":"https:\/\/www.facecorner.lv\/#\/schema\/logo\/image\/"},"sameAs":["https:\/\/www.facebook.com\/profile.php?id=100063824551839","https:\/\/www.instagram.com\/facecorner_shop\/"]}]},"product_price_amount":"18.00","product_price_currency":"EUR","og_availability":"instock","product_availability":"instock","product_condition":"new"},"_links":{"self":[{"href":"https:\/\/www.facecorner.lv\/lv\/wp-json\/wp\/v2\/product\/18852","targetHints":{"allow":["GET"]}}],"collection":[{"href":"https:\/\/www.facecorner.lv\/lv\/wp-json\/wp\/v2\/product"}],"about":[{"href":"https:\/\/www.facecorner.lv\/lv\/wp-json\/wp\/v2\/types\/product"}],"replies":[{"embeddable":true,"href":"https:\/\/www.facecorner.lv\/lv\/wp-json\/wp\/v2\/comments?post=18852"}],"wp:featuredmedia":[{"embeddable":true,"href":"https:\/\/www.facecorner.lv\/lv\/wp-json\/wp\/v2\/media\/18853"}],"wp:attachment":[{"href":"https:\/\/www.facecorner.lv\/lv\/wp-json\/wp\/v2\/media?parent=18852"}],"wp:term":[{"taxonomy":"product_brand","embeddable":true,"href":"https:\/\/www.facecorner.lv\/lv\/wp-json\/wp\/v2\/product_brand?post=18852"},{"taxonomy":"product_cat","embeddable":true,"href":"https:\/\/www.facecorner.lv\/lv\/wp-json\/wp\/v2\/product_cat?post=18852"},{"taxonomy":"product_tag","embeddable":true,"href":"https:\/\/www.facecorner.lv\/lv\/wp-json\/wp\/v2\/product_tag?post=18852"},{"taxonomy":"berocket_brand","embeddable":true,"href":"https:\/\/www.facecorner.lv\/lv\/wp-json\/wp\/v2\/berocket_brand?post=18852"}],"curies":[{"name":"wp","href":"https:\/\/api.w.org\/{rel}","templated":true}]}}