{"id":18849,"date":"2024-07-01T14:03:55","date_gmt":"2024-07-01T12:03:55","guid":{"rendered":"https:\/\/www.facecorner.lv\/?post_type=product&#038;p=18849"},"modified":"2025-10-10T10:45:28","modified_gmt":"2025-10-10T07:45:28","slug":"lador-c-tox-clay-treatment-200ml","status":"publish","type":"product","link":"https:\/\/www.facecorner.lv\/lv\/shop\/lador-c-tox-clay-treatment-200ml\/","title":{"rendered":"Lador C-Tox Clay Treatment 200ml"},"content":{"rendered":"<p>Matu maska ar m\u0101liem un j\u016bras miner\u0101liem Lador C-Tox Clay Treatment dzi\u013ci att\u012bra matu saknes, no\u0146em matu veido\u0161anas l\u012bdzek\u013cu atliekas, nov\u0113r\u0161 kairin\u0101jumu un niezi, m\u012bkstina un baro matus. L\u012bdzeklis c\u012bn\u0101s pret p\u0101rm\u0113r\u012bgu matu taukain\u012bbu, uztur optim\u0101lu mitruma l\u012bmeni, nogludina. Sast\u0101v\u0101 ir m\u0101ls, kokog\u013cu pulveris, j\u016bras \u016bdens, a\u013c\u0123u un planktona ekstrakti, k\u0101 ar\u012b babas\u016b un kokosriekstu e\u013c\u013cas.<\/p>\n<p><strong>Galven\u0101s akt\u012bv\u0101s sast\u0101vda\u013cas:<\/strong><\/p>\n<ul>\n<li>Kaol\u012bns m\u012bkstina, absorb\u0113 sebumu, nov\u0113r\u0161 p\u0101rm\u0113r\u012bgu tauko\u0161anos, normaliz\u0113 pH l\u012bdzsvaru, veicina vesel\u012bgu un sp\u0113c\u012bgu matu aug\u0161anu.<\/li>\n<li>Kokogles pulveris izvada visus piemais\u012bjumus, tam ir laba att\u012bro\u0161a iedarb\u012bba.<\/li>\n<li>Babassu e\u013c\u013ca kondicion\u0113 un baro matus, nov\u0113r\u0161 matu izkri\u0161anu un matu galu \u0161\u0137el\u0161anos, iz\u0137epina matus, pateicoties polifenoliem, kas iek\u013c\u016bst matu strukt\u016br\u0101.<\/li>\n<li>Lamin\u0101rijas ekstrakts mitrina un stiprina matus, pies\u0101tina matus ar svar\u012bg\u0101kaj\u0101m miner\u0101lviel\u0101m un mikroelementiem. Stimul\u0113 aug\u0161anu, aktiviz\u0113 asinsriti, darbojas antioksidanti.<\/li>\n<li>Kokosriekstu e\u013c\u013ca lieliski mitrina un baro, k\u0101 ar\u012b aizsarg\u0101 no apk\u0101rt\u0113j\u0101s vides negat\u012bv\u0101s ietekmes. Tai piem\u012bt antiseptiskas un antibakteri\u0101las \u012bpa\u0161\u012bbas.<\/li>\n<li>Fucus ekstrakts ir ieg\u016bts no br\u016bna\u013c\u0123\u0113m. Toniz\u0113, pies\u0101tina ar antioksidantiem, mitrina un nov\u0113r\u0161 sausumu.<\/li>\n<li>Undaria pinnata ekstrakts ir a\u013c\u0123es, kas ir bag\u0101t\u012bgs A vitam\u012bna avots. Tas nodro\u0161ina antioksidantu aizsardz\u012bbu.<\/li>\n<li>Planktona ekstraktu ieg\u016bst no a\u013c\u0123\u0113m un citiem j\u016bras organismiem. Mitrina, mitrina un m\u012bkstina matus.<\/li>\n<li>J\u016bras \u016bdens ir bag\u0101ts ar makro- un mikroelementiem, pal\u012bdz sabiezin\u0101t un nogludin\u0101t matus.<\/li>\n<\/ul>\n<p><strong>Piem\u0113rots visiem matu un galvas \u0101das tipiem.<\/strong><\/p>\n<p><strong>Lieto\u0161ana:<\/strong> uzkl\u0101jiet masku uz mitriem, ar dvieli nosusin\u0101tiem matiem, p\u0113c 3-4 min\u016bt\u0113m noskalojiet. Lai pan\u0101ktu sp\u0113c\u012bg\u0101ku iedarb\u012bbu, masku uzkl\u0101jiet uz 20-30 min\u016bt\u0113m.<\/p>\n<p><strong>S\u0101stavs:<\/strong> Water, Dipropylene Glycol, Dimethicone, Cetearyl Alcohol, Kaolin, Behentrimonium Chloride, Stearamidopropyl Dimethylamine, Glyceryl Stearate SE, Citric Acid, Myristyl Alcohol, Lauryl Alcohol, Caprylyl Glycol, Charcoal Powder, Ethylhexylglycerin, Orbignya Oleifera Seed Oil, Sea Water, Onsen-Sui, Cocos Nucifera (Coconut) Oil, Raphanus Sativus (Radish) Seed Extract, Octyldodecyl Oleate, Octyldodecanol, Butylene Glycol, Acacia Concinna Fruit Extract, Tocopherol, 1,2-Hexanediol, Pentylene Glycol, Magnolia Officinalis Bark Extract, Tamarindus Indica Fruit Extract, Rosmarinus Officinalis (Rosemary) Leaf Extract, Laminaria Japonica Extract, Fucus Vesiculosus Extract, Undaria Pinnatifida Extract, Chlorella Vulgaris Extract, Salicornia Herbacea Extract, Plankton Extract, Fragrance, Limonene, Linalool<\/p>\n","protected":false},"excerpt":{"rendered":"<p>Matu maska ar m\u0101liem un j\u016bras miner\u0101liem Lador C-Tox Clay Treatment dzi\u013ci att\u012bra matu saknes, no\u0146em matu veido\u0161anas l\u012bdzek\u013cu atliekas, nov\u0113r\u0161 kairin\u0101jumu un niezi, m\u012bkstina un baro matus. L\u012bdzeklis c\u012bn\u0101s pret p\u0101rm\u0113r\u012bgu matu taukain\u012bbu, uztur optim\u0101lu mitruma l\u012bmeni, nogludina. Sast\u0101v\u0101 ir m\u0101ls, kokog\u013cu pulveris, j\u016bras \u016bdens, a\u013c\u0123u un planktona ekstrakti, k\u0101 ar\u012b babas\u016b un kokosriekstu e\u013c\u013cas.<\/p>\n","protected":false},"featured_media":18850,"comment_status":"open","ping_status":"closed","template":"","meta":{"site-sidebar-layout":"default","site-content-layout":"","ast-site-content-layout":"","site-content-style":"default","site-sidebar-style":"default","ast-global-header-display":"","ast-banner-title-visibility":"","ast-main-header-display":"","ast-hfb-above-header-display":"","ast-hfb-below-header-display":"","ast-hfb-mobile-header-display":"","site-post-title":"","ast-breadcrumbs-content":"","ast-featured-img":"","footer-sml-layout":"","theme-transparent-header-meta":"","adv-header-id-meta":"","stick-header-meta":"","header-above-stick-meta":"","header-main-stick-meta":"","header-below-stick-meta":"","astra-migrate-meta-layouts":"default","ast-page-background-enabled":"default","ast-page-background-meta":{"desktop":{"background-color":"var(--ast-global-color-4)","background-image":"","background-repeat":"repeat","background-position":"center center","background-size":"auto","background-attachment":"scroll","background-type":"","background-media":"","overlay-type":"","overlay-color":"","overlay-opacity":"","overlay-gradient":""},"tablet":{"background-color":"","background-image":"","background-repeat":"repeat","background-position":"center center","background-size":"auto","background-attachment":"scroll","background-type":"","background-media":"","overlay-type":"","overlay-color":"","overlay-opacity":"","overlay-gradient":""},"mobile":{"background-color":"","background-image":"","background-repeat":"repeat","background-position":"center center","background-size":"auto","background-attachment":"scroll","background-type":"","background-media":"","overlay-type":"","overlay-color":"","overlay-opacity":"","overlay-gradient":""}},"ast-content-background-meta":{"desktop":{"background-color":"var(--ast-global-color-5)","background-image":"","background-repeat":"repeat","background-position":"center center","background-size":"auto","background-attachment":"scroll","background-type":"","background-media":"","overlay-type":"","overlay-color":"","overlay-opacity":"","overlay-gradient":""},"tablet":{"background-color":"var(--ast-global-color-5)","background-image":"","background-repeat":"repeat","background-position":"center center","background-size":"auto","background-attachment":"scroll","background-type":"","background-media":"","overlay-type":"","overlay-color":"","overlay-opacity":"","overlay-gradient":""},"mobile":{"background-color":"var(--ast-global-color-5)","background-image":"","background-repeat":"repeat","background-position":"center center","background-size":"auto","background-attachment":"scroll","background-type":"","background-media":"","overlay-type":"","overlay-color":"","overlay-opacity":"","overlay-gradient":""}}},"product_brand":[],"product_cat":[330,351],"product_tag":[],"berocket_brand":[594],"class_list":{"0":"post-18849","1":"product","2":"type-product","3":"status-publish","4":"has-post-thumbnail","6":"product_cat-matiem","7":"product_cat-matu-maskas","8":"berocket_brand-lador","9":"desktop-align-left","10":"tablet-align-left","11":"mobile-align-left","13":"first","14":"instock","15":"taxable","16":"shipping-taxable","17":"purchasable","18":"product-type-simple","19":"add-to-wishlist-before_image"},"yoast_head":"<!-- This site is optimized with the Yoast SEO plugin v27.3 - https:\/\/yoast.com\/product\/yoast-seo-wordpress\/ -->\n<title>Lador C-Tox Clay Treatment 200ml - FACECORNER<\/title>\n<meta name=\"description\" content=\"Matu maska ar m\u0101liem un j\u016bras miner\u0101liem Lador C-Tox Clay Treatment dzi\u013ci att\u012bra matu saknes, no\u0146em matu veido\u0161anas l\u012bdzek\u013cu atliekas.\" \/>\n<meta name=\"robots\" content=\"index, follow, max-snippet:-1, max-image-preview:large, max-video-preview:-1\" \/>\n<link rel=\"canonical\" href=\"https:\/\/www.facecorner.lv\/lv\/shop\/lador-c-tox-clay-treatment-200ml\/\" \/>\n<meta property=\"og:locale\" content=\"lv_LV\" \/>\n<meta property=\"og:type\" content=\"article\" \/>\n<meta property=\"og:title\" content=\"Lador C-Tox Clay Treatment 200ml - FACECORNER\" \/>\n<meta property=\"og:description\" content=\"Matu maska ar m\u0101liem un j\u016bras miner\u0101liem Lador C-Tox Clay Treatment dzi\u013ci att\u012bra matu saknes, no\u0146em matu veido\u0161anas l\u012bdzek\u013cu atliekas.\" \/>\n<meta property=\"og:url\" content=\"https:\/\/www.facecorner.lv\/lv\/shop\/lador-c-tox-clay-treatment-200ml\/\" \/>\n<meta property=\"og:site_name\" content=\"FACECORNER\" \/>\n<meta property=\"article:publisher\" content=\"https:\/\/www.facebook.com\/profile.php?id=100063824551839\" \/>\n<meta property=\"article:modified_time\" content=\"2025-10-10T07:45:28+00:00\" \/>\n<meta property=\"og:image\" content=\"https:\/\/www.facecorner.lv\/wp-content\/uploads\/2024\/07\/4exchcr2.jpg\" \/>\n\t<meta property=\"og:image:width\" content=\"1320\" \/>\n\t<meta property=\"og:image:height\" content=\"1320\" \/>\n\t<meta property=\"og:image:type\" content=\"image\/jpeg\" \/>\n<meta name=\"twitter:card\" content=\"summary_large_image\" \/>\n<meta name=\"twitter:label1\" content=\"Price\" \/>\n\t<meta name=\"twitter:data1\" content=\"&euro;18.00\" \/>\n\t<meta name=\"twitter:label2\" content=\"Availability\" \/>\n\t<meta name=\"twitter:data2\" content=\"In stock\" \/>\n<script type=\"application\/ld+json\" class=\"yoast-schema-graph\">{\"@context\":\"https:\\\/\\\/schema.org\",\"@graph\":[{\"@type\":\"WebPage\",\"@id\":\"https:\\\/\\\/www.facecorner.lv\\\/shop\\\/lador-c-tox-clay-treatment-200ml\\\/\",\"url\":\"https:\\\/\\\/www.facecorner.lv\\\/shop\\\/lador-c-tox-clay-treatment-200ml\\\/\",\"name\":\"Lador C-Tox Clay Treatment 200ml - FACECORNER\",\"isPartOf\":{\"@id\":\"https:\\\/\\\/www.facecorner.lv\\\/#website\"},\"primaryImageOfPage\":{\"@id\":\"https:\\\/\\\/www.facecorner.lv\\\/shop\\\/lador-c-tox-clay-treatment-200ml\\\/#primaryimage\"},\"image\":{\"@id\":\"https:\\\/\\\/www.facecorner.lv\\\/shop\\\/lador-c-tox-clay-treatment-200ml\\\/#primaryimage\"},\"thumbnailUrl\":\"https:\\\/\\\/www.facecorner.lv\\\/wp-content\\\/uploads\\\/2024\\\/07\\\/4exchcr2.jpg\",\"datePublished\":\"2024-07-01T12:03:55+00:00\",\"dateModified\":\"2025-10-10T07:45:28+00:00\",\"description\":\"Matu maska ar m\u0101liem un j\u016bras miner\u0101liem Lador C-Tox Clay Treatment dzi\u013ci att\u012bra matu saknes, no\u0146em matu veido\u0161anas l\u012bdzek\u013cu atliekas.\",\"breadcrumb\":{\"@id\":\"https:\\\/\\\/www.facecorner.lv\\\/shop\\\/lador-c-tox-clay-treatment-200ml\\\/#breadcrumb\"},\"inLanguage\":\"lv-LV\",\"potentialAction\":[{\"@type\":\"ReadAction\",\"target\":[\"https:\\\/\\\/www.facecorner.lv\\\/shop\\\/lador-c-tox-clay-treatment-200ml\\\/\"]}]},{\"@type\":\"ImageObject\",\"inLanguage\":\"lv-LV\",\"@id\":\"https:\\\/\\\/www.facecorner.lv\\\/shop\\\/lador-c-tox-clay-treatment-200ml\\\/#primaryimage\",\"url\":\"https:\\\/\\\/www.facecorner.lv\\\/wp-content\\\/uploads\\\/2024\\\/07\\\/4exchcr2.jpg\",\"contentUrl\":\"https:\\\/\\\/www.facecorner.lv\\\/wp-content\\\/uploads\\\/2024\\\/07\\\/4exchcr2.jpg\",\"width\":1320,\"height\":1320,\"caption\":\"Lador C-Tox Clay Treatment\"},{\"@type\":\"BreadcrumbList\",\"@id\":\"https:\\\/\\\/www.facecorner.lv\\\/shop\\\/lador-c-tox-clay-treatment-200ml\\\/#breadcrumb\",\"itemListElement\":[{\"@type\":\"ListItem\",\"position\":1,\"name\":\"Home\",\"item\":\"https:\\\/\\\/www.facecorner.lv\\\/\"},{\"@type\":\"ListItem\",\"position\":2,\"name\":\"Veikals\",\"item\":\"https:\\\/\\\/www.facecorner.lv\\\/shop\\\/\"},{\"@type\":\"ListItem\",\"position\":3,\"name\":\"Lador C-Tox Clay Treatment 200ml\"}]},{\"@type\":\"WebSite\",\"@id\":\"https:\\\/\\\/www.facecorner.lv\\\/#website\",\"url\":\"https:\\\/\\\/www.facecorner.lv\\\/\",\"name\":\"Facecorner\",\"description\":\"\",\"publisher\":{\"@id\":\"https:\\\/\\\/www.facecorner.lv\\\/#organization\"},\"potentialAction\":[{\"@type\":\"SearchAction\",\"target\":{\"@type\":\"EntryPoint\",\"urlTemplate\":\"https:\\\/\\\/www.facecorner.lv\\\/?s={search_term_string}\"},\"query-input\":{\"@type\":\"PropertyValueSpecification\",\"valueRequired\":true,\"valueName\":\"search_term_string\"}}],\"inLanguage\":\"lv-LV\"},{\"@type\":\"Organization\",\"@id\":\"https:\\\/\\\/www.facecorner.lv\\\/#organization\",\"name\":\"Facecorner\",\"url\":\"https:\\\/\\\/www.facecorner.lv\\\/\",\"logo\":{\"@type\":\"ImageObject\",\"inLanguage\":\"lv-LV\",\"@id\":\"https:\\\/\\\/www.facecorner.lv\\\/#\\\/schema\\\/logo\\\/image\\\/\",\"url\":\"https:\\\/\\\/www.facecorner.lv\\\/wp-content\\\/uploads\\\/2024\\\/04\\\/fc-logo.jpg\",\"contentUrl\":\"https:\\\/\\\/www.facecorner.lv\\\/wp-content\\\/uploads\\\/2024\\\/04\\\/fc-logo.jpg\",\"width\":174,\"height\":28,\"caption\":\"Facecorner\"},\"image\":{\"@id\":\"https:\\\/\\\/www.facecorner.lv\\\/#\\\/schema\\\/logo\\\/image\\\/\"},\"sameAs\":[\"https:\\\/\\\/www.facebook.com\\\/profile.php?id=100063824551839\",\"https:\\\/\\\/www.instagram.com\\\/facecorner_shop\\\/\"]}]}<\/script>\n<meta property=\"product:price:amount\" content=\"18.00\" \/>\n<meta property=\"product:price:currency\" content=\"EUR\" \/>\n<meta property=\"og:availability\" content=\"instock\" \/>\n<meta property=\"product:availability\" content=\"instock\" \/>\n<meta property=\"product:condition\" content=\"new\" \/>\n<!-- \/ Yoast SEO plugin. -->","yoast_head_json":{"title":"Lador C-Tox Clay Treatment 200ml - FACECORNER","description":"Matu maska ar m\u0101liem un j\u016bras miner\u0101liem Lador C-Tox Clay Treatment dzi\u013ci att\u012bra matu saknes, no\u0146em matu veido\u0161anas l\u012bdzek\u013cu atliekas.","robots":{"index":"index","follow":"follow","max-snippet":"max-snippet:-1","max-image-preview":"max-image-preview:large","max-video-preview":"max-video-preview:-1"},"canonical":"https:\/\/www.facecorner.lv\/lv\/shop\/lador-c-tox-clay-treatment-200ml\/","og_locale":"lv_LV","og_type":"article","og_title":"Lador C-Tox Clay Treatment 200ml - FACECORNER","og_description":"Matu maska ar m\u0101liem un j\u016bras miner\u0101liem Lador C-Tox Clay Treatment dzi\u013ci att\u012bra matu saknes, no\u0146em matu veido\u0161anas l\u012bdzek\u013cu atliekas.","og_url":"https:\/\/www.facecorner.lv\/lv\/shop\/lador-c-tox-clay-treatment-200ml\/","og_site_name":"FACECORNER","article_publisher":"https:\/\/www.facebook.com\/profile.php?id=100063824551839","article_modified_time":"2025-10-10T07:45:28+00:00","og_image":[{"width":1320,"height":1320,"url":"https:\/\/www.facecorner.lv\/wp-content\/uploads\/2024\/07\/4exchcr2.jpg","type":"image\/jpeg"}],"twitter_card":"summary_large_image","twitter_misc":{"Price":"&euro;18.00","Availability":"In stock"},"schema":{"@context":"https:\/\/schema.org","@graph":[{"@type":"WebPage","@id":"https:\/\/www.facecorner.lv\/shop\/lador-c-tox-clay-treatment-200ml\/","url":"https:\/\/www.facecorner.lv\/shop\/lador-c-tox-clay-treatment-200ml\/","name":"Lador C-Tox Clay Treatment 200ml - FACECORNER","isPartOf":{"@id":"https:\/\/www.facecorner.lv\/#website"},"primaryImageOfPage":{"@id":"https:\/\/www.facecorner.lv\/shop\/lador-c-tox-clay-treatment-200ml\/#primaryimage"},"image":{"@id":"https:\/\/www.facecorner.lv\/shop\/lador-c-tox-clay-treatment-200ml\/#primaryimage"},"thumbnailUrl":"https:\/\/www.facecorner.lv\/wp-content\/uploads\/2024\/07\/4exchcr2.jpg","datePublished":"2024-07-01T12:03:55+00:00","dateModified":"2025-10-10T07:45:28+00:00","description":"Matu maska ar m\u0101liem un j\u016bras miner\u0101liem Lador C-Tox Clay Treatment dzi\u013ci att\u012bra matu saknes, no\u0146em matu veido\u0161anas l\u012bdzek\u013cu atliekas.","breadcrumb":{"@id":"https:\/\/www.facecorner.lv\/shop\/lador-c-tox-clay-treatment-200ml\/#breadcrumb"},"inLanguage":"lv-LV","potentialAction":[{"@type":"ReadAction","target":["https:\/\/www.facecorner.lv\/shop\/lador-c-tox-clay-treatment-200ml\/"]}]},{"@type":"ImageObject","inLanguage":"lv-LV","@id":"https:\/\/www.facecorner.lv\/shop\/lador-c-tox-clay-treatment-200ml\/#primaryimage","url":"https:\/\/www.facecorner.lv\/wp-content\/uploads\/2024\/07\/4exchcr2.jpg","contentUrl":"https:\/\/www.facecorner.lv\/wp-content\/uploads\/2024\/07\/4exchcr2.jpg","width":1320,"height":1320,"caption":"Lador C-Tox Clay Treatment"},{"@type":"BreadcrumbList","@id":"https:\/\/www.facecorner.lv\/shop\/lador-c-tox-clay-treatment-200ml\/#breadcrumb","itemListElement":[{"@type":"ListItem","position":1,"name":"Home","item":"https:\/\/www.facecorner.lv\/"},{"@type":"ListItem","position":2,"name":"Veikals","item":"https:\/\/www.facecorner.lv\/shop\/"},{"@type":"ListItem","position":3,"name":"Lador C-Tox Clay Treatment 200ml"}]},{"@type":"WebSite","@id":"https:\/\/www.facecorner.lv\/#website","url":"https:\/\/www.facecorner.lv\/","name":"Facecorner","description":"","publisher":{"@id":"https:\/\/www.facecorner.lv\/#organization"},"potentialAction":[{"@type":"SearchAction","target":{"@type":"EntryPoint","urlTemplate":"https:\/\/www.facecorner.lv\/?s={search_term_string}"},"query-input":{"@type":"PropertyValueSpecification","valueRequired":true,"valueName":"search_term_string"}}],"inLanguage":"lv-LV"},{"@type":"Organization","@id":"https:\/\/www.facecorner.lv\/#organization","name":"Facecorner","url":"https:\/\/www.facecorner.lv\/","logo":{"@type":"ImageObject","inLanguage":"lv-LV","@id":"https:\/\/www.facecorner.lv\/#\/schema\/logo\/image\/","url":"https:\/\/www.facecorner.lv\/wp-content\/uploads\/2024\/04\/fc-logo.jpg","contentUrl":"https:\/\/www.facecorner.lv\/wp-content\/uploads\/2024\/04\/fc-logo.jpg","width":174,"height":28,"caption":"Facecorner"},"image":{"@id":"https:\/\/www.facecorner.lv\/#\/schema\/logo\/image\/"},"sameAs":["https:\/\/www.facebook.com\/profile.php?id=100063824551839","https:\/\/www.instagram.com\/facecorner_shop\/"]}]},"product_price_amount":"18.00","product_price_currency":"EUR","og_availability":"instock","product_availability":"instock","product_condition":"new"},"_links":{"self":[{"href":"https:\/\/www.facecorner.lv\/lv\/wp-json\/wp\/v2\/product\/18849","targetHints":{"allow":["GET"]}}],"collection":[{"href":"https:\/\/www.facecorner.lv\/lv\/wp-json\/wp\/v2\/product"}],"about":[{"href":"https:\/\/www.facecorner.lv\/lv\/wp-json\/wp\/v2\/types\/product"}],"replies":[{"embeddable":true,"href":"https:\/\/www.facecorner.lv\/lv\/wp-json\/wp\/v2\/comments?post=18849"}],"wp:featuredmedia":[{"embeddable":true,"href":"https:\/\/www.facecorner.lv\/lv\/wp-json\/wp\/v2\/media\/18850"}],"wp:attachment":[{"href":"https:\/\/www.facecorner.lv\/lv\/wp-json\/wp\/v2\/media?parent=18849"}],"wp:term":[{"taxonomy":"product_brand","embeddable":true,"href":"https:\/\/www.facecorner.lv\/lv\/wp-json\/wp\/v2\/product_brand?post=18849"},{"taxonomy":"product_cat","embeddable":true,"href":"https:\/\/www.facecorner.lv\/lv\/wp-json\/wp\/v2\/product_cat?post=18849"},{"taxonomy":"product_tag","embeddable":true,"href":"https:\/\/www.facecorner.lv\/lv\/wp-json\/wp\/v2\/product_tag?post=18849"},{"taxonomy":"berocket_brand","embeddable":true,"href":"https:\/\/www.facecorner.lv\/lv\/wp-json\/wp\/v2\/berocket_brand?post=18849"}],"curies":[{"name":"wp","href":"https:\/\/api.w.org\/{rel}","templated":true}]}}