{"id":18818,"date":"2024-06-28T12:57:31","date_gmt":"2024-06-28T10:57:31","guid":{"rendered":"https:\/\/www.facecorner.lv\/?post_type=product&#038;p=18818"},"modified":"2025-04-11T14:14:28","modified_gmt":"2025-04-11T11:14:28","slug":"lador-root-re-boot-activating-shampoo-cica-tea-tree-300ml","status":"publish","type":"product","link":"https:\/\/www.facecorner.lv\/lv\/shop\/lador-root-re-boot-activating-shampoo-cica-tea-tree-300ml\/","title":{"rendered":"Lador Root Re-Boot Activating Shampoo Cica &#038; Tea Tree 300ml"},"content":{"rendered":"<p>Lador Root Re-Boot Activating Shampoo Cica &amp; Tea Tree dzi\u013ci att\u012bra no net\u012brumiem, sebuma un atmiru\u0161\u0101s \u0101das da\u013ci\u0146\u0101m, atsvaidzina un pat\u012bkami atv\u0113sina, mazina galvas \u0101das niezi.<\/p>\n<p>L\u012bdzeklis nov\u0113r\u0161 nepat\u012bkamu arom\u0101tu, normaliz\u0113 tauku dziedzeru darb\u012bbu, uzlabo taukainas un problem\u0101tiskas galvas \u0101das st\u0101vokli. Samazina matu izkri\u0161anas simptomus, stiprina matu folikulus.<\/p>\n<p>Sast\u0101vs: aug\u0161\u0113j\u0101s notis &#8211; v\u0113rmele, bergamote, rozmar\u012bns; sirds notis &#8211; lilija, jasm\u012bns, persiks; pamata notis &#8211; muskuss, ciedrs, p\u016bderis.<\/p>\n<p><strong>Galven\u0101s akt\u012bv\u0101s sast\u0101vda\u013cas:<\/strong><\/p>\n<ul>\n<li>T\u0113jas koka lapu ekstraktam piem\u012bt antiseptiska un antibakteri\u0101la iedarb\u012bba, tas nov\u0113r\u0161 taukainu sp\u012bdumu un nov\u0113r\u0161 iekaisumus.<\/li>\n<li>Centella asiatica ekstrakts mazina aps\u0101rtumu un kairin\u0101jumu, palielina \u0101das aizsargfunkciju, atjauno \u0101du.<\/li>\n<li>Mentols uzlabo asinsriti un matu folikulu baro\u0161anu, t\u0101d\u0113j\u0101di stimul\u0113jot matu aug\u0161anu, un normaliz\u0113 sebuma darb\u012bbu.<\/li>\n<li>Salicilsk\u0101be BHA att\u012bra galvas \u0101du, no\u0146em sebumu un atmiru\u0161\u0101s da\u013ci\u0146as, atsvaidzina, mazina kairin\u0101jumu un niezi.<\/li>\n<li>Iesala ekstrakts satur labv\u0113l\u012bgas miner\u0101lvielas un B grupas vitam\u012bnus. Nov\u0113r\u0161 matu izkri\u0161anu, stimul\u0113 matu folikulu darb\u012bbu.<\/li>\n<li>Niacinam\u012bds (vitam\u012bns B3) baro matu folikulus, nomierina iekaisu\u0161o galvas \u0101du un veicina akt\u012bvu aug\u0161anu. Uzlabo mikrocirkul\u0101ciju, atmodina miega s\u012bpolus, padara matus bl\u012bv\u0101kus un tvirt\u0101kus.<\/li>\n<li>Kam\u0113lijas lapu ekstrakts pal\u012bdz atbr\u012bvoties no galvas \u0101das nieze un sausuma, nov\u0113r\u0161 blaugznas, atgrie\u017e vesel\u012bgu sp\u012bdumu.<\/li>\n<li>Pantenols (vitam\u012bns B5) stimul\u0113 matu folikulu atmodin\u0101\u0161anu, nov\u0113r\u0161 matu izkri\u0161anu, mitrina un uztur optim\u0101lu mitrin\u0101\u0161anas l\u012bmeni.<\/li>\n<\/ul>\n<p><strong>Piem\u0113rots \u013coti taukainai un problem\u0101tiskai galvas \u0101dai.<\/strong><\/p>\n<p><strong>Lieto\u0161ana:<\/strong> uzkl\u0101jiet uz mitras galvas \u0101das, iemas\u0113jiet, saputojiet, noskalojiet ar \u016bdeni.<\/p>\n<p><strong>S\u0101stavs:\u00a0<\/strong>Water, Ammonium Laureth Sulfate, Ammonium Lauryl Sulfate, Sodium Lauryl Methylaminopropionate, Cocamidopropyl Betaine, Alcohol, Cetyl Alcohol, Menthol, Cocamide MEA, Phenoxyethanol, Sodium Benzoate, Guar Hydroxypropyltrimonium Chloride, Lauryl Alcohol, Salicylic Acid, Citric Acid, Panthenol, Camphor, Ammonium Sulfate, Sodium Chloride, Malt Extract, Trihydroxystearin, Niacinamide, Polyquaternium-7, Disodium EDTA, Cl 42053, Myristyl Alcohol, Disodium Cocoyl Glutamate, Stearyl Alcohol, Cl 19140, Xylitol, Butylene Glycol, 1,2-Hexanediol, Melaleuca Alternifolia (Tea Tree) Extract, Centella Asiatica Extract, Diospyros Kaki Fruit Extract, Camellia Japonica Leaf Extract, Ceratonia Siliqua (Carob) Fruit Extract, Fragrance, Limonene, Geraniol, Hexyl Cinnamal, Hydroxycitronellal, Linalool, Benzyl Salicylate, Citronellol<\/p>\n","protected":false},"excerpt":{"rendered":"<p>Lador Root Re-Boot Activating Shampoo Cica &amp; Tea Tree dzi\u013ci att\u012bra no net\u012brumiem, sebuma un atmiru\u0161\u0101s \u0101das da\u013ci\u0146\u0101m, atsvaidzina un pat\u012bkami atv\u0113sina, mazina galvas \u0101das niezi. L\u012bdzeklis nov\u0113r\u0161 nepat\u012bkamu arom\u0101tu, normaliz\u0113 sebuma veido\u0161anos, uzlabo taukainas un problem\u0101tiskas galvas \u0101das st\u0101vokli. Satur t\u0113jas koka, centellas un iesala ekstraktus, mentolu, niacinam\u012bdu un pantenolu, BHA-sk\u0101bi.<\/p>\n","protected":false},"featured_media":18820,"comment_status":"open","ping_status":"closed","template":"","meta":{"site-sidebar-layout":"default","site-content-layout":"","ast-site-content-layout":"","site-content-style":"default","site-sidebar-style":"default","ast-global-header-display":"","ast-banner-title-visibility":"","ast-main-header-display":"","ast-hfb-above-header-display":"","ast-hfb-below-header-display":"","ast-hfb-mobile-header-display":"","site-post-title":"","ast-breadcrumbs-content":"","ast-featured-img":"","footer-sml-layout":"","theme-transparent-header-meta":"","adv-header-id-meta":"","stick-header-meta":"","header-above-stick-meta":"","header-main-stick-meta":"","header-below-stick-meta":"","astra-migrate-meta-layouts":"default","ast-page-background-enabled":"default","ast-page-background-meta":{"desktop":{"background-color":"var(--ast-global-color-4)","background-image":"","background-repeat":"repeat","background-position":"center center","background-size":"auto","background-attachment":"scroll","background-type":"","background-media":"","overlay-type":"","overlay-color":"","overlay-opacity":"","overlay-gradient":""},"tablet":{"background-color":"","background-image":"","background-repeat":"repeat","background-position":"center center","background-size":"auto","background-attachment":"scroll","background-type":"","background-media":"","overlay-type":"","overlay-color":"","overlay-opacity":"","overlay-gradient":""},"mobile":{"background-color":"","background-image":"","background-repeat":"repeat","background-position":"center center","background-size":"auto","background-attachment":"scroll","background-type":"","background-media":"","overlay-type":"","overlay-color":"","overlay-opacity":"","overlay-gradient":""}},"ast-content-background-meta":{"desktop":{"background-color":"var(--ast-global-color-5)","background-image":"","background-repeat":"repeat","background-position":"center center","background-size":"auto","background-attachment":"scroll","background-type":"","background-media":"","overlay-type":"","overlay-color":"","overlay-opacity":"","overlay-gradient":""},"tablet":{"background-color":"var(--ast-global-color-5)","background-image":"","background-repeat":"repeat","background-position":"center center","background-size":"auto","background-attachment":"scroll","background-type":"","background-media":"","overlay-type":"","overlay-color":"","overlay-opacity":"","overlay-gradient":""},"mobile":{"background-color":"var(--ast-global-color-5)","background-image":"","background-repeat":"repeat","background-position":"center center","background-size":"auto","background-attachment":"scroll","background-type":"","background-media":"","overlay-type":"","overlay-color":"","overlay-opacity":"","overlay-gradient":""}}},"product_brand":[],"product_cat":[330,357],"product_tag":[],"berocket_brand":[594],"class_list":{"0":"post-18818","1":"product","2":"type-product","3":"status-publish","4":"has-post-thumbnail","6":"product_cat-matiem","7":"product_cat-sampuni","8":"berocket_brand-lador","9":"desktop-align-left","10":"tablet-align-left","11":"mobile-align-left","13":"first","14":"outofstock","15":"taxable","16":"shipping-taxable","17":"purchasable","18":"product-type-simple","19":"add-to-wishlist-before_image"},"yoast_head":"<!-- This site is optimized with the Yoast SEO plugin v27.4 - https:\/\/yoast.com\/product\/yoast-seo-wordpress\/ -->\n<title>Lador Root Re-Boot Activating Shampoo Cica &amp; Tea Tree 300ml - FACECORNER<\/title>\n<meta name=\"description\" content=\"Lador Root Re-Boot Activating Shampoo Cica &amp; Tea Tree dzi\u013ci att\u012bra no net\u012brumiem, sebuma un atmiru\u0161\u0101s \u0101das da\u013ci\u0146\u0101m, atsvaidzina un pat\u012bkami atv\u0113sina.\" \/>\n<meta name=\"robots\" content=\"index, follow, max-snippet:-1, max-image-preview:large, max-video-preview:-1\" \/>\n<link rel=\"canonical\" href=\"https:\/\/www.facecorner.lv\/lv\/shop\/lador-root-re-boot-activating-shampoo-cica-tea-tree-300ml\/\" \/>\n<meta property=\"og:locale\" content=\"lv_LV\" \/>\n<meta property=\"og:type\" content=\"article\" \/>\n<meta property=\"og:title\" content=\"Lador Root Re-Boot Activating Shampoo Cica &amp; Tea Tree 300ml - FACECORNER\" \/>\n<meta property=\"og:description\" content=\"Lador Root Re-Boot Activating Shampoo Cica &amp; Tea Tree dzi\u013ci att\u012bra no net\u012brumiem, sebuma un atmiru\u0161\u0101s \u0101das da\u013ci\u0146\u0101m, atsvaidzina un pat\u012bkami atv\u0113sina.\" \/>\n<meta property=\"og:url\" content=\"https:\/\/www.facecorner.lv\/lv\/shop\/lador-root-re-boot-activating-shampoo-cica-tea-tree-300ml\/\" \/>\n<meta property=\"og:site_name\" content=\"FACECORNER\" \/>\n<meta property=\"article:publisher\" content=\"https:\/\/www.facebook.com\/profile.php?id=100063824551839\" \/>\n<meta property=\"article:modified_time\" content=\"2025-04-11T11:14:28+00:00\" \/>\n<meta property=\"og:image\" content=\"https:\/\/www.facecorner.lv\/wp-content\/uploads\/2024\/06\/images.jpeg\" \/>\n\t<meta property=\"og:image:width\" content=\"225\" \/>\n\t<meta property=\"og:image:height\" content=\"225\" \/>\n\t<meta property=\"og:image:type\" content=\"image\/jpeg\" \/>\n<meta name=\"twitter:card\" content=\"summary_large_image\" \/>\n<meta name=\"twitter:label1\" content=\"Price\" \/>\n\t<meta name=\"twitter:data1\" content=\"&euro;19.99\" \/>\n\t<meta name=\"twitter:label2\" content=\"Availability\" \/>\n\t<meta name=\"twitter:data2\" content=\"Out of stock\" \/>\n<script type=\"application\/ld+json\" class=\"yoast-schema-graph\">{\"@context\":\"https:\\\/\\\/schema.org\",\"@graph\":[{\"@type\":\"WebPage\",\"@id\":\"https:\\\/\\\/www.facecorner.lv\\\/shop\\\/lador-root-re-boot-activating-shampoo-cica-tea-tree-300ml\\\/\",\"url\":\"https:\\\/\\\/www.facecorner.lv\\\/shop\\\/lador-root-re-boot-activating-shampoo-cica-tea-tree-300ml\\\/\",\"name\":\"Lador Root Re-Boot Activating Shampoo Cica & Tea Tree 300ml - FACECORNER\",\"isPartOf\":{\"@id\":\"https:\\\/\\\/www.facecorner.lv\\\/#website\"},\"primaryImageOfPage\":{\"@id\":\"https:\\\/\\\/www.facecorner.lv\\\/shop\\\/lador-root-re-boot-activating-shampoo-cica-tea-tree-300ml\\\/#primaryimage\"},\"image\":{\"@id\":\"https:\\\/\\\/www.facecorner.lv\\\/shop\\\/lador-root-re-boot-activating-shampoo-cica-tea-tree-300ml\\\/#primaryimage\"},\"thumbnailUrl\":\"https:\\\/\\\/www.facecorner.lv\\\/wp-content\\\/uploads\\\/2024\\\/06\\\/images.jpeg\",\"datePublished\":\"2024-06-28T10:57:31+00:00\",\"dateModified\":\"2025-04-11T11:14:28+00:00\",\"description\":\"Lador Root Re-Boot Activating Shampoo Cica & Tea Tree dzi\u013ci att\u012bra no net\u012brumiem, sebuma un atmiru\u0161\u0101s \u0101das da\u013ci\u0146\u0101m, atsvaidzina un pat\u012bkami atv\u0113sina.\",\"breadcrumb\":{\"@id\":\"https:\\\/\\\/www.facecorner.lv\\\/shop\\\/lador-root-re-boot-activating-shampoo-cica-tea-tree-300ml\\\/#breadcrumb\"},\"inLanguage\":\"lv-LV\",\"potentialAction\":[{\"@type\":\"ReadAction\",\"target\":[\"https:\\\/\\\/www.facecorner.lv\\\/shop\\\/lador-root-re-boot-activating-shampoo-cica-tea-tree-300ml\\\/\"]}]},{\"@type\":\"ImageObject\",\"inLanguage\":\"lv-LV\",\"@id\":\"https:\\\/\\\/www.facecorner.lv\\\/shop\\\/lador-root-re-boot-activating-shampoo-cica-tea-tree-300ml\\\/#primaryimage\",\"url\":\"https:\\\/\\\/www.facecorner.lv\\\/wp-content\\\/uploads\\\/2024\\\/06\\\/images.jpeg\",\"contentUrl\":\"https:\\\/\\\/www.facecorner.lv\\\/wp-content\\\/uploads\\\/2024\\\/06\\\/images.jpeg\",\"width\":225,\"height\":225,\"caption\":\"Lador Root Re-Boot Activating Shampoo Cica & Tea Tree\"},{\"@type\":\"BreadcrumbList\",\"@id\":\"https:\\\/\\\/www.facecorner.lv\\\/shop\\\/lador-root-re-boot-activating-shampoo-cica-tea-tree-300ml\\\/#breadcrumb\",\"itemListElement\":[{\"@type\":\"ListItem\",\"position\":1,\"name\":\"Home\",\"item\":\"https:\\\/\\\/www.facecorner.lv\\\/\"},{\"@type\":\"ListItem\",\"position\":2,\"name\":\"Veikals\",\"item\":\"https:\\\/\\\/www.facecorner.lv\\\/shop\\\/\"},{\"@type\":\"ListItem\",\"position\":3,\"name\":\"Lador Root Re-Boot Activating Shampoo Cica &#038; Tea Tree 300ml\"}]},{\"@type\":\"WebSite\",\"@id\":\"https:\\\/\\\/www.facecorner.lv\\\/#website\",\"url\":\"https:\\\/\\\/www.facecorner.lv\\\/\",\"name\":\"Facecorner\",\"description\":\"\",\"publisher\":{\"@id\":\"https:\\\/\\\/www.facecorner.lv\\\/#organization\"},\"potentialAction\":[{\"@type\":\"SearchAction\",\"target\":{\"@type\":\"EntryPoint\",\"urlTemplate\":\"https:\\\/\\\/www.facecorner.lv\\\/?s={search_term_string}\"},\"query-input\":{\"@type\":\"PropertyValueSpecification\",\"valueRequired\":true,\"valueName\":\"search_term_string\"}}],\"inLanguage\":\"lv-LV\"},{\"@type\":\"Organization\",\"@id\":\"https:\\\/\\\/www.facecorner.lv\\\/#organization\",\"name\":\"Facecorner\",\"url\":\"https:\\\/\\\/www.facecorner.lv\\\/\",\"logo\":{\"@type\":\"ImageObject\",\"inLanguage\":\"lv-LV\",\"@id\":\"https:\\\/\\\/www.facecorner.lv\\\/#\\\/schema\\\/logo\\\/image\\\/\",\"url\":\"https:\\\/\\\/www.facecorner.lv\\\/wp-content\\\/uploads\\\/2024\\\/04\\\/fc-logo.jpg\",\"contentUrl\":\"https:\\\/\\\/www.facecorner.lv\\\/wp-content\\\/uploads\\\/2024\\\/04\\\/fc-logo.jpg\",\"width\":174,\"height\":28,\"caption\":\"Facecorner\"},\"image\":{\"@id\":\"https:\\\/\\\/www.facecorner.lv\\\/#\\\/schema\\\/logo\\\/image\\\/\"},\"sameAs\":[\"https:\\\/\\\/www.facebook.com\\\/profile.php?id=100063824551839\",\"https:\\\/\\\/www.instagram.com\\\/facecorner_shop\\\/\"]}]}<\/script>\n<meta property=\"product:price:amount\" content=\"19.99\" \/>\n<meta property=\"product:price:currency\" content=\"EUR\" \/>\n<meta property=\"og:availability\" content=\"out of stock\" \/>\n<meta property=\"product:availability\" content=\"out of stock\" \/>\n<meta property=\"product:condition\" content=\"new\" \/>\n<!-- \/ Yoast SEO plugin. -->","yoast_head_json":{"title":"Lador Root Re-Boot Activating Shampoo Cica & Tea Tree 300ml - FACECORNER","description":"Lador Root Re-Boot Activating Shampoo Cica & Tea Tree dzi\u013ci att\u012bra no net\u012brumiem, sebuma un atmiru\u0161\u0101s \u0101das da\u013ci\u0146\u0101m, atsvaidzina un pat\u012bkami atv\u0113sina.","robots":{"index":"index","follow":"follow","max-snippet":"max-snippet:-1","max-image-preview":"max-image-preview:large","max-video-preview":"max-video-preview:-1"},"canonical":"https:\/\/www.facecorner.lv\/lv\/shop\/lador-root-re-boot-activating-shampoo-cica-tea-tree-300ml\/","og_locale":"lv_LV","og_type":"article","og_title":"Lador Root Re-Boot Activating Shampoo Cica & Tea Tree 300ml - FACECORNER","og_description":"Lador Root Re-Boot Activating Shampoo Cica & Tea Tree dzi\u013ci att\u012bra no net\u012brumiem, sebuma un atmiru\u0161\u0101s \u0101das da\u013ci\u0146\u0101m, atsvaidzina un pat\u012bkami atv\u0113sina.","og_url":"https:\/\/www.facecorner.lv\/lv\/shop\/lador-root-re-boot-activating-shampoo-cica-tea-tree-300ml\/","og_site_name":"FACECORNER","article_publisher":"https:\/\/www.facebook.com\/profile.php?id=100063824551839","article_modified_time":"2025-04-11T11:14:28+00:00","og_image":[{"width":225,"height":225,"url":"https:\/\/www.facecorner.lv\/wp-content\/uploads\/2024\/06\/images.jpeg","type":"image\/jpeg"}],"twitter_card":"summary_large_image","twitter_misc":{"Price":"&euro;19.99","Availability":"Out of stock"},"schema":{"@context":"https:\/\/schema.org","@graph":[{"@type":"WebPage","@id":"https:\/\/www.facecorner.lv\/shop\/lador-root-re-boot-activating-shampoo-cica-tea-tree-300ml\/","url":"https:\/\/www.facecorner.lv\/shop\/lador-root-re-boot-activating-shampoo-cica-tea-tree-300ml\/","name":"Lador Root Re-Boot Activating Shampoo Cica & Tea Tree 300ml - FACECORNER","isPartOf":{"@id":"https:\/\/www.facecorner.lv\/#website"},"primaryImageOfPage":{"@id":"https:\/\/www.facecorner.lv\/shop\/lador-root-re-boot-activating-shampoo-cica-tea-tree-300ml\/#primaryimage"},"image":{"@id":"https:\/\/www.facecorner.lv\/shop\/lador-root-re-boot-activating-shampoo-cica-tea-tree-300ml\/#primaryimage"},"thumbnailUrl":"https:\/\/www.facecorner.lv\/wp-content\/uploads\/2024\/06\/images.jpeg","datePublished":"2024-06-28T10:57:31+00:00","dateModified":"2025-04-11T11:14:28+00:00","description":"Lador Root Re-Boot Activating Shampoo Cica & Tea Tree dzi\u013ci att\u012bra no net\u012brumiem, sebuma un atmiru\u0161\u0101s \u0101das da\u013ci\u0146\u0101m, atsvaidzina un pat\u012bkami atv\u0113sina.","breadcrumb":{"@id":"https:\/\/www.facecorner.lv\/shop\/lador-root-re-boot-activating-shampoo-cica-tea-tree-300ml\/#breadcrumb"},"inLanguage":"lv-LV","potentialAction":[{"@type":"ReadAction","target":["https:\/\/www.facecorner.lv\/shop\/lador-root-re-boot-activating-shampoo-cica-tea-tree-300ml\/"]}]},{"@type":"ImageObject","inLanguage":"lv-LV","@id":"https:\/\/www.facecorner.lv\/shop\/lador-root-re-boot-activating-shampoo-cica-tea-tree-300ml\/#primaryimage","url":"https:\/\/www.facecorner.lv\/wp-content\/uploads\/2024\/06\/images.jpeg","contentUrl":"https:\/\/www.facecorner.lv\/wp-content\/uploads\/2024\/06\/images.jpeg","width":225,"height":225,"caption":"Lador Root Re-Boot Activating Shampoo Cica & Tea Tree"},{"@type":"BreadcrumbList","@id":"https:\/\/www.facecorner.lv\/shop\/lador-root-re-boot-activating-shampoo-cica-tea-tree-300ml\/#breadcrumb","itemListElement":[{"@type":"ListItem","position":1,"name":"Home","item":"https:\/\/www.facecorner.lv\/"},{"@type":"ListItem","position":2,"name":"Veikals","item":"https:\/\/www.facecorner.lv\/shop\/"},{"@type":"ListItem","position":3,"name":"Lador Root Re-Boot Activating Shampoo Cica &#038; Tea Tree 300ml"}]},{"@type":"WebSite","@id":"https:\/\/www.facecorner.lv\/#website","url":"https:\/\/www.facecorner.lv\/","name":"Facecorner","description":"","publisher":{"@id":"https:\/\/www.facecorner.lv\/#organization"},"potentialAction":[{"@type":"SearchAction","target":{"@type":"EntryPoint","urlTemplate":"https:\/\/www.facecorner.lv\/?s={search_term_string}"},"query-input":{"@type":"PropertyValueSpecification","valueRequired":true,"valueName":"search_term_string"}}],"inLanguage":"lv-LV"},{"@type":"Organization","@id":"https:\/\/www.facecorner.lv\/#organization","name":"Facecorner","url":"https:\/\/www.facecorner.lv\/","logo":{"@type":"ImageObject","inLanguage":"lv-LV","@id":"https:\/\/www.facecorner.lv\/#\/schema\/logo\/image\/","url":"https:\/\/www.facecorner.lv\/wp-content\/uploads\/2024\/04\/fc-logo.jpg","contentUrl":"https:\/\/www.facecorner.lv\/wp-content\/uploads\/2024\/04\/fc-logo.jpg","width":174,"height":28,"caption":"Facecorner"},"image":{"@id":"https:\/\/www.facecorner.lv\/#\/schema\/logo\/image\/"},"sameAs":["https:\/\/www.facebook.com\/profile.php?id=100063824551839","https:\/\/www.instagram.com\/facecorner_shop\/"]}]},"product_price_amount":"19.99","product_price_currency":"EUR","og_availability":"out of stock","product_availability":"out of stock","product_condition":"new"},"_links":{"self":[{"href":"https:\/\/www.facecorner.lv\/lv\/wp-json\/wp\/v2\/product\/18818","targetHints":{"allow":["GET"]}}],"collection":[{"href":"https:\/\/www.facecorner.lv\/lv\/wp-json\/wp\/v2\/product"}],"about":[{"href":"https:\/\/www.facecorner.lv\/lv\/wp-json\/wp\/v2\/types\/product"}],"replies":[{"embeddable":true,"href":"https:\/\/www.facecorner.lv\/lv\/wp-json\/wp\/v2\/comments?post=18818"}],"wp:featuredmedia":[{"embeddable":true,"href":"https:\/\/www.facecorner.lv\/lv\/wp-json\/wp\/v2\/media\/18820"}],"wp:attachment":[{"href":"https:\/\/www.facecorner.lv\/lv\/wp-json\/wp\/v2\/media?parent=18818"}],"wp:term":[{"taxonomy":"product_brand","embeddable":true,"href":"https:\/\/www.facecorner.lv\/lv\/wp-json\/wp\/v2\/product_brand?post=18818"},{"taxonomy":"product_cat","embeddable":true,"href":"https:\/\/www.facecorner.lv\/lv\/wp-json\/wp\/v2\/product_cat?post=18818"},{"taxonomy":"product_tag","embeddable":true,"href":"https:\/\/www.facecorner.lv\/lv\/wp-json\/wp\/v2\/product_tag?post=18818"},{"taxonomy":"berocket_brand","embeddable":true,"href":"https:\/\/www.facecorner.lv\/lv\/wp-json\/wp\/v2\/berocket_brand?post=18818"}],"curies":[{"name":"wp","href":"https:\/\/api.w.org\/{rel}","templated":true}]}}