{"id":18808,"date":"2024-06-28T11:03:38","date_gmt":"2024-06-28T09:03:38","guid":{"rendered":"https:\/\/www.facecorner.lv\/?post_type=product&#038;p=18808"},"modified":"2025-07-11T15:52:33","modified_gmt":"2025-07-11T12:52:33","slug":"lador-root-re-boot-vitalizing-shampoo-propolis-citron-300ml","status":"publish","type":"product","link":"https:\/\/www.facecorner.lv\/lv\/shop\/lador-root-re-boot-vitalizing-shampoo-propolis-citron-300ml\/","title":{"rendered":"Lador Root Re-Boot Vitalizing Shampoo Propolis &#038; Citron 300ml"},"content":{"rendered":"<p>Lador Root Re-Boot Vitalizing Shampoo Propolis &amp; Citron maigi nomazg\u0101 net\u012brumus, lieko sebumu un keratiniz\u0113t\u0101s da\u013ci\u0146as, vienlaikus atsvaidzinot un pat\u012bkami atv\u0113sinot mazg\u0101\u0161anas laik\u0101. Ide\u0101li piem\u0113rots sausai galvas \u0101dai.<\/p>\n<p>Tas mitrina un baro, nov\u0113r\u0161 sausuma izrais\u012btu blaugznu veido\u0161anos. Veicina matu aug\u0161anu, mazina matu izkri\u0161anas simptomus, stiprina matus, padara tos stiprus un sp\u012bd\u012bgus. Veido mitruma barjeru uz matu virsmas, nov\u0113r\u0161ot sausumu un l\u016b\u0161anu.<\/p>\n<p>Lador Root Re-Boot Vitalizing Shampoo Propolis &amp; Citron pie\u0161\u0137ir pat\u012bkamu citrusaug\u013cu arom\u0101tu: virsnotis &#8211; greipfr\u016bta, citrona, apels\u012bna, laima, upe\u0146u lapas; sirds notis &#8211; za\u013c\u0101s un \u016bdens notis; b\u0101zes notis &#8211; muskusa, dzintara.<\/p>\n<p><strong>Galven\u0101s akt\u012bv\u0101s sast\u0101vda\u013cas:<\/strong><\/p>\n<ul>\n<li>Propolisa, medus un bi\u0161u m\u0101\u0161u peru pieni\u0146a ekstrakti intens\u012bvi baro galvas \u0101du, iedarbojas pretiekaisuma un antibakteri\u0101li, atjauno mitruma tr\u016bkumu un nov\u0113r\u0161 t\u0101 iztvaiko\u0161anu.<\/li>\n<li>Yuzu ekstrakts stimul\u0113 \u0161\u016bnu atjauno\u0161anos, m\u012bkstina \u0101du, pal\u0113nina noveco\u0161an\u0101s procesus un nodro\u0161ina antioksidantu aizsardz\u012bbu.<\/li>\n<li>Pantenols (vitam\u012bns B5) stimul\u0113 intens\u012bvu matu folikulu aug\u0161anu un atmodin\u0101\u0161anu, nov\u0113r\u0161 matu izkri\u0161anu, mitrina un uztur optim\u0101lu mitrin\u0101\u0161anas l\u012bmeni.<\/li>\n<li>Salicilsk\u0101be BHA att\u012bra galvas \u0101du, no\u0146em sebumu un atmiru\u0161\u0101s da\u013ci\u0146as, atsvaidzina, mazina kairin\u0101jumu un niezi.<\/li>\n<li>Iesala ekstrakts satur labv\u0113l\u012bgas miner\u0101lvielas un B grupas vitam\u012bnus. Nov\u0113r\u0161 matu izkri\u0161anu, stimul\u0113 matu folikulu darb\u012bbu.<\/li>\n<li>Askorb\u012bnsk\u0101be &#8211; C vitam\u012bna forma, kam piem\u012bt sp\u0113c\u012bga antioksidanta iedarb\u012bba un kas stimul\u0113 vesel\u012bgu matu aug\u0161anu, maigi no\u0146em net\u012brumus.<\/li>\n<li>Niacinam\u012bds (vitam\u012bns B3) baro matu folikulus, nomierina iekaisu\u0161o galvas \u0101du un veicina akt\u012bvu aug\u0161anu. Uzlabo mikrocirkul\u0101ciju, atmodina miega s\u012bpolus, padara matus bl\u012bv\u0101kus un tvirt\u0101kus.<\/li>\n<\/ul>\n<p><strong>Piem\u0113rots norm\u0101lai un sausai galvas \u0101dai.<\/strong><\/p>\n<p><strong>Lieto\u0161ana:<\/strong> uzkl\u0101jiet \u0161amp\u016bnu uz mitras galvas \u0101das, ar mas\u0113jo\u0161\u0101m kust\u012bb\u0101m izklied\u0113jiet un noskalojiet ar \u016bdeni.<\/p>\n<p><strong>S\u0101stavs:\u00a0<\/strong>Water, Ammonium Laureth Sulfate, Ammonium Lauryl Sulfate, Sodium Lauryl Methylaminopropionate, Cocamidopropyl Betaine, Alcohol, Cetyl Alcohol, Menthol, Cocamide MEA, Phenoxyethanol, Sodium Benzoate, Guar Hydroxypropyltrimonium Chloride, Lauryl Alcohol, Salicylic Acid, Citric Acid, Panthenol, Ammonium Sulfate, Sodium Chloride, Malt Extract, Trihydroxystearin, Niacinamide, Polyquaternium-7,<br \/>\nDisodium EDTA, Cl 19140, Myristyl Alcohol, Disodium Cocoyl Glutamate, Stearyl Alcohol, Ascorbic Acid, Glycerin, Butylene Glycol, 1,2-Hexanediol, Royal Jelly Extract, Terminalia Ferdinandiana Fruit Extract, Propolis Extract, Honey Extract, Citrus Junos Fruit Extract, Fragrance, Limonene, Linalool, Benzyl Benzoate<\/p>\n","protected":false},"excerpt":{"rendered":"<p>Lador Root Re-Boot Vitalizing Shampoo Propolis &amp; Citron maigi nomazg\u0101 net\u012brumus, lieko sebumu un keratiniz\u0113tas \u0101das da\u013ci\u0146as, vienlaikus atsvaidzinot un pat\u012bkami atv\u0113sinot mazg\u0101\u0161anas laik\u0101. Mitrina un baro galvas \u0101du, nov\u0113r\u0161 sausuma izrais\u012btas blaugznas. Stiprina matus, padara tos stiprus un sp\u012bd\u012bgus. Satur propolisa, medus, bi\u0161u m\u0101\u0161u peru pieni\u0146a un juzu ekstraktu, k\u0101 ar\u012b pantenolu, BHA-sk\u0101bi, iesala ekstraktu un C vitam\u012bnu. Tam ir citrusaug\u013cu arom\u0101ts.<\/p>\n","protected":false},"featured_media":18809,"comment_status":"open","ping_status":"closed","template":"","meta":{"site-sidebar-layout":"default","site-content-layout":"","ast-site-content-layout":"","site-content-style":"default","site-sidebar-style":"default","ast-global-header-display":"","ast-banner-title-visibility":"","ast-main-header-display":"","ast-hfb-above-header-display":"","ast-hfb-below-header-display":"","ast-hfb-mobile-header-display":"","site-post-title":"","ast-breadcrumbs-content":"","ast-featured-img":"","footer-sml-layout":"","theme-transparent-header-meta":"","adv-header-id-meta":"","stick-header-meta":"","header-above-stick-meta":"","header-main-stick-meta":"","header-below-stick-meta":"","astra-migrate-meta-layouts":"default","ast-page-background-enabled":"default","ast-page-background-meta":{"desktop":{"background-color":"var(--ast-global-color-4)","background-image":"","background-repeat":"repeat","background-position":"center center","background-size":"auto","background-attachment":"scroll","background-type":"","background-media":"","overlay-type":"","overlay-color":"","overlay-opacity":"","overlay-gradient":""},"tablet":{"background-color":"","background-image":"","background-repeat":"repeat","background-position":"center center","background-size":"auto","background-attachment":"scroll","background-type":"","background-media":"","overlay-type":"","overlay-color":"","overlay-opacity":"","overlay-gradient":""},"mobile":{"background-color":"","background-image":"","background-repeat":"repeat","background-position":"center center","background-size":"auto","background-attachment":"scroll","background-type":"","background-media":"","overlay-type":"","overlay-color":"","overlay-opacity":"","overlay-gradient":""}},"ast-content-background-meta":{"desktop":{"background-color":"var(--ast-global-color-5)","background-image":"","background-repeat":"repeat","background-position":"center center","background-size":"auto","background-attachment":"scroll","background-type":"","background-media":"","overlay-type":"","overlay-color":"","overlay-opacity":"","overlay-gradient":""},"tablet":{"background-color":"var(--ast-global-color-5)","background-image":"","background-repeat":"repeat","background-position":"center center","background-size":"auto","background-attachment":"scroll","background-type":"","background-media":"","overlay-type":"","overlay-color":"","overlay-opacity":"","overlay-gradient":""},"mobile":{"background-color":"var(--ast-global-color-5)","background-image":"","background-repeat":"repeat","background-position":"center center","background-size":"auto","background-attachment":"scroll","background-type":"","background-media":"","overlay-type":"","overlay-color":"","overlay-opacity":"","overlay-gradient":""}}},"product_brand":[],"product_cat":[330,357],"product_tag":[],"berocket_brand":[594],"class_list":{"0":"post-18808","1":"product","2":"type-product","3":"status-publish","4":"has-post-thumbnail","6":"product_cat-matiem","7":"product_cat-sampuni","8":"berocket_brand-lador","9":"desktop-align-left","10":"tablet-align-left","11":"mobile-align-left","13":"first","14":"outofstock","15":"taxable","16":"shipping-taxable","17":"purchasable","18":"product-type-simple","19":"add-to-wishlist-before_image"},"yoast_head":"<!-- This site is optimized with the Yoast SEO plugin v27.4 - https:\/\/yoast.com\/product\/yoast-seo-wordpress\/ -->\n<title>Lador Root Re-Boot Vitalizing Shampoo Propolis &amp; Citron 300ml - FACECORNER<\/title>\n<meta name=\"description\" content=\"Lador Root Re-Boot Vitalizing Shampoo Propolis &amp; Citron maigi nomazg\u0101 net\u012brumus, lieko sebumu un keratiniz\u0113tas \u0101das da\u013ci\u0146as.\" \/>\n<meta name=\"robots\" content=\"index, follow, max-snippet:-1, max-image-preview:large, max-video-preview:-1\" \/>\n<link rel=\"canonical\" href=\"https:\/\/www.facecorner.lv\/lv\/shop\/lador-root-re-boot-vitalizing-shampoo-propolis-citron-300ml\/\" \/>\n<meta property=\"og:locale\" content=\"lv_LV\" \/>\n<meta property=\"og:type\" content=\"article\" \/>\n<meta property=\"og:title\" content=\"Lador Root Re-Boot Vitalizing Shampoo Propolis &amp; Citron 300ml - FACECORNER\" \/>\n<meta property=\"og:description\" content=\"Lador Root Re-Boot Vitalizing Shampoo Propolis &amp; Citron maigi nomazg\u0101 net\u012brumus, lieko sebumu un keratiniz\u0113tas \u0101das da\u013ci\u0146as.\" \/>\n<meta property=\"og:url\" content=\"https:\/\/www.facecorner.lv\/lv\/shop\/lador-root-re-boot-vitalizing-shampoo-propolis-citron-300ml\/\" \/>\n<meta property=\"og:site_name\" content=\"FACECORNER\" \/>\n<meta property=\"article:publisher\" content=\"https:\/\/www.facebook.com\/profile.php?id=100063824551839\" \/>\n<meta property=\"article:modified_time\" content=\"2025-07-11T12:52:33+00:00\" \/>\n<meta property=\"og:image\" content=\"https:\/\/www.facecorner.lv\/wp-content\/uploads\/2024\/06\/shampun-dlya-sukhoj-kozhi-lador-root-re-boot-vitalizing-shampoo-propolis-800x800-1.jpg\" \/>\n\t<meta property=\"og:image:width\" content=\"800\" \/>\n\t<meta property=\"og:image:height\" content=\"800\" \/>\n\t<meta property=\"og:image:type\" content=\"image\/jpeg\" \/>\n<meta name=\"twitter:card\" content=\"summary_large_image\" \/>\n<meta name=\"twitter:label1\" content=\"Price\" \/>\n\t<meta name=\"twitter:data1\" content=\"&euro;19.99\" \/>\n\t<meta name=\"twitter:label2\" content=\"Availability\" \/>\n\t<meta name=\"twitter:data2\" content=\"Out of stock\" \/>\n<script type=\"application\/ld+json\" class=\"yoast-schema-graph\">{\"@context\":\"https:\\\/\\\/schema.org\",\"@graph\":[{\"@type\":\"WebPage\",\"@id\":\"https:\\\/\\\/www.facecorner.lv\\\/shop\\\/lador-root-re-boot-vitalizing-shampoo-propolis-citron-300ml\\\/\",\"url\":\"https:\\\/\\\/www.facecorner.lv\\\/shop\\\/lador-root-re-boot-vitalizing-shampoo-propolis-citron-300ml\\\/\",\"name\":\"Lador Root Re-Boot Vitalizing Shampoo Propolis & Citron 300ml - FACECORNER\",\"isPartOf\":{\"@id\":\"https:\\\/\\\/www.facecorner.lv\\\/#website\"},\"primaryImageOfPage\":{\"@id\":\"https:\\\/\\\/www.facecorner.lv\\\/shop\\\/lador-root-re-boot-vitalizing-shampoo-propolis-citron-300ml\\\/#primaryimage\"},\"image\":{\"@id\":\"https:\\\/\\\/www.facecorner.lv\\\/shop\\\/lador-root-re-boot-vitalizing-shampoo-propolis-citron-300ml\\\/#primaryimage\"},\"thumbnailUrl\":\"https:\\\/\\\/www.facecorner.lv\\\/wp-content\\\/uploads\\\/2024\\\/06\\\/shampun-dlya-sukhoj-kozhi-lador-root-re-boot-vitalizing-shampoo-propolis-800x800-1.jpg\",\"datePublished\":\"2024-06-28T09:03:38+00:00\",\"dateModified\":\"2025-07-11T12:52:33+00:00\",\"description\":\"Lador Root Re-Boot Vitalizing Shampoo Propolis & Citron maigi nomazg\u0101 net\u012brumus, lieko sebumu un keratiniz\u0113tas \u0101das da\u013ci\u0146as.\",\"breadcrumb\":{\"@id\":\"https:\\\/\\\/www.facecorner.lv\\\/shop\\\/lador-root-re-boot-vitalizing-shampoo-propolis-citron-300ml\\\/#breadcrumb\"},\"inLanguage\":\"lv-LV\",\"potentialAction\":[{\"@type\":\"ReadAction\",\"target\":[\"https:\\\/\\\/www.facecorner.lv\\\/shop\\\/lador-root-re-boot-vitalizing-shampoo-propolis-citron-300ml\\\/\"]}]},{\"@type\":\"ImageObject\",\"inLanguage\":\"lv-LV\",\"@id\":\"https:\\\/\\\/www.facecorner.lv\\\/shop\\\/lador-root-re-boot-vitalizing-shampoo-propolis-citron-300ml\\\/#primaryimage\",\"url\":\"https:\\\/\\\/www.facecorner.lv\\\/wp-content\\\/uploads\\\/2024\\\/06\\\/shampun-dlya-sukhoj-kozhi-lador-root-re-boot-vitalizing-shampoo-propolis-800x800-1.jpg\",\"contentUrl\":\"https:\\\/\\\/www.facecorner.lv\\\/wp-content\\\/uploads\\\/2024\\\/06\\\/shampun-dlya-sukhoj-kozhi-lador-root-re-boot-vitalizing-shampoo-propolis-800x800-1.jpg\",\"width\":800,\"height\":800,\"caption\":\"Lador Root Re-Boot Vitalizing Shampoo Propolis & Citron\"},{\"@type\":\"BreadcrumbList\",\"@id\":\"https:\\\/\\\/www.facecorner.lv\\\/shop\\\/lador-root-re-boot-vitalizing-shampoo-propolis-citron-300ml\\\/#breadcrumb\",\"itemListElement\":[{\"@type\":\"ListItem\",\"position\":1,\"name\":\"Home\",\"item\":\"https:\\\/\\\/www.facecorner.lv\\\/\"},{\"@type\":\"ListItem\",\"position\":2,\"name\":\"Veikals\",\"item\":\"https:\\\/\\\/www.facecorner.lv\\\/shop\\\/\"},{\"@type\":\"ListItem\",\"position\":3,\"name\":\"Lador Root Re-Boot Vitalizing Shampoo Propolis &#038; Citron 300ml\"}]},{\"@type\":\"WebSite\",\"@id\":\"https:\\\/\\\/www.facecorner.lv\\\/#website\",\"url\":\"https:\\\/\\\/www.facecorner.lv\\\/\",\"name\":\"Facecorner\",\"description\":\"\",\"publisher\":{\"@id\":\"https:\\\/\\\/www.facecorner.lv\\\/#organization\"},\"potentialAction\":[{\"@type\":\"SearchAction\",\"target\":{\"@type\":\"EntryPoint\",\"urlTemplate\":\"https:\\\/\\\/www.facecorner.lv\\\/?s={search_term_string}\"},\"query-input\":{\"@type\":\"PropertyValueSpecification\",\"valueRequired\":true,\"valueName\":\"search_term_string\"}}],\"inLanguage\":\"lv-LV\"},{\"@type\":\"Organization\",\"@id\":\"https:\\\/\\\/www.facecorner.lv\\\/#organization\",\"name\":\"Facecorner\",\"url\":\"https:\\\/\\\/www.facecorner.lv\\\/\",\"logo\":{\"@type\":\"ImageObject\",\"inLanguage\":\"lv-LV\",\"@id\":\"https:\\\/\\\/www.facecorner.lv\\\/#\\\/schema\\\/logo\\\/image\\\/\",\"url\":\"https:\\\/\\\/www.facecorner.lv\\\/wp-content\\\/uploads\\\/2024\\\/04\\\/fc-logo.jpg\",\"contentUrl\":\"https:\\\/\\\/www.facecorner.lv\\\/wp-content\\\/uploads\\\/2024\\\/04\\\/fc-logo.jpg\",\"width\":174,\"height\":28,\"caption\":\"Facecorner\"},\"image\":{\"@id\":\"https:\\\/\\\/www.facecorner.lv\\\/#\\\/schema\\\/logo\\\/image\\\/\"},\"sameAs\":[\"https:\\\/\\\/www.facebook.com\\\/profile.php?id=100063824551839\",\"https:\\\/\\\/www.instagram.com\\\/facecorner_shop\\\/\"]}]}<\/script>\n<meta property=\"product:price:amount\" content=\"19.99\" \/>\n<meta property=\"product:price:currency\" content=\"EUR\" \/>\n<meta property=\"og:availability\" content=\"out of stock\" \/>\n<meta property=\"product:availability\" content=\"out of stock\" \/>\n<meta property=\"product:condition\" content=\"new\" \/>\n<!-- \/ Yoast SEO plugin. -->","yoast_head_json":{"title":"Lador Root Re-Boot Vitalizing Shampoo Propolis & Citron 300ml - FACECORNER","description":"Lador Root Re-Boot Vitalizing Shampoo Propolis & Citron maigi nomazg\u0101 net\u012brumus, lieko sebumu un keratiniz\u0113tas \u0101das da\u013ci\u0146as.","robots":{"index":"index","follow":"follow","max-snippet":"max-snippet:-1","max-image-preview":"max-image-preview:large","max-video-preview":"max-video-preview:-1"},"canonical":"https:\/\/www.facecorner.lv\/lv\/shop\/lador-root-re-boot-vitalizing-shampoo-propolis-citron-300ml\/","og_locale":"lv_LV","og_type":"article","og_title":"Lador Root Re-Boot Vitalizing Shampoo Propolis & Citron 300ml - FACECORNER","og_description":"Lador Root Re-Boot Vitalizing Shampoo Propolis & Citron maigi nomazg\u0101 net\u012brumus, lieko sebumu un keratiniz\u0113tas \u0101das da\u013ci\u0146as.","og_url":"https:\/\/www.facecorner.lv\/lv\/shop\/lador-root-re-boot-vitalizing-shampoo-propolis-citron-300ml\/","og_site_name":"FACECORNER","article_publisher":"https:\/\/www.facebook.com\/profile.php?id=100063824551839","article_modified_time":"2025-07-11T12:52:33+00:00","og_image":[{"width":800,"height":800,"url":"https:\/\/www.facecorner.lv\/wp-content\/uploads\/2024\/06\/shampun-dlya-sukhoj-kozhi-lador-root-re-boot-vitalizing-shampoo-propolis-800x800-1.jpg","type":"image\/jpeg"}],"twitter_card":"summary_large_image","twitter_misc":{"Price":"&euro;19.99","Availability":"Out of stock"},"schema":{"@context":"https:\/\/schema.org","@graph":[{"@type":"WebPage","@id":"https:\/\/www.facecorner.lv\/shop\/lador-root-re-boot-vitalizing-shampoo-propolis-citron-300ml\/","url":"https:\/\/www.facecorner.lv\/shop\/lador-root-re-boot-vitalizing-shampoo-propolis-citron-300ml\/","name":"Lador Root Re-Boot Vitalizing Shampoo Propolis & Citron 300ml - FACECORNER","isPartOf":{"@id":"https:\/\/www.facecorner.lv\/#website"},"primaryImageOfPage":{"@id":"https:\/\/www.facecorner.lv\/shop\/lador-root-re-boot-vitalizing-shampoo-propolis-citron-300ml\/#primaryimage"},"image":{"@id":"https:\/\/www.facecorner.lv\/shop\/lador-root-re-boot-vitalizing-shampoo-propolis-citron-300ml\/#primaryimage"},"thumbnailUrl":"https:\/\/www.facecorner.lv\/wp-content\/uploads\/2024\/06\/shampun-dlya-sukhoj-kozhi-lador-root-re-boot-vitalizing-shampoo-propolis-800x800-1.jpg","datePublished":"2024-06-28T09:03:38+00:00","dateModified":"2025-07-11T12:52:33+00:00","description":"Lador Root Re-Boot Vitalizing Shampoo Propolis & Citron maigi nomazg\u0101 net\u012brumus, lieko sebumu un keratiniz\u0113tas \u0101das da\u013ci\u0146as.","breadcrumb":{"@id":"https:\/\/www.facecorner.lv\/shop\/lador-root-re-boot-vitalizing-shampoo-propolis-citron-300ml\/#breadcrumb"},"inLanguage":"lv-LV","potentialAction":[{"@type":"ReadAction","target":["https:\/\/www.facecorner.lv\/shop\/lador-root-re-boot-vitalizing-shampoo-propolis-citron-300ml\/"]}]},{"@type":"ImageObject","inLanguage":"lv-LV","@id":"https:\/\/www.facecorner.lv\/shop\/lador-root-re-boot-vitalizing-shampoo-propolis-citron-300ml\/#primaryimage","url":"https:\/\/www.facecorner.lv\/wp-content\/uploads\/2024\/06\/shampun-dlya-sukhoj-kozhi-lador-root-re-boot-vitalizing-shampoo-propolis-800x800-1.jpg","contentUrl":"https:\/\/www.facecorner.lv\/wp-content\/uploads\/2024\/06\/shampun-dlya-sukhoj-kozhi-lador-root-re-boot-vitalizing-shampoo-propolis-800x800-1.jpg","width":800,"height":800,"caption":"Lador Root Re-Boot Vitalizing Shampoo Propolis & Citron"},{"@type":"BreadcrumbList","@id":"https:\/\/www.facecorner.lv\/shop\/lador-root-re-boot-vitalizing-shampoo-propolis-citron-300ml\/#breadcrumb","itemListElement":[{"@type":"ListItem","position":1,"name":"Home","item":"https:\/\/www.facecorner.lv\/"},{"@type":"ListItem","position":2,"name":"Veikals","item":"https:\/\/www.facecorner.lv\/shop\/"},{"@type":"ListItem","position":3,"name":"Lador Root Re-Boot Vitalizing Shampoo Propolis &#038; Citron 300ml"}]},{"@type":"WebSite","@id":"https:\/\/www.facecorner.lv\/#website","url":"https:\/\/www.facecorner.lv\/","name":"Facecorner","description":"","publisher":{"@id":"https:\/\/www.facecorner.lv\/#organization"},"potentialAction":[{"@type":"SearchAction","target":{"@type":"EntryPoint","urlTemplate":"https:\/\/www.facecorner.lv\/?s={search_term_string}"},"query-input":{"@type":"PropertyValueSpecification","valueRequired":true,"valueName":"search_term_string"}}],"inLanguage":"lv-LV"},{"@type":"Organization","@id":"https:\/\/www.facecorner.lv\/#organization","name":"Facecorner","url":"https:\/\/www.facecorner.lv\/","logo":{"@type":"ImageObject","inLanguage":"lv-LV","@id":"https:\/\/www.facecorner.lv\/#\/schema\/logo\/image\/","url":"https:\/\/www.facecorner.lv\/wp-content\/uploads\/2024\/04\/fc-logo.jpg","contentUrl":"https:\/\/www.facecorner.lv\/wp-content\/uploads\/2024\/04\/fc-logo.jpg","width":174,"height":28,"caption":"Facecorner"},"image":{"@id":"https:\/\/www.facecorner.lv\/#\/schema\/logo\/image\/"},"sameAs":["https:\/\/www.facebook.com\/profile.php?id=100063824551839","https:\/\/www.instagram.com\/facecorner_shop\/"]}]},"product_price_amount":"19.99","product_price_currency":"EUR","og_availability":"out of stock","product_availability":"out of stock","product_condition":"new"},"_links":{"self":[{"href":"https:\/\/www.facecorner.lv\/lv\/wp-json\/wp\/v2\/product\/18808","targetHints":{"allow":["GET"]}}],"collection":[{"href":"https:\/\/www.facecorner.lv\/lv\/wp-json\/wp\/v2\/product"}],"about":[{"href":"https:\/\/www.facecorner.lv\/lv\/wp-json\/wp\/v2\/types\/product"}],"replies":[{"embeddable":true,"href":"https:\/\/www.facecorner.lv\/lv\/wp-json\/wp\/v2\/comments?post=18808"}],"wp:featuredmedia":[{"embeddable":true,"href":"https:\/\/www.facecorner.lv\/lv\/wp-json\/wp\/v2\/media\/18809"}],"wp:attachment":[{"href":"https:\/\/www.facecorner.lv\/lv\/wp-json\/wp\/v2\/media?parent=18808"}],"wp:term":[{"taxonomy":"product_brand","embeddable":true,"href":"https:\/\/www.facecorner.lv\/lv\/wp-json\/wp\/v2\/product_brand?post=18808"},{"taxonomy":"product_cat","embeddable":true,"href":"https:\/\/www.facecorner.lv\/lv\/wp-json\/wp\/v2\/product_cat?post=18808"},{"taxonomy":"product_tag","embeddable":true,"href":"https:\/\/www.facecorner.lv\/lv\/wp-json\/wp\/v2\/product_tag?post=18808"},{"taxonomy":"berocket_brand","embeddable":true,"href":"https:\/\/www.facecorner.lv\/lv\/wp-json\/wp\/v2\/berocket_brand?post=18808"}],"curies":[{"name":"wp","href":"https:\/\/api.w.org\/{rel}","templated":true}]}}